{"id":30528,"date":"2024-07-06T09:15:57","date_gmt":"2024-07-06T06:15:57","guid":{"rendered":"https:\/\/erformance.eu\/privatuma-politika\/"},"modified":"2025-12-01T01:46:39","modified_gmt":"2025-11-30T22:46:39","slug":"privatuma-politika","status":"publish","type":"page","link":"https:\/\/erformance.eu\/lv\/privatuma-politika\/","title":{"rendered":"Priv\u0101tuma politika"},"content":{"rendered":"\t\t<div data-elementor-type=\"wp-page\" data-elementor-id=\"30528\" class=\"elementor elementor-30528 elementor-3\">\n\t\t\t\t<div class=\"wd-negative-gap elementor-element elementor-element-9247093 e-flex e-con-boxed e-con e-parent\" data-id=\"9247093\" data-element_type=\"container\" data-e-type=\"container\">\n\t\t\t\t\t<div class=\"e-con-inner\">\n\t\t<div class=\"elementor-element elementor-element-2085c9d e-con-full e-flex e-con e-child\" data-id=\"2085c9d\" data-element_type=\"container\" data-e-type=\"container\">\n\t\t\t\t<div class=\"elementor-element elementor-element-e1d56aa wd-el-breadcrumbs text-left elementor-widget elementor-widget-wd_wc_breadcrumb\" data-id=\"e1d56aa\" data-element_type=\"widget\" data-e-type=\"widget\" data-widget_type=\"wd_wc_breadcrumb.default\">\n\t\t\t\t<div class=\"elementor-widget-container\">\n\t\t\t\t\t<nav class=\"wd-breadcrumbs woocommerce-breadcrumb\" aria-label=\"Breadcrumb\">\t\t\t\t<span class=\"wd-last\">\n\t\t\t\t\tS\u0101kums\t\t\t\t<\/span>\n\t\t\t<\/nav>\t\t\t\t<\/div>\n\t\t\t\t<\/div>\n\t\t\t\t<div class=\"elementor-element elementor-element-6fadcf5 wd-width-100 elementor-widget elementor-widget-wd_title\" data-id=\"6fadcf5\" data-element_type=\"widget\" data-e-type=\"widget\" data-widget_type=\"wd_title.default\">\n\t\t\t\t<div class=\"elementor-widget-container\">\n\t\t\t\t\t\t\t<div class=\"title-wrapper wd-set-mb reset-last-child wd-title-color-default wd-title-style-bordered wd-title-size-default text-center\">\n\n\t\t\t\n\t\t\t<div class=\"liner-continer\">\n\t\t\t\t<h4 class=\"woodmart-title-container title wd-fontsize-l\">Priv\u0101tuma politika<\/h4> \n\t\t\t\t\t\t\t<\/div>\n\n\t\t\t\t\t<\/div>\n\t\t\t\t\t\t<\/div>\n\t\t\t\t<\/div>\n\t\t\t\t<\/div>\n\t\t\t\t\t<\/div>\n\t\t\t\t<\/div>\n\t\t<div class=\"wd-negative-gap elementor-element elementor-element-4dce91bf e-flex e-con-boxed e-con e-parent\" data-id=\"4dce91bf\" data-element_type=\"container\" data-e-type=\"container\">\n\t\t\t\t\t<div class=\"e-con-inner\">\n\t\t\t\t<div class=\"elementor-element elementor-element-16517192 color-scheme-inherit text-left elementor-widget elementor-widget-text-editor\" data-id=\"16517192\" data-element_type=\"widget\" data-e-type=\"widget\" data-widget_type=\"text-editor.default\">\n\t\t\t\t<div class=\"elementor-widget-container\">\n\t\t\t\t\t\t\t\t\t<p data-start=\"387\" data-end=\"684\">Vietn\u0113 <strong data-start=\"398\" data-end=\"415\">erformance.eu<\/strong> mums ir svar\u012bgi nodro\u0161in\u0101t j\u016bsu personas datu aizsardz\u012bbu un priv\u0101tumu. Apstr\u0101d\u0101jot datus, m\u0113s iev\u0113rojam p\u0101rredzam\u012bbas, likum\u012bbas un atbild\u012bbas principus, un visas darb\u012bbas atbilst Eiropas Savien\u012bbas Visp\u0101r\u012bg\u0101s datu aizsardz\u012bbas regulas (VDAR) un citu piem\u0113rojamo ties\u012bbu aktu noteikumiem. <\/p>\n<h2 data-start=\"686\" data-end=\"712\">Kas tas par dokumentu?<\/h2>\n<p data-start=\"714\" data-end=\"990\">\u0160aj\u0101 Priv\u0101tuma politik\u0101 ir aprakst\u012bts, k\u0101 m\u0113s apkopojam, izmantojam un aizsarg\u0101jam apmekl\u0113t\u0101ju un klientu personas datus, vi\u0146iem izmantojot t\u012bmek\u013ca vietni <strong data-start=\"840\" data-end=\"857\">erformance.eu<\/strong> (turpm\u0101k tekst\u0101 \u2014 T\u012bmek\u013ca vietne). P\u0101rl\u016bkojot m\u016bsu t\u012bmek\u013ca vietni un izmantojot pakalpojumus, j\u016bs piekr\u012btat \u0161aj\u0101 Politik\u0101 aprakst\u012btajiem noteikumiem. <\/p>\n<p data-start=\"992\" data-end=\"1067\">Ja nepiekr\u012btat \u0161iem noteikumiem, iesak\u0101m neizmantot T\u012bmek\u013ca vietni.<\/p>\n<h2 data-start=\"1069\" data-end=\"1086\">Kas m\u0113s esam?<\/h2>\n<p data-start=\"1088\" data-end=\"1175\">Datu p\u0101rzinis ir Eimantas Rimkus, kur\u0161 str\u0101d\u0101 ar individu\u0101lo re\u0123istr\u0101cijas numuru 1132111 un p\u0101rvalda t\u012bmek\u013ca vietni <strong data-start=\"1157\" data-end=\"1174\">erformance.eu<\/strong>.<\/p>\n<h2 data-start=\"1177\" data-end=\"1211\">M\u016bsu datu apstr\u0101des principi<\/h2>\n<p data-start=\"1213\" data-end=\"1268\">Apstr\u0101d\u0101jot j\u016bsu datus, m\u0113s vad\u0101mies p\u0113c \u0161\u0101diem principiem:<\/p>\n<ul data-start=\"1270\" data-end=\"1687\">\n<li data-start=\"1270\" data-end=\"1343\">\n<p data-start=\"1272\" data-end=\"1343\">Personas dati tiek apstr\u0101d\u0101ti tikai likum\u012bgiem un skaidri defin\u0113tiem m\u0113r\u0137iem.<\/p>\n<\/li>\n<li data-start=\"1344\" data-end=\"1385\">\n<p data-start=\"1346\" data-end=\"1385\">Dati tiek v\u0101kti tikai nepiecie\u0161amaj\u0101 apjom\u0101.<\/p>\n<\/li>\n<li data-start=\"1386\" data-end=\"1449\">\n<p data-start=\"1388\" data-end=\"1449\">M\u0113s nodro\u0161in\u0101m, ka dati ir prec\u012bzi un atjaunin\u0101ti.<\/p>\n<\/li>\n<li data-start=\"1450\" data-end=\"1550\">\n<p data-start=\"1452\" data-end=\"1550\">Ir veikti visi sapr\u0101t\u012bgie pas\u0101kumi, lai aizsarg\u0101tu datus no neat\u013cautas izmanto\u0161anas, nozaud\u0113\u0161anas vai piek\u013cuves.<\/p>\n<\/li>\n<li data-start=\"1551\" data-end=\"1620\">\n<p data-start=\"1553\" data-end=\"1620\">Personas dati tiek glab\u0101ti tikai tik ilgi, cik nepiecie\u0161ams apstr\u0101des m\u0113r\u0137u sasnieg\u0161anai.<\/p>\n<\/li>\n<li data-start=\"1621\" data-end=\"1687\">\n<p data-start=\"1623\" data-end=\"1687\">Inform\u0101cija netiek nodota tre\u0161aj\u0101m person\u0101m bez likum\u012bga pamata.<\/p>\n<\/li>\n<\/ul>\n<h2 data-start=\"1689\" data-end=\"1718\">K\u0101 m\u0113s apkopojam datus?<\/h2>\n<p data-start=\"1720\" data-end=\"1750\">M\u0113s apkopojam datus \u0161\u0101dos veidos:<\/p>\n<ul data-start=\"1752\" data-end=\"2035\">\n<li data-start=\"1752\" data-end=\"1839\">\n<p data-start=\"1754\" data-end=\"1839\">Kad j\u016bs pats sniedzat datus (piem\u0113ram, pas\u016btot preces vai sazinoties ar mums).<\/p>\n<\/li>\n<li data-start=\"1840\" data-end=\"1934\">\n<p data-start=\"1842\" data-end=\"1934\">Autom\u0101tiski, kad j\u016bs p\u0101rl\u016bkojat t\u012bmek\u013ca vietni (izmantojot s\u012bkfailus un citas izseko\u0161anas tehnolo\u0123ijas).<\/p>\n<\/li>\n<li data-start=\"1935\" data-end=\"2035\">\n<p data-start=\"1937\" data-end=\"2035\">No tre\u0161aj\u0101m person\u0101m, ja esat tam piekritis (piem\u0113ram, maks\u0101jumu pakalpojumu sniedz\u0113ji, soci\u0101lie t\u012bkli utt.).<\/p>\n<\/li>\n<\/ul>\n<h2 data-start=\"2037\" data-end=\"2074\">K\u0101dus datus m\u0113s apstr\u0101d\u0101jam un k\u0101p\u0113c?<\/h2>\n<p data-start=\"2076\" data-end=\"2140\">M\u0113s apstr\u0101d\u0101jam da\u017e\u0101du kategoriju personas datus \u0161\u0101diem m\u0113r\u0137iem:<\/p>\n<div>\n<div tabindex=\"-1\">\n<table data-start=\"2142\" data-end=\"2603\">\n<thead data-start=\"2142\" data-end=\"2169\">\n<tr data-start=\"2142\" data-end=\"2169\">\n<th data-start=\"2142\" data-end=\"2152\" data-col-size=\"sm\">M\u0113r\u0137is<\/th>\n<th data-start=\"2152\" data-end=\"2169\" data-col-size=\"md\">Datu veidi<\/th>\n<\/tr>\n<\/thead>\n<tbody data-start=\"2198\" data-end=\"2603\">\n<tr data-start=\"2198\" data-end=\"2293\">\n<td data-start=\"2198\" data-end=\"2235\" data-col-size=\"sm\">Pas\u016bt\u012bjumu izpilde un sazi\u0146a<\/td>\n<td data-start=\"2235\" data-end=\"2293\" data-col-size=\"md\">V\u0101rds, uzv\u0101rds, adrese, e-pasts, t\u0101lru\u0146a numurs<\/td>\n<\/tr>\n<tr data-start=\"2294\" data-end=\"2361\">\n<td data-start=\"2294\" data-end=\"2315\" data-col-size=\"sm\">Pre\u010du pieg\u0101de<\/td>\n<td data-start=\"2315\" data-end=\"2361\" data-col-size=\"md\">V\u0101rds, uzv\u0101rds, adrese, t\u0101lru\u0146a numurs<\/td>\n<\/tr>\n<tr data-start=\"2362\" data-end=\"2452\">\n<td data-start=\"2362\" data-end=\"2397\" data-col-size=\"sm\">T\u012bmek\u013ca vietnes uzlabo\u0161ana un anal\u012btika<\/td>\n<td data-start=\"2397\" data-end=\"2452\" data-col-size=\"md\">IP adrese, p\u0101rl\u016bko\u0161anas v\u0113sture, ier\u012bces inform\u0101cija<\/td>\n<\/tr>\n<tr data-start=\"2453\" data-end=\"2530\">\n<td data-start=\"2453\" data-end=\"2476\" data-col-size=\"sm\">Tie\u0161ais m\u0101rketings<\/td>\n<td data-start=\"2476\" data-end=\"2530\" data-col-size=\"md\">E-pasta adrese, IP adrese (tikai ar piekri\u0161anu)<\/td>\n<\/tr>\n<tr data-start=\"2531\" data-end=\"2603\">\n<td data-start=\"2531\" data-end=\"2554\" data-col-size=\"sm\">Klientu apkalpo\u0161ana<\/td>\n<td data-start=\"2554\" data-end=\"2603\" data-col-size=\"md\">Sazi\u0146as v\u0113sture, kontaktinform\u0101cija<\/td>\n<\/tr>\n<\/tbody>\n<\/table>\n<div>\n<div> <\/div>\n<\/div>\n<\/div>\n<\/div>\n<p data-start=\"2605\" data-end=\"2813\"><strong data-start=\"2605\" data-end=\"2617\">Piez\u012bme.<\/strong> M\u0113s nepiepras\u0101m un neapstr\u0101d\u0101jam nek\u0101dus sensit\u012bvus datus (piem\u0113ram, inform\u0101ciju par vesel\u012bbu vai reli\u0123isko dz\u012bvi), ja vien j\u016bs tos nesniedzat p\u0113c savas iniciat\u012bvas \u2014 t\u0101d\u0101 gad\u012bjum\u0101 tiek uzskat\u012bts, ka esat piekritis to apstr\u0101dei.<\/p>\n<h2 data-start=\"2815\" data-end=\"2838\">Tie\u0161ais m\u0101rketings<\/h2>\n<p data-start=\"2840\" data-end=\"2990\">J\u016bsu kontaktinform\u0101cija var tikt izmantota informat\u012bvo bi\u013cetenu vai citas komerci\u0101las inform\u0101cijas nos\u016bt\u012b\u0161anai tikai tad, ja esat devis savu nep\u0101rprotamu piekri\u0161anu.<\/p>\n<p data-start=\"2992\" data-end=\"3041\">J\u016bs varat jebkur\u0101 laik\u0101 atteikties no jaunumu sa\u0146em\u0161anas:<\/p>\n<ul data-start=\"3043\" data-end=\"3144\">\n<li data-start=\"3043\" data-end=\"3099\">\n<p data-start=\"3045\" data-end=\"3099\">Noklik\u0161\u0137inot uz saites \u201catteikties no abon\u0113\u0161anas\u201d jaunumu v\u0113stules apak\u0161da\u013c\u0101;<\/p>\n<\/li>\n<li data-start=\"3100\" data-end=\"3144\">\n<p data-start=\"3102\" data-end=\"3144\">Rakstot mums uz e-pastu <a href=\"mailto:info@erformance.eu\">info@erformance.eu<\/a>. <\/p>\n<\/li>\n<\/ul>\n<p data-start=\"3146\" data-end=\"3220\">Piekri\u0161anas atsauk\u0161ana neietekm\u0113 iepriek\u0161\u0113j\u0101s datu izmanto\u0161anas likum\u012bbu.<\/p>\n<h2 data-start=\"3222\" data-end=\"3243\">S\u012bkdatnes<\/h2>\n<p data-start=\"3245\" data-end=\"3405\">M\u016bsu t\u012bmek\u013ca vietne izmanto s\u012bkfailus, lai nodro\u0161in\u0101tu netrauc\u0113tu darb\u012bbu un uzlabotu lietot\u0101ja pieredzi. S\u012bkfaili apkopo tehniskus datus, piem\u0113ram: <\/p>\n<ul data-start=\"3407\" data-end=\"3500\">\n<li data-start=\"3407\" data-end=\"3419\">\n<p data-start=\"3409\" data-end=\"3419\">IP adrese<\/p>\n<\/li>\n<li data-start=\"3420\" data-end=\"3437\">\n<p data-start=\"3422\" data-end=\"3437\">P\u0101rl\u016bkprogrammas veids<\/p>\n<\/li>\n<li data-start=\"3438\" data-end=\"3461\">\n<p data-start=\"3440\" data-end=\"3461\">Inform\u0101cija par ier\u012bci<\/p>\n<\/li>\n<li data-start=\"3462\" data-end=\"3500\">\n<p data-start=\"3464\" data-end=\"3500\">T\u012bmek\u013ca vietnes apmekl\u0113juma laiks un bie\u017eums<\/p>\n<\/li>\n<\/ul>\n<p data-start=\"3502\" data-end=\"3532\">M\u0113s izmantojam \u0161\u0101da veida s\u012bkfailus:<\/p>\n<ul data-start=\"3534\" data-end=\"3795\">\n<li data-start=\"3534\" data-end=\"3594\">\n<p data-start=\"3536\" data-end=\"3594\"><strong data-start=\"3536\" data-end=\"3549\">B\u016btiski <\/strong>\u2014 nodro\u0161ina vietnes pamatfunkcijas.<\/p>\n<\/li>\n<li data-start=\"3595\" data-end=\"3654\">\n<p data-start=\"3597\" data-end=\"3654\"><strong data-start=\"3597\" data-end=\"3611\">Funkcion\u0101ls <\/strong>\u2014 \u013cauj atcer\u0113ties lietot\u0101ja iestat\u012bjumus.<\/p>\n<\/li>\n<li data-start=\"3655\" data-end=\"3727\">\n<p data-start=\"3657\" data-end=\"3727\"><strong data-start=\"3657\" data-end=\"3672\">Anal\u012btiskie<\/strong> \u2014 pal\u012bdz mums saprast, k\u0101 lietot\u0101ji izmanto t\u012bmek\u013ca vietni.<\/p>\n<\/li>\n<li data-start=\"3728\" data-end=\"3795\">\n<p data-start=\"3730\" data-end=\"3795\"><strong data-start=\"3730\" data-end=\"3747\">M\u0101rketings<\/strong> \u2014 \u013cauj r\u0101d\u012bt personaliz\u0113tu saturu un rekl\u0101mas.<\/p>\n<\/li>\n<\/ul>\n<p data-start=\"3797\" data-end=\"3953\">S\u012bkfailu izmanto\u0161anu varat kontrol\u0113t savas p\u0101rl\u016bkprogrammas iestat\u012bjumos. Pla\u0161\u0101ka inform\u0101cija par s\u012bkfailiem: <a href=\"http:\/\/www.allaboutcookies.org\/\" target=\"_new\" rel=\"noopener\" data-start=\"3895\" data-end=\"3953\">www.allaboutcookies.org<\/a> <\/p>\n<h2 data-start=\"3955\" data-end=\"3992\">Kam m\u0113s varam p\u0101rs\u016bt\u012bt j\u016bsu datus?<\/h2>\n<p data-start=\"3994\" data-end=\"4028\">Datus dr\u012bkst p\u0101rs\u016bt\u012bt tikai:<\/p>\n<ul data-start=\"4030\" data-end=\"4260\">\n<li data-start=\"4030\" data-end=\"4110\">\n<p data-start=\"4032\" data-end=\"4110\">Tehnisko risin\u0101jumu (piem\u0113ram, mitin\u0101\u0161anas, e-pasta s\u016bt\u012b\u0161anas pakalpojumu) sniedz\u0113jiem.<\/p>\n<\/li>\n<li data-start=\"4111\" data-end=\"4148\">\n<p data-start=\"4113\" data-end=\"4148\">Lo\u0123istikas vai maks\u0101jumu partneriem.<\/p>\n<\/li>\n<li data-start=\"4149\" data-end=\"4201\">\n<p data-start=\"4151\" data-end=\"4201\">M\u0101rketinga partneriem (tikai ar j\u016bsu piekri\u0161anu).<\/p>\n<\/li>\n<li data-start=\"4202\" data-end=\"4260\">\n<p data-start=\"4204\" data-end=\"4260\">Valsts iest\u0101d\u0113m, ja to pieprasa likums.<\/p>\n<\/li>\n<\/ul>\n<p data-start=\"4262\" data-end=\"4342\">Visi m\u016bsu partneri ir ap\u0146\u0113mu\u0161ies iev\u0113rot stingras datu aizsardz\u012bbas pras\u012bbas.<\/p>\n<h2 data-start=\"4344\" data-end=\"4371\">Datu glab\u0101\u0161anas ilgums<\/h2>\n<p data-start=\"4373\" data-end=\"4418\">M\u0113s glab\u0101jam personas datus ne ilg\u0101k, k\u0101 nepiecie\u0161ams:<\/p>\n<ul data-start=\"4420\" data-end=\"4666\">\n<li data-start=\"4420\" data-end=\"4472\">\n<p data-start=\"4422\" data-end=\"4472\">Pas\u016bt\u012bjuma dati \u2013 5 gadi p\u0113c p\u0113d\u0113j\u0101 pirkuma.<\/p>\n<\/li>\n<li data-start=\"4473\" data-end=\"4548\">\n<p data-start=\"4475\" data-end=\"4548\">M\u0101rketinga dati \u2013 l\u012bdz piekri\u0161anas atsauk\u0161anai, bet ne ilg\u0101k k\u0101 5 gadus.<\/p>\n<\/li>\n<li data-start=\"4549\" data-end=\"4613\">\n<p data-start=\"4551\" data-end=\"4613\">S\u012bkfailu dati \u2013 saska\u0146\u0101 ar s\u012bkfailu tabul\u0101 nor\u0101d\u012btajiem noteikumiem.<\/p>\n<\/li>\n<li data-start=\"4614\" data-end=\"4666\">\n<p data-start=\"4616\" data-end=\"4666\">Sarakste \u2013 2 gadi kop\u0161 p\u0113d\u0113j\u0101s sazi\u0146as reizes.<\/p>\n<\/li>\n<\/ul>\n<h2 data-start=\"4668\" data-end=\"4697\">Kur tiek glab\u0101ti j\u016bsu dati?<\/h2>\n<p data-start=\"4699\" data-end=\"4909\">Dati tiek glab\u0101ti Eiropas Savien\u012bb\u0101 vai valst\u012bs, kas nodro\u0161ina atbilsto\u0161u datu aizsardz\u012bbas l\u012bmeni saska\u0146\u0101 ar ES Komisijas l\u0113mumu. Ja dati tiek p\u0101rs\u016bt\u012bti uz tre\u0161aj\u0101m valst\u012bm, tiek piem\u0113roti papildu dro\u0161\u012bbas pas\u0101kumi. <\/p>\n<h2 data-start=\"4911\" data-end=\"4925\">J\u016bsu ties\u012bbas<\/h2>\n<p data-start=\"4927\" data-end=\"4940\">Jums ir ties\u012bbas:<\/p>\n<ul data-start=\"4942\" data-end=\"5186\">\n<li data-start=\"4942\" data-end=\"4982\">\n<p data-start=\"4944\" data-end=\"4982\">Zin\u0101t, k\u0101dus datus par jums m\u0113s apstr\u0101d\u0101jam;<\/p>\n<\/li>\n<li data-start=\"4983\" data-end=\"5026\">\n<p data-start=\"4985\" data-end=\"5026\">Piepras\u012bt neprec\u012bzu datu labo\u0161anu;<\/p>\n<\/li>\n<li data-start=\"5027\" data-end=\"5083\">\n<p data-start=\"5029\" data-end=\"5083\">Piepras\u012bt datu dz\u0113\u0161anu (ties\u012bbas tikt aizmirstam);<\/p>\n<\/li>\n<li data-start=\"5084\" data-end=\"5126\">\n<p data-start=\"5086\" data-end=\"5126\">Ierobe\u017eot vai aptur\u0113t datu apstr\u0101di;<\/p>\n<\/li>\n<li data-start=\"5127\" data-end=\"5186\">\n<p data-start=\"5129\" data-end=\"5186\">Iesniegt s\u016bdz\u012bbu Valsts datu aizsardz\u012bbas inspekcijai.<\/p>\n<\/li>\n<\/ul>\n<p data-start=\"5188\" data-end=\"5277\">Lai \u012bstenotu savas ties\u012bbas, l\u016bdzu, sazinieties ar mums pa e-pastu: <a href=\"mailto:info@erformance.eu\">info@erformance.eu<\/a>. <\/p>\n<p><\/p>\t\t\t\t\t\t\t\t<\/div>\n\t\t\t\t<\/div>\n\t\t\t\t\t<\/div>\n\t\t\t\t<\/div>\n\t\t\t\t<\/div>\n\t\t","protected":false},"excerpt":{"rendered":"<p>Prad\u017eia Priv\u0101tuma politika Vietn\u0113 erformance.eu mums ir svar\u012bgi nodro\u0161in\u0101t j\u016bsu personas datu aizsardz\u012bbu un priv\u0101tumu. Apstr\u0101d\u0101jot datus, m\u0113s iev\u0113rojam p\u0101rredzam\u012bbas,<\/p>\n","protected":false},"author":1,"featured_media":0,"parent":0,"menu_order":0,"comment_status":"closed","ping_status":"closed","template":"","meta":{"footnotes":""},"class_list":["post-30528","page","type-page","status-publish","hentry"],"yoast_head":"<!-- This site is optimized with the Yoast SEO Premium plugin v25.2 (Yoast SEO v27.4) - https:\/\/yoast.com\/product\/yoast-seo-premium-wordpress\/ -->\n<title>Priv\u0101tuma politika - Erformance.eu<\/title>\n<meta name=\"robots\" content=\"index, follow, max-snippet:-1, max-image-preview:large, max-video-preview:-1\" \/>\n<link rel=\"canonical\" href=\"https:\/\/erformance.eu\/lv\/privatuma-politika\/\" \/>\n<meta property=\"og:locale\" content=\"lv_LV\" \/>\n<meta property=\"og:type\" content=\"article\" \/>\n<meta property=\"og:title\" content=\"Priv\u0101tuma politika\" \/>\n<meta property=\"og:description\" content=\"Prad\u017eia Priv\u0101tuma politika Vietn\u0113 erformance.eu mums ir svar\u012bgi nodro\u0161in\u0101t j\u016bsu personas datu aizsardz\u012bbu un priv\u0101tumu. Apstr\u0101d\u0101jot datus, m\u0113s iev\u0113rojam p\u0101rredzam\u012bbas,\" \/>\n<meta property=\"og:url\" content=\"https:\/\/erformance.eu\/lv\/privatuma-politika\/\" \/>\n<meta property=\"og:site_name\" content=\"Erformance.eu\" \/>\n<meta property=\"article:modified_time\" content=\"2025-11-30T22:46:39+00:00\" \/>\n<meta name=\"twitter:card\" content=\"summary_large_image\" \/>\n<meta name=\"twitter:label1\" content=\"Est. reading time\" \/>\n\t<meta name=\"twitter:data1\" content=\"5 min\u016btes\" \/>\n<script type=\"application\/ld+json\" class=\"yoast-schema-graph\">{\"@context\":\"https:\\\/\\\/schema.org\",\"@graph\":[{\"@type\":\"WebPage\",\"@id\":\"https:\\\/\\\/erformance.eu\\\/lv\\\/privatuma-politika\\\/\",\"url\":\"https:\\\/\\\/erformance.eu\\\/lv\\\/privatuma-politika\\\/\",\"name\":\"Priv\u0101tuma politika - Erformance.eu\",\"isPartOf\":{\"@id\":\"https:\\\/\\\/erformance.eu\\\/lv\\\/#website\"},\"datePublished\":\"2024-07-06T06:15:57+00:00\",\"dateModified\":\"2025-11-30T22:46:39+00:00\",\"breadcrumb\":{\"@id\":\"https:\\\/\\\/erformance.eu\\\/lv\\\/privatuma-politika\\\/#breadcrumb\"},\"inLanguage\":\"lv-LV\",\"potentialAction\":[{\"@type\":\"ReadAction\",\"target\":[\"https:\\\/\\\/erformance.eu\\\/lv\\\/privatuma-politika\\\/\"]}]},{\"@type\":\"BreadcrumbList\",\"@id\":\"https:\\\/\\\/erformance.eu\\\/lv\\\/privatuma-politika\\\/#breadcrumb\",\"itemListElement\":[{\"@type\":\"ListItem\",\"position\":1,\"name\":\"Home\",\"item\":\"https:\\\/\\\/erformance.eu\\\/lv\\\/\"},{\"@type\":\"ListItem\",\"position\":2,\"name\":\"Priv\u0101tuma politika\"}]},{\"@type\":\"WebSite\",\"@id\":\"https:\\\/\\\/erformance.eu\\\/lv\\\/#website\",\"url\":\"https:\\\/\\\/erformance.eu\\\/lv\\\/\",\"name\":\"Erformance.eu\",\"description\":\"Automobili\u0173 dali\u0173 parduotuv\u0117\",\"potentialAction\":[{\"@type\":\"SearchAction\",\"target\":{\"@type\":\"EntryPoint\",\"urlTemplate\":\"https:\\\/\\\/erformance.eu\\\/lv\\\/?s={search_term_string}\"},\"query-input\":{\"@type\":\"PropertyValueSpecification\",\"valueRequired\":true,\"valueName\":\"search_term_string\"}}],\"inLanguage\":\"lv-LV\"}]}<\/script>\n<!-- \/ Yoast SEO Premium plugin. -->","yoast_head_json":{"title":"Priv\u0101tuma politika - Erformance.eu","robots":{"index":"index","follow":"follow","max-snippet":"max-snippet:-1","max-image-preview":"max-image-preview:large","max-video-preview":"max-video-preview:-1"},"canonical":"https:\/\/erformance.eu\/lv\/privatuma-politika\/","og_locale":"lv_LV","og_type":"article","og_title":"Priv\u0101tuma politika","og_description":"Prad\u017eia Priv\u0101tuma politika Vietn\u0113 erformance.eu mums ir svar\u012bgi nodro\u0161in\u0101t j\u016bsu personas datu aizsardz\u012bbu un priv\u0101tumu. Apstr\u0101d\u0101jot datus, m\u0113s iev\u0113rojam p\u0101rredzam\u012bbas,","og_url":"https:\/\/erformance.eu\/lv\/privatuma-politika\/","og_site_name":"Erformance.eu","article_modified_time":"2025-11-30T22:46:39+00:00","twitter_card":"summary_large_image","twitter_misc":{"Est. reading time":"5 min\u016btes"},"schema":{"@context":"https:\/\/schema.org","@graph":[{"@type":"WebPage","@id":"https:\/\/erformance.eu\/lv\/privatuma-politika\/","url":"https:\/\/erformance.eu\/lv\/privatuma-politika\/","name":"Priv\u0101tuma politika - Erformance.eu","isPartOf":{"@id":"https:\/\/erformance.eu\/lv\/#website"},"datePublished":"2024-07-06T06:15:57+00:00","dateModified":"2025-11-30T22:46:39+00:00","breadcrumb":{"@id":"https:\/\/erformance.eu\/lv\/privatuma-politika\/#breadcrumb"},"inLanguage":"lv-LV","potentialAction":[{"@type":"ReadAction","target":["https:\/\/erformance.eu\/lv\/privatuma-politika\/"]}]},{"@type":"BreadcrumbList","@id":"https:\/\/erformance.eu\/lv\/privatuma-politika\/#breadcrumb","itemListElement":[{"@type":"ListItem","position":1,"name":"Home","item":"https:\/\/erformance.eu\/lv\/"},{"@type":"ListItem","position":2,"name":"Priv\u0101tuma politika"}]},{"@type":"WebSite","@id":"https:\/\/erformance.eu\/lv\/#website","url":"https:\/\/erformance.eu\/lv\/","name":"Erformance.eu","description":"Automobili\u0173 dali\u0173 parduotuv\u0117","potentialAction":[{"@type":"SearchAction","target":{"@type":"EntryPoint","urlTemplate":"https:\/\/erformance.eu\/lv\/?s={search_term_string}"},"query-input":{"@type":"PropertyValueSpecification","valueRequired":true,"valueName":"search_term_string"}}],"inLanguage":"lv-LV"}]}},"jetpack_sharing_enabled":true,"_links":{"self":[{"href":"https:\/\/erformance.eu\/lv\/wp-json\/wp\/v2\/pages\/30528","targetHints":{"allow":["GET"]}}],"collection":[{"href":"https:\/\/erformance.eu\/lv\/wp-json\/wp\/v2\/pages"}],"about":[{"href":"https:\/\/erformance.eu\/lv\/wp-json\/wp\/v2\/types\/page"}],"author":[{"embeddable":true,"href":"https:\/\/erformance.eu\/lv\/wp-json\/wp\/v2\/users\/1"}],"replies":[{"embeddable":true,"href":"https:\/\/erformance.eu\/lv\/wp-json\/wp\/v2\/comments?post=30528"}],"version-history":[{"count":1,"href":"https:\/\/erformance.eu\/lv\/wp-json\/wp\/v2\/pages\/30528\/revisions"}],"predecessor-version":[{"id":30529,"href":"https:\/\/erformance.eu\/lv\/wp-json\/wp\/v2\/pages\/30528\/revisions\/30529"}],"wp:attachment":[{"href":"https:\/\/erformance.eu\/lv\/wp-json\/wp\/v2\/media?parent=30528"}],"curies":[{"name":"wp","href":"https:\/\/api.w.org\/{rel}","templated":true}]}}