{"id":28572,"date":"2025-06-11T01:12:25","date_gmt":"2025-06-10T22:12:25","guid":{"rendered":"https:\/\/erformance.eu\/?post_type=product&#038;p=28572"},"modified":"2026-04-26T14:27:44","modified_gmt":"2026-04-26T11:27:44","slug":"bmw-6-begiu-svirtis-m-knobas-e-serijai","status":"publish","type":"product","link":"https:\/\/erformance.eu\/lv\/produkts\/bmw-6-begiu-svirtis-m-knobas-e-serijai\/","title":{"rendered":"BMW 6 b\u0117gi\u0173 svirtis M (knobas), E serijai"},"content":{"rendered":"<p class=\"ai-optimize-33 ai-optimize-introduction\"><strong>Prek\u0117s pavadinimas:<\/strong><\/p>\n<ul>\n<li class=\"ai-optimize-33 ai-optimize-introduction\">BMW 6 b\u0117gi\u0173 svirtis M (knobas).<\/li>\n<\/ul>\n<p class=\"ai-optimize-26\"><strong>Komplekt\u0105 sudaro:<\/strong><\/p>\n<ul>\n<li class=\"ai-optimize-25\">1 vnt. BMW 6 b\u0117gi\u0173 svirtis M, knobas.<\/li>\n<\/ul>\n<p class=\"ai-optimize-35\"><strong>Spalva:<\/strong><\/p>\n<ul>\n<li class=\"ai-optimize-35\">matin\u0117 juoda (matte black).<\/li>\n<\/ul>\n<p class=\"ai-optimize-36\"><strong>Savyb\u0117s:<\/strong><\/p>\n<ul>\n<li class=\"ai-optimize-29\">Knobas pagamintas i\u0161 auk\u0161tos kokyb\u0117s med\u017eiag\u0173.<\/li>\n<li class=\"ai-optimize-30\">Odos imitacija atitinkanti original\u0105.<\/li>\n<li class=\"ai-optimize-32\">Lengvas montavimas.<\/li>\n<li class=\"ai-optimize-28\">Tinka LCI ir PRE LCI modeliams.<\/li>\n<\/ul>\n<p class=\"ai-optimize-38\"><strong>Tinkamumas:<\/strong><\/p>\n<ul>\n<li class=\"ai-optimize-34\"><strong>BMW E36 3 serija,\u00a0<\/strong>1990-2001.<\/li>\n<li class=\"ai-optimize-35\"><strong>BMW E46 3 serija,<\/strong>\u00a01998-2006.<\/li>\n<li class=\"ai-optimize-36\"><strong>BMW E39 5 serija,<\/strong>\u00a01995-2004.<\/li>\n<li class=\"ai-optimize-37\"><strong>BMW E60 5 serija,<\/strong>\u00a02003-2007.<\/li>\n<li class=\"ai-optimize-38\"><strong>BMW E61 5 serija,\u00a0<\/strong>2004-2010.<\/li>\n<li class=\"ai-optimize-39\"><strong>BMW E63 6 serija,<\/strong>\u00a02004-2010.<\/li>\n<li class=\"ai-optimize-40\"><strong>BMW E64 6 serija,<\/strong>\u00a02004-2010.<\/li>\n<li class=\"ai-optimize-41\"><strong>BMW E38 7 serija,\u00a0<\/strong>1994-2001.<\/li>\n<li class=\"ai-optimize-42\"><strong>BMW E83 X3 serija,<\/strong>\u00a02003-2011.<\/li>\n<li class=\"ai-optimize-43\"><strong>BMW E53 X5 serija,<\/strong>\u00a02000-2007.<\/li>\n<li class=\"ai-optimize-44\"><b>BMW E81 E82 E87 E88 1 serija,\u00a0<\/b>2004-2012.<\/li>\n<li class=\"ai-optimize-30\"><strong>BMW E90 E91 E92 E93 3 serija<\/strong>, 2005-2013.<\/li>\n<\/ul>\n<p class=\"ai-optimize-41\">Atnaujinkite automobilio i\u0161vaizd\u0105 ir suteikite agresyv\u0173, bei modern\u0173 stili\u0173.<\/p>\n<p class=\"ai-optimize-42\">Erformance.eu elektronin\u0117je parduotuv\u0117je rasite \u012fvairi\u0173 preki\u0173 savo\u00a0<a href=\"https:\/\/erformance.eu\/produkto-kategorija\/bmw\/\">BMW<\/a>\u00a0automobiliui. Nuo smulkiausi\u0173 pried\u0173 iki tiuning dali\u0173 plataus pasirinkimo.<\/p>\n<p class=\"ai-optimize-29\">Prek\u0117s laikomos sand\u0117lyje Lietuvoje, tod\u0117l galime garantuoti greit\u0105 pristatymo laik\u0105 (1-2 darbo dienas).<\/p>\n","protected":false},"excerpt":{"rendered":"<p>Prek\u0117s pavadinimas: BMW 6 b\u0117gi\u0173 svirtis M (knobas). Komplekt\u0105 sudaro: 1 vnt. BMW 6 b\u0117gi\u0173 svirtis M, knobas. Spalva: matin\u0117<\/p>\n","protected":false},"featured_media":28573,"comment_status":"open","ping_status":"closed","template":"","meta":[],"product_brand":[],"product_cat":[122,44,55,49,45,61,50,53,42,59,58,46,139,2854,2830,2704,2708],"product_tag":[],"class_list":{"0":"post-28572","1":"product","2":"type-product","3":"status-publish","4":"has-post-thumbnail","6":"product_cat-1-serija","7":"product_cat-e36","8":"product_cat-e38","9":"product_cat-e39","10":"product_cat-e46","11":"product_cat-e53","12":"product_cat-e60-e61","13":"product_cat-e63-e64","14":"product_cat-e81-e82-e87-e88","15":"product_cat-e83","16":"product_cat-e84","17":"product_cat-e90-e91","18":"product_cat-e92-e93","19":"product_cat-e90-e91-salono-pavaru-svirtys","20":"product_cat-e81-e82-e87-e88-salono-pavaru-svirtys","21":"product_cat-e81-e82-e87-e88-salono-dalys","22":"product_cat-e90-e91-salono-dalys","24":"first","25":"instock","26":"shipping-taxable","27":"purchasable","28":"product-type-simple"},"yoast_head":"<!-- This site is optimized with the Yoast SEO Premium plugin v25.2 (Yoast SEO v27.4) - https:\/\/yoast.com\/product\/yoast-seo-premium-wordpress\/ -->\n<title>BMW 6 b\u0117gi\u0173 svirtis M (knobas), E serijai - Erformance.eu<\/title>\n<meta name=\"description\" content=\"BMW 6 b\u0117gi\u0173 svirtis su M \u017eenkliuku. Tinka E serijos BMW automobili\u0173 modeliams. Auk\u0161tos kokyb\u0117s b\u0117gi\u0173 svirtis. Atnaujinkite savo BMW ir suteikite modernumo.\" \/>\n<meta name=\"robots\" content=\"index, follow, max-snippet:-1, max-image-preview:large, max-video-preview:-1\" \/>\n<link rel=\"canonical\" href=\"https:\/\/erformance.eu\/lv\/produkts\/bmw-6-begiu-svirtis-m-knobas-e-serijai\/\" \/>\n<meta property=\"og:locale\" content=\"lv_LV\" \/>\n<meta property=\"og:type\" content=\"article\" \/>\n<meta property=\"og:title\" content=\"BMW 6 b\u0117gi\u0173 svirtis M (knobas), E serijai\" \/>\n<meta property=\"og:description\" content=\"BMW 6 b\u0117gi\u0173 svirtis su M \u017eenkliuku. Tinka E serijos BMW automobili\u0173 modeliams. Auk\u0161tos kokyb\u0117s b\u0117gi\u0173 svirtis. Atnaujinkite savo BMW ir suteikite modernumo.\" \/>\n<meta property=\"og:url\" content=\"https:\/\/erformance.eu\/lv\/produkts\/bmw-6-begiu-svirtis-m-knobas-e-serijai\/\" \/>\n<meta property=\"og:site_name\" content=\"Erformance.eu\" \/>\n<meta property=\"article:modified_time\" content=\"2026-04-26T11:27:44+00:00\" \/>\n<meta property=\"og:image\" content=\"https:\/\/erformance.eu\/wp-content\/uploads\/2025\/06\/bmw-6-begiu-m-svirtis-knobas-bumbulas-e-serijai-1.webp\" \/>\n\t<meta property=\"og:image:width\" content=\"1080\" \/>\n\t<meta property=\"og:image:height\" content=\"1080\" \/>\n\t<meta property=\"og:image:type\" content=\"image\/webp\" \/>\n<meta name=\"twitter:card\" content=\"summary_large_image\" \/>\n<meta name=\"twitter:label1\" content=\"Est. reading time\" \/>\n\t<meta name=\"twitter:data1\" content=\"2 min\u016btes\" \/>\n<script type=\"application\/ld+json\" class=\"yoast-schema-graph\">{\"@context\":\"https:\\\/\\\/schema.org\",\"@graph\":[{\"@type\":\"WebPage\",\"@id\":\"https:\\\/\\\/erformance.eu\\\/lv\\\/produkts\\\/bmw-6-begiu-svirtis-m-knobas-e-serijai\\\/\",\"url\":\"https:\\\/\\\/erformance.eu\\\/lv\\\/produkts\\\/bmw-6-begiu-svirtis-m-knobas-e-serijai\\\/\",\"name\":\"BMW 6 b\u0117gi\u0173 svirtis M (knobas), E serijai - Erformance.eu\",\"isPartOf\":{\"@id\":\"https:\\\/\\\/erformance.eu\\\/lv\\\/#website\"},\"primaryImageOfPage\":{\"@id\":\"https:\\\/\\\/erformance.eu\\\/lv\\\/produkts\\\/bmw-6-begiu-svirtis-m-knobas-e-serijai\\\/#primaryimage\"},\"image\":{\"@id\":\"https:\\\/\\\/erformance.eu\\\/lv\\\/produkts\\\/bmw-6-begiu-svirtis-m-knobas-e-serijai\\\/#primaryimage\"},\"thumbnailUrl\":\"https:\\\/\\\/erformance.eu\\\/wp-content\\\/uploads\\\/2025\\\/06\\\/bmw-6-begiu-m-svirtis-knobas-bumbulas-e-serijai-1.webp\",\"datePublished\":\"2025-06-10T22:12:25+00:00\",\"dateModified\":\"2026-04-26T11:27:44+00:00\",\"description\":\"BMW 6 b\u0117gi\u0173 svirtis su M \u017eenkliuku. Tinka E serijos BMW automobili\u0173 modeliams. Auk\u0161tos kokyb\u0117s b\u0117gi\u0173 svirtis. Atnaujinkite savo BMW ir suteikite modernumo.\",\"breadcrumb\":{\"@id\":\"https:\\\/\\\/erformance.eu\\\/lv\\\/produkts\\\/bmw-6-begiu-svirtis-m-knobas-e-serijai\\\/#breadcrumb\"},\"inLanguage\":\"lv-LV\",\"potentialAction\":[{\"@type\":\"ReadAction\",\"target\":[\"https:\\\/\\\/erformance.eu\\\/lv\\\/produkts\\\/bmw-6-begiu-svirtis-m-knobas-e-serijai\\\/\"]}]},{\"@type\":\"ImageObject\",\"inLanguage\":\"lv-LV\",\"@id\":\"https:\\\/\\\/erformance.eu\\\/lv\\\/produkts\\\/bmw-6-begiu-svirtis-m-knobas-e-serijai\\\/#primaryimage\",\"url\":\"https:\\\/\\\/erformance.eu\\\/wp-content\\\/uploads\\\/2025\\\/06\\\/bmw-6-begiu-m-svirtis-knobas-bumbulas-e-serijai-1.webp\",\"contentUrl\":\"https:\\\/\\\/erformance.eu\\\/wp-content\\\/uploads\\\/2025\\\/06\\\/bmw-6-begiu-m-svirtis-knobas-bumbulas-e-serijai-1.webp\",\"width\":1080,\"height\":1080,\"caption\":\"bmw 6 b\u0117gi\u0173 svirtis M knobas bumbulas i\u0161 priekio\"},{\"@type\":\"BreadcrumbList\",\"@id\":\"https:\\\/\\\/erformance.eu\\\/lv\\\/produkts\\\/bmw-6-begiu-svirtis-m-knobas-e-serijai\\\/#breadcrumb\",\"itemListElement\":[{\"@type\":\"ListItem\",\"position\":1,\"name\":\"Home\",\"item\":\"https:\\\/\\\/erformance.eu\\\/lv\\\/\"},{\"@type\":\"ListItem\",\"position\":2,\"name\":\"Veikals\",\"item\":\"https:\\\/\\\/erformance.eu\\\/lv\\\/veikals\\\/\"},{\"@type\":\"ListItem\",\"position\":3,\"name\":\"BMW 6 b\u0117gi\u0173 svirtis M (knobas), E serijai\"}]},{\"@type\":\"WebSite\",\"@id\":\"https:\\\/\\\/erformance.eu\\\/lv\\\/#website\",\"url\":\"https:\\\/\\\/erformance.eu\\\/lv\\\/\",\"name\":\"Erformance.eu\",\"description\":\"Automobili\u0173 dali\u0173 parduotuv\u0117\",\"potentialAction\":[{\"@type\":\"SearchAction\",\"target\":{\"@type\":\"EntryPoint\",\"urlTemplate\":\"https:\\\/\\\/erformance.eu\\\/lv\\\/?s={search_term_string}\"},\"query-input\":{\"@type\":\"PropertyValueSpecification\",\"valueRequired\":true,\"valueName\":\"search_term_string\"}}],\"inLanguage\":\"lv-LV\"}]}<\/script>\n<!-- \/ Yoast SEO Premium plugin. -->","yoast_head_json":{"title":"BMW 6 b\u0117gi\u0173 svirtis M (knobas), E serijai - Erformance.eu","description":"BMW 6 b\u0117gi\u0173 svirtis su M \u017eenkliuku. Tinka E serijos BMW automobili\u0173 modeliams. Auk\u0161tos kokyb\u0117s b\u0117gi\u0173 svirtis. Atnaujinkite savo BMW ir suteikite modernumo.","robots":{"index":"index","follow":"follow","max-snippet":"max-snippet:-1","max-image-preview":"max-image-preview:large","max-video-preview":"max-video-preview:-1"},"canonical":"https:\/\/erformance.eu\/lv\/produkts\/bmw-6-begiu-svirtis-m-knobas-e-serijai\/","og_locale":"lv_LV","og_type":"article","og_title":"BMW 6 b\u0117gi\u0173 svirtis M (knobas), E serijai","og_description":"BMW 6 b\u0117gi\u0173 svirtis su M \u017eenkliuku. Tinka E serijos BMW automobili\u0173 modeliams. Auk\u0161tos kokyb\u0117s b\u0117gi\u0173 svirtis. Atnaujinkite savo BMW ir suteikite modernumo.","og_url":"https:\/\/erformance.eu\/lv\/produkts\/bmw-6-begiu-svirtis-m-knobas-e-serijai\/","og_site_name":"Erformance.eu","article_modified_time":"2026-04-26T11:27:44+00:00","og_image":[{"width":1080,"height":1080,"url":"https:\/\/erformance.eu\/wp-content\/uploads\/2025\/06\/bmw-6-begiu-m-svirtis-knobas-bumbulas-e-serijai-1.webp","type":"image\/webp"}],"twitter_card":"summary_large_image","twitter_misc":{"Est. reading time":"2 min\u016btes"},"schema":{"@context":"https:\/\/schema.org","@graph":[{"@type":"WebPage","@id":"https:\/\/erformance.eu\/lv\/produkts\/bmw-6-begiu-svirtis-m-knobas-e-serijai\/","url":"https:\/\/erformance.eu\/lv\/produkts\/bmw-6-begiu-svirtis-m-knobas-e-serijai\/","name":"BMW 6 b\u0117gi\u0173 svirtis M (knobas), E serijai - Erformance.eu","isPartOf":{"@id":"https:\/\/erformance.eu\/lv\/#website"},"primaryImageOfPage":{"@id":"https:\/\/erformance.eu\/lv\/produkts\/bmw-6-begiu-svirtis-m-knobas-e-serijai\/#primaryimage"},"image":{"@id":"https:\/\/erformance.eu\/lv\/produkts\/bmw-6-begiu-svirtis-m-knobas-e-serijai\/#primaryimage"},"thumbnailUrl":"https:\/\/erformance.eu\/wp-content\/uploads\/2025\/06\/bmw-6-begiu-m-svirtis-knobas-bumbulas-e-serijai-1.webp","datePublished":"2025-06-10T22:12:25+00:00","dateModified":"2026-04-26T11:27:44+00:00","description":"BMW 6 b\u0117gi\u0173 svirtis su M \u017eenkliuku. Tinka E serijos BMW automobili\u0173 modeliams. Auk\u0161tos kokyb\u0117s b\u0117gi\u0173 svirtis. Atnaujinkite savo BMW ir suteikite modernumo.","breadcrumb":{"@id":"https:\/\/erformance.eu\/lv\/produkts\/bmw-6-begiu-svirtis-m-knobas-e-serijai\/#breadcrumb"},"inLanguage":"lv-LV","potentialAction":[{"@type":"ReadAction","target":["https:\/\/erformance.eu\/lv\/produkts\/bmw-6-begiu-svirtis-m-knobas-e-serijai\/"]}]},{"@type":"ImageObject","inLanguage":"lv-LV","@id":"https:\/\/erformance.eu\/lv\/produkts\/bmw-6-begiu-svirtis-m-knobas-e-serijai\/#primaryimage","url":"https:\/\/erformance.eu\/wp-content\/uploads\/2025\/06\/bmw-6-begiu-m-svirtis-knobas-bumbulas-e-serijai-1.webp","contentUrl":"https:\/\/erformance.eu\/wp-content\/uploads\/2025\/06\/bmw-6-begiu-m-svirtis-knobas-bumbulas-e-serijai-1.webp","width":1080,"height":1080,"caption":"bmw 6 b\u0117gi\u0173 svirtis M knobas bumbulas i\u0161 priekio"},{"@type":"BreadcrumbList","@id":"https:\/\/erformance.eu\/lv\/produkts\/bmw-6-begiu-svirtis-m-knobas-e-serijai\/#breadcrumb","itemListElement":[{"@type":"ListItem","position":1,"name":"Home","item":"https:\/\/erformance.eu\/lv\/"},{"@type":"ListItem","position":2,"name":"Veikals","item":"https:\/\/erformance.eu\/lv\/veikals\/"},{"@type":"ListItem","position":3,"name":"BMW 6 b\u0117gi\u0173 svirtis M (knobas), E serijai"}]},{"@type":"WebSite","@id":"https:\/\/erformance.eu\/lv\/#website","url":"https:\/\/erformance.eu\/lv\/","name":"Erformance.eu","description":"Automobili\u0173 dali\u0173 parduotuv\u0117","potentialAction":[{"@type":"SearchAction","target":{"@type":"EntryPoint","urlTemplate":"https:\/\/erformance.eu\/lv\/?s={search_term_string}"},"query-input":{"@type":"PropertyValueSpecification","valueRequired":true,"valueName":"search_term_string"}}],"inLanguage":"lv-LV"}]}},"jetpack_sharing_enabled":true,"_links":{"self":[{"href":"https:\/\/erformance.eu\/lv\/wp-json\/wp\/v2\/product\/28572","targetHints":{"allow":["GET"]}}],"collection":[{"href":"https:\/\/erformance.eu\/lv\/wp-json\/wp\/v2\/product"}],"about":[{"href":"https:\/\/erformance.eu\/lv\/wp-json\/wp\/v2\/types\/product"}],"replies":[{"embeddable":true,"href":"https:\/\/erformance.eu\/lv\/wp-json\/wp\/v2\/comments?post=28572"}],"version-history":[{"count":2,"href":"https:\/\/erformance.eu\/lv\/wp-json\/wp\/v2\/product\/28572\/revisions"}],"predecessor-version":[{"id":28578,"href":"https:\/\/erformance.eu\/lv\/wp-json\/wp\/v2\/product\/28572\/revisions\/28578"}],"wp:featuredmedia":[{"embeddable":true,"href":"https:\/\/erformance.eu\/lv\/wp-json\/wp\/v2\/media\/28573"}],"wp:attachment":[{"href":"https:\/\/erformance.eu\/lv\/wp-json\/wp\/v2\/media?parent=28572"}],"wp:term":[{"taxonomy":"product_brand","embeddable":true,"href":"https:\/\/erformance.eu\/lv\/wp-json\/wp\/v2\/product_brand?post=28572"},{"taxonomy":"product_cat","embeddable":true,"href":"https:\/\/erformance.eu\/lv\/wp-json\/wp\/v2\/product_cat?post=28572"},{"taxonomy":"product_tag","embeddable":true,"href":"https:\/\/erformance.eu\/lv\/wp-json\/wp\/v2\/product_tag?post=28572"}],"curies":[{"name":"wp","href":"https:\/\/api.w.org\/{rel}","templated":true}]}}