{"id":28590,"date":"2025-06-11T02:42:14","date_gmt":"2025-06-10T23:42:14","guid":{"rendered":"https:\/\/erformance.eu\/?post_type=product&#038;p=28590"},"modified":"2026-04-08T10:14:09","modified_gmt":"2026-04-08T07:14:09","slug":"bmw-e60-e61-e63-e64-veidrodeliu-stikliukai-komplektas","status":"publish","type":"product","link":"https:\/\/erformance.eu\/lv\/produkts\/bmw-e60-e61-e63-e64-veidrodeliu-stikliukai-komplektas\/","title":{"rendered":"BMW E60 E61 E63 E64 veidrod\u0117li\u0173 stikliukai, komplektas"},"content":{"rendered":"<p class=\"ai-optimize-33 ai-optimize-introduction\"><strong>Prek\u0117s pavadinimas:<\/strong><\/p>\n<ul>\n<li class=\"ai-optimize-33 ai-optimize-introduction\">BMW E60 E61 E63 E64 veidrod\u0117li\u0173 stikliukai, komplektas PRE LCI<\/li>\n<\/ul>\n<p class=\"ai-optimize-26\"><strong>Komplekt\u0105 sudaro:<\/strong><\/p>\n<ul>\n<li class=\"ai-optimize-25\">1 vnt. kair\u0117s pus\u0117s veidrod\u0117lio stikliukas.<\/li>\n<li class=\"ai-optimize-25\">1 vnt. de\u0161in\u0117s pus\u0117s veidrod\u0117lio stikliukas.<\/li>\n<\/ul>\n<p class=\"ai-optimize-36\"><strong>Savyb\u0117s:<\/strong><\/p>\n<ul>\n<li class=\"ai-optimize-29\">Auk\u0161tos kokyb\u0117s BMW E60 E61 E63 E64 veidrod\u0117li\u0173 stikliukai.<\/li>\n<li class=\"ai-optimize-30\">Tvirti, auk\u0161tos kokyb\u0117s laikikliai.<\/li>\n<li class=\"ai-optimize-32\">Lengvas montavimas, laikikliai atitinka originalias vietas.<\/li>\n<li class=\"ai-optimize-26\">\u0160ildomi veidrod\u0117li\u0173 stikliukai.<\/li>\n<\/ul>\n<p class=\"ai-optimize-38\"><strong>Tinkamumas:<\/strong><\/p>\n<ul>\n<li class=\"ai-optimize-31\"><b>BMW E60 5 serija, <\/b>2003-2007.<\/li>\n<li class=\"ai-optimize-27\">BMW E61 5 serija, 2003-2007.<\/li>\n<li class=\"ai-optimize-28\">BMW E63 6 serija, 2003-2007.<\/li>\n<li class=\"ai-optimize-29\">BMW E64 6 serija, 2003-2007.<\/li>\n<\/ul>\n<p class=\"ai-optimize-41\">Atnaujinkite automobilio i\u0161vaizd\u0105 ir suteikite agresyv\u0173, bei modern\u0173 stili\u0173.<\/p>\n<p class=\"ai-optimize-42\">Erformance.eu elektronin\u0117je parduotuv\u0117je rasite \u012fvairi\u0173 preki\u0173 savo\u00a0<a href=\"https:\/\/erformance.eu\/produkto-kategorija\/bmw\/5-serija\/e60-e61\/\">BMW E60 E61 E63 E64 PRE LCI \u2013 LCI<\/a>\u00a0automobiliui. Nuo smulkiausi\u0173 pried\u0173 iki tiuning dali\u0173 plataus pasirinkimo.<\/p>\n<p class=\"ai-optimize-29\">Prek\u0117s laikomos sand\u0117lyje Lietuvoje, tod\u0117l galime garantuoti greit\u0105 pristatymo laik\u0105 (1-2 darbo dienas).<\/p>\n","protected":false},"excerpt":{"rendered":"<h5 class=\"ai-optimize-32\">BMW E60 E61 E63 E64 veidrod\u0117li\u0173 stikliukai<\/h5>\n","protected":false},"featured_media":28592,"comment_status":"open","ping_status":"closed","template":"","meta":[],"product_brand":[],"product_cat":[50,53],"product_tag":[],"class_list":{"0":"post-28590","1":"product","2":"type-product","3":"status-publish","4":"has-post-thumbnail","6":"product_cat-e60-e61","7":"product_cat-e63-e64","9":"first","10":"instock","11":"shipping-taxable","12":"purchasable","13":"product-type-simple"},"yoast_head":"<!-- This site is optimized with the Yoast SEO Premium plugin v25.2 (Yoast SEO v27.4) - https:\/\/yoast.com\/product\/yoast-seo-premium-wordpress\/ -->\n<title>BMW E60 E61 E63 E64 veidrod\u0117li\u0173 stikliukai, komplektas - Erformance.eu<\/title>\n<meta name=\"description\" content=\"BMW E60 E61 E63 E64 veidrod\u0117li\u0173 stikliukai. Komplekte vairuotojo (kair\u0117s) ir keleivio (de\u0161in\u0117s) pusi\u0173 veidrod\u0117li\u0173 stikliukai. \u0160ildomi, chromuoti.\" \/>\n<meta name=\"robots\" content=\"index, follow, max-snippet:-1, max-image-preview:large, max-video-preview:-1\" \/>\n<link rel=\"canonical\" href=\"https:\/\/erformance.eu\/lv\/produkts\/bmw-e60-e61-e63-e64-veidrodeliu-stikliukai-komplektas\/\" \/>\n<meta property=\"og:locale\" content=\"lv_LV\" \/>\n<meta property=\"og:type\" content=\"article\" \/>\n<meta property=\"og:title\" content=\"BMW E60 E61 E63 E64 veidrod\u0117li\u0173 stikliukai, komplektas\" \/>\n<meta property=\"og:description\" content=\"BMW E60 E61 E63 E64 veidrod\u0117li\u0173 stikliukai. Komplekte vairuotojo (kair\u0117s) ir keleivio (de\u0161in\u0117s) pusi\u0173 veidrod\u0117li\u0173 stikliukai. \u0160ildomi, chromuoti.\" \/>\n<meta property=\"og:url\" content=\"https:\/\/erformance.eu\/lv\/produkts\/bmw-e60-e61-e63-e64-veidrodeliu-stikliukai-komplektas\/\" \/>\n<meta property=\"og:site_name\" content=\"Erformance.eu\" \/>\n<meta property=\"article:modified_time\" content=\"2026-04-08T07:14:09+00:00\" \/>\n<meta property=\"og:image\" content=\"https:\/\/erformance.eu\/wp-content\/uploads\/2025\/06\/bmw-e60-e61-e63-e64-veidrodeliu-stikliukai-pre-lci-2.webp\" \/>\n\t<meta property=\"og:image:width\" content=\"1080\" \/>\n\t<meta property=\"og:image:height\" content=\"1080\" \/>\n\t<meta property=\"og:image:type\" content=\"image\/webp\" \/>\n<meta name=\"twitter:card\" content=\"summary_large_image\" \/>\n<meta name=\"twitter:label1\" content=\"Est. reading time\" \/>\n\t<meta name=\"twitter:data1\" content=\"1 min\u016b\u0161u\" \/>\n<script type=\"application\/ld+json\" class=\"yoast-schema-graph\">{\"@context\":\"https:\\\/\\\/schema.org\",\"@graph\":[{\"@type\":\"WebPage\",\"@id\":\"https:\\\/\\\/erformance.eu\\\/lv\\\/produkts\\\/bmw-e60-e61-e63-e64-veidrodeliu-stikliukai-komplektas\\\/\",\"url\":\"https:\\\/\\\/erformance.eu\\\/lv\\\/produkts\\\/bmw-e60-e61-e63-e64-veidrodeliu-stikliukai-komplektas\\\/\",\"name\":\"BMW E60 E61 E63 E64 veidrod\u0117li\u0173 stikliukai, komplektas - Erformance.eu\",\"isPartOf\":{\"@id\":\"https:\\\/\\\/erformance.eu\\\/lv\\\/#website\"},\"primaryImageOfPage\":{\"@id\":\"https:\\\/\\\/erformance.eu\\\/lv\\\/produkts\\\/bmw-e60-e61-e63-e64-veidrodeliu-stikliukai-komplektas\\\/#primaryimage\"},\"image\":{\"@id\":\"https:\\\/\\\/erformance.eu\\\/lv\\\/produkts\\\/bmw-e60-e61-e63-e64-veidrodeliu-stikliukai-komplektas\\\/#primaryimage\"},\"thumbnailUrl\":\"https:\\\/\\\/erformance.eu\\\/wp-content\\\/uploads\\\/2025\\\/06\\\/bmw-e60-e61-e63-e64-veidrodeliu-stikliukai-pre-lci-2.webp\",\"datePublished\":\"2025-06-10T23:42:14+00:00\",\"dateModified\":\"2026-04-08T07:14:09+00:00\",\"description\":\"BMW E60 E61 E63 E64 veidrod\u0117li\u0173 stikliukai. Komplekte vairuotojo (kair\u0117s) ir keleivio (de\u0161in\u0117s) pusi\u0173 veidrod\u0117li\u0173 stikliukai. \u0160ildomi, chromuoti.\",\"breadcrumb\":{\"@id\":\"https:\\\/\\\/erformance.eu\\\/lv\\\/produkts\\\/bmw-e60-e61-e63-e64-veidrodeliu-stikliukai-komplektas\\\/#breadcrumb\"},\"inLanguage\":\"lv-LV\",\"potentialAction\":[{\"@type\":\"ReadAction\",\"target\":[\"https:\\\/\\\/erformance.eu\\\/lv\\\/produkts\\\/bmw-e60-e61-e63-e64-veidrodeliu-stikliukai-komplektas\\\/\"]}]},{\"@type\":\"ImageObject\",\"inLanguage\":\"lv-LV\",\"@id\":\"https:\\\/\\\/erformance.eu\\\/lv\\\/produkts\\\/bmw-e60-e61-e63-e64-veidrodeliu-stikliukai-komplektas\\\/#primaryimage\",\"url\":\"https:\\\/\\\/erformance.eu\\\/wp-content\\\/uploads\\\/2025\\\/06\\\/bmw-e60-e61-e63-e64-veidrodeliu-stikliukai-pre-lci-2.webp\",\"contentUrl\":\"https:\\\/\\\/erformance.eu\\\/wp-content\\\/uploads\\\/2025\\\/06\\\/bmw-e60-e61-e63-e64-veidrodeliu-stikliukai-pre-lci-2.webp\",\"width\":1080,\"height\":1080,\"caption\":\"bmw e60 e61 e63 e64 pre lci veidrod\u0117li\u0173 stikliukai, komplektas i\u0161 priekio ir galo\"},{\"@type\":\"BreadcrumbList\",\"@id\":\"https:\\\/\\\/erformance.eu\\\/lv\\\/produkts\\\/bmw-e60-e61-e63-e64-veidrodeliu-stikliukai-komplektas\\\/#breadcrumb\",\"itemListElement\":[{\"@type\":\"ListItem\",\"position\":1,\"name\":\"Home\",\"item\":\"https:\\\/\\\/erformance.eu\\\/lv\\\/\"},{\"@type\":\"ListItem\",\"position\":2,\"name\":\"Veikals\",\"item\":\"https:\\\/\\\/erformance.eu\\\/lv\\\/veikals\\\/\"},{\"@type\":\"ListItem\",\"position\":3,\"name\":\"BMW E60 E61 E63 E64 veidrod\u0117li\u0173 stikliukai, komplektas\"}]},{\"@type\":\"WebSite\",\"@id\":\"https:\\\/\\\/erformance.eu\\\/lv\\\/#website\",\"url\":\"https:\\\/\\\/erformance.eu\\\/lv\\\/\",\"name\":\"Erformance.eu\",\"description\":\"Automobili\u0173 dali\u0173 parduotuv\u0117\",\"potentialAction\":[{\"@type\":\"SearchAction\",\"target\":{\"@type\":\"EntryPoint\",\"urlTemplate\":\"https:\\\/\\\/erformance.eu\\\/lv\\\/?s={search_term_string}\"},\"query-input\":{\"@type\":\"PropertyValueSpecification\",\"valueRequired\":true,\"valueName\":\"search_term_string\"}}],\"inLanguage\":\"lv-LV\"}]}<\/script>\n<!-- \/ Yoast SEO Premium plugin. -->","yoast_head_json":{"title":"BMW E60 E61 E63 E64 veidrod\u0117li\u0173 stikliukai, komplektas - Erformance.eu","description":"BMW E60 E61 E63 E64 veidrod\u0117li\u0173 stikliukai. Komplekte vairuotojo (kair\u0117s) ir keleivio (de\u0161in\u0117s) pusi\u0173 veidrod\u0117li\u0173 stikliukai. \u0160ildomi, chromuoti.","robots":{"index":"index","follow":"follow","max-snippet":"max-snippet:-1","max-image-preview":"max-image-preview:large","max-video-preview":"max-video-preview:-1"},"canonical":"https:\/\/erformance.eu\/lv\/produkts\/bmw-e60-e61-e63-e64-veidrodeliu-stikliukai-komplektas\/","og_locale":"lv_LV","og_type":"article","og_title":"BMW E60 E61 E63 E64 veidrod\u0117li\u0173 stikliukai, komplektas","og_description":"BMW E60 E61 E63 E64 veidrod\u0117li\u0173 stikliukai. Komplekte vairuotojo (kair\u0117s) ir keleivio (de\u0161in\u0117s) pusi\u0173 veidrod\u0117li\u0173 stikliukai. \u0160ildomi, chromuoti.","og_url":"https:\/\/erformance.eu\/lv\/produkts\/bmw-e60-e61-e63-e64-veidrodeliu-stikliukai-komplektas\/","og_site_name":"Erformance.eu","article_modified_time":"2026-04-08T07:14:09+00:00","og_image":[{"width":1080,"height":1080,"url":"https:\/\/erformance.eu\/wp-content\/uploads\/2025\/06\/bmw-e60-e61-e63-e64-veidrodeliu-stikliukai-pre-lci-2.webp","type":"image\/webp"}],"twitter_card":"summary_large_image","twitter_misc":{"Est. reading time":"1 min\u016b\u0161u"},"schema":{"@context":"https:\/\/schema.org","@graph":[{"@type":"WebPage","@id":"https:\/\/erformance.eu\/lv\/produkts\/bmw-e60-e61-e63-e64-veidrodeliu-stikliukai-komplektas\/","url":"https:\/\/erformance.eu\/lv\/produkts\/bmw-e60-e61-e63-e64-veidrodeliu-stikliukai-komplektas\/","name":"BMW E60 E61 E63 E64 veidrod\u0117li\u0173 stikliukai, komplektas - Erformance.eu","isPartOf":{"@id":"https:\/\/erformance.eu\/lv\/#website"},"primaryImageOfPage":{"@id":"https:\/\/erformance.eu\/lv\/produkts\/bmw-e60-e61-e63-e64-veidrodeliu-stikliukai-komplektas\/#primaryimage"},"image":{"@id":"https:\/\/erformance.eu\/lv\/produkts\/bmw-e60-e61-e63-e64-veidrodeliu-stikliukai-komplektas\/#primaryimage"},"thumbnailUrl":"https:\/\/erformance.eu\/wp-content\/uploads\/2025\/06\/bmw-e60-e61-e63-e64-veidrodeliu-stikliukai-pre-lci-2.webp","datePublished":"2025-06-10T23:42:14+00:00","dateModified":"2026-04-08T07:14:09+00:00","description":"BMW E60 E61 E63 E64 veidrod\u0117li\u0173 stikliukai. Komplekte vairuotojo (kair\u0117s) ir keleivio (de\u0161in\u0117s) pusi\u0173 veidrod\u0117li\u0173 stikliukai. \u0160ildomi, chromuoti.","breadcrumb":{"@id":"https:\/\/erformance.eu\/lv\/produkts\/bmw-e60-e61-e63-e64-veidrodeliu-stikliukai-komplektas\/#breadcrumb"},"inLanguage":"lv-LV","potentialAction":[{"@type":"ReadAction","target":["https:\/\/erformance.eu\/lv\/produkts\/bmw-e60-e61-e63-e64-veidrodeliu-stikliukai-komplektas\/"]}]},{"@type":"ImageObject","inLanguage":"lv-LV","@id":"https:\/\/erformance.eu\/lv\/produkts\/bmw-e60-e61-e63-e64-veidrodeliu-stikliukai-komplektas\/#primaryimage","url":"https:\/\/erformance.eu\/wp-content\/uploads\/2025\/06\/bmw-e60-e61-e63-e64-veidrodeliu-stikliukai-pre-lci-2.webp","contentUrl":"https:\/\/erformance.eu\/wp-content\/uploads\/2025\/06\/bmw-e60-e61-e63-e64-veidrodeliu-stikliukai-pre-lci-2.webp","width":1080,"height":1080,"caption":"bmw e60 e61 e63 e64 pre lci veidrod\u0117li\u0173 stikliukai, komplektas i\u0161 priekio ir galo"},{"@type":"BreadcrumbList","@id":"https:\/\/erformance.eu\/lv\/produkts\/bmw-e60-e61-e63-e64-veidrodeliu-stikliukai-komplektas\/#breadcrumb","itemListElement":[{"@type":"ListItem","position":1,"name":"Home","item":"https:\/\/erformance.eu\/lv\/"},{"@type":"ListItem","position":2,"name":"Veikals","item":"https:\/\/erformance.eu\/lv\/veikals\/"},{"@type":"ListItem","position":3,"name":"BMW E60 E61 E63 E64 veidrod\u0117li\u0173 stikliukai, komplektas"}]},{"@type":"WebSite","@id":"https:\/\/erformance.eu\/lv\/#website","url":"https:\/\/erformance.eu\/lv\/","name":"Erformance.eu","description":"Automobili\u0173 dali\u0173 parduotuv\u0117","potentialAction":[{"@type":"SearchAction","target":{"@type":"EntryPoint","urlTemplate":"https:\/\/erformance.eu\/lv\/?s={search_term_string}"},"query-input":{"@type":"PropertyValueSpecification","valueRequired":true,"valueName":"search_term_string"}}],"inLanguage":"lv-LV"}]}},"jetpack_sharing_enabled":true,"_links":{"self":[{"href":"https:\/\/erformance.eu\/lv\/wp-json\/wp\/v2\/product\/28590","targetHints":{"allow":["GET"]}}],"collection":[{"href":"https:\/\/erformance.eu\/lv\/wp-json\/wp\/v2\/product"}],"about":[{"href":"https:\/\/erformance.eu\/lv\/wp-json\/wp\/v2\/types\/product"}],"replies":[{"embeddable":true,"href":"https:\/\/erformance.eu\/lv\/wp-json\/wp\/v2\/comments?post=28590"}],"version-history":[{"count":2,"href":"https:\/\/erformance.eu\/lv\/wp-json\/wp\/v2\/product\/28590\/revisions"}],"predecessor-version":[{"id":29034,"href":"https:\/\/erformance.eu\/lv\/wp-json\/wp\/v2\/product\/28590\/revisions\/29034"}],"wp:featuredmedia":[{"embeddable":true,"href":"https:\/\/erformance.eu\/lv\/wp-json\/wp\/v2\/media\/28592"}],"wp:attachment":[{"href":"https:\/\/erformance.eu\/lv\/wp-json\/wp\/v2\/media?parent=28590"}],"wp:term":[{"taxonomy":"product_brand","embeddable":true,"href":"https:\/\/erformance.eu\/lv\/wp-json\/wp\/v2\/product_brand?post=28590"},{"taxonomy":"product_cat","embeddable":true,"href":"https:\/\/erformance.eu\/lv\/wp-json\/wp\/v2\/product_cat?post=28590"},{"taxonomy":"product_tag","embeddable":true,"href":"https:\/\/erformance.eu\/lv\/wp-json\/wp\/v2\/product_tag?post=28590"}],"curies":[{"name":"wp","href":"https:\/\/api.w.org\/{rel}","templated":true}]}}