{"id":28609,"date":"2025-06-11T17:02:08","date_gmt":"2025-06-11T14:02:08","guid":{"rendered":"https:\/\/erformance.eu\/?post_type=product&#038;p=28609"},"modified":"2026-03-03T17:10:04","modified_gmt":"2026-03-03T14:10:04","slug":"bmw-e87-e88-e81-e82-04-11-desines-puses-zibinto-stiklas","status":"publish","type":"product","link":"https:\/\/erformance.eu\/lv\/produkts\/bmw-e87-e88-e81-e82-04-11-desines-puses-zibinto-stiklas\/","title":{"rendered":"BMW E87 E88 E81 E82 (04-11) de\u0161in\u0117s pus\u0117s \u017eibinto stiklas"},"content":{"rendered":"<ul>\n<li class=\"ai-optimize-34 ai-optimize-introduction\">BMW E87 E88 E81 E82 (04-11) de\u0161in\u0117s pus\u0117s \u017eibinto stiklas.<\/li>\n<\/ul>\n<p class=\"ai-optimize-26\"><strong>Komplekt\u0105 sudaro:<\/strong><\/p>\n<ul>\n<li class=\"ai-optimize-25\">1 vnt. de\u0161in\u0117s (keleivio) pus\u0117s BMW E87 E88 E81 E82 \u017eibinto stiklas.<\/li>\n<\/ul>\n<p class=\"ai-optimize-42\"><strong>Savyb\u0117s:<\/strong><\/p>\n<ul>\n<li class=\"ai-optimize-29\">Auk\u0161tos kokyb\u0117s original\u0105 atitinkanti dalis.<\/li>\n<li class=\"ai-optimize-32\">Atsparumas\u00a0<strong>UV<\/strong>\u00a0\u2013 l\u0117tas nusidev\u0117jimas.<\/li>\n<li class=\"ai-optimize-44\">Tinka LCI ir PRE LCI BMW E87 E88 E81 E82 modeliams.<\/li>\n<\/ul>\n<p class=\"ai-optimize-38\"><strong>Tinkamumas:<\/strong><\/p>\n<ul>\n<li class=\"ai-optimize-30\">\n<p class=\"ai-optimize-29\"><strong>BMW E87 1 serija,<\/strong> 2004-2011.<\/p>\n<\/li>\n<li class=\"ai-optimize-30\">\n<p class=\"ai-optimize-29\"><strong>BMW E88 1 serija,<\/strong> 2004-2011.<\/p>\n<\/li>\n<li class=\"ai-optimize-30\">\n<p class=\"ai-optimize-29\"><strong>BMW E81 1 serija,<\/strong> 2004-2011.<\/p>\n<\/li>\n<li class=\"ai-optimize-29\"><strong>BMW E82 1 serija,<\/strong> 2004-2011.<\/li>\n<\/ul>\n<p class=\"ai-optimize-41\">Atnaujinkite automobilio i\u0161vaizd\u0105 ir suteikite agresyv\u0173, bei modern\u0173 stili\u0173.<\/p>\n<p class=\"ai-optimize-42\">Erformance.eu elektronin\u0117je parduotuv\u0117je rasite \u012fvairi\u0173 preki\u0173 savo\u00a0<a style=\"--tw-scale-x: 1;--tw-scale-y: 1;--tw-scroll-snap-strictness: proximity;--tw-ring-offset-width: 0px;--tw-ring-offset-color: #fff;--tw-ring-color: #3b82f680;--tw-ring-offset-shadow: 0 0 #0000;--tw-ring-shadow: 0 0 #0000;--tw-shadow: 0 0 #0000;--tw-shadow-colored: 0 0 #0000\" href=\"https:\/\/erformance.eu\/produkto-kategorija\/bmw\/5-serija\/e60-e61\/\">\u00a0<\/a><a href=\"https:\/\/erformance.eu\/produkto-kategorija\/bmw\/1-serija\/e81-e82-e87-e88\/\">BMW E81 E82 E87 E88<\/a><a href=\"https:\/\/erformance.eu\/produkto-kategorija\/bmw\/5-serija\/e60-e61\/\">\u00a0<\/a>\u00a0automobiliui. Nuo smulkiausi\u0173 pried\u0173 iki tiuning dali\u0173 plataus pasirinkimo.<\/p>\n<p class=\"ai-optimize-29\">Prek\u0117 laikoma tiek\u0117j\u0173 sand\u0117lyje Europoje, tod\u0117l galime garantuoti greit\u0105 pristatymo laik\u0105 ( 3-5 darbo dienas).<\/p>\n","protected":false},"excerpt":{"rendered":"<h5>BMW E87 E88 E81 E82 de\u0161in\u0117s pus\u0117s<\/h5>\n","protected":false},"featured_media":28612,"comment_status":"open","ping_status":"closed","template":"","meta":[],"product_brand":[],"product_cat":[42,2767,3345],"product_tag":[],"class_list":{"0":"post-28609","1":"product","2":"type-product","3":"status-publish","4":"has-post-thumbnail","6":"product_cat-e81-e82-e87-e88","7":"product_cat-e81-e82-e87-e88-isores-dalys","8":"product_cat-e81-e82-e87-e88-isores-zibintai-apsvietimas","10":"first","11":"instock","12":"shipping-taxable","13":"purchasable","14":"product-type-simple"},"yoast_head":"<!-- This site is optimized with the Yoast SEO Premium plugin v25.2 (Yoast SEO v27.4) - https:\/\/yoast.com\/product\/yoast-seo-premium-wordpress\/ -->\n<title>BMW E87 E88 E81 E82 (04-11) de\u0161in\u0117s pus\u0117s \u017eibinto stiklas - Erformance.eu<\/title>\n<meta name=\"description\" content=\"BMW E87 E88 E81 E82 de\u0161in\u0117s pus\u0117s \u017eibinto stiklas. Tinka LCI ir PRE LCI modeliams 2004-2011 m. \u017dibinto stiklas atsparus UV, turi E \u017eym\u0117jimus.\" \/>\n<meta name=\"robots\" content=\"index, follow, max-snippet:-1, max-image-preview:large, max-video-preview:-1\" \/>\n<link rel=\"canonical\" href=\"https:\/\/erformance.eu\/lv\/produkts\/bmw-e87-e88-e81-e82-04-11-desines-puses-zibinto-stiklas\/\" \/>\n<meta property=\"og:locale\" content=\"lv_LV\" \/>\n<meta property=\"og:type\" content=\"article\" \/>\n<meta property=\"og:title\" content=\"BMW E87 E88 E81 E82 (04-11) de\u0161in\u0117s pus\u0117s \u017eibinto stiklas\" \/>\n<meta property=\"og:description\" content=\"BMW E87 E88 E81 E82 de\u0161in\u0117s pus\u0117s \u017eibinto stiklas. Tinka LCI ir PRE LCI modeliams 2004-2011 m. \u017dibinto stiklas atsparus UV, turi E \u017eym\u0117jimus.\" \/>\n<meta property=\"og:url\" content=\"https:\/\/erformance.eu\/lv\/produkts\/bmw-e87-e88-e81-e82-04-11-desines-puses-zibinto-stiklas\/\" \/>\n<meta property=\"og:site_name\" content=\"Erformance.eu\" \/>\n<meta property=\"article:modified_time\" content=\"2026-03-03T14:10:04+00:00\" \/>\n<meta property=\"og:image\" content=\"https:\/\/erformance.eu\/wp-content\/uploads\/2025\/06\/bmw-e87-e88-e81-e82-prelci-lci-desines-puses-zibinto-stiklas-1.webp\" \/>\n\t<meta property=\"og:image:width\" content=\"1080\" \/>\n\t<meta property=\"og:image:height\" content=\"1080\" \/>\n\t<meta property=\"og:image:type\" content=\"image\/webp\" \/>\n<meta name=\"twitter:card\" content=\"summary_large_image\" \/>\n<meta name=\"twitter:label1\" content=\"Est. reading time\" \/>\n\t<meta name=\"twitter:data1\" content=\"1 min\u016b\u0161u\" \/>\n<script type=\"application\/ld+json\" class=\"yoast-schema-graph\">{\"@context\":\"https:\\\/\\\/schema.org\",\"@graph\":[{\"@type\":\"WebPage\",\"@id\":\"https:\\\/\\\/erformance.eu\\\/lv\\\/produkts\\\/bmw-e87-e88-e81-e82-04-11-desines-puses-zibinto-stiklas\\\/\",\"url\":\"https:\\\/\\\/erformance.eu\\\/lv\\\/produkts\\\/bmw-e87-e88-e81-e82-04-11-desines-puses-zibinto-stiklas\\\/\",\"name\":\"BMW E87 E88 E81 E82 (04-11) de\u0161in\u0117s pus\u0117s \u017eibinto stiklas - Erformance.eu\",\"isPartOf\":{\"@id\":\"https:\\\/\\\/erformance.eu\\\/lv\\\/#website\"},\"primaryImageOfPage\":{\"@id\":\"https:\\\/\\\/erformance.eu\\\/lv\\\/produkts\\\/bmw-e87-e88-e81-e82-04-11-desines-puses-zibinto-stiklas\\\/#primaryimage\"},\"image\":{\"@id\":\"https:\\\/\\\/erformance.eu\\\/lv\\\/produkts\\\/bmw-e87-e88-e81-e82-04-11-desines-puses-zibinto-stiklas\\\/#primaryimage\"},\"thumbnailUrl\":\"https:\\\/\\\/erformance.eu\\\/wp-content\\\/uploads\\\/2025\\\/06\\\/bmw-e87-e88-e81-e82-prelci-lci-desines-puses-zibinto-stiklas-1.webp\",\"datePublished\":\"2025-06-11T14:02:08+00:00\",\"dateModified\":\"2026-03-03T14:10:04+00:00\",\"description\":\"BMW E87 E88 E81 E82 de\u0161in\u0117s pus\u0117s \u017eibinto stiklas. Tinka LCI ir PRE LCI modeliams 2004-2011 m. \u017dibinto stiklas atsparus UV, turi E \u017eym\u0117jimus.\",\"breadcrumb\":{\"@id\":\"https:\\\/\\\/erformance.eu\\\/lv\\\/produkts\\\/bmw-e87-e88-e81-e82-04-11-desines-puses-zibinto-stiklas\\\/#breadcrumb\"},\"inLanguage\":\"lv-LV\",\"potentialAction\":[{\"@type\":\"ReadAction\",\"target\":[\"https:\\\/\\\/erformance.eu\\\/lv\\\/produkts\\\/bmw-e87-e88-e81-e82-04-11-desines-puses-zibinto-stiklas\\\/\"]}]},{\"@type\":\"ImageObject\",\"inLanguage\":\"lv-LV\",\"@id\":\"https:\\\/\\\/erformance.eu\\\/lv\\\/produkts\\\/bmw-e87-e88-e81-e82-04-11-desines-puses-zibinto-stiklas\\\/#primaryimage\",\"url\":\"https:\\\/\\\/erformance.eu\\\/wp-content\\\/uploads\\\/2025\\\/06\\\/bmw-e87-e88-e81-e82-prelci-lci-desines-puses-zibinto-stiklas-1.webp\",\"contentUrl\":\"https:\\\/\\\/erformance.eu\\\/wp-content\\\/uploads\\\/2025\\\/06\\\/bmw-e87-e88-e81-e82-prelci-lci-desines-puses-zibinto-stiklas-1.webp\",\"width\":1080,\"height\":1080,\"caption\":\"bmw e87 e88 e81 e82 de\u0161in\u0117s pus\u0117s \u017eibinto stiklas i\u0161 priekio\"},{\"@type\":\"BreadcrumbList\",\"@id\":\"https:\\\/\\\/erformance.eu\\\/lv\\\/produkts\\\/bmw-e87-e88-e81-e82-04-11-desines-puses-zibinto-stiklas\\\/#breadcrumb\",\"itemListElement\":[{\"@type\":\"ListItem\",\"position\":1,\"name\":\"Home\",\"item\":\"https:\\\/\\\/erformance.eu\\\/lv\\\/\"},{\"@type\":\"ListItem\",\"position\":2,\"name\":\"Veikals\",\"item\":\"https:\\\/\\\/erformance.eu\\\/lv\\\/veikals\\\/\"},{\"@type\":\"ListItem\",\"position\":3,\"name\":\"BMW E87 E88 E81 E82 (04-11) de\u0161in\u0117s pus\u0117s \u017eibinto stiklas\"}]},{\"@type\":\"WebSite\",\"@id\":\"https:\\\/\\\/erformance.eu\\\/lv\\\/#website\",\"url\":\"https:\\\/\\\/erformance.eu\\\/lv\\\/\",\"name\":\"Erformance.eu\",\"description\":\"Automobili\u0173 dali\u0173 parduotuv\u0117\",\"potentialAction\":[{\"@type\":\"SearchAction\",\"target\":{\"@type\":\"EntryPoint\",\"urlTemplate\":\"https:\\\/\\\/erformance.eu\\\/lv\\\/?s={search_term_string}\"},\"query-input\":{\"@type\":\"PropertyValueSpecification\",\"valueRequired\":true,\"valueName\":\"search_term_string\"}}],\"inLanguage\":\"lv-LV\"}]}<\/script>\n<!-- \/ Yoast SEO Premium plugin. -->","yoast_head_json":{"title":"BMW E87 E88 E81 E82 (04-11) de\u0161in\u0117s pus\u0117s \u017eibinto stiklas - Erformance.eu","description":"BMW E87 E88 E81 E82 de\u0161in\u0117s pus\u0117s \u017eibinto stiklas. Tinka LCI ir PRE LCI modeliams 2004-2011 m. \u017dibinto stiklas atsparus UV, turi E \u017eym\u0117jimus.","robots":{"index":"index","follow":"follow","max-snippet":"max-snippet:-1","max-image-preview":"max-image-preview:large","max-video-preview":"max-video-preview:-1"},"canonical":"https:\/\/erformance.eu\/lv\/produkts\/bmw-e87-e88-e81-e82-04-11-desines-puses-zibinto-stiklas\/","og_locale":"lv_LV","og_type":"article","og_title":"BMW E87 E88 E81 E82 (04-11) de\u0161in\u0117s pus\u0117s \u017eibinto stiklas","og_description":"BMW E87 E88 E81 E82 de\u0161in\u0117s pus\u0117s \u017eibinto stiklas. Tinka LCI ir PRE LCI modeliams 2004-2011 m. \u017dibinto stiklas atsparus UV, turi E \u017eym\u0117jimus.","og_url":"https:\/\/erformance.eu\/lv\/produkts\/bmw-e87-e88-e81-e82-04-11-desines-puses-zibinto-stiklas\/","og_site_name":"Erformance.eu","article_modified_time":"2026-03-03T14:10:04+00:00","og_image":[{"width":1080,"height":1080,"url":"https:\/\/erformance.eu\/wp-content\/uploads\/2025\/06\/bmw-e87-e88-e81-e82-prelci-lci-desines-puses-zibinto-stiklas-1.webp","type":"image\/webp"}],"twitter_card":"summary_large_image","twitter_misc":{"Est. reading time":"1 min\u016b\u0161u"},"schema":{"@context":"https:\/\/schema.org","@graph":[{"@type":"WebPage","@id":"https:\/\/erformance.eu\/lv\/produkts\/bmw-e87-e88-e81-e82-04-11-desines-puses-zibinto-stiklas\/","url":"https:\/\/erformance.eu\/lv\/produkts\/bmw-e87-e88-e81-e82-04-11-desines-puses-zibinto-stiklas\/","name":"BMW E87 E88 E81 E82 (04-11) de\u0161in\u0117s pus\u0117s \u017eibinto stiklas - Erformance.eu","isPartOf":{"@id":"https:\/\/erformance.eu\/lv\/#website"},"primaryImageOfPage":{"@id":"https:\/\/erformance.eu\/lv\/produkts\/bmw-e87-e88-e81-e82-04-11-desines-puses-zibinto-stiklas\/#primaryimage"},"image":{"@id":"https:\/\/erformance.eu\/lv\/produkts\/bmw-e87-e88-e81-e82-04-11-desines-puses-zibinto-stiklas\/#primaryimage"},"thumbnailUrl":"https:\/\/erformance.eu\/wp-content\/uploads\/2025\/06\/bmw-e87-e88-e81-e82-prelci-lci-desines-puses-zibinto-stiklas-1.webp","datePublished":"2025-06-11T14:02:08+00:00","dateModified":"2026-03-03T14:10:04+00:00","description":"BMW E87 E88 E81 E82 de\u0161in\u0117s pus\u0117s \u017eibinto stiklas. Tinka LCI ir PRE LCI modeliams 2004-2011 m. \u017dibinto stiklas atsparus UV, turi E \u017eym\u0117jimus.","breadcrumb":{"@id":"https:\/\/erformance.eu\/lv\/produkts\/bmw-e87-e88-e81-e82-04-11-desines-puses-zibinto-stiklas\/#breadcrumb"},"inLanguage":"lv-LV","potentialAction":[{"@type":"ReadAction","target":["https:\/\/erformance.eu\/lv\/produkts\/bmw-e87-e88-e81-e82-04-11-desines-puses-zibinto-stiklas\/"]}]},{"@type":"ImageObject","inLanguage":"lv-LV","@id":"https:\/\/erformance.eu\/lv\/produkts\/bmw-e87-e88-e81-e82-04-11-desines-puses-zibinto-stiklas\/#primaryimage","url":"https:\/\/erformance.eu\/wp-content\/uploads\/2025\/06\/bmw-e87-e88-e81-e82-prelci-lci-desines-puses-zibinto-stiklas-1.webp","contentUrl":"https:\/\/erformance.eu\/wp-content\/uploads\/2025\/06\/bmw-e87-e88-e81-e82-prelci-lci-desines-puses-zibinto-stiklas-1.webp","width":1080,"height":1080,"caption":"bmw e87 e88 e81 e82 de\u0161in\u0117s pus\u0117s \u017eibinto stiklas i\u0161 priekio"},{"@type":"BreadcrumbList","@id":"https:\/\/erformance.eu\/lv\/produkts\/bmw-e87-e88-e81-e82-04-11-desines-puses-zibinto-stiklas\/#breadcrumb","itemListElement":[{"@type":"ListItem","position":1,"name":"Home","item":"https:\/\/erformance.eu\/lv\/"},{"@type":"ListItem","position":2,"name":"Veikals","item":"https:\/\/erformance.eu\/lv\/veikals\/"},{"@type":"ListItem","position":3,"name":"BMW E87 E88 E81 E82 (04-11) de\u0161in\u0117s pus\u0117s \u017eibinto stiklas"}]},{"@type":"WebSite","@id":"https:\/\/erformance.eu\/lv\/#website","url":"https:\/\/erformance.eu\/lv\/","name":"Erformance.eu","description":"Automobili\u0173 dali\u0173 parduotuv\u0117","potentialAction":[{"@type":"SearchAction","target":{"@type":"EntryPoint","urlTemplate":"https:\/\/erformance.eu\/lv\/?s={search_term_string}"},"query-input":{"@type":"PropertyValueSpecification","valueRequired":true,"valueName":"search_term_string"}}],"inLanguage":"lv-LV"}]}},"jetpack_sharing_enabled":true,"_links":{"self":[{"href":"https:\/\/erformance.eu\/lv\/wp-json\/wp\/v2\/product\/28609","targetHints":{"allow":["GET"]}}],"collection":[{"href":"https:\/\/erformance.eu\/lv\/wp-json\/wp\/v2\/product"}],"about":[{"href":"https:\/\/erformance.eu\/lv\/wp-json\/wp\/v2\/types\/product"}],"replies":[{"embeddable":true,"href":"https:\/\/erformance.eu\/lv\/wp-json\/wp\/v2\/comments?post=28609"}],"version-history":[{"count":2,"href":"https:\/\/erformance.eu\/lv\/wp-json\/wp\/v2\/product\/28609\/revisions"}],"predecessor-version":[{"id":29484,"href":"https:\/\/erformance.eu\/lv\/wp-json\/wp\/v2\/product\/28609\/revisions\/29484"}],"wp:featuredmedia":[{"embeddable":true,"href":"https:\/\/erformance.eu\/lv\/wp-json\/wp\/v2\/media\/28612"}],"wp:attachment":[{"href":"https:\/\/erformance.eu\/lv\/wp-json\/wp\/v2\/media?parent=28609"}],"wp:term":[{"taxonomy":"product_brand","embeddable":true,"href":"https:\/\/erformance.eu\/lv\/wp-json\/wp\/v2\/product_brand?post=28609"},{"taxonomy":"product_cat","embeddable":true,"href":"https:\/\/erformance.eu\/lv\/wp-json\/wp\/v2\/product_cat?post=28609"},{"taxonomy":"product_tag","embeddable":true,"href":"https:\/\/erformance.eu\/lv\/wp-json\/wp\/v2\/product_tag?post=28609"}],"curies":[{"name":"wp","href":"https:\/\/api.w.org\/{rel}","templated":true}]}}