{"id":28775,"date":"2025-06-19T13:01:08","date_gmt":"2025-06-19T10:01:08","guid":{"rendered":"https:\/\/erformance.eu\/?post_type=product&#038;p=28775"},"modified":"2026-02-06T11:51:14","modified_gmt":"2026-02-06T08:51:14","slug":"bmw-rakto-korpusas-e60-e61-e63-e46-e36-e39-e38-e53-e83","status":"publish","type":"product","link":"https:\/\/erformance.eu\/lv\/produkts\/bmw-rakto-korpusas-e60-e61-e63-e46-e36-e39-e38-e53-e83\/","title":{"rendered":"BMW rakto korpusas, E60 E61 E63 E46 E36 E39 E38 E53 E83"},"content":{"rendered":"<ul>\n<li class=\"ai-optimize-27 ai-optimize-introduction\">BMW rakto korpusas E serijos automobiliams.<\/li>\n<\/ul>\n<p class=\"ai-optimize-26\"><strong>Komplekt\u0105 sudaro:<\/strong><\/p>\n<ul>\n<li class=\"ai-optimize-44\">1 vnt. rakto korpusas su gele\u017ete.<\/li>\n<\/ul>\n<p class=\"ai-optimize-43\"><strong>Spalva:<\/strong><\/p>\n<ul>\n<li class=\"ai-optimize-35\">juoda matin\u0117 (matte black).<\/li>\n<\/ul>\n<p class=\"ai-optimize-36\"><strong>Savyb\u0117s:<\/strong><\/p>\n<ul>\n<li class=\"ai-optimize-29\">Auk\u0161tos kokyb\u0117s bmw rakto korpusas.<\/li>\n<li class=\"ai-optimize-57\">Lengvas pakeitimas, u\u017esifiksuoja (nereikia klijuoti).<\/li>\n<\/ul>\n<p class=\"ai-optimize-38\"><strong>Tinkamumas:<\/strong><\/p>\n<ul>\n<li class=\"ai-optimize-28\"><strong>BMW E36 3 serija,<\/strong> 1990-2000.<\/li>\n<li class=\"ai-optimize-29\"><strong>BMW E46 3 serija,<\/strong> 1997-2005.<\/li>\n<li class=\"ai-optimize-30\"><strong>BMW E39 5 serija,<\/strong> 1995-2003.<\/li>\n<li class=\"ai-optimize-31\"><strong>BMW E38 7 serija,<\/strong> 1994-2002.<\/li>\n<li class=\"ai-optimize-32\"><strong>BMW E83 X3 serija,<\/strong> 2002-2010.<\/li>\n<li class=\"ai-optimize-33\"><strong>BMW E53 X5 serija,<\/strong> 1999-2006.<\/li>\n<li class=\"ai-optimize-36\"><strong>BMW E60 5 serija,<\/strong> 2003-2007.<\/li>\n<li class=\"ai-optimize-37\"><strong>BMW E61 5 serija,<\/strong> 2003-2007.<\/li>\n<li class=\"ai-optimize-38\"><strong>BMW E63 6 serija,<\/strong> 2003-2007.<\/li>\n<li class=\"ai-optimize-39\"><strong>BMW E64 6 serija,<\/strong> 2003-2007.<\/li>\n<\/ul>\n<p class=\"ai-optimize-41\">Atnaujinkite automobilio i\u0161vaizd\u0105 ir suteikite agresyv\u0173, bei modern\u0173 stili\u0173.<\/p>\n<p class=\"ai-optimize-42\">Erformance.eu elektronin\u0117je parduotuv\u0117je rasite \u012fvairi\u0173 preki\u0173 savo\u00a0<a href=\"https:\/\/erformance.eu\/produkto-kategorija\/bmw\/\">BMW<\/a>\u00a0automobiliui. Nuo smulkiausi\u0173 pried\u0173 iki tiuning dali\u0173 plataus pasirinkimo.<\/p>\n<p class=\"ai-optimize-29\">Prek\u0117s laikomos sand\u0117lyje Lietuvoje, tod\u0117l galime garantuoti greit\u0105 pristatymo laik\u0105 (1-2 darbo dienas).<\/p>\n","protected":false},"excerpt":{"rendered":"<h5 class=\"ai-optimize-44\">BMW rakto korpusas<\/h5>\n","protected":false},"featured_media":28776,"comment_status":"open","ping_status":"closed","template":"","meta":[],"product_brand":[],"product_cat":[44,55,49,45,61,50,53,59],"product_tag":[],"class_list":{"0":"post-28775","1":"product","2":"type-product","3":"status-publish","4":"has-post-thumbnail","6":"product_cat-e36","7":"product_cat-e38","8":"product_cat-e39","9":"product_cat-e46","10":"product_cat-e53","11":"product_cat-e60-e61","12":"product_cat-e63-e64","13":"product_cat-e83","15":"first","16":"instock","17":"shipping-taxable","18":"purchasable","19":"product-type-simple"},"yoast_head":"<!-- This site is optimized with the Yoast SEO Premium plugin v25.2 (Yoast SEO v27.4) - https:\/\/yoast.com\/product\/yoast-seo-premium-wordpress\/ -->\n<title>BMW rakto korpusas, E60 E61 E63 E46 E36 E39 E38 E53 E83 - Erformance.eu<\/title>\n<meta name=\"description\" content=\"BMW rakto korpusas. E serijos automobiliams (E60 E61 E63 E64 E46 E36 E39 E38 E53 E83). Lengvas keitimas, auk\u0161tos kokyb\u0117s rakto korpusas.\" \/>\n<meta name=\"robots\" content=\"index, follow, max-snippet:-1, max-image-preview:large, max-video-preview:-1\" \/>\n<link rel=\"canonical\" href=\"https:\/\/erformance.eu\/lv\/produkts\/bmw-rakto-korpusas-e60-e61-e63-e46-e36-e39-e38-e53-e83\/\" \/>\n<meta property=\"og:locale\" content=\"lv_LV\" \/>\n<meta property=\"og:type\" content=\"article\" \/>\n<meta property=\"og:title\" content=\"BMW rakto korpusas, E60 E61 E63 E46 E36 E39 E38 E53 E83\" \/>\n<meta property=\"og:description\" content=\"BMW rakto korpusas. E serijos automobiliams (E60 E61 E63 E64 E46 E36 E39 E38 E53 E83). Lengvas keitimas, auk\u0161tos kokyb\u0117s rakto korpusas.\" \/>\n<meta property=\"og:url\" content=\"https:\/\/erformance.eu\/lv\/produkts\/bmw-rakto-korpusas-e60-e61-e63-e46-e36-e39-e38-e53-e83\/\" \/>\n<meta property=\"og:site_name\" content=\"Erformance.eu\" \/>\n<meta property=\"article:modified_time\" content=\"2026-02-06T08:51:14+00:00\" \/>\n<meta property=\"og:image\" content=\"https:\/\/erformance.eu\/wp-content\/uploads\/2025\/06\/bmw-rakto-korpusas-e60-e61-e46-e39-e53-e83-e36-1.webp\" \/>\n\t<meta property=\"og:image:width\" content=\"1080\" \/>\n\t<meta property=\"og:image:height\" content=\"1080\" \/>\n\t<meta property=\"og:image:type\" content=\"image\/webp\" \/>\n<meta name=\"twitter:card\" content=\"summary_large_image\" \/>\n<meta name=\"twitter:label1\" content=\"Est. reading time\" \/>\n\t<meta name=\"twitter:data1\" content=\"1 min\u016b\u0161u\" \/>\n<script type=\"application\/ld+json\" class=\"yoast-schema-graph\">{\"@context\":\"https:\\\/\\\/schema.org\",\"@graph\":[{\"@type\":\"WebPage\",\"@id\":\"https:\\\/\\\/erformance.eu\\\/lv\\\/produkts\\\/bmw-rakto-korpusas-e60-e61-e63-e46-e36-e39-e38-e53-e83\\\/\",\"url\":\"https:\\\/\\\/erformance.eu\\\/lv\\\/produkts\\\/bmw-rakto-korpusas-e60-e61-e63-e46-e36-e39-e38-e53-e83\\\/\",\"name\":\"BMW rakto korpusas, E60 E61 E63 E46 E36 E39 E38 E53 E83 - Erformance.eu\",\"isPartOf\":{\"@id\":\"https:\\\/\\\/erformance.eu\\\/lv\\\/#website\"},\"primaryImageOfPage\":{\"@id\":\"https:\\\/\\\/erformance.eu\\\/lv\\\/produkts\\\/bmw-rakto-korpusas-e60-e61-e63-e46-e36-e39-e38-e53-e83\\\/#primaryimage\"},\"image\":{\"@id\":\"https:\\\/\\\/erformance.eu\\\/lv\\\/produkts\\\/bmw-rakto-korpusas-e60-e61-e63-e46-e36-e39-e38-e53-e83\\\/#primaryimage\"},\"thumbnailUrl\":\"https:\\\/\\\/erformance.eu\\\/wp-content\\\/uploads\\\/2025\\\/06\\\/bmw-rakto-korpusas-e60-e61-e46-e39-e53-e83-e36-1.webp\",\"datePublished\":\"2025-06-19T10:01:08+00:00\",\"dateModified\":\"2026-02-06T08:51:14+00:00\",\"description\":\"BMW rakto korpusas. E serijos automobiliams (E60 E61 E63 E64 E46 E36 E39 E38 E53 E83). Lengvas keitimas, auk\u0161tos kokyb\u0117s rakto korpusas.\",\"breadcrumb\":{\"@id\":\"https:\\\/\\\/erformance.eu\\\/lv\\\/produkts\\\/bmw-rakto-korpusas-e60-e61-e63-e46-e36-e39-e38-e53-e83\\\/#breadcrumb\"},\"inLanguage\":\"lv-LV\",\"potentialAction\":[{\"@type\":\"ReadAction\",\"target\":[\"https:\\\/\\\/erformance.eu\\\/lv\\\/produkts\\\/bmw-rakto-korpusas-e60-e61-e63-e46-e36-e39-e38-e53-e83\\\/\"]}]},{\"@type\":\"ImageObject\",\"inLanguage\":\"lv-LV\",\"@id\":\"https:\\\/\\\/erformance.eu\\\/lv\\\/produkts\\\/bmw-rakto-korpusas-e60-e61-e63-e46-e36-e39-e38-e53-e83\\\/#primaryimage\",\"url\":\"https:\\\/\\\/erformance.eu\\\/wp-content\\\/uploads\\\/2025\\\/06\\\/bmw-rakto-korpusas-e60-e61-e46-e39-e53-e83-e36-1.webp\",\"contentUrl\":\"https:\\\/\\\/erformance.eu\\\/wp-content\\\/uploads\\\/2025\\\/06\\\/bmw-rakto-korpusas-e60-e61-e46-e39-e53-e83-e36-1.webp\",\"width\":1080,\"height\":1080,\"caption\":\"bmw rakto korpusas e seijai i\u0161 priekio\"},{\"@type\":\"BreadcrumbList\",\"@id\":\"https:\\\/\\\/erformance.eu\\\/lv\\\/produkts\\\/bmw-rakto-korpusas-e60-e61-e63-e46-e36-e39-e38-e53-e83\\\/#breadcrumb\",\"itemListElement\":[{\"@type\":\"ListItem\",\"position\":1,\"name\":\"Home\",\"item\":\"https:\\\/\\\/erformance.eu\\\/lv\\\/\"},{\"@type\":\"ListItem\",\"position\":2,\"name\":\"Veikals\",\"item\":\"https:\\\/\\\/erformance.eu\\\/lv\\\/veikals\\\/\"},{\"@type\":\"ListItem\",\"position\":3,\"name\":\"BMW rakto korpusas, E60 E61 E63 E46 E36 E39 E38 E53 E83\"}]},{\"@type\":\"WebSite\",\"@id\":\"https:\\\/\\\/erformance.eu\\\/lv\\\/#website\",\"url\":\"https:\\\/\\\/erformance.eu\\\/lv\\\/\",\"name\":\"Erformance.eu\",\"description\":\"Automobili\u0173 dali\u0173 parduotuv\u0117\",\"potentialAction\":[{\"@type\":\"SearchAction\",\"target\":{\"@type\":\"EntryPoint\",\"urlTemplate\":\"https:\\\/\\\/erformance.eu\\\/lv\\\/?s={search_term_string}\"},\"query-input\":{\"@type\":\"PropertyValueSpecification\",\"valueRequired\":true,\"valueName\":\"search_term_string\"}}],\"inLanguage\":\"lv-LV\"}]}<\/script>\n<!-- \/ Yoast SEO Premium plugin. -->","yoast_head_json":{"title":"BMW rakto korpusas, E60 E61 E63 E46 E36 E39 E38 E53 E83 - Erformance.eu","description":"BMW rakto korpusas. E serijos automobiliams (E60 E61 E63 E64 E46 E36 E39 E38 E53 E83). Lengvas keitimas, auk\u0161tos kokyb\u0117s rakto korpusas.","robots":{"index":"index","follow":"follow","max-snippet":"max-snippet:-1","max-image-preview":"max-image-preview:large","max-video-preview":"max-video-preview:-1"},"canonical":"https:\/\/erformance.eu\/lv\/produkts\/bmw-rakto-korpusas-e60-e61-e63-e46-e36-e39-e38-e53-e83\/","og_locale":"lv_LV","og_type":"article","og_title":"BMW rakto korpusas, E60 E61 E63 E46 E36 E39 E38 E53 E83","og_description":"BMW rakto korpusas. E serijos automobiliams (E60 E61 E63 E64 E46 E36 E39 E38 E53 E83). Lengvas keitimas, auk\u0161tos kokyb\u0117s rakto korpusas.","og_url":"https:\/\/erformance.eu\/lv\/produkts\/bmw-rakto-korpusas-e60-e61-e63-e46-e36-e39-e38-e53-e83\/","og_site_name":"Erformance.eu","article_modified_time":"2026-02-06T08:51:14+00:00","og_image":[{"width":1080,"height":1080,"url":"https:\/\/erformance.eu\/wp-content\/uploads\/2025\/06\/bmw-rakto-korpusas-e60-e61-e46-e39-e53-e83-e36-1.webp","type":"image\/webp"}],"twitter_card":"summary_large_image","twitter_misc":{"Est. reading time":"1 min\u016b\u0161u"},"schema":{"@context":"https:\/\/schema.org","@graph":[{"@type":"WebPage","@id":"https:\/\/erformance.eu\/lv\/produkts\/bmw-rakto-korpusas-e60-e61-e63-e46-e36-e39-e38-e53-e83\/","url":"https:\/\/erformance.eu\/lv\/produkts\/bmw-rakto-korpusas-e60-e61-e63-e46-e36-e39-e38-e53-e83\/","name":"BMW rakto korpusas, E60 E61 E63 E46 E36 E39 E38 E53 E83 - Erformance.eu","isPartOf":{"@id":"https:\/\/erformance.eu\/lv\/#website"},"primaryImageOfPage":{"@id":"https:\/\/erformance.eu\/lv\/produkts\/bmw-rakto-korpusas-e60-e61-e63-e46-e36-e39-e38-e53-e83\/#primaryimage"},"image":{"@id":"https:\/\/erformance.eu\/lv\/produkts\/bmw-rakto-korpusas-e60-e61-e63-e46-e36-e39-e38-e53-e83\/#primaryimage"},"thumbnailUrl":"https:\/\/erformance.eu\/wp-content\/uploads\/2025\/06\/bmw-rakto-korpusas-e60-e61-e46-e39-e53-e83-e36-1.webp","datePublished":"2025-06-19T10:01:08+00:00","dateModified":"2026-02-06T08:51:14+00:00","description":"BMW rakto korpusas. E serijos automobiliams (E60 E61 E63 E64 E46 E36 E39 E38 E53 E83). Lengvas keitimas, auk\u0161tos kokyb\u0117s rakto korpusas.","breadcrumb":{"@id":"https:\/\/erformance.eu\/lv\/produkts\/bmw-rakto-korpusas-e60-e61-e63-e46-e36-e39-e38-e53-e83\/#breadcrumb"},"inLanguage":"lv-LV","potentialAction":[{"@type":"ReadAction","target":["https:\/\/erformance.eu\/lv\/produkts\/bmw-rakto-korpusas-e60-e61-e63-e46-e36-e39-e38-e53-e83\/"]}]},{"@type":"ImageObject","inLanguage":"lv-LV","@id":"https:\/\/erformance.eu\/lv\/produkts\/bmw-rakto-korpusas-e60-e61-e63-e46-e36-e39-e38-e53-e83\/#primaryimage","url":"https:\/\/erformance.eu\/wp-content\/uploads\/2025\/06\/bmw-rakto-korpusas-e60-e61-e46-e39-e53-e83-e36-1.webp","contentUrl":"https:\/\/erformance.eu\/wp-content\/uploads\/2025\/06\/bmw-rakto-korpusas-e60-e61-e46-e39-e53-e83-e36-1.webp","width":1080,"height":1080,"caption":"bmw rakto korpusas e seijai i\u0161 priekio"},{"@type":"BreadcrumbList","@id":"https:\/\/erformance.eu\/lv\/produkts\/bmw-rakto-korpusas-e60-e61-e63-e46-e36-e39-e38-e53-e83\/#breadcrumb","itemListElement":[{"@type":"ListItem","position":1,"name":"Home","item":"https:\/\/erformance.eu\/lv\/"},{"@type":"ListItem","position":2,"name":"Veikals","item":"https:\/\/erformance.eu\/lv\/veikals\/"},{"@type":"ListItem","position":3,"name":"BMW rakto korpusas, E60 E61 E63 E46 E36 E39 E38 E53 E83"}]},{"@type":"WebSite","@id":"https:\/\/erformance.eu\/lv\/#website","url":"https:\/\/erformance.eu\/lv\/","name":"Erformance.eu","description":"Automobili\u0173 dali\u0173 parduotuv\u0117","potentialAction":[{"@type":"SearchAction","target":{"@type":"EntryPoint","urlTemplate":"https:\/\/erformance.eu\/lv\/?s={search_term_string}"},"query-input":{"@type":"PropertyValueSpecification","valueRequired":true,"valueName":"search_term_string"}}],"inLanguage":"lv-LV"}]}},"jetpack_sharing_enabled":true,"_links":{"self":[{"href":"https:\/\/erformance.eu\/lv\/wp-json\/wp\/v2\/product\/28775","targetHints":{"allow":["GET"]}}],"collection":[{"href":"https:\/\/erformance.eu\/lv\/wp-json\/wp\/v2\/product"}],"about":[{"href":"https:\/\/erformance.eu\/lv\/wp-json\/wp\/v2\/types\/product"}],"replies":[{"embeddable":true,"href":"https:\/\/erformance.eu\/lv\/wp-json\/wp\/v2\/comments?post=28775"}],"version-history":[{"count":2,"href":"https:\/\/erformance.eu\/lv\/wp-json\/wp\/v2\/product\/28775\/revisions"}],"predecessor-version":[{"id":29021,"href":"https:\/\/erformance.eu\/lv\/wp-json\/wp\/v2\/product\/28775\/revisions\/29021"}],"wp:featuredmedia":[{"embeddable":true,"href":"https:\/\/erformance.eu\/lv\/wp-json\/wp\/v2\/media\/28776"}],"wp:attachment":[{"href":"https:\/\/erformance.eu\/lv\/wp-json\/wp\/v2\/media?parent=28775"}],"wp:term":[{"taxonomy":"product_brand","embeddable":true,"href":"https:\/\/erformance.eu\/lv\/wp-json\/wp\/v2\/product_brand?post=28775"},{"taxonomy":"product_cat","embeddable":true,"href":"https:\/\/erformance.eu\/lv\/wp-json\/wp\/v2\/product_cat?post=28775"},{"taxonomy":"product_tag","embeddable":true,"href":"https:\/\/erformance.eu\/lv\/wp-json\/wp\/v2\/product_tag?post=28775"}],"curies":[{"name":"wp","href":"https:\/\/api.w.org\/{rel}","templated":true}]}}