{"id":28896,"date":"2025-07-16T02:54:12","date_gmt":"2025-07-15T23:54:12","guid":{"rendered":"https:\/\/erformance.eu\/?post_type=product&#038;p=28896"},"modified":"2026-03-03T17:17:17","modified_gmt":"2026-03-03T14:17:17","slug":"bmw-e87-lango-pakelejo-rem-komplektas-kaires-puses-galas","status":"publish","type":"product","link":"https:\/\/erformance.eu\/lv\/produkts\/bmw-e87-lango-pakelejo-rem-komplektas-kaires-puses-galas\/","title":{"rendered":"BMW E87 lango pakel\u0117jo rem komplektas kair\u0117s pus\u0117s, galas"},"content":{"rendered":"<ul>\n<li class=\"ai-optimize-33 ai-optimize-introduction\">BMW E87 lango pakel\u0117jo rem komplektas kair\u0117s pus\u0117s, galas<\/li>\n<\/ul>\n<p class=\"ai-optimize-26\"><strong>Komplekt\u0105 sudaro:<\/strong><\/p>\n<ul>\n<li class=\"ai-optimize-25\">1 vnt. BMW E87 galini\u0173 dur\u0173 kair\u0117s pus\u0117s lango pakel\u0117jo remontinis komplektas<\/li>\n<\/ul>\n<p class=\"ai-optimize-36\"><strong>Savyb\u0117s:<\/strong><\/p>\n<ul>\n<li class=\"ai-optimize-30\">Auk\u0161tos kokyb\u0117s, original\u0105 atitinkanti dalis.<\/li>\n<li class=\"ai-optimize-32\">Lengvas montavimas, laikikliai atitinka originalias vietas.<\/li>\n<li class=\"ai-optimize-31\">\u0160is lango pakel\u0117jas tinka LCI ir PRE LCI E87 modeliams.<\/li>\n<\/ul>\n<p class=\"ai-optimize-38\"><strong>Tinkamumas:<\/strong><\/p>\n<ul>\n<li class=\"ai-optimize-31\"><strong>BMW E87 1 serija, 2004-2011.<\/strong><\/li>\n<\/ul>\n<p class=\"ai-optimize-42\">Erformance.eu elektronin\u0117je parduotuv\u0117je rasite \u012fvairi\u0173 preki\u0173 savo\u00a0<a href=\"https:\/\/erformance.eu\/produkto-kategorija\/bmw\/1-serija\/e81-e82-e87-e88\/\">BMW E87 E88 E81 E82 PRE LCI \u2013 LCI<\/a>\u00a0automobiliui. Nuo smulkiausi\u0173 pried\u0173 iki tiuning dali\u0173 plataus pasirinkimo.<\/p>\n<p class=\"ai-optimize-29\">Prek\u0117 laikoma tiek\u0117j\u0173 sand\u0117lyje Europoje, tod\u0117l galime garantuoti greit\u0105 pristatymo laik\u0105 ( 3-5 darbo dienas).<\/p>\n","protected":false},"excerpt":{"rendered":"<h5 class=\"ai-optimize-38\">BMW E87 kair\u0117s pus\u0117s rem komplektas<\/h5>\n","protected":false},"featured_media":28897,"comment_status":"open","ping_status":"closed","template":"","meta":[],"product_brand":[],"product_cat":[42,2767,3348,3347],"product_tag":[],"class_list":{"0":"post-28896","1":"product","2":"type-product","3":"status-publish","4":"has-post-thumbnail","6":"product_cat-e81-e82-e87-e88","7":"product_cat-e81-e82-e87-e88-isores-dalys","8":"product_cat-e81-e82-e87-e88-isores-kitos-isores-dalys","9":"product_cat-e81-e82-e87-e88-isores-mechanizmai-valytuvai","11":"first","12":"instock","13":"shipping-taxable","14":"purchasable","15":"product-type-simple"},"yoast_head":"<!-- This site is optimized with the Yoast SEO Premium plugin v25.2 (Yoast SEO v27.3) - https:\/\/yoast.com\/product\/yoast-seo-premium-wordpress\/ -->\n<title>BMW E87 lango pakel\u0117jo rem komplektas kair\u0117s pus\u0117s, galas - Erformance.eu<\/title>\n<meta name=\"description\" content=\"BMW E87 lango pakel\u0117jo rem komplektas kair\u0117s pus\u0117s galas. Tinka LCI ir PRE LCI 1 serijos modeliams. Auk\u0161tos kokyb\u0117s remontinis pakel\u0117jo komplektas.\" \/>\n<meta name=\"robots\" content=\"index, follow, max-snippet:-1, max-image-preview:large, max-video-preview:-1\" \/>\n<link rel=\"canonical\" href=\"https:\/\/erformance.eu\/lv\/produkts\/bmw-e87-lango-pakelejo-rem-komplektas-kaires-puses-galas\/\" \/>\n<meta property=\"og:locale\" content=\"lv_LV\" \/>\n<meta property=\"og:type\" content=\"article\" \/>\n<meta property=\"og:title\" content=\"BMW E87 lango pakel\u0117jo rem komplektas kair\u0117s pus\u0117s, galas\" \/>\n<meta property=\"og:description\" content=\"BMW E87 lango pakel\u0117jo rem komplektas kair\u0117s pus\u0117s galas. Tinka LCI ir PRE LCI 1 serijos modeliams. Auk\u0161tos kokyb\u0117s remontinis pakel\u0117jo komplektas.\" \/>\n<meta property=\"og:url\" content=\"https:\/\/erformance.eu\/lv\/produkts\/bmw-e87-lango-pakelejo-rem-komplektas-kaires-puses-galas\/\" \/>\n<meta property=\"og:site_name\" content=\"Erformance.eu\" \/>\n<meta property=\"article:modified_time\" content=\"2026-03-03T14:17:17+00:00\" \/>\n<meta property=\"og:image\" content=\"https:\/\/erformance.eu\/wp-content\/uploads\/2025\/07\/bmw-e87-lango-pakelejo-remontinis-komplektas-kaires-puses-galinis-1.webp\" \/>\n\t<meta property=\"og:image:width\" content=\"1080\" \/>\n\t<meta property=\"og:image:height\" content=\"1080\" \/>\n\t<meta property=\"og:image:type\" content=\"image\/webp\" \/>\n<meta name=\"twitter:card\" content=\"summary_large_image\" \/>\n<meta name=\"twitter:label1\" content=\"Est. reading time\" \/>\n\t<meta name=\"twitter:data1\" content=\"1 min\u016b\u0161u\" \/>\n<script type=\"application\/ld+json\" class=\"yoast-schema-graph\">{\"@context\":\"https:\\\/\\\/schema.org\",\"@graph\":[{\"@type\":\"WebPage\",\"@id\":\"https:\\\/\\\/erformance.eu\\\/lv\\\/produkts\\\/bmw-e87-lango-pakelejo-rem-komplektas-kaires-puses-galas\\\/\",\"url\":\"https:\\\/\\\/erformance.eu\\\/lv\\\/produkts\\\/bmw-e87-lango-pakelejo-rem-komplektas-kaires-puses-galas\\\/\",\"name\":\"BMW E87 lango pakel\u0117jo rem komplektas kair\u0117s pus\u0117s, galas - Erformance.eu\",\"isPartOf\":{\"@id\":\"https:\\\/\\\/erformance.eu\\\/lv\\\/#website\"},\"primaryImageOfPage\":{\"@id\":\"https:\\\/\\\/erformance.eu\\\/lv\\\/produkts\\\/bmw-e87-lango-pakelejo-rem-komplektas-kaires-puses-galas\\\/#primaryimage\"},\"image\":{\"@id\":\"https:\\\/\\\/erformance.eu\\\/lv\\\/produkts\\\/bmw-e87-lango-pakelejo-rem-komplektas-kaires-puses-galas\\\/#primaryimage\"},\"thumbnailUrl\":\"https:\\\/\\\/erformance.eu\\\/wp-content\\\/uploads\\\/2025\\\/07\\\/bmw-e87-lango-pakelejo-remontinis-komplektas-kaires-puses-galinis-1.webp\",\"datePublished\":\"2025-07-15T23:54:12+00:00\",\"dateModified\":\"2026-03-03T14:17:17+00:00\",\"description\":\"BMW E87 lango pakel\u0117jo rem komplektas kair\u0117s pus\u0117s galas. Tinka LCI ir PRE LCI 1 serijos modeliams. Auk\u0161tos kokyb\u0117s remontinis pakel\u0117jo komplektas.\",\"breadcrumb\":{\"@id\":\"https:\\\/\\\/erformance.eu\\\/lv\\\/produkts\\\/bmw-e87-lango-pakelejo-rem-komplektas-kaires-puses-galas\\\/#breadcrumb\"},\"inLanguage\":\"lv-LV\",\"potentialAction\":[{\"@type\":\"ReadAction\",\"target\":[\"https:\\\/\\\/erformance.eu\\\/lv\\\/produkts\\\/bmw-e87-lango-pakelejo-rem-komplektas-kaires-puses-galas\\\/\"]}]},{\"@type\":\"ImageObject\",\"inLanguage\":\"lv-LV\",\"@id\":\"https:\\\/\\\/erformance.eu\\\/lv\\\/produkts\\\/bmw-e87-lango-pakelejo-rem-komplektas-kaires-puses-galas\\\/#primaryimage\",\"url\":\"https:\\\/\\\/erformance.eu\\\/wp-content\\\/uploads\\\/2025\\\/07\\\/bmw-e87-lango-pakelejo-remontinis-komplektas-kaires-puses-galinis-1.webp\",\"contentUrl\":\"https:\\\/\\\/erformance.eu\\\/wp-content\\\/uploads\\\/2025\\\/07\\\/bmw-e87-lango-pakelejo-remontinis-komplektas-kaires-puses-galinis-1.webp\",\"width\":1080,\"height\":1080,\"caption\":\"bmw e87 lango pakel\u0117jo rem remontinis komplektas kair\u0117s pus\u0117s galui i\u0161 priekio\"},{\"@type\":\"BreadcrumbList\",\"@id\":\"https:\\\/\\\/erformance.eu\\\/lv\\\/produkts\\\/bmw-e87-lango-pakelejo-rem-komplektas-kaires-puses-galas\\\/#breadcrumb\",\"itemListElement\":[{\"@type\":\"ListItem\",\"position\":1,\"name\":\"Home\",\"item\":\"https:\\\/\\\/erformance.eu\\\/lv\\\/\"},{\"@type\":\"ListItem\",\"position\":2,\"name\":\"Veikals\",\"item\":\"https:\\\/\\\/erformance.eu\\\/lv\\\/veikals\\\/\"},{\"@type\":\"ListItem\",\"position\":3,\"name\":\"BMW E87 lango pakel\u0117jo rem komplektas kair\u0117s pus\u0117s, galas\"}]},{\"@type\":\"WebSite\",\"@id\":\"https:\\\/\\\/erformance.eu\\\/lv\\\/#website\",\"url\":\"https:\\\/\\\/erformance.eu\\\/lv\\\/\",\"name\":\"Erformance.eu\",\"description\":\"Automobili\u0173 dali\u0173 parduotuv\u0117\",\"potentialAction\":[{\"@type\":\"SearchAction\",\"target\":{\"@type\":\"EntryPoint\",\"urlTemplate\":\"https:\\\/\\\/erformance.eu\\\/lv\\\/?s={search_term_string}\"},\"query-input\":{\"@type\":\"PropertyValueSpecification\",\"valueRequired\":true,\"valueName\":\"search_term_string\"}}],\"inLanguage\":\"lv-LV\"}]}<\/script>\n<!-- \/ Yoast SEO Premium plugin. -->","yoast_head_json":{"title":"BMW E87 lango pakel\u0117jo rem komplektas kair\u0117s pus\u0117s, galas - Erformance.eu","description":"BMW E87 lango pakel\u0117jo rem komplektas kair\u0117s pus\u0117s galas. Tinka LCI ir PRE LCI 1 serijos modeliams. Auk\u0161tos kokyb\u0117s remontinis pakel\u0117jo komplektas.","robots":{"index":"index","follow":"follow","max-snippet":"max-snippet:-1","max-image-preview":"max-image-preview:large","max-video-preview":"max-video-preview:-1"},"canonical":"https:\/\/erformance.eu\/lv\/produkts\/bmw-e87-lango-pakelejo-rem-komplektas-kaires-puses-galas\/","og_locale":"lv_LV","og_type":"article","og_title":"BMW E87 lango pakel\u0117jo rem komplektas kair\u0117s pus\u0117s, galas","og_description":"BMW E87 lango pakel\u0117jo rem komplektas kair\u0117s pus\u0117s galas. Tinka LCI ir PRE LCI 1 serijos modeliams. Auk\u0161tos kokyb\u0117s remontinis pakel\u0117jo komplektas.","og_url":"https:\/\/erformance.eu\/lv\/produkts\/bmw-e87-lango-pakelejo-rem-komplektas-kaires-puses-galas\/","og_site_name":"Erformance.eu","article_modified_time":"2026-03-03T14:17:17+00:00","og_image":[{"width":1080,"height":1080,"url":"https:\/\/erformance.eu\/wp-content\/uploads\/2025\/07\/bmw-e87-lango-pakelejo-remontinis-komplektas-kaires-puses-galinis-1.webp","type":"image\/webp"}],"twitter_card":"summary_large_image","twitter_misc":{"Est. reading time":"1 min\u016b\u0161u"},"schema":{"@context":"https:\/\/schema.org","@graph":[{"@type":"WebPage","@id":"https:\/\/erformance.eu\/lv\/produkts\/bmw-e87-lango-pakelejo-rem-komplektas-kaires-puses-galas\/","url":"https:\/\/erformance.eu\/lv\/produkts\/bmw-e87-lango-pakelejo-rem-komplektas-kaires-puses-galas\/","name":"BMW E87 lango pakel\u0117jo rem komplektas kair\u0117s pus\u0117s, galas - Erformance.eu","isPartOf":{"@id":"https:\/\/erformance.eu\/lv\/#website"},"primaryImageOfPage":{"@id":"https:\/\/erformance.eu\/lv\/produkts\/bmw-e87-lango-pakelejo-rem-komplektas-kaires-puses-galas\/#primaryimage"},"image":{"@id":"https:\/\/erformance.eu\/lv\/produkts\/bmw-e87-lango-pakelejo-rem-komplektas-kaires-puses-galas\/#primaryimage"},"thumbnailUrl":"https:\/\/erformance.eu\/wp-content\/uploads\/2025\/07\/bmw-e87-lango-pakelejo-remontinis-komplektas-kaires-puses-galinis-1.webp","datePublished":"2025-07-15T23:54:12+00:00","dateModified":"2026-03-03T14:17:17+00:00","description":"BMW E87 lango pakel\u0117jo rem komplektas kair\u0117s pus\u0117s galas. Tinka LCI ir PRE LCI 1 serijos modeliams. Auk\u0161tos kokyb\u0117s remontinis pakel\u0117jo komplektas.","breadcrumb":{"@id":"https:\/\/erformance.eu\/lv\/produkts\/bmw-e87-lango-pakelejo-rem-komplektas-kaires-puses-galas\/#breadcrumb"},"inLanguage":"lv-LV","potentialAction":[{"@type":"ReadAction","target":["https:\/\/erformance.eu\/lv\/produkts\/bmw-e87-lango-pakelejo-rem-komplektas-kaires-puses-galas\/"]}]},{"@type":"ImageObject","inLanguage":"lv-LV","@id":"https:\/\/erformance.eu\/lv\/produkts\/bmw-e87-lango-pakelejo-rem-komplektas-kaires-puses-galas\/#primaryimage","url":"https:\/\/erformance.eu\/wp-content\/uploads\/2025\/07\/bmw-e87-lango-pakelejo-remontinis-komplektas-kaires-puses-galinis-1.webp","contentUrl":"https:\/\/erformance.eu\/wp-content\/uploads\/2025\/07\/bmw-e87-lango-pakelejo-remontinis-komplektas-kaires-puses-galinis-1.webp","width":1080,"height":1080,"caption":"bmw e87 lango pakel\u0117jo rem remontinis komplektas kair\u0117s pus\u0117s galui i\u0161 priekio"},{"@type":"BreadcrumbList","@id":"https:\/\/erformance.eu\/lv\/produkts\/bmw-e87-lango-pakelejo-rem-komplektas-kaires-puses-galas\/#breadcrumb","itemListElement":[{"@type":"ListItem","position":1,"name":"Home","item":"https:\/\/erformance.eu\/lv\/"},{"@type":"ListItem","position":2,"name":"Veikals","item":"https:\/\/erformance.eu\/lv\/veikals\/"},{"@type":"ListItem","position":3,"name":"BMW E87 lango pakel\u0117jo rem komplektas kair\u0117s pus\u0117s, galas"}]},{"@type":"WebSite","@id":"https:\/\/erformance.eu\/lv\/#website","url":"https:\/\/erformance.eu\/lv\/","name":"Erformance.eu","description":"Automobili\u0173 dali\u0173 parduotuv\u0117","potentialAction":[{"@type":"SearchAction","target":{"@type":"EntryPoint","urlTemplate":"https:\/\/erformance.eu\/lv\/?s={search_term_string}"},"query-input":{"@type":"PropertyValueSpecification","valueRequired":true,"valueName":"search_term_string"}}],"inLanguage":"lv-LV"}]}},"jetpack_sharing_enabled":true,"_links":{"self":[{"href":"https:\/\/erformance.eu\/lv\/wp-json\/wp\/v2\/product\/28896","targetHints":{"allow":["GET"]}}],"collection":[{"href":"https:\/\/erformance.eu\/lv\/wp-json\/wp\/v2\/product"}],"about":[{"href":"https:\/\/erformance.eu\/lv\/wp-json\/wp\/v2\/types\/product"}],"replies":[{"embeddable":true,"href":"https:\/\/erformance.eu\/lv\/wp-json\/wp\/v2\/comments?post=28896"}],"version-history":[{"count":1,"href":"https:\/\/erformance.eu\/lv\/wp-json\/wp\/v2\/product\/28896\/revisions"}],"predecessor-version":[{"id":28899,"href":"https:\/\/erformance.eu\/lv\/wp-json\/wp\/v2\/product\/28896\/revisions\/28899"}],"wp:featuredmedia":[{"embeddable":true,"href":"https:\/\/erformance.eu\/lv\/wp-json\/wp\/v2\/media\/28897"}],"wp:attachment":[{"href":"https:\/\/erformance.eu\/lv\/wp-json\/wp\/v2\/media?parent=28896"}],"wp:term":[{"taxonomy":"product_brand","embeddable":true,"href":"https:\/\/erformance.eu\/lv\/wp-json\/wp\/v2\/product_brand?post=28896"},{"taxonomy":"product_cat","embeddable":true,"href":"https:\/\/erformance.eu\/lv\/wp-json\/wp\/v2\/product_cat?post=28896"},{"taxonomy":"product_tag","embeddable":true,"href":"https:\/\/erformance.eu\/lv\/wp-json\/wp\/v2\/product_tag?post=28896"}],"curies":[{"name":"wp","href":"https:\/\/api.w.org\/{rel}","templated":true}]}}