{"id":29102,"date":"2025-08-07T01:03:05","date_gmt":"2025-08-06T22:03:05","guid":{"rendered":"https:\/\/erformance.eu\/?post_type=product&#038;p=29102"},"modified":"2026-04-29T20:23:02","modified_gmt":"2026-04-29T17:23:02","slug":"bmw-f10-f11-veidrodeliu-dangteliai-lci-blizgus-juodi","status":"publish","type":"product","link":"https:\/\/erformance.eu\/lv\/produkts\/bmw-f10-f11-veidrodeliu-dangteliai-lci-blizgus-juodi\/","title":{"rendered":"BMW F10 F11 veidrod\u0117li\u0173 dangteliai LCI, blizg\u016bs juodi"},"content":{"rendered":"<ul>\n<li class=\"ai-optimize-33 ai-optimize-introduction\">BMW F10 F11 veidrod\u0117li\u0173 dangteliai LCI, blizg\u016bs juodi.<\/li>\n<\/ul>\n<p class=\"ai-optimize-26\"><strong>Komplekt\u0105 sudaro:<\/strong><\/p>\n<ul>\n<li class=\"ai-optimize-25\">2 vnt. veidrod\u0117li\u0173 dangteli\u0173 (kair\u0117 ir de\u0161in\u0117 pus\u0117s).<\/li>\n<\/ul>\n<p class=\"ai-optimize-35\"><strong>Spalva:<\/strong><\/p>\n<ul>\n<li class=\"ai-optimize-35\">blizgi juoda (gloss black).<\/li>\n<\/ul>\n<p class=\"ai-optimize-36\"><strong>Savyb\u0117s:<\/strong><\/p>\n<ul>\n<li class=\"ai-optimize-29\">Veidrod\u0117li\u0173 dangteliai pagaminti i\u0161 tvirto ABS plastiko.<\/li>\n<li class=\"ai-optimize-30\">Tvirti, auk\u0161tos kokyb\u0117s laikikliai.<\/li>\n<li class=\"ai-optimize-31\">Veidrod\u0117li\u0173 dangteliai padengti auk\u0161tos kokyb\u0117s da\u017eais, tod\u0117l tarnauja ir i\u0161laiko savo blizges\u012f ilg\u0105 laik\u0105.<\/li>\n<li class=\"ai-optimize-32\">Lengvas montavimas, laikikliai atitinka originalias vietas.<\/li>\n<li class=\"ai-optimize-40\">\u0160ie veidrod\u0117li\u0173 dangteliai tinka BMW F10 F11 LCI modeliams nuo 2014 m. iki 2017 m.<\/li>\n<\/ul>\n<p class=\"ai-optimize-38\"><strong>Tinkamumas:<\/strong><\/p>\n<ul>\n<li class=\"ai-optimize-31\"><strong>BMW F10 5 serija,\u00a0<\/strong>2014-2017 (LCI).<\/li>\n<li class=\"ai-optimize-34\"><strong>BMW F11 5 serija,<\/strong> 2014-2017 (LCI).<\/li>\n<\/ul>\n<p class=\"ai-optimize-41\">Atnaujinkite automobilio i\u0161vaizd\u0105 ir suteikite agresyv\u0173, bei modern\u0173 stili\u0173.<\/p>\n<p class=\"ai-optimize-42\">Erformance.eu elektronin\u0117je parduotuv\u0117je rasite \u012fvairi\u0173 preki\u0173 savo\u00a0<a href=\"https:\/\/erformance.eu\/produkto-kategorija\/bmw\/5-serija\/f10-f11-f18\/\">BMW F10 F11 LCI ir PRE LCI\u00a0<\/a>automobiliui. Nuo smulkiausi\u0173 pried\u0173 iki tiuning dali\u0173 plataus pasirinkimo.<\/p>\n<p class=\"ai-optimize-29\">Prek\u0117 laikoma tiek\u0117j\u0173 sand\u0117lyje Europoje, tod\u0117l galime garantuoti greit\u0105 pristatymo laik\u0105 ( 3-5 darbo dienas).<\/p>\n","protected":false},"excerpt":{"rendered":"<h5 class=\"ai-optimize-36\">BMW F10 F11 LCI<\/h5>\n","protected":false},"featured_media":29103,"comment_status":"open","ping_status":"closed","template":"","meta":[],"product_brand":[],"product_cat":[57,54,65,51],"product_tag":[],"class_list":{"0":"post-29102","1":"product","2":"type-product","3":"status-publish","4":"has-post-thumbnail","6":"product_cat-f01-f02","7":"product_cat-f06-f12-f13","8":"product_cat-f07","9":"product_cat-f10-f11-f18","11":"first","12":"instock","13":"shipping-taxable","14":"purchasable","15":"product-type-simple"},"yoast_head":"<!-- This site is optimized with the Yoast SEO Premium plugin v25.2 (Yoast SEO v27.4) - https:\/\/yoast.com\/product\/yoast-seo-premium-wordpress\/ -->\n<title>BMW F10 F11 veidrod\u0117li\u0173 dangteliai LCI, blizg\u016bs juodi - Erformance.eu<\/title>\n<meta name=\"description\" content=\"BMW F10 F11 veidrod\u0117li\u0173 dangteliai LCI, blizg\u016bs juodi. Tinka 5 serijos modeliams nuo 2014 m. iki 2017 m. Auk\u0161tos kokyb\u0117s veidrod\u0117li\u0173 dangteliai.\" \/>\n<meta name=\"robots\" content=\"index, follow, max-snippet:-1, max-image-preview:large, max-video-preview:-1\" \/>\n<link rel=\"canonical\" href=\"https:\/\/erformance.eu\/lv\/produkts\/bmw-f10-f11-veidrodeliu-dangteliai-lci-blizgus-juodi\/\" \/>\n<meta property=\"og:locale\" content=\"lv_LV\" \/>\n<meta property=\"og:type\" content=\"article\" \/>\n<meta property=\"og:title\" content=\"BMW F10 F11 veidrod\u0117li\u0173 dangteliai LCI, blizg\u016bs juodi\" \/>\n<meta property=\"og:description\" content=\"BMW F10 F11 veidrod\u0117li\u0173 dangteliai LCI, blizg\u016bs juodi. Tinka 5 serijos modeliams nuo 2014 m. iki 2017 m. Auk\u0161tos kokyb\u0117s veidrod\u0117li\u0173 dangteliai.\" \/>\n<meta property=\"og:url\" content=\"https:\/\/erformance.eu\/lv\/produkts\/bmw-f10-f11-veidrodeliu-dangteliai-lci-blizgus-juodi\/\" \/>\n<meta property=\"og:site_name\" content=\"Erformance.eu\" \/>\n<meta property=\"article:modified_time\" content=\"2026-04-29T17:23:02+00:00\" \/>\n<meta property=\"og:image\" content=\"https:\/\/erformance.eu\/wp-content\/uploads\/2025\/08\/bmw-f10-f11-lci-veidrodeliu-dangteliai-m-blizgus-juodi-1.webp\" \/>\n\t<meta property=\"og:image:width\" content=\"1080\" \/>\n\t<meta property=\"og:image:height\" content=\"1080\" \/>\n\t<meta property=\"og:image:type\" content=\"image\/webp\" \/>\n<meta name=\"twitter:card\" content=\"summary_large_image\" \/>\n<meta name=\"twitter:label1\" content=\"Est. reading time\" \/>\n\t<meta name=\"twitter:data1\" content=\"1 min\u016b\u0161u\" \/>\n<script type=\"application\/ld+json\" class=\"yoast-schema-graph\">{\"@context\":\"https:\\\/\\\/schema.org\",\"@graph\":[{\"@type\":\"WebPage\",\"@id\":\"https:\\\/\\\/erformance.eu\\\/lv\\\/produkts\\\/bmw-f10-f11-veidrodeliu-dangteliai-lci-blizgus-juodi\\\/\",\"url\":\"https:\\\/\\\/erformance.eu\\\/lv\\\/produkts\\\/bmw-f10-f11-veidrodeliu-dangteliai-lci-blizgus-juodi\\\/\",\"name\":\"BMW F10 F11 veidrod\u0117li\u0173 dangteliai LCI, blizg\u016bs juodi - Erformance.eu\",\"isPartOf\":{\"@id\":\"https:\\\/\\\/erformance.eu\\\/lv\\\/#website\"},\"primaryImageOfPage\":{\"@id\":\"https:\\\/\\\/erformance.eu\\\/lv\\\/produkts\\\/bmw-f10-f11-veidrodeliu-dangteliai-lci-blizgus-juodi\\\/#primaryimage\"},\"image\":{\"@id\":\"https:\\\/\\\/erformance.eu\\\/lv\\\/produkts\\\/bmw-f10-f11-veidrodeliu-dangteliai-lci-blizgus-juodi\\\/#primaryimage\"},\"thumbnailUrl\":\"https:\\\/\\\/erformance.eu\\\/wp-content\\\/uploads\\\/2025\\\/08\\\/bmw-f10-f11-lci-veidrodeliu-dangteliai-m-blizgus-juodi-1.webp\",\"datePublished\":\"2025-08-06T22:03:05+00:00\",\"dateModified\":\"2026-04-29T17:23:02+00:00\",\"description\":\"BMW F10 F11 veidrod\u0117li\u0173 dangteliai LCI, blizg\u016bs juodi. Tinka 5 serijos modeliams nuo 2014 m. iki 2017 m. Auk\u0161tos kokyb\u0117s veidrod\u0117li\u0173 dangteliai.\",\"breadcrumb\":{\"@id\":\"https:\\\/\\\/erformance.eu\\\/lv\\\/produkts\\\/bmw-f10-f11-veidrodeliu-dangteliai-lci-blizgus-juodi\\\/#breadcrumb\"},\"inLanguage\":\"lv-LV\",\"potentialAction\":[{\"@type\":\"ReadAction\",\"target\":[\"https:\\\/\\\/erformance.eu\\\/lv\\\/produkts\\\/bmw-f10-f11-veidrodeliu-dangteliai-lci-blizgus-juodi\\\/\"]}]},{\"@type\":\"ImageObject\",\"inLanguage\":\"lv-LV\",\"@id\":\"https:\\\/\\\/erformance.eu\\\/lv\\\/produkts\\\/bmw-f10-f11-veidrodeliu-dangteliai-lci-blizgus-juodi\\\/#primaryimage\",\"url\":\"https:\\\/\\\/erformance.eu\\\/wp-content\\\/uploads\\\/2025\\\/08\\\/bmw-f10-f11-lci-veidrodeliu-dangteliai-m-blizgus-juodi-1.webp\",\"contentUrl\":\"https:\\\/\\\/erformance.eu\\\/wp-content\\\/uploads\\\/2025\\\/08\\\/bmw-f10-f11-lci-veidrodeliu-dangteliai-m-blizgus-juodi-1.webp\",\"width\":1080,\"height\":1080,\"caption\":\"bmw f10 f11 veidrod\u0117li\u0173 dangteliai LCI blizg\u016bs juodi. M stiliaus, pagrindin\u0117\"},{\"@type\":\"BreadcrumbList\",\"@id\":\"https:\\\/\\\/erformance.eu\\\/lv\\\/produkts\\\/bmw-f10-f11-veidrodeliu-dangteliai-lci-blizgus-juodi\\\/#breadcrumb\",\"itemListElement\":[{\"@type\":\"ListItem\",\"position\":1,\"name\":\"Home\",\"item\":\"https:\\\/\\\/erformance.eu\\\/lv\\\/\"},{\"@type\":\"ListItem\",\"position\":2,\"name\":\"Veikals\",\"item\":\"https:\\\/\\\/erformance.eu\\\/lv\\\/veikals\\\/\"},{\"@type\":\"ListItem\",\"position\":3,\"name\":\"BMW F10 F11 veidrod\u0117li\u0173 dangteliai LCI, blizg\u016bs juodi\"}]},{\"@type\":\"WebSite\",\"@id\":\"https:\\\/\\\/erformance.eu\\\/lv\\\/#website\",\"url\":\"https:\\\/\\\/erformance.eu\\\/lv\\\/\",\"name\":\"Erformance.eu\",\"description\":\"Automobili\u0173 dali\u0173 parduotuv\u0117\",\"potentialAction\":[{\"@type\":\"SearchAction\",\"target\":{\"@type\":\"EntryPoint\",\"urlTemplate\":\"https:\\\/\\\/erformance.eu\\\/lv\\\/?s={search_term_string}\"},\"query-input\":{\"@type\":\"PropertyValueSpecification\",\"valueRequired\":true,\"valueName\":\"search_term_string\"}}],\"inLanguage\":\"lv-LV\"}]}<\/script>\n<!-- \/ Yoast SEO Premium plugin. -->","yoast_head_json":{"title":"BMW F10 F11 veidrod\u0117li\u0173 dangteliai LCI, blizg\u016bs juodi - Erformance.eu","description":"BMW F10 F11 veidrod\u0117li\u0173 dangteliai LCI, blizg\u016bs juodi. Tinka 5 serijos modeliams nuo 2014 m. iki 2017 m. Auk\u0161tos kokyb\u0117s veidrod\u0117li\u0173 dangteliai.","robots":{"index":"index","follow":"follow","max-snippet":"max-snippet:-1","max-image-preview":"max-image-preview:large","max-video-preview":"max-video-preview:-1"},"canonical":"https:\/\/erformance.eu\/lv\/produkts\/bmw-f10-f11-veidrodeliu-dangteliai-lci-blizgus-juodi\/","og_locale":"lv_LV","og_type":"article","og_title":"BMW F10 F11 veidrod\u0117li\u0173 dangteliai LCI, blizg\u016bs juodi","og_description":"BMW F10 F11 veidrod\u0117li\u0173 dangteliai LCI, blizg\u016bs juodi. Tinka 5 serijos modeliams nuo 2014 m. iki 2017 m. Auk\u0161tos kokyb\u0117s veidrod\u0117li\u0173 dangteliai.","og_url":"https:\/\/erformance.eu\/lv\/produkts\/bmw-f10-f11-veidrodeliu-dangteliai-lci-blizgus-juodi\/","og_site_name":"Erformance.eu","article_modified_time":"2026-04-29T17:23:02+00:00","og_image":[{"width":1080,"height":1080,"url":"https:\/\/erformance.eu\/wp-content\/uploads\/2025\/08\/bmw-f10-f11-lci-veidrodeliu-dangteliai-m-blizgus-juodi-1.webp","type":"image\/webp"}],"twitter_card":"summary_large_image","twitter_misc":{"Est. reading time":"1 min\u016b\u0161u"},"schema":{"@context":"https:\/\/schema.org","@graph":[{"@type":"WebPage","@id":"https:\/\/erformance.eu\/lv\/produkts\/bmw-f10-f11-veidrodeliu-dangteliai-lci-blizgus-juodi\/","url":"https:\/\/erformance.eu\/lv\/produkts\/bmw-f10-f11-veidrodeliu-dangteliai-lci-blizgus-juodi\/","name":"BMW F10 F11 veidrod\u0117li\u0173 dangteliai LCI, blizg\u016bs juodi - Erformance.eu","isPartOf":{"@id":"https:\/\/erformance.eu\/lv\/#website"},"primaryImageOfPage":{"@id":"https:\/\/erformance.eu\/lv\/produkts\/bmw-f10-f11-veidrodeliu-dangteliai-lci-blizgus-juodi\/#primaryimage"},"image":{"@id":"https:\/\/erformance.eu\/lv\/produkts\/bmw-f10-f11-veidrodeliu-dangteliai-lci-blizgus-juodi\/#primaryimage"},"thumbnailUrl":"https:\/\/erformance.eu\/wp-content\/uploads\/2025\/08\/bmw-f10-f11-lci-veidrodeliu-dangteliai-m-blizgus-juodi-1.webp","datePublished":"2025-08-06T22:03:05+00:00","dateModified":"2026-04-29T17:23:02+00:00","description":"BMW F10 F11 veidrod\u0117li\u0173 dangteliai LCI, blizg\u016bs juodi. Tinka 5 serijos modeliams nuo 2014 m. iki 2017 m. Auk\u0161tos kokyb\u0117s veidrod\u0117li\u0173 dangteliai.","breadcrumb":{"@id":"https:\/\/erformance.eu\/lv\/produkts\/bmw-f10-f11-veidrodeliu-dangteliai-lci-blizgus-juodi\/#breadcrumb"},"inLanguage":"lv-LV","potentialAction":[{"@type":"ReadAction","target":["https:\/\/erformance.eu\/lv\/produkts\/bmw-f10-f11-veidrodeliu-dangteliai-lci-blizgus-juodi\/"]}]},{"@type":"ImageObject","inLanguage":"lv-LV","@id":"https:\/\/erformance.eu\/lv\/produkts\/bmw-f10-f11-veidrodeliu-dangteliai-lci-blizgus-juodi\/#primaryimage","url":"https:\/\/erformance.eu\/wp-content\/uploads\/2025\/08\/bmw-f10-f11-lci-veidrodeliu-dangteliai-m-blizgus-juodi-1.webp","contentUrl":"https:\/\/erformance.eu\/wp-content\/uploads\/2025\/08\/bmw-f10-f11-lci-veidrodeliu-dangteliai-m-blizgus-juodi-1.webp","width":1080,"height":1080,"caption":"bmw f10 f11 veidrod\u0117li\u0173 dangteliai LCI blizg\u016bs juodi. M stiliaus, pagrindin\u0117"},{"@type":"BreadcrumbList","@id":"https:\/\/erformance.eu\/lv\/produkts\/bmw-f10-f11-veidrodeliu-dangteliai-lci-blizgus-juodi\/#breadcrumb","itemListElement":[{"@type":"ListItem","position":1,"name":"Home","item":"https:\/\/erformance.eu\/lv\/"},{"@type":"ListItem","position":2,"name":"Veikals","item":"https:\/\/erformance.eu\/lv\/veikals\/"},{"@type":"ListItem","position":3,"name":"BMW F10 F11 veidrod\u0117li\u0173 dangteliai LCI, blizg\u016bs juodi"}]},{"@type":"WebSite","@id":"https:\/\/erformance.eu\/lv\/#website","url":"https:\/\/erformance.eu\/lv\/","name":"Erformance.eu","description":"Automobili\u0173 dali\u0173 parduotuv\u0117","potentialAction":[{"@type":"SearchAction","target":{"@type":"EntryPoint","urlTemplate":"https:\/\/erformance.eu\/lv\/?s={search_term_string}"},"query-input":{"@type":"PropertyValueSpecification","valueRequired":true,"valueName":"search_term_string"}}],"inLanguage":"lv-LV"}]}},"jetpack_sharing_enabled":true,"_links":{"self":[{"href":"https:\/\/erformance.eu\/lv\/wp-json\/wp\/v2\/product\/29102","targetHints":{"allow":["GET"]}}],"collection":[{"href":"https:\/\/erformance.eu\/lv\/wp-json\/wp\/v2\/product"}],"about":[{"href":"https:\/\/erformance.eu\/lv\/wp-json\/wp\/v2\/types\/product"}],"replies":[{"embeddable":true,"href":"https:\/\/erformance.eu\/lv\/wp-json\/wp\/v2\/comments?post=29102"}],"version-history":[{"count":1,"href":"https:\/\/erformance.eu\/lv\/wp-json\/wp\/v2\/product\/29102\/revisions"}],"predecessor-version":[{"id":29106,"href":"https:\/\/erformance.eu\/lv\/wp-json\/wp\/v2\/product\/29102\/revisions\/29106"}],"wp:featuredmedia":[{"embeddable":true,"href":"https:\/\/erformance.eu\/lv\/wp-json\/wp\/v2\/media\/29103"}],"wp:attachment":[{"href":"https:\/\/erformance.eu\/lv\/wp-json\/wp\/v2\/media?parent=29102"}],"wp:term":[{"taxonomy":"product_brand","embeddable":true,"href":"https:\/\/erformance.eu\/lv\/wp-json\/wp\/v2\/product_brand?post=29102"},{"taxonomy":"product_cat","embeddable":true,"href":"https:\/\/erformance.eu\/lv\/wp-json\/wp\/v2\/product_cat?post=29102"},{"taxonomy":"product_tag","embeddable":true,"href":"https:\/\/erformance.eu\/lv\/wp-json\/wp\/v2\/product_tag?post=29102"}],"curies":[{"name":"wp","href":"https:\/\/api.w.org\/{rel}","templated":true}]}}