{"id":29296,"date":"2025-09-03T22:16:49","date_gmt":"2025-09-03T19:16:49","guid":{"rendered":"https:\/\/erformance.eu\/?post_type=product&#038;p=29296"},"modified":"2026-04-28T20:18:50","modified_gmt":"2026-04-28T17:18:50","slug":"universalus-spliteriai-ir-lipas-komplektas-blizgus-juodi","status":"publish","type":"product","link":"https:\/\/erformance.eu\/lv\/produkts\/universalus-spliteriai-ir-lipas-komplektas-blizgus-juodi\/","title":{"rendered":"Universal\u016bs spliteriai ir lipas (komplektas), blizg\u016bs juodi"},"content":{"rendered":"<ul>\n<li class=\"ai-optimize-25 ai-optimize-introduction\">Universal\u016bs spliteriai ir lipas (komplektas), blizg\u016bs juodi.<\/li>\n<\/ul>\n<p class=\"ai-optimize-26\"><strong>Komplekt\u0105 sudaro:<\/strong><\/p>\n<ul>\n<li class=\"ai-optimize-25\">Universalus bamperio lipas (pa\u017eeminimas).<\/li>\n<li class=\"ai-optimize-36\">Tvirtinimo var\u017etai.<\/li>\n<li class=\"ai-optimize-27\">Galinio bamperio spliteriai (pa\u017eeminimai).<\/li>\n<\/ul>\n<p class=\"ai-optimize-36\"><strong>Savyb\u0117s:<\/strong><\/p>\n<ul>\n<li class=\"ai-optimize-29\">Lipas ir spliteriai pagaminti i\u0161 tvirto ABS plastiko.<\/li>\n<li class=\"ai-optimize-31\">Bamperio lipas ir spliteriai padengti auk\u0161tos kokyb\u0117s da\u017eais, tod\u0117l tarnauja ir i\u0161laiko savo blizges\u012f ilg\u0105 laik\u0105.<\/li>\n<li class=\"ai-optimize-32\">Lengvas montavimas.<\/li>\n<li class=\"ai-optimize-37\">Tinka visiems automobili\u0173 bamperiams.<\/li>\n<li class=\"ai-optimize-25\">Lipas (bamperio pa\u017eeminimas) susideda i\u0161 3 atskir\u0173 dali\u0173, tod\u0117l galima pritaikyti pagal bamperio linijas.<\/li>\n<li class=\"ai-optimize-28\">Galinio bamperio spliteriai tinka daugeliui automobili\u0173, galite pritaikyti pagal automobilio linijas.<\/li>\n<\/ul>\n<p class=\"ai-optimize-38\"><strong>Tinkamumas:<\/strong><\/p>\n<ul>\n<li class=\"ai-optimize-30\">TINKA VISIEMS AUTOMOBILIAMS.<\/li>\n<\/ul>\n<p class=\"ai-optimize-41\">Atnaujinkite automobilio i\u0161vaizd\u0105 ir suteikite agresyv\u0173, bei modern\u0173 stili\u0173.<\/p>\n<p class=\"ai-optimize-42\"><a href=\"https:\/\/erformance.eu\/\">Erformance.eu<\/a>\u00a0elektronin\u0117je parduotuv\u0117je rasite \u012fvairi\u0173 preki\u0173 savo\u00a0automobiliui. Nuo smulkiausi\u0173 pried\u0173 iki tiuning dali\u0173 plataus pasirinkimo.<\/p>\n<p class=\"ai-optimize-29\">Prek\u0117 laikoma tiek\u0117j\u0173 sand\u0117lyje Europoje, tod\u0117l galime garantuoti greit\u0105 pristatymo laik\u0105 ( 3-5 darbo dienas).<\/p>\n","protected":false},"excerpt":{"rendered":"<h5 class=\"ai-optimize-31\">Universali\u0173 apdail\u0173 komplektas<\/h5>\n","protected":false},"featured_media":29298,"comment_status":"open","ping_status":"closed","template":"","meta":[],"product_brand":[],"product_cat":[122,123,124,125,126,127,128,129,144,121,44,55,49,45,61,50,53,56,62,140,42,59,58,46,139,57,54,65,51,141,63,43,66,60,173,47,48,64,171,172,170,52,138,2767,2768,2771,3344,3352,3376,145,24,146,130,131,132,133,134,135,136,375],"product_tag":[],"class_list":{"0":"post-29296","1":"product","2":"type-product","3":"status-publish","4":"has-post-thumbnail","6":"product_cat-1-serija","7":"product_cat-2-serija","8":"product_cat-3-serija","9":"product_cat-4-serija","10":"product_cat-5-serija","11":"product_cat-6-serija","12":"product_cat-7-serija","13":"product_cat-8-serija","14":"product_cat-audi","15":"product_cat-bmw","16":"product_cat-e36","17":"product_cat-e38","18":"product_cat-e39","19":"product_cat-e46","20":"product_cat-e53","21":"product_cat-e60-e61","22":"product_cat-e63-e64","23":"product_cat-e65-e66-e67-e68","24":"product_cat-e70","25":"product_cat-e71-e72","26":"product_cat-e81-e82-e87-e88","27":"product_cat-e83","28":"product_cat-e84","29":"product_cat-e90-e91","30":"product_cat-e92-e93","31":"product_cat-f01-f02","32":"product_cat-f06-f12-f13","33":"product_cat-f07","34":"product_cat-f10-f11-f18","35":"product_cat-f15","36":"product_cat-f16","37":"product_cat-f20-f21","38":"product_cat-f22-f23","39":"product_cat-f25","40":"product_cat-f26","41":"product_cat-f30-f31","42":"product_cat-f32-f33-f36","43":"product_cat-f34","44":"product_cat-g01","45":"product_cat-g02","46":"product_cat-g20-g21","47":"product_cat-g30-g31","48":"product_cat-i-serija","49":"product_cat-e81-e82-e87-e88-isores-dalys","50":"product_cat-f20-f21-isores-dalys","51":"product_cat-e90-e91-isores-dalys","52":"product_cat-e81-e82-e87-e88-isores-lipai-spliteriai","53":"product_cat-f20-f21-isores-lipai-spliteriai","54":"product_cat-e90-e91-isores-lipai-spliteriai","55":"product_cat-mercedes-benz","56":"product_cat-tuning-dalys","57":"product_cat-volvo","58":"product_cat-x1-serija","59":"product_cat-x2-serija","60":"product_cat-x3-serija","61":"product_cat-x4-serija","62":"product_cat-x5-serija","63":"product_cat-x6-serija","64":"product_cat-x7-serija","65":"product_cat-z-serija","67":"first","68":"instock","69":"shipping-taxable","70":"purchasable","71":"product-type-simple"},"yoast_head":"<!-- This site is optimized with the Yoast SEO Premium plugin v25.2 (Yoast SEO v27.4) - https:\/\/yoast.com\/product\/yoast-seo-premium-wordpress\/ -->\n<title>Universal\u016bs spliteriai ir lipas (komplektas), blizg\u016bs juodi - Erformance.eu<\/title>\n<meta name=\"description\" content=\"Universal\u016bs spliteriai ir lipas (komplektas), blizg\u016bs juodi. \u0160is apdailos komplektas tinka daugeliui automobili\u0173, kadangi galite pritaikyti pagal linijas.\" \/>\n<meta name=\"robots\" content=\"index, follow, max-snippet:-1, max-image-preview:large, max-video-preview:-1\" \/>\n<link rel=\"canonical\" href=\"https:\/\/erformance.eu\/lv\/produkts\/universalus-spliteriai-ir-lipas-komplektas-blizgus-juodi\/\" \/>\n<meta property=\"og:locale\" content=\"lv_LV\" \/>\n<meta property=\"og:type\" content=\"article\" \/>\n<meta property=\"og:title\" content=\"Universal\u016bs spliteriai ir lipas (komplektas), blizg\u016bs juodi\" \/>\n<meta property=\"og:description\" content=\"Universal\u016bs spliteriai ir lipas (komplektas), blizg\u016bs juodi. \u0160is apdailos komplektas tinka daugeliui automobili\u0173, kadangi galite pritaikyti pagal linijas.\" \/>\n<meta property=\"og:url\" content=\"https:\/\/erformance.eu\/lv\/produkts\/universalus-spliteriai-ir-lipas-komplektas-blizgus-juodi\/\" \/>\n<meta property=\"og:site_name\" content=\"Erformance.eu\" \/>\n<meta property=\"article:modified_time\" content=\"2026-04-28T17:18:50+00:00\" \/>\n<meta property=\"og:image\" content=\"https:\/\/erformance.eu\/wp-content\/uploads\/2025\/09\/lipas-galiniai-spliteriai-pazeminimas-apdailos-komplektas-1.webp\" \/>\n\t<meta property=\"og:image:width\" content=\"1080\" \/>\n\t<meta property=\"og:image:height\" content=\"1080\" \/>\n\t<meta property=\"og:image:type\" content=\"image\/webp\" \/>\n<meta name=\"twitter:card\" content=\"summary_large_image\" \/>\n<meta name=\"twitter:label1\" content=\"Est. reading time\" \/>\n\t<meta name=\"twitter:data1\" content=\"1 min\u016b\u0161u\" \/>\n<script type=\"application\/ld+json\" class=\"yoast-schema-graph\">{\"@context\":\"https:\\\/\\\/schema.org\",\"@graph\":[{\"@type\":\"WebPage\",\"@id\":\"https:\\\/\\\/erformance.eu\\\/lv\\\/produkts\\\/universalus-spliteriai-ir-lipas-komplektas-blizgus-juodi\\\/\",\"url\":\"https:\\\/\\\/erformance.eu\\\/lv\\\/produkts\\\/universalus-spliteriai-ir-lipas-komplektas-blizgus-juodi\\\/\",\"name\":\"Universal\u016bs spliteriai ir lipas (komplektas), blizg\u016bs juodi - Erformance.eu\",\"isPartOf\":{\"@id\":\"https:\\\/\\\/erformance.eu\\\/lv\\\/#website\"},\"primaryImageOfPage\":{\"@id\":\"https:\\\/\\\/erformance.eu\\\/lv\\\/produkts\\\/universalus-spliteriai-ir-lipas-komplektas-blizgus-juodi\\\/#primaryimage\"},\"image\":{\"@id\":\"https:\\\/\\\/erformance.eu\\\/lv\\\/produkts\\\/universalus-spliteriai-ir-lipas-komplektas-blizgus-juodi\\\/#primaryimage\"},\"thumbnailUrl\":\"https:\\\/\\\/erformance.eu\\\/wp-content\\\/uploads\\\/2025\\\/09\\\/lipas-galiniai-spliteriai-pazeminimas-apdailos-komplektas-1.webp\",\"datePublished\":\"2025-09-03T19:16:49+00:00\",\"dateModified\":\"2026-04-28T17:18:50+00:00\",\"description\":\"Universal\u016bs spliteriai ir lipas (komplektas), blizg\u016bs juodi. \u0160is apdailos komplektas tinka daugeliui automobili\u0173, kadangi galite pritaikyti pagal linijas.\",\"breadcrumb\":{\"@id\":\"https:\\\/\\\/erformance.eu\\\/lv\\\/produkts\\\/universalus-spliteriai-ir-lipas-komplektas-blizgus-juodi\\\/#breadcrumb\"},\"inLanguage\":\"lv-LV\",\"potentialAction\":[{\"@type\":\"ReadAction\",\"target\":[\"https:\\\/\\\/erformance.eu\\\/lv\\\/produkts\\\/universalus-spliteriai-ir-lipas-komplektas-blizgus-juodi\\\/\"]}]},{\"@type\":\"ImageObject\",\"inLanguage\":\"lv-LV\",\"@id\":\"https:\\\/\\\/erformance.eu\\\/lv\\\/produkts\\\/universalus-spliteriai-ir-lipas-komplektas-blizgus-juodi\\\/#primaryimage\",\"url\":\"https:\\\/\\\/erformance.eu\\\/wp-content\\\/uploads\\\/2025\\\/09\\\/lipas-galiniai-spliteriai-pazeminimas-apdailos-komplektas-1.webp\",\"contentUrl\":\"https:\\\/\\\/erformance.eu\\\/wp-content\\\/uploads\\\/2025\\\/09\\\/lipas-galiniai-spliteriai-pazeminimas-apdailos-komplektas-1.webp\",\"width\":1080,\"height\":1080,\"caption\":\"Universal\u016bs spliteriai ir lipas blizg\u016bs juodi, apdailos komplektas i\u0161 priekio\"},{\"@type\":\"BreadcrumbList\",\"@id\":\"https:\\\/\\\/erformance.eu\\\/lv\\\/produkts\\\/universalus-spliteriai-ir-lipas-komplektas-blizgus-juodi\\\/#breadcrumb\",\"itemListElement\":[{\"@type\":\"ListItem\",\"position\":1,\"name\":\"Home\",\"item\":\"https:\\\/\\\/erformance.eu\\\/lv\\\/\"},{\"@type\":\"ListItem\",\"position\":2,\"name\":\"Veikals\",\"item\":\"https:\\\/\\\/erformance.eu\\\/lv\\\/veikals\\\/\"},{\"@type\":\"ListItem\",\"position\":3,\"name\":\"Universal\u016bs spliteriai ir lipas (komplektas), blizg\u016bs juodi\"}]},{\"@type\":\"WebSite\",\"@id\":\"https:\\\/\\\/erformance.eu\\\/lv\\\/#website\",\"url\":\"https:\\\/\\\/erformance.eu\\\/lv\\\/\",\"name\":\"Erformance.eu\",\"description\":\"Automobili\u0173 dali\u0173 parduotuv\u0117\",\"potentialAction\":[{\"@type\":\"SearchAction\",\"target\":{\"@type\":\"EntryPoint\",\"urlTemplate\":\"https:\\\/\\\/erformance.eu\\\/lv\\\/?s={search_term_string}\"},\"query-input\":{\"@type\":\"PropertyValueSpecification\",\"valueRequired\":true,\"valueName\":\"search_term_string\"}}],\"inLanguage\":\"lv-LV\"}]}<\/script>\n<!-- \/ Yoast SEO Premium plugin. -->","yoast_head_json":{"title":"Universal\u016bs spliteriai ir lipas (komplektas), blizg\u016bs juodi - Erformance.eu","description":"Universal\u016bs spliteriai ir lipas (komplektas), blizg\u016bs juodi. \u0160is apdailos komplektas tinka daugeliui automobili\u0173, kadangi galite pritaikyti pagal linijas.","robots":{"index":"index","follow":"follow","max-snippet":"max-snippet:-1","max-image-preview":"max-image-preview:large","max-video-preview":"max-video-preview:-1"},"canonical":"https:\/\/erformance.eu\/lv\/produkts\/universalus-spliteriai-ir-lipas-komplektas-blizgus-juodi\/","og_locale":"lv_LV","og_type":"article","og_title":"Universal\u016bs spliteriai ir lipas (komplektas), blizg\u016bs juodi","og_description":"Universal\u016bs spliteriai ir lipas (komplektas), blizg\u016bs juodi. \u0160is apdailos komplektas tinka daugeliui automobili\u0173, kadangi galite pritaikyti pagal linijas.","og_url":"https:\/\/erformance.eu\/lv\/produkts\/universalus-spliteriai-ir-lipas-komplektas-blizgus-juodi\/","og_site_name":"Erformance.eu","article_modified_time":"2026-04-28T17:18:50+00:00","og_image":[{"width":1080,"height":1080,"url":"https:\/\/erformance.eu\/wp-content\/uploads\/2025\/09\/lipas-galiniai-spliteriai-pazeminimas-apdailos-komplektas-1.webp","type":"image\/webp"}],"twitter_card":"summary_large_image","twitter_misc":{"Est. reading time":"1 min\u016b\u0161u"},"schema":{"@context":"https:\/\/schema.org","@graph":[{"@type":"WebPage","@id":"https:\/\/erformance.eu\/lv\/produkts\/universalus-spliteriai-ir-lipas-komplektas-blizgus-juodi\/","url":"https:\/\/erformance.eu\/lv\/produkts\/universalus-spliteriai-ir-lipas-komplektas-blizgus-juodi\/","name":"Universal\u016bs spliteriai ir lipas (komplektas), blizg\u016bs juodi - Erformance.eu","isPartOf":{"@id":"https:\/\/erformance.eu\/lv\/#website"},"primaryImageOfPage":{"@id":"https:\/\/erformance.eu\/lv\/produkts\/universalus-spliteriai-ir-lipas-komplektas-blizgus-juodi\/#primaryimage"},"image":{"@id":"https:\/\/erformance.eu\/lv\/produkts\/universalus-spliteriai-ir-lipas-komplektas-blizgus-juodi\/#primaryimage"},"thumbnailUrl":"https:\/\/erformance.eu\/wp-content\/uploads\/2025\/09\/lipas-galiniai-spliteriai-pazeminimas-apdailos-komplektas-1.webp","datePublished":"2025-09-03T19:16:49+00:00","dateModified":"2026-04-28T17:18:50+00:00","description":"Universal\u016bs spliteriai ir lipas (komplektas), blizg\u016bs juodi. \u0160is apdailos komplektas tinka daugeliui automobili\u0173, kadangi galite pritaikyti pagal linijas.","breadcrumb":{"@id":"https:\/\/erformance.eu\/lv\/produkts\/universalus-spliteriai-ir-lipas-komplektas-blizgus-juodi\/#breadcrumb"},"inLanguage":"lv-LV","potentialAction":[{"@type":"ReadAction","target":["https:\/\/erformance.eu\/lv\/produkts\/universalus-spliteriai-ir-lipas-komplektas-blizgus-juodi\/"]}]},{"@type":"ImageObject","inLanguage":"lv-LV","@id":"https:\/\/erformance.eu\/lv\/produkts\/universalus-spliteriai-ir-lipas-komplektas-blizgus-juodi\/#primaryimage","url":"https:\/\/erformance.eu\/wp-content\/uploads\/2025\/09\/lipas-galiniai-spliteriai-pazeminimas-apdailos-komplektas-1.webp","contentUrl":"https:\/\/erformance.eu\/wp-content\/uploads\/2025\/09\/lipas-galiniai-spliteriai-pazeminimas-apdailos-komplektas-1.webp","width":1080,"height":1080,"caption":"Universal\u016bs spliteriai ir lipas blizg\u016bs juodi, apdailos komplektas i\u0161 priekio"},{"@type":"BreadcrumbList","@id":"https:\/\/erformance.eu\/lv\/produkts\/universalus-spliteriai-ir-lipas-komplektas-blizgus-juodi\/#breadcrumb","itemListElement":[{"@type":"ListItem","position":1,"name":"Home","item":"https:\/\/erformance.eu\/lv\/"},{"@type":"ListItem","position":2,"name":"Veikals","item":"https:\/\/erformance.eu\/lv\/veikals\/"},{"@type":"ListItem","position":3,"name":"Universal\u016bs spliteriai ir lipas (komplektas), blizg\u016bs juodi"}]},{"@type":"WebSite","@id":"https:\/\/erformance.eu\/lv\/#website","url":"https:\/\/erformance.eu\/lv\/","name":"Erformance.eu","description":"Automobili\u0173 dali\u0173 parduotuv\u0117","potentialAction":[{"@type":"SearchAction","target":{"@type":"EntryPoint","urlTemplate":"https:\/\/erformance.eu\/lv\/?s={search_term_string}"},"query-input":{"@type":"PropertyValueSpecification","valueRequired":true,"valueName":"search_term_string"}}],"inLanguage":"lv-LV"}]}},"jetpack_sharing_enabled":true,"_links":{"self":[{"href":"https:\/\/erformance.eu\/lv\/wp-json\/wp\/v2\/product\/29296","targetHints":{"allow":["GET"]}}],"collection":[{"href":"https:\/\/erformance.eu\/lv\/wp-json\/wp\/v2\/product"}],"about":[{"href":"https:\/\/erformance.eu\/lv\/wp-json\/wp\/v2\/types\/product"}],"replies":[{"embeddable":true,"href":"https:\/\/erformance.eu\/lv\/wp-json\/wp\/v2\/comments?post=29296"}],"version-history":[{"count":3,"href":"https:\/\/erformance.eu\/lv\/wp-json\/wp\/v2\/product\/29296\/revisions"}],"predecessor-version":[{"id":29912,"href":"https:\/\/erformance.eu\/lv\/wp-json\/wp\/v2\/product\/29296\/revisions\/29912"}],"wp:featuredmedia":[{"embeddable":true,"href":"https:\/\/erformance.eu\/lv\/wp-json\/wp\/v2\/media\/29298"}],"wp:attachment":[{"href":"https:\/\/erformance.eu\/lv\/wp-json\/wp\/v2\/media?parent=29296"}],"wp:term":[{"taxonomy":"product_brand","embeddable":true,"href":"https:\/\/erformance.eu\/lv\/wp-json\/wp\/v2\/product_brand?post=29296"},{"taxonomy":"product_cat","embeddable":true,"href":"https:\/\/erformance.eu\/lv\/wp-json\/wp\/v2\/product_cat?post=29296"},{"taxonomy":"product_tag","embeddable":true,"href":"https:\/\/erformance.eu\/lv\/wp-json\/wp\/v2\/product_tag?post=29296"}],"curies":[{"name":"wp","href":"https:\/\/api.w.org\/{rel}","templated":true}]}}