{"id":30895,"date":"2025-10-15T22:26:35","date_gmt":"2025-10-15T19:26:35","guid":{"rendered":"https:\/\/erformance.eu\/produktas\/bmw-e60-m4-stila-spoileris-03-10-spidigi-melns\/"},"modified":"2026-04-16T08:47:05","modified_gmt":"2026-04-16T05:47:05","slug":"bmw-e60-m4-stila-spoileris-03-10-spidigi-melns","status":"publish","type":"product","link":"https:\/\/erformance.eu\/lv\/produkts\/bmw-e60-m4-stila-spoileris-03-10-spidigi-melns\/","title":{"rendered":"BMW E60 M4 stila spoileris (03\u201310), sp\u012bd\u012bgi melns"},"content":{"rendered":"<ul>\n<li class=\"ai-optimize-33 ai-optimize-introduction\">BMW E60 M4 stila spoileris (03\u201310), sp\u012bd\u012bgi melns.<\/li>\n<\/ul>\n<p class=\"ai-optimize-26\"><strong>Komplekt\u0101 ietilpst:<\/strong><\/p>\n<ul>\n<li class=\"ai-optimize-25\">1 gab. M4 stila spoileris.<\/li>\n<li class=\"ai-optimize-35\">Divpus\u0113ja l\u012bmlente stiprin\u0101\u0161anai.<\/li>\n<\/ul>\n<p class=\"ai-optimize-35\"><strong>Kr\u0101sa:<\/strong><\/p>\n<ul>\n<li class=\"ai-optimize-35\">Melna, glanc\u0113ta (Black gloss)<\/li>\n<\/ul>\n<p class=\"ai-optimize-36\"><strong>\u012apa\u0161\u012bbas:<\/strong><\/p>\n<ul>\n<li class=\"ai-optimize-29\">Spoileris izgatavots no iztur\u012bgas ABS plastmasas.<\/li>\n<li class=\"ai-optimize-31\">Spoileris p\u0101rkl\u0101ts ar augstas kvalit\u0101tes kr\u0101su, t\u0101p\u0113c kalpo ilgi un saglab\u0101 sp\u012bdumu.<\/li>\n<li class=\"ai-optimize-32\">Vienk\u0101r\u0161a uzst\u0101d\u012b\u0161ana.<\/li>\n<li class=\"ai-optimize-40\">BMW 5. s\u0113rijas E60 M4 stila spoileris der LCI un PRE LCI mode\u013ciem no 2003. l\u012bdz 2010. gadam<\/li>\n<\/ul>\n<p class=\"ai-optimize-38\"><strong>Piem\u0113rot\u012bba:<\/strong><\/p>\n<ul>\n<li class=\"ai-optimize-27\"><strong>BMW E60 5 s\u0113rijas,<\/strong> 2003-2010 (PRE LCI \u2013 LCI).<\/li>\n<\/ul>\n<p class=\"ai-optimize-41\">Atjaunojiet automobi\u013ca izskatu un pie\u0161\u0137iriet agres\u012bvu un modernu stilu.<\/p>\n<p class=\"ai-optimize-42\">Veikals Erformance.eu pied\u0101v\u0101 da\u017e\u0101das preces J\u016bsu <a href=\"https:\/\/erformance.eu\/lv\/produkta-kategorija\/bmw\/5-serija\/e60-e61\/\">BMW E60 LCI \u2013 PRE LCI <\/a>automa\u0161\u012bnai. No maz\u0101kajiem aksesu\u0101riem l\u012bdz pla\u0161am t\u016bninga deta\u013cu kl\u0101stam.<\/p>\n<p class=\"ai-optimize-29\">Prece tiek uzglab\u0101ta pieg\u0101d\u0101t\u0101ju noliktav\u0101 Eirop\u0101, t\u0101p\u0113c varam garant\u0113t \u0101tru pieg\u0101des laiku (3\u20135 darba dienas).<\/p>\n","protected":false},"excerpt":{"rendered":"<h5 class=\"ai-optimize-29\">BMW E60 M4 stila spoileris.<\/h5>\n","protected":false},"featured_media":30892,"comment_status":"open","ping_status":"closed","template":"","meta":[],"product_brand":[],"product_cat":[278],"product_tag":[],"class_list":{"0":"post-30895","1":"product","2":"type-product","3":"status-publish","4":"has-post-thumbnail","6":"product_cat-e60-e61","8":"first","9":"instock","10":"sale","11":"shipping-taxable","12":"purchasable","13":"product-type-simple"},"yoast_head":"<!-- This site is optimized with the Yoast SEO Premium plugin v25.2 (Yoast SEO v27.4) - https:\/\/yoast.com\/product\/yoast-seo-premium-wordpress\/ -->\n<title>BMW E60 M4 stila spoileris (03\u201310), sp\u012bd\u012bgi melns - Erformance.eu<\/title>\n<meta name=\"description\" content=\"BMW E60 M4 stila spoileris (03\u201310), sp\u012bd\u012bgi melns. Der LCI un PRE LCI mode\u013ciem. Spoileris izgatavots no iztur\u012bgas ABS plastmasas. Kr\u0101sa \u2013 sp\u012bd\u012bgi melna.\" \/>\n<meta name=\"robots\" content=\"index, follow, max-snippet:-1, max-image-preview:large, max-video-preview:-1\" \/>\n<link rel=\"canonical\" href=\"https:\/\/erformance.eu\/lv\/produkts\/bmw-e60-m4-stila-spoileris-03-10-spidigi-melns\/\" \/>\n<meta property=\"og:locale\" content=\"lv_LV\" \/>\n<meta property=\"og:type\" content=\"article\" \/>\n<meta property=\"og:title\" content=\"BMW E60 M4 stila spoileris (03\u201310), sp\u012bd\u012bgi melns\" \/>\n<meta property=\"og:description\" content=\"BMW E60 M4 stila spoileris (03\u201310), sp\u012bd\u012bgi melns. Der LCI un PRE LCI mode\u013ciem. Spoileris izgatavots no iztur\u012bgas ABS plastmasas. Kr\u0101sa \u2013 sp\u012bd\u012bgi melna.\" \/>\n<meta property=\"og:url\" content=\"https:\/\/erformance.eu\/lv\/produkts\/bmw-e60-m4-stila-spoileris-03-10-spidigi-melns\/\" \/>\n<meta property=\"og:site_name\" content=\"Erformance.eu\" \/>\n<meta property=\"article:modified_time\" content=\"2026-04-16T05:47:05+00:00\" \/>\n<meta property=\"og:image\" content=\"https:\/\/erformance.eu\/wp-content\/uploads\/2025\/10\/bmw-e60-m4-stiliaus-spoileris-blizgus-juodas-1.webp\" \/>\n\t<meta property=\"og:image:width\" content=\"1080\" \/>\n\t<meta property=\"og:image:height\" content=\"1080\" \/>\n\t<meta property=\"og:image:type\" content=\"image\/webp\" \/>\n<meta name=\"twitter:card\" content=\"summary_large_image\" \/>\n<meta name=\"twitter:label1\" content=\"Est. reading time\" \/>\n\t<meta name=\"twitter:data1\" content=\"1 min\u016b\u0161u\" \/>\n<script type=\"application\/ld+json\" class=\"yoast-schema-graph\">{\"@context\":\"https:\\\/\\\/schema.org\",\"@graph\":[{\"@type\":\"WebPage\",\"@id\":\"https:\\\/\\\/erformance.eu\\\/lv\\\/produkts\\\/bmw-e60-m4-stila-spoileris-03-10-spidigi-melns\\\/\",\"url\":\"https:\\\/\\\/erformance.eu\\\/lv\\\/produkts\\\/bmw-e60-m4-stila-spoileris-03-10-spidigi-melns\\\/\",\"name\":\"BMW E60 M4 stila spoileris (03\u201310), sp\u012bd\u012bgi melns - Erformance.eu\",\"isPartOf\":{\"@id\":\"https:\\\/\\\/erformance.eu\\\/lv\\\/#website\"},\"primaryImageOfPage\":{\"@id\":\"https:\\\/\\\/erformance.eu\\\/lv\\\/produkts\\\/bmw-e60-m4-stila-spoileris-03-10-spidigi-melns\\\/#primaryimage\"},\"image\":{\"@id\":\"https:\\\/\\\/erformance.eu\\\/lv\\\/produkts\\\/bmw-e60-m4-stila-spoileris-03-10-spidigi-melns\\\/#primaryimage\"},\"thumbnailUrl\":\"https:\\\/\\\/erformance.eu\\\/wp-content\\\/uploads\\\/2025\\\/10\\\/bmw-e60-m4-stiliaus-spoileris-blizgus-juodas-1.webp\",\"datePublished\":\"2025-10-15T19:26:35+00:00\",\"dateModified\":\"2026-04-16T05:47:05+00:00\",\"description\":\"BMW E60 M4 stila spoileris (03\u201310), sp\u012bd\u012bgi melns. Der LCI un PRE LCI mode\u013ciem. Spoileris izgatavots no iztur\u012bgas ABS plastmasas. Kr\u0101sa \u2013 sp\u012bd\u012bgi melna.\",\"breadcrumb\":{\"@id\":\"https:\\\/\\\/erformance.eu\\\/lv\\\/produkts\\\/bmw-e60-m4-stila-spoileris-03-10-spidigi-melns\\\/#breadcrumb\"},\"inLanguage\":\"lv-LV\",\"potentialAction\":[{\"@type\":\"ReadAction\",\"target\":[\"https:\\\/\\\/erformance.eu\\\/lv\\\/produkts\\\/bmw-e60-m4-stila-spoileris-03-10-spidigi-melns\\\/\"]}]},{\"@type\":\"ImageObject\",\"inLanguage\":\"lv-LV\",\"@id\":\"https:\\\/\\\/erformance.eu\\\/lv\\\/produkts\\\/bmw-e60-m4-stila-spoileris-03-10-spidigi-melns\\\/#primaryimage\",\"url\":\"https:\\\/\\\/erformance.eu\\\/wp-content\\\/uploads\\\/2025\\\/10\\\/bmw-e60-m4-stiliaus-spoileris-blizgus-juodas-1.webp\",\"contentUrl\":\"https:\\\/\\\/erformance.eu\\\/wp-content\\\/uploads\\\/2025\\\/10\\\/bmw-e60-m4-stiliaus-spoileris-blizgus-juodas-1.webp\",\"width\":1080,\"height\":1080,\"caption\":\"BMW E60 M4 stila spoileris, sp\u012bd\u012bgi melns\"},{\"@type\":\"BreadcrumbList\",\"@id\":\"https:\\\/\\\/erformance.eu\\\/lv\\\/produkts\\\/bmw-e60-m4-stila-spoileris-03-10-spidigi-melns\\\/#breadcrumb\",\"itemListElement\":[{\"@type\":\"ListItem\",\"position\":1,\"name\":\"Home\",\"item\":\"https:\\\/\\\/erformance.eu\\\/lv\\\/\"},{\"@type\":\"ListItem\",\"position\":2,\"name\":\"Veikals\",\"item\":\"https:\\\/\\\/erformance.eu\\\/lv\\\/veikals\\\/\"},{\"@type\":\"ListItem\",\"position\":3,\"name\":\"BMW E60 M4 stila spoileris (03\u201310), sp\u012bd\u012bgi melns\"}]},{\"@type\":\"WebSite\",\"@id\":\"https:\\\/\\\/erformance.eu\\\/lv\\\/#website\",\"url\":\"https:\\\/\\\/erformance.eu\\\/lv\\\/\",\"name\":\"Erformance.eu\",\"description\":\"Automobili\u0173 dali\u0173 parduotuv\u0117\",\"potentialAction\":[{\"@type\":\"SearchAction\",\"target\":{\"@type\":\"EntryPoint\",\"urlTemplate\":\"https:\\\/\\\/erformance.eu\\\/lv\\\/?s={search_term_string}\"},\"query-input\":{\"@type\":\"PropertyValueSpecification\",\"valueRequired\":true,\"valueName\":\"search_term_string\"}}],\"inLanguage\":\"lv-LV\"}]}<\/script>\n<!-- \/ Yoast SEO Premium plugin. -->","yoast_head_json":{"title":"BMW E60 M4 stila spoileris (03\u201310), sp\u012bd\u012bgi melns - Erformance.eu","description":"BMW E60 M4 stila spoileris (03\u201310), sp\u012bd\u012bgi melns. Der LCI un PRE LCI mode\u013ciem. Spoileris izgatavots no iztur\u012bgas ABS plastmasas. Kr\u0101sa \u2013 sp\u012bd\u012bgi melna.","robots":{"index":"index","follow":"follow","max-snippet":"max-snippet:-1","max-image-preview":"max-image-preview:large","max-video-preview":"max-video-preview:-1"},"canonical":"https:\/\/erformance.eu\/lv\/produkts\/bmw-e60-m4-stila-spoileris-03-10-spidigi-melns\/","og_locale":"lv_LV","og_type":"article","og_title":"BMW E60 M4 stila spoileris (03\u201310), sp\u012bd\u012bgi melns","og_description":"BMW E60 M4 stila spoileris (03\u201310), sp\u012bd\u012bgi melns. Der LCI un PRE LCI mode\u013ciem. Spoileris izgatavots no iztur\u012bgas ABS plastmasas. Kr\u0101sa \u2013 sp\u012bd\u012bgi melna.","og_url":"https:\/\/erformance.eu\/lv\/produkts\/bmw-e60-m4-stila-spoileris-03-10-spidigi-melns\/","og_site_name":"Erformance.eu","article_modified_time":"2026-04-16T05:47:05+00:00","og_image":[{"width":1080,"height":1080,"url":"https:\/\/erformance.eu\/wp-content\/uploads\/2025\/10\/bmw-e60-m4-stiliaus-spoileris-blizgus-juodas-1.webp","type":"image\/webp"}],"twitter_card":"summary_large_image","twitter_misc":{"Est. reading time":"1 min\u016b\u0161u"},"schema":{"@context":"https:\/\/schema.org","@graph":[{"@type":"WebPage","@id":"https:\/\/erformance.eu\/lv\/produkts\/bmw-e60-m4-stila-spoileris-03-10-spidigi-melns\/","url":"https:\/\/erformance.eu\/lv\/produkts\/bmw-e60-m4-stila-spoileris-03-10-spidigi-melns\/","name":"BMW E60 M4 stila spoileris (03\u201310), sp\u012bd\u012bgi melns - Erformance.eu","isPartOf":{"@id":"https:\/\/erformance.eu\/lv\/#website"},"primaryImageOfPage":{"@id":"https:\/\/erformance.eu\/lv\/produkts\/bmw-e60-m4-stila-spoileris-03-10-spidigi-melns\/#primaryimage"},"image":{"@id":"https:\/\/erformance.eu\/lv\/produkts\/bmw-e60-m4-stila-spoileris-03-10-spidigi-melns\/#primaryimage"},"thumbnailUrl":"https:\/\/erformance.eu\/wp-content\/uploads\/2025\/10\/bmw-e60-m4-stiliaus-spoileris-blizgus-juodas-1.webp","datePublished":"2025-10-15T19:26:35+00:00","dateModified":"2026-04-16T05:47:05+00:00","description":"BMW E60 M4 stila spoileris (03\u201310), sp\u012bd\u012bgi melns. Der LCI un PRE LCI mode\u013ciem. Spoileris izgatavots no iztur\u012bgas ABS plastmasas. Kr\u0101sa \u2013 sp\u012bd\u012bgi melna.","breadcrumb":{"@id":"https:\/\/erformance.eu\/lv\/produkts\/bmw-e60-m4-stila-spoileris-03-10-spidigi-melns\/#breadcrumb"},"inLanguage":"lv-LV","potentialAction":[{"@type":"ReadAction","target":["https:\/\/erformance.eu\/lv\/produkts\/bmw-e60-m4-stila-spoileris-03-10-spidigi-melns\/"]}]},{"@type":"ImageObject","inLanguage":"lv-LV","@id":"https:\/\/erformance.eu\/lv\/produkts\/bmw-e60-m4-stila-spoileris-03-10-spidigi-melns\/#primaryimage","url":"https:\/\/erformance.eu\/wp-content\/uploads\/2025\/10\/bmw-e60-m4-stiliaus-spoileris-blizgus-juodas-1.webp","contentUrl":"https:\/\/erformance.eu\/wp-content\/uploads\/2025\/10\/bmw-e60-m4-stiliaus-spoileris-blizgus-juodas-1.webp","width":1080,"height":1080,"caption":"BMW E60 M4 stila spoileris, sp\u012bd\u012bgi melns"},{"@type":"BreadcrumbList","@id":"https:\/\/erformance.eu\/lv\/produkts\/bmw-e60-m4-stila-spoileris-03-10-spidigi-melns\/#breadcrumb","itemListElement":[{"@type":"ListItem","position":1,"name":"Home","item":"https:\/\/erformance.eu\/lv\/"},{"@type":"ListItem","position":2,"name":"Veikals","item":"https:\/\/erformance.eu\/lv\/veikals\/"},{"@type":"ListItem","position":3,"name":"BMW E60 M4 stila spoileris (03\u201310), sp\u012bd\u012bgi melns"}]},{"@type":"WebSite","@id":"https:\/\/erformance.eu\/lv\/#website","url":"https:\/\/erformance.eu\/lv\/","name":"Erformance.eu","description":"Automobili\u0173 dali\u0173 parduotuv\u0117","potentialAction":[{"@type":"SearchAction","target":{"@type":"EntryPoint","urlTemplate":"https:\/\/erformance.eu\/lv\/?s={search_term_string}"},"query-input":{"@type":"PropertyValueSpecification","valueRequired":true,"valueName":"search_term_string"}}],"inLanguage":"lv-LV"}]}},"jetpack_sharing_enabled":true,"_links":{"self":[{"href":"https:\/\/erformance.eu\/lv\/wp-json\/wp\/v2\/product\/30895","targetHints":{"allow":["GET"]}}],"collection":[{"href":"https:\/\/erformance.eu\/lv\/wp-json\/wp\/v2\/product"}],"about":[{"href":"https:\/\/erformance.eu\/lv\/wp-json\/wp\/v2\/types\/product"}],"replies":[{"embeddable":true,"href":"https:\/\/erformance.eu\/lv\/wp-json\/wp\/v2\/comments?post=30895"}],"version-history":[{"count":1,"href":"https:\/\/erformance.eu\/lv\/wp-json\/wp\/v2\/product\/30895\/revisions"}],"predecessor-version":[{"id":66149,"href":"https:\/\/erformance.eu\/lv\/wp-json\/wp\/v2\/product\/30895\/revisions\/66149"}],"wp:featuredmedia":[{"embeddable":true,"href":"https:\/\/erformance.eu\/lv\/wp-json\/wp\/v2\/media\/30892"}],"wp:attachment":[{"href":"https:\/\/erformance.eu\/lv\/wp-json\/wp\/v2\/media?parent=30895"}],"wp:term":[{"taxonomy":"product_brand","embeddable":true,"href":"https:\/\/erformance.eu\/lv\/wp-json\/wp\/v2\/product_brand?post=30895"},{"taxonomy":"product_cat","embeddable":true,"href":"https:\/\/erformance.eu\/lv\/wp-json\/wp\/v2\/product_cat?post=30895"},{"taxonomy":"product_tag","embeddable":true,"href":"https:\/\/erformance.eu\/lv\/wp-json\/wp\/v2\/product_tag?post=30895"}],"curies":[{"name":"wp","href":"https:\/\/api.w.org\/{rel}","templated":true}]}}