{"id":30902,"date":"2025-10-08T00:57:49","date_gmt":"2025-10-07T21:57:49","guid":{"rendered":"https:\/\/erformance.eu\/produktas\/bmw-e60-e61-miglas-lukturis-kreisas-puses-vaditaja-puse\/"},"modified":"2026-03-31T01:07:09","modified_gmt":"2026-03-30T22:07:09","slug":"bmw-e60-e61-miglas-lukturis-kreisas-puses-vaditaja-puse","status":"publish","type":"product","link":"https:\/\/erformance.eu\/lv\/produkts\/bmw-e60-e61-miglas-lukturis-kreisas-puses-vaditaja-puse\/","title":{"rendered":"BMW E60 \/ E61 miglas lukturis, kreis\u0101s puses (vad\u012bt\u0101ja puse)"},"content":{"rendered":"<ul>\n<li class=\"ai-optimize-33 ai-optimize-introduction\">BMW E60 \/ E61 miglas lukturis, kreis\u0101s puses (vad\u012bt\u0101ja puse), caursp\u012bd\u012bgs.<\/li>\n<\/ul>\n<p class=\"ai-optimize-26\"><strong>Komplekt\u0101 ietilpst:<\/strong><\/p>\n<ul>\n<li class=\"ai-optimize-25\">1 gab. kreis\u0101s puses miglas lukturis.<\/li>\n<li class=\"ai-optimize-43\">1 gab. halog\u0113na spuldze (dzeltena).<\/li>\n<\/ul>\n<p class=\"ai-optimize-42\"><strong>\u012apa\u0161\u012bbas:<\/strong><\/p>\n<ul>\n<li class=\"ai-optimize-29\">Augstas kvalit\u0101tes deta\u013ca, kas atbilst ori\u0123in\u0101lam.<\/li>\n<li class=\"ai-optimize-32\"><strong>UV<\/strong> iztur\u012bba \u2013 l\u0113na nolieto\u0161an\u0101s.<\/li>\n<li class=\"ai-optimize-44\">Der LCI un PRE LCI BMW E60 \/ E61 mode\u013ciem ar M5 look bamperi.<\/li>\n<li class=\"ai-optimize-31\">Der PRE LCI BMW E60 \/ E61 mode\u013ciem ar standarta bamperi.<\/li>\n<li class=\"ai-optimize-32\">Neder M-Tech bamperim.<\/li>\n<li class=\"ai-optimize-40\">Caursp\u012bd\u012bgi, saglab\u0101 ori\u0123in\u0101lo izskatu.<\/li>\n<\/ul>\n<p class=\"ai-optimize-38\"><strong>Piem\u0113rot\u012bba:<\/strong><\/p>\n<ul>\n<li class=\"ai-optimize-30\">\n<p class=\"ai-optimize-29\"><strong>BMW E60 5 s\u0113rija,<\/strong> 2003-2010.<\/p>\n<\/li>\n<li class=\"ai-optimize-30\">\n<p class=\"ai-optimize-29\"><strong>BMW E61 5 s\u0113rija,<\/strong> 2003-2010.<\/p>\n<\/li>\n<\/ul>\n<p class=\"ai-optimize-41\">Atjaunojiet automobi\u013ca izskatu un pie\u0161\u0137iriet agres\u012bvu un modernu stilu.<\/p>\n<p class=\"ai-optimize-42\">Veikals Erformance.eu pied\u0101v\u0101 da\u017e\u0101das preces J\u016bsu <a href=\"https:\/\/erformance.eu\/lv\/produkta-kategorija\/bmw\/5-serija\/e60-e61\/\">BMW E60 \/ E61<\/a> automa\u0161\u012bnai. No maz\u0101kajiem aksesu\u0101riem l\u012bdz pla\u0161am t\u016bninga deta\u013cu kl\u0101stam.<\/p>\n<p class=\"ai-optimize-29\">Prece tiek uzglab\u0101ta pieg\u0101d\u0101t\u0101ju noliktav\u0101 Eirop\u0101, t\u0101p\u0113c varam garant\u0113t \u0101tru pieg\u0101des laiku (3\u20135 darba dienas).<\/p>\n","protected":false},"excerpt":{"rendered":"<h5 class=\"ai-optimize-27\">BMW E60 E61 kair\u0117s pus\u0117s prie\u0161r\u016bkas<\/h5>\n","protected":false},"featured_media":30900,"comment_status":"open","ping_status":"closed","template":"","meta":[],"product_brand":[],"product_cat":[278],"product_tag":[],"class_list":{"0":"post-30902","1":"product","2":"type-product","3":"status-publish","4":"has-post-thumbnail","6":"product_cat-e60-e61","8":"first","9":"instock","10":"shipping-taxable","11":"purchasable","12":"product-type-simple"},"yoast_head":"<!-- This site is optimized with the Yoast SEO Premium plugin v25.2 (Yoast SEO v27.5) - https:\/\/yoast.com\/product\/yoast-seo-premium-wordpress\/ -->\n<title>BMW E60 \/ E61 miglas lukturis, kreis\u0101s puses (vad\u012bt\u0101ja puse) - Erformance.eu<\/title>\n<meta name=\"description\" content=\"BMW E60 \/ E61 miglas lukturis, kreis\u0101s puses (vad\u012bt\u0101ja puse). Der M5 look bamperim un standarta PRE LCI bamperim. Augstas kvalit\u0101tes miglas lukturis.\" \/>\n<meta name=\"robots\" content=\"index, follow, max-snippet:-1, max-image-preview:large, max-video-preview:-1\" \/>\n<link rel=\"canonical\" href=\"https:\/\/erformance.eu\/lv\/produkts\/bmw-e60-e61-miglas-lukturis-kreisas-puses-vaditaja-puse\/\" \/>\n<meta property=\"og:locale\" content=\"lv_LV\" \/>\n<meta property=\"og:type\" content=\"article\" \/>\n<meta property=\"og:title\" content=\"BMW E60 \/ E61 miglas lukturis, kreis\u0101s puses (vad\u012bt\u0101ja puse)\" \/>\n<meta property=\"og:description\" content=\"BMW E60 \/ E61 miglas lukturis, kreis\u0101s puses (vad\u012bt\u0101ja puse). Der M5 look bamperim un standarta PRE LCI bamperim. Augstas kvalit\u0101tes miglas lukturis.\" \/>\n<meta property=\"og:url\" content=\"https:\/\/erformance.eu\/lv\/produkts\/bmw-e60-e61-miglas-lukturis-kreisas-puses-vaditaja-puse\/\" \/>\n<meta property=\"og:site_name\" content=\"Erformance.eu\" \/>\n<meta property=\"article:modified_time\" content=\"2026-03-30T22:07:09+00:00\" \/>\n<meta property=\"og:image\" content=\"https:\/\/erformance.eu\/wp-content\/uploads\/2025\/10\/bmw-e60-e61-priesrukinis-zibintas-skaidrus-kaire-vairuotojo-1.webp\" \/>\n\t<meta property=\"og:image:width\" content=\"1080\" \/>\n\t<meta property=\"og:image:height\" content=\"1080\" \/>\n\t<meta property=\"og:image:type\" content=\"image\/webp\" \/>\n<meta name=\"twitter:card\" content=\"summary_large_image\" \/>\n<meta name=\"twitter:label1\" content=\"Est. reading time\" \/>\n\t<meta name=\"twitter:data1\" content=\"1 min\u016b\u0161u\" \/>\n<script type=\"application\/ld+json\" class=\"yoast-schema-graph\">{\"@context\":\"https:\\\/\\\/schema.org\",\"@graph\":[{\"@type\":\"WebPage\",\"@id\":\"https:\\\/\\\/erformance.eu\\\/lv\\\/produkts\\\/bmw-e60-e61-miglas-lukturis-kreisas-puses-vaditaja-puse\\\/\",\"url\":\"https:\\\/\\\/erformance.eu\\\/lv\\\/produkts\\\/bmw-e60-e61-miglas-lukturis-kreisas-puses-vaditaja-puse\\\/\",\"name\":\"BMW E60 \\\/ E61 miglas lukturis, kreis\u0101s puses (vad\u012bt\u0101ja puse) - Erformance.eu\",\"isPartOf\":{\"@id\":\"https:\\\/\\\/erformance.eu\\\/lv\\\/#website\"},\"primaryImageOfPage\":{\"@id\":\"https:\\\/\\\/erformance.eu\\\/lv\\\/produkts\\\/bmw-e60-e61-miglas-lukturis-kreisas-puses-vaditaja-puse\\\/#primaryimage\"},\"image\":{\"@id\":\"https:\\\/\\\/erformance.eu\\\/lv\\\/produkts\\\/bmw-e60-e61-miglas-lukturis-kreisas-puses-vaditaja-puse\\\/#primaryimage\"},\"thumbnailUrl\":\"https:\\\/\\\/erformance.eu\\\/wp-content\\\/uploads\\\/2025\\\/10\\\/bmw-e60-e61-priesrukinis-zibintas-skaidrus-kaire-vairuotojo-1.webp\",\"datePublished\":\"2025-10-07T21:57:49+00:00\",\"dateModified\":\"2026-03-30T22:07:09+00:00\",\"description\":\"BMW E60 \\\/ E61 miglas lukturis, kreis\u0101s puses (vad\u012bt\u0101ja puse). Der M5 look bamperim un standarta PRE LCI bamperim. Augstas kvalit\u0101tes miglas lukturis.\",\"breadcrumb\":{\"@id\":\"https:\\\/\\\/erformance.eu\\\/lv\\\/produkts\\\/bmw-e60-e61-miglas-lukturis-kreisas-puses-vaditaja-puse\\\/#breadcrumb\"},\"inLanguage\":\"lv-LV\",\"potentialAction\":[{\"@type\":\"ReadAction\",\"target\":[\"https:\\\/\\\/erformance.eu\\\/lv\\\/produkts\\\/bmw-e60-e61-miglas-lukturis-kreisas-puses-vaditaja-puse\\\/\"]}]},{\"@type\":\"ImageObject\",\"inLanguage\":\"lv-LV\",\"@id\":\"https:\\\/\\\/erformance.eu\\\/lv\\\/produkts\\\/bmw-e60-e61-miglas-lukturis-kreisas-puses-vaditaja-puse\\\/#primaryimage\",\"url\":\"https:\\\/\\\/erformance.eu\\\/wp-content\\\/uploads\\\/2025\\\/10\\\/bmw-e60-e61-priesrukinis-zibintas-skaidrus-kaire-vairuotojo-1.webp\",\"contentUrl\":\"https:\\\/\\\/erformance.eu\\\/wp-content\\\/uploads\\\/2025\\\/10\\\/bmw-e60-e61-priesrukinis-zibintas-skaidrus-kaire-vairuotojo-1.webp\",\"width\":1080,\"height\":1080,\"caption\":\"BMW E60 \\\/ E61 miglas lukturis, kreis\u0101s puses (vad\u012bt\u0101ja puse), caursp\u012bd\u012bgs (no priek\u0161puses)\"},{\"@type\":\"BreadcrumbList\",\"@id\":\"https:\\\/\\\/erformance.eu\\\/lv\\\/produkts\\\/bmw-e60-e61-miglas-lukturis-kreisas-puses-vaditaja-puse\\\/#breadcrumb\",\"itemListElement\":[{\"@type\":\"ListItem\",\"position\":1,\"name\":\"Home\",\"item\":\"https:\\\/\\\/erformance.eu\\\/lv\\\/\"},{\"@type\":\"ListItem\",\"position\":2,\"name\":\"Veikals\",\"item\":\"https:\\\/\\\/erformance.eu\\\/lv\\\/veikals\\\/\"},{\"@type\":\"ListItem\",\"position\":3,\"name\":\"BMW E60 \\\/ E61 miglas lukturis, kreis\u0101s puses (vad\u012bt\u0101ja puse)\"}]},{\"@type\":\"WebSite\",\"@id\":\"https:\\\/\\\/erformance.eu\\\/lv\\\/#website\",\"url\":\"https:\\\/\\\/erformance.eu\\\/lv\\\/\",\"name\":\"Erformance.eu\",\"description\":\"Automobili\u0173 dali\u0173 parduotuv\u0117\",\"potentialAction\":[{\"@type\":\"SearchAction\",\"target\":{\"@type\":\"EntryPoint\",\"urlTemplate\":\"https:\\\/\\\/erformance.eu\\\/lv\\\/?s={search_term_string}\"},\"query-input\":{\"@type\":\"PropertyValueSpecification\",\"valueRequired\":true,\"valueName\":\"search_term_string\"}}],\"inLanguage\":\"lv-LV\"}]}<\/script>\n<!-- \/ Yoast SEO Premium plugin. -->","yoast_head_json":{"title":"BMW E60 \/ E61 miglas lukturis, kreis\u0101s puses (vad\u012bt\u0101ja puse) - Erformance.eu","description":"BMW E60 \/ E61 miglas lukturis, kreis\u0101s puses (vad\u012bt\u0101ja puse). Der M5 look bamperim un standarta PRE LCI bamperim. Augstas kvalit\u0101tes miglas lukturis.","robots":{"index":"index","follow":"follow","max-snippet":"max-snippet:-1","max-image-preview":"max-image-preview:large","max-video-preview":"max-video-preview:-1"},"canonical":"https:\/\/erformance.eu\/lv\/produkts\/bmw-e60-e61-miglas-lukturis-kreisas-puses-vaditaja-puse\/","og_locale":"lv_LV","og_type":"article","og_title":"BMW E60 \/ E61 miglas lukturis, kreis\u0101s puses (vad\u012bt\u0101ja puse)","og_description":"BMW E60 \/ E61 miglas lukturis, kreis\u0101s puses (vad\u012bt\u0101ja puse). Der M5 look bamperim un standarta PRE LCI bamperim. Augstas kvalit\u0101tes miglas lukturis.","og_url":"https:\/\/erformance.eu\/lv\/produkts\/bmw-e60-e61-miglas-lukturis-kreisas-puses-vaditaja-puse\/","og_site_name":"Erformance.eu","article_modified_time":"2026-03-30T22:07:09+00:00","og_image":[{"width":1080,"height":1080,"url":"https:\/\/erformance.eu\/wp-content\/uploads\/2025\/10\/bmw-e60-e61-priesrukinis-zibintas-skaidrus-kaire-vairuotojo-1.webp","type":"image\/webp"}],"twitter_card":"summary_large_image","twitter_misc":{"Est. reading time":"1 min\u016b\u0161u"},"schema":{"@context":"https:\/\/schema.org","@graph":[{"@type":"WebPage","@id":"https:\/\/erformance.eu\/lv\/produkts\/bmw-e60-e61-miglas-lukturis-kreisas-puses-vaditaja-puse\/","url":"https:\/\/erformance.eu\/lv\/produkts\/bmw-e60-e61-miglas-lukturis-kreisas-puses-vaditaja-puse\/","name":"BMW E60 \/ E61 miglas lukturis, kreis\u0101s puses (vad\u012bt\u0101ja puse) - Erformance.eu","isPartOf":{"@id":"https:\/\/erformance.eu\/lv\/#website"},"primaryImageOfPage":{"@id":"https:\/\/erformance.eu\/lv\/produkts\/bmw-e60-e61-miglas-lukturis-kreisas-puses-vaditaja-puse\/#primaryimage"},"image":{"@id":"https:\/\/erformance.eu\/lv\/produkts\/bmw-e60-e61-miglas-lukturis-kreisas-puses-vaditaja-puse\/#primaryimage"},"thumbnailUrl":"https:\/\/erformance.eu\/wp-content\/uploads\/2025\/10\/bmw-e60-e61-priesrukinis-zibintas-skaidrus-kaire-vairuotojo-1.webp","datePublished":"2025-10-07T21:57:49+00:00","dateModified":"2026-03-30T22:07:09+00:00","description":"BMW E60 \/ E61 miglas lukturis, kreis\u0101s puses (vad\u012bt\u0101ja puse). Der M5 look bamperim un standarta PRE LCI bamperim. Augstas kvalit\u0101tes miglas lukturis.","breadcrumb":{"@id":"https:\/\/erformance.eu\/lv\/produkts\/bmw-e60-e61-miglas-lukturis-kreisas-puses-vaditaja-puse\/#breadcrumb"},"inLanguage":"lv-LV","potentialAction":[{"@type":"ReadAction","target":["https:\/\/erformance.eu\/lv\/produkts\/bmw-e60-e61-miglas-lukturis-kreisas-puses-vaditaja-puse\/"]}]},{"@type":"ImageObject","inLanguage":"lv-LV","@id":"https:\/\/erformance.eu\/lv\/produkts\/bmw-e60-e61-miglas-lukturis-kreisas-puses-vaditaja-puse\/#primaryimage","url":"https:\/\/erformance.eu\/wp-content\/uploads\/2025\/10\/bmw-e60-e61-priesrukinis-zibintas-skaidrus-kaire-vairuotojo-1.webp","contentUrl":"https:\/\/erformance.eu\/wp-content\/uploads\/2025\/10\/bmw-e60-e61-priesrukinis-zibintas-skaidrus-kaire-vairuotojo-1.webp","width":1080,"height":1080,"caption":"BMW E60 \/ E61 miglas lukturis, kreis\u0101s puses (vad\u012bt\u0101ja puse), caursp\u012bd\u012bgs (no priek\u0161puses)"},{"@type":"BreadcrumbList","@id":"https:\/\/erformance.eu\/lv\/produkts\/bmw-e60-e61-miglas-lukturis-kreisas-puses-vaditaja-puse\/#breadcrumb","itemListElement":[{"@type":"ListItem","position":1,"name":"Home","item":"https:\/\/erformance.eu\/lv\/"},{"@type":"ListItem","position":2,"name":"Veikals","item":"https:\/\/erformance.eu\/lv\/veikals\/"},{"@type":"ListItem","position":3,"name":"BMW E60 \/ E61 miglas lukturis, kreis\u0101s puses (vad\u012bt\u0101ja puse)"}]},{"@type":"WebSite","@id":"https:\/\/erformance.eu\/lv\/#website","url":"https:\/\/erformance.eu\/lv\/","name":"Erformance.eu","description":"Automobili\u0173 dali\u0173 parduotuv\u0117","potentialAction":[{"@type":"SearchAction","target":{"@type":"EntryPoint","urlTemplate":"https:\/\/erformance.eu\/lv\/?s={search_term_string}"},"query-input":{"@type":"PropertyValueSpecification","valueRequired":true,"valueName":"search_term_string"}}],"inLanguage":"lv-LV"}]}},"jetpack_sharing_enabled":true,"_links":{"self":[{"href":"https:\/\/erformance.eu\/lv\/wp-json\/wp\/v2\/product\/30902","targetHints":{"allow":["GET"]}}],"collection":[{"href":"https:\/\/erformance.eu\/lv\/wp-json\/wp\/v2\/product"}],"about":[{"href":"https:\/\/erformance.eu\/lv\/wp-json\/wp\/v2\/types\/product"}],"replies":[{"embeddable":true,"href":"https:\/\/erformance.eu\/lv\/wp-json\/wp\/v2\/comments?post=30902"}],"version-history":[{"count":2,"href":"https:\/\/erformance.eu\/lv\/wp-json\/wp\/v2\/product\/30902\/revisions"}],"predecessor-version":[{"id":66396,"href":"https:\/\/erformance.eu\/lv\/wp-json\/wp\/v2\/product\/30902\/revisions\/66396"}],"wp:featuredmedia":[{"embeddable":true,"href":"https:\/\/erformance.eu\/lv\/wp-json\/wp\/v2\/media\/30900"}],"wp:attachment":[{"href":"https:\/\/erformance.eu\/lv\/wp-json\/wp\/v2\/media?parent=30902"}],"wp:term":[{"taxonomy":"product_brand","embeddable":true,"href":"https:\/\/erformance.eu\/lv\/wp-json\/wp\/v2\/product_brand?post=30902"},{"taxonomy":"product_cat","embeddable":true,"href":"https:\/\/erformance.eu\/lv\/wp-json\/wp\/v2\/product_cat?post=30902"},{"taxonomy":"product_tag","embeddable":true,"href":"https:\/\/erformance.eu\/lv\/wp-json\/wp\/v2\/product_tag?post=30902"}],"curies":[{"name":"wp","href":"https:\/\/api.w.org\/{rel}","templated":true}]}}