{"id":3186,"date":"2024-10-02T22:39:44","date_gmt":"2024-10-02T19:39:44","guid":{"rendered":"https:\/\/erformance.eu\/?post_type=product&#038;p=3186"},"modified":"2026-03-03T17:27:42","modified_gmt":"2026-03-03T14:27:42","slug":"bmw-e-serijos-start-stop-mygtukas-juodas","status":"publish","type":"product","link":"https:\/\/erformance.eu\/lv\/produkts\/bmw-e-serijos-start-stop-mygtukas-juodas\/","title":{"rendered":"BMW E6X E7X E8X E9X start stop mygtukas, matinis juodas"},"content":{"rendered":"<p class=\"ai-optimize-53 ai-optimize-introduction\"><strong>Prek\u0117s pavadinimas:\u00a0<\/strong><\/p>\n<ul>\n<li class=\"ai-optimize-33 ai-optimize-introduction\">\n<p class=\"ai-optimize-48 ai-optimize-introduction\">BMW E6X E7X E8X E9X start stop mygtukas, matinis juodas.<\/p>\n<\/li>\n<\/ul>\n<p class=\"ai-optimize-26 ai-optimize-introduction\"><strong>Komplekt\u0105 sudaro:<\/strong><\/p>\n<ul>\n<li class=\"ai-optimize-25\">1 vnt. start stop mygtukas e serijai.<\/li>\n<\/ul>\n<p class=\"ai-optimize-49\"><strong>Spalva:\u00a0<\/strong><\/p>\n<ul>\n<li class=\"ai-optimize-49\">matin\u0117 juoda (matte black).<\/li>\n<\/ul>\n<p class=\"ai-optimize-36\"><strong>Savyb\u0117s:<\/strong><\/p>\n<ul>\n<li class=\"ai-optimize-29\">Auk\u0161tos kokyb\u0117s mygtukas.<\/li>\n<li class=\"ai-optimize-54\">Tinka LCI ir PRE LCI modeliams.<\/li>\n<li class=\"ai-optimize-55\">Padengtas auk\u0161tos kokyb\u0117s da\u017eais, tod\u0117l greitai nenusitrina.<\/li>\n<\/ul>\n<p class=\"ai-optimize-38\"><strong>Tinkamumas:<\/strong><\/p>\n<ul>\n<li class=\"ai-optimize-32\"><strong>BMW E81 1 serija,<\/strong>\u00a02006-2012.<\/li>\n<li class=\"ai-optimize-33\"><strong>BMW E82 1 serija,<\/strong>\u00a02006-2013.<\/li>\n<li class=\"ai-optimize-34\"><strong>BMW E87 1 serija,<\/strong>\u00a02003-2013.<\/li>\n<li class=\"ai-optimize-35\"><strong>BMW E88 1 serija,<\/strong>\u00a02007-2013.<\/li>\n<li class=\"ai-optimize-36\"><strong>BMW E90 3\u00a0serija,<\/strong>\u00a02005-2013.<\/li>\n<li class=\"ai-optimize-37\"><strong>BMW E91 3\u00a0serija,<\/strong>\u00a02005-2013.<\/li>\n<li class=\"ai-optimize-38\"><strong>BMW E92 3\u00a0serija,<\/strong>\u00a02005-2013.<\/li>\n<li class=\"ai-optimize-39\"><strong>BMW E93 3\u00a0serija,<\/strong>\u00a02005-2013.<\/li>\n<li class=\"ai-optimize-40\"><strong>BMW E60 5 serija,<\/strong>\u00a02003-2010.<\/li>\n<li class=\"ai-optimize-41\"><strong>BMW E61 5 serija,<\/strong>\u00a02003-2010.<\/li>\n<li class=\"ai-optimize-42\"><strong>BMW E63 6 serija,\u00a0<\/strong>2004-2010.<\/li>\n<li class=\"ai-optimize-43\"><strong>BMW E64 6 serija,\u00a0<\/strong>2004-2010.<\/li>\n<li class=\"ai-optimize-44\"><strong>BMW E70 X5 serija,\u00a0<\/strong>2007-2013.<\/li>\n<li class=\"ai-optimize-45\"><strong>BMW E71 X6 serija,\u00a0<\/strong>2007-2013.<\/li>\n<\/ul>\n<p class=\"ai-optimize-41\">Atnaujinkite automobilio i\u0161vaizd\u0105 ir suteikite agresyv\u0173, bei modern\u0173 stili\u0173.<\/p>\n<p class=\"ai-optimize-42\">Erformance.eu elektronin\u0117je parduotuv\u0117je rasite \u012fvairi\u0173 preki\u0173 savo\u00a0<a href=\"https:\/\/erformance.eu\/produkto-kategorija\/bmw\/\">BMW <\/a>\u00a0automobiliui. Nuo smulkiausi\u0173 pried\u0173 iki tiuning dali\u0173 plataus pasirinkimo.<\/p>\n<p class=\"ai-optimize-29\">Prek\u0117s laikomos sand\u0117lyje Lietuvoje, tod\u0117l galime garantuoti greit\u0105 pristatymo laik\u0105 (1-2 darbo dienas).<\/p>\n","protected":false},"excerpt":{"rendered":"<h5>BMW E serijos start stop mygtukas, matinis juodas<\/h5>\n","protected":false},"featured_media":28353,"comment_status":"open","ping_status":"closed","template":"","meta":[],"product_brand":[],"product_cat":[50,53,56,62,140,42,59,58,46,139,2832,2856,2708,2704],"product_tag":[],"class_list":{"0":"post-3186","1":"product","2":"type-product","3":"status-publish","4":"has-post-thumbnail","6":"product_cat-e60-e61","7":"product_cat-e63-e64","8":"product_cat-e65-e66-e67-e68","9":"product_cat-e70","10":"product_cat-e71-e72","11":"product_cat-e81-e82-e87-e88","12":"product_cat-e83","13":"product_cat-e84","14":"product_cat-e90-e91","15":"product_cat-e92-e93","16":"product_cat-e81-e82-e87-e88-salono-mygtukai-mechanizmai","17":"product_cat-e90-e91-salono-mygtukai-mechanizmai","18":"product_cat-e90-e91-salono-dalys","19":"product_cat-e81-e82-e87-e88-salono-dalys","21":"first","22":"outofstock","23":"shipping-taxable","24":"purchasable","25":"product-type-simple"},"yoast_head":"<!-- This site is optimized with the Yoast SEO Premium plugin v25.2 (Yoast SEO v27.4) - https:\/\/yoast.com\/product\/yoast-seo-premium-wordpress\/ -->\n<title>BMW E6X E7X E8X E9X start stop mygtukas, matinis juodas - Erformance.eu<\/title>\n<meta name=\"description\" content=\"BMW e6X e7x e8x e9x start stop mygtukas, matinis juodas. \u0160is mygtukas tinka daugumai e serijos BMW automobili\u0173. 1 3 5 6 7 x5 x3 serijai.\" \/>\n<meta name=\"robots\" content=\"index, follow, max-snippet:-1, max-image-preview:large, max-video-preview:-1\" \/>\n<link rel=\"canonical\" href=\"https:\/\/erformance.eu\/lv\/produkts\/bmw-e-serijos-start-stop-mygtukas-juodas\/\" \/>\n<meta property=\"og:locale\" content=\"lv_LV\" \/>\n<meta property=\"og:type\" content=\"article\" \/>\n<meta property=\"og:title\" content=\"BMW E6X E7X E8X E9X start stop mygtukas, matinis juodas\" \/>\n<meta property=\"og:description\" content=\"BMW e6X e7x e8x e9x start stop mygtukas, matinis juodas. \u0160is mygtukas tinka daugumai e serijos BMW automobili\u0173. 1 3 5 6 7 x5 x3 serijai.\" \/>\n<meta property=\"og:url\" content=\"https:\/\/erformance.eu\/lv\/produkts\/bmw-e-serijos-start-stop-mygtukas-juodas\/\" \/>\n<meta property=\"og:site_name\" content=\"Erformance.eu\" \/>\n<meta property=\"article:modified_time\" content=\"2026-03-03T14:27:42+00:00\" \/>\n<meta property=\"og:image\" content=\"https:\/\/erformance.eu\/wp-content\/uploads\/2024\/10\/bmw-start-stop-mygtukas-juodas-e-serija-1.webp\" \/>\n\t<meta property=\"og:image:width\" content=\"1080\" \/>\n\t<meta property=\"og:image:height\" content=\"1080\" \/>\n\t<meta property=\"og:image:type\" content=\"image\/webp\" \/>\n<meta name=\"twitter:card\" content=\"summary_large_image\" \/>\n<meta name=\"twitter:label1\" content=\"Est. reading time\" \/>\n\t<meta name=\"twitter:data1\" content=\"2 min\u016btes\" \/>\n<script type=\"application\/ld+json\" class=\"yoast-schema-graph\">{\"@context\":\"https:\\\/\\\/schema.org\",\"@graph\":[{\"@type\":\"WebPage\",\"@id\":\"https:\\\/\\\/erformance.eu\\\/lv\\\/produkts\\\/bmw-e-serijos-start-stop-mygtukas-juodas\\\/\",\"url\":\"https:\\\/\\\/erformance.eu\\\/lv\\\/produkts\\\/bmw-e-serijos-start-stop-mygtukas-juodas\\\/\",\"name\":\"BMW E6X E7X E8X E9X start stop mygtukas, matinis juodas - Erformance.eu\",\"isPartOf\":{\"@id\":\"https:\\\/\\\/erformance.eu\\\/lv\\\/#website\"},\"primaryImageOfPage\":{\"@id\":\"https:\\\/\\\/erformance.eu\\\/lv\\\/produkts\\\/bmw-e-serijos-start-stop-mygtukas-juodas\\\/#primaryimage\"},\"image\":{\"@id\":\"https:\\\/\\\/erformance.eu\\\/lv\\\/produkts\\\/bmw-e-serijos-start-stop-mygtukas-juodas\\\/#primaryimage\"},\"thumbnailUrl\":\"https:\\\/\\\/erformance.eu\\\/wp-content\\\/uploads\\\/2024\\\/10\\\/bmw-start-stop-mygtukas-juodas-e-serija-1.webp\",\"datePublished\":\"2024-10-02T19:39:44+00:00\",\"dateModified\":\"2026-03-03T14:27:42+00:00\",\"description\":\"BMW e6X e7x e8x e9x start stop mygtukas, matinis juodas. \u0160is mygtukas tinka daugumai e serijos BMW automobili\u0173. 1 3 5 6 7 x5 x3 serijai.\",\"breadcrumb\":{\"@id\":\"https:\\\/\\\/erformance.eu\\\/lv\\\/produkts\\\/bmw-e-serijos-start-stop-mygtukas-juodas\\\/#breadcrumb\"},\"inLanguage\":\"lv-LV\",\"potentialAction\":[{\"@type\":\"ReadAction\",\"target\":[\"https:\\\/\\\/erformance.eu\\\/lv\\\/produkts\\\/bmw-e-serijos-start-stop-mygtukas-juodas\\\/\"]}]},{\"@type\":\"ImageObject\",\"inLanguage\":\"lv-LV\",\"@id\":\"https:\\\/\\\/erformance.eu\\\/lv\\\/produkts\\\/bmw-e-serijos-start-stop-mygtukas-juodas\\\/#primaryimage\",\"url\":\"https:\\\/\\\/erformance.eu\\\/wp-content\\\/uploads\\\/2024\\\/10\\\/bmw-start-stop-mygtukas-juodas-e-serija-1.webp\",\"contentUrl\":\"https:\\\/\\\/erformance.eu\\\/wp-content\\\/uploads\\\/2024\\\/10\\\/bmw-start-stop-mygtukas-juodas-e-serija-1.webp\",\"width\":1080,\"height\":1080,\"caption\":\"BMW E serijos start stop mygtukas i\u0161 priekio juodas matinis\"},{\"@type\":\"BreadcrumbList\",\"@id\":\"https:\\\/\\\/erformance.eu\\\/lv\\\/produkts\\\/bmw-e-serijos-start-stop-mygtukas-juodas\\\/#breadcrumb\",\"itemListElement\":[{\"@type\":\"ListItem\",\"position\":1,\"name\":\"Home\",\"item\":\"https:\\\/\\\/erformance.eu\\\/lv\\\/\"},{\"@type\":\"ListItem\",\"position\":2,\"name\":\"Veikals\",\"item\":\"https:\\\/\\\/erformance.eu\\\/lv\\\/veikals\\\/\"},{\"@type\":\"ListItem\",\"position\":3,\"name\":\"BMW E6X E7X E8X E9X start stop mygtukas, matinis juodas\"}]},{\"@type\":\"WebSite\",\"@id\":\"https:\\\/\\\/erformance.eu\\\/lv\\\/#website\",\"url\":\"https:\\\/\\\/erformance.eu\\\/lv\\\/\",\"name\":\"Erformance.eu\",\"description\":\"Automobili\u0173 dali\u0173 parduotuv\u0117\",\"potentialAction\":[{\"@type\":\"SearchAction\",\"target\":{\"@type\":\"EntryPoint\",\"urlTemplate\":\"https:\\\/\\\/erformance.eu\\\/lv\\\/?s={search_term_string}\"},\"query-input\":{\"@type\":\"PropertyValueSpecification\",\"valueRequired\":true,\"valueName\":\"search_term_string\"}}],\"inLanguage\":\"lv-LV\"}]}<\/script>\n<!-- \/ Yoast SEO Premium plugin. -->","yoast_head_json":{"title":"BMW E6X E7X E8X E9X start stop mygtukas, matinis juodas - Erformance.eu","description":"BMW e6X e7x e8x e9x start stop mygtukas, matinis juodas. \u0160is mygtukas tinka daugumai e serijos BMW automobili\u0173. 1 3 5 6 7 x5 x3 serijai.","robots":{"index":"index","follow":"follow","max-snippet":"max-snippet:-1","max-image-preview":"max-image-preview:large","max-video-preview":"max-video-preview:-1"},"canonical":"https:\/\/erformance.eu\/lv\/produkts\/bmw-e-serijos-start-stop-mygtukas-juodas\/","og_locale":"lv_LV","og_type":"article","og_title":"BMW E6X E7X E8X E9X start stop mygtukas, matinis juodas","og_description":"BMW e6X e7x e8x e9x start stop mygtukas, matinis juodas. \u0160is mygtukas tinka daugumai e serijos BMW automobili\u0173. 1 3 5 6 7 x5 x3 serijai.","og_url":"https:\/\/erformance.eu\/lv\/produkts\/bmw-e-serijos-start-stop-mygtukas-juodas\/","og_site_name":"Erformance.eu","article_modified_time":"2026-03-03T14:27:42+00:00","og_image":[{"width":1080,"height":1080,"url":"https:\/\/erformance.eu\/wp-content\/uploads\/2024\/10\/bmw-start-stop-mygtukas-juodas-e-serija-1.webp","type":"image\/webp"}],"twitter_card":"summary_large_image","twitter_misc":{"Est. reading time":"2 min\u016btes"},"schema":{"@context":"https:\/\/schema.org","@graph":[{"@type":"WebPage","@id":"https:\/\/erformance.eu\/lv\/produkts\/bmw-e-serijos-start-stop-mygtukas-juodas\/","url":"https:\/\/erformance.eu\/lv\/produkts\/bmw-e-serijos-start-stop-mygtukas-juodas\/","name":"BMW E6X E7X E8X E9X start stop mygtukas, matinis juodas - Erformance.eu","isPartOf":{"@id":"https:\/\/erformance.eu\/lv\/#website"},"primaryImageOfPage":{"@id":"https:\/\/erformance.eu\/lv\/produkts\/bmw-e-serijos-start-stop-mygtukas-juodas\/#primaryimage"},"image":{"@id":"https:\/\/erformance.eu\/lv\/produkts\/bmw-e-serijos-start-stop-mygtukas-juodas\/#primaryimage"},"thumbnailUrl":"https:\/\/erformance.eu\/wp-content\/uploads\/2024\/10\/bmw-start-stop-mygtukas-juodas-e-serija-1.webp","datePublished":"2024-10-02T19:39:44+00:00","dateModified":"2026-03-03T14:27:42+00:00","description":"BMW e6X e7x e8x e9x start stop mygtukas, matinis juodas. \u0160is mygtukas tinka daugumai e serijos BMW automobili\u0173. 1 3 5 6 7 x5 x3 serijai.","breadcrumb":{"@id":"https:\/\/erformance.eu\/lv\/produkts\/bmw-e-serijos-start-stop-mygtukas-juodas\/#breadcrumb"},"inLanguage":"lv-LV","potentialAction":[{"@type":"ReadAction","target":["https:\/\/erformance.eu\/lv\/produkts\/bmw-e-serijos-start-stop-mygtukas-juodas\/"]}]},{"@type":"ImageObject","inLanguage":"lv-LV","@id":"https:\/\/erformance.eu\/lv\/produkts\/bmw-e-serijos-start-stop-mygtukas-juodas\/#primaryimage","url":"https:\/\/erformance.eu\/wp-content\/uploads\/2024\/10\/bmw-start-stop-mygtukas-juodas-e-serija-1.webp","contentUrl":"https:\/\/erformance.eu\/wp-content\/uploads\/2024\/10\/bmw-start-stop-mygtukas-juodas-e-serija-1.webp","width":1080,"height":1080,"caption":"BMW E serijos start stop mygtukas i\u0161 priekio juodas matinis"},{"@type":"BreadcrumbList","@id":"https:\/\/erformance.eu\/lv\/produkts\/bmw-e-serijos-start-stop-mygtukas-juodas\/#breadcrumb","itemListElement":[{"@type":"ListItem","position":1,"name":"Home","item":"https:\/\/erformance.eu\/lv\/"},{"@type":"ListItem","position":2,"name":"Veikals","item":"https:\/\/erformance.eu\/lv\/veikals\/"},{"@type":"ListItem","position":3,"name":"BMW E6X E7X E8X E9X start stop mygtukas, matinis juodas"}]},{"@type":"WebSite","@id":"https:\/\/erformance.eu\/lv\/#website","url":"https:\/\/erformance.eu\/lv\/","name":"Erformance.eu","description":"Automobili\u0173 dali\u0173 parduotuv\u0117","potentialAction":[{"@type":"SearchAction","target":{"@type":"EntryPoint","urlTemplate":"https:\/\/erformance.eu\/lv\/?s={search_term_string}"},"query-input":{"@type":"PropertyValueSpecification","valueRequired":true,"valueName":"search_term_string"}}],"inLanguage":"lv-LV"}]}},"jetpack_sharing_enabled":true,"_links":{"self":[{"href":"https:\/\/erformance.eu\/lv\/wp-json\/wp\/v2\/product\/3186","targetHints":{"allow":["GET"]}}],"collection":[{"href":"https:\/\/erformance.eu\/lv\/wp-json\/wp\/v2\/product"}],"about":[{"href":"https:\/\/erformance.eu\/lv\/wp-json\/wp\/v2\/types\/product"}],"replies":[{"embeddable":true,"href":"https:\/\/erformance.eu\/lv\/wp-json\/wp\/v2\/comments?post=3186"}],"version-history":[{"count":2,"href":"https:\/\/erformance.eu\/lv\/wp-json\/wp\/v2\/product\/3186\/revisions"}],"predecessor-version":[{"id":28352,"href":"https:\/\/erformance.eu\/lv\/wp-json\/wp\/v2\/product\/3186\/revisions\/28352"}],"wp:featuredmedia":[{"embeddable":true,"href":"https:\/\/erformance.eu\/lv\/wp-json\/wp\/v2\/media\/28353"}],"wp:attachment":[{"href":"https:\/\/erformance.eu\/lv\/wp-json\/wp\/v2\/media?parent=3186"}],"wp:term":[{"taxonomy":"product_brand","embeddable":true,"href":"https:\/\/erformance.eu\/lv\/wp-json\/wp\/v2\/product_brand?post=3186"},{"taxonomy":"product_cat","embeddable":true,"href":"https:\/\/erformance.eu\/lv\/wp-json\/wp\/v2\/product_cat?post=3186"},{"taxonomy":"product_tag","embeddable":true,"href":"https:\/\/erformance.eu\/lv\/wp-json\/wp\/v2\/product_tag?post=3186"}],"curies":[{"name":"wp","href":"https:\/\/api.w.org\/{rel}","templated":true}]}}