{"id":3198,"date":"2024-10-02T22:50:35","date_gmt":"2024-10-02T19:50:35","guid":{"rendered":"https:\/\/erformance.eu\/?post_type=product&#038;p=3198"},"modified":"2026-03-07T00:53:17","modified_gmt":"2026-03-06T21:53:17","slug":"bmw-rakto-korpusas-su-dangteliu-baterijai","status":"publish","type":"product","link":"https:\/\/erformance.eu\/lv\/produkts\/bmw-rakto-korpusas-su-dangteliu-baterijai\/","title":{"rendered":"BMW rakto korpusas E6X E7X E8X E9X, su dangteliu baterijai"},"content":{"rendered":"<p class=\"ai-optimize-33 ai-optimize-introduction\"><strong>Prek\u0117s pavadinimas:<\/strong><\/p>\n<ul>\n<li class=\"ai-optimize-33 ai-optimize-introduction\">BMW rakto korpusas su dangteliu baterijai, start stop.<\/li>\n<\/ul>\n<p class=\"ai-optimize-26\"><strong>Komplekt\u0105 sudaro:<\/strong><\/p>\n<ul>\n<li class=\"ai-optimize-44\">1 vnt. rakto korpusas su dangteliu baterijai.<\/li>\n<li class=\"ai-optimize-58\">1 vnt. nei\u0161graviruota rakto gele\u017et\u0117.<\/li>\n<\/ul>\n<p class=\"ai-optimize-43\"><strong>Spalva:<\/strong><\/p>\n<ul>\n<li class=\"ai-optimize-35\">juoda\/sidabrin\u0117.<\/li>\n<\/ul>\n<p class=\"ai-optimize-36\"><strong>Savyb\u0117s:<\/strong><\/p>\n<ul>\n<li class=\"ai-optimize-29\">Auk\u0161tos kokyb\u0117s bmw rakto korpusas.<\/li>\n<li class=\"ai-optimize-57\">Lengvas pakeitimas, u\u017esifiksuoja (nereikia klijuoti).<\/li>\n<\/ul>\n<p class=\"ai-optimize-38\"><strong>Tinkamumas:<\/strong><\/p>\n<ul>\n<li class=\"ai-optimize-41\"><strong>BMW E81 1 serija,<\/strong>\u00a02006-2012.<\/li>\n<li class=\"ai-optimize-42\"><strong>BMW E82 1 serija,<\/strong>\u00a02006-2013.<\/li>\n<li class=\"ai-optimize-43\"><strong>BMW E87 1 serija,<\/strong>\u00a02003-2013.<\/li>\n<li class=\"ai-optimize-44\"><strong>BMW E88 1 serija,<\/strong>\u00a02007-2013.<\/li>\n<li class=\"ai-optimize-45\"><strong>BMW E90 3\u00a0serija,\u00a0<\/strong>2005-2013.<\/li>\n<li class=\"ai-optimize-46\"><strong>BMW E91 3\u00a0serija,<\/strong>\u00a02005-2013.<\/li>\n<li class=\"ai-optimize-47\"><strong>BMW E92 3\u00a0serija,<\/strong>\u00a02005-2013.<\/li>\n<li class=\"ai-optimize-48\"><strong>BMW E93 3\u00a0serija,<\/strong>\u00a02005-2013.<\/li>\n<li class=\"ai-optimize-49\"><strong>BMW E60 5 serija,<\/strong>\u00a02003-2010.<\/li>\n<li class=\"ai-optimize-50\"><strong>BMW E61 5 serija,\u00a0<\/strong>2003-2010.<\/li>\n<li class=\"ai-optimize-51\"><strong>BMW E63 6 serija,<\/strong>\u00a02004-2010.<\/li>\n<li class=\"ai-optimize-52\"><strong>BMW E64 6 serija,\u00a0<\/strong>2004-2010.<\/li>\n<li class=\"ai-optimize-53\"><strong>BMW E70 X5 serija,<\/strong>\u00a02007-2013.<\/li>\n<li class=\"ai-optimize-54\"><strong>BMW E71 X6 serija,<\/strong>\u00a02007-2013.<\/li>\n<\/ul>\n<p class=\"ai-optimize-41\">Atnaujinkite automobilio i\u0161vaizd\u0105 ir suteikite agresyv\u0173, bei modern\u0173 stili\u0173.<\/p>\n<p class=\"ai-optimize-42\">Erformance.eu elektronin\u0117je parduotuv\u0117je rasite \u012fvairi\u0173 preki\u0173 savo\u00a0<a href=\"https:\/\/erformance.eu\/produkto-kategorija\/bmw\/\">BMW<\/a>\u00a0automobiliui. Nuo smulkiausi\u0173 pried\u0173 iki tiuning dali\u0173 plataus pasirinkimo.<\/p>\n<p class=\"ai-optimize-29\">Prek\u0117s laikomos sand\u0117lyje Lietuvoje, tod\u0117l galime garantuoti greit\u0105 pristatymo laik\u0105 (1-2 darbo dienas).<\/p>\n","protected":false},"excerpt":{"rendered":"<h5 class=\"ai-optimize-36\">Bmw rakto korpusas su dangteliu baterijai<\/h5>\n","protected":false},"featured_media":28486,"comment_status":"open","ping_status":"closed","template":"","meta":[],"product_brand":[],"product_cat":[50,53,62,42,59,46,2834,2858,2708,2704],"product_tag":[],"class_list":{"0":"post-3198","1":"product","2":"type-product","3":"status-publish","4":"has-post-thumbnail","6":"product_cat-e60-e61","7":"product_cat-e63-e64","8":"product_cat-e70","9":"product_cat-e81-e82-e87-e88","10":"product_cat-e83","11":"product_cat-e90-e91","12":"product_cat-e81-e82-e87-e88-salono-raktai-korpusai","13":"product_cat-e90-e91-salono-raktai-korpusai","14":"product_cat-e90-e91-salono-dalys","15":"product_cat-e81-e82-e87-e88-salono-dalys","17":"first","18":"instock","19":"shipping-taxable","20":"purchasable","21":"product-type-simple"},"yoast_head":"<!-- This site is optimized with the Yoast SEO Premium plugin v25.2 (Yoast SEO v27.5) - https:\/\/yoast.com\/product\/yoast-seo-premium-wordpress\/ -->\n<title>BMW rakto korpusas E6X E7X E8X E9X, su dangteliu baterijai - Erformance.eu<\/title>\n<meta name=\"description\" content=\"BMW rakto korpusas su dangteliu baterijai. Tinka BMW E60 E61 E63 E64 E70 E71 E81 E87 E88 E82 E90 E91 E92 E93 ir kitiems modeliams. Kokybi\u0161ka dalis.\" \/>\n<meta name=\"robots\" content=\"index, follow, max-snippet:-1, max-image-preview:large, max-video-preview:-1\" \/>\n<link rel=\"canonical\" href=\"https:\/\/erformance.eu\/lv\/produkts\/bmw-rakto-korpusas-su-dangteliu-baterijai\/\" \/>\n<meta property=\"og:locale\" content=\"lv_LV\" \/>\n<meta property=\"og:type\" content=\"article\" \/>\n<meta property=\"og:title\" content=\"BMW rakto korpusas E6X E7X E8X E9X, su dangteliu baterijai\" \/>\n<meta property=\"og:description\" content=\"BMW rakto korpusas su dangteliu baterijai. Tinka BMW E60 E61 E63 E64 E70 E71 E81 E87 E88 E82 E90 E91 E92 E93 ir kitiems modeliams. Kokybi\u0161ka dalis.\" \/>\n<meta property=\"og:url\" content=\"https:\/\/erformance.eu\/lv\/produkts\/bmw-rakto-korpusas-su-dangteliu-baterijai\/\" \/>\n<meta property=\"og:site_name\" content=\"Erformance.eu\" \/>\n<meta property=\"article:modified_time\" content=\"2026-03-06T21:53:17+00:00\" \/>\n<meta property=\"og:image\" content=\"https:\/\/erformance.eu\/wp-content\/uploads\/2024\/10\/bmw-rakto-korpusas-su-dangteliu-baterijai-start-stop-1.webp\" \/>\n\t<meta property=\"og:image:width\" content=\"1080\" \/>\n\t<meta property=\"og:image:height\" content=\"1080\" \/>\n\t<meta property=\"og:image:type\" content=\"image\/webp\" \/>\n<meta name=\"twitter:card\" content=\"summary_large_image\" \/>\n<meta name=\"twitter:label1\" content=\"Est. reading time\" \/>\n\t<meta name=\"twitter:data1\" content=\"2 min\u016btes\" \/>\n<script type=\"application\/ld+json\" class=\"yoast-schema-graph\">{\"@context\":\"https:\\\/\\\/schema.org\",\"@graph\":[{\"@type\":\"WebPage\",\"@id\":\"https:\\\/\\\/erformance.eu\\\/lv\\\/produkts\\\/bmw-rakto-korpusas-su-dangteliu-baterijai\\\/\",\"url\":\"https:\\\/\\\/erformance.eu\\\/lv\\\/produkts\\\/bmw-rakto-korpusas-su-dangteliu-baterijai\\\/\",\"name\":\"BMW rakto korpusas E6X E7X E8X E9X, su dangteliu baterijai - Erformance.eu\",\"isPartOf\":{\"@id\":\"https:\\\/\\\/erformance.eu\\\/lv\\\/#website\"},\"primaryImageOfPage\":{\"@id\":\"https:\\\/\\\/erformance.eu\\\/lv\\\/produkts\\\/bmw-rakto-korpusas-su-dangteliu-baterijai\\\/#primaryimage\"},\"image\":{\"@id\":\"https:\\\/\\\/erformance.eu\\\/lv\\\/produkts\\\/bmw-rakto-korpusas-su-dangteliu-baterijai\\\/#primaryimage\"},\"thumbnailUrl\":\"https:\\\/\\\/erformance.eu\\\/wp-content\\\/uploads\\\/2024\\\/10\\\/bmw-rakto-korpusas-su-dangteliu-baterijai-start-stop-1.webp\",\"datePublished\":\"2024-10-02T19:50:35+00:00\",\"dateModified\":\"2026-03-06T21:53:17+00:00\",\"description\":\"BMW rakto korpusas su dangteliu baterijai. Tinka BMW E60 E61 E63 E64 E70 E71 E81 E87 E88 E82 E90 E91 E92 E93 ir kitiems modeliams. Kokybi\u0161ka dalis.\",\"breadcrumb\":{\"@id\":\"https:\\\/\\\/erformance.eu\\\/lv\\\/produkts\\\/bmw-rakto-korpusas-su-dangteliu-baterijai\\\/#breadcrumb\"},\"inLanguage\":\"lv-LV\",\"potentialAction\":[{\"@type\":\"ReadAction\",\"target\":[\"https:\\\/\\\/erformance.eu\\\/lv\\\/produkts\\\/bmw-rakto-korpusas-su-dangteliu-baterijai\\\/\"]}]},{\"@type\":\"ImageObject\",\"inLanguage\":\"lv-LV\",\"@id\":\"https:\\\/\\\/erformance.eu\\\/lv\\\/produkts\\\/bmw-rakto-korpusas-su-dangteliu-baterijai\\\/#primaryimage\",\"url\":\"https:\\\/\\\/erformance.eu\\\/wp-content\\\/uploads\\\/2024\\\/10\\\/bmw-rakto-korpusas-su-dangteliu-baterijai-start-stop-1.webp\",\"contentUrl\":\"https:\\\/\\\/erformance.eu\\\/wp-content\\\/uploads\\\/2024\\\/10\\\/bmw-rakto-korpusas-su-dangteliu-baterijai-start-stop-1.webp\",\"width\":1080,\"height\":1080,\"caption\":\"bmw rakto korpusas su dangteliu baterijai i\u0161 priekio\"},{\"@type\":\"BreadcrumbList\",\"@id\":\"https:\\\/\\\/erformance.eu\\\/lv\\\/produkts\\\/bmw-rakto-korpusas-su-dangteliu-baterijai\\\/#breadcrumb\",\"itemListElement\":[{\"@type\":\"ListItem\",\"position\":1,\"name\":\"Home\",\"item\":\"https:\\\/\\\/erformance.eu\\\/lv\\\/\"},{\"@type\":\"ListItem\",\"position\":2,\"name\":\"Veikals\",\"item\":\"https:\\\/\\\/erformance.eu\\\/lv\\\/veikals\\\/\"},{\"@type\":\"ListItem\",\"position\":3,\"name\":\"BMW rakto korpusas E6X E7X E8X E9X, su dangteliu baterijai\"}]},{\"@type\":\"WebSite\",\"@id\":\"https:\\\/\\\/erformance.eu\\\/lv\\\/#website\",\"url\":\"https:\\\/\\\/erformance.eu\\\/lv\\\/\",\"name\":\"Erformance.eu\",\"description\":\"Automobili\u0173 dali\u0173 parduotuv\u0117\",\"potentialAction\":[{\"@type\":\"SearchAction\",\"target\":{\"@type\":\"EntryPoint\",\"urlTemplate\":\"https:\\\/\\\/erformance.eu\\\/lv\\\/?s={search_term_string}\"},\"query-input\":{\"@type\":\"PropertyValueSpecification\",\"valueRequired\":true,\"valueName\":\"search_term_string\"}}],\"inLanguage\":\"lv-LV\"}]}<\/script>\n<!-- \/ Yoast SEO Premium plugin. -->","yoast_head_json":{"title":"BMW rakto korpusas E6X E7X E8X E9X, su dangteliu baterijai - Erformance.eu","description":"BMW rakto korpusas su dangteliu baterijai. Tinka BMW E60 E61 E63 E64 E70 E71 E81 E87 E88 E82 E90 E91 E92 E93 ir kitiems modeliams. Kokybi\u0161ka dalis.","robots":{"index":"index","follow":"follow","max-snippet":"max-snippet:-1","max-image-preview":"max-image-preview:large","max-video-preview":"max-video-preview:-1"},"canonical":"https:\/\/erformance.eu\/lv\/produkts\/bmw-rakto-korpusas-su-dangteliu-baterijai\/","og_locale":"lv_LV","og_type":"article","og_title":"BMW rakto korpusas E6X E7X E8X E9X, su dangteliu baterijai","og_description":"BMW rakto korpusas su dangteliu baterijai. Tinka BMW E60 E61 E63 E64 E70 E71 E81 E87 E88 E82 E90 E91 E92 E93 ir kitiems modeliams. Kokybi\u0161ka dalis.","og_url":"https:\/\/erformance.eu\/lv\/produkts\/bmw-rakto-korpusas-su-dangteliu-baterijai\/","og_site_name":"Erformance.eu","article_modified_time":"2026-03-06T21:53:17+00:00","og_image":[{"width":1080,"height":1080,"url":"https:\/\/erformance.eu\/wp-content\/uploads\/2024\/10\/bmw-rakto-korpusas-su-dangteliu-baterijai-start-stop-1.webp","type":"image\/webp"}],"twitter_card":"summary_large_image","twitter_misc":{"Est. reading time":"2 min\u016btes"},"schema":{"@context":"https:\/\/schema.org","@graph":[{"@type":"WebPage","@id":"https:\/\/erformance.eu\/lv\/produkts\/bmw-rakto-korpusas-su-dangteliu-baterijai\/","url":"https:\/\/erformance.eu\/lv\/produkts\/bmw-rakto-korpusas-su-dangteliu-baterijai\/","name":"BMW rakto korpusas E6X E7X E8X E9X, su dangteliu baterijai - Erformance.eu","isPartOf":{"@id":"https:\/\/erformance.eu\/lv\/#website"},"primaryImageOfPage":{"@id":"https:\/\/erformance.eu\/lv\/produkts\/bmw-rakto-korpusas-su-dangteliu-baterijai\/#primaryimage"},"image":{"@id":"https:\/\/erformance.eu\/lv\/produkts\/bmw-rakto-korpusas-su-dangteliu-baterijai\/#primaryimage"},"thumbnailUrl":"https:\/\/erformance.eu\/wp-content\/uploads\/2024\/10\/bmw-rakto-korpusas-su-dangteliu-baterijai-start-stop-1.webp","datePublished":"2024-10-02T19:50:35+00:00","dateModified":"2026-03-06T21:53:17+00:00","description":"BMW rakto korpusas su dangteliu baterijai. Tinka BMW E60 E61 E63 E64 E70 E71 E81 E87 E88 E82 E90 E91 E92 E93 ir kitiems modeliams. Kokybi\u0161ka dalis.","breadcrumb":{"@id":"https:\/\/erformance.eu\/lv\/produkts\/bmw-rakto-korpusas-su-dangteliu-baterijai\/#breadcrumb"},"inLanguage":"lv-LV","potentialAction":[{"@type":"ReadAction","target":["https:\/\/erformance.eu\/lv\/produkts\/bmw-rakto-korpusas-su-dangteliu-baterijai\/"]}]},{"@type":"ImageObject","inLanguage":"lv-LV","@id":"https:\/\/erformance.eu\/lv\/produkts\/bmw-rakto-korpusas-su-dangteliu-baterijai\/#primaryimage","url":"https:\/\/erformance.eu\/wp-content\/uploads\/2024\/10\/bmw-rakto-korpusas-su-dangteliu-baterijai-start-stop-1.webp","contentUrl":"https:\/\/erformance.eu\/wp-content\/uploads\/2024\/10\/bmw-rakto-korpusas-su-dangteliu-baterijai-start-stop-1.webp","width":1080,"height":1080,"caption":"bmw rakto korpusas su dangteliu baterijai i\u0161 priekio"},{"@type":"BreadcrumbList","@id":"https:\/\/erformance.eu\/lv\/produkts\/bmw-rakto-korpusas-su-dangteliu-baterijai\/#breadcrumb","itemListElement":[{"@type":"ListItem","position":1,"name":"Home","item":"https:\/\/erformance.eu\/lv\/"},{"@type":"ListItem","position":2,"name":"Veikals","item":"https:\/\/erformance.eu\/lv\/veikals\/"},{"@type":"ListItem","position":3,"name":"BMW rakto korpusas E6X E7X E8X E9X, su dangteliu baterijai"}]},{"@type":"WebSite","@id":"https:\/\/erformance.eu\/lv\/#website","url":"https:\/\/erformance.eu\/lv\/","name":"Erformance.eu","description":"Automobili\u0173 dali\u0173 parduotuv\u0117","potentialAction":[{"@type":"SearchAction","target":{"@type":"EntryPoint","urlTemplate":"https:\/\/erformance.eu\/lv\/?s={search_term_string}"},"query-input":{"@type":"PropertyValueSpecification","valueRequired":true,"valueName":"search_term_string"}}],"inLanguage":"lv-LV"}]}},"jetpack_sharing_enabled":true,"_links":{"self":[{"href":"https:\/\/erformance.eu\/lv\/wp-json\/wp\/v2\/product\/3198","targetHints":{"allow":["GET"]}}],"collection":[{"href":"https:\/\/erformance.eu\/lv\/wp-json\/wp\/v2\/product"}],"about":[{"href":"https:\/\/erformance.eu\/lv\/wp-json\/wp\/v2\/types\/product"}],"replies":[{"embeddable":true,"href":"https:\/\/erformance.eu\/lv\/wp-json\/wp\/v2\/comments?post=3198"}],"version-history":[{"count":3,"href":"https:\/\/erformance.eu\/lv\/wp-json\/wp\/v2\/product\/3198\/revisions"}],"predecessor-version":[{"id":65823,"href":"https:\/\/erformance.eu\/lv\/wp-json\/wp\/v2\/product\/3198\/revisions\/65823"}],"wp:featuredmedia":[{"embeddable":true,"href":"https:\/\/erformance.eu\/lv\/wp-json\/wp\/v2\/media\/28486"}],"wp:attachment":[{"href":"https:\/\/erformance.eu\/lv\/wp-json\/wp\/v2\/media?parent=3198"}],"wp:term":[{"taxonomy":"product_brand","embeddable":true,"href":"https:\/\/erformance.eu\/lv\/wp-json\/wp\/v2\/product_brand?post=3198"},{"taxonomy":"product_cat","embeddable":true,"href":"https:\/\/erformance.eu\/lv\/wp-json\/wp\/v2\/product_cat?post=3198"},{"taxonomy":"product_tag","embeddable":true,"href":"https:\/\/erformance.eu\/lv\/wp-json\/wp\/v2\/product_tag?post=3198"}],"curies":[{"name":"wp","href":"https:\/\/api.w.org\/{rel}","templated":true}]}}