{"id":3214,"date":"2024-10-02T20:28:31","date_gmt":"2024-10-02T20:28:31","guid":{"rendered":"https:\/\/erformance.eu\/?post_type=product&#038;p=3214"},"modified":"2025-12-12T02:34:35","modified_gmt":"2025-12-11T23:34:35","slug":"k2-purskiamasis-vaskas-automobiliams","status":"publish","type":"product","link":"https:\/\/erformance.eu\/lv\/produkts\/k2-purskiamasis-vaskas-automobiliams\/","title":{"rendered":"K2 pur\u0161kiamas va\u0161kas automobiliui \/ 770ml"},"content":{"rendered":"","protected":false},"excerpt":{"rendered":"<p>K2 autochemijos gamintojo pur\u0161kiamasis va\u0161kas automobilio k\u0117bului.<\/p>\n","protected":false},"featured_media":3215,"comment_status":"open","ping_status":"closed","template":"","meta":[],"product_brand":[],"product_cat":[121],"product_tag":[],"class_list":{"0":"post-3214","1":"product","2":"type-product","3":"status-publish","4":"has-post-thumbnail","6":"product_cat-bmw","8":"first","9":"outofstock","10":"shipping-taxable","11":"purchasable","12":"product-type-simple"},"yoast_head":"<!-- This site is optimized with the Yoast SEO Premium plugin v25.2 (Yoast SEO v27.5) - https:\/\/yoast.com\/product\/yoast-seo-premium-wordpress\/ -->\n<title>K2 pur\u0161kiamas va\u0161kas automobiliui \/ 770ml - Erformance.eu<\/title>\n<meta name=\"robots\" content=\"index, follow, max-snippet:-1, max-image-preview:large, max-video-preview:-1\" \/>\n<link rel=\"canonical\" href=\"https:\/\/erformance.eu\/lv\/produkts\/k2-purskiamasis-vaskas-automobiliams\/\" \/>\n<meta property=\"og:locale\" content=\"lv_LV\" \/>\n<meta property=\"og:type\" content=\"article\" \/>\n<meta property=\"og:title\" content=\"K2 pur\u0161kiamas va\u0161kas automobiliui \/ 770ml\" \/>\n<meta property=\"og:description\" content=\"K2 autochemijos gamintojo pur\u0161kiamasis va\u0161kas automobilio k\u0117bului.\" \/>\n<meta property=\"og:url\" content=\"https:\/\/erformance.eu\/lv\/produkts\/k2-purskiamasis-vaskas-automobiliams\/\" \/>\n<meta property=\"og:site_name\" content=\"Erformance.eu\" \/>\n<meta property=\"article:modified_time\" content=\"2025-12-11T23:34:35+00:00\" \/>\n<meta property=\"og:image\" content=\"https:\/\/erformance.eu\/wp-content\/uploads\/2024\/10\/Ekrano-nuotrauka-2024-06-04-155534.png\" \/>\n\t<meta property=\"og:image:width\" content=\"776\" \/>\n\t<meta property=\"og:image:height\" content=\"985\" \/>\n\t<meta property=\"og:image:type\" content=\"image\/png\" \/>\n<meta name=\"twitter:card\" content=\"summary_large_image\" \/>\n<script type=\"application\/ld+json\" class=\"yoast-schema-graph\">{\"@context\":\"https:\\\/\\\/schema.org\",\"@graph\":[{\"@type\":\"WebPage\",\"@id\":\"https:\\\/\\\/erformance.eu\\\/lv\\\/produkts\\\/k2-purskiamasis-vaskas-automobiliams\\\/\",\"url\":\"https:\\\/\\\/erformance.eu\\\/lv\\\/produkts\\\/k2-purskiamasis-vaskas-automobiliams\\\/\",\"name\":\"K2 pur\u0161kiamas va\u0161kas automobiliui \\\/ 770ml - Erformance.eu\",\"isPartOf\":{\"@id\":\"https:\\\/\\\/erformance.eu\\\/lv\\\/#website\"},\"primaryImageOfPage\":{\"@id\":\"https:\\\/\\\/erformance.eu\\\/lv\\\/produkts\\\/k2-purskiamasis-vaskas-automobiliams\\\/#primaryimage\"},\"image\":{\"@id\":\"https:\\\/\\\/erformance.eu\\\/lv\\\/produkts\\\/k2-purskiamasis-vaskas-automobiliams\\\/#primaryimage\"},\"thumbnailUrl\":\"https:\\\/\\\/erformance.eu\\\/wp-content\\\/uploads\\\/2024\\\/10\\\/Ekrano-nuotrauka-2024-06-04-155534.png\",\"datePublished\":\"2024-10-02T20:28:31+00:00\",\"dateModified\":\"2025-12-11T23:34:35+00:00\",\"breadcrumb\":{\"@id\":\"https:\\\/\\\/erformance.eu\\\/lv\\\/produkts\\\/k2-purskiamasis-vaskas-automobiliams\\\/#breadcrumb\"},\"inLanguage\":\"lv-LV\",\"potentialAction\":[{\"@type\":\"ReadAction\",\"target\":[\"https:\\\/\\\/erformance.eu\\\/lv\\\/produkts\\\/k2-purskiamasis-vaskas-automobiliams\\\/\"]}]},{\"@type\":\"ImageObject\",\"inLanguage\":\"lv-LV\",\"@id\":\"https:\\\/\\\/erformance.eu\\\/lv\\\/produkts\\\/k2-purskiamasis-vaskas-automobiliams\\\/#primaryimage\",\"url\":\"https:\\\/\\\/erformance.eu\\\/wp-content\\\/uploads\\\/2024\\\/10\\\/Ekrano-nuotrauka-2024-06-04-155534.png\",\"contentUrl\":\"https:\\\/\\\/erformance.eu\\\/wp-content\\\/uploads\\\/2024\\\/10\\\/Ekrano-nuotrauka-2024-06-04-155534.png\",\"width\":776,\"height\":985,\"caption\":\"K2 autochemijos pur\u0161kiamasis va\u0161kas\"},{\"@type\":\"BreadcrumbList\",\"@id\":\"https:\\\/\\\/erformance.eu\\\/lv\\\/produkts\\\/k2-purskiamasis-vaskas-automobiliams\\\/#breadcrumb\",\"itemListElement\":[{\"@type\":\"ListItem\",\"position\":1,\"name\":\"Home\",\"item\":\"https:\\\/\\\/erformance.eu\\\/lv\\\/\"},{\"@type\":\"ListItem\",\"position\":2,\"name\":\"Veikals\",\"item\":\"https:\\\/\\\/erformance.eu\\\/lv\\\/veikals\\\/\"},{\"@type\":\"ListItem\",\"position\":3,\"name\":\"K2 pur\u0161kiamas va\u0161kas automobiliui \\\/ 770ml\"}]},{\"@type\":\"WebSite\",\"@id\":\"https:\\\/\\\/erformance.eu\\\/lv\\\/#website\",\"url\":\"https:\\\/\\\/erformance.eu\\\/lv\\\/\",\"name\":\"Erformance.eu\",\"description\":\"Automobili\u0173 dali\u0173 parduotuv\u0117\",\"potentialAction\":[{\"@type\":\"SearchAction\",\"target\":{\"@type\":\"EntryPoint\",\"urlTemplate\":\"https:\\\/\\\/erformance.eu\\\/lv\\\/?s={search_term_string}\"},\"query-input\":{\"@type\":\"PropertyValueSpecification\",\"valueRequired\":true,\"valueName\":\"search_term_string\"}}],\"inLanguage\":\"lv-LV\"}]}<\/script>\n<!-- \/ Yoast SEO Premium plugin. -->","yoast_head_json":{"title":"K2 pur\u0161kiamas va\u0161kas automobiliui \/ 770ml - Erformance.eu","robots":{"index":"index","follow":"follow","max-snippet":"max-snippet:-1","max-image-preview":"max-image-preview:large","max-video-preview":"max-video-preview:-1"},"canonical":"https:\/\/erformance.eu\/lv\/produkts\/k2-purskiamasis-vaskas-automobiliams\/","og_locale":"lv_LV","og_type":"article","og_title":"K2 pur\u0161kiamas va\u0161kas automobiliui \/ 770ml","og_description":"K2 autochemijos gamintojo pur\u0161kiamasis va\u0161kas automobilio k\u0117bului.","og_url":"https:\/\/erformance.eu\/lv\/produkts\/k2-purskiamasis-vaskas-automobiliams\/","og_site_name":"Erformance.eu","article_modified_time":"2025-12-11T23:34:35+00:00","og_image":[{"width":776,"height":985,"url":"https:\/\/erformance.eu\/wp-content\/uploads\/2024\/10\/Ekrano-nuotrauka-2024-06-04-155534.png","type":"image\/png"}],"twitter_card":"summary_large_image","schema":{"@context":"https:\/\/schema.org","@graph":[{"@type":"WebPage","@id":"https:\/\/erformance.eu\/lv\/produkts\/k2-purskiamasis-vaskas-automobiliams\/","url":"https:\/\/erformance.eu\/lv\/produkts\/k2-purskiamasis-vaskas-automobiliams\/","name":"K2 pur\u0161kiamas va\u0161kas automobiliui \/ 770ml - Erformance.eu","isPartOf":{"@id":"https:\/\/erformance.eu\/lv\/#website"},"primaryImageOfPage":{"@id":"https:\/\/erformance.eu\/lv\/produkts\/k2-purskiamasis-vaskas-automobiliams\/#primaryimage"},"image":{"@id":"https:\/\/erformance.eu\/lv\/produkts\/k2-purskiamasis-vaskas-automobiliams\/#primaryimage"},"thumbnailUrl":"https:\/\/erformance.eu\/wp-content\/uploads\/2024\/10\/Ekrano-nuotrauka-2024-06-04-155534.png","datePublished":"2024-10-02T20:28:31+00:00","dateModified":"2025-12-11T23:34:35+00:00","breadcrumb":{"@id":"https:\/\/erformance.eu\/lv\/produkts\/k2-purskiamasis-vaskas-automobiliams\/#breadcrumb"},"inLanguage":"lv-LV","potentialAction":[{"@type":"ReadAction","target":["https:\/\/erformance.eu\/lv\/produkts\/k2-purskiamasis-vaskas-automobiliams\/"]}]},{"@type":"ImageObject","inLanguage":"lv-LV","@id":"https:\/\/erformance.eu\/lv\/produkts\/k2-purskiamasis-vaskas-automobiliams\/#primaryimage","url":"https:\/\/erformance.eu\/wp-content\/uploads\/2024\/10\/Ekrano-nuotrauka-2024-06-04-155534.png","contentUrl":"https:\/\/erformance.eu\/wp-content\/uploads\/2024\/10\/Ekrano-nuotrauka-2024-06-04-155534.png","width":776,"height":985,"caption":"K2 autochemijos pur\u0161kiamasis va\u0161kas"},{"@type":"BreadcrumbList","@id":"https:\/\/erformance.eu\/lv\/produkts\/k2-purskiamasis-vaskas-automobiliams\/#breadcrumb","itemListElement":[{"@type":"ListItem","position":1,"name":"Home","item":"https:\/\/erformance.eu\/lv\/"},{"@type":"ListItem","position":2,"name":"Veikals","item":"https:\/\/erformance.eu\/lv\/veikals\/"},{"@type":"ListItem","position":3,"name":"K2 pur\u0161kiamas va\u0161kas automobiliui \/ 770ml"}]},{"@type":"WebSite","@id":"https:\/\/erformance.eu\/lv\/#website","url":"https:\/\/erformance.eu\/lv\/","name":"Erformance.eu","description":"Automobili\u0173 dali\u0173 parduotuv\u0117","potentialAction":[{"@type":"SearchAction","target":{"@type":"EntryPoint","urlTemplate":"https:\/\/erformance.eu\/lv\/?s={search_term_string}"},"query-input":{"@type":"PropertyValueSpecification","valueRequired":true,"valueName":"search_term_string"}}],"inLanguage":"lv-LV"}]}},"jetpack_sharing_enabled":true,"_links":{"self":[{"href":"https:\/\/erformance.eu\/lv\/wp-json\/wp\/v2\/product\/3214","targetHints":{"allow":["GET"]}}],"collection":[{"href":"https:\/\/erformance.eu\/lv\/wp-json\/wp\/v2\/product"}],"about":[{"href":"https:\/\/erformance.eu\/lv\/wp-json\/wp\/v2\/types\/product"}],"replies":[{"embeddable":true,"href":"https:\/\/erformance.eu\/lv\/wp-json\/wp\/v2\/comments?post=3214"}],"version-history":[{"count":0,"href":"https:\/\/erformance.eu\/lv\/wp-json\/wp\/v2\/product\/3214\/revisions"}],"wp:featuredmedia":[{"embeddable":true,"href":"https:\/\/erformance.eu\/lv\/wp-json\/wp\/v2\/media\/3215"}],"wp:attachment":[{"href":"https:\/\/erformance.eu\/lv\/wp-json\/wp\/v2\/media?parent=3214"}],"wp:term":[{"taxonomy":"product_brand","embeddable":true,"href":"https:\/\/erformance.eu\/lv\/wp-json\/wp\/v2\/product_brand?post=3214"},{"taxonomy":"product_cat","embeddable":true,"href":"https:\/\/erformance.eu\/lv\/wp-json\/wp\/v2\/product_cat?post=3214"},{"taxonomy":"product_tag","embeddable":true,"href":"https:\/\/erformance.eu\/lv\/wp-json\/wp\/v2\/product_tag?post=3214"}],"curies":[{"name":"wp","href":"https:\/\/api.w.org\/{rel}","templated":true}]}}