{"id":3232,"date":"2024-10-02T23:44:09","date_gmt":"2024-10-02T20:44:09","guid":{"rendered":"https:\/\/erformance.eu\/?post_type=product&#038;p=3232"},"modified":"2026-04-22T05:43:34","modified_gmt":"2026-04-22T02:43:34","slug":"bmw-e70-e71-keleivio-duru-rankena-juoda","status":"publish","type":"product","link":"https:\/\/erformance.eu\/lv\/produkts\/bmw-e70-e71-keleivio-duru-rankena-juoda\/","title":{"rendered":"BMW E70 E71 keleivio rankena (de\u0161in\u0117 pus\u0117), juoda"},"content":{"rendered":"<p class=\"ai-optimize-33 ai-optimize-introduction\"><strong>Prek\u0117s pavadinimas:<\/strong><\/p>\n<ul>\n<li class=\"ai-optimize-33 ai-optimize-introduction\">BMW E70 E71 keleivio rankena juoda, de\u0161in\u0117s pus\u0117s.<\/li>\n<\/ul>\n<p class=\"ai-optimize-26\"><strong>Komplekt\u0105 sudaro:<\/strong><\/p>\n<ul>\n<li class=\"ai-optimize-25\">1 vnt. BMW E70 E71 rankena juoda keleivio pus\u0117s (de\u0161in\u0117).<\/li>\n<\/ul>\n<p class=\"ai-optimize-35\"><strong>Spalva:<\/strong><\/p>\n<ul>\n<li class=\"ai-optimize-35\">matin\u0117 juoda (matte black).<\/li>\n<\/ul>\n<p class=\"ai-optimize-36\"><strong>Savyb\u0117s:<\/strong><\/p>\n<ul>\n<li class=\"ai-optimize-29\">Rankena pagaminta i\u0161 auk\u0161tos kokyb\u0117s med\u017eiag\u0173.<\/li>\n<li class=\"ai-optimize-30\">Tvirti, auk\u0161tos kokyb\u0117s laikikliai.<\/li>\n<li class=\"ai-optimize-32\">Lengvas montavimas, laikikliai atitinka originalias vietas.<\/li>\n<\/ul>\n<p class=\"ai-optimize-38\"><strong>Tinkamumas:<\/strong><\/p>\n<ul>\n<li class=\"ai-optimize-31\"><strong>BMW E70 X5 serija,<\/strong> 2006-2013.<\/li>\n<li class=\"ai-optimize-40\"><strong>BMW E71 X6 serija,<\/strong> 2006-2014.<\/li>\n<\/ul>\n<p class=\"ai-optimize-41\">Atnaujinkite automobilio i\u0161vaizd\u0105 ir suteikite agresyv\u0173, bei modern\u0173 stili\u0173.<\/p>\n<p class=\"ai-optimize-42\">Erformance.eu elektronin\u0117je parduotuv\u0117je rasite \u012fvairi\u0173 preki\u0173 savo <a href=\"https:\/\/erformance.eu\/produkto-kategorija\/bmw\/x5-serija\/e70\/\">BMW E70 E71 X5 X6<\/a> \u00a0automobiliui. Nuo smulkiausi\u0173 pried\u0173 iki tiuning dali\u0173 plataus pasirinkimo.<\/p>\n<p class=\"ai-optimize-29\">Prek\u0117s laikomos sand\u0117lyje Lietuvoje, tod\u0117l galime garantuoti greit\u0105 pristatymo laik\u0105 (1-2 darbo dienas).<\/p>\n","protected":false},"excerpt":{"rendered":"<h5>BMW E70 E71 keleivio rankena<\/h5>\n","protected":false},"featured_media":28321,"comment_status":"open","ping_status":"closed","template":"","meta":[],"product_brand":[],"product_cat":[62,140],"product_tag":[],"class_list":{"0":"post-3232","1":"product","2":"type-product","3":"status-publish","4":"has-post-thumbnail","6":"product_cat-e70","7":"product_cat-e71-e72","9":"first","10":"outofstock","11":"shipping-taxable","12":"purchasable","13":"product-type-simple"},"yoast_head":"<!-- This site is optimized with the Yoast SEO Premium plugin v25.2 (Yoast SEO v27.6) - https:\/\/yoast.com\/product\/yoast-seo-premium-wordpress\/ -->\n<title>BMW E70 E71 keleivio rankena (de\u0161in\u0117 pus\u0117), juoda - Erformance.eu<\/title>\n<meta name=\"description\" content=\"BMW E70 E71 keleivio rankena juoda. Auk\u0161tos kokyb\u0117s. Tinka LCI ir PRE LCI X5 E70 X6 E71 modeliams. Komplekte 1 keleivio rankena.\" \/>\n<meta name=\"robots\" content=\"index, follow, max-snippet:-1, max-image-preview:large, max-video-preview:-1\" \/>\n<link rel=\"canonical\" href=\"https:\/\/erformance.eu\/lv\/produkts\/bmw-e70-e71-keleivio-duru-rankena-juoda\/\" \/>\n<meta property=\"og:locale\" content=\"lv_LV\" \/>\n<meta property=\"og:type\" content=\"article\" \/>\n<meta property=\"og:title\" content=\"BMW E70 E71 keleivio rankena (de\u0161in\u0117 pus\u0117), juoda\" \/>\n<meta property=\"og:description\" content=\"BMW E70 E71 keleivio rankena juoda. Auk\u0161tos kokyb\u0117s. Tinka LCI ir PRE LCI X5 E70 X6 E71 modeliams. Komplekte 1 keleivio rankena.\" \/>\n<meta property=\"og:url\" content=\"https:\/\/erformance.eu\/lv\/produkts\/bmw-e70-e71-keleivio-duru-rankena-juoda\/\" \/>\n<meta property=\"og:site_name\" content=\"Erformance.eu\" \/>\n<meta property=\"article:modified_time\" content=\"2026-04-22T02:43:34+00:00\" \/>\n<meta property=\"og:image\" content=\"https:\/\/erformance.eu\/wp-content\/uploads\/2024\/10\/bmw-e70-e71-keleivio-juoda-rankena.webp\" \/>\n\t<meta property=\"og:image:width\" content=\"1080\" \/>\n\t<meta property=\"og:image:height\" content=\"1080\" \/>\n\t<meta property=\"og:image:type\" content=\"image\/webp\" \/>\n<meta name=\"twitter:card\" content=\"summary_large_image\" \/>\n<meta name=\"twitter:label1\" content=\"Est. reading time\" \/>\n\t<meta name=\"twitter:data1\" content=\"1 min\u016b\u0161u\" \/>\n<script type=\"application\/ld+json\" class=\"yoast-schema-graph\">{\"@context\":\"https:\\\/\\\/schema.org\",\"@graph\":[{\"@type\":\"WebPage\",\"@id\":\"https:\\\/\\\/erformance.eu\\\/lv\\\/produkts\\\/bmw-e70-e71-keleivio-duru-rankena-juoda\\\/\",\"url\":\"https:\\\/\\\/erformance.eu\\\/lv\\\/produkts\\\/bmw-e70-e71-keleivio-duru-rankena-juoda\\\/\",\"name\":\"BMW E70 E71 keleivio rankena (de\u0161in\u0117 pus\u0117), juoda - Erformance.eu\",\"isPartOf\":{\"@id\":\"https:\\\/\\\/erformance.eu\\\/lv\\\/#website\"},\"primaryImageOfPage\":{\"@id\":\"https:\\\/\\\/erformance.eu\\\/lv\\\/produkts\\\/bmw-e70-e71-keleivio-duru-rankena-juoda\\\/#primaryimage\"},\"image\":{\"@id\":\"https:\\\/\\\/erformance.eu\\\/lv\\\/produkts\\\/bmw-e70-e71-keleivio-duru-rankena-juoda\\\/#primaryimage\"},\"thumbnailUrl\":\"https:\\\/\\\/erformance.eu\\\/wp-content\\\/uploads\\\/2024\\\/10\\\/bmw-e70-e71-keleivio-juoda-rankena.webp\",\"datePublished\":\"2024-10-02T20:44:09+00:00\",\"dateModified\":\"2026-04-22T02:43:34+00:00\",\"description\":\"BMW E70 E71 keleivio rankena juoda. Auk\u0161tos kokyb\u0117s. Tinka LCI ir PRE LCI X5 E70 X6 E71 modeliams. Komplekte 1 keleivio rankena.\",\"breadcrumb\":{\"@id\":\"https:\\\/\\\/erformance.eu\\\/lv\\\/produkts\\\/bmw-e70-e71-keleivio-duru-rankena-juoda\\\/#breadcrumb\"},\"inLanguage\":\"lv-LV\",\"potentialAction\":[{\"@type\":\"ReadAction\",\"target\":[\"https:\\\/\\\/erformance.eu\\\/lv\\\/produkts\\\/bmw-e70-e71-keleivio-duru-rankena-juoda\\\/\"]}]},{\"@type\":\"ImageObject\",\"inLanguage\":\"lv-LV\",\"@id\":\"https:\\\/\\\/erformance.eu\\\/lv\\\/produkts\\\/bmw-e70-e71-keleivio-duru-rankena-juoda\\\/#primaryimage\",\"url\":\"https:\\\/\\\/erformance.eu\\\/wp-content\\\/uploads\\\/2024\\\/10\\\/bmw-e70-e71-keleivio-juoda-rankena.webp\",\"contentUrl\":\"https:\\\/\\\/erformance.eu\\\/wp-content\\\/uploads\\\/2024\\\/10\\\/bmw-e70-e71-keleivio-juoda-rankena.webp\",\"width\":1080,\"height\":1080,\"caption\":\"Bmw e70 e71 keleivio rankena juoda i\u0161 priekio\"},{\"@type\":\"BreadcrumbList\",\"@id\":\"https:\\\/\\\/erformance.eu\\\/lv\\\/produkts\\\/bmw-e70-e71-keleivio-duru-rankena-juoda\\\/#breadcrumb\",\"itemListElement\":[{\"@type\":\"ListItem\",\"position\":1,\"name\":\"Home\",\"item\":\"https:\\\/\\\/erformance.eu\\\/lv\\\/\"},{\"@type\":\"ListItem\",\"position\":2,\"name\":\"Veikals\",\"item\":\"https:\\\/\\\/erformance.eu\\\/lv\\\/veikals\\\/\"},{\"@type\":\"ListItem\",\"position\":3,\"name\":\"BMW E70 E71 keleivio rankena (de\u0161in\u0117 pus\u0117), juoda\"}]},{\"@type\":\"WebSite\",\"@id\":\"https:\\\/\\\/erformance.eu\\\/lv\\\/#website\",\"url\":\"https:\\\/\\\/erformance.eu\\\/lv\\\/\",\"name\":\"Erformance.eu\",\"description\":\"Automobili\u0173 dali\u0173 parduotuv\u0117\",\"potentialAction\":[{\"@type\":\"SearchAction\",\"target\":{\"@type\":\"EntryPoint\",\"urlTemplate\":\"https:\\\/\\\/erformance.eu\\\/lv\\\/?s={search_term_string}\"},\"query-input\":{\"@type\":\"PropertyValueSpecification\",\"valueRequired\":true,\"valueName\":\"search_term_string\"}}],\"inLanguage\":\"lv-LV\"}]}<\/script>\n<!-- \/ Yoast SEO Premium plugin. -->","yoast_head_json":{"title":"BMW E70 E71 keleivio rankena (de\u0161in\u0117 pus\u0117), juoda - Erformance.eu","description":"BMW E70 E71 keleivio rankena juoda. Auk\u0161tos kokyb\u0117s. Tinka LCI ir PRE LCI X5 E70 X6 E71 modeliams. Komplekte 1 keleivio rankena.","robots":{"index":"index","follow":"follow","max-snippet":"max-snippet:-1","max-image-preview":"max-image-preview:large","max-video-preview":"max-video-preview:-1"},"canonical":"https:\/\/erformance.eu\/lv\/produkts\/bmw-e70-e71-keleivio-duru-rankena-juoda\/","og_locale":"lv_LV","og_type":"article","og_title":"BMW E70 E71 keleivio rankena (de\u0161in\u0117 pus\u0117), juoda","og_description":"BMW E70 E71 keleivio rankena juoda. Auk\u0161tos kokyb\u0117s. Tinka LCI ir PRE LCI X5 E70 X6 E71 modeliams. Komplekte 1 keleivio rankena.","og_url":"https:\/\/erformance.eu\/lv\/produkts\/bmw-e70-e71-keleivio-duru-rankena-juoda\/","og_site_name":"Erformance.eu","article_modified_time":"2026-04-22T02:43:34+00:00","og_image":[{"width":1080,"height":1080,"url":"https:\/\/erformance.eu\/wp-content\/uploads\/2024\/10\/bmw-e70-e71-keleivio-juoda-rankena.webp","type":"image\/webp"}],"twitter_card":"summary_large_image","twitter_misc":{"Est. reading time":"1 min\u016b\u0161u"},"schema":{"@context":"https:\/\/schema.org","@graph":[{"@type":"WebPage","@id":"https:\/\/erformance.eu\/lv\/produkts\/bmw-e70-e71-keleivio-duru-rankena-juoda\/","url":"https:\/\/erformance.eu\/lv\/produkts\/bmw-e70-e71-keleivio-duru-rankena-juoda\/","name":"BMW E70 E71 keleivio rankena (de\u0161in\u0117 pus\u0117), juoda - Erformance.eu","isPartOf":{"@id":"https:\/\/erformance.eu\/lv\/#website"},"primaryImageOfPage":{"@id":"https:\/\/erformance.eu\/lv\/produkts\/bmw-e70-e71-keleivio-duru-rankena-juoda\/#primaryimage"},"image":{"@id":"https:\/\/erformance.eu\/lv\/produkts\/bmw-e70-e71-keleivio-duru-rankena-juoda\/#primaryimage"},"thumbnailUrl":"https:\/\/erformance.eu\/wp-content\/uploads\/2024\/10\/bmw-e70-e71-keleivio-juoda-rankena.webp","datePublished":"2024-10-02T20:44:09+00:00","dateModified":"2026-04-22T02:43:34+00:00","description":"BMW E70 E71 keleivio rankena juoda. Auk\u0161tos kokyb\u0117s. Tinka LCI ir PRE LCI X5 E70 X6 E71 modeliams. Komplekte 1 keleivio rankena.","breadcrumb":{"@id":"https:\/\/erformance.eu\/lv\/produkts\/bmw-e70-e71-keleivio-duru-rankena-juoda\/#breadcrumb"},"inLanguage":"lv-LV","potentialAction":[{"@type":"ReadAction","target":["https:\/\/erformance.eu\/lv\/produkts\/bmw-e70-e71-keleivio-duru-rankena-juoda\/"]}]},{"@type":"ImageObject","inLanguage":"lv-LV","@id":"https:\/\/erformance.eu\/lv\/produkts\/bmw-e70-e71-keleivio-duru-rankena-juoda\/#primaryimage","url":"https:\/\/erformance.eu\/wp-content\/uploads\/2024\/10\/bmw-e70-e71-keleivio-juoda-rankena.webp","contentUrl":"https:\/\/erformance.eu\/wp-content\/uploads\/2024\/10\/bmw-e70-e71-keleivio-juoda-rankena.webp","width":1080,"height":1080,"caption":"Bmw e70 e71 keleivio rankena juoda i\u0161 priekio"},{"@type":"BreadcrumbList","@id":"https:\/\/erformance.eu\/lv\/produkts\/bmw-e70-e71-keleivio-duru-rankena-juoda\/#breadcrumb","itemListElement":[{"@type":"ListItem","position":1,"name":"Home","item":"https:\/\/erformance.eu\/lv\/"},{"@type":"ListItem","position":2,"name":"Veikals","item":"https:\/\/erformance.eu\/lv\/veikals\/"},{"@type":"ListItem","position":3,"name":"BMW E70 E71 keleivio rankena (de\u0161in\u0117 pus\u0117), juoda"}]},{"@type":"WebSite","@id":"https:\/\/erformance.eu\/lv\/#website","url":"https:\/\/erformance.eu\/lv\/","name":"Erformance.eu","description":"Automobili\u0173 dali\u0173 parduotuv\u0117","potentialAction":[{"@type":"SearchAction","target":{"@type":"EntryPoint","urlTemplate":"https:\/\/erformance.eu\/lv\/?s={search_term_string}"},"query-input":{"@type":"PropertyValueSpecification","valueRequired":true,"valueName":"search_term_string"}}],"inLanguage":"lv-LV"}]}},"jetpack_sharing_enabled":true,"_links":{"self":[{"href":"https:\/\/erformance.eu\/lv\/wp-json\/wp\/v2\/product\/3232","targetHints":{"allow":["GET"]}}],"collection":[{"href":"https:\/\/erformance.eu\/lv\/wp-json\/wp\/v2\/product"}],"about":[{"href":"https:\/\/erformance.eu\/lv\/wp-json\/wp\/v2\/types\/product"}],"replies":[{"embeddable":true,"href":"https:\/\/erformance.eu\/lv\/wp-json\/wp\/v2\/comments?post=3232"}],"version-history":[{"count":3,"href":"https:\/\/erformance.eu\/lv\/wp-json\/wp\/v2\/product\/3232\/revisions"}],"predecessor-version":[{"id":28320,"href":"https:\/\/erformance.eu\/lv\/wp-json\/wp\/v2\/product\/3232\/revisions\/28320"}],"wp:featuredmedia":[{"embeddable":true,"href":"https:\/\/erformance.eu\/lv\/wp-json\/wp\/v2\/media\/28321"}],"wp:attachment":[{"href":"https:\/\/erformance.eu\/lv\/wp-json\/wp\/v2\/media?parent=3232"}],"wp:term":[{"taxonomy":"product_brand","embeddable":true,"href":"https:\/\/erformance.eu\/lv\/wp-json\/wp\/v2\/product_brand?post=3232"},{"taxonomy":"product_cat","embeddable":true,"href":"https:\/\/erformance.eu\/lv\/wp-json\/wp\/v2\/product_cat?post=3232"},{"taxonomy":"product_tag","embeddable":true,"href":"https:\/\/erformance.eu\/lv\/wp-json\/wp\/v2\/product_tag?post=3232"}],"curies":[{"name":"wp","href":"https:\/\/api.w.org\/{rel}","templated":true}]}}