{"id":33287,"date":"2026-01-09T10:23:57","date_gmt":"2026-01-09T07:23:57","guid":{"rendered":"https:\/\/erformance.eu\/?post_type=product&#038;p=33287"},"modified":"2026-02-24T13:42:37","modified_gmt":"2026-02-24T10:42:37","slug":"bmw-4-f32-f33-f36-f82-f83-galines-bagazines-rankeneles-mygtukas-mikrojungiklis-be-sklypes-atbulinio-vairo-kamerai","status":"publish","type":"product","link":"https:\/\/erformance.eu\/lv\/produkts\/bmw-4-f32-f33-f36-f82-f83-galines-bagazines-rankeneles-mygtukas-mikrojungiklis-be-sklypes-atbulinio-vairo-kamerai\/","title":{"rendered":"BMW 4 F32 F33 F36 F82 F83 galin\u0117s baga\u017ein\u0117s ranken\u0117l\u0117s mygtukas (mikrojungiklis) BE SKLYP\u0116S ATBULINIO VAIRO KAMERAI"},"content":{"rendered":"","protected":false},"excerpt":{"rendered":"<p>1. Prek\u0117 \u2013 Galinio baga\u017ein\u0117s dang\u010dio rankenos mygtukas (mikrojungiklis)<br \/>\n2. Tiek\u0117jas &#8211; ERformance<br \/>\n3. Automobilis, BMW 2 F22 F23 F45 F46 F87, BMW 3 F30 F31 F34 F80, BMW 4 F32 F33 F36 F82 F83, BMW 5 F10 F11 F18, BMW X1 F48, BMW X3 F25, BMW X4 F26, BMW X5 F15 F85, BMW X6 F16 F86<\/p>\n","protected":false},"featured_media":33288,"comment_status":"open","ping_status":"closed","template":"","meta":[],"product_brand":[],"product_cat":[125,121,48],"product_tag":[],"class_list":{"0":"post-33287","1":"product","2":"type-product","3":"status-publish","4":"has-post-thumbnail","6":"product_cat-4-serija","7":"product_cat-bmw","8":"product_cat-f32-f33-f36","10":"first","11":"instock","12":"shipping-taxable","13":"purchasable","14":"product-type-simple"},"yoast_head":"<!-- This site is optimized with the Yoast SEO Premium plugin v25.2 (Yoast SEO v27.4) - https:\/\/yoast.com\/product\/yoast-seo-premium-wordpress\/ -->\n<title>BMW 4 F32 F33 F36 F82 F83 galin\u0117s baga\u017ein\u0117s ranken\u0117l\u0117s mygtukas (mikrojungiklis) BE SKLYP\u0116S ATBULINIO VAIRO KAMERAI - Erformance.eu<\/title>\n<meta name=\"robots\" content=\"index, follow, max-snippet:-1, max-image-preview:large, max-video-preview:-1\" \/>\n<link rel=\"canonical\" href=\"https:\/\/erformance.eu\/lv\/produkts\/bmw-4-f32-f33-f36-f82-f83-galines-bagazines-rankeneles-mygtukas-mikrojungiklis-be-sklypes-atbulinio-vairo-kamerai\/\" \/>\n<meta property=\"og:locale\" content=\"lv_LV\" \/>\n<meta property=\"og:type\" content=\"article\" \/>\n<meta property=\"og:title\" content=\"BMW 4 F32 F33 F36 F82 F83 galin\u0117s baga\u017ein\u0117s ranken\u0117l\u0117s mygtukas (mikrojungiklis) BE SKLYP\u0116S ATBULINIO VAIRO KAMERAI\" \/>\n<meta property=\"og:description\" content=\"1. Prek\u0117 \u2013 Galinio baga\u017ein\u0117s dang\u010dio rankenos mygtukas (mikrojungiklis) 2. Tiek\u0117jas - ERformance 3. Automobilis, BMW 2 F22 F23 F45 F46 F87, BMW 3 F30 F31 F34 F80, BMW 4 F32 F33 F36 F82 F83, BMW 5 F10 F11 F18, BMW X1 F48, BMW X3 F25, BMW X4 F26, BMW X5 F15 F85, BMW X6 F16 F86\" \/>\n<meta property=\"og:url\" content=\"https:\/\/erformance.eu\/lv\/produkts\/bmw-4-f32-f33-f36-f82-f83-galines-bagazines-rankeneles-mygtukas-mikrojungiklis-be-sklypes-atbulinio-vairo-kamerai\/\" \/>\n<meta property=\"og:site_name\" content=\"Erformance.eu\" \/>\n<meta property=\"article:modified_time\" content=\"2026-02-24T10:42:37+00:00\" \/>\n<meta property=\"og:image\" content=\"https:\/\/erformance.eu\/wp-content\/uploads\/2026\/01\/pol_pm_BMW-4-F32-F33-F36-F82-F83-przycisk-mikrostyk-klamki-tylnej-klapy-bagaznika-BEZ-OTWORU-NA-KAMERE-COFANIA-24592_1.jpg\" \/>\n\t<meta property=\"og:image:width\" content=\"900\" \/>\n\t<meta property=\"og:image:height\" content=\"900\" \/>\n\t<meta property=\"og:image:type\" content=\"image\/jpeg\" \/>\n<meta name=\"twitter:card\" content=\"summary_large_image\" \/>\n<meta name=\"twitter:label1\" content=\"Est. reading time\" \/>\n\t<meta name=\"twitter:data1\" content=\"1 min\u016b\u0161u\" \/>\n<script type=\"application\/ld+json\" class=\"yoast-schema-graph\">{\"@context\":\"https:\\\/\\\/schema.org\",\"@graph\":[{\"@type\":\"WebPage\",\"@id\":\"https:\\\/\\\/erformance.eu\\\/lv\\\/produkts\\\/bmw-4-f32-f33-f36-f82-f83-galines-bagazines-rankeneles-mygtukas-mikrojungiklis-be-sklypes-atbulinio-vairo-kamerai\\\/\",\"url\":\"https:\\\/\\\/erformance.eu\\\/lv\\\/produkts\\\/bmw-4-f32-f33-f36-f82-f83-galines-bagazines-rankeneles-mygtukas-mikrojungiklis-be-sklypes-atbulinio-vairo-kamerai\\\/\",\"name\":\"BMW 4 F32 F33 F36 F82 F83 galin\u0117s baga\u017ein\u0117s ranken\u0117l\u0117s mygtukas (mikrojungiklis) BE SKLYP\u0116S ATBULINIO VAIRO KAMERAI - Erformance.eu\",\"isPartOf\":{\"@id\":\"https:\\\/\\\/erformance.eu\\\/lv\\\/#website\"},\"primaryImageOfPage\":{\"@id\":\"https:\\\/\\\/erformance.eu\\\/lv\\\/produkts\\\/bmw-4-f32-f33-f36-f82-f83-galines-bagazines-rankeneles-mygtukas-mikrojungiklis-be-sklypes-atbulinio-vairo-kamerai\\\/#primaryimage\"},\"image\":{\"@id\":\"https:\\\/\\\/erformance.eu\\\/lv\\\/produkts\\\/bmw-4-f32-f33-f36-f82-f83-galines-bagazines-rankeneles-mygtukas-mikrojungiklis-be-sklypes-atbulinio-vairo-kamerai\\\/#primaryimage\"},\"thumbnailUrl\":\"https:\\\/\\\/erformance.eu\\\/wp-content\\\/uploads\\\/2026\\\/01\\\/pol_pm_BMW-4-F32-F33-F36-F82-F83-przycisk-mikrostyk-klamki-tylnej-klapy-bagaznika-BEZ-OTWORU-NA-KAMERE-COFANIA-24592_1.jpg\",\"datePublished\":\"2026-01-09T07:23:57+00:00\",\"dateModified\":\"2026-02-24T10:42:37+00:00\",\"breadcrumb\":{\"@id\":\"https:\\\/\\\/erformance.eu\\\/lv\\\/produkts\\\/bmw-4-f32-f33-f36-f82-f83-galines-bagazines-rankeneles-mygtukas-mikrojungiklis-be-sklypes-atbulinio-vairo-kamerai\\\/#breadcrumb\"},\"inLanguage\":\"lv-LV\",\"potentialAction\":[{\"@type\":\"ReadAction\",\"target\":[\"https:\\\/\\\/erformance.eu\\\/lv\\\/produkts\\\/bmw-4-f32-f33-f36-f82-f83-galines-bagazines-rankeneles-mygtukas-mikrojungiklis-be-sklypes-atbulinio-vairo-kamerai\\\/\"]}]},{\"@type\":\"ImageObject\",\"inLanguage\":\"lv-LV\",\"@id\":\"https:\\\/\\\/erformance.eu\\\/lv\\\/produkts\\\/bmw-4-f32-f33-f36-f82-f83-galines-bagazines-rankeneles-mygtukas-mikrojungiklis-be-sklypes-atbulinio-vairo-kamerai\\\/#primaryimage\",\"url\":\"https:\\\/\\\/erformance.eu\\\/wp-content\\\/uploads\\\/2026\\\/01\\\/pol_pm_BMW-4-F32-F33-F36-F82-F83-przycisk-mikrostyk-klamki-tylnej-klapy-bagaznika-BEZ-OTWORU-NA-KAMERE-COFANIA-24592_1.jpg\",\"contentUrl\":\"https:\\\/\\\/erformance.eu\\\/wp-content\\\/uploads\\\/2026\\\/01\\\/pol_pm_BMW-4-F32-F33-F36-F82-F83-przycisk-mikrostyk-klamki-tylnej-klapy-bagaznika-BEZ-OTWORU-NA-KAMERE-COFANIA-24592_1.jpg\",\"width\":900,\"height\":900},{\"@type\":\"BreadcrumbList\",\"@id\":\"https:\\\/\\\/erformance.eu\\\/lv\\\/produkts\\\/bmw-4-f32-f33-f36-f82-f83-galines-bagazines-rankeneles-mygtukas-mikrojungiklis-be-sklypes-atbulinio-vairo-kamerai\\\/#breadcrumb\",\"itemListElement\":[{\"@type\":\"ListItem\",\"position\":1,\"name\":\"Home\",\"item\":\"https:\\\/\\\/erformance.eu\\\/lv\\\/\"},{\"@type\":\"ListItem\",\"position\":2,\"name\":\"Veikals\",\"item\":\"https:\\\/\\\/erformance.eu\\\/lv\\\/veikals\\\/\"},{\"@type\":\"ListItem\",\"position\":3,\"name\":\"BMW 4 F32 F33 F36 F82 F83 galin\u0117s baga\u017ein\u0117s ranken\u0117l\u0117s mygtukas (mikrojungiklis) BE SKLYP\u0116S ATBULINIO VAIRO KAMERAI\"}]},{\"@type\":\"WebSite\",\"@id\":\"https:\\\/\\\/erformance.eu\\\/lv\\\/#website\",\"url\":\"https:\\\/\\\/erformance.eu\\\/lv\\\/\",\"name\":\"Erformance.eu\",\"description\":\"Automobili\u0173 dali\u0173 parduotuv\u0117\",\"potentialAction\":[{\"@type\":\"SearchAction\",\"target\":{\"@type\":\"EntryPoint\",\"urlTemplate\":\"https:\\\/\\\/erformance.eu\\\/lv\\\/?s={search_term_string}\"},\"query-input\":{\"@type\":\"PropertyValueSpecification\",\"valueRequired\":true,\"valueName\":\"search_term_string\"}}],\"inLanguage\":\"lv-LV\"}]}<\/script>\n<!-- \/ Yoast SEO Premium plugin. -->","yoast_head_json":{"title":"BMW 4 F32 F33 F36 F82 F83 galin\u0117s baga\u017ein\u0117s ranken\u0117l\u0117s mygtukas (mikrojungiklis) BE SKLYP\u0116S ATBULINIO VAIRO KAMERAI - Erformance.eu","robots":{"index":"index","follow":"follow","max-snippet":"max-snippet:-1","max-image-preview":"max-image-preview:large","max-video-preview":"max-video-preview:-1"},"canonical":"https:\/\/erformance.eu\/lv\/produkts\/bmw-4-f32-f33-f36-f82-f83-galines-bagazines-rankeneles-mygtukas-mikrojungiklis-be-sklypes-atbulinio-vairo-kamerai\/","og_locale":"lv_LV","og_type":"article","og_title":"BMW 4 F32 F33 F36 F82 F83 galin\u0117s baga\u017ein\u0117s ranken\u0117l\u0117s mygtukas (mikrojungiklis) BE SKLYP\u0116S ATBULINIO VAIRO KAMERAI","og_description":"1. Prek\u0117 \u2013 Galinio baga\u017ein\u0117s dang\u010dio rankenos mygtukas (mikrojungiklis) 2. Tiek\u0117jas - ERformance 3. Automobilis, BMW 2 F22 F23 F45 F46 F87, BMW 3 F30 F31 F34 F80, BMW 4 F32 F33 F36 F82 F83, BMW 5 F10 F11 F18, BMW X1 F48, BMW X3 F25, BMW X4 F26, BMW X5 F15 F85, BMW X6 F16 F86","og_url":"https:\/\/erformance.eu\/lv\/produkts\/bmw-4-f32-f33-f36-f82-f83-galines-bagazines-rankeneles-mygtukas-mikrojungiklis-be-sklypes-atbulinio-vairo-kamerai\/","og_site_name":"Erformance.eu","article_modified_time":"2026-02-24T10:42:37+00:00","og_image":[{"width":900,"height":900,"url":"https:\/\/erformance.eu\/wp-content\/uploads\/2026\/01\/pol_pm_BMW-4-F32-F33-F36-F82-F83-przycisk-mikrostyk-klamki-tylnej-klapy-bagaznika-BEZ-OTWORU-NA-KAMERE-COFANIA-24592_1.jpg","type":"image\/jpeg"}],"twitter_card":"summary_large_image","twitter_misc":{"Est. reading time":"1 min\u016b\u0161u"},"schema":{"@context":"https:\/\/schema.org","@graph":[{"@type":"WebPage","@id":"https:\/\/erformance.eu\/lv\/produkts\/bmw-4-f32-f33-f36-f82-f83-galines-bagazines-rankeneles-mygtukas-mikrojungiklis-be-sklypes-atbulinio-vairo-kamerai\/","url":"https:\/\/erformance.eu\/lv\/produkts\/bmw-4-f32-f33-f36-f82-f83-galines-bagazines-rankeneles-mygtukas-mikrojungiklis-be-sklypes-atbulinio-vairo-kamerai\/","name":"BMW 4 F32 F33 F36 F82 F83 galin\u0117s baga\u017ein\u0117s ranken\u0117l\u0117s mygtukas (mikrojungiklis) BE SKLYP\u0116S ATBULINIO VAIRO KAMERAI - Erformance.eu","isPartOf":{"@id":"https:\/\/erformance.eu\/lv\/#website"},"primaryImageOfPage":{"@id":"https:\/\/erformance.eu\/lv\/produkts\/bmw-4-f32-f33-f36-f82-f83-galines-bagazines-rankeneles-mygtukas-mikrojungiklis-be-sklypes-atbulinio-vairo-kamerai\/#primaryimage"},"image":{"@id":"https:\/\/erformance.eu\/lv\/produkts\/bmw-4-f32-f33-f36-f82-f83-galines-bagazines-rankeneles-mygtukas-mikrojungiklis-be-sklypes-atbulinio-vairo-kamerai\/#primaryimage"},"thumbnailUrl":"https:\/\/erformance.eu\/wp-content\/uploads\/2026\/01\/pol_pm_BMW-4-F32-F33-F36-F82-F83-przycisk-mikrostyk-klamki-tylnej-klapy-bagaznika-BEZ-OTWORU-NA-KAMERE-COFANIA-24592_1.jpg","datePublished":"2026-01-09T07:23:57+00:00","dateModified":"2026-02-24T10:42:37+00:00","breadcrumb":{"@id":"https:\/\/erformance.eu\/lv\/produkts\/bmw-4-f32-f33-f36-f82-f83-galines-bagazines-rankeneles-mygtukas-mikrojungiklis-be-sklypes-atbulinio-vairo-kamerai\/#breadcrumb"},"inLanguage":"lv-LV","potentialAction":[{"@type":"ReadAction","target":["https:\/\/erformance.eu\/lv\/produkts\/bmw-4-f32-f33-f36-f82-f83-galines-bagazines-rankeneles-mygtukas-mikrojungiklis-be-sklypes-atbulinio-vairo-kamerai\/"]}]},{"@type":"ImageObject","inLanguage":"lv-LV","@id":"https:\/\/erformance.eu\/lv\/produkts\/bmw-4-f32-f33-f36-f82-f83-galines-bagazines-rankeneles-mygtukas-mikrojungiklis-be-sklypes-atbulinio-vairo-kamerai\/#primaryimage","url":"https:\/\/erformance.eu\/wp-content\/uploads\/2026\/01\/pol_pm_BMW-4-F32-F33-F36-F82-F83-przycisk-mikrostyk-klamki-tylnej-klapy-bagaznika-BEZ-OTWORU-NA-KAMERE-COFANIA-24592_1.jpg","contentUrl":"https:\/\/erformance.eu\/wp-content\/uploads\/2026\/01\/pol_pm_BMW-4-F32-F33-F36-F82-F83-przycisk-mikrostyk-klamki-tylnej-klapy-bagaznika-BEZ-OTWORU-NA-KAMERE-COFANIA-24592_1.jpg","width":900,"height":900},{"@type":"BreadcrumbList","@id":"https:\/\/erformance.eu\/lv\/produkts\/bmw-4-f32-f33-f36-f82-f83-galines-bagazines-rankeneles-mygtukas-mikrojungiklis-be-sklypes-atbulinio-vairo-kamerai\/#breadcrumb","itemListElement":[{"@type":"ListItem","position":1,"name":"Home","item":"https:\/\/erformance.eu\/lv\/"},{"@type":"ListItem","position":2,"name":"Veikals","item":"https:\/\/erformance.eu\/lv\/veikals\/"},{"@type":"ListItem","position":3,"name":"BMW 4 F32 F33 F36 F82 F83 galin\u0117s baga\u017ein\u0117s ranken\u0117l\u0117s mygtukas (mikrojungiklis) BE SKLYP\u0116S ATBULINIO VAIRO KAMERAI"}]},{"@type":"WebSite","@id":"https:\/\/erformance.eu\/lv\/#website","url":"https:\/\/erformance.eu\/lv\/","name":"Erformance.eu","description":"Automobili\u0173 dali\u0173 parduotuv\u0117","potentialAction":[{"@type":"SearchAction","target":{"@type":"EntryPoint","urlTemplate":"https:\/\/erformance.eu\/lv\/?s={search_term_string}"},"query-input":{"@type":"PropertyValueSpecification","valueRequired":true,"valueName":"search_term_string"}}],"inLanguage":"lv-LV"}]}},"jetpack_sharing_enabled":true,"_links":{"self":[{"href":"https:\/\/erformance.eu\/lv\/wp-json\/wp\/v2\/product\/33287","targetHints":{"allow":["GET"]}}],"collection":[{"href":"https:\/\/erformance.eu\/lv\/wp-json\/wp\/v2\/product"}],"about":[{"href":"https:\/\/erformance.eu\/lv\/wp-json\/wp\/v2\/types\/product"}],"replies":[{"embeddable":true,"href":"https:\/\/erformance.eu\/lv\/wp-json\/wp\/v2\/comments?post=33287"}],"version-history":[{"count":1,"href":"https:\/\/erformance.eu\/lv\/wp-json\/wp\/v2\/product\/33287\/revisions"}],"predecessor-version":[{"id":33290,"href":"https:\/\/erformance.eu\/lv\/wp-json\/wp\/v2\/product\/33287\/revisions\/33290"}],"wp:featuredmedia":[{"embeddable":true,"href":"https:\/\/erformance.eu\/lv\/wp-json\/wp\/v2\/media\/33288"}],"wp:attachment":[{"href":"https:\/\/erformance.eu\/lv\/wp-json\/wp\/v2\/media?parent=33287"}],"wp:term":[{"taxonomy":"product_brand","embeddable":true,"href":"https:\/\/erformance.eu\/lv\/wp-json\/wp\/v2\/product_brand?post=33287"},{"taxonomy":"product_cat","embeddable":true,"href":"https:\/\/erformance.eu\/lv\/wp-json\/wp\/v2\/product_cat?post=33287"},{"taxonomy":"product_tag","embeddable":true,"href":"https:\/\/erformance.eu\/lv\/wp-json\/wp\/v2\/product_tag?post=33287"}],"curies":[{"name":"wp","href":"https:\/\/api.w.org\/{rel}","templated":true}]}}