{"id":34365,"date":"2026-01-09T10:28:50","date_gmt":"2026-01-09T07:28:50","guid":{"rendered":"https:\/\/erformance.eu\/?post_type=product&#038;p=34365"},"modified":"2026-03-02T21:27:04","modified_gmt":"2026-03-02T18:27:04","slug":"bmw-x4-f26-14-18-rankinio-stabdzio-variklis-12-menciu","status":"publish","type":"product","link":"https:\/\/erformance.eu\/lv\/produkts\/bmw-x4-f26-14-18-rankinio-stabdzio-variklis-12-menciu\/","title":{"rendered":"BMW X4 F26 14-18 rankinio stabd\u017eio variklis 12 men\u010di\u0173"},"content":{"rendered":"","protected":false},"excerpt":{"rendered":"<p>1. Prek\u0117 \u2013 rankinio stabd\u017eio variklis<br \/>\n2. Tiek\u0117jas &#8211; ERformance<br \/>\n3. Pus\u0117: kair\u0117 = de\u0161in\u0117<br \/>\n4. Tinkama:, BMW 5 F10 F11 09-17, BMW 6 F06 F12 F13 10-18, BMW X3 F25 10-17, BMW X4 F26 14-18, BMW Z4 E89 09-16<\/p>\n","protected":false},"featured_media":34366,"comment_status":"open","ping_status":"closed","template":"","meta":[],"product_brand":[],"product_cat":[173],"product_tag":[],"class_list":{"0":"post-34365","1":"product","2":"type-product","3":"status-publish","4":"has-post-thumbnail","6":"product_cat-f26","8":"first","9":"instock","10":"shipping-taxable","11":"purchasable","12":"product-type-simple"},"yoast_head":"<!-- This site is optimized with the Yoast SEO Premium plugin v25.2 (Yoast SEO v27.3) - https:\/\/yoast.com\/product\/yoast-seo-premium-wordpress\/ -->\n<title>BMW X4 F26 14-18 rankinio stabd\u017eio variklis 12 men\u010di\u0173 - Erformance.eu<\/title>\n<meta name=\"robots\" content=\"index, follow, max-snippet:-1, max-image-preview:large, max-video-preview:-1\" \/>\n<link rel=\"canonical\" href=\"https:\/\/erformance.eu\/lv\/produkts\/bmw-x4-f26-14-18-rankinio-stabdzio-variklis-12-menciu\/\" \/>\n<meta property=\"og:locale\" content=\"lv_LV\" \/>\n<meta property=\"og:type\" content=\"article\" \/>\n<meta property=\"og:title\" content=\"BMW X4 F26 14-18 rankinio stabd\u017eio variklis 12 men\u010di\u0173\" \/>\n<meta property=\"og:description\" content=\"1. Prek\u0117 \u2013 rankinio stabd\u017eio variklis 2. Tiek\u0117jas - ERformance 3. Pus\u0117: kair\u0117 = de\u0161in\u0117 4. Tinkama:, BMW 5 F10 F11 09-17, BMW 6 F06 F12 F13 10-18, BMW X3 F25 10-17, BMW X4 F26 14-18, BMW Z4 E89 09-16\" \/>\n<meta property=\"og:url\" content=\"https:\/\/erformance.eu\/lv\/produkts\/bmw-x4-f26-14-18-rankinio-stabdzio-variklis-12-menciu\/\" \/>\n<meta property=\"og:site_name\" content=\"Erformance.eu\" \/>\n<meta property=\"article:modified_time\" content=\"2026-03-02T18:27:04+00:00\" \/>\n<meta property=\"og:image\" content=\"https:\/\/erformance.eu\/wp-content\/uploads\/2026\/01\/pol_pm_BMW-X4-F26-14-18-silniczek-hamulca-recznego-12-FREZOW-20204_1.jpg\" \/>\n\t<meta property=\"og:image:width\" content=\"1200\" \/>\n\t<meta property=\"og:image:height\" content=\"900\" \/>\n\t<meta property=\"og:image:type\" content=\"image\/jpeg\" \/>\n<meta name=\"twitter:card\" content=\"summary_large_image\" \/>\n<meta name=\"twitter:label1\" content=\"Est. reading time\" \/>\n\t<meta name=\"twitter:data1\" content=\"1 min\u016b\u0161u\" \/>\n<script type=\"application\/ld+json\" class=\"yoast-schema-graph\">{\"@context\":\"https:\\\/\\\/schema.org\",\"@graph\":[{\"@type\":\"WebPage\",\"@id\":\"https:\\\/\\\/erformance.eu\\\/lv\\\/produkts\\\/bmw-x4-f26-14-18-rankinio-stabdzio-variklis-12-menciu\\\/\",\"url\":\"https:\\\/\\\/erformance.eu\\\/lv\\\/produkts\\\/bmw-x4-f26-14-18-rankinio-stabdzio-variklis-12-menciu\\\/\",\"name\":\"BMW X4 F26 14-18 rankinio stabd\u017eio variklis 12 men\u010di\u0173 - Erformance.eu\",\"isPartOf\":{\"@id\":\"https:\\\/\\\/erformance.eu\\\/lv\\\/#website\"},\"primaryImageOfPage\":{\"@id\":\"https:\\\/\\\/erformance.eu\\\/lv\\\/produkts\\\/bmw-x4-f26-14-18-rankinio-stabdzio-variklis-12-menciu\\\/#primaryimage\"},\"image\":{\"@id\":\"https:\\\/\\\/erformance.eu\\\/lv\\\/produkts\\\/bmw-x4-f26-14-18-rankinio-stabdzio-variklis-12-menciu\\\/#primaryimage\"},\"thumbnailUrl\":\"https:\\\/\\\/erformance.eu\\\/wp-content\\\/uploads\\\/2026\\\/01\\\/pol_pm_BMW-X4-F26-14-18-silniczek-hamulca-recznego-12-FREZOW-20204_1.jpg\",\"datePublished\":\"2026-01-09T07:28:50+00:00\",\"dateModified\":\"2026-03-02T18:27:04+00:00\",\"breadcrumb\":{\"@id\":\"https:\\\/\\\/erformance.eu\\\/lv\\\/produkts\\\/bmw-x4-f26-14-18-rankinio-stabdzio-variklis-12-menciu\\\/#breadcrumb\"},\"inLanguage\":\"lv-LV\",\"potentialAction\":[{\"@type\":\"ReadAction\",\"target\":[\"https:\\\/\\\/erformance.eu\\\/lv\\\/produkts\\\/bmw-x4-f26-14-18-rankinio-stabdzio-variklis-12-menciu\\\/\"]}]},{\"@type\":\"ImageObject\",\"inLanguage\":\"lv-LV\",\"@id\":\"https:\\\/\\\/erformance.eu\\\/lv\\\/produkts\\\/bmw-x4-f26-14-18-rankinio-stabdzio-variklis-12-menciu\\\/#primaryimage\",\"url\":\"https:\\\/\\\/erformance.eu\\\/wp-content\\\/uploads\\\/2026\\\/01\\\/pol_pm_BMW-X4-F26-14-18-silniczek-hamulca-recznego-12-FREZOW-20204_1.jpg\",\"contentUrl\":\"https:\\\/\\\/erformance.eu\\\/wp-content\\\/uploads\\\/2026\\\/01\\\/pol_pm_BMW-X4-F26-14-18-silniczek-hamulca-recznego-12-FREZOW-20204_1.jpg\",\"width\":1200,\"height\":900},{\"@type\":\"BreadcrumbList\",\"@id\":\"https:\\\/\\\/erformance.eu\\\/lv\\\/produkts\\\/bmw-x4-f26-14-18-rankinio-stabdzio-variklis-12-menciu\\\/#breadcrumb\",\"itemListElement\":[{\"@type\":\"ListItem\",\"position\":1,\"name\":\"Home\",\"item\":\"https:\\\/\\\/erformance.eu\\\/lv\\\/\"},{\"@type\":\"ListItem\",\"position\":2,\"name\":\"Veikals\",\"item\":\"https:\\\/\\\/erformance.eu\\\/lv\\\/veikals\\\/\"},{\"@type\":\"ListItem\",\"position\":3,\"name\":\"BMW X4 F26 14-18 rankinio stabd\u017eio variklis 12 men\u010di\u0173\"}]},{\"@type\":\"WebSite\",\"@id\":\"https:\\\/\\\/erformance.eu\\\/lv\\\/#website\",\"url\":\"https:\\\/\\\/erformance.eu\\\/lv\\\/\",\"name\":\"Erformance.eu\",\"description\":\"Automobili\u0173 dali\u0173 parduotuv\u0117\",\"potentialAction\":[{\"@type\":\"SearchAction\",\"target\":{\"@type\":\"EntryPoint\",\"urlTemplate\":\"https:\\\/\\\/erformance.eu\\\/lv\\\/?s={search_term_string}\"},\"query-input\":{\"@type\":\"PropertyValueSpecification\",\"valueRequired\":true,\"valueName\":\"search_term_string\"}}],\"inLanguage\":\"lv-LV\"}]}<\/script>\n<!-- \/ Yoast SEO Premium plugin. -->","yoast_head_json":{"title":"BMW X4 F26 14-18 rankinio stabd\u017eio variklis 12 men\u010di\u0173 - Erformance.eu","robots":{"index":"index","follow":"follow","max-snippet":"max-snippet:-1","max-image-preview":"max-image-preview:large","max-video-preview":"max-video-preview:-1"},"canonical":"https:\/\/erformance.eu\/lv\/produkts\/bmw-x4-f26-14-18-rankinio-stabdzio-variklis-12-menciu\/","og_locale":"lv_LV","og_type":"article","og_title":"BMW X4 F26 14-18 rankinio stabd\u017eio variklis 12 men\u010di\u0173","og_description":"1. Prek\u0117 \u2013 rankinio stabd\u017eio variklis 2. Tiek\u0117jas - ERformance 3. Pus\u0117: kair\u0117 = de\u0161in\u0117 4. Tinkama:, BMW 5 F10 F11 09-17, BMW 6 F06 F12 F13 10-18, BMW X3 F25 10-17, BMW X4 F26 14-18, BMW Z4 E89 09-16","og_url":"https:\/\/erformance.eu\/lv\/produkts\/bmw-x4-f26-14-18-rankinio-stabdzio-variklis-12-menciu\/","og_site_name":"Erformance.eu","article_modified_time":"2026-03-02T18:27:04+00:00","og_image":[{"width":1200,"height":900,"url":"https:\/\/erformance.eu\/wp-content\/uploads\/2026\/01\/pol_pm_BMW-X4-F26-14-18-silniczek-hamulca-recznego-12-FREZOW-20204_1.jpg","type":"image\/jpeg"}],"twitter_card":"summary_large_image","twitter_misc":{"Est. reading time":"1 min\u016b\u0161u"},"schema":{"@context":"https:\/\/schema.org","@graph":[{"@type":"WebPage","@id":"https:\/\/erformance.eu\/lv\/produkts\/bmw-x4-f26-14-18-rankinio-stabdzio-variklis-12-menciu\/","url":"https:\/\/erformance.eu\/lv\/produkts\/bmw-x4-f26-14-18-rankinio-stabdzio-variklis-12-menciu\/","name":"BMW X4 F26 14-18 rankinio stabd\u017eio variklis 12 men\u010di\u0173 - Erformance.eu","isPartOf":{"@id":"https:\/\/erformance.eu\/lv\/#website"},"primaryImageOfPage":{"@id":"https:\/\/erformance.eu\/lv\/produkts\/bmw-x4-f26-14-18-rankinio-stabdzio-variklis-12-menciu\/#primaryimage"},"image":{"@id":"https:\/\/erformance.eu\/lv\/produkts\/bmw-x4-f26-14-18-rankinio-stabdzio-variklis-12-menciu\/#primaryimage"},"thumbnailUrl":"https:\/\/erformance.eu\/wp-content\/uploads\/2026\/01\/pol_pm_BMW-X4-F26-14-18-silniczek-hamulca-recznego-12-FREZOW-20204_1.jpg","datePublished":"2026-01-09T07:28:50+00:00","dateModified":"2026-03-02T18:27:04+00:00","breadcrumb":{"@id":"https:\/\/erformance.eu\/lv\/produkts\/bmw-x4-f26-14-18-rankinio-stabdzio-variklis-12-menciu\/#breadcrumb"},"inLanguage":"lv-LV","potentialAction":[{"@type":"ReadAction","target":["https:\/\/erformance.eu\/lv\/produkts\/bmw-x4-f26-14-18-rankinio-stabdzio-variklis-12-menciu\/"]}]},{"@type":"ImageObject","inLanguage":"lv-LV","@id":"https:\/\/erformance.eu\/lv\/produkts\/bmw-x4-f26-14-18-rankinio-stabdzio-variklis-12-menciu\/#primaryimage","url":"https:\/\/erformance.eu\/wp-content\/uploads\/2026\/01\/pol_pm_BMW-X4-F26-14-18-silniczek-hamulca-recznego-12-FREZOW-20204_1.jpg","contentUrl":"https:\/\/erformance.eu\/wp-content\/uploads\/2026\/01\/pol_pm_BMW-X4-F26-14-18-silniczek-hamulca-recznego-12-FREZOW-20204_1.jpg","width":1200,"height":900},{"@type":"BreadcrumbList","@id":"https:\/\/erformance.eu\/lv\/produkts\/bmw-x4-f26-14-18-rankinio-stabdzio-variklis-12-menciu\/#breadcrumb","itemListElement":[{"@type":"ListItem","position":1,"name":"Home","item":"https:\/\/erformance.eu\/lv\/"},{"@type":"ListItem","position":2,"name":"Veikals","item":"https:\/\/erformance.eu\/lv\/veikals\/"},{"@type":"ListItem","position":3,"name":"BMW X4 F26 14-18 rankinio stabd\u017eio variklis 12 men\u010di\u0173"}]},{"@type":"WebSite","@id":"https:\/\/erformance.eu\/lv\/#website","url":"https:\/\/erformance.eu\/lv\/","name":"Erformance.eu","description":"Automobili\u0173 dali\u0173 parduotuv\u0117","potentialAction":[{"@type":"SearchAction","target":{"@type":"EntryPoint","urlTemplate":"https:\/\/erformance.eu\/lv\/?s={search_term_string}"},"query-input":{"@type":"PropertyValueSpecification","valueRequired":true,"valueName":"search_term_string"}}],"inLanguage":"lv-LV"}]}},"jetpack_sharing_enabled":true,"_links":{"self":[{"href":"https:\/\/erformance.eu\/lv\/wp-json\/wp\/v2\/product\/34365","targetHints":{"allow":["GET"]}}],"collection":[{"href":"https:\/\/erformance.eu\/lv\/wp-json\/wp\/v2\/product"}],"about":[{"href":"https:\/\/erformance.eu\/lv\/wp-json\/wp\/v2\/types\/product"}],"replies":[{"embeddable":true,"href":"https:\/\/erformance.eu\/lv\/wp-json\/wp\/v2\/comments?post=34365"}],"version-history":[{"count":1,"href":"https:\/\/erformance.eu\/lv\/wp-json\/wp\/v2\/product\/34365\/revisions"}],"predecessor-version":[{"id":34368,"href":"https:\/\/erformance.eu\/lv\/wp-json\/wp\/v2\/product\/34365\/revisions\/34368"}],"wp:featuredmedia":[{"embeddable":true,"href":"https:\/\/erformance.eu\/lv\/wp-json\/wp\/v2\/media\/34366"}],"wp:attachment":[{"href":"https:\/\/erformance.eu\/lv\/wp-json\/wp\/v2\/media?parent=34365"}],"wp:term":[{"taxonomy":"product_brand","embeddable":true,"href":"https:\/\/erformance.eu\/lv\/wp-json\/wp\/v2\/product_brand?post=34365"},{"taxonomy":"product_cat","embeddable":true,"href":"https:\/\/erformance.eu\/lv\/wp-json\/wp\/v2\/product_cat?post=34365"},{"taxonomy":"product_tag","embeddable":true,"href":"https:\/\/erformance.eu\/lv\/wp-json\/wp\/v2\/product_tag?post=34365"}],"curies":[{"name":"wp","href":"https:\/\/api.w.org\/{rel}","templated":true}]}}