{"id":34501,"date":"2026-01-09T10:29:28","date_gmt":"2026-01-09T07:29:28","guid":{"rendered":"https:\/\/erformance.eu\/?post_type=product&#038;p=34501"},"modified":"2026-03-02T20:25:00","modified_gmt":"2026-03-02T17:25:00","slug":"bmw-x3-f25-centrinis-priekiniu-desiniu-duru-uzraktas","status":"publish","type":"product","link":"https:\/\/erformance.eu\/lv\/produkts\/bmw-x3-f25-centrinis-priekiniu-desiniu-duru-uzraktas\/","title":{"rendered":"BMW X3 F25 centrinis priekini\u0173 de\u0161ini\u0173 dur\u0173 u\u017eraktas"},"content":{"rendered":"","protected":false},"excerpt":{"rendered":"<p>1. Prek\u0117 \u2013 Centrinis priekini\u0173 dur\u0173 u\u017eraktas<br \/>\n2. Pus\u0117: de\u0161in\u0117<br \/>\n3. Tinkama: BMW1 E81 E871 F20 F212 F22 F233 E90 E91 E923 F30 F31 F344 F32 F33 F365 E60 E615 F07 F10 F117 F01 F02 F03 F04X1 E84X3 E83X3 F25X5 E70X6 E71 E72<\/p>\n","protected":false},"featured_media":34502,"comment_status":"open","ping_status":"closed","template":"","meta":[],"product_brand":[],"product_cat":[60],"product_tag":[],"class_list":{"0":"post-34501","1":"product","2":"type-product","3":"status-publish","4":"has-post-thumbnail","6":"product_cat-f25","8":"first","9":"instock","10":"shipping-taxable","11":"purchasable","12":"product-type-simple"},"yoast_head":"<!-- This site is optimized with the Yoast SEO Premium plugin v25.2 (Yoast SEO v27.6) - https:\/\/yoast.com\/product\/yoast-seo-premium-wordpress\/ -->\n<title>BMW X3 F25 centrinis priekini\u0173 de\u0161ini\u0173 dur\u0173 u\u017eraktas - Erformance.eu<\/title>\n<meta name=\"robots\" content=\"index, follow, max-snippet:-1, max-image-preview:large, max-video-preview:-1\" \/>\n<link rel=\"canonical\" href=\"https:\/\/erformance.eu\/lv\/produkts\/bmw-x3-f25-centrinis-priekiniu-desiniu-duru-uzraktas\/\" \/>\n<meta property=\"og:locale\" content=\"lv_LV\" \/>\n<meta property=\"og:type\" content=\"article\" \/>\n<meta property=\"og:title\" content=\"BMW X3 F25 centrinis priekini\u0173 de\u0161ini\u0173 dur\u0173 u\u017eraktas\" \/>\n<meta property=\"og:description\" content=\"1. Prek\u0117 \u2013 Centrinis priekini\u0173 dur\u0173 u\u017eraktas 2. Pus\u0117: de\u0161in\u0117 3. Tinkama: BMW1 E81 E871 F20 F212 F22 F233 E90 E91 E923 F30 F31 F344 F32 F33 F365 E60 E615 F07 F10 F117 F01 F02 F03 F04X1 E84X3 E83X3 F25X5 E70X6 E71 E72\" \/>\n<meta property=\"og:url\" content=\"https:\/\/erformance.eu\/lv\/produkts\/bmw-x3-f25-centrinis-priekiniu-desiniu-duru-uzraktas\/\" \/>\n<meta property=\"og:site_name\" content=\"Erformance.eu\" \/>\n<meta property=\"article:modified_time\" content=\"2026-03-02T17:25:00+00:00\" \/>\n<meta property=\"og:image\" content=\"https:\/\/erformance.eu\/wp-content\/uploads\/2026\/01\/pol_pm_BMW-X3-F25-zamek-centralny-drzwi-przednich-prawy-34939_1.jpg\" \/>\n\t<meta property=\"og:image:width\" content=\"1200\" \/>\n\t<meta property=\"og:image:height\" content=\"1200\" \/>\n\t<meta property=\"og:image:type\" content=\"image\/jpeg\" \/>\n<meta name=\"twitter:card\" content=\"summary_large_image\" \/>\n<meta name=\"twitter:label1\" content=\"Est. reading time\" \/>\n\t<meta name=\"twitter:data1\" content=\"1 min\u016b\u0161u\" \/>\n<script type=\"application\/ld+json\" class=\"yoast-schema-graph\">{\"@context\":\"https:\\\/\\\/schema.org\",\"@graph\":[{\"@type\":\"WebPage\",\"@id\":\"https:\\\/\\\/erformance.eu\\\/lv\\\/produkts\\\/bmw-x3-f25-centrinis-priekiniu-desiniu-duru-uzraktas\\\/\",\"url\":\"https:\\\/\\\/erformance.eu\\\/lv\\\/produkts\\\/bmw-x3-f25-centrinis-priekiniu-desiniu-duru-uzraktas\\\/\",\"name\":\"BMW X3 F25 centrinis priekini\u0173 de\u0161ini\u0173 dur\u0173 u\u017eraktas - Erformance.eu\",\"isPartOf\":{\"@id\":\"https:\\\/\\\/erformance.eu\\\/lv\\\/#website\"},\"primaryImageOfPage\":{\"@id\":\"https:\\\/\\\/erformance.eu\\\/lv\\\/produkts\\\/bmw-x3-f25-centrinis-priekiniu-desiniu-duru-uzraktas\\\/#primaryimage\"},\"image\":{\"@id\":\"https:\\\/\\\/erformance.eu\\\/lv\\\/produkts\\\/bmw-x3-f25-centrinis-priekiniu-desiniu-duru-uzraktas\\\/#primaryimage\"},\"thumbnailUrl\":\"https:\\\/\\\/erformance.eu\\\/wp-content\\\/uploads\\\/2026\\\/01\\\/pol_pm_BMW-X3-F25-zamek-centralny-drzwi-przednich-prawy-34939_1.jpg\",\"datePublished\":\"2026-01-09T07:29:28+00:00\",\"dateModified\":\"2026-03-02T17:25:00+00:00\",\"breadcrumb\":{\"@id\":\"https:\\\/\\\/erformance.eu\\\/lv\\\/produkts\\\/bmw-x3-f25-centrinis-priekiniu-desiniu-duru-uzraktas\\\/#breadcrumb\"},\"inLanguage\":\"lv-LV\",\"potentialAction\":[{\"@type\":\"ReadAction\",\"target\":[\"https:\\\/\\\/erformance.eu\\\/lv\\\/produkts\\\/bmw-x3-f25-centrinis-priekiniu-desiniu-duru-uzraktas\\\/\"]}]},{\"@type\":\"ImageObject\",\"inLanguage\":\"lv-LV\",\"@id\":\"https:\\\/\\\/erformance.eu\\\/lv\\\/produkts\\\/bmw-x3-f25-centrinis-priekiniu-desiniu-duru-uzraktas\\\/#primaryimage\",\"url\":\"https:\\\/\\\/erformance.eu\\\/wp-content\\\/uploads\\\/2026\\\/01\\\/pol_pm_BMW-X3-F25-zamek-centralny-drzwi-przednich-prawy-34939_1.jpg\",\"contentUrl\":\"https:\\\/\\\/erformance.eu\\\/wp-content\\\/uploads\\\/2026\\\/01\\\/pol_pm_BMW-X3-F25-zamek-centralny-drzwi-przednich-prawy-34939_1.jpg\",\"width\":1200,\"height\":1200},{\"@type\":\"BreadcrumbList\",\"@id\":\"https:\\\/\\\/erformance.eu\\\/lv\\\/produkts\\\/bmw-x3-f25-centrinis-priekiniu-desiniu-duru-uzraktas\\\/#breadcrumb\",\"itemListElement\":[{\"@type\":\"ListItem\",\"position\":1,\"name\":\"Home\",\"item\":\"https:\\\/\\\/erformance.eu\\\/lv\\\/\"},{\"@type\":\"ListItem\",\"position\":2,\"name\":\"Veikals\",\"item\":\"https:\\\/\\\/erformance.eu\\\/lv\\\/veikals\\\/\"},{\"@type\":\"ListItem\",\"position\":3,\"name\":\"BMW X3 F25 centrinis priekini\u0173 de\u0161ini\u0173 dur\u0173 u\u017eraktas\"}]},{\"@type\":\"WebSite\",\"@id\":\"https:\\\/\\\/erformance.eu\\\/lv\\\/#website\",\"url\":\"https:\\\/\\\/erformance.eu\\\/lv\\\/\",\"name\":\"Erformance.eu\",\"description\":\"Automobili\u0173 dali\u0173 parduotuv\u0117\",\"potentialAction\":[{\"@type\":\"SearchAction\",\"target\":{\"@type\":\"EntryPoint\",\"urlTemplate\":\"https:\\\/\\\/erformance.eu\\\/lv\\\/?s={search_term_string}\"},\"query-input\":{\"@type\":\"PropertyValueSpecification\",\"valueRequired\":true,\"valueName\":\"search_term_string\"}}],\"inLanguage\":\"lv-LV\"}]}<\/script>\n<!-- \/ Yoast SEO Premium plugin. -->","yoast_head_json":{"title":"BMW X3 F25 centrinis priekini\u0173 de\u0161ini\u0173 dur\u0173 u\u017eraktas - Erformance.eu","robots":{"index":"index","follow":"follow","max-snippet":"max-snippet:-1","max-image-preview":"max-image-preview:large","max-video-preview":"max-video-preview:-1"},"canonical":"https:\/\/erformance.eu\/lv\/produkts\/bmw-x3-f25-centrinis-priekiniu-desiniu-duru-uzraktas\/","og_locale":"lv_LV","og_type":"article","og_title":"BMW X3 F25 centrinis priekini\u0173 de\u0161ini\u0173 dur\u0173 u\u017eraktas","og_description":"1. Prek\u0117 \u2013 Centrinis priekini\u0173 dur\u0173 u\u017eraktas 2. Pus\u0117: de\u0161in\u0117 3. Tinkama: BMW1 E81 E871 F20 F212 F22 F233 E90 E91 E923 F30 F31 F344 F32 F33 F365 E60 E615 F07 F10 F117 F01 F02 F03 F04X1 E84X3 E83X3 F25X5 E70X6 E71 E72","og_url":"https:\/\/erformance.eu\/lv\/produkts\/bmw-x3-f25-centrinis-priekiniu-desiniu-duru-uzraktas\/","og_site_name":"Erformance.eu","article_modified_time":"2026-03-02T17:25:00+00:00","og_image":[{"width":1200,"height":1200,"url":"https:\/\/erformance.eu\/wp-content\/uploads\/2026\/01\/pol_pm_BMW-X3-F25-zamek-centralny-drzwi-przednich-prawy-34939_1.jpg","type":"image\/jpeg"}],"twitter_card":"summary_large_image","twitter_misc":{"Est. reading time":"1 min\u016b\u0161u"},"schema":{"@context":"https:\/\/schema.org","@graph":[{"@type":"WebPage","@id":"https:\/\/erformance.eu\/lv\/produkts\/bmw-x3-f25-centrinis-priekiniu-desiniu-duru-uzraktas\/","url":"https:\/\/erformance.eu\/lv\/produkts\/bmw-x3-f25-centrinis-priekiniu-desiniu-duru-uzraktas\/","name":"BMW X3 F25 centrinis priekini\u0173 de\u0161ini\u0173 dur\u0173 u\u017eraktas - Erformance.eu","isPartOf":{"@id":"https:\/\/erformance.eu\/lv\/#website"},"primaryImageOfPage":{"@id":"https:\/\/erformance.eu\/lv\/produkts\/bmw-x3-f25-centrinis-priekiniu-desiniu-duru-uzraktas\/#primaryimage"},"image":{"@id":"https:\/\/erformance.eu\/lv\/produkts\/bmw-x3-f25-centrinis-priekiniu-desiniu-duru-uzraktas\/#primaryimage"},"thumbnailUrl":"https:\/\/erformance.eu\/wp-content\/uploads\/2026\/01\/pol_pm_BMW-X3-F25-zamek-centralny-drzwi-przednich-prawy-34939_1.jpg","datePublished":"2026-01-09T07:29:28+00:00","dateModified":"2026-03-02T17:25:00+00:00","breadcrumb":{"@id":"https:\/\/erformance.eu\/lv\/produkts\/bmw-x3-f25-centrinis-priekiniu-desiniu-duru-uzraktas\/#breadcrumb"},"inLanguage":"lv-LV","potentialAction":[{"@type":"ReadAction","target":["https:\/\/erformance.eu\/lv\/produkts\/bmw-x3-f25-centrinis-priekiniu-desiniu-duru-uzraktas\/"]}]},{"@type":"ImageObject","inLanguage":"lv-LV","@id":"https:\/\/erformance.eu\/lv\/produkts\/bmw-x3-f25-centrinis-priekiniu-desiniu-duru-uzraktas\/#primaryimage","url":"https:\/\/erformance.eu\/wp-content\/uploads\/2026\/01\/pol_pm_BMW-X3-F25-zamek-centralny-drzwi-przednich-prawy-34939_1.jpg","contentUrl":"https:\/\/erformance.eu\/wp-content\/uploads\/2026\/01\/pol_pm_BMW-X3-F25-zamek-centralny-drzwi-przednich-prawy-34939_1.jpg","width":1200,"height":1200},{"@type":"BreadcrumbList","@id":"https:\/\/erformance.eu\/lv\/produkts\/bmw-x3-f25-centrinis-priekiniu-desiniu-duru-uzraktas\/#breadcrumb","itemListElement":[{"@type":"ListItem","position":1,"name":"Home","item":"https:\/\/erformance.eu\/lv\/"},{"@type":"ListItem","position":2,"name":"Veikals","item":"https:\/\/erformance.eu\/lv\/veikals\/"},{"@type":"ListItem","position":3,"name":"BMW X3 F25 centrinis priekini\u0173 de\u0161ini\u0173 dur\u0173 u\u017eraktas"}]},{"@type":"WebSite","@id":"https:\/\/erformance.eu\/lv\/#website","url":"https:\/\/erformance.eu\/lv\/","name":"Erformance.eu","description":"Automobili\u0173 dali\u0173 parduotuv\u0117","potentialAction":[{"@type":"SearchAction","target":{"@type":"EntryPoint","urlTemplate":"https:\/\/erformance.eu\/lv\/?s={search_term_string}"},"query-input":{"@type":"PropertyValueSpecification","valueRequired":true,"valueName":"search_term_string"}}],"inLanguage":"lv-LV"}]}},"jetpack_sharing_enabled":true,"_links":{"self":[{"href":"https:\/\/erformance.eu\/lv\/wp-json\/wp\/v2\/product\/34501","targetHints":{"allow":["GET"]}}],"collection":[{"href":"https:\/\/erformance.eu\/lv\/wp-json\/wp\/v2\/product"}],"about":[{"href":"https:\/\/erformance.eu\/lv\/wp-json\/wp\/v2\/types\/product"}],"replies":[{"embeddable":true,"href":"https:\/\/erformance.eu\/lv\/wp-json\/wp\/v2\/comments?post=34501"}],"version-history":[{"count":1,"href":"https:\/\/erformance.eu\/lv\/wp-json\/wp\/v2\/product\/34501\/revisions"}],"predecessor-version":[{"id":34512,"href":"https:\/\/erformance.eu\/lv\/wp-json\/wp\/v2\/product\/34501\/revisions\/34512"}],"wp:featuredmedia":[{"embeddable":true,"href":"https:\/\/erformance.eu\/lv\/wp-json\/wp\/v2\/media\/34502"}],"wp:attachment":[{"href":"https:\/\/erformance.eu\/lv\/wp-json\/wp\/v2\/media?parent=34501"}],"wp:term":[{"taxonomy":"product_brand","embeddable":true,"href":"https:\/\/erformance.eu\/lv\/wp-json\/wp\/v2\/product_brand?post=34501"},{"taxonomy":"product_cat","embeddable":true,"href":"https:\/\/erformance.eu\/lv\/wp-json\/wp\/v2\/product_cat?post=34501"},{"taxonomy":"product_tag","embeddable":true,"href":"https:\/\/erformance.eu\/lv\/wp-json\/wp\/v2\/product_tag?post=34501"}],"curies":[{"name":"wp","href":"https:\/\/api.w.org\/{rel}","templated":true}]}}