{"id":3668,"date":"2025-03-18T00:54:18","date_gmt":"2025-03-17T21:54:18","guid":{"rendered":"https:\/\/erformance.eu\/?post_type=product&#038;p=3668"},"modified":"2026-04-26T14:27:44","modified_gmt":"2026-04-26T11:27:44","slug":"bmw-e9x-e8x-pre-lci-veidrodeliu-dangteliai","status":"publish","type":"product","link":"https:\/\/erformance.eu\/lv\/produkts\/bmw-e9x-e8x-pre-lci-veidrodeliu-dangteliai\/","title":{"rendered":"BMW E9X E8X veidrod\u0117li\u0173 dangteliai PRE LCI, blizg\u016bs juodi"},"content":{"rendered":"<p class=\"ai-optimize-33 ai-optimize-introduction\"><strong>Prek\u0117s pavadinimas:<\/strong><\/p>\n<ul>\n<li class=\"ai-optimize-33 ai-optimize-introduction\">BMW E9X E8X veidrod\u0117li\u0173 dangteliai, blizg\u016bs juodi.<\/li>\n<\/ul>\n<p class=\"ai-optimize-26\"><strong>Komplekt\u0105 sudaro:<\/strong><\/p>\n<ul>\n<li class=\"ai-optimize-25\">2 vnt. veidrod\u0117li\u0173 dangteli\u0173 (kair\u0117 ir de\u0161in\u0117 pus\u0117s).<\/li>\n<\/ul>\n<p class=\"ai-optimize-35\"><strong>Spalva:<\/strong><\/p>\n<ul>\n<li class=\"ai-optimize-35\">blizgi juoda (gloss black).<\/li>\n<\/ul>\n<p class=\"ai-optimize-36\"><strong>Savyb\u0117s:<\/strong><\/p>\n<ul>\n<li class=\"ai-optimize-29\">Veidrod\u0117li\u0173 dangteliai pagaminti i\u0161 tvirto ABS plastiko.<\/li>\n<li class=\"ai-optimize-30\">Tvirti, auk\u0161tos kokyb\u0117s laikikliai.<\/li>\n<li class=\"ai-optimize-31\">Veidrod\u0117li\u0173 dangteliai padengti auk\u0161tos kokyb\u0117s da\u017eais, tod\u0117l tarnauja ir i\u0161laiko savo blizges\u012f ilg\u0105 laik\u0105.<\/li>\n<li class=\"ai-optimize-32\">Lengvas montavimas, laikikliai atitinka originalias vietas.<\/li>\n<li class=\"ai-optimize-40\">\u0160ie veidrod\u0117li\u0173 dangteliai tinka BMW 1-3 serijos PRE\u00a0 LCI modeliams nuo 2005 m. iki 2008 m.<\/li>\n<\/ul>\n<p class=\"ai-optimize-38\"><strong>Tinkamumas:<\/strong><\/p>\n<ul>\n<li class=\"ai-optimize-31\"><strong>BMW E90 3 serija,<\/strong> 2005-2008 (PRE LCI).<\/li>\n<li class=\"ai-optimize-32\"><strong>BMW E91 3 serija,\u00a0<\/strong>2005-2008 (PRE LCI).<\/li>\n<li class=\"ai-optimize-33\"><strong>BMW E92 3 serija,<\/strong> 2005-2010 (PRE LCI).<\/li>\n<li class=\"ai-optimize-34\"><strong>BMW E93 3 serija,<\/strong> 2005-2010 (PRE LCI).<\/li>\n<li class=\"ai-optimize-35\"><strong>BMW E81 1 serija,\u00a0<\/strong>2004-2010 (PRE LCI).<\/li>\n<li class=\"ai-optimize-36\"><strong>BMW E82 1 serija,\u00a0<\/strong>2004-2010 (PRE LCI).<\/li>\n<li class=\"ai-optimize-37\"><strong>BMW E87 1 serija,\u00a0<\/strong>2004-2010 (PRE LCI).<\/li>\n<li class=\"ai-optimize-38\"><strong>BMW E88 1 serija,\u00a0<\/strong>2004-2010 (PRE LCI).<\/li>\n<\/ul>\n<p class=\"ai-optimize-41\">Atnaujinkite automobilio i\u0161vaizd\u0105 ir suteikite agresyv\u0173, bei modern\u0173 stili\u0173.<\/p>\n<p class=\"ai-optimize-42\">Erformance.eu elektronin\u0117je parduotuv\u0117je rasite \u012fvairi\u0173 preki\u0173 savo <a href=\"https:\/\/erformance.eu\/produkto-kategorija\/bmw\/\">BMW<\/a> automobiliui. Nuo smulkiausi\u0173 pried\u0173 iki tiuning dali\u0173 plataus pasirinkimo.<\/p>\n<p class=\"ai-optimize-29\">Prek\u0117s laikomos sand\u0117lyje Lietuvoje, tod\u0117l galime garantuoti greit\u0105 pristatymo laik\u0105 (1-2 darbo dienas).<\/p>\n","protected":false},"excerpt":{"rendered":"<h5>BMW E9X E8X PRE LCI veidrod\u0117li\u0173 dangteliai<\/h5>\n","protected":false},"featured_media":28291,"comment_status":"open","ping_status":"closed","template":"","meta":[],"product_brand":[],"product_cat":[42,46,139,2767,2771,24,3378,3346],"product_tag":[],"class_list":{"0":"post-3668","1":"product","2":"type-product","3":"status-publish","4":"has-post-thumbnail","6":"product_cat-e81-e82-e87-e88","7":"product_cat-e90-e91","8":"product_cat-e92-e93","9":"product_cat-e81-e82-e87-e88-isores-dalys","10":"product_cat-e90-e91-isores-dalys","11":"product_cat-tuning-dalys","12":"product_cat-e90-e91-isores-veidrodeliai","13":"product_cat-e81-e82-e87-e88-isores-veidrodeliai","15":"first","16":"instock","17":"shipping-taxable","18":"purchasable","19":"product-type-simple"},"yoast_head":"<!-- This site is optimized with the Yoast SEO Premium plugin v25.2 (Yoast SEO v27.4) - https:\/\/yoast.com\/product\/yoast-seo-premium-wordpress\/ -->\n<title>BMW E9X E8X veidrod\u0117li\u0173 dangteliai PRE LCI, blizg\u016bs juodi - Erformance.eu<\/title>\n<meta name=\"description\" content=\"BMW E9X E8X veidrod\u0117li\u0173 dangteliai, blizg\u016bs juodi. Tinka BMW E90 E91 E92 E93 E81 E82 E87 E88 PRE LCI modeliams. Komplekte 2 vnt. veidrod\u0117li\u0173 dangteli\u0173.\" \/>\n<meta name=\"robots\" content=\"index, follow, max-snippet:-1, max-image-preview:large, max-video-preview:-1\" \/>\n<link rel=\"canonical\" href=\"https:\/\/erformance.eu\/lv\/produkts\/bmw-e9x-e8x-pre-lci-veidrodeliu-dangteliai\/\" \/>\n<meta property=\"og:locale\" content=\"lv_LV\" \/>\n<meta property=\"og:type\" content=\"article\" \/>\n<meta property=\"og:title\" content=\"BMW E9X E8X veidrod\u0117li\u0173 dangteliai PRE LCI, blizg\u016bs juodi\" \/>\n<meta property=\"og:description\" content=\"BMW E9X E8X veidrod\u0117li\u0173 dangteliai, blizg\u016bs juodi. Tinka BMW E90 E91 E92 E93 E81 E82 E87 E88 PRE LCI modeliams. Komplekte 2 vnt. veidrod\u0117li\u0173 dangteli\u0173.\" \/>\n<meta property=\"og:url\" content=\"https:\/\/erformance.eu\/lv\/produkts\/bmw-e9x-e8x-pre-lci-veidrodeliu-dangteliai\/\" \/>\n<meta property=\"og:site_name\" content=\"Erformance.eu\" \/>\n<meta property=\"article:modified_time\" content=\"2026-04-26T11:27:44+00:00\" \/>\n<meta property=\"og:image\" content=\"https:\/\/erformance.eu\/wp-content\/uploads\/2025\/03\/bmw-e90-e91-e92-e93-e81-e82-e87-e88-prelci-dangteliai-1.webp\" \/>\n\t<meta property=\"og:image:width\" content=\"1080\" \/>\n\t<meta property=\"og:image:height\" content=\"1080\" \/>\n\t<meta property=\"og:image:type\" content=\"image\/webp\" \/>\n<meta name=\"twitter:card\" content=\"summary_large_image\" \/>\n<meta name=\"twitter:label1\" content=\"Est. reading time\" \/>\n\t<meta name=\"twitter:data1\" content=\"2 min\u016btes\" \/>\n<script type=\"application\/ld+json\" class=\"yoast-schema-graph\">{\"@context\":\"https:\\\/\\\/schema.org\",\"@graph\":[{\"@type\":\"WebPage\",\"@id\":\"https:\\\/\\\/erformance.eu\\\/lv\\\/produkts\\\/bmw-e9x-e8x-pre-lci-veidrodeliu-dangteliai\\\/\",\"url\":\"https:\\\/\\\/erformance.eu\\\/lv\\\/produkts\\\/bmw-e9x-e8x-pre-lci-veidrodeliu-dangteliai\\\/\",\"name\":\"BMW E9X E8X veidrod\u0117li\u0173 dangteliai PRE LCI, blizg\u016bs juodi - Erformance.eu\",\"isPartOf\":{\"@id\":\"https:\\\/\\\/erformance.eu\\\/lv\\\/#website\"},\"primaryImageOfPage\":{\"@id\":\"https:\\\/\\\/erformance.eu\\\/lv\\\/produkts\\\/bmw-e9x-e8x-pre-lci-veidrodeliu-dangteliai\\\/#primaryimage\"},\"image\":{\"@id\":\"https:\\\/\\\/erformance.eu\\\/lv\\\/produkts\\\/bmw-e9x-e8x-pre-lci-veidrodeliu-dangteliai\\\/#primaryimage\"},\"thumbnailUrl\":\"https:\\\/\\\/erformance.eu\\\/wp-content\\\/uploads\\\/2025\\\/03\\\/bmw-e90-e91-e92-e93-e81-e82-e87-e88-prelci-dangteliai-1.webp\",\"datePublished\":\"2025-03-17T21:54:18+00:00\",\"dateModified\":\"2026-04-26T11:27:44+00:00\",\"description\":\"BMW E9X E8X veidrod\u0117li\u0173 dangteliai, blizg\u016bs juodi. Tinka BMW E90 E91 E92 E93 E81 E82 E87 E88 PRE LCI modeliams. Komplekte 2 vnt. veidrod\u0117li\u0173 dangteli\u0173.\",\"breadcrumb\":{\"@id\":\"https:\\\/\\\/erformance.eu\\\/lv\\\/produkts\\\/bmw-e9x-e8x-pre-lci-veidrodeliu-dangteliai\\\/#breadcrumb\"},\"inLanguage\":\"lv-LV\",\"potentialAction\":[{\"@type\":\"ReadAction\",\"target\":[\"https:\\\/\\\/erformance.eu\\\/lv\\\/produkts\\\/bmw-e9x-e8x-pre-lci-veidrodeliu-dangteliai\\\/\"]}]},{\"@type\":\"ImageObject\",\"inLanguage\":\"lv-LV\",\"@id\":\"https:\\\/\\\/erformance.eu\\\/lv\\\/produkts\\\/bmw-e9x-e8x-pre-lci-veidrodeliu-dangteliai\\\/#primaryimage\",\"url\":\"https:\\\/\\\/erformance.eu\\\/wp-content\\\/uploads\\\/2025\\\/03\\\/bmw-e90-e91-e92-e93-e81-e82-e87-e88-prelci-dangteliai-1.webp\",\"contentUrl\":\"https:\\\/\\\/erformance.eu\\\/wp-content\\\/uploads\\\/2025\\\/03\\\/bmw-e90-e91-e92-e93-e81-e82-e87-e88-prelci-dangteliai-1.webp\",\"width\":1080,\"height\":1080,\"caption\":\"BMW E90 E91 E92 E93 E87 E81 E88 E82 pre lci veidrod\u0117li\u0173 dangteliai pagrindin\u0117\"},{\"@type\":\"BreadcrumbList\",\"@id\":\"https:\\\/\\\/erformance.eu\\\/lv\\\/produkts\\\/bmw-e9x-e8x-pre-lci-veidrodeliu-dangteliai\\\/#breadcrumb\",\"itemListElement\":[{\"@type\":\"ListItem\",\"position\":1,\"name\":\"Home\",\"item\":\"https:\\\/\\\/erformance.eu\\\/lv\\\/\"},{\"@type\":\"ListItem\",\"position\":2,\"name\":\"Veikals\",\"item\":\"https:\\\/\\\/erformance.eu\\\/lv\\\/veikals\\\/\"},{\"@type\":\"ListItem\",\"position\":3,\"name\":\"BMW E9X E8X veidrod\u0117li\u0173 dangteliai PRE LCI, blizg\u016bs juodi\"}]},{\"@type\":\"WebSite\",\"@id\":\"https:\\\/\\\/erformance.eu\\\/lv\\\/#website\",\"url\":\"https:\\\/\\\/erformance.eu\\\/lv\\\/\",\"name\":\"Erformance.eu\",\"description\":\"Automobili\u0173 dali\u0173 parduotuv\u0117\",\"potentialAction\":[{\"@type\":\"SearchAction\",\"target\":{\"@type\":\"EntryPoint\",\"urlTemplate\":\"https:\\\/\\\/erformance.eu\\\/lv\\\/?s={search_term_string}\"},\"query-input\":{\"@type\":\"PropertyValueSpecification\",\"valueRequired\":true,\"valueName\":\"search_term_string\"}}],\"inLanguage\":\"lv-LV\"}]}<\/script>\n<!-- \/ Yoast SEO Premium plugin. -->","yoast_head_json":{"title":"BMW E9X E8X veidrod\u0117li\u0173 dangteliai PRE LCI, blizg\u016bs juodi - Erformance.eu","description":"BMW E9X E8X veidrod\u0117li\u0173 dangteliai, blizg\u016bs juodi. Tinka BMW E90 E91 E92 E93 E81 E82 E87 E88 PRE LCI modeliams. Komplekte 2 vnt. veidrod\u0117li\u0173 dangteli\u0173.","robots":{"index":"index","follow":"follow","max-snippet":"max-snippet:-1","max-image-preview":"max-image-preview:large","max-video-preview":"max-video-preview:-1"},"canonical":"https:\/\/erformance.eu\/lv\/produkts\/bmw-e9x-e8x-pre-lci-veidrodeliu-dangteliai\/","og_locale":"lv_LV","og_type":"article","og_title":"BMW E9X E8X veidrod\u0117li\u0173 dangteliai PRE LCI, blizg\u016bs juodi","og_description":"BMW E9X E8X veidrod\u0117li\u0173 dangteliai, blizg\u016bs juodi. Tinka BMW E90 E91 E92 E93 E81 E82 E87 E88 PRE LCI modeliams. Komplekte 2 vnt. veidrod\u0117li\u0173 dangteli\u0173.","og_url":"https:\/\/erformance.eu\/lv\/produkts\/bmw-e9x-e8x-pre-lci-veidrodeliu-dangteliai\/","og_site_name":"Erformance.eu","article_modified_time":"2026-04-26T11:27:44+00:00","og_image":[{"width":1080,"height":1080,"url":"https:\/\/erformance.eu\/wp-content\/uploads\/2025\/03\/bmw-e90-e91-e92-e93-e81-e82-e87-e88-prelci-dangteliai-1.webp","type":"image\/webp"}],"twitter_card":"summary_large_image","twitter_misc":{"Est. reading time":"2 min\u016btes"},"schema":{"@context":"https:\/\/schema.org","@graph":[{"@type":"WebPage","@id":"https:\/\/erformance.eu\/lv\/produkts\/bmw-e9x-e8x-pre-lci-veidrodeliu-dangteliai\/","url":"https:\/\/erformance.eu\/lv\/produkts\/bmw-e9x-e8x-pre-lci-veidrodeliu-dangteliai\/","name":"BMW E9X E8X veidrod\u0117li\u0173 dangteliai PRE LCI, blizg\u016bs juodi - Erformance.eu","isPartOf":{"@id":"https:\/\/erformance.eu\/lv\/#website"},"primaryImageOfPage":{"@id":"https:\/\/erformance.eu\/lv\/produkts\/bmw-e9x-e8x-pre-lci-veidrodeliu-dangteliai\/#primaryimage"},"image":{"@id":"https:\/\/erformance.eu\/lv\/produkts\/bmw-e9x-e8x-pre-lci-veidrodeliu-dangteliai\/#primaryimage"},"thumbnailUrl":"https:\/\/erformance.eu\/wp-content\/uploads\/2025\/03\/bmw-e90-e91-e92-e93-e81-e82-e87-e88-prelci-dangteliai-1.webp","datePublished":"2025-03-17T21:54:18+00:00","dateModified":"2026-04-26T11:27:44+00:00","description":"BMW E9X E8X veidrod\u0117li\u0173 dangteliai, blizg\u016bs juodi. Tinka BMW E90 E91 E92 E93 E81 E82 E87 E88 PRE LCI modeliams. Komplekte 2 vnt. veidrod\u0117li\u0173 dangteli\u0173.","breadcrumb":{"@id":"https:\/\/erformance.eu\/lv\/produkts\/bmw-e9x-e8x-pre-lci-veidrodeliu-dangteliai\/#breadcrumb"},"inLanguage":"lv-LV","potentialAction":[{"@type":"ReadAction","target":["https:\/\/erformance.eu\/lv\/produkts\/bmw-e9x-e8x-pre-lci-veidrodeliu-dangteliai\/"]}]},{"@type":"ImageObject","inLanguage":"lv-LV","@id":"https:\/\/erformance.eu\/lv\/produkts\/bmw-e9x-e8x-pre-lci-veidrodeliu-dangteliai\/#primaryimage","url":"https:\/\/erformance.eu\/wp-content\/uploads\/2025\/03\/bmw-e90-e91-e92-e93-e81-e82-e87-e88-prelci-dangteliai-1.webp","contentUrl":"https:\/\/erformance.eu\/wp-content\/uploads\/2025\/03\/bmw-e90-e91-e92-e93-e81-e82-e87-e88-prelci-dangteliai-1.webp","width":1080,"height":1080,"caption":"BMW E90 E91 E92 E93 E87 E81 E88 E82 pre lci veidrod\u0117li\u0173 dangteliai pagrindin\u0117"},{"@type":"BreadcrumbList","@id":"https:\/\/erformance.eu\/lv\/produkts\/bmw-e9x-e8x-pre-lci-veidrodeliu-dangteliai\/#breadcrumb","itemListElement":[{"@type":"ListItem","position":1,"name":"Home","item":"https:\/\/erformance.eu\/lv\/"},{"@type":"ListItem","position":2,"name":"Veikals","item":"https:\/\/erformance.eu\/lv\/veikals\/"},{"@type":"ListItem","position":3,"name":"BMW E9X E8X veidrod\u0117li\u0173 dangteliai PRE LCI, blizg\u016bs juodi"}]},{"@type":"WebSite","@id":"https:\/\/erformance.eu\/lv\/#website","url":"https:\/\/erformance.eu\/lv\/","name":"Erformance.eu","description":"Automobili\u0173 dali\u0173 parduotuv\u0117","potentialAction":[{"@type":"SearchAction","target":{"@type":"EntryPoint","urlTemplate":"https:\/\/erformance.eu\/lv\/?s={search_term_string}"},"query-input":{"@type":"PropertyValueSpecification","valueRequired":true,"valueName":"search_term_string"}}],"inLanguage":"lv-LV"}]}},"jetpack_sharing_enabled":true,"_links":{"self":[{"href":"https:\/\/erformance.eu\/lv\/wp-json\/wp\/v2\/product\/3668","targetHints":{"allow":["GET"]}}],"collection":[{"href":"https:\/\/erformance.eu\/lv\/wp-json\/wp\/v2\/product"}],"about":[{"href":"https:\/\/erformance.eu\/lv\/wp-json\/wp\/v2\/types\/product"}],"replies":[{"embeddable":true,"href":"https:\/\/erformance.eu\/lv\/wp-json\/wp\/v2\/comments?post=3668"}],"version-history":[{"count":2,"href":"https:\/\/erformance.eu\/lv\/wp-json\/wp\/v2\/product\/3668\/revisions"}],"predecessor-version":[{"id":28294,"href":"https:\/\/erformance.eu\/lv\/wp-json\/wp\/v2\/product\/3668\/revisions\/28294"}],"wp:featuredmedia":[{"embeddable":true,"href":"https:\/\/erformance.eu\/lv\/wp-json\/wp\/v2\/media\/28291"}],"wp:attachment":[{"href":"https:\/\/erformance.eu\/lv\/wp-json\/wp\/v2\/media?parent=3668"}],"wp:term":[{"taxonomy":"product_brand","embeddable":true,"href":"https:\/\/erformance.eu\/lv\/wp-json\/wp\/v2\/product_brand?post=3668"},{"taxonomy":"product_cat","embeddable":true,"href":"https:\/\/erformance.eu\/lv\/wp-json\/wp\/v2\/product_cat?post=3668"},{"taxonomy":"product_tag","embeddable":true,"href":"https:\/\/erformance.eu\/lv\/wp-json\/wp\/v2\/product_tag?post=3668"}],"curies":[{"name":"wp","href":"https:\/\/api.w.org\/{rel}","templated":true}]}}