{"id":3682,"date":"2025-03-27T00:41:42","date_gmt":"2025-03-26T21:41:42","guid":{"rendered":"https:\/\/erformance.eu\/?post_type=product&#038;p=3682"},"modified":"2026-03-03T11:25:21","modified_gmt":"2026-03-03T08:25:21","slug":"bmw-comfort-sedyniu-dantratis","status":"publish","type":"product","link":"https:\/\/erformance.eu\/lv\/produkts\/bmw-comfort-sedyniu-dantratis\/","title":{"rendered":"Comfort s\u0117dyni\u0173 dantratis skirtas BMW E6X E7X F1X F0X"},"content":{"rendered":"<p class=\"ai-optimize-33 ai-optimize-introduction\"><strong>Prek\u0117s pavadinimas:<\/strong><\/p>\n<ul>\n<li class=\"ai-optimize-33 ai-optimize-introduction\">BMW comfort s\u0117dyni\u0173 dantratis E6X E7X F1X F0X.<\/li>\n<\/ul>\n<p class=\"ai-optimize-26\"><strong>Komplekt\u0105 sudaro:<\/strong><\/p>\n<ul>\n<li class=\"ai-optimize-25\">1 vnt. BMW comfort s\u0117dyni\u0173 dantratis.<\/li>\n<\/ul>\n<p class=\"ai-optimize-36\"><strong>Savyb\u0117s:<\/strong><\/p>\n<ul>\n<li class=\"ai-optimize-29\">Auk\u0161tos kokyb\u0117s original\u0105 atitinkanti dalis.<\/li>\n<li class=\"ai-optimize-32\">Lengvas montavimas, laikikliai atitinka originalias vietas.<\/li>\n<\/ul>\n<p class=\"ai-optimize-38\"><strong>Tinkamumas:<\/strong><\/p>\n<ul>\n<li class=\"ai-optimize-31\">\n<p class=\"ai-optimize-34\"><strong>BMW E60\/E61 5 serija, <\/strong>2003-2010.<\/p>\n<\/li>\n<li class=\"ai-optimize-31\">\n<p class=\"ai-optimize-34\"><strong>BMW E70\/E71 X5 serija, <\/strong>2007-2013.<\/p>\n<\/li>\n<li class=\"ai-optimize-31\">\n<p class=\"ai-optimize-34\"><strong>BMW E65\/E66 7 serija, <\/strong>2003-2008.<\/p>\n<\/li>\n<li class=\"ai-optimize-31\">\n<p class=\"ai-optimize-34\"><strong>BMW F10\/F11 5 serija, <\/strong>2010-2017.<\/p>\n<p class=\"ai-optimize-38\">\n<\/li>\n<li class=\"ai-optimize-31\">\n<p class=\"ai-optimize-38\"><strong>BMW F07 5 GT serija, <\/strong>2009-2017.<\/p>\n<p class=\"ai-optimize-39\">\n<\/li>\n<li class=\"ai-optimize-31\">\n<p class=\"ai-optimize-39\"><strong>BMW F01\/F02 7 serija, <\/strong>2009-2015.<\/p>\n<\/li>\n<li class=\"ai-optimize-42\">Tinka BMW modeliams su Comfort s\u0117dyn\u0117mis (yra slenkanti pagalv\u0117l\u0117 kojoms). \u0160is dantratis tinka priekin\u0117ms keleivio ir vairuotojo s\u0117dyn\u0117ms. Jei nesate u\u017etikrinti ar \u0161is dantratis tiks j\u016bs\u0173 automobilio s\u0117dyn\u0117ms. Susisiekite &#8211; ir mes jums pad\u0117sime i\u0161sirinkti.<\/li>\n<\/ul>\n<p class=\"ai-optimize-41\">Atnaujinkite automobilio i\u0161vaizd\u0105 ir suteikite agresyv\u0173, bei modern\u0173 stili\u0173.<\/p>\n<p class=\"ai-optimize-42\">Erformance.eu elektronin\u0117je parduotuv\u0117je rasite \u012fvairi\u0173 preki\u0173 savo\u00a0<a href=\"https:\/\/erformance.eu\/produkto-kategorija\/bmw\/\">BMW <\/a>\u00a0automobiliui. Nuo smulkiausi\u0173 pried\u0173 iki tiuning dali\u0173 plataus pasirinkimo.<\/p>\n<p class=\"ai-optimize-29\">Prek\u0117s laikomos sand\u0117lyje Lietuvoje, tod\u0117l galime garantuoti greit\u0105 pristatymo laik\u0105 (1-2 darbo dienas).<\/p>\n","protected":false},"excerpt":{"rendered":"<h5 class=\"ai-optimize-25\">BMW comfort s\u0117dyni\u0173 dantratis<\/h5>\n","protected":false},"featured_media":28286,"comment_status":"open","ping_status":"closed","template":"","meta":[],"product_brand":[],"product_cat":[50,56,62,57,65,51],"product_tag":[],"class_list":{"0":"post-3682","1":"product","2":"type-product","3":"status-publish","4":"has-post-thumbnail","6":"product_cat-e60-e61","7":"product_cat-e65-e66-e67-e68","8":"product_cat-e70","9":"product_cat-f01-f02","10":"product_cat-f07","11":"product_cat-f10-f11-f18","13":"first","14":"outofstock","15":"shipping-taxable","16":"purchasable","17":"product-type-simple"},"yoast_head":"<!-- This site is optimized with the Yoast SEO Premium plugin v25.2 (Yoast SEO v27.6) - https:\/\/yoast.com\/product\/yoast-seo-premium-wordpress\/ -->\n<title>BMW comfort s\u0117dyni\u0173 dantratis E7X E6X F1X F0X - Erformance.eu<\/title>\n<meta name=\"description\" content=\"BMW comfort s\u0117dyni\u0173 dantratis. Tinka E60 E61 E65 E66 E70 E71 F10 F11 F07 F01 F02 comfort s\u0117dyn\u0117ms. Kokybi\u0161ka original\u0105 atitinkanti BMW dalis.\" \/>\n<meta name=\"robots\" content=\"index, follow, max-snippet:-1, max-image-preview:large, max-video-preview:-1\" \/>\n<link rel=\"canonical\" href=\"https:\/\/erformance.eu\/lv\/produkts\/bmw-comfort-sedyniu-dantratis\/\" \/>\n<meta property=\"og:locale\" content=\"lv_LV\" \/>\n<meta property=\"og:type\" content=\"article\" \/>\n<meta property=\"og:title\" content=\"Comfort s\u0117dyni\u0173 dantratis skirtas BMW E6X E7X F1X F0X\" \/>\n<meta property=\"og:description\" content=\"BMW comfort s\u0117dyni\u0173 dantratis. Tinka E60 E61 E65 E66 E70 E71 F10 F11 F07 F01 F02 comfort s\u0117dyn\u0117ms. Kokybi\u0161ka original\u0105 atitinkanti BMW dalis.\" \/>\n<meta property=\"og:url\" content=\"https:\/\/erformance.eu\/lv\/produkts\/bmw-comfort-sedyniu-dantratis\/\" \/>\n<meta property=\"og:site_name\" content=\"Erformance.eu\" \/>\n<meta property=\"article:modified_time\" content=\"2026-03-03T08:25:21+00:00\" \/>\n<meta property=\"og:image\" content=\"https:\/\/erformance.eu\/wp-content\/uploads\/2025\/03\/bmw-comfort-confort-sedyniu-dantratis-e60-e70-e61-f10-2.webp\" \/>\n\t<meta property=\"og:image:width\" content=\"1080\" \/>\n\t<meta property=\"og:image:height\" content=\"1080\" \/>\n\t<meta property=\"og:image:type\" content=\"image\/webp\" \/>\n<meta name=\"twitter:card\" content=\"summary_large_image\" \/>\n<meta name=\"twitter:label1\" content=\"Est. reading time\" \/>\n\t<meta name=\"twitter:data1\" content=\"1 min\u016b\u0161u\" \/>\n<script type=\"application\/ld+json\" class=\"yoast-schema-graph\">{\"@context\":\"https:\\\/\\\/schema.org\",\"@graph\":[{\"@type\":\"WebPage\",\"@id\":\"https:\\\/\\\/erformance.eu\\\/lv\\\/produkts\\\/bmw-comfort-sedyniu-dantratis\\\/\",\"url\":\"https:\\\/\\\/erformance.eu\\\/lv\\\/produkts\\\/bmw-comfort-sedyniu-dantratis\\\/\",\"name\":\"BMW comfort s\u0117dyni\u0173 dantratis E7X E6X F1X F0X - Erformance.eu\",\"isPartOf\":{\"@id\":\"https:\\\/\\\/erformance.eu\\\/lv\\\/#website\"},\"primaryImageOfPage\":{\"@id\":\"https:\\\/\\\/erformance.eu\\\/lv\\\/produkts\\\/bmw-comfort-sedyniu-dantratis\\\/#primaryimage\"},\"image\":{\"@id\":\"https:\\\/\\\/erformance.eu\\\/lv\\\/produkts\\\/bmw-comfort-sedyniu-dantratis\\\/#primaryimage\"},\"thumbnailUrl\":\"https:\\\/\\\/erformance.eu\\\/wp-content\\\/uploads\\\/2025\\\/03\\\/bmw-comfort-confort-sedyniu-dantratis-e60-e70-e61-f10-2.webp\",\"datePublished\":\"2025-03-26T21:41:42+00:00\",\"dateModified\":\"2026-03-03T08:25:21+00:00\",\"description\":\"BMW comfort s\u0117dyni\u0173 dantratis. Tinka E60 E61 E65 E66 E70 E71 F10 F11 F07 F01 F02 comfort s\u0117dyn\u0117ms. Kokybi\u0161ka original\u0105 atitinkanti BMW dalis.\",\"breadcrumb\":{\"@id\":\"https:\\\/\\\/erformance.eu\\\/lv\\\/produkts\\\/bmw-comfort-sedyniu-dantratis\\\/#breadcrumb\"},\"inLanguage\":\"lv-LV\",\"potentialAction\":[{\"@type\":\"ReadAction\",\"target\":[\"https:\\\/\\\/erformance.eu\\\/lv\\\/produkts\\\/bmw-comfort-sedyniu-dantratis\\\/\"]}]},{\"@type\":\"ImageObject\",\"inLanguage\":\"lv-LV\",\"@id\":\"https:\\\/\\\/erformance.eu\\\/lv\\\/produkts\\\/bmw-comfort-sedyniu-dantratis\\\/#primaryimage\",\"url\":\"https:\\\/\\\/erformance.eu\\\/wp-content\\\/uploads\\\/2025\\\/03\\\/bmw-comfort-confort-sedyniu-dantratis-e60-e70-e61-f10-2.webp\",\"contentUrl\":\"https:\\\/\\\/erformance.eu\\\/wp-content\\\/uploads\\\/2025\\\/03\\\/bmw-comfort-confort-sedyniu-dantratis-e60-e70-e61-f10-2.webp\",\"width\":1080,\"height\":1080,\"caption\":\"BMW E60 E61 E70 E71 F10 F11 F01 F02 comfort dantratis 1 nuuotrauka\"},{\"@type\":\"BreadcrumbList\",\"@id\":\"https:\\\/\\\/erformance.eu\\\/lv\\\/produkts\\\/bmw-comfort-sedyniu-dantratis\\\/#breadcrumb\",\"itemListElement\":[{\"@type\":\"ListItem\",\"position\":1,\"name\":\"Home\",\"item\":\"https:\\\/\\\/erformance.eu\\\/lv\\\/\"},{\"@type\":\"ListItem\",\"position\":2,\"name\":\"Veikals\",\"item\":\"https:\\\/\\\/erformance.eu\\\/lv\\\/veikals\\\/\"},{\"@type\":\"ListItem\",\"position\":3,\"name\":\"Comfort s\u0117dyni\u0173 dantratis skirtas BMW E6X E7X F1X F0X\"}]},{\"@type\":\"WebSite\",\"@id\":\"https:\\\/\\\/erformance.eu\\\/lv\\\/#website\",\"url\":\"https:\\\/\\\/erformance.eu\\\/lv\\\/\",\"name\":\"Erformance.eu\",\"description\":\"Automobili\u0173 dali\u0173 parduotuv\u0117\",\"potentialAction\":[{\"@type\":\"SearchAction\",\"target\":{\"@type\":\"EntryPoint\",\"urlTemplate\":\"https:\\\/\\\/erformance.eu\\\/lv\\\/?s={search_term_string}\"},\"query-input\":{\"@type\":\"PropertyValueSpecification\",\"valueRequired\":true,\"valueName\":\"search_term_string\"}}],\"inLanguage\":\"lv-LV\"}]}<\/script>\n<!-- \/ Yoast SEO Premium plugin. -->","yoast_head_json":{"title":"BMW comfort s\u0117dyni\u0173 dantratis E7X E6X F1X F0X - Erformance.eu","description":"BMW comfort s\u0117dyni\u0173 dantratis. Tinka E60 E61 E65 E66 E70 E71 F10 F11 F07 F01 F02 comfort s\u0117dyn\u0117ms. Kokybi\u0161ka original\u0105 atitinkanti BMW dalis.","robots":{"index":"index","follow":"follow","max-snippet":"max-snippet:-1","max-image-preview":"max-image-preview:large","max-video-preview":"max-video-preview:-1"},"canonical":"https:\/\/erformance.eu\/lv\/produkts\/bmw-comfort-sedyniu-dantratis\/","og_locale":"lv_LV","og_type":"article","og_title":"Comfort s\u0117dyni\u0173 dantratis skirtas BMW E6X E7X F1X F0X","og_description":"BMW comfort s\u0117dyni\u0173 dantratis. Tinka E60 E61 E65 E66 E70 E71 F10 F11 F07 F01 F02 comfort s\u0117dyn\u0117ms. Kokybi\u0161ka original\u0105 atitinkanti BMW dalis.","og_url":"https:\/\/erformance.eu\/lv\/produkts\/bmw-comfort-sedyniu-dantratis\/","og_site_name":"Erformance.eu","article_modified_time":"2026-03-03T08:25:21+00:00","og_image":[{"width":1080,"height":1080,"url":"https:\/\/erformance.eu\/wp-content\/uploads\/2025\/03\/bmw-comfort-confort-sedyniu-dantratis-e60-e70-e61-f10-2.webp","type":"image\/webp"}],"twitter_card":"summary_large_image","twitter_misc":{"Est. reading time":"1 min\u016b\u0161u"},"schema":{"@context":"https:\/\/schema.org","@graph":[{"@type":"WebPage","@id":"https:\/\/erformance.eu\/lv\/produkts\/bmw-comfort-sedyniu-dantratis\/","url":"https:\/\/erformance.eu\/lv\/produkts\/bmw-comfort-sedyniu-dantratis\/","name":"BMW comfort s\u0117dyni\u0173 dantratis E7X E6X F1X F0X - Erformance.eu","isPartOf":{"@id":"https:\/\/erformance.eu\/lv\/#website"},"primaryImageOfPage":{"@id":"https:\/\/erformance.eu\/lv\/produkts\/bmw-comfort-sedyniu-dantratis\/#primaryimage"},"image":{"@id":"https:\/\/erformance.eu\/lv\/produkts\/bmw-comfort-sedyniu-dantratis\/#primaryimage"},"thumbnailUrl":"https:\/\/erformance.eu\/wp-content\/uploads\/2025\/03\/bmw-comfort-confort-sedyniu-dantratis-e60-e70-e61-f10-2.webp","datePublished":"2025-03-26T21:41:42+00:00","dateModified":"2026-03-03T08:25:21+00:00","description":"BMW comfort s\u0117dyni\u0173 dantratis. Tinka E60 E61 E65 E66 E70 E71 F10 F11 F07 F01 F02 comfort s\u0117dyn\u0117ms. Kokybi\u0161ka original\u0105 atitinkanti BMW dalis.","breadcrumb":{"@id":"https:\/\/erformance.eu\/lv\/produkts\/bmw-comfort-sedyniu-dantratis\/#breadcrumb"},"inLanguage":"lv-LV","potentialAction":[{"@type":"ReadAction","target":["https:\/\/erformance.eu\/lv\/produkts\/bmw-comfort-sedyniu-dantratis\/"]}]},{"@type":"ImageObject","inLanguage":"lv-LV","@id":"https:\/\/erformance.eu\/lv\/produkts\/bmw-comfort-sedyniu-dantratis\/#primaryimage","url":"https:\/\/erformance.eu\/wp-content\/uploads\/2025\/03\/bmw-comfort-confort-sedyniu-dantratis-e60-e70-e61-f10-2.webp","contentUrl":"https:\/\/erformance.eu\/wp-content\/uploads\/2025\/03\/bmw-comfort-confort-sedyniu-dantratis-e60-e70-e61-f10-2.webp","width":1080,"height":1080,"caption":"BMW E60 E61 E70 E71 F10 F11 F01 F02 comfort dantratis 1 nuuotrauka"},{"@type":"BreadcrumbList","@id":"https:\/\/erformance.eu\/lv\/produkts\/bmw-comfort-sedyniu-dantratis\/#breadcrumb","itemListElement":[{"@type":"ListItem","position":1,"name":"Home","item":"https:\/\/erformance.eu\/lv\/"},{"@type":"ListItem","position":2,"name":"Veikals","item":"https:\/\/erformance.eu\/lv\/veikals\/"},{"@type":"ListItem","position":3,"name":"Comfort s\u0117dyni\u0173 dantratis skirtas BMW E6X E7X F1X F0X"}]},{"@type":"WebSite","@id":"https:\/\/erformance.eu\/lv\/#website","url":"https:\/\/erformance.eu\/lv\/","name":"Erformance.eu","description":"Automobili\u0173 dali\u0173 parduotuv\u0117","potentialAction":[{"@type":"SearchAction","target":{"@type":"EntryPoint","urlTemplate":"https:\/\/erformance.eu\/lv\/?s={search_term_string}"},"query-input":{"@type":"PropertyValueSpecification","valueRequired":true,"valueName":"search_term_string"}}],"inLanguage":"lv-LV"}]}},"jetpack_sharing_enabled":true,"_links":{"self":[{"href":"https:\/\/erformance.eu\/lv\/wp-json\/wp\/v2\/product\/3682","targetHints":{"allow":["GET"]}}],"collection":[{"href":"https:\/\/erformance.eu\/lv\/wp-json\/wp\/v2\/product"}],"about":[{"href":"https:\/\/erformance.eu\/lv\/wp-json\/wp\/v2\/types\/product"}],"replies":[{"embeddable":true,"href":"https:\/\/erformance.eu\/lv\/wp-json\/wp\/v2\/comments?post=3682"}],"version-history":[{"count":2,"href":"https:\/\/erformance.eu\/lv\/wp-json\/wp\/v2\/product\/3682\/revisions"}],"predecessor-version":[{"id":28289,"href":"https:\/\/erformance.eu\/lv\/wp-json\/wp\/v2\/product\/3682\/revisions\/28289"}],"wp:featuredmedia":[{"embeddable":true,"href":"https:\/\/erformance.eu\/lv\/wp-json\/wp\/v2\/media\/28286"}],"wp:attachment":[{"href":"https:\/\/erformance.eu\/lv\/wp-json\/wp\/v2\/media?parent=3682"}],"wp:term":[{"taxonomy":"product_brand","embeddable":true,"href":"https:\/\/erformance.eu\/lv\/wp-json\/wp\/v2\/product_brand?post=3682"},{"taxonomy":"product_cat","embeddable":true,"href":"https:\/\/erformance.eu\/lv\/wp-json\/wp\/v2\/product_cat?post=3682"},{"taxonomy":"product_tag","embeddable":true,"href":"https:\/\/erformance.eu\/lv\/wp-json\/wp\/v2\/product_tag?post=3682"}],"curies":[{"name":"wp","href":"https:\/\/api.w.org\/{rel}","templated":true}]}}