{"id":3770,"date":"2025-05-21T23:52:25","date_gmt":"2025-05-21T20:52:25","guid":{"rendered":"https:\/\/erformance.eu\/?post_type=product&#038;p=3770"},"modified":"2026-05-06T20:47:17","modified_gmt":"2026-05-06T17:47:17","slug":"bmw-f20-f21-dvigubos-groteles-pre-lci","status":"publish","type":"product","link":"https:\/\/erformance.eu\/lv\/produkts\/bmw-f20-f21-dvigubos-groteles-pre-lci\/","title":{"rendered":"BMW F20 F21 Dvigubos grotel\u0117s PRE LCI (11-15), blizgios juodos"},"content":{"rendered":"<p class=\"ai-optimize-33 ai-optimize-introduction\" style=\"text-align: left\"><strong>Prek\u0117s pavadinimas:<\/strong><\/p>\n<ul>\n<li class=\"ai-optimize-33 ai-optimize-introduction\" style=\"text-align: left\">BMW F20 F21 dvigubos grotel\u0117s PRE LCI (11-15), blizgios juodos.<\/li>\n<\/ul>\n<p class=\"ai-optimize-26\"><strong>Komplekt\u0105 sudaro:<\/strong><\/p>\n<ul>\n<li class=\"ai-optimize-25\">2 vnt. dvigub\u0173 juod\u0173 groteli\u0173 (kaire ir de\u0161in\u0117 pus\u0117s).<\/li>\n<\/ul>\n<p class=\"ai-optimize-35\"><strong>Spalva:<\/strong><\/p>\n<ul>\n<li class=\"ai-optimize-35\">blizgi juoda (gloss black).<\/li>\n<\/ul>\n<p class=\"ai-optimize-36\"><strong>Savyb\u0117s:<\/strong><\/p>\n<ul>\n<li class=\"ai-optimize-29\">Dvigubos grotel\u0117s pagamintos i\u0161 tvirto ABS plastiko.<\/li>\n<li class=\"ai-optimize-30\">Tvirti, auk\u0161tos kokyb\u0117s laikikliai.<\/li>\n<li class=\"ai-optimize-31\">Grotel\u0117s padengtos auk\u0161tos kokyb\u0117s da\u017eais, tod\u0117l tarnauja ir i\u0161laiko savo blizges\u012f ilg\u0105 laik\u0105.<\/li>\n<li class=\"ai-optimize-32\">Lengvas montavimas, laikikliai atitinka originalias vietas.<\/li>\n<\/ul>\n<p class=\"ai-optimize-38\"><strong>Tinkamumas:<\/strong><\/p>\n<ul>\n<li class=\"ai-optimize-39\"><strong><a href=\"https:\/\/erformance.eu\/produkto-kategorija\/bmw\/1-serija\/f20-f21\/\">BMW F20\/F21 1 serija<\/a>,<\/strong> 2011-2015 (PRE LCI).<\/li>\n<li class=\"ai-optimize-39\">\u0160ios dvigubos juodos grotel\u0117s tinka visiems 1 serijos BMW F20 F21 PRE LCI bamperiams (Standartiniui, M-Tech ir M-Look).<\/li>\n<\/ul>\n<p class=\"ai-optimize-41\">Atnaujinkite automobilio i\u0161vaizd\u0105 ir suteikite agresyv\u0173, bei modern\u0173 stili\u0173.<\/p>\n<p class=\"ai-optimize-42\">Erformance.eu elektronin\u0117je parduotuv\u0117je rasite \u012fvairi\u0173 preki\u0173 savo BMW F20 F21 PRE LCI automobiliui. Nuo smulkiausi\u0173 pried\u0173 iki tiuning dali\u0173 plataus pasirinkimo.<\/p>\n<p class=\"ai-optimize-29\">Prek\u0117s laikomos sand\u0117lyje Lietuvoje, tod\u0117l galime garantuoti greit\u0105 pristatymo laik\u0105 (1-2 darbo dienas).<\/p>\n<p>&nbsp;<\/p>\n","protected":false},"excerpt":{"rendered":"<h3 class=\"ai-optimize-26\">BMW F20 F21 dvigubos grotel\u0117s<\/h3>\n","protected":false},"featured_media":28201,"comment_status":"open","ping_status":"closed","template":"","meta":[],"product_brand":[],"product_cat":[122,3349,121,43,3351,2768],"product_tag":[],"class_list":{"0":"post-3770","1":"product","2":"type-product","3":"status-publish","4":"has-post-thumbnail","6":"product_cat-1-serija","7":"product_cat-f20-f21-isores-bamperiai-ju-dalys","8":"product_cat-bmw","9":"product_cat-f20-f21","10":"product_cat-f20-f21-isores-groteles","11":"product_cat-f20-f21-isores-dalys","13":"first","14":"instock","15":"shipping-taxable","16":"purchasable","17":"product-type-simple"},"yoast_head":"<!-- This site is optimized with the Yoast SEO Premium plugin v25.2 (Yoast SEO v27.5) - https:\/\/yoast.com\/product\/yoast-seo-premium-wordpress\/ -->\n<title>BMW F20 F21 dvigubos grotel\u0117s pre lci (11-15), blizgios juodos - Erformance.eu<\/title>\n<meta name=\"description\" content=\"BMW F20 F21 dvigubos juodos blizgios grotel\u0117s PRE LCI modeliui (2011-2015). Tinkamos M ir standartiniui bamperiams. Atnaujinkite savo BMW F20 F21.\" \/>\n<meta name=\"robots\" content=\"index, follow, max-snippet:-1, max-image-preview:large, max-video-preview:-1\" \/>\n<link rel=\"canonical\" href=\"https:\/\/erformance.eu\/lv\/produkts\/bmw-f20-f21-dvigubos-groteles-pre-lci\/\" \/>\n<meta property=\"og:locale\" content=\"lv_LV\" \/>\n<meta property=\"og:type\" content=\"article\" \/>\n<meta property=\"og:title\" content=\"BMW F20 F21 Dvigubos grotel\u0117s PRE LCI (11-15), blizgios juodos\" \/>\n<meta property=\"og:description\" content=\"BMW F20 F21 dvigubos juodos blizgios grotel\u0117s PRE LCI modeliui (2011-2015). Tinkamos M ir standartiniui bamperiams. Atnaujinkite savo BMW F20 F21.\" \/>\n<meta property=\"og:url\" content=\"https:\/\/erformance.eu\/lv\/produkts\/bmw-f20-f21-dvigubos-groteles-pre-lci\/\" \/>\n<meta property=\"og:site_name\" content=\"Erformance.eu\" \/>\n<meta property=\"article:modified_time\" content=\"2026-05-06T17:47:17+00:00\" \/>\n<meta property=\"og:image\" content=\"https:\/\/erformance.eu\/wp-content\/uploads\/2025\/05\/f20-1.webp\" \/>\n\t<meta property=\"og:image:width\" content=\"1080\" \/>\n\t<meta property=\"og:image:height\" content=\"1080\" \/>\n\t<meta property=\"og:image:type\" content=\"image\/webp\" \/>\n<meta name=\"twitter:card\" content=\"summary_large_image\" \/>\n<meta name=\"twitter:label1\" content=\"Est. reading time\" \/>\n\t<meta name=\"twitter:data1\" content=\"1 min\u016b\u0161u\" \/>\n<script type=\"application\/ld+json\" class=\"yoast-schema-graph\">{\"@context\":\"https:\\\/\\\/schema.org\",\"@graph\":[{\"@type\":\"WebPage\",\"@id\":\"https:\\\/\\\/erformance.eu\\\/lv\\\/produkts\\\/bmw-f20-f21-dvigubos-groteles-pre-lci\\\/\",\"url\":\"https:\\\/\\\/erformance.eu\\\/lv\\\/produkts\\\/bmw-f20-f21-dvigubos-groteles-pre-lci\\\/\",\"name\":\"BMW F20 F21 dvigubos grotel\u0117s pre lci (11-15), blizgios juodos - Erformance.eu\",\"isPartOf\":{\"@id\":\"https:\\\/\\\/erformance.eu\\\/lv\\\/#website\"},\"primaryImageOfPage\":{\"@id\":\"https:\\\/\\\/erformance.eu\\\/lv\\\/produkts\\\/bmw-f20-f21-dvigubos-groteles-pre-lci\\\/#primaryimage\"},\"image\":{\"@id\":\"https:\\\/\\\/erformance.eu\\\/lv\\\/produkts\\\/bmw-f20-f21-dvigubos-groteles-pre-lci\\\/#primaryimage\"},\"thumbnailUrl\":\"https:\\\/\\\/erformance.eu\\\/wp-content\\\/uploads\\\/2025\\\/05\\\/f20-1.webp\",\"datePublished\":\"2025-05-21T20:52:25+00:00\",\"dateModified\":\"2026-05-06T17:47:17+00:00\",\"description\":\"BMW F20 F21 dvigubos juodos blizgios grotel\u0117s PRE LCI modeliui (2011-2015). Tinkamos M ir standartiniui bamperiams. Atnaujinkite savo BMW F20 F21.\",\"breadcrumb\":{\"@id\":\"https:\\\/\\\/erformance.eu\\\/lv\\\/produkts\\\/bmw-f20-f21-dvigubos-groteles-pre-lci\\\/#breadcrumb\"},\"inLanguage\":\"lv-LV\",\"potentialAction\":[{\"@type\":\"ReadAction\",\"target\":[\"https:\\\/\\\/erformance.eu\\\/lv\\\/produkts\\\/bmw-f20-f21-dvigubos-groteles-pre-lci\\\/\"]}]},{\"@type\":\"ImageObject\",\"inLanguage\":\"lv-LV\",\"@id\":\"https:\\\/\\\/erformance.eu\\\/lv\\\/produkts\\\/bmw-f20-f21-dvigubos-groteles-pre-lci\\\/#primaryimage\",\"url\":\"https:\\\/\\\/erformance.eu\\\/wp-content\\\/uploads\\\/2025\\\/05\\\/f20-1.webp\",\"contentUrl\":\"https:\\\/\\\/erformance.eu\\\/wp-content\\\/uploads\\\/2025\\\/05\\\/f20-1.webp\",\"width\":1080,\"height\":1080,\"caption\":\"BMW F20 F21 pre lci dvigubos juodos grotel\u0117s\"},{\"@type\":\"BreadcrumbList\",\"@id\":\"https:\\\/\\\/erformance.eu\\\/lv\\\/produkts\\\/bmw-f20-f21-dvigubos-groteles-pre-lci\\\/#breadcrumb\",\"itemListElement\":[{\"@type\":\"ListItem\",\"position\":1,\"name\":\"Home\",\"item\":\"https:\\\/\\\/erformance.eu\\\/lv\\\/\"},{\"@type\":\"ListItem\",\"position\":2,\"name\":\"Veikals\",\"item\":\"https:\\\/\\\/erformance.eu\\\/lv\\\/veikals\\\/\"},{\"@type\":\"ListItem\",\"position\":3,\"name\":\"BMW F20 F21 Dvigubos grotel\u0117s PRE LCI (11-15), blizgios juodos\"}]},{\"@type\":\"WebSite\",\"@id\":\"https:\\\/\\\/erformance.eu\\\/lv\\\/#website\",\"url\":\"https:\\\/\\\/erformance.eu\\\/lv\\\/\",\"name\":\"Erformance.eu\",\"description\":\"Automobili\u0173 dali\u0173 parduotuv\u0117\",\"potentialAction\":[{\"@type\":\"SearchAction\",\"target\":{\"@type\":\"EntryPoint\",\"urlTemplate\":\"https:\\\/\\\/erformance.eu\\\/lv\\\/?s={search_term_string}\"},\"query-input\":{\"@type\":\"PropertyValueSpecification\",\"valueRequired\":true,\"valueName\":\"search_term_string\"}}],\"inLanguage\":\"lv-LV\"}]}<\/script>\n<!-- \/ Yoast SEO Premium plugin. -->","yoast_head_json":{"title":"BMW F20 F21 dvigubos grotel\u0117s pre lci (11-15), blizgios juodos - Erformance.eu","description":"BMW F20 F21 dvigubos juodos blizgios grotel\u0117s PRE LCI modeliui (2011-2015). Tinkamos M ir standartiniui bamperiams. Atnaujinkite savo BMW F20 F21.","robots":{"index":"index","follow":"follow","max-snippet":"max-snippet:-1","max-image-preview":"max-image-preview:large","max-video-preview":"max-video-preview:-1"},"canonical":"https:\/\/erformance.eu\/lv\/produkts\/bmw-f20-f21-dvigubos-groteles-pre-lci\/","og_locale":"lv_LV","og_type":"article","og_title":"BMW F20 F21 Dvigubos grotel\u0117s PRE LCI (11-15), blizgios juodos","og_description":"BMW F20 F21 dvigubos juodos blizgios grotel\u0117s PRE LCI modeliui (2011-2015). Tinkamos M ir standartiniui bamperiams. Atnaujinkite savo BMW F20 F21.","og_url":"https:\/\/erformance.eu\/lv\/produkts\/bmw-f20-f21-dvigubos-groteles-pre-lci\/","og_site_name":"Erformance.eu","article_modified_time":"2026-05-06T17:47:17+00:00","og_image":[{"width":1080,"height":1080,"url":"https:\/\/erformance.eu\/wp-content\/uploads\/2025\/05\/f20-1.webp","type":"image\/webp"}],"twitter_card":"summary_large_image","twitter_misc":{"Est. reading time":"1 min\u016b\u0161u"},"schema":{"@context":"https:\/\/schema.org","@graph":[{"@type":"WebPage","@id":"https:\/\/erformance.eu\/lv\/produkts\/bmw-f20-f21-dvigubos-groteles-pre-lci\/","url":"https:\/\/erformance.eu\/lv\/produkts\/bmw-f20-f21-dvigubos-groteles-pre-lci\/","name":"BMW F20 F21 dvigubos grotel\u0117s pre lci (11-15), blizgios juodos - Erformance.eu","isPartOf":{"@id":"https:\/\/erformance.eu\/lv\/#website"},"primaryImageOfPage":{"@id":"https:\/\/erformance.eu\/lv\/produkts\/bmw-f20-f21-dvigubos-groteles-pre-lci\/#primaryimage"},"image":{"@id":"https:\/\/erformance.eu\/lv\/produkts\/bmw-f20-f21-dvigubos-groteles-pre-lci\/#primaryimage"},"thumbnailUrl":"https:\/\/erformance.eu\/wp-content\/uploads\/2025\/05\/f20-1.webp","datePublished":"2025-05-21T20:52:25+00:00","dateModified":"2026-05-06T17:47:17+00:00","description":"BMW F20 F21 dvigubos juodos blizgios grotel\u0117s PRE LCI modeliui (2011-2015). Tinkamos M ir standartiniui bamperiams. Atnaujinkite savo BMW F20 F21.","breadcrumb":{"@id":"https:\/\/erformance.eu\/lv\/produkts\/bmw-f20-f21-dvigubos-groteles-pre-lci\/#breadcrumb"},"inLanguage":"lv-LV","potentialAction":[{"@type":"ReadAction","target":["https:\/\/erformance.eu\/lv\/produkts\/bmw-f20-f21-dvigubos-groteles-pre-lci\/"]}]},{"@type":"ImageObject","inLanguage":"lv-LV","@id":"https:\/\/erformance.eu\/lv\/produkts\/bmw-f20-f21-dvigubos-groteles-pre-lci\/#primaryimage","url":"https:\/\/erformance.eu\/wp-content\/uploads\/2025\/05\/f20-1.webp","contentUrl":"https:\/\/erformance.eu\/wp-content\/uploads\/2025\/05\/f20-1.webp","width":1080,"height":1080,"caption":"BMW F20 F21 pre lci dvigubos juodos grotel\u0117s"},{"@type":"BreadcrumbList","@id":"https:\/\/erformance.eu\/lv\/produkts\/bmw-f20-f21-dvigubos-groteles-pre-lci\/#breadcrumb","itemListElement":[{"@type":"ListItem","position":1,"name":"Home","item":"https:\/\/erformance.eu\/lv\/"},{"@type":"ListItem","position":2,"name":"Veikals","item":"https:\/\/erformance.eu\/lv\/veikals\/"},{"@type":"ListItem","position":3,"name":"BMW F20 F21 Dvigubos grotel\u0117s PRE LCI (11-15), blizgios juodos"}]},{"@type":"WebSite","@id":"https:\/\/erformance.eu\/lv\/#website","url":"https:\/\/erformance.eu\/lv\/","name":"Erformance.eu","description":"Automobili\u0173 dali\u0173 parduotuv\u0117","potentialAction":[{"@type":"SearchAction","target":{"@type":"EntryPoint","urlTemplate":"https:\/\/erformance.eu\/lv\/?s={search_term_string}"},"query-input":{"@type":"PropertyValueSpecification","valueRequired":true,"valueName":"search_term_string"}}],"inLanguage":"lv-LV"}]}},"jetpack_sharing_enabled":true,"_links":{"self":[{"href":"https:\/\/erformance.eu\/lv\/wp-json\/wp\/v2\/product\/3770","targetHints":{"allow":["GET"]}}],"collection":[{"href":"https:\/\/erformance.eu\/lv\/wp-json\/wp\/v2\/product"}],"about":[{"href":"https:\/\/erformance.eu\/lv\/wp-json\/wp\/v2\/types\/product"}],"replies":[{"embeddable":true,"href":"https:\/\/erformance.eu\/lv\/wp-json\/wp\/v2\/comments?post=3770"}],"version-history":[{"count":22,"href":"https:\/\/erformance.eu\/lv\/wp-json\/wp\/v2\/product\/3770\/revisions"}],"predecessor-version":[{"id":29036,"href":"https:\/\/erformance.eu\/lv\/wp-json\/wp\/v2\/product\/3770\/revisions\/29036"}],"wp:featuredmedia":[{"embeddable":true,"href":"https:\/\/erformance.eu\/lv\/wp-json\/wp\/v2\/media\/28201"}],"wp:attachment":[{"href":"https:\/\/erformance.eu\/lv\/wp-json\/wp\/v2\/media?parent=3770"}],"wp:term":[{"taxonomy":"product_brand","embeddable":true,"href":"https:\/\/erformance.eu\/lv\/wp-json\/wp\/v2\/product_brand?post=3770"},{"taxonomy":"product_cat","embeddable":true,"href":"https:\/\/erformance.eu\/lv\/wp-json\/wp\/v2\/product_cat?post=3770"},{"taxonomy":"product_tag","embeddable":true,"href":"https:\/\/erformance.eu\/lv\/wp-json\/wp\/v2\/product_tag?post=3770"}],"curies":[{"name":"wp","href":"https:\/\/api.w.org\/{rel}","templated":true}]}}