{"id":37881,"date":"2026-01-09T10:45:08","date_gmt":"2026-01-09T07:45:08","guid":{"rendered":"https:\/\/erformance.eu\/?post_type=product&#038;p=37881"},"modified":"2026-03-02T19:34:54","modified_gmt":"2026-03-02T16:34:54","slug":"bmw-7-f01-f02-f03-f04-08-15-centrinis-uzraktas-priekinems-kairems-durims-2","status":"publish","type":"product","link":"https:\/\/erformance.eu\/lv\/produkts\/bmw-7-f01-f02-f03-f04-08-15-centrinis-uzraktas-priekinems-kairems-durims-2\/","title":{"rendered":"BMW 7 F01 \/ F02 \/ F03 \/ F04 08-15 centrinis u\u017eraktas priekin\u0117ms kair\u0117ms durims"},"content":{"rendered":"","protected":false},"excerpt":{"rendered":"<p>1. Prek\u0117 \u2013 Centrinis priekini\u0173 dur\u0173 u\u017eraktas<br \/>\n2. Pus\u0117: kair\u0117<br \/>\n3. Tiek\u0117jas &#8211; ERformance<br \/>\n4. Tinkama:, BMW 7 E65 \/ E66 \/ E67 01\u201309 BMW 7 F01\/F02\/F03\/F04 08\u201315<\/p>\n","protected":false},"featured_media":37882,"comment_status":"open","ping_status":"closed","template":"","meta":[],"product_brand":[],"product_cat":[57],"product_tag":[],"class_list":{"0":"post-37881","1":"product","2":"type-product","3":"status-publish","4":"has-post-thumbnail","6":"product_cat-f01-f02","8":"first","9":"instock","10":"shipping-taxable","11":"purchasable","12":"product-type-simple"},"yoast_head":"<!-- This site is optimized with the Yoast SEO Premium plugin v25.2 (Yoast SEO v27.4) - https:\/\/yoast.com\/product\/yoast-seo-premium-wordpress\/ -->\n<title>BMW 7 F01 \/ F02 \/ F03 \/ F04 08-15 centrinis u\u017eraktas priekin\u0117ms kair\u0117ms durims - Erformance.eu<\/title>\n<meta name=\"robots\" content=\"index, follow, max-snippet:-1, max-image-preview:large, max-video-preview:-1\" \/>\n<link rel=\"canonical\" href=\"https:\/\/erformance.eu\/lv\/produkts\/bmw-7-f01-f02-f03-f04-08-15-centrinis-uzraktas-priekinems-kairems-durims-2\/\" \/>\n<meta property=\"og:locale\" content=\"lv_LV\" \/>\n<meta property=\"og:type\" content=\"article\" \/>\n<meta property=\"og:title\" content=\"BMW 7 F01 \/ F02 \/ F03 \/ F04 08-15 centrinis u\u017eraktas priekin\u0117ms kair\u0117ms durims\" \/>\n<meta property=\"og:description\" content=\"1. Prek\u0117 \u2013 Centrinis priekini\u0173 dur\u0173 u\u017eraktas 2. Pus\u0117: kair\u0117 3. Tiek\u0117jas - ERformance 4. Tinkama:, BMW 7 E65 \/ E66 \/ E67 01\u201309 BMW 7 F01\/F02\/F03\/F04 08\u201315\" \/>\n<meta property=\"og:url\" content=\"https:\/\/erformance.eu\/lv\/produkts\/bmw-7-f01-f02-f03-f04-08-15-centrinis-uzraktas-priekinems-kairems-durims-2\/\" \/>\n<meta property=\"og:site_name\" content=\"Erformance.eu\" \/>\n<meta property=\"article:modified_time\" content=\"2026-03-02T16:34:54+00:00\" \/>\n<meta property=\"og:image\" content=\"https:\/\/erformance.eu\/wp-content\/uploads\/2026\/01\/pol_pm_BMW-7-F01-F02-F03-F04-08-15-zamek-centralny-drzwi-przednich-lewy-18292_1.jpg\" \/>\n\t<meta property=\"og:image:width\" content=\"1200\" \/>\n\t<meta property=\"og:image:height\" content=\"900\" \/>\n\t<meta property=\"og:image:type\" content=\"image\/jpeg\" \/>\n<meta name=\"twitter:card\" content=\"summary_large_image\" \/>\n<meta name=\"twitter:label1\" content=\"Est. reading time\" \/>\n\t<meta name=\"twitter:data1\" content=\"1 min\u016b\u0161u\" \/>\n<script type=\"application\/ld+json\" class=\"yoast-schema-graph\">{\"@context\":\"https:\\\/\\\/schema.org\",\"@graph\":[{\"@type\":\"WebPage\",\"@id\":\"https:\\\/\\\/erformance.eu\\\/lv\\\/produkts\\\/bmw-7-f01-f02-f03-f04-08-15-centrinis-uzraktas-priekinems-kairems-durims-2\\\/\",\"url\":\"https:\\\/\\\/erformance.eu\\\/lv\\\/produkts\\\/bmw-7-f01-f02-f03-f04-08-15-centrinis-uzraktas-priekinems-kairems-durims-2\\\/\",\"name\":\"BMW 7 F01 \\\/ F02 \\\/ F03 \\\/ F04 08-15 centrinis u\u017eraktas priekin\u0117ms kair\u0117ms durims - Erformance.eu\",\"isPartOf\":{\"@id\":\"https:\\\/\\\/erformance.eu\\\/lv\\\/#website\"},\"primaryImageOfPage\":{\"@id\":\"https:\\\/\\\/erformance.eu\\\/lv\\\/produkts\\\/bmw-7-f01-f02-f03-f04-08-15-centrinis-uzraktas-priekinems-kairems-durims-2\\\/#primaryimage\"},\"image\":{\"@id\":\"https:\\\/\\\/erformance.eu\\\/lv\\\/produkts\\\/bmw-7-f01-f02-f03-f04-08-15-centrinis-uzraktas-priekinems-kairems-durims-2\\\/#primaryimage\"},\"thumbnailUrl\":\"https:\\\/\\\/erformance.eu\\\/wp-content\\\/uploads\\\/2026\\\/01\\\/pol_pm_BMW-7-F01-F02-F03-F04-08-15-zamek-centralny-drzwi-przednich-lewy-18292_1.jpg\",\"datePublished\":\"2026-01-09T07:45:08+00:00\",\"dateModified\":\"2026-03-02T16:34:54+00:00\",\"breadcrumb\":{\"@id\":\"https:\\\/\\\/erformance.eu\\\/lv\\\/produkts\\\/bmw-7-f01-f02-f03-f04-08-15-centrinis-uzraktas-priekinems-kairems-durims-2\\\/#breadcrumb\"},\"inLanguage\":\"lv-LV\",\"potentialAction\":[{\"@type\":\"ReadAction\",\"target\":[\"https:\\\/\\\/erformance.eu\\\/lv\\\/produkts\\\/bmw-7-f01-f02-f03-f04-08-15-centrinis-uzraktas-priekinems-kairems-durims-2\\\/\"]}]},{\"@type\":\"ImageObject\",\"inLanguage\":\"lv-LV\",\"@id\":\"https:\\\/\\\/erformance.eu\\\/lv\\\/produkts\\\/bmw-7-f01-f02-f03-f04-08-15-centrinis-uzraktas-priekinems-kairems-durims-2\\\/#primaryimage\",\"url\":\"https:\\\/\\\/erformance.eu\\\/wp-content\\\/uploads\\\/2026\\\/01\\\/pol_pm_BMW-7-F01-F02-F03-F04-08-15-zamek-centralny-drzwi-przednich-lewy-18292_1.jpg\",\"contentUrl\":\"https:\\\/\\\/erformance.eu\\\/wp-content\\\/uploads\\\/2026\\\/01\\\/pol_pm_BMW-7-F01-F02-F03-F04-08-15-zamek-centralny-drzwi-przednich-lewy-18292_1.jpg\",\"width\":1200,\"height\":900},{\"@type\":\"BreadcrumbList\",\"@id\":\"https:\\\/\\\/erformance.eu\\\/lv\\\/produkts\\\/bmw-7-f01-f02-f03-f04-08-15-centrinis-uzraktas-priekinems-kairems-durims-2\\\/#breadcrumb\",\"itemListElement\":[{\"@type\":\"ListItem\",\"position\":1,\"name\":\"Home\",\"item\":\"https:\\\/\\\/erformance.eu\\\/lv\\\/\"},{\"@type\":\"ListItem\",\"position\":2,\"name\":\"Veikals\",\"item\":\"https:\\\/\\\/erformance.eu\\\/lv\\\/veikals\\\/\"},{\"@type\":\"ListItem\",\"position\":3,\"name\":\"BMW 7 F01 \\\/ F02 \\\/ F03 \\\/ F04 08-15 centrinis u\u017eraktas priekin\u0117ms kair\u0117ms durims\"}]},{\"@type\":\"WebSite\",\"@id\":\"https:\\\/\\\/erformance.eu\\\/lv\\\/#website\",\"url\":\"https:\\\/\\\/erformance.eu\\\/lv\\\/\",\"name\":\"Erformance.eu\",\"description\":\"Automobili\u0173 dali\u0173 parduotuv\u0117\",\"potentialAction\":[{\"@type\":\"SearchAction\",\"target\":{\"@type\":\"EntryPoint\",\"urlTemplate\":\"https:\\\/\\\/erformance.eu\\\/lv\\\/?s={search_term_string}\"},\"query-input\":{\"@type\":\"PropertyValueSpecification\",\"valueRequired\":true,\"valueName\":\"search_term_string\"}}],\"inLanguage\":\"lv-LV\"}]}<\/script>\n<!-- \/ Yoast SEO Premium plugin. -->","yoast_head_json":{"title":"BMW 7 F01 \/ F02 \/ F03 \/ F04 08-15 centrinis u\u017eraktas priekin\u0117ms kair\u0117ms durims - Erformance.eu","robots":{"index":"index","follow":"follow","max-snippet":"max-snippet:-1","max-image-preview":"max-image-preview:large","max-video-preview":"max-video-preview:-1"},"canonical":"https:\/\/erformance.eu\/lv\/produkts\/bmw-7-f01-f02-f03-f04-08-15-centrinis-uzraktas-priekinems-kairems-durims-2\/","og_locale":"lv_LV","og_type":"article","og_title":"BMW 7 F01 \/ F02 \/ F03 \/ F04 08-15 centrinis u\u017eraktas priekin\u0117ms kair\u0117ms durims","og_description":"1. Prek\u0117 \u2013 Centrinis priekini\u0173 dur\u0173 u\u017eraktas 2. Pus\u0117: kair\u0117 3. Tiek\u0117jas - ERformance 4. Tinkama:, BMW 7 E65 \/ E66 \/ E67 01\u201309 BMW 7 F01\/F02\/F03\/F04 08\u201315","og_url":"https:\/\/erformance.eu\/lv\/produkts\/bmw-7-f01-f02-f03-f04-08-15-centrinis-uzraktas-priekinems-kairems-durims-2\/","og_site_name":"Erformance.eu","article_modified_time":"2026-03-02T16:34:54+00:00","og_image":[{"width":1200,"height":900,"url":"https:\/\/erformance.eu\/wp-content\/uploads\/2026\/01\/pol_pm_BMW-7-F01-F02-F03-F04-08-15-zamek-centralny-drzwi-przednich-lewy-18292_1.jpg","type":"image\/jpeg"}],"twitter_card":"summary_large_image","twitter_misc":{"Est. reading time":"1 min\u016b\u0161u"},"schema":{"@context":"https:\/\/schema.org","@graph":[{"@type":"WebPage","@id":"https:\/\/erformance.eu\/lv\/produkts\/bmw-7-f01-f02-f03-f04-08-15-centrinis-uzraktas-priekinems-kairems-durims-2\/","url":"https:\/\/erformance.eu\/lv\/produkts\/bmw-7-f01-f02-f03-f04-08-15-centrinis-uzraktas-priekinems-kairems-durims-2\/","name":"BMW 7 F01 \/ F02 \/ F03 \/ F04 08-15 centrinis u\u017eraktas priekin\u0117ms kair\u0117ms durims - Erformance.eu","isPartOf":{"@id":"https:\/\/erformance.eu\/lv\/#website"},"primaryImageOfPage":{"@id":"https:\/\/erformance.eu\/lv\/produkts\/bmw-7-f01-f02-f03-f04-08-15-centrinis-uzraktas-priekinems-kairems-durims-2\/#primaryimage"},"image":{"@id":"https:\/\/erformance.eu\/lv\/produkts\/bmw-7-f01-f02-f03-f04-08-15-centrinis-uzraktas-priekinems-kairems-durims-2\/#primaryimage"},"thumbnailUrl":"https:\/\/erformance.eu\/wp-content\/uploads\/2026\/01\/pol_pm_BMW-7-F01-F02-F03-F04-08-15-zamek-centralny-drzwi-przednich-lewy-18292_1.jpg","datePublished":"2026-01-09T07:45:08+00:00","dateModified":"2026-03-02T16:34:54+00:00","breadcrumb":{"@id":"https:\/\/erformance.eu\/lv\/produkts\/bmw-7-f01-f02-f03-f04-08-15-centrinis-uzraktas-priekinems-kairems-durims-2\/#breadcrumb"},"inLanguage":"lv-LV","potentialAction":[{"@type":"ReadAction","target":["https:\/\/erformance.eu\/lv\/produkts\/bmw-7-f01-f02-f03-f04-08-15-centrinis-uzraktas-priekinems-kairems-durims-2\/"]}]},{"@type":"ImageObject","inLanguage":"lv-LV","@id":"https:\/\/erformance.eu\/lv\/produkts\/bmw-7-f01-f02-f03-f04-08-15-centrinis-uzraktas-priekinems-kairems-durims-2\/#primaryimage","url":"https:\/\/erformance.eu\/wp-content\/uploads\/2026\/01\/pol_pm_BMW-7-F01-F02-F03-F04-08-15-zamek-centralny-drzwi-przednich-lewy-18292_1.jpg","contentUrl":"https:\/\/erformance.eu\/wp-content\/uploads\/2026\/01\/pol_pm_BMW-7-F01-F02-F03-F04-08-15-zamek-centralny-drzwi-przednich-lewy-18292_1.jpg","width":1200,"height":900},{"@type":"BreadcrumbList","@id":"https:\/\/erformance.eu\/lv\/produkts\/bmw-7-f01-f02-f03-f04-08-15-centrinis-uzraktas-priekinems-kairems-durims-2\/#breadcrumb","itemListElement":[{"@type":"ListItem","position":1,"name":"Home","item":"https:\/\/erformance.eu\/lv\/"},{"@type":"ListItem","position":2,"name":"Veikals","item":"https:\/\/erformance.eu\/lv\/veikals\/"},{"@type":"ListItem","position":3,"name":"BMW 7 F01 \/ F02 \/ F03 \/ F04 08-15 centrinis u\u017eraktas priekin\u0117ms kair\u0117ms durims"}]},{"@type":"WebSite","@id":"https:\/\/erformance.eu\/lv\/#website","url":"https:\/\/erformance.eu\/lv\/","name":"Erformance.eu","description":"Automobili\u0173 dali\u0173 parduotuv\u0117","potentialAction":[{"@type":"SearchAction","target":{"@type":"EntryPoint","urlTemplate":"https:\/\/erformance.eu\/lv\/?s={search_term_string}"},"query-input":{"@type":"PropertyValueSpecification","valueRequired":true,"valueName":"search_term_string"}}],"inLanguage":"lv-LV"}]}},"jetpack_sharing_enabled":true,"_links":{"self":[{"href":"https:\/\/erformance.eu\/lv\/wp-json\/wp\/v2\/product\/37881","targetHints":{"allow":["GET"]}}],"collection":[{"href":"https:\/\/erformance.eu\/lv\/wp-json\/wp\/v2\/product"}],"about":[{"href":"https:\/\/erformance.eu\/lv\/wp-json\/wp\/v2\/types\/product"}],"replies":[{"embeddable":true,"href":"https:\/\/erformance.eu\/lv\/wp-json\/wp\/v2\/comments?post=37881"}],"version-history":[{"count":1,"href":"https:\/\/erformance.eu\/lv\/wp-json\/wp\/v2\/product\/37881\/revisions"}],"predecessor-version":[{"id":37884,"href":"https:\/\/erformance.eu\/lv\/wp-json\/wp\/v2\/product\/37881\/revisions\/37884"}],"wp:featuredmedia":[{"embeddable":true,"href":"https:\/\/erformance.eu\/lv\/wp-json\/wp\/v2\/media\/37882"}],"wp:attachment":[{"href":"https:\/\/erformance.eu\/lv\/wp-json\/wp\/v2\/media?parent=37881"}],"wp:term":[{"taxonomy":"product_brand","embeddable":true,"href":"https:\/\/erformance.eu\/lv\/wp-json\/wp\/v2\/product_brand?post=37881"},{"taxonomy":"product_cat","embeddable":true,"href":"https:\/\/erformance.eu\/lv\/wp-json\/wp\/v2\/product_cat?post=37881"},{"taxonomy":"product_tag","embeddable":true,"href":"https:\/\/erformance.eu\/lv\/wp-json\/wp\/v2\/product_tag?post=37881"}],"curies":[{"name":"wp","href":"https:\/\/api.w.org\/{rel}","templated":true}]}}