{"id":47310,"date":"2026-01-09T11:35:31","date_gmt":"2026-01-09T08:35:31","guid":{"rendered":"https:\/\/erformance.eu\/?post_type=product&#038;p=47310"},"modified":"2026-02-20T01:00:53","modified_gmt":"2026-02-19T22:00:53","slug":"bmw-5-e39-m-paketas-m5-96-03-halogeninis-desinysis","status":"publish","type":"product","link":"https:\/\/erformance.eu\/lv\/produkts\/bmw-5-e39-m-paketas-m5-96-03-halogeninis-desinysis\/","title":{"rendered":"BMW 5 E39 M-Paketas M5 96-03 halogeninis de\u0161inysis"},"content":{"rendered":"","protected":false},"excerpt":{"rendered":"<p>1. Prek\u0117 \u2013 halogenin\u0117<br \/>\n2. Pus\u0117: de\u0161in\u0117<br \/>\n3. Tiek\u0117jas &#8211; ERformance<br \/>\n4. Tinkama:, BMW 3 E46 M-Paketas M3 98-04, BMW 5 E39 M-Paketas M5 96-<br \/>\n035. K\u0117bulo tipas: visos versijos<\/p>\n","protected":false},"featured_media":47311,"comment_status":"open","ping_status":"closed","template":"","meta":[],"product_brand":[],"product_cat":[49],"product_tag":[],"class_list":{"0":"post-47310","1":"product","2":"type-product","3":"status-publish","4":"has-post-thumbnail","6":"product_cat-e39","8":"first","9":"instock","10":"shipping-taxable","11":"purchasable","12":"product-type-simple"},"yoast_head":"<!-- This site is optimized with the Yoast SEO Premium plugin v25.2 (Yoast SEO v27.3) - https:\/\/yoast.com\/product\/yoast-seo-premium-wordpress\/ -->\n<title>BMW 5 E39 M-Paketas M5 96-03 halogeninis de\u0161inysis - Erformance.eu<\/title>\n<meta name=\"robots\" content=\"index, follow, max-snippet:-1, max-image-preview:large, max-video-preview:-1\" \/>\n<link rel=\"canonical\" href=\"https:\/\/erformance.eu\/lv\/produkts\/bmw-5-e39-m-paketas-m5-96-03-halogeninis-desinysis\/\" \/>\n<meta property=\"og:locale\" content=\"lv_LV\" \/>\n<meta property=\"og:type\" content=\"article\" \/>\n<meta property=\"og:title\" content=\"BMW 5 E39 M-Paketas M5 96-03 halogeninis de\u0161inysis\" \/>\n<meta property=\"og:description\" content=\"1. Prek\u0117 \u2013 halogenin\u0117 2. Pus\u0117: de\u0161in\u0117 3. Tiek\u0117jas - ERformance 4. Tinkama:, BMW 3 E46 M-Paketas M3 98-04, BMW 5 E39 M-Paketas M5 96- 035. K\u0117bulo tipas: visos versijos\" \/>\n<meta property=\"og:url\" content=\"https:\/\/erformance.eu\/lv\/produkts\/bmw-5-e39-m-paketas-m5-96-03-halogeninis-desinysis\/\" \/>\n<meta property=\"og:site_name\" content=\"Erformance.eu\" \/>\n<meta property=\"article:modified_time\" content=\"2026-02-19T22:00:53+00:00\" \/>\n<meta property=\"og:image\" content=\"https:\/\/erformance.eu\/wp-content\/uploads\/2026\/01\/pol_pm_BMW-5-E39-M-Pakiet-M5-96-03-halogen-prawy-19799_1.jpg\" \/>\n\t<meta property=\"og:image:width\" content=\"1200\" \/>\n\t<meta property=\"og:image:height\" content=\"900\" \/>\n\t<meta property=\"og:image:type\" content=\"image\/jpeg\" \/>\n<meta name=\"twitter:card\" content=\"summary_large_image\" \/>\n<meta name=\"twitter:label1\" content=\"Est. reading time\" \/>\n\t<meta name=\"twitter:data1\" content=\"1 min\u016b\u0161u\" \/>\n<script type=\"application\/ld+json\" class=\"yoast-schema-graph\">{\"@context\":\"https:\\\/\\\/schema.org\",\"@graph\":[{\"@type\":\"WebPage\",\"@id\":\"https:\\\/\\\/erformance.eu\\\/lv\\\/produkts\\\/bmw-5-e39-m-paketas-m5-96-03-halogeninis-desinysis\\\/\",\"url\":\"https:\\\/\\\/erformance.eu\\\/lv\\\/produkts\\\/bmw-5-e39-m-paketas-m5-96-03-halogeninis-desinysis\\\/\",\"name\":\"BMW 5 E39 M-Paketas M5 96-03 halogeninis de\u0161inysis - Erformance.eu\",\"isPartOf\":{\"@id\":\"https:\\\/\\\/erformance.eu\\\/lv\\\/#website\"},\"primaryImageOfPage\":{\"@id\":\"https:\\\/\\\/erformance.eu\\\/lv\\\/produkts\\\/bmw-5-e39-m-paketas-m5-96-03-halogeninis-desinysis\\\/#primaryimage\"},\"image\":{\"@id\":\"https:\\\/\\\/erformance.eu\\\/lv\\\/produkts\\\/bmw-5-e39-m-paketas-m5-96-03-halogeninis-desinysis\\\/#primaryimage\"},\"thumbnailUrl\":\"https:\\\/\\\/erformance.eu\\\/wp-content\\\/uploads\\\/2026\\\/01\\\/pol_pm_BMW-5-E39-M-Pakiet-M5-96-03-halogen-prawy-19799_1.jpg\",\"datePublished\":\"2026-01-09T08:35:31+00:00\",\"dateModified\":\"2026-02-19T22:00:53+00:00\",\"breadcrumb\":{\"@id\":\"https:\\\/\\\/erformance.eu\\\/lv\\\/produkts\\\/bmw-5-e39-m-paketas-m5-96-03-halogeninis-desinysis\\\/#breadcrumb\"},\"inLanguage\":\"lv-LV\",\"potentialAction\":[{\"@type\":\"ReadAction\",\"target\":[\"https:\\\/\\\/erformance.eu\\\/lv\\\/produkts\\\/bmw-5-e39-m-paketas-m5-96-03-halogeninis-desinysis\\\/\"]}]},{\"@type\":\"ImageObject\",\"inLanguage\":\"lv-LV\",\"@id\":\"https:\\\/\\\/erformance.eu\\\/lv\\\/produkts\\\/bmw-5-e39-m-paketas-m5-96-03-halogeninis-desinysis\\\/#primaryimage\",\"url\":\"https:\\\/\\\/erformance.eu\\\/wp-content\\\/uploads\\\/2026\\\/01\\\/pol_pm_BMW-5-E39-M-Pakiet-M5-96-03-halogen-prawy-19799_1.jpg\",\"contentUrl\":\"https:\\\/\\\/erformance.eu\\\/wp-content\\\/uploads\\\/2026\\\/01\\\/pol_pm_BMW-5-E39-M-Pakiet-M5-96-03-halogen-prawy-19799_1.jpg\",\"width\":1200,\"height\":900},{\"@type\":\"BreadcrumbList\",\"@id\":\"https:\\\/\\\/erformance.eu\\\/lv\\\/produkts\\\/bmw-5-e39-m-paketas-m5-96-03-halogeninis-desinysis\\\/#breadcrumb\",\"itemListElement\":[{\"@type\":\"ListItem\",\"position\":1,\"name\":\"Home\",\"item\":\"https:\\\/\\\/erformance.eu\\\/lv\\\/\"},{\"@type\":\"ListItem\",\"position\":2,\"name\":\"Veikals\",\"item\":\"https:\\\/\\\/erformance.eu\\\/lv\\\/veikals\\\/\"},{\"@type\":\"ListItem\",\"position\":3,\"name\":\"BMW 5 E39 M-Paketas M5 96-03 halogeninis de\u0161inysis\"}]},{\"@type\":\"WebSite\",\"@id\":\"https:\\\/\\\/erformance.eu\\\/lv\\\/#website\",\"url\":\"https:\\\/\\\/erformance.eu\\\/lv\\\/\",\"name\":\"Erformance.eu\",\"description\":\"Automobili\u0173 dali\u0173 parduotuv\u0117\",\"potentialAction\":[{\"@type\":\"SearchAction\",\"target\":{\"@type\":\"EntryPoint\",\"urlTemplate\":\"https:\\\/\\\/erformance.eu\\\/lv\\\/?s={search_term_string}\"},\"query-input\":{\"@type\":\"PropertyValueSpecification\",\"valueRequired\":true,\"valueName\":\"search_term_string\"}}],\"inLanguage\":\"lv-LV\"}]}<\/script>\n<!-- \/ Yoast SEO Premium plugin. -->","yoast_head_json":{"title":"BMW 5 E39 M-Paketas M5 96-03 halogeninis de\u0161inysis - Erformance.eu","robots":{"index":"index","follow":"follow","max-snippet":"max-snippet:-1","max-image-preview":"max-image-preview:large","max-video-preview":"max-video-preview:-1"},"canonical":"https:\/\/erformance.eu\/lv\/produkts\/bmw-5-e39-m-paketas-m5-96-03-halogeninis-desinysis\/","og_locale":"lv_LV","og_type":"article","og_title":"BMW 5 E39 M-Paketas M5 96-03 halogeninis de\u0161inysis","og_description":"1. Prek\u0117 \u2013 halogenin\u0117 2. Pus\u0117: de\u0161in\u0117 3. Tiek\u0117jas - ERformance 4. Tinkama:, BMW 3 E46 M-Paketas M3 98-04, BMW 5 E39 M-Paketas M5 96- 035. K\u0117bulo tipas: visos versijos","og_url":"https:\/\/erformance.eu\/lv\/produkts\/bmw-5-e39-m-paketas-m5-96-03-halogeninis-desinysis\/","og_site_name":"Erformance.eu","article_modified_time":"2026-02-19T22:00:53+00:00","og_image":[{"width":1200,"height":900,"url":"https:\/\/erformance.eu\/wp-content\/uploads\/2026\/01\/pol_pm_BMW-5-E39-M-Pakiet-M5-96-03-halogen-prawy-19799_1.jpg","type":"image\/jpeg"}],"twitter_card":"summary_large_image","twitter_misc":{"Est. reading time":"1 min\u016b\u0161u"},"schema":{"@context":"https:\/\/schema.org","@graph":[{"@type":"WebPage","@id":"https:\/\/erformance.eu\/lv\/produkts\/bmw-5-e39-m-paketas-m5-96-03-halogeninis-desinysis\/","url":"https:\/\/erformance.eu\/lv\/produkts\/bmw-5-e39-m-paketas-m5-96-03-halogeninis-desinysis\/","name":"BMW 5 E39 M-Paketas M5 96-03 halogeninis de\u0161inysis - Erformance.eu","isPartOf":{"@id":"https:\/\/erformance.eu\/lv\/#website"},"primaryImageOfPage":{"@id":"https:\/\/erformance.eu\/lv\/produkts\/bmw-5-e39-m-paketas-m5-96-03-halogeninis-desinysis\/#primaryimage"},"image":{"@id":"https:\/\/erformance.eu\/lv\/produkts\/bmw-5-e39-m-paketas-m5-96-03-halogeninis-desinysis\/#primaryimage"},"thumbnailUrl":"https:\/\/erformance.eu\/wp-content\/uploads\/2026\/01\/pol_pm_BMW-5-E39-M-Pakiet-M5-96-03-halogen-prawy-19799_1.jpg","datePublished":"2026-01-09T08:35:31+00:00","dateModified":"2026-02-19T22:00:53+00:00","breadcrumb":{"@id":"https:\/\/erformance.eu\/lv\/produkts\/bmw-5-e39-m-paketas-m5-96-03-halogeninis-desinysis\/#breadcrumb"},"inLanguage":"lv-LV","potentialAction":[{"@type":"ReadAction","target":["https:\/\/erformance.eu\/lv\/produkts\/bmw-5-e39-m-paketas-m5-96-03-halogeninis-desinysis\/"]}]},{"@type":"ImageObject","inLanguage":"lv-LV","@id":"https:\/\/erformance.eu\/lv\/produkts\/bmw-5-e39-m-paketas-m5-96-03-halogeninis-desinysis\/#primaryimage","url":"https:\/\/erformance.eu\/wp-content\/uploads\/2026\/01\/pol_pm_BMW-5-E39-M-Pakiet-M5-96-03-halogen-prawy-19799_1.jpg","contentUrl":"https:\/\/erformance.eu\/wp-content\/uploads\/2026\/01\/pol_pm_BMW-5-E39-M-Pakiet-M5-96-03-halogen-prawy-19799_1.jpg","width":1200,"height":900},{"@type":"BreadcrumbList","@id":"https:\/\/erformance.eu\/lv\/produkts\/bmw-5-e39-m-paketas-m5-96-03-halogeninis-desinysis\/#breadcrumb","itemListElement":[{"@type":"ListItem","position":1,"name":"Home","item":"https:\/\/erformance.eu\/lv\/"},{"@type":"ListItem","position":2,"name":"Veikals","item":"https:\/\/erformance.eu\/lv\/veikals\/"},{"@type":"ListItem","position":3,"name":"BMW 5 E39 M-Paketas M5 96-03 halogeninis de\u0161inysis"}]},{"@type":"WebSite","@id":"https:\/\/erformance.eu\/lv\/#website","url":"https:\/\/erformance.eu\/lv\/","name":"Erformance.eu","description":"Automobili\u0173 dali\u0173 parduotuv\u0117","potentialAction":[{"@type":"SearchAction","target":{"@type":"EntryPoint","urlTemplate":"https:\/\/erformance.eu\/lv\/?s={search_term_string}"},"query-input":{"@type":"PropertyValueSpecification","valueRequired":true,"valueName":"search_term_string"}}],"inLanguage":"lv-LV"}]}},"jetpack_sharing_enabled":true,"_links":{"self":[{"href":"https:\/\/erformance.eu\/lv\/wp-json\/wp\/v2\/product\/47310","targetHints":{"allow":["GET"]}}],"collection":[{"href":"https:\/\/erformance.eu\/lv\/wp-json\/wp\/v2\/product"}],"about":[{"href":"https:\/\/erformance.eu\/lv\/wp-json\/wp\/v2\/types\/product"}],"replies":[{"embeddable":true,"href":"https:\/\/erformance.eu\/lv\/wp-json\/wp\/v2\/comments?post=47310"}],"version-history":[{"count":1,"href":"https:\/\/erformance.eu\/lv\/wp-json\/wp\/v2\/product\/47310\/revisions"}],"predecessor-version":[{"id":47321,"href":"https:\/\/erformance.eu\/lv\/wp-json\/wp\/v2\/product\/47310\/revisions\/47321"}],"wp:featuredmedia":[{"embeddable":true,"href":"https:\/\/erformance.eu\/lv\/wp-json\/wp\/v2\/media\/47311"}],"wp:attachment":[{"href":"https:\/\/erformance.eu\/lv\/wp-json\/wp\/v2\/media?parent=47310"}],"wp:term":[{"taxonomy":"product_brand","embeddable":true,"href":"https:\/\/erformance.eu\/lv\/wp-json\/wp\/v2\/product_brand?post=47310"},{"taxonomy":"product_cat","embeddable":true,"href":"https:\/\/erformance.eu\/lv\/wp-json\/wp\/v2\/product_cat?post=47310"},{"taxonomy":"product_tag","embeddable":true,"href":"https:\/\/erformance.eu\/lv\/wp-json\/wp\/v2\/product_tag?post=47310"}],"curies":[{"name":"wp","href":"https:\/\/api.w.org\/{rel}","templated":true}]}}