{"id":47652,"date":"2026-01-09T11:37:33","date_gmt":"2026-01-09T08:37:33","guid":{"rendered":"https:\/\/erformance.eu\/?post_type=product&#038;p=47652"},"modified":"2026-03-02T19:15:43","modified_gmt":"2026-03-02T16:15:43","slug":"bmw-7-e38-94-01-variklio-alsuoklio-voztuvas","status":"publish","type":"product","link":"https:\/\/erformance.eu\/lv\/produkts\/bmw-7-e38-94-01-variklio-alsuoklio-voztuvas\/","title":{"rendered":"BMW 7 E38 94-01 variklio alsuoklio vo\u017etuvas"},"content":{"rendered":"","protected":false},"excerpt":{"rendered":"<p>1. Prek\u0117 \u2013 Variklio alsuoklio vo\u017etuvas<br \/>\n2. Tiek\u0117jas &#8211; ERformance<br \/>\n3. Tinkama:, BMW 7 E38 94-01, BMW 5 E39 96-03<\/p>\n","protected":false},"featured_media":47653,"comment_status":"open","ping_status":"closed","template":"","meta":[],"product_brand":[],"product_cat":[55],"product_tag":[],"class_list":{"0":"post-47652","1":"product","2":"type-product","3":"status-publish","4":"has-post-thumbnail","6":"product_cat-e38","8":"first","9":"instock","10":"shipping-taxable","11":"purchasable","12":"product-type-simple"},"yoast_head":"<!-- This site is optimized with the Yoast SEO Premium plugin v25.2 (Yoast SEO v27.5) - https:\/\/yoast.com\/product\/yoast-seo-premium-wordpress\/ -->\n<title>BMW 7 E38 94-01 variklio alsuoklio vo\u017etuvas - Erformance.eu<\/title>\n<meta name=\"robots\" content=\"index, follow, max-snippet:-1, max-image-preview:large, max-video-preview:-1\" \/>\n<link rel=\"canonical\" href=\"https:\/\/erformance.eu\/lv\/produkts\/bmw-7-e38-94-01-variklio-alsuoklio-voztuvas\/\" \/>\n<meta property=\"og:locale\" content=\"lv_LV\" \/>\n<meta property=\"og:type\" content=\"article\" \/>\n<meta property=\"og:title\" content=\"BMW 7 E38 94-01 variklio alsuoklio vo\u017etuvas\" \/>\n<meta property=\"og:description\" content=\"1. Prek\u0117 \u2013 Variklio alsuoklio vo\u017etuvas 2. Tiek\u0117jas - ERformance 3. Tinkama:, BMW 7 E38 94-01, BMW 5 E39 96-03\" \/>\n<meta property=\"og:url\" content=\"https:\/\/erformance.eu\/lv\/produkts\/bmw-7-e38-94-01-variklio-alsuoklio-voztuvas\/\" \/>\n<meta property=\"og:site_name\" content=\"Erformance.eu\" \/>\n<meta property=\"article:modified_time\" content=\"2026-03-02T16:15:43+00:00\" \/>\n<meta property=\"og:image\" content=\"https:\/\/erformance.eu\/wp-content\/uploads\/2026\/01\/pol_pm_BMW-7-E38-94-01-zawor-odpowietrzajacy-silnika-5675_1.webp\" \/>\n\t<meta property=\"og:image:width\" content=\"800\" \/>\n\t<meta property=\"og:image:height\" content=\"600\" \/>\n\t<meta property=\"og:image:type\" content=\"image\/webp\" \/>\n<meta name=\"twitter:card\" content=\"summary_large_image\" \/>\n<meta name=\"twitter:label1\" content=\"Est. reading time\" \/>\n\t<meta name=\"twitter:data1\" content=\"1 min\u016b\u0161u\" \/>\n<script type=\"application\/ld+json\" class=\"yoast-schema-graph\">{\"@context\":\"https:\\\/\\\/schema.org\",\"@graph\":[{\"@type\":\"WebPage\",\"@id\":\"https:\\\/\\\/erformance.eu\\\/lv\\\/produkts\\\/bmw-7-e38-94-01-variklio-alsuoklio-voztuvas\\\/\",\"url\":\"https:\\\/\\\/erformance.eu\\\/lv\\\/produkts\\\/bmw-7-e38-94-01-variklio-alsuoklio-voztuvas\\\/\",\"name\":\"BMW 7 E38 94-01 variklio alsuoklio vo\u017etuvas - Erformance.eu\",\"isPartOf\":{\"@id\":\"https:\\\/\\\/erformance.eu\\\/lv\\\/#website\"},\"primaryImageOfPage\":{\"@id\":\"https:\\\/\\\/erformance.eu\\\/lv\\\/produkts\\\/bmw-7-e38-94-01-variklio-alsuoklio-voztuvas\\\/#primaryimage\"},\"image\":{\"@id\":\"https:\\\/\\\/erformance.eu\\\/lv\\\/produkts\\\/bmw-7-e38-94-01-variklio-alsuoklio-voztuvas\\\/#primaryimage\"},\"thumbnailUrl\":\"https:\\\/\\\/erformance.eu\\\/wp-content\\\/uploads\\\/2026\\\/01\\\/pol_pm_BMW-7-E38-94-01-zawor-odpowietrzajacy-silnika-5675_1.webp\",\"datePublished\":\"2026-01-09T08:37:33+00:00\",\"dateModified\":\"2026-03-02T16:15:43+00:00\",\"breadcrumb\":{\"@id\":\"https:\\\/\\\/erformance.eu\\\/lv\\\/produkts\\\/bmw-7-e38-94-01-variklio-alsuoklio-voztuvas\\\/#breadcrumb\"},\"inLanguage\":\"lv-LV\",\"potentialAction\":[{\"@type\":\"ReadAction\",\"target\":[\"https:\\\/\\\/erformance.eu\\\/lv\\\/produkts\\\/bmw-7-e38-94-01-variklio-alsuoklio-voztuvas\\\/\"]}]},{\"@type\":\"ImageObject\",\"inLanguage\":\"lv-LV\",\"@id\":\"https:\\\/\\\/erformance.eu\\\/lv\\\/produkts\\\/bmw-7-e38-94-01-variklio-alsuoklio-voztuvas\\\/#primaryimage\",\"url\":\"https:\\\/\\\/erformance.eu\\\/wp-content\\\/uploads\\\/2026\\\/01\\\/pol_pm_BMW-7-E38-94-01-zawor-odpowietrzajacy-silnika-5675_1.webp\",\"contentUrl\":\"https:\\\/\\\/erformance.eu\\\/wp-content\\\/uploads\\\/2026\\\/01\\\/pol_pm_BMW-7-E38-94-01-zawor-odpowietrzajacy-silnika-5675_1.webp\",\"width\":800,\"height\":600},{\"@type\":\"BreadcrumbList\",\"@id\":\"https:\\\/\\\/erformance.eu\\\/lv\\\/produkts\\\/bmw-7-e38-94-01-variklio-alsuoklio-voztuvas\\\/#breadcrumb\",\"itemListElement\":[{\"@type\":\"ListItem\",\"position\":1,\"name\":\"Home\",\"item\":\"https:\\\/\\\/erformance.eu\\\/lv\\\/\"},{\"@type\":\"ListItem\",\"position\":2,\"name\":\"Veikals\",\"item\":\"https:\\\/\\\/erformance.eu\\\/lv\\\/veikals\\\/\"},{\"@type\":\"ListItem\",\"position\":3,\"name\":\"BMW 7 E38 94-01 variklio alsuoklio vo\u017etuvas\"}]},{\"@type\":\"WebSite\",\"@id\":\"https:\\\/\\\/erformance.eu\\\/lv\\\/#website\",\"url\":\"https:\\\/\\\/erformance.eu\\\/lv\\\/\",\"name\":\"Erformance.eu\",\"description\":\"Automobili\u0173 dali\u0173 parduotuv\u0117\",\"potentialAction\":[{\"@type\":\"SearchAction\",\"target\":{\"@type\":\"EntryPoint\",\"urlTemplate\":\"https:\\\/\\\/erformance.eu\\\/lv\\\/?s={search_term_string}\"},\"query-input\":{\"@type\":\"PropertyValueSpecification\",\"valueRequired\":true,\"valueName\":\"search_term_string\"}}],\"inLanguage\":\"lv-LV\"}]}<\/script>\n<!-- \/ Yoast SEO Premium plugin. -->","yoast_head_json":{"title":"BMW 7 E38 94-01 variklio alsuoklio vo\u017etuvas - Erformance.eu","robots":{"index":"index","follow":"follow","max-snippet":"max-snippet:-1","max-image-preview":"max-image-preview:large","max-video-preview":"max-video-preview:-1"},"canonical":"https:\/\/erformance.eu\/lv\/produkts\/bmw-7-e38-94-01-variklio-alsuoklio-voztuvas\/","og_locale":"lv_LV","og_type":"article","og_title":"BMW 7 E38 94-01 variklio alsuoklio vo\u017etuvas","og_description":"1. Prek\u0117 \u2013 Variklio alsuoklio vo\u017etuvas 2. Tiek\u0117jas - ERformance 3. Tinkama:, BMW 7 E38 94-01, BMW 5 E39 96-03","og_url":"https:\/\/erformance.eu\/lv\/produkts\/bmw-7-e38-94-01-variklio-alsuoklio-voztuvas\/","og_site_name":"Erformance.eu","article_modified_time":"2026-03-02T16:15:43+00:00","og_image":[{"width":800,"height":600,"url":"https:\/\/erformance.eu\/wp-content\/uploads\/2026\/01\/pol_pm_BMW-7-E38-94-01-zawor-odpowietrzajacy-silnika-5675_1.webp","type":"image\/webp"}],"twitter_card":"summary_large_image","twitter_misc":{"Est. reading time":"1 min\u016b\u0161u"},"schema":{"@context":"https:\/\/schema.org","@graph":[{"@type":"WebPage","@id":"https:\/\/erformance.eu\/lv\/produkts\/bmw-7-e38-94-01-variklio-alsuoklio-voztuvas\/","url":"https:\/\/erformance.eu\/lv\/produkts\/bmw-7-e38-94-01-variklio-alsuoklio-voztuvas\/","name":"BMW 7 E38 94-01 variklio alsuoklio vo\u017etuvas - Erformance.eu","isPartOf":{"@id":"https:\/\/erformance.eu\/lv\/#website"},"primaryImageOfPage":{"@id":"https:\/\/erformance.eu\/lv\/produkts\/bmw-7-e38-94-01-variklio-alsuoklio-voztuvas\/#primaryimage"},"image":{"@id":"https:\/\/erformance.eu\/lv\/produkts\/bmw-7-e38-94-01-variklio-alsuoklio-voztuvas\/#primaryimage"},"thumbnailUrl":"https:\/\/erformance.eu\/wp-content\/uploads\/2026\/01\/pol_pm_BMW-7-E38-94-01-zawor-odpowietrzajacy-silnika-5675_1.webp","datePublished":"2026-01-09T08:37:33+00:00","dateModified":"2026-03-02T16:15:43+00:00","breadcrumb":{"@id":"https:\/\/erformance.eu\/lv\/produkts\/bmw-7-e38-94-01-variklio-alsuoklio-voztuvas\/#breadcrumb"},"inLanguage":"lv-LV","potentialAction":[{"@type":"ReadAction","target":["https:\/\/erformance.eu\/lv\/produkts\/bmw-7-e38-94-01-variklio-alsuoklio-voztuvas\/"]}]},{"@type":"ImageObject","inLanguage":"lv-LV","@id":"https:\/\/erformance.eu\/lv\/produkts\/bmw-7-e38-94-01-variklio-alsuoklio-voztuvas\/#primaryimage","url":"https:\/\/erformance.eu\/wp-content\/uploads\/2026\/01\/pol_pm_BMW-7-E38-94-01-zawor-odpowietrzajacy-silnika-5675_1.webp","contentUrl":"https:\/\/erformance.eu\/wp-content\/uploads\/2026\/01\/pol_pm_BMW-7-E38-94-01-zawor-odpowietrzajacy-silnika-5675_1.webp","width":800,"height":600},{"@type":"BreadcrumbList","@id":"https:\/\/erformance.eu\/lv\/produkts\/bmw-7-e38-94-01-variklio-alsuoklio-voztuvas\/#breadcrumb","itemListElement":[{"@type":"ListItem","position":1,"name":"Home","item":"https:\/\/erformance.eu\/lv\/"},{"@type":"ListItem","position":2,"name":"Veikals","item":"https:\/\/erformance.eu\/lv\/veikals\/"},{"@type":"ListItem","position":3,"name":"BMW 7 E38 94-01 variklio alsuoklio vo\u017etuvas"}]},{"@type":"WebSite","@id":"https:\/\/erformance.eu\/lv\/#website","url":"https:\/\/erformance.eu\/lv\/","name":"Erformance.eu","description":"Automobili\u0173 dali\u0173 parduotuv\u0117","potentialAction":[{"@type":"SearchAction","target":{"@type":"EntryPoint","urlTemplate":"https:\/\/erformance.eu\/lv\/?s={search_term_string}"},"query-input":{"@type":"PropertyValueSpecification","valueRequired":true,"valueName":"search_term_string"}}],"inLanguage":"lv-LV"}]}},"jetpack_sharing_enabled":true,"_links":{"self":[{"href":"https:\/\/erformance.eu\/lv\/wp-json\/wp\/v2\/product\/47652","targetHints":{"allow":["GET"]}}],"collection":[{"href":"https:\/\/erformance.eu\/lv\/wp-json\/wp\/v2\/product"}],"about":[{"href":"https:\/\/erformance.eu\/lv\/wp-json\/wp\/v2\/types\/product"}],"replies":[{"embeddable":true,"href":"https:\/\/erformance.eu\/lv\/wp-json\/wp\/v2\/comments?post=47652"}],"version-history":[{"count":2,"href":"https:\/\/erformance.eu\/lv\/wp-json\/wp\/v2\/product\/47652\/revisions"}],"predecessor-version":[{"id":65664,"href":"https:\/\/erformance.eu\/lv\/wp-json\/wp\/v2\/product\/47652\/revisions\/65664"}],"wp:featuredmedia":[{"embeddable":true,"href":"https:\/\/erformance.eu\/lv\/wp-json\/wp\/v2\/media\/47653"}],"wp:attachment":[{"href":"https:\/\/erformance.eu\/lv\/wp-json\/wp\/v2\/media?parent=47652"}],"wp:term":[{"taxonomy":"product_brand","embeddable":true,"href":"https:\/\/erformance.eu\/lv\/wp-json\/wp\/v2\/product_brand?post=47652"},{"taxonomy":"product_cat","embeddable":true,"href":"https:\/\/erformance.eu\/lv\/wp-json\/wp\/v2\/product_cat?post=47652"},{"taxonomy":"product_tag","embeddable":true,"href":"https:\/\/erformance.eu\/lv\/wp-json\/wp\/v2\/product_tag?post=47652"}],"curies":[{"name":"wp","href":"https:\/\/api.w.org\/{rel}","templated":true}]}}