{"id":47974,"date":"2026-01-09T11:39:24","date_gmt":"2026-01-09T08:39:24","guid":{"rendered":"https:\/\/erformance.eu\/?post_type=product&#038;p=47974"},"modified":"2026-02-12T02:56:17","modified_gmt":"2026-02-11T23:56:17","slug":"bmw-3-e36-fl-96-99-led-soniniu-posukiu-zibintu-rinkinys-smoked-dynamic-2-vnt","status":"publish","type":"product","link":"https:\/\/erformance.eu\/lv\/produkts\/bmw-3-e36-fl-96-99-led-soniniu-posukiu-zibintu-rinkinys-smoked-dynamic-2-vnt\/","title":{"rendered":"BMW 3 E36 FL 96-99 LED \u0161onini\u0173 pos\u016bki\u0173 \u017eibint\u0173 rinkinys \u201eSMOKED DYNAMIC\u201c, 2 vnt."},"content":{"rendered":"","protected":false},"excerpt":{"rendered":"<p>1. Prek\u0117 \u2013 1 pora (2 vnt.) dinamini\u0173 LED \u0161onini\u0173 pos\u016bkio signal\u0173<br \/>\n2. \u0160onin\u0117 pus\u0117: kair\u0117 + de\u0161in\u0117<br \/>\n3. Tiek\u0117jas &#8211; ERformance<br \/>\n4. Tinkama: BMW 3 E36 FL (atnaujintas)<br \/>\n5. Pagaminimo metai: 1996\u20131999<\/p>\n","protected":false},"featured_media":47975,"comment_status":"open","ping_status":"closed","template":"","meta":[],"product_brand":[],"product_cat":[44],"product_tag":[],"class_list":{"0":"post-47974","1":"product","2":"type-product","3":"status-publish","4":"has-post-thumbnail","6":"product_cat-e36","8":"first","9":"instock","10":"shipping-taxable","11":"purchasable","12":"product-type-simple"},"yoast_head":"<!-- This site is optimized with the Yoast SEO Premium plugin v25.2 (Yoast SEO v27.3) - https:\/\/yoast.com\/product\/yoast-seo-premium-wordpress\/ -->\n<title>BMW 3 E36 FL 96-99 LED \u0161onini\u0173 pos\u016bki\u0173 \u017eibint\u0173 rinkinys \u201eSMOKED DYNAMIC\u201c, 2 vnt. - Erformance.eu<\/title>\n<meta name=\"robots\" content=\"index, follow, max-snippet:-1, max-image-preview:large, max-video-preview:-1\" \/>\n<link rel=\"canonical\" href=\"https:\/\/erformance.eu\/lv\/produkts\/bmw-3-e36-fl-96-99-led-soniniu-posukiu-zibintu-rinkinys-smoked-dynamic-2-vnt\/\" \/>\n<meta property=\"og:locale\" content=\"lv_LV\" \/>\n<meta property=\"og:type\" content=\"article\" \/>\n<meta property=\"og:title\" content=\"BMW 3 E36 FL 96-99 LED \u0161onini\u0173 pos\u016bki\u0173 \u017eibint\u0173 rinkinys \u201eSMOKED DYNAMIC\u201c, 2 vnt.\" \/>\n<meta property=\"og:description\" content=\"1. Prek\u0117 \u2013 1 pora (2 vnt.) dinamini\u0173 LED \u0161onini\u0173 pos\u016bkio signal\u0173 2. \u0160onin\u0117 pus\u0117: kair\u0117 + de\u0161in\u0117 3. Tiek\u0117jas - ERformance 4. Tinkama: BMW 3 E36 FL (atnaujintas) 5. Pagaminimo metai: 1996\u20131999\" \/>\n<meta property=\"og:url\" content=\"https:\/\/erformance.eu\/lv\/produkts\/bmw-3-e36-fl-96-99-led-soniniu-posukiu-zibintu-rinkinys-smoked-dynamic-2-vnt\/\" \/>\n<meta property=\"og:site_name\" content=\"Erformance.eu\" \/>\n<meta property=\"article:modified_time\" content=\"2026-02-11T23:56:17+00:00\" \/>\n<meta property=\"og:image\" content=\"https:\/\/erformance.eu\/wp-content\/uploads\/2026\/01\/pol_pm_BMW-3-E36-FL-96-99-kierunkowskaz-boczny-LED-DYMIONY-DYNAMICZNY-2-szt-KPL-24937_3.jpg\" \/>\n\t<meta property=\"og:image:width\" content=\"1200\" \/>\n\t<meta property=\"og:image:height\" content=\"1200\" \/>\n\t<meta property=\"og:image:type\" content=\"image\/jpeg\" \/>\n<meta name=\"twitter:card\" content=\"summary_large_image\" \/>\n<meta name=\"twitter:label1\" content=\"Est. reading time\" \/>\n\t<meta name=\"twitter:data1\" content=\"1 min\u016b\u0161u\" \/>\n<script type=\"application\/ld+json\" class=\"yoast-schema-graph\">{\"@context\":\"https:\\\/\\\/schema.org\",\"@graph\":[{\"@type\":\"WebPage\",\"@id\":\"https:\\\/\\\/erformance.eu\\\/lv\\\/produkts\\\/bmw-3-e36-fl-96-99-led-soniniu-posukiu-zibintu-rinkinys-smoked-dynamic-2-vnt\\\/\",\"url\":\"https:\\\/\\\/erformance.eu\\\/lv\\\/produkts\\\/bmw-3-e36-fl-96-99-led-soniniu-posukiu-zibintu-rinkinys-smoked-dynamic-2-vnt\\\/\",\"name\":\"BMW 3 E36 FL 96-99 LED \u0161onini\u0173 pos\u016bki\u0173 \u017eibint\u0173 rinkinys \u201eSMOKED DYNAMIC\u201c, 2 vnt. - Erformance.eu\",\"isPartOf\":{\"@id\":\"https:\\\/\\\/erformance.eu\\\/lv\\\/#website\"},\"primaryImageOfPage\":{\"@id\":\"https:\\\/\\\/erformance.eu\\\/lv\\\/produkts\\\/bmw-3-e36-fl-96-99-led-soniniu-posukiu-zibintu-rinkinys-smoked-dynamic-2-vnt\\\/#primaryimage\"},\"image\":{\"@id\":\"https:\\\/\\\/erformance.eu\\\/lv\\\/produkts\\\/bmw-3-e36-fl-96-99-led-soniniu-posukiu-zibintu-rinkinys-smoked-dynamic-2-vnt\\\/#primaryimage\"},\"thumbnailUrl\":\"https:\\\/\\\/erformance.eu\\\/wp-content\\\/uploads\\\/2026\\\/01\\\/pol_pm_BMW-3-E36-FL-96-99-kierunkowskaz-boczny-LED-DYMIONY-DYNAMICZNY-2-szt-KPL-24937_3.jpg\",\"datePublished\":\"2026-01-09T08:39:24+00:00\",\"dateModified\":\"2026-02-11T23:56:17+00:00\",\"breadcrumb\":{\"@id\":\"https:\\\/\\\/erformance.eu\\\/lv\\\/produkts\\\/bmw-3-e36-fl-96-99-led-soniniu-posukiu-zibintu-rinkinys-smoked-dynamic-2-vnt\\\/#breadcrumb\"},\"inLanguage\":\"lv-LV\",\"potentialAction\":[{\"@type\":\"ReadAction\",\"target\":[\"https:\\\/\\\/erformance.eu\\\/lv\\\/produkts\\\/bmw-3-e36-fl-96-99-led-soniniu-posukiu-zibintu-rinkinys-smoked-dynamic-2-vnt\\\/\"]}]},{\"@type\":\"ImageObject\",\"inLanguage\":\"lv-LV\",\"@id\":\"https:\\\/\\\/erformance.eu\\\/lv\\\/produkts\\\/bmw-3-e36-fl-96-99-led-soniniu-posukiu-zibintu-rinkinys-smoked-dynamic-2-vnt\\\/#primaryimage\",\"url\":\"https:\\\/\\\/erformance.eu\\\/wp-content\\\/uploads\\\/2026\\\/01\\\/pol_pm_BMW-3-E36-FL-96-99-kierunkowskaz-boczny-LED-DYMIONY-DYNAMICZNY-2-szt-KPL-24937_3.jpg\",\"contentUrl\":\"https:\\\/\\\/erformance.eu\\\/wp-content\\\/uploads\\\/2026\\\/01\\\/pol_pm_BMW-3-E36-FL-96-99-kierunkowskaz-boczny-LED-DYMIONY-DYNAMICZNY-2-szt-KPL-24937_3.jpg\",\"width\":1200,\"height\":1200},{\"@type\":\"BreadcrumbList\",\"@id\":\"https:\\\/\\\/erformance.eu\\\/lv\\\/produkts\\\/bmw-3-e36-fl-96-99-led-soniniu-posukiu-zibintu-rinkinys-smoked-dynamic-2-vnt\\\/#breadcrumb\",\"itemListElement\":[{\"@type\":\"ListItem\",\"position\":1,\"name\":\"Home\",\"item\":\"https:\\\/\\\/erformance.eu\\\/lv\\\/\"},{\"@type\":\"ListItem\",\"position\":2,\"name\":\"Veikals\",\"item\":\"https:\\\/\\\/erformance.eu\\\/lv\\\/veikals\\\/\"},{\"@type\":\"ListItem\",\"position\":3,\"name\":\"BMW 3 E36 FL 96-99 LED \u0161onini\u0173 pos\u016bki\u0173 \u017eibint\u0173 rinkinys \u201eSMOKED DYNAMIC\u201c, 2 vnt.\"}]},{\"@type\":\"WebSite\",\"@id\":\"https:\\\/\\\/erformance.eu\\\/lv\\\/#website\",\"url\":\"https:\\\/\\\/erformance.eu\\\/lv\\\/\",\"name\":\"Erformance.eu\",\"description\":\"Automobili\u0173 dali\u0173 parduotuv\u0117\",\"potentialAction\":[{\"@type\":\"SearchAction\",\"target\":{\"@type\":\"EntryPoint\",\"urlTemplate\":\"https:\\\/\\\/erformance.eu\\\/lv\\\/?s={search_term_string}\"},\"query-input\":{\"@type\":\"PropertyValueSpecification\",\"valueRequired\":true,\"valueName\":\"search_term_string\"}}],\"inLanguage\":\"lv-LV\"}]}<\/script>\n<!-- \/ Yoast SEO Premium plugin. -->","yoast_head_json":{"title":"BMW 3 E36 FL 96-99 LED \u0161onini\u0173 pos\u016bki\u0173 \u017eibint\u0173 rinkinys \u201eSMOKED DYNAMIC\u201c, 2 vnt. - Erformance.eu","robots":{"index":"index","follow":"follow","max-snippet":"max-snippet:-1","max-image-preview":"max-image-preview:large","max-video-preview":"max-video-preview:-1"},"canonical":"https:\/\/erformance.eu\/lv\/produkts\/bmw-3-e36-fl-96-99-led-soniniu-posukiu-zibintu-rinkinys-smoked-dynamic-2-vnt\/","og_locale":"lv_LV","og_type":"article","og_title":"BMW 3 E36 FL 96-99 LED \u0161onini\u0173 pos\u016bki\u0173 \u017eibint\u0173 rinkinys \u201eSMOKED DYNAMIC\u201c, 2 vnt.","og_description":"1. Prek\u0117 \u2013 1 pora (2 vnt.) dinamini\u0173 LED \u0161onini\u0173 pos\u016bkio signal\u0173 2. \u0160onin\u0117 pus\u0117: kair\u0117 + de\u0161in\u0117 3. Tiek\u0117jas - ERformance 4. Tinkama: BMW 3 E36 FL (atnaujintas) 5. Pagaminimo metai: 1996\u20131999","og_url":"https:\/\/erformance.eu\/lv\/produkts\/bmw-3-e36-fl-96-99-led-soniniu-posukiu-zibintu-rinkinys-smoked-dynamic-2-vnt\/","og_site_name":"Erformance.eu","article_modified_time":"2026-02-11T23:56:17+00:00","og_image":[{"width":1200,"height":1200,"url":"https:\/\/erformance.eu\/wp-content\/uploads\/2026\/01\/pol_pm_BMW-3-E36-FL-96-99-kierunkowskaz-boczny-LED-DYMIONY-DYNAMICZNY-2-szt-KPL-24937_3.jpg","type":"image\/jpeg"}],"twitter_card":"summary_large_image","twitter_misc":{"Est. reading time":"1 min\u016b\u0161u"},"schema":{"@context":"https:\/\/schema.org","@graph":[{"@type":"WebPage","@id":"https:\/\/erformance.eu\/lv\/produkts\/bmw-3-e36-fl-96-99-led-soniniu-posukiu-zibintu-rinkinys-smoked-dynamic-2-vnt\/","url":"https:\/\/erformance.eu\/lv\/produkts\/bmw-3-e36-fl-96-99-led-soniniu-posukiu-zibintu-rinkinys-smoked-dynamic-2-vnt\/","name":"BMW 3 E36 FL 96-99 LED \u0161onini\u0173 pos\u016bki\u0173 \u017eibint\u0173 rinkinys \u201eSMOKED DYNAMIC\u201c, 2 vnt. - Erformance.eu","isPartOf":{"@id":"https:\/\/erformance.eu\/lv\/#website"},"primaryImageOfPage":{"@id":"https:\/\/erformance.eu\/lv\/produkts\/bmw-3-e36-fl-96-99-led-soniniu-posukiu-zibintu-rinkinys-smoked-dynamic-2-vnt\/#primaryimage"},"image":{"@id":"https:\/\/erformance.eu\/lv\/produkts\/bmw-3-e36-fl-96-99-led-soniniu-posukiu-zibintu-rinkinys-smoked-dynamic-2-vnt\/#primaryimage"},"thumbnailUrl":"https:\/\/erformance.eu\/wp-content\/uploads\/2026\/01\/pol_pm_BMW-3-E36-FL-96-99-kierunkowskaz-boczny-LED-DYMIONY-DYNAMICZNY-2-szt-KPL-24937_3.jpg","datePublished":"2026-01-09T08:39:24+00:00","dateModified":"2026-02-11T23:56:17+00:00","breadcrumb":{"@id":"https:\/\/erformance.eu\/lv\/produkts\/bmw-3-e36-fl-96-99-led-soniniu-posukiu-zibintu-rinkinys-smoked-dynamic-2-vnt\/#breadcrumb"},"inLanguage":"lv-LV","potentialAction":[{"@type":"ReadAction","target":["https:\/\/erformance.eu\/lv\/produkts\/bmw-3-e36-fl-96-99-led-soniniu-posukiu-zibintu-rinkinys-smoked-dynamic-2-vnt\/"]}]},{"@type":"ImageObject","inLanguage":"lv-LV","@id":"https:\/\/erformance.eu\/lv\/produkts\/bmw-3-e36-fl-96-99-led-soniniu-posukiu-zibintu-rinkinys-smoked-dynamic-2-vnt\/#primaryimage","url":"https:\/\/erformance.eu\/wp-content\/uploads\/2026\/01\/pol_pm_BMW-3-E36-FL-96-99-kierunkowskaz-boczny-LED-DYMIONY-DYNAMICZNY-2-szt-KPL-24937_3.jpg","contentUrl":"https:\/\/erformance.eu\/wp-content\/uploads\/2026\/01\/pol_pm_BMW-3-E36-FL-96-99-kierunkowskaz-boczny-LED-DYMIONY-DYNAMICZNY-2-szt-KPL-24937_3.jpg","width":1200,"height":1200},{"@type":"BreadcrumbList","@id":"https:\/\/erformance.eu\/lv\/produkts\/bmw-3-e36-fl-96-99-led-soniniu-posukiu-zibintu-rinkinys-smoked-dynamic-2-vnt\/#breadcrumb","itemListElement":[{"@type":"ListItem","position":1,"name":"Home","item":"https:\/\/erformance.eu\/lv\/"},{"@type":"ListItem","position":2,"name":"Veikals","item":"https:\/\/erformance.eu\/lv\/veikals\/"},{"@type":"ListItem","position":3,"name":"BMW 3 E36 FL 96-99 LED \u0161onini\u0173 pos\u016bki\u0173 \u017eibint\u0173 rinkinys \u201eSMOKED DYNAMIC\u201c, 2 vnt."}]},{"@type":"WebSite","@id":"https:\/\/erformance.eu\/lv\/#website","url":"https:\/\/erformance.eu\/lv\/","name":"Erformance.eu","description":"Automobili\u0173 dali\u0173 parduotuv\u0117","potentialAction":[{"@type":"SearchAction","target":{"@type":"EntryPoint","urlTemplate":"https:\/\/erformance.eu\/lv\/?s={search_term_string}"},"query-input":{"@type":"PropertyValueSpecification","valueRequired":true,"valueName":"search_term_string"}}],"inLanguage":"lv-LV"}]}},"jetpack_sharing_enabled":true,"_links":{"self":[{"href":"https:\/\/erformance.eu\/lv\/wp-json\/wp\/v2\/product\/47974","targetHints":{"allow":["GET"]}}],"collection":[{"href":"https:\/\/erformance.eu\/lv\/wp-json\/wp\/v2\/product"}],"about":[{"href":"https:\/\/erformance.eu\/lv\/wp-json\/wp\/v2\/types\/product"}],"replies":[{"embeddable":true,"href":"https:\/\/erformance.eu\/lv\/wp-json\/wp\/v2\/comments?post=47974"}],"version-history":[{"count":1,"href":"https:\/\/erformance.eu\/lv\/wp-json\/wp\/v2\/product\/47974\/revisions"}],"predecessor-version":[{"id":47987,"href":"https:\/\/erformance.eu\/lv\/wp-json\/wp\/v2\/product\/47974\/revisions\/47987"}],"wp:featuredmedia":[{"embeddable":true,"href":"https:\/\/erformance.eu\/lv\/wp-json\/wp\/v2\/media\/47975"}],"wp:attachment":[{"href":"https:\/\/erformance.eu\/lv\/wp-json\/wp\/v2\/media?parent=47974"}],"wp:term":[{"taxonomy":"product_brand","embeddable":true,"href":"https:\/\/erformance.eu\/lv\/wp-json\/wp\/v2\/product_brand?post=47974"},{"taxonomy":"product_cat","embeddable":true,"href":"https:\/\/erformance.eu\/lv\/wp-json\/wp\/v2\/product_cat?post=47974"},{"taxonomy":"product_tag","embeddable":true,"href":"https:\/\/erformance.eu\/lv\/wp-json\/wp\/v2\/product_tag?post=47974"}],"curies":[{"name":"wp","href":"https:\/\/api.w.org\/{rel}","templated":true}]}}