{"id":48235,"date":"2026-01-09T11:40:52","date_gmt":"2026-01-09T08:40:52","guid":{"rendered":"https:\/\/erformance.eu\/?post_type=product&#038;p=48235"},"modified":"2026-02-24T14:00:35","modified_gmt":"2026-02-24T11:00:35","slug":"bmw-5-e34-88-96-1-8i-variklio-alsuoklio-voztuvas","status":"publish","type":"product","link":"https:\/\/erformance.eu\/lv\/produkts\/bmw-5-e34-88-96-1-8i-variklio-alsuoklio-voztuvas\/","title":{"rendered":"BMW 5 E34 88-96 1.8i variklio alsuoklio vo\u017etuvas"},"content":{"rendered":"","protected":false},"excerpt":{"rendered":"<p>1. Prek\u0117 \u2013 Variklio alsuoklio vo\u017etuvas<br \/>\n2. Tiek\u0117jas &#8211; ERformance<br \/>\n3. Tinkama:, BMW 5 E34 88-96, BMW 3 E36 90-99, BMW 3 E46 98-04<\/p>\n","protected":false},"featured_media":0,"comment_status":"open","ping_status":"closed","template":"","meta":[],"product_brand":[],"product_cat":[366],"product_tag":[],"class_list":{"0":"post-48235","1":"product","2":"type-product","3":"status-publish","5":"product_cat-e34","7":"first","8":"instock","9":"shipping-taxable","10":"purchasable","11":"product-type-simple"},"yoast_head":"<!-- This site is optimized with the Yoast SEO Premium plugin v25.2 (Yoast SEO v27.4) - https:\/\/yoast.com\/product\/yoast-seo-premium-wordpress\/ -->\n<title>BMW 5 E34 88-96 1.8i variklio alsuoklio vo\u017etuvas - Erformance.eu<\/title>\n<meta name=\"robots\" content=\"index, follow, max-snippet:-1, max-image-preview:large, max-video-preview:-1\" \/>\n<link rel=\"canonical\" href=\"https:\/\/erformance.eu\/lv\/produkts\/bmw-5-e34-88-96-1-8i-variklio-alsuoklio-voztuvas\/\" \/>\n<meta property=\"og:locale\" content=\"lv_LV\" \/>\n<meta property=\"og:type\" content=\"article\" \/>\n<meta property=\"og:title\" content=\"BMW 5 E34 88-96 1.8i variklio alsuoklio vo\u017etuvas\" \/>\n<meta property=\"og:description\" content=\"1. Prek\u0117 \u2013 Variklio alsuoklio vo\u017etuvas 2. Tiek\u0117jas - ERformance 3. Tinkama:, BMW 5 E34 88-96, BMW 3 E36 90-99, BMW 3 E46 98-04\" \/>\n<meta property=\"og:url\" content=\"https:\/\/erformance.eu\/lv\/produkts\/bmw-5-e34-88-96-1-8i-variklio-alsuoklio-voztuvas\/\" \/>\n<meta property=\"og:site_name\" content=\"Erformance.eu\" \/>\n<meta property=\"article:modified_time\" content=\"2026-02-24T11:00:35+00:00\" \/>\n<meta name=\"twitter:card\" content=\"summary_large_image\" \/>\n<script type=\"application\/ld+json\" class=\"yoast-schema-graph\">{\"@context\":\"https:\\\/\\\/schema.org\",\"@graph\":[{\"@type\":\"WebPage\",\"@id\":\"https:\\\/\\\/erformance.eu\\\/lv\\\/produkts\\\/bmw-5-e34-88-96-1-8i-variklio-alsuoklio-voztuvas\\\/\",\"url\":\"https:\\\/\\\/erformance.eu\\\/lv\\\/produkts\\\/bmw-5-e34-88-96-1-8i-variklio-alsuoklio-voztuvas\\\/\",\"name\":\"BMW 5 E34 88-96 1.8i variklio alsuoklio vo\u017etuvas - Erformance.eu\",\"isPartOf\":{\"@id\":\"https:\\\/\\\/erformance.eu\\\/lv\\\/#website\"},\"datePublished\":\"2026-01-09T08:40:52+00:00\",\"dateModified\":\"2026-02-24T11:00:35+00:00\",\"breadcrumb\":{\"@id\":\"https:\\\/\\\/erformance.eu\\\/lv\\\/produkts\\\/bmw-5-e34-88-96-1-8i-variklio-alsuoklio-voztuvas\\\/#breadcrumb\"},\"inLanguage\":\"lv-LV\",\"potentialAction\":[{\"@type\":\"ReadAction\",\"target\":[\"https:\\\/\\\/erformance.eu\\\/lv\\\/produkts\\\/bmw-5-e34-88-96-1-8i-variklio-alsuoklio-voztuvas\\\/\"]}]},{\"@type\":\"BreadcrumbList\",\"@id\":\"https:\\\/\\\/erformance.eu\\\/lv\\\/produkts\\\/bmw-5-e34-88-96-1-8i-variklio-alsuoklio-voztuvas\\\/#breadcrumb\",\"itemListElement\":[{\"@type\":\"ListItem\",\"position\":1,\"name\":\"Home\",\"item\":\"https:\\\/\\\/erformance.eu\\\/lv\\\/\"},{\"@type\":\"ListItem\",\"position\":2,\"name\":\"Veikals\",\"item\":\"https:\\\/\\\/erformance.eu\\\/lv\\\/veikals\\\/\"},{\"@type\":\"ListItem\",\"position\":3,\"name\":\"BMW 5 E34 88-96 1.8i variklio alsuoklio vo\u017etuvas\"}]},{\"@type\":\"WebSite\",\"@id\":\"https:\\\/\\\/erformance.eu\\\/lv\\\/#website\",\"url\":\"https:\\\/\\\/erformance.eu\\\/lv\\\/\",\"name\":\"Erformance.eu\",\"description\":\"Automobili\u0173 dali\u0173 parduotuv\u0117\",\"potentialAction\":[{\"@type\":\"SearchAction\",\"target\":{\"@type\":\"EntryPoint\",\"urlTemplate\":\"https:\\\/\\\/erformance.eu\\\/lv\\\/?s={search_term_string}\"},\"query-input\":{\"@type\":\"PropertyValueSpecification\",\"valueRequired\":true,\"valueName\":\"search_term_string\"}}],\"inLanguage\":\"lv-LV\"}]}<\/script>\n<!-- \/ Yoast SEO Premium plugin. -->","yoast_head_json":{"title":"BMW 5 E34 88-96 1.8i variklio alsuoklio vo\u017etuvas - Erformance.eu","robots":{"index":"index","follow":"follow","max-snippet":"max-snippet:-1","max-image-preview":"max-image-preview:large","max-video-preview":"max-video-preview:-1"},"canonical":"https:\/\/erformance.eu\/lv\/produkts\/bmw-5-e34-88-96-1-8i-variklio-alsuoklio-voztuvas\/","og_locale":"lv_LV","og_type":"article","og_title":"BMW 5 E34 88-96 1.8i variklio alsuoklio vo\u017etuvas","og_description":"1. Prek\u0117 \u2013 Variklio alsuoklio vo\u017etuvas 2. Tiek\u0117jas - ERformance 3. Tinkama:, BMW 5 E34 88-96, BMW 3 E36 90-99, BMW 3 E46 98-04","og_url":"https:\/\/erformance.eu\/lv\/produkts\/bmw-5-e34-88-96-1-8i-variklio-alsuoklio-voztuvas\/","og_site_name":"Erformance.eu","article_modified_time":"2026-02-24T11:00:35+00:00","twitter_card":"summary_large_image","schema":{"@context":"https:\/\/schema.org","@graph":[{"@type":"WebPage","@id":"https:\/\/erformance.eu\/lv\/produkts\/bmw-5-e34-88-96-1-8i-variklio-alsuoklio-voztuvas\/","url":"https:\/\/erformance.eu\/lv\/produkts\/bmw-5-e34-88-96-1-8i-variklio-alsuoklio-voztuvas\/","name":"BMW 5 E34 88-96 1.8i variklio alsuoklio vo\u017etuvas - Erformance.eu","isPartOf":{"@id":"https:\/\/erformance.eu\/lv\/#website"},"datePublished":"2026-01-09T08:40:52+00:00","dateModified":"2026-02-24T11:00:35+00:00","breadcrumb":{"@id":"https:\/\/erformance.eu\/lv\/produkts\/bmw-5-e34-88-96-1-8i-variklio-alsuoklio-voztuvas\/#breadcrumb"},"inLanguage":"lv-LV","potentialAction":[{"@type":"ReadAction","target":["https:\/\/erformance.eu\/lv\/produkts\/bmw-5-e34-88-96-1-8i-variklio-alsuoklio-voztuvas\/"]}]},{"@type":"BreadcrumbList","@id":"https:\/\/erformance.eu\/lv\/produkts\/bmw-5-e34-88-96-1-8i-variklio-alsuoklio-voztuvas\/#breadcrumb","itemListElement":[{"@type":"ListItem","position":1,"name":"Home","item":"https:\/\/erformance.eu\/lv\/"},{"@type":"ListItem","position":2,"name":"Veikals","item":"https:\/\/erformance.eu\/lv\/veikals\/"},{"@type":"ListItem","position":3,"name":"BMW 5 E34 88-96 1.8i variklio alsuoklio vo\u017etuvas"}]},{"@type":"WebSite","@id":"https:\/\/erformance.eu\/lv\/#website","url":"https:\/\/erformance.eu\/lv\/","name":"Erformance.eu","description":"Automobili\u0173 dali\u0173 parduotuv\u0117","potentialAction":[{"@type":"SearchAction","target":{"@type":"EntryPoint","urlTemplate":"https:\/\/erformance.eu\/lv\/?s={search_term_string}"},"query-input":{"@type":"PropertyValueSpecification","valueRequired":true,"valueName":"search_term_string"}}],"inLanguage":"lv-LV"}]}},"jetpack_sharing_enabled":true,"_links":{"self":[{"href":"https:\/\/erformance.eu\/lv\/wp-json\/wp\/v2\/product\/48235","targetHints":{"allow":["GET"]}}],"collection":[{"href":"https:\/\/erformance.eu\/lv\/wp-json\/wp\/v2\/product"}],"about":[{"href":"https:\/\/erformance.eu\/lv\/wp-json\/wp\/v2\/types\/product"}],"replies":[{"embeddable":true,"href":"https:\/\/erformance.eu\/lv\/wp-json\/wp\/v2\/comments?post=48235"}],"version-history":[{"count":2,"href":"https:\/\/erformance.eu\/lv\/wp-json\/wp\/v2\/product\/48235\/revisions"}],"predecessor-version":[{"id":65493,"href":"https:\/\/erformance.eu\/lv\/wp-json\/wp\/v2\/product\/48235\/revisions\/65493"}],"wp:attachment":[{"href":"https:\/\/erformance.eu\/lv\/wp-json\/wp\/v2\/media?parent=48235"}],"wp:term":[{"taxonomy":"product_brand","embeddable":true,"href":"https:\/\/erformance.eu\/lv\/wp-json\/wp\/v2\/product_brand?post=48235"},{"taxonomy":"product_cat","embeddable":true,"href":"https:\/\/erformance.eu\/lv\/wp-json\/wp\/v2\/product_cat?post=48235"},{"taxonomy":"product_tag","embeddable":true,"href":"https:\/\/erformance.eu\/lv\/wp-json\/wp\/v2\/product_tag?post=48235"}],"curies":[{"name":"wp","href":"https:\/\/api.w.org\/{rel}","templated":true}]}}