{"id":48329,"date":"2026-01-09T11:41:25","date_gmt":"2026-01-09T08:41:25","guid":{"rendered":"https:\/\/erformance.eu\/?post_type=product&#038;p=48329"},"modified":"2026-02-24T14:06:15","modified_gmt":"2026-02-24T11:06:15","slug":"bmw-e34-e36-e38-e39-e46-e60-e61-e87-e90-x3-x5-pavaru-perjungimo-svirtis-juoda-m-paketas-m-power-6-greiciu","status":"publish","type":"product","link":"https:\/\/erformance.eu\/lv\/produkts\/bmw-e34-e36-e38-e39-e46-e60-e61-e87-e90-x3-x5-pavaru-perjungimo-svirtis-juoda-m-paketas-m-power-6-greiciu\/","title":{"rendered":"BMW E34 E36 E38 E39 E46 E60 E61 E87 E90 X3 X5 pavar\u0173 perjungimo svirtis JUODA M PAKETAS \/ M-POWER 6 GREI\u010cI\u0172"},"content":{"rendered":"","protected":false},"excerpt":{"rendered":"<p>1. Prek\u0117 \u2013 Pavar\u0173 perjungimo ranken\u0117l\u0117<br \/>\n2. Spalva: juoda<br \/>\n3. Tiek\u0117jas &#8211; ERformance<br \/>\n4. Tinkama:, BMW 5 E34, BMW 3 E36, BMW 7 E38, BMW 5 E39, BMW 3 E46, BMW 5 E60 \/ E61, BMW 1 E87, BMW 3 E90, BMW X3, BMW X5<\/p>\n","protected":false},"featured_media":48330,"comment_status":"open","ping_status":"closed","template":"","meta":[],"product_brand":[],"product_cat":[366],"product_tag":[],"class_list":{"0":"post-48329","1":"product","2":"type-product","3":"status-publish","4":"has-post-thumbnail","6":"product_cat-e34","8":"first","9":"instock","10":"shipping-taxable","11":"purchasable","12":"product-type-simple"},"yoast_head":"<!-- This site is optimized with the Yoast SEO Premium plugin v25.2 (Yoast SEO v27.4) - https:\/\/yoast.com\/product\/yoast-seo-premium-wordpress\/ -->\n<title>BMW E34 E36 E38 E39 E46 E60 E61 E87 E90 X3 X5 pavar\u0173 perjungimo svirtis JUODA M PAKETAS \/ M-POWER 6 GREI\u010cI\u0172 - Erformance.eu<\/title>\n<meta name=\"robots\" content=\"index, follow, max-snippet:-1, max-image-preview:large, max-video-preview:-1\" \/>\n<link rel=\"canonical\" href=\"https:\/\/erformance.eu\/lv\/produkts\/bmw-e34-e36-e38-e39-e46-e60-e61-e87-e90-x3-x5-pavaru-perjungimo-svirtis-juoda-m-paketas-m-power-6-greiciu\/\" \/>\n<meta property=\"og:locale\" content=\"lv_LV\" \/>\n<meta property=\"og:type\" content=\"article\" \/>\n<meta property=\"og:title\" content=\"BMW E34 E36 E38 E39 E46 E60 E61 E87 E90 X3 X5 pavar\u0173 perjungimo svirtis JUODA M PAKETAS \/ M-POWER 6 GREI\u010cI\u0172\" \/>\n<meta property=\"og:description\" content=\"1. Prek\u0117 \u2013 Pavar\u0173 perjungimo ranken\u0117l\u0117 2. Spalva: juoda 3. Tiek\u0117jas - ERformance 4. Tinkama:, BMW 5 E34, BMW 3 E36, BMW 7 E38, BMW 5 E39, BMW 3 E46, BMW 5 E60 \/ E61, BMW 1 E87, BMW 3 E90, BMW X3, BMW X5\" \/>\n<meta property=\"og:url\" content=\"https:\/\/erformance.eu\/lv\/produkts\/bmw-e34-e36-e38-e39-e46-e60-e61-e87-e90-x3-x5-pavaru-perjungimo-svirtis-juoda-m-paketas-m-power-6-greiciu\/\" \/>\n<meta property=\"og:site_name\" content=\"Erformance.eu\" \/>\n<meta property=\"article:modified_time\" content=\"2026-02-24T11:06:15+00:00\" \/>\n<meta property=\"og:image\" content=\"https:\/\/erformance.eu\/wp-content\/uploads\/2026\/01\/pol_pm_BMW-E34-E36-E38-E39-E46-E60-E61-E87-E90-X3-X5-galka-zmiany-biegow-CZARNA-M-PAKIET-M-POWER-6-BIEGOW-16174_1.jpg\" \/>\n\t<meta property=\"og:image:width\" content=\"1200\" \/>\n\t<meta property=\"og:image:height\" content=\"1200\" \/>\n\t<meta property=\"og:image:type\" content=\"image\/jpeg\" \/>\n<meta name=\"twitter:card\" content=\"summary_large_image\" \/>\n<meta name=\"twitter:label1\" content=\"Est. reading time\" \/>\n\t<meta name=\"twitter:data1\" content=\"1 min\u016b\u0161u\" \/>\n<script type=\"application\/ld+json\" class=\"yoast-schema-graph\">{\"@context\":\"https:\\\/\\\/schema.org\",\"@graph\":[{\"@type\":\"WebPage\",\"@id\":\"https:\\\/\\\/erformance.eu\\\/lv\\\/produkts\\\/bmw-e34-e36-e38-e39-e46-e60-e61-e87-e90-x3-x5-pavaru-perjungimo-svirtis-juoda-m-paketas-m-power-6-greiciu\\\/\",\"url\":\"https:\\\/\\\/erformance.eu\\\/lv\\\/produkts\\\/bmw-e34-e36-e38-e39-e46-e60-e61-e87-e90-x3-x5-pavaru-perjungimo-svirtis-juoda-m-paketas-m-power-6-greiciu\\\/\",\"name\":\"BMW E34 E36 E38 E39 E46 E60 E61 E87 E90 X3 X5 pavar\u0173 perjungimo svirtis JUODA M PAKETAS \\\/ M-POWER 6 GREI\u010cI\u0172 - Erformance.eu\",\"isPartOf\":{\"@id\":\"https:\\\/\\\/erformance.eu\\\/lv\\\/#website\"},\"primaryImageOfPage\":{\"@id\":\"https:\\\/\\\/erformance.eu\\\/lv\\\/produkts\\\/bmw-e34-e36-e38-e39-e46-e60-e61-e87-e90-x3-x5-pavaru-perjungimo-svirtis-juoda-m-paketas-m-power-6-greiciu\\\/#primaryimage\"},\"image\":{\"@id\":\"https:\\\/\\\/erformance.eu\\\/lv\\\/produkts\\\/bmw-e34-e36-e38-e39-e46-e60-e61-e87-e90-x3-x5-pavaru-perjungimo-svirtis-juoda-m-paketas-m-power-6-greiciu\\\/#primaryimage\"},\"thumbnailUrl\":\"https:\\\/\\\/erformance.eu\\\/wp-content\\\/uploads\\\/2026\\\/01\\\/pol_pm_BMW-E34-E36-E38-E39-E46-E60-E61-E87-E90-X3-X5-galka-zmiany-biegow-CZARNA-M-PAKIET-M-POWER-6-BIEGOW-16174_1.jpg\",\"datePublished\":\"2026-01-09T08:41:25+00:00\",\"dateModified\":\"2026-02-24T11:06:15+00:00\",\"breadcrumb\":{\"@id\":\"https:\\\/\\\/erformance.eu\\\/lv\\\/produkts\\\/bmw-e34-e36-e38-e39-e46-e60-e61-e87-e90-x3-x5-pavaru-perjungimo-svirtis-juoda-m-paketas-m-power-6-greiciu\\\/#breadcrumb\"},\"inLanguage\":\"lv-LV\",\"potentialAction\":[{\"@type\":\"ReadAction\",\"target\":[\"https:\\\/\\\/erformance.eu\\\/lv\\\/produkts\\\/bmw-e34-e36-e38-e39-e46-e60-e61-e87-e90-x3-x5-pavaru-perjungimo-svirtis-juoda-m-paketas-m-power-6-greiciu\\\/\"]}]},{\"@type\":\"ImageObject\",\"inLanguage\":\"lv-LV\",\"@id\":\"https:\\\/\\\/erformance.eu\\\/lv\\\/produkts\\\/bmw-e34-e36-e38-e39-e46-e60-e61-e87-e90-x3-x5-pavaru-perjungimo-svirtis-juoda-m-paketas-m-power-6-greiciu\\\/#primaryimage\",\"url\":\"https:\\\/\\\/erformance.eu\\\/wp-content\\\/uploads\\\/2026\\\/01\\\/pol_pm_BMW-E34-E36-E38-E39-E46-E60-E61-E87-E90-X3-X5-galka-zmiany-biegow-CZARNA-M-PAKIET-M-POWER-6-BIEGOW-16174_1.jpg\",\"contentUrl\":\"https:\\\/\\\/erformance.eu\\\/wp-content\\\/uploads\\\/2026\\\/01\\\/pol_pm_BMW-E34-E36-E38-E39-E46-E60-E61-E87-E90-X3-X5-galka-zmiany-biegow-CZARNA-M-PAKIET-M-POWER-6-BIEGOW-16174_1.jpg\",\"width\":1200,\"height\":1200},{\"@type\":\"BreadcrumbList\",\"@id\":\"https:\\\/\\\/erformance.eu\\\/lv\\\/produkts\\\/bmw-e34-e36-e38-e39-e46-e60-e61-e87-e90-x3-x5-pavaru-perjungimo-svirtis-juoda-m-paketas-m-power-6-greiciu\\\/#breadcrumb\",\"itemListElement\":[{\"@type\":\"ListItem\",\"position\":1,\"name\":\"Home\",\"item\":\"https:\\\/\\\/erformance.eu\\\/lv\\\/\"},{\"@type\":\"ListItem\",\"position\":2,\"name\":\"Veikals\",\"item\":\"https:\\\/\\\/erformance.eu\\\/lv\\\/veikals\\\/\"},{\"@type\":\"ListItem\",\"position\":3,\"name\":\"BMW E34 E36 E38 E39 E46 E60 E61 E87 E90 X3 X5 pavar\u0173 perjungimo svirtis JUODA M PAKETAS \\\/ M-POWER 6 GREI\u010cI\u0172\"}]},{\"@type\":\"WebSite\",\"@id\":\"https:\\\/\\\/erformance.eu\\\/lv\\\/#website\",\"url\":\"https:\\\/\\\/erformance.eu\\\/lv\\\/\",\"name\":\"Erformance.eu\",\"description\":\"Automobili\u0173 dali\u0173 parduotuv\u0117\",\"potentialAction\":[{\"@type\":\"SearchAction\",\"target\":{\"@type\":\"EntryPoint\",\"urlTemplate\":\"https:\\\/\\\/erformance.eu\\\/lv\\\/?s={search_term_string}\"},\"query-input\":{\"@type\":\"PropertyValueSpecification\",\"valueRequired\":true,\"valueName\":\"search_term_string\"}}],\"inLanguage\":\"lv-LV\"}]}<\/script>\n<!-- \/ Yoast SEO Premium plugin. -->","yoast_head_json":{"title":"BMW E34 E36 E38 E39 E46 E60 E61 E87 E90 X3 X5 pavar\u0173 perjungimo svirtis JUODA M PAKETAS \/ M-POWER 6 GREI\u010cI\u0172 - Erformance.eu","robots":{"index":"index","follow":"follow","max-snippet":"max-snippet:-1","max-image-preview":"max-image-preview:large","max-video-preview":"max-video-preview:-1"},"canonical":"https:\/\/erformance.eu\/lv\/produkts\/bmw-e34-e36-e38-e39-e46-e60-e61-e87-e90-x3-x5-pavaru-perjungimo-svirtis-juoda-m-paketas-m-power-6-greiciu\/","og_locale":"lv_LV","og_type":"article","og_title":"BMW E34 E36 E38 E39 E46 E60 E61 E87 E90 X3 X5 pavar\u0173 perjungimo svirtis JUODA M PAKETAS \/ M-POWER 6 GREI\u010cI\u0172","og_description":"1. Prek\u0117 \u2013 Pavar\u0173 perjungimo ranken\u0117l\u0117 2. Spalva: juoda 3. Tiek\u0117jas - ERformance 4. Tinkama:, BMW 5 E34, BMW 3 E36, BMW 7 E38, BMW 5 E39, BMW 3 E46, BMW 5 E60 \/ E61, BMW 1 E87, BMW 3 E90, BMW X3, BMW X5","og_url":"https:\/\/erformance.eu\/lv\/produkts\/bmw-e34-e36-e38-e39-e46-e60-e61-e87-e90-x3-x5-pavaru-perjungimo-svirtis-juoda-m-paketas-m-power-6-greiciu\/","og_site_name":"Erformance.eu","article_modified_time":"2026-02-24T11:06:15+00:00","og_image":[{"width":1200,"height":1200,"url":"https:\/\/erformance.eu\/wp-content\/uploads\/2026\/01\/pol_pm_BMW-E34-E36-E38-E39-E46-E60-E61-E87-E90-X3-X5-galka-zmiany-biegow-CZARNA-M-PAKIET-M-POWER-6-BIEGOW-16174_1.jpg","type":"image\/jpeg"}],"twitter_card":"summary_large_image","twitter_misc":{"Est. reading time":"1 min\u016b\u0161u"},"schema":{"@context":"https:\/\/schema.org","@graph":[{"@type":"WebPage","@id":"https:\/\/erformance.eu\/lv\/produkts\/bmw-e34-e36-e38-e39-e46-e60-e61-e87-e90-x3-x5-pavaru-perjungimo-svirtis-juoda-m-paketas-m-power-6-greiciu\/","url":"https:\/\/erformance.eu\/lv\/produkts\/bmw-e34-e36-e38-e39-e46-e60-e61-e87-e90-x3-x5-pavaru-perjungimo-svirtis-juoda-m-paketas-m-power-6-greiciu\/","name":"BMW E34 E36 E38 E39 E46 E60 E61 E87 E90 X3 X5 pavar\u0173 perjungimo svirtis JUODA M PAKETAS \/ M-POWER 6 GREI\u010cI\u0172 - Erformance.eu","isPartOf":{"@id":"https:\/\/erformance.eu\/lv\/#website"},"primaryImageOfPage":{"@id":"https:\/\/erformance.eu\/lv\/produkts\/bmw-e34-e36-e38-e39-e46-e60-e61-e87-e90-x3-x5-pavaru-perjungimo-svirtis-juoda-m-paketas-m-power-6-greiciu\/#primaryimage"},"image":{"@id":"https:\/\/erformance.eu\/lv\/produkts\/bmw-e34-e36-e38-e39-e46-e60-e61-e87-e90-x3-x5-pavaru-perjungimo-svirtis-juoda-m-paketas-m-power-6-greiciu\/#primaryimage"},"thumbnailUrl":"https:\/\/erformance.eu\/wp-content\/uploads\/2026\/01\/pol_pm_BMW-E34-E36-E38-E39-E46-E60-E61-E87-E90-X3-X5-galka-zmiany-biegow-CZARNA-M-PAKIET-M-POWER-6-BIEGOW-16174_1.jpg","datePublished":"2026-01-09T08:41:25+00:00","dateModified":"2026-02-24T11:06:15+00:00","breadcrumb":{"@id":"https:\/\/erformance.eu\/lv\/produkts\/bmw-e34-e36-e38-e39-e46-e60-e61-e87-e90-x3-x5-pavaru-perjungimo-svirtis-juoda-m-paketas-m-power-6-greiciu\/#breadcrumb"},"inLanguage":"lv-LV","potentialAction":[{"@type":"ReadAction","target":["https:\/\/erformance.eu\/lv\/produkts\/bmw-e34-e36-e38-e39-e46-e60-e61-e87-e90-x3-x5-pavaru-perjungimo-svirtis-juoda-m-paketas-m-power-6-greiciu\/"]}]},{"@type":"ImageObject","inLanguage":"lv-LV","@id":"https:\/\/erformance.eu\/lv\/produkts\/bmw-e34-e36-e38-e39-e46-e60-e61-e87-e90-x3-x5-pavaru-perjungimo-svirtis-juoda-m-paketas-m-power-6-greiciu\/#primaryimage","url":"https:\/\/erformance.eu\/wp-content\/uploads\/2026\/01\/pol_pm_BMW-E34-E36-E38-E39-E46-E60-E61-E87-E90-X3-X5-galka-zmiany-biegow-CZARNA-M-PAKIET-M-POWER-6-BIEGOW-16174_1.jpg","contentUrl":"https:\/\/erformance.eu\/wp-content\/uploads\/2026\/01\/pol_pm_BMW-E34-E36-E38-E39-E46-E60-E61-E87-E90-X3-X5-galka-zmiany-biegow-CZARNA-M-PAKIET-M-POWER-6-BIEGOW-16174_1.jpg","width":1200,"height":1200},{"@type":"BreadcrumbList","@id":"https:\/\/erformance.eu\/lv\/produkts\/bmw-e34-e36-e38-e39-e46-e60-e61-e87-e90-x3-x5-pavaru-perjungimo-svirtis-juoda-m-paketas-m-power-6-greiciu\/#breadcrumb","itemListElement":[{"@type":"ListItem","position":1,"name":"Home","item":"https:\/\/erformance.eu\/lv\/"},{"@type":"ListItem","position":2,"name":"Veikals","item":"https:\/\/erformance.eu\/lv\/veikals\/"},{"@type":"ListItem","position":3,"name":"BMW E34 E36 E38 E39 E46 E60 E61 E87 E90 X3 X5 pavar\u0173 perjungimo svirtis JUODA M PAKETAS \/ M-POWER 6 GREI\u010cI\u0172"}]},{"@type":"WebSite","@id":"https:\/\/erformance.eu\/lv\/#website","url":"https:\/\/erformance.eu\/lv\/","name":"Erformance.eu","description":"Automobili\u0173 dali\u0173 parduotuv\u0117","potentialAction":[{"@type":"SearchAction","target":{"@type":"EntryPoint","urlTemplate":"https:\/\/erformance.eu\/lv\/?s={search_term_string}"},"query-input":{"@type":"PropertyValueSpecification","valueRequired":true,"valueName":"search_term_string"}}],"inLanguage":"lv-LV"}]}},"jetpack_sharing_enabled":true,"_links":{"self":[{"href":"https:\/\/erformance.eu\/lv\/wp-json\/wp\/v2\/product\/48329","targetHints":{"allow":["GET"]}}],"collection":[{"href":"https:\/\/erformance.eu\/lv\/wp-json\/wp\/v2\/product"}],"about":[{"href":"https:\/\/erformance.eu\/lv\/wp-json\/wp\/v2\/types\/product"}],"replies":[{"embeddable":true,"href":"https:\/\/erformance.eu\/lv\/wp-json\/wp\/v2\/comments?post=48329"}],"version-history":[{"count":1,"href":"https:\/\/erformance.eu\/lv\/wp-json\/wp\/v2\/product\/48329\/revisions"}],"predecessor-version":[{"id":48340,"href":"https:\/\/erformance.eu\/lv\/wp-json\/wp\/v2\/product\/48329\/revisions\/48340"}],"wp:featuredmedia":[{"embeddable":true,"href":"https:\/\/erformance.eu\/lv\/wp-json\/wp\/v2\/media\/48330"}],"wp:attachment":[{"href":"https:\/\/erformance.eu\/lv\/wp-json\/wp\/v2\/media?parent=48329"}],"wp:term":[{"taxonomy":"product_brand","embeddable":true,"href":"https:\/\/erformance.eu\/lv\/wp-json\/wp\/v2\/product_brand?post=48329"},{"taxonomy":"product_cat","embeddable":true,"href":"https:\/\/erformance.eu\/lv\/wp-json\/wp\/v2\/product_cat?post=48329"},{"taxonomy":"product_tag","embeddable":true,"href":"https:\/\/erformance.eu\/lv\/wp-json\/wp\/v2\/product_tag?post=48329"}],"curies":[{"name":"wp","href":"https:\/\/api.w.org\/{rel}","templated":true}]}}