{"id":48620,"date":"2026-01-09T11:43:11","date_gmt":"2026-01-09T08:43:11","guid":{"rendered":"https:\/\/erformance.eu\/?post_type=product&#038;p=48620"},"modified":"2026-02-12T02:29:51","modified_gmt":"2026-02-11T23:29:51","slug":"bmw-7-e23-77-86-kuro-bako-dangtelis","status":"publish","type":"product","link":"https:\/\/erformance.eu\/lv\/produkts\/bmw-7-e23-77-86-kuro-bako-dangtelis\/","title":{"rendered":"BMW 7 E23 77-86 kuro bako dangtelis"},"content":{"rendered":"","protected":false},"excerpt":{"rendered":"<p>1. Prek\u0117 \u2013 Kuro \u012fpylimo angos dangtelis<br \/>\n2. Tiek\u0117jas &#8211; ERformance<br \/>\n3. Tinkama: BMW3 E21 75\u2013843 E30 82-943 E36 90-003 E46 97-075 E12 72\u2013815 E28 81\u2013875 E34 87-965 E39 95-046 E24 75-897 E23 77\u2013867 E32 86-947 E38 94-018 E31 90-99X5 E53 00-06Z3 E36 95-03<\/p>\n","protected":false},"featured_media":48621,"comment_status":"open","ping_status":"closed","template":"","meta":[],"product_brand":[],"product_cat":[372],"product_tag":[],"class_list":{"0":"post-48620","1":"product","2":"type-product","3":"status-publish","4":"has-post-thumbnail","6":"product_cat-e23","8":"first","9":"instock","10":"shipping-taxable","11":"purchasable","12":"product-type-simple"},"yoast_head":"<!-- This site is optimized with the Yoast SEO Premium plugin v25.2 (Yoast SEO v27.3) - https:\/\/yoast.com\/product\/yoast-seo-premium-wordpress\/ -->\n<title>BMW 7 E23 77-86 kuro bako dangtelis - Erformance.eu<\/title>\n<meta name=\"robots\" content=\"index, follow, max-snippet:-1, max-image-preview:large, max-video-preview:-1\" \/>\n<link rel=\"canonical\" href=\"https:\/\/erformance.eu\/lv\/produkts\/bmw-7-e23-77-86-kuro-bako-dangtelis\/\" \/>\n<meta property=\"og:locale\" content=\"lv_LV\" \/>\n<meta property=\"og:type\" content=\"article\" \/>\n<meta property=\"og:title\" content=\"BMW 7 E23 77-86 kuro bako dangtelis\" \/>\n<meta property=\"og:description\" content=\"1. Prek\u0117 \u2013 Kuro \u012fpylimo angos dangtelis 2. Tiek\u0117jas - ERformance 3. Tinkama: BMW3 E21 75\u2013843 E30 82-943 E36 90-003 E46 97-075 E12 72\u2013815 E28 81\u2013875 E34 87-965 E39 95-046 E24 75-897 E23 77\u2013867 E32 86-947 E38 94-018 E31 90-99X5 E53 00-06Z3 E36 95-03\" \/>\n<meta property=\"og:url\" content=\"https:\/\/erformance.eu\/lv\/produkts\/bmw-7-e23-77-86-kuro-bako-dangtelis\/\" \/>\n<meta property=\"og:site_name\" content=\"Erformance.eu\" \/>\n<meta property=\"article:modified_time\" content=\"2026-02-11T23:29:51+00:00\" \/>\n<meta property=\"og:image\" content=\"https:\/\/erformance.eu\/wp-content\/uploads\/2026\/01\/pol_pm_BMW-7-E23-77-86-korek-wlewu-paliwa-21987_1.jpg\" \/>\n\t<meta property=\"og:image:width\" content=\"1200\" \/>\n\t<meta property=\"og:image:height\" content=\"900\" \/>\n\t<meta property=\"og:image:type\" content=\"image\/jpeg\" \/>\n<meta name=\"twitter:card\" content=\"summary_large_image\" \/>\n<meta name=\"twitter:label1\" content=\"Est. reading time\" \/>\n\t<meta name=\"twitter:data1\" content=\"1 min\u016b\u0161u\" \/>\n<script type=\"application\/ld+json\" class=\"yoast-schema-graph\">{\"@context\":\"https:\\\/\\\/schema.org\",\"@graph\":[{\"@type\":\"WebPage\",\"@id\":\"https:\\\/\\\/erformance.eu\\\/lv\\\/produkts\\\/bmw-7-e23-77-86-kuro-bako-dangtelis\\\/\",\"url\":\"https:\\\/\\\/erformance.eu\\\/lv\\\/produkts\\\/bmw-7-e23-77-86-kuro-bako-dangtelis\\\/\",\"name\":\"BMW 7 E23 77-86 kuro bako dangtelis - Erformance.eu\",\"isPartOf\":{\"@id\":\"https:\\\/\\\/erformance.eu\\\/lv\\\/#website\"},\"primaryImageOfPage\":{\"@id\":\"https:\\\/\\\/erformance.eu\\\/lv\\\/produkts\\\/bmw-7-e23-77-86-kuro-bako-dangtelis\\\/#primaryimage\"},\"image\":{\"@id\":\"https:\\\/\\\/erformance.eu\\\/lv\\\/produkts\\\/bmw-7-e23-77-86-kuro-bako-dangtelis\\\/#primaryimage\"},\"thumbnailUrl\":\"https:\\\/\\\/erformance.eu\\\/wp-content\\\/uploads\\\/2026\\\/01\\\/pol_pm_BMW-7-E23-77-86-korek-wlewu-paliwa-21987_1.jpg\",\"datePublished\":\"2026-01-09T08:43:11+00:00\",\"dateModified\":\"2026-02-11T23:29:51+00:00\",\"breadcrumb\":{\"@id\":\"https:\\\/\\\/erformance.eu\\\/lv\\\/produkts\\\/bmw-7-e23-77-86-kuro-bako-dangtelis\\\/#breadcrumb\"},\"inLanguage\":\"lv-LV\",\"potentialAction\":[{\"@type\":\"ReadAction\",\"target\":[\"https:\\\/\\\/erformance.eu\\\/lv\\\/produkts\\\/bmw-7-e23-77-86-kuro-bako-dangtelis\\\/\"]}]},{\"@type\":\"ImageObject\",\"inLanguage\":\"lv-LV\",\"@id\":\"https:\\\/\\\/erformance.eu\\\/lv\\\/produkts\\\/bmw-7-e23-77-86-kuro-bako-dangtelis\\\/#primaryimage\",\"url\":\"https:\\\/\\\/erformance.eu\\\/wp-content\\\/uploads\\\/2026\\\/01\\\/pol_pm_BMW-7-E23-77-86-korek-wlewu-paliwa-21987_1.jpg\",\"contentUrl\":\"https:\\\/\\\/erformance.eu\\\/wp-content\\\/uploads\\\/2026\\\/01\\\/pol_pm_BMW-7-E23-77-86-korek-wlewu-paliwa-21987_1.jpg\",\"width\":1200,\"height\":900},{\"@type\":\"BreadcrumbList\",\"@id\":\"https:\\\/\\\/erformance.eu\\\/lv\\\/produkts\\\/bmw-7-e23-77-86-kuro-bako-dangtelis\\\/#breadcrumb\",\"itemListElement\":[{\"@type\":\"ListItem\",\"position\":1,\"name\":\"Home\",\"item\":\"https:\\\/\\\/erformance.eu\\\/lv\\\/\"},{\"@type\":\"ListItem\",\"position\":2,\"name\":\"Veikals\",\"item\":\"https:\\\/\\\/erformance.eu\\\/lv\\\/veikals\\\/\"},{\"@type\":\"ListItem\",\"position\":3,\"name\":\"BMW 7 E23 77-86 kuro bako dangtelis\"}]},{\"@type\":\"WebSite\",\"@id\":\"https:\\\/\\\/erformance.eu\\\/lv\\\/#website\",\"url\":\"https:\\\/\\\/erformance.eu\\\/lv\\\/\",\"name\":\"Erformance.eu\",\"description\":\"Automobili\u0173 dali\u0173 parduotuv\u0117\",\"potentialAction\":[{\"@type\":\"SearchAction\",\"target\":{\"@type\":\"EntryPoint\",\"urlTemplate\":\"https:\\\/\\\/erformance.eu\\\/lv\\\/?s={search_term_string}\"},\"query-input\":{\"@type\":\"PropertyValueSpecification\",\"valueRequired\":true,\"valueName\":\"search_term_string\"}}],\"inLanguage\":\"lv-LV\"}]}<\/script>\n<!-- \/ Yoast SEO Premium plugin. -->","yoast_head_json":{"title":"BMW 7 E23 77-86 kuro bako dangtelis - Erformance.eu","robots":{"index":"index","follow":"follow","max-snippet":"max-snippet:-1","max-image-preview":"max-image-preview:large","max-video-preview":"max-video-preview:-1"},"canonical":"https:\/\/erformance.eu\/lv\/produkts\/bmw-7-e23-77-86-kuro-bako-dangtelis\/","og_locale":"lv_LV","og_type":"article","og_title":"BMW 7 E23 77-86 kuro bako dangtelis","og_description":"1. Prek\u0117 \u2013 Kuro \u012fpylimo angos dangtelis 2. Tiek\u0117jas - ERformance 3. Tinkama: BMW3 E21 75\u2013843 E30 82-943 E36 90-003 E46 97-075 E12 72\u2013815 E28 81\u2013875 E34 87-965 E39 95-046 E24 75-897 E23 77\u2013867 E32 86-947 E38 94-018 E31 90-99X5 E53 00-06Z3 E36 95-03","og_url":"https:\/\/erformance.eu\/lv\/produkts\/bmw-7-e23-77-86-kuro-bako-dangtelis\/","og_site_name":"Erformance.eu","article_modified_time":"2026-02-11T23:29:51+00:00","og_image":[{"width":1200,"height":900,"url":"https:\/\/erformance.eu\/wp-content\/uploads\/2026\/01\/pol_pm_BMW-7-E23-77-86-korek-wlewu-paliwa-21987_1.jpg","type":"image\/jpeg"}],"twitter_card":"summary_large_image","twitter_misc":{"Est. reading time":"1 min\u016b\u0161u"},"schema":{"@context":"https:\/\/schema.org","@graph":[{"@type":"WebPage","@id":"https:\/\/erformance.eu\/lv\/produkts\/bmw-7-e23-77-86-kuro-bako-dangtelis\/","url":"https:\/\/erformance.eu\/lv\/produkts\/bmw-7-e23-77-86-kuro-bako-dangtelis\/","name":"BMW 7 E23 77-86 kuro bako dangtelis - Erformance.eu","isPartOf":{"@id":"https:\/\/erformance.eu\/lv\/#website"},"primaryImageOfPage":{"@id":"https:\/\/erformance.eu\/lv\/produkts\/bmw-7-e23-77-86-kuro-bako-dangtelis\/#primaryimage"},"image":{"@id":"https:\/\/erformance.eu\/lv\/produkts\/bmw-7-e23-77-86-kuro-bako-dangtelis\/#primaryimage"},"thumbnailUrl":"https:\/\/erformance.eu\/wp-content\/uploads\/2026\/01\/pol_pm_BMW-7-E23-77-86-korek-wlewu-paliwa-21987_1.jpg","datePublished":"2026-01-09T08:43:11+00:00","dateModified":"2026-02-11T23:29:51+00:00","breadcrumb":{"@id":"https:\/\/erformance.eu\/lv\/produkts\/bmw-7-e23-77-86-kuro-bako-dangtelis\/#breadcrumb"},"inLanguage":"lv-LV","potentialAction":[{"@type":"ReadAction","target":["https:\/\/erformance.eu\/lv\/produkts\/bmw-7-e23-77-86-kuro-bako-dangtelis\/"]}]},{"@type":"ImageObject","inLanguage":"lv-LV","@id":"https:\/\/erformance.eu\/lv\/produkts\/bmw-7-e23-77-86-kuro-bako-dangtelis\/#primaryimage","url":"https:\/\/erformance.eu\/wp-content\/uploads\/2026\/01\/pol_pm_BMW-7-E23-77-86-korek-wlewu-paliwa-21987_1.jpg","contentUrl":"https:\/\/erformance.eu\/wp-content\/uploads\/2026\/01\/pol_pm_BMW-7-E23-77-86-korek-wlewu-paliwa-21987_1.jpg","width":1200,"height":900},{"@type":"BreadcrumbList","@id":"https:\/\/erformance.eu\/lv\/produkts\/bmw-7-e23-77-86-kuro-bako-dangtelis\/#breadcrumb","itemListElement":[{"@type":"ListItem","position":1,"name":"Home","item":"https:\/\/erformance.eu\/lv\/"},{"@type":"ListItem","position":2,"name":"Veikals","item":"https:\/\/erformance.eu\/lv\/veikals\/"},{"@type":"ListItem","position":3,"name":"BMW 7 E23 77-86 kuro bako dangtelis"}]},{"@type":"WebSite","@id":"https:\/\/erformance.eu\/lv\/#website","url":"https:\/\/erformance.eu\/lv\/","name":"Erformance.eu","description":"Automobili\u0173 dali\u0173 parduotuv\u0117","potentialAction":[{"@type":"SearchAction","target":{"@type":"EntryPoint","urlTemplate":"https:\/\/erformance.eu\/lv\/?s={search_term_string}"},"query-input":{"@type":"PropertyValueSpecification","valueRequired":true,"valueName":"search_term_string"}}],"inLanguage":"lv-LV"}]}},"jetpack_sharing_enabled":true,"_links":{"self":[{"href":"https:\/\/erformance.eu\/lv\/wp-json\/wp\/v2\/product\/48620","targetHints":{"allow":["GET"]}}],"collection":[{"href":"https:\/\/erformance.eu\/lv\/wp-json\/wp\/v2\/product"}],"about":[{"href":"https:\/\/erformance.eu\/lv\/wp-json\/wp\/v2\/types\/product"}],"replies":[{"embeddable":true,"href":"https:\/\/erformance.eu\/lv\/wp-json\/wp\/v2\/comments?post=48620"}],"version-history":[{"count":1,"href":"https:\/\/erformance.eu\/lv\/wp-json\/wp\/v2\/product\/48620\/revisions"}],"predecessor-version":[{"id":48623,"href":"https:\/\/erformance.eu\/lv\/wp-json\/wp\/v2\/product\/48620\/revisions\/48623"}],"wp:featuredmedia":[{"embeddable":true,"href":"https:\/\/erformance.eu\/lv\/wp-json\/wp\/v2\/media\/48621"}],"wp:attachment":[{"href":"https:\/\/erformance.eu\/lv\/wp-json\/wp\/v2\/media?parent=48620"}],"wp:term":[{"taxonomy":"product_brand","embeddable":true,"href":"https:\/\/erformance.eu\/lv\/wp-json\/wp\/v2\/product_brand?post=48620"},{"taxonomy":"product_cat","embeddable":true,"href":"https:\/\/erformance.eu\/lv\/wp-json\/wp\/v2\/product_cat?post=48620"},{"taxonomy":"product_tag","embeddable":true,"href":"https:\/\/erformance.eu\/lv\/wp-json\/wp\/v2\/product_tag?post=48620"}],"curies":[{"name":"wp","href":"https:\/\/api.w.org\/{rel}","templated":true}]}}