{"id":48808,"date":"2025-10-14T01:53:38","date_gmt":"2025-10-13T22:53:38","guid":{"rendered":"https:\/\/erformance.eu\/produktas\/bmw-f20-f21-dubultas-restes-lci-2015-2019-spidigi-melnas\/"},"modified":"2026-03-26T03:07:24","modified_gmt":"2026-03-26T00:07:24","slug":"bmw-f20-f21-dubultas-restes-lci-2015-2019-spidigi-melnas","status":"publish","type":"product","link":"https:\/\/erformance.eu\/lv\/produkts\/bmw-f20-f21-dubultas-restes-lci-2015-2019-spidigi-melnas\/","title":{"rendered":"BMW F20 F21 dubult\u0101s restes LCI (2015\u20132019), sp\u012bd\u012bgi melnas"},"content":{"rendered":"<ul>\n<li class=\"ai-optimize-33 ai-optimize-introduction\">BMW F20 F21 dubult\u0101s restes LCI (2015\u20132019), sp\u012bd\u012bgi melnas.<\/li>\n<\/ul>\n<p class=\"ai-optimize-26\"><strong>Komplekt\u0101 ietilpst:<\/strong><\/p>\n<ul>\n<li class=\"ai-optimize-25\">2 gab. dubult\u0101s melnas restes (kreis\u0101 un lab\u0101 puse).<\/li>\n<\/ul>\n<p class=\"ai-optimize-35\"><strong>Kr\u0101sa:<\/strong><\/p>\n<ul>\n<li class=\"ai-optimize-35\">Melna, glanc\u0113ta (Black gloss)<\/li>\n<\/ul>\n<p class=\"ai-optimize-36\"><strong>\u012apa\u0161\u012bbas:<\/strong><\/p>\n<ul>\n<li class=\"ai-optimize-29\">Dubult\u0101s restes izgatavotas no iztur\u012bga ABS plastmasas.<\/li>\n<li class=\"ai-optimize-30\">Iztur\u012bgi, augstas kvalit\u0101tes stiprin\u0101jumi<\/li>\n<li class=\"ai-optimize-31\">Restes ar augstas kvalit\u0101tes kr\u0101sojumu, kas saglab\u0101s sp\u012bdumu un kalpos ilgu laiku.<\/li>\n<li class=\"ai-optimize-32\">Viegli uzst\u0101d\u0101ms, stiprin\u0101jumi atbilst ori\u0123in\u0101laj\u0101m viet\u0101m.<\/li>\n<\/ul>\n<p class=\"ai-optimize-38\"><strong>Piem\u0113rot\u012bba:<\/strong><\/p>\n<ul>\n<li class=\"ai-optimize-39\"><strong>BMW F20 1 s\u0113rija,<\/strong> 2015-2019 (LCI).<\/li>\n<li class=\"ai-optimize-25\"><strong>BMW F21 1 s\u0113rija,<\/strong> 2019-2019 (LCI).<\/li>\n<li class=\"ai-optimize-39\">\u0160\u012bs dubult\u0101s meln\u0101s restes ir piem\u0113rotas visiem BMW 1 s\u0113rijas F20 F21 LCI bamperiem (standarta, M-Tech un M-Look).<\/li>\n<\/ul>\n<p class=\"ai-optimize-41\">Atjaunojiet automobi\u013ca izskatu un pie\u0161\u0137iriet agres\u012bvu un modernu stilu.<\/p>\n<p class=\"ai-optimize-42\">Erformance.eu elektroniskaj\u0101 veikal\u0101 atrad\u012bsiet pla\u0161u pre\u010du kl\u0101stu savam <a href=\"https:\/\/erformance.eu\/lv\/produkta-kategorija\/bmw\/1-serija\/f20-f21\/\">BMW F20 F21 PRE LCI un LCI<\/a> automobilim. No maz\u0101kajiem aksesu\u0101riem l\u012bdz pla\u0161am t\u016bninga deta\u013cu kl\u0101stam.<\/p>\n<p class=\"ai-optimize-29\">\nPreces atrod\u0101s noliktav\u0101 Lietuv\u0101, t\u0101p\u0113c varam garant\u0113t \u0101tru pieg\u0101di (1\u20132 darba dienas).<\/p>\n","protected":false},"excerpt":{"rendered":"<h5 class=\"ai-optimize-26\">BMW F20 F21 LCI restes<\/h5>\n","protected":false},"featured_media":48805,"comment_status":"open","ping_status":"closed","template":"","meta":[],"product_brand":[],"product_cat":[208,206,212],"product_tag":[],"class_list":{"0":"post-48808","1":"product","2":"type-product","3":"status-publish","4":"has-post-thumbnail","6":"product_cat-1-serija","7":"product_cat-bmw","8":"product_cat-f20-f21","10":"first","11":"instock","12":"shipping-taxable","13":"purchasable","14":"product-type-simple"},"yoast_head":"<!-- This site is optimized with the Yoast SEO Premium plugin v25.2 (Yoast SEO v27.4) - https:\/\/yoast.com\/product\/yoast-seo-premium-wordpress\/ -->\n<title>BMW F20 F21 dubult\u0101s restes LCI (2015\u20132019), sp\u012bd\u012bgi melnas - Erformance.eu<\/title>\n<meta name=\"description\" content=\"BMW F20 F21 dubult\u0101s restes LCI (2015\u20132019), sp\u012bd\u012bgi melnas. Piem\u0113rotas LCI 1 s\u0113rijas mode\u013ciem. \u0160\u012bs meln\u0101s restes izgatavotas no iztur\u012bga ABS plastmasas.\" \/>\n<meta name=\"robots\" content=\"index, follow, max-snippet:-1, max-image-preview:large, max-video-preview:-1\" \/>\n<link rel=\"canonical\" href=\"https:\/\/erformance.eu\/lv\/produkts\/bmw-f20-f21-dubultas-restes-lci-2015-2019-spidigi-melnas\/\" \/>\n<meta property=\"og:locale\" content=\"lv_LV\" \/>\n<meta property=\"og:type\" content=\"article\" \/>\n<meta property=\"og:title\" content=\"BMW F20 F21 dubult\u0101s restes LCI (2015\u20132019), sp\u012bd\u012bgi melnas\" \/>\n<meta property=\"og:description\" content=\"BMW F20 F21 dubult\u0101s restes LCI (2015\u20132019), sp\u012bd\u012bgi melnas. Piem\u0113rotas LCI 1 s\u0113rijas mode\u013ciem. \u0160\u012bs meln\u0101s restes izgatavotas no iztur\u012bga ABS plastmasas.\" \/>\n<meta property=\"og:url\" content=\"https:\/\/erformance.eu\/lv\/produkts\/bmw-f20-f21-dubultas-restes-lci-2015-2019-spidigi-melnas\/\" \/>\n<meta property=\"og:site_name\" content=\"Erformance.eu\" \/>\n<meta property=\"article:modified_time\" content=\"2026-03-26T00:07:24+00:00\" \/>\n<meta property=\"og:image\" content=\"https:\/\/erformance.eu\/wp-content\/uploads\/2025\/10\/bmw-f20-f21-lci-dvigubos-groteles-juodos-blizgios-1.webp\" \/>\n\t<meta property=\"og:image:width\" content=\"1080\" \/>\n\t<meta property=\"og:image:height\" content=\"1080\" \/>\n\t<meta property=\"og:image:type\" content=\"image\/webp\" \/>\n<meta name=\"twitter:card\" content=\"summary_large_image\" \/>\n<meta name=\"twitter:label1\" content=\"Est. reading time\" \/>\n\t<meta name=\"twitter:data1\" content=\"1 min\u016b\u0161u\" \/>\n<script type=\"application\/ld+json\" class=\"yoast-schema-graph\">{\"@context\":\"https:\\\/\\\/schema.org\",\"@graph\":[{\"@type\":\"WebPage\",\"@id\":\"https:\\\/\\\/erformance.eu\\\/lv\\\/produkts\\\/bmw-f20-f21-dubultas-restes-lci-2015-2019-spidigi-melnas\\\/\",\"url\":\"https:\\\/\\\/erformance.eu\\\/lv\\\/produkts\\\/bmw-f20-f21-dubultas-restes-lci-2015-2019-spidigi-melnas\\\/\",\"name\":\"BMW F20 F21 dubult\u0101s restes LCI (2015\u20132019), sp\u012bd\u012bgi melnas - Erformance.eu\",\"isPartOf\":{\"@id\":\"https:\\\/\\\/erformance.eu\\\/lv\\\/#website\"},\"primaryImageOfPage\":{\"@id\":\"https:\\\/\\\/erformance.eu\\\/lv\\\/produkts\\\/bmw-f20-f21-dubultas-restes-lci-2015-2019-spidigi-melnas\\\/#primaryimage\"},\"image\":{\"@id\":\"https:\\\/\\\/erformance.eu\\\/lv\\\/produkts\\\/bmw-f20-f21-dubultas-restes-lci-2015-2019-spidigi-melnas\\\/#primaryimage\"},\"thumbnailUrl\":\"https:\\\/\\\/erformance.eu\\\/wp-content\\\/uploads\\\/2025\\\/10\\\/bmw-f20-f21-lci-dvigubos-groteles-juodos-blizgios-1.webp\",\"datePublished\":\"2025-10-13T22:53:38+00:00\",\"dateModified\":\"2026-03-26T00:07:24+00:00\",\"description\":\"BMW F20 F21 dubult\u0101s restes LCI (2015\u20132019), sp\u012bd\u012bgi melnas. Piem\u0113rotas LCI 1 s\u0113rijas mode\u013ciem. \u0160\u012bs meln\u0101s restes izgatavotas no iztur\u012bga ABS plastmasas.\",\"breadcrumb\":{\"@id\":\"https:\\\/\\\/erformance.eu\\\/lv\\\/produkts\\\/bmw-f20-f21-dubultas-restes-lci-2015-2019-spidigi-melnas\\\/#breadcrumb\"},\"inLanguage\":\"lv-LV\",\"potentialAction\":[{\"@type\":\"ReadAction\",\"target\":[\"https:\\\/\\\/erformance.eu\\\/lv\\\/produkts\\\/bmw-f20-f21-dubultas-restes-lci-2015-2019-spidigi-melnas\\\/\"]}]},{\"@type\":\"ImageObject\",\"inLanguage\":\"lv-LV\",\"@id\":\"https:\\\/\\\/erformance.eu\\\/lv\\\/produkts\\\/bmw-f20-f21-dubultas-restes-lci-2015-2019-spidigi-melnas\\\/#primaryimage\",\"url\":\"https:\\\/\\\/erformance.eu\\\/wp-content\\\/uploads\\\/2025\\\/10\\\/bmw-f20-f21-lci-dvigubos-groteles-juodos-blizgios-1.webp\",\"contentUrl\":\"https:\\\/\\\/erformance.eu\\\/wp-content\\\/uploads\\\/2025\\\/10\\\/bmw-f20-f21-lci-dvigubos-groteles-juodos-blizgios-1.webp\",\"width\":1080,\"height\":1080,\"caption\":\"BMW F20 F21 dubult\u0101s restes LCI sp\u012bd\u012bgi melnas \u2013 galven\u0101s\"},{\"@type\":\"BreadcrumbList\",\"@id\":\"https:\\\/\\\/erformance.eu\\\/lv\\\/produkts\\\/bmw-f20-f21-dubultas-restes-lci-2015-2019-spidigi-melnas\\\/#breadcrumb\",\"itemListElement\":[{\"@type\":\"ListItem\",\"position\":1,\"name\":\"Home\",\"item\":\"https:\\\/\\\/erformance.eu\\\/lv\\\/\"},{\"@type\":\"ListItem\",\"position\":2,\"name\":\"Veikals\",\"item\":\"https:\\\/\\\/erformance.eu\\\/lv\\\/veikals\\\/\"},{\"@type\":\"ListItem\",\"position\":3,\"name\":\"BMW F20 F21 dubult\u0101s restes LCI (2015\u20132019), sp\u012bd\u012bgi melnas\"}]},{\"@type\":\"WebSite\",\"@id\":\"https:\\\/\\\/erformance.eu\\\/lv\\\/#website\",\"url\":\"https:\\\/\\\/erformance.eu\\\/lv\\\/\",\"name\":\"Erformance.eu\",\"description\":\"Automobili\u0173 dali\u0173 parduotuv\u0117\",\"potentialAction\":[{\"@type\":\"SearchAction\",\"target\":{\"@type\":\"EntryPoint\",\"urlTemplate\":\"https:\\\/\\\/erformance.eu\\\/lv\\\/?s={search_term_string}\"},\"query-input\":{\"@type\":\"PropertyValueSpecification\",\"valueRequired\":true,\"valueName\":\"search_term_string\"}}],\"inLanguage\":\"lv-LV\"}]}<\/script>\n<!-- \/ Yoast SEO Premium plugin. -->","yoast_head_json":{"title":"BMW F20 F21 dubult\u0101s restes LCI (2015\u20132019), sp\u012bd\u012bgi melnas - Erformance.eu","description":"BMW F20 F21 dubult\u0101s restes LCI (2015\u20132019), sp\u012bd\u012bgi melnas. Piem\u0113rotas LCI 1 s\u0113rijas mode\u013ciem. \u0160\u012bs meln\u0101s restes izgatavotas no iztur\u012bga ABS plastmasas.","robots":{"index":"index","follow":"follow","max-snippet":"max-snippet:-1","max-image-preview":"max-image-preview:large","max-video-preview":"max-video-preview:-1"},"canonical":"https:\/\/erformance.eu\/lv\/produkts\/bmw-f20-f21-dubultas-restes-lci-2015-2019-spidigi-melnas\/","og_locale":"lv_LV","og_type":"article","og_title":"BMW F20 F21 dubult\u0101s restes LCI (2015\u20132019), sp\u012bd\u012bgi melnas","og_description":"BMW F20 F21 dubult\u0101s restes LCI (2015\u20132019), sp\u012bd\u012bgi melnas. Piem\u0113rotas LCI 1 s\u0113rijas mode\u013ciem. \u0160\u012bs meln\u0101s restes izgatavotas no iztur\u012bga ABS plastmasas.","og_url":"https:\/\/erformance.eu\/lv\/produkts\/bmw-f20-f21-dubultas-restes-lci-2015-2019-spidigi-melnas\/","og_site_name":"Erformance.eu","article_modified_time":"2026-03-26T00:07:24+00:00","og_image":[{"width":1080,"height":1080,"url":"https:\/\/erformance.eu\/wp-content\/uploads\/2025\/10\/bmw-f20-f21-lci-dvigubos-groteles-juodos-blizgios-1.webp","type":"image\/webp"}],"twitter_card":"summary_large_image","twitter_misc":{"Est. reading time":"1 min\u016b\u0161u"},"schema":{"@context":"https:\/\/schema.org","@graph":[{"@type":"WebPage","@id":"https:\/\/erformance.eu\/lv\/produkts\/bmw-f20-f21-dubultas-restes-lci-2015-2019-spidigi-melnas\/","url":"https:\/\/erformance.eu\/lv\/produkts\/bmw-f20-f21-dubultas-restes-lci-2015-2019-spidigi-melnas\/","name":"BMW F20 F21 dubult\u0101s restes LCI (2015\u20132019), sp\u012bd\u012bgi melnas - Erformance.eu","isPartOf":{"@id":"https:\/\/erformance.eu\/lv\/#website"},"primaryImageOfPage":{"@id":"https:\/\/erformance.eu\/lv\/produkts\/bmw-f20-f21-dubultas-restes-lci-2015-2019-spidigi-melnas\/#primaryimage"},"image":{"@id":"https:\/\/erformance.eu\/lv\/produkts\/bmw-f20-f21-dubultas-restes-lci-2015-2019-spidigi-melnas\/#primaryimage"},"thumbnailUrl":"https:\/\/erformance.eu\/wp-content\/uploads\/2025\/10\/bmw-f20-f21-lci-dvigubos-groteles-juodos-blizgios-1.webp","datePublished":"2025-10-13T22:53:38+00:00","dateModified":"2026-03-26T00:07:24+00:00","description":"BMW F20 F21 dubult\u0101s restes LCI (2015\u20132019), sp\u012bd\u012bgi melnas. Piem\u0113rotas LCI 1 s\u0113rijas mode\u013ciem. \u0160\u012bs meln\u0101s restes izgatavotas no iztur\u012bga ABS plastmasas.","breadcrumb":{"@id":"https:\/\/erformance.eu\/lv\/produkts\/bmw-f20-f21-dubultas-restes-lci-2015-2019-spidigi-melnas\/#breadcrumb"},"inLanguage":"lv-LV","potentialAction":[{"@type":"ReadAction","target":["https:\/\/erformance.eu\/lv\/produkts\/bmw-f20-f21-dubultas-restes-lci-2015-2019-spidigi-melnas\/"]}]},{"@type":"ImageObject","inLanguage":"lv-LV","@id":"https:\/\/erformance.eu\/lv\/produkts\/bmw-f20-f21-dubultas-restes-lci-2015-2019-spidigi-melnas\/#primaryimage","url":"https:\/\/erformance.eu\/wp-content\/uploads\/2025\/10\/bmw-f20-f21-lci-dvigubos-groteles-juodos-blizgios-1.webp","contentUrl":"https:\/\/erformance.eu\/wp-content\/uploads\/2025\/10\/bmw-f20-f21-lci-dvigubos-groteles-juodos-blizgios-1.webp","width":1080,"height":1080,"caption":"BMW F20 F21 dubult\u0101s restes LCI sp\u012bd\u012bgi melnas \u2013 galven\u0101s"},{"@type":"BreadcrumbList","@id":"https:\/\/erformance.eu\/lv\/produkts\/bmw-f20-f21-dubultas-restes-lci-2015-2019-spidigi-melnas\/#breadcrumb","itemListElement":[{"@type":"ListItem","position":1,"name":"Home","item":"https:\/\/erformance.eu\/lv\/"},{"@type":"ListItem","position":2,"name":"Veikals","item":"https:\/\/erformance.eu\/lv\/veikals\/"},{"@type":"ListItem","position":3,"name":"BMW F20 F21 dubult\u0101s restes LCI (2015\u20132019), sp\u012bd\u012bgi melnas"}]},{"@type":"WebSite","@id":"https:\/\/erformance.eu\/lv\/#website","url":"https:\/\/erformance.eu\/lv\/","name":"Erformance.eu","description":"Automobili\u0173 dali\u0173 parduotuv\u0117","potentialAction":[{"@type":"SearchAction","target":{"@type":"EntryPoint","urlTemplate":"https:\/\/erformance.eu\/lv\/?s={search_term_string}"},"query-input":{"@type":"PropertyValueSpecification","valueRequired":true,"valueName":"search_term_string"}}],"inLanguage":"lv-LV"}]}},"jetpack_sharing_enabled":true,"_links":{"self":[{"href":"https:\/\/erformance.eu\/lv\/wp-json\/wp\/v2\/product\/48808","targetHints":{"allow":["GET"]}}],"collection":[{"href":"https:\/\/erformance.eu\/lv\/wp-json\/wp\/v2\/product"}],"about":[{"href":"https:\/\/erformance.eu\/lv\/wp-json\/wp\/v2\/types\/product"}],"replies":[{"embeddable":true,"href":"https:\/\/erformance.eu\/lv\/wp-json\/wp\/v2\/comments?post=48808"}],"version-history":[{"count":1,"href":"https:\/\/erformance.eu\/lv\/wp-json\/wp\/v2\/product\/48808\/revisions"}],"predecessor-version":[{"id":66151,"href":"https:\/\/erformance.eu\/lv\/wp-json\/wp\/v2\/product\/48808\/revisions\/66151"}],"wp:featuredmedia":[{"embeddable":true,"href":"https:\/\/erformance.eu\/lv\/wp-json\/wp\/v2\/media\/48805"}],"wp:attachment":[{"href":"https:\/\/erformance.eu\/lv\/wp-json\/wp\/v2\/media?parent=48808"}],"wp:term":[{"taxonomy":"product_brand","embeddable":true,"href":"https:\/\/erformance.eu\/lv\/wp-json\/wp\/v2\/product_brand?post=48808"},{"taxonomy":"product_cat","embeddable":true,"href":"https:\/\/erformance.eu\/lv\/wp-json\/wp\/v2\/product_cat?post=48808"},{"taxonomy":"product_tag","embeddable":true,"href":"https:\/\/erformance.eu\/lv\/wp-json\/wp\/v2\/product_tag?post=48808"}],"curies":[{"name":"wp","href":"https:\/\/api.w.org\/{rel}","templated":true}]}}