{"id":48836,"date":"2025-09-09T00:47:30","date_gmt":"2025-09-08T21:47:30","guid":{"rendered":"https:\/\/erformance.eu\/produktas\/bmw-e90-e91-lci-dubultas-restes-2009-2013-matetas-melnas\/"},"modified":"2026-03-26T03:10:46","modified_gmt":"2026-03-26T00:10:46","slug":"bmw-e90-e91-lci-dubultas-restes-2009-2013-matetas-melnas","status":"publish","type":"product","link":"https:\/\/erformance.eu\/lv\/produkts\/bmw-e90-e91-lci-dubultas-restes-2009-2013-matetas-melnas\/","title":{"rendered":"BMW E90 E91 LCI dubult\u0101s restes (2009\u20132013), mat\u0113tas melnas"},"content":{"rendered":"<ul>\n<li class=\"ai-optimize-35 ai-optimize-introduction\">BMW E90 E91 LCI dubult\u0101s restes (2009\u20132013), mat\u0113tas melnas.<\/li>\n<\/ul>\n<p class=\"ai-optimize-26\"><strong>Komplekt\u0101 ietilpst:<\/strong><\/p>\n<ul>\n<li class=\"ai-optimize-25\">2 gab. Dubult\u0101s mat\u0113t\u0101s meln\u0101s restes (kreis\u0101 un lab\u0101 puse).<\/li>\n<\/ul>\n<p class=\"ai-optimize-35\"><strong>Kr\u0101sa:<\/strong><\/p>\n<ul>\n<li class=\"ai-optimize-35\">Mat\u0113ta melna (matte black).<\/li>\n<\/ul>\n<p class=\"ai-optimize-36\"><strong>\u012apa\u0161\u012bbas:<\/strong><\/p>\n<ul>\n<li class=\"ai-optimize-29\">Dubult\u0101s restes izgatavotas no iztur\u012bga ABS plastmasas.<\/li>\n<li class=\"ai-optimize-30\">Iztur\u012bgi, augstas kvalit\u0101tes stiprin\u0101jumi<\/li>\n<li class=\"ai-optimize-31\">Restes p\u0101rkl\u0101tas ar augstas kvalit\u0101tes kr\u0101su, t\u0101p\u0113c saglab\u0101 savu mat\u0113to izskatu ilgsto\u0161i.<\/li>\n<li class=\"ai-optimize-32\">Viegli uzst\u0101d\u0101ms, stiprin\u0101jumi atbilst ori\u0123in\u0101laj\u0101m viet\u0101m.<\/li>\n<li class=\"ai-optimize-31\">\u0160\u012bs dubult\u0101s meln\u0101s restes ir piem\u0113rotas visiem BMW E90 E91 LCI bamperiem (standarta, M3 Look un M-Tech).<\/li>\n<\/ul>\n<p class=\"ai-optimize-38\"><strong>Piem\u0113rot\u012bba:<\/strong><\/p>\n<ul>\n<li class=\"ai-optimize-31\"><strong>BMW E90 3 s\u0113rija,<\/strong> 2009-2013.<\/li>\n<li class=\"ai-optimize-33\"><strong>BMW E91 3 s\u0113rija,<\/strong> 2009-2013.<\/li>\n<\/ul>\n<p class=\"ai-optimize-41\">Atjaunojiet automobi\u013ca izskatu un pie\u0161\u0137iriet agres\u012bvu un modernu stilu.<\/p>\n<p class=\"ai-optimize-42\">Erformance.eu elektroniskaj\u0101 veikal\u0101 atrad\u012bsiet pla\u0161u pre\u010du kl\u0101stu savam <a href=\"https:\/\/erformance.eu\/lv\/produkta-kategorija\/bmw\/2-serija-2\/e90-e91\/\">BMW E90 E91 PRE LCI \u2013 LCI<\/a> automobilim. No maz\u0101kajiem aksesu\u0101riem l\u012bdz pla\u0161am t\u016bninga deta\u013cu kl\u0101stam.<\/p>\n<p class=\"ai-optimize-29\">Prece tiek uzglab\u0101ta pieg\u0101d\u0101t\u0101ju noliktav\u0101 Eirop\u0101, t\u0101p\u0113c varam garant\u0113t \u0101tru pieg\u0101des laiku (3\u20135 darba dienas).<\/p>\n","protected":false},"excerpt":{"rendered":"<h5 class=\"ai-optimize-29\">BMW E90 E91 LCI dubult\u0101s restes<\/h5>\n","protected":false},"featured_media":48832,"comment_status":"open","ping_status":"closed","template":"","meta":[],"product_brand":[],"product_cat":[234],"product_tag":[],"class_list":{"0":"post-48836","1":"product","2":"type-product","3":"status-publish","4":"has-post-thumbnail","6":"product_cat-e90-e91","8":"first","9":"instock","10":"shipping-taxable","11":"purchasable","12":"product-type-simple"},"yoast_head":"<!-- This site is optimized with the Yoast SEO Premium plugin v25.2 (Yoast SEO v27.4) - https:\/\/yoast.com\/product\/yoast-seo-premium-wordpress\/ -->\n<title>BMW E90 E91 LCI dubult\u0101s restes (2009\u20132013), mat\u0113tas melnas - Erformance.eu<\/title>\n<meta name=\"description\" content=\"BMW E90 E91 LCI dubult\u0101s restes (2009\u20132013), mat\u0113tas melnas. Piem\u0113rotas BMW 3. s\u0113rijas automa\u0161\u012bn\u0101m no 2009. l\u012bdz 2013. gadam. Augstas kvalit\u0101tes mat\u0113t\u0101s meln\u0101s restes.\" \/>\n<meta name=\"robots\" content=\"index, follow, max-snippet:-1, max-image-preview:large, max-video-preview:-1\" \/>\n<link rel=\"canonical\" href=\"https:\/\/erformance.eu\/lv\/produkts\/bmw-e90-e91-lci-dubultas-restes-2009-2013-matetas-melnas\/\" \/>\n<meta property=\"og:locale\" content=\"lv_LV\" \/>\n<meta property=\"og:type\" content=\"article\" \/>\n<meta property=\"og:title\" content=\"BMW E90 E91 LCI dubult\u0101s restes (2009\u20132013), mat\u0113tas melnas\" \/>\n<meta property=\"og:description\" content=\"BMW E90 E91 LCI dubult\u0101s restes (2009\u20132013), mat\u0113tas melnas. Piem\u0113rotas BMW 3. s\u0113rijas automa\u0161\u012bn\u0101m no 2009. l\u012bdz 2013. gadam. Augstas kvalit\u0101tes mat\u0113t\u0101s meln\u0101s restes.\" \/>\n<meta property=\"og:url\" content=\"https:\/\/erformance.eu\/lv\/produkts\/bmw-e90-e91-lci-dubultas-restes-2009-2013-matetas-melnas\/\" \/>\n<meta property=\"og:site_name\" content=\"Erformance.eu\" \/>\n<meta property=\"article:modified_time\" content=\"2026-03-26T00:10:46+00:00\" \/>\n<meta property=\"og:image\" content=\"https:\/\/erformance.eu\/wp-content\/uploads\/2025\/09\/bmw-e90-e91-lci-dvigubos-juodos-matines-groteles-1.webp\" \/>\n\t<meta property=\"og:image:width\" content=\"1080\" \/>\n\t<meta property=\"og:image:height\" content=\"1080\" \/>\n\t<meta property=\"og:image:type\" content=\"image\/webp\" \/>\n<meta name=\"twitter:card\" content=\"summary_large_image\" \/>\n<meta name=\"twitter:label1\" content=\"Est. reading time\" \/>\n\t<meta name=\"twitter:data1\" content=\"1 min\u016b\u0161u\" \/>\n<script type=\"application\/ld+json\" class=\"yoast-schema-graph\">{\"@context\":\"https:\\\/\\\/schema.org\",\"@graph\":[{\"@type\":\"WebPage\",\"@id\":\"https:\\\/\\\/erformance.eu\\\/lv\\\/produkts\\\/bmw-e90-e91-lci-dubultas-restes-2009-2013-matetas-melnas\\\/\",\"url\":\"https:\\\/\\\/erformance.eu\\\/lv\\\/produkts\\\/bmw-e90-e91-lci-dubultas-restes-2009-2013-matetas-melnas\\\/\",\"name\":\"BMW E90 E91 LCI dubult\u0101s restes (2009\u20132013), mat\u0113tas melnas - Erformance.eu\",\"isPartOf\":{\"@id\":\"https:\\\/\\\/erformance.eu\\\/lv\\\/#website\"},\"primaryImageOfPage\":{\"@id\":\"https:\\\/\\\/erformance.eu\\\/lv\\\/produkts\\\/bmw-e90-e91-lci-dubultas-restes-2009-2013-matetas-melnas\\\/#primaryimage\"},\"image\":{\"@id\":\"https:\\\/\\\/erformance.eu\\\/lv\\\/produkts\\\/bmw-e90-e91-lci-dubultas-restes-2009-2013-matetas-melnas\\\/#primaryimage\"},\"thumbnailUrl\":\"https:\\\/\\\/erformance.eu\\\/wp-content\\\/uploads\\\/2025\\\/09\\\/bmw-e90-e91-lci-dvigubos-juodos-matines-groteles-1.webp\",\"datePublished\":\"2025-09-08T21:47:30+00:00\",\"dateModified\":\"2026-03-26T00:10:46+00:00\",\"description\":\"BMW E90 E91 LCI dubult\u0101s restes (2009\u20132013), mat\u0113tas melnas. Piem\u0113rotas BMW 3. s\u0113rijas automa\u0161\u012bn\u0101m no 2009. l\u012bdz 2013. gadam. Augstas kvalit\u0101tes mat\u0113t\u0101s meln\u0101s restes.\",\"breadcrumb\":{\"@id\":\"https:\\\/\\\/erformance.eu\\\/lv\\\/produkts\\\/bmw-e90-e91-lci-dubultas-restes-2009-2013-matetas-melnas\\\/#breadcrumb\"},\"inLanguage\":\"lv-LV\",\"potentialAction\":[{\"@type\":\"ReadAction\",\"target\":[\"https:\\\/\\\/erformance.eu\\\/lv\\\/produkts\\\/bmw-e90-e91-lci-dubultas-restes-2009-2013-matetas-melnas\\\/\"]}]},{\"@type\":\"ImageObject\",\"inLanguage\":\"lv-LV\",\"@id\":\"https:\\\/\\\/erformance.eu\\\/lv\\\/produkts\\\/bmw-e90-e91-lci-dubultas-restes-2009-2013-matetas-melnas\\\/#primaryimage\",\"url\":\"https:\\\/\\\/erformance.eu\\\/wp-content\\\/uploads\\\/2025\\\/09\\\/bmw-e90-e91-lci-dvigubos-juodos-matines-groteles-1.webp\",\"contentUrl\":\"https:\\\/\\\/erformance.eu\\\/wp-content\\\/uploads\\\/2025\\\/09\\\/bmw-e90-e91-lci-dvigubos-juodos-matines-groteles-1.webp\",\"width\":1080,\"height\":1080,\"caption\":\"BMW E90 E91 LCI dubult\u0101s restes mat\u0113tas melnas (2009\u20132013) \u2013 galven\u0101s\"},{\"@type\":\"BreadcrumbList\",\"@id\":\"https:\\\/\\\/erformance.eu\\\/lv\\\/produkts\\\/bmw-e90-e91-lci-dubultas-restes-2009-2013-matetas-melnas\\\/#breadcrumb\",\"itemListElement\":[{\"@type\":\"ListItem\",\"position\":1,\"name\":\"Home\",\"item\":\"https:\\\/\\\/erformance.eu\\\/lv\\\/\"},{\"@type\":\"ListItem\",\"position\":2,\"name\":\"Veikals\",\"item\":\"https:\\\/\\\/erformance.eu\\\/lv\\\/veikals\\\/\"},{\"@type\":\"ListItem\",\"position\":3,\"name\":\"BMW E90 E91 LCI dubult\u0101s restes (2009\u20132013), mat\u0113tas melnas\"}]},{\"@type\":\"WebSite\",\"@id\":\"https:\\\/\\\/erformance.eu\\\/lv\\\/#website\",\"url\":\"https:\\\/\\\/erformance.eu\\\/lv\\\/\",\"name\":\"Erformance.eu\",\"description\":\"Automobili\u0173 dali\u0173 parduotuv\u0117\",\"potentialAction\":[{\"@type\":\"SearchAction\",\"target\":{\"@type\":\"EntryPoint\",\"urlTemplate\":\"https:\\\/\\\/erformance.eu\\\/lv\\\/?s={search_term_string}\"},\"query-input\":{\"@type\":\"PropertyValueSpecification\",\"valueRequired\":true,\"valueName\":\"search_term_string\"}}],\"inLanguage\":\"lv-LV\"}]}<\/script>\n<!-- \/ Yoast SEO Premium plugin. -->","yoast_head_json":{"title":"BMW E90 E91 LCI dubult\u0101s restes (2009\u20132013), mat\u0113tas melnas - Erformance.eu","description":"BMW E90 E91 LCI dubult\u0101s restes (2009\u20132013), mat\u0113tas melnas. Piem\u0113rotas BMW 3. s\u0113rijas automa\u0161\u012bn\u0101m no 2009. l\u012bdz 2013. gadam. Augstas kvalit\u0101tes mat\u0113t\u0101s meln\u0101s restes.","robots":{"index":"index","follow":"follow","max-snippet":"max-snippet:-1","max-image-preview":"max-image-preview:large","max-video-preview":"max-video-preview:-1"},"canonical":"https:\/\/erformance.eu\/lv\/produkts\/bmw-e90-e91-lci-dubultas-restes-2009-2013-matetas-melnas\/","og_locale":"lv_LV","og_type":"article","og_title":"BMW E90 E91 LCI dubult\u0101s restes (2009\u20132013), mat\u0113tas melnas","og_description":"BMW E90 E91 LCI dubult\u0101s restes (2009\u20132013), mat\u0113tas melnas. Piem\u0113rotas BMW 3. s\u0113rijas automa\u0161\u012bn\u0101m no 2009. l\u012bdz 2013. gadam. Augstas kvalit\u0101tes mat\u0113t\u0101s meln\u0101s restes.","og_url":"https:\/\/erformance.eu\/lv\/produkts\/bmw-e90-e91-lci-dubultas-restes-2009-2013-matetas-melnas\/","og_site_name":"Erformance.eu","article_modified_time":"2026-03-26T00:10:46+00:00","og_image":[{"width":1080,"height":1080,"url":"https:\/\/erformance.eu\/wp-content\/uploads\/2025\/09\/bmw-e90-e91-lci-dvigubos-juodos-matines-groteles-1.webp","type":"image\/webp"}],"twitter_card":"summary_large_image","twitter_misc":{"Est. reading time":"1 min\u016b\u0161u"},"schema":{"@context":"https:\/\/schema.org","@graph":[{"@type":"WebPage","@id":"https:\/\/erformance.eu\/lv\/produkts\/bmw-e90-e91-lci-dubultas-restes-2009-2013-matetas-melnas\/","url":"https:\/\/erformance.eu\/lv\/produkts\/bmw-e90-e91-lci-dubultas-restes-2009-2013-matetas-melnas\/","name":"BMW E90 E91 LCI dubult\u0101s restes (2009\u20132013), mat\u0113tas melnas - Erformance.eu","isPartOf":{"@id":"https:\/\/erformance.eu\/lv\/#website"},"primaryImageOfPage":{"@id":"https:\/\/erformance.eu\/lv\/produkts\/bmw-e90-e91-lci-dubultas-restes-2009-2013-matetas-melnas\/#primaryimage"},"image":{"@id":"https:\/\/erformance.eu\/lv\/produkts\/bmw-e90-e91-lci-dubultas-restes-2009-2013-matetas-melnas\/#primaryimage"},"thumbnailUrl":"https:\/\/erformance.eu\/wp-content\/uploads\/2025\/09\/bmw-e90-e91-lci-dvigubos-juodos-matines-groteles-1.webp","datePublished":"2025-09-08T21:47:30+00:00","dateModified":"2026-03-26T00:10:46+00:00","description":"BMW E90 E91 LCI dubult\u0101s restes (2009\u20132013), mat\u0113tas melnas. Piem\u0113rotas BMW 3. s\u0113rijas automa\u0161\u012bn\u0101m no 2009. l\u012bdz 2013. gadam. Augstas kvalit\u0101tes mat\u0113t\u0101s meln\u0101s restes.","breadcrumb":{"@id":"https:\/\/erformance.eu\/lv\/produkts\/bmw-e90-e91-lci-dubultas-restes-2009-2013-matetas-melnas\/#breadcrumb"},"inLanguage":"lv-LV","potentialAction":[{"@type":"ReadAction","target":["https:\/\/erformance.eu\/lv\/produkts\/bmw-e90-e91-lci-dubultas-restes-2009-2013-matetas-melnas\/"]}]},{"@type":"ImageObject","inLanguage":"lv-LV","@id":"https:\/\/erformance.eu\/lv\/produkts\/bmw-e90-e91-lci-dubultas-restes-2009-2013-matetas-melnas\/#primaryimage","url":"https:\/\/erformance.eu\/wp-content\/uploads\/2025\/09\/bmw-e90-e91-lci-dvigubos-juodos-matines-groteles-1.webp","contentUrl":"https:\/\/erformance.eu\/wp-content\/uploads\/2025\/09\/bmw-e90-e91-lci-dvigubos-juodos-matines-groteles-1.webp","width":1080,"height":1080,"caption":"BMW E90 E91 LCI dubult\u0101s restes mat\u0113tas melnas (2009\u20132013) \u2013 galven\u0101s"},{"@type":"BreadcrumbList","@id":"https:\/\/erformance.eu\/lv\/produkts\/bmw-e90-e91-lci-dubultas-restes-2009-2013-matetas-melnas\/#breadcrumb","itemListElement":[{"@type":"ListItem","position":1,"name":"Home","item":"https:\/\/erformance.eu\/lv\/"},{"@type":"ListItem","position":2,"name":"Veikals","item":"https:\/\/erformance.eu\/lv\/veikals\/"},{"@type":"ListItem","position":3,"name":"BMW E90 E91 LCI dubult\u0101s restes (2009\u20132013), mat\u0113tas melnas"}]},{"@type":"WebSite","@id":"https:\/\/erformance.eu\/lv\/#website","url":"https:\/\/erformance.eu\/lv\/","name":"Erformance.eu","description":"Automobili\u0173 dali\u0173 parduotuv\u0117","potentialAction":[{"@type":"SearchAction","target":{"@type":"EntryPoint","urlTemplate":"https:\/\/erformance.eu\/lv\/?s={search_term_string}"},"query-input":{"@type":"PropertyValueSpecification","valueRequired":true,"valueName":"search_term_string"}}],"inLanguage":"lv-LV"}]}},"jetpack_sharing_enabled":true,"_links":{"self":[{"href":"https:\/\/erformance.eu\/lv\/wp-json\/wp\/v2\/product\/48836","targetHints":{"allow":["GET"]}}],"collection":[{"href":"https:\/\/erformance.eu\/lv\/wp-json\/wp\/v2\/product"}],"about":[{"href":"https:\/\/erformance.eu\/lv\/wp-json\/wp\/v2\/types\/product"}],"replies":[{"embeddable":true,"href":"https:\/\/erformance.eu\/lv\/wp-json\/wp\/v2\/comments?post=48836"}],"version-history":[{"count":1,"href":"https:\/\/erformance.eu\/lv\/wp-json\/wp\/v2\/product\/48836\/revisions"}],"predecessor-version":[{"id":66164,"href":"https:\/\/erformance.eu\/lv\/wp-json\/wp\/v2\/product\/48836\/revisions\/66164"}],"wp:featuredmedia":[{"embeddable":true,"href":"https:\/\/erformance.eu\/lv\/wp-json\/wp\/v2\/media\/48832"}],"wp:attachment":[{"href":"https:\/\/erformance.eu\/lv\/wp-json\/wp\/v2\/media?parent=48836"}],"wp:term":[{"taxonomy":"product_brand","embeddable":true,"href":"https:\/\/erformance.eu\/lv\/wp-json\/wp\/v2\/product_brand?post=48836"},{"taxonomy":"product_cat","embeddable":true,"href":"https:\/\/erformance.eu\/lv\/wp-json\/wp\/v2\/product_cat?post=48836"},{"taxonomy":"product_tag","embeddable":true,"href":"https:\/\/erformance.eu\/lv\/wp-json\/wp\/v2\/product_tag?post=48836"}],"curies":[{"name":"wp","href":"https:\/\/api.w.org\/{rel}","templated":true}]}}