{"id":48912,"date":"2025-08-27T01:22:33","date_gmt":"2025-08-26T22:22:33","guid":{"rendered":"https:\/\/erformance.eu\/produktas\/bmw-g01-g02-dubultas-restes-pre-lci-spidigi-melnas\/"},"modified":"2026-03-26T03:11:42","modified_gmt":"2026-03-26T00:11:42","slug":"bmw-g01-g02-dubultas-restes-pre-lci-spidigi-melnas","status":"publish","type":"product","link":"https:\/\/erformance.eu\/lv\/produkts\/bmw-g01-g02-dubultas-restes-pre-lci-spidigi-melnas\/","title":{"rendered":"BMW G01 G02 dubult\u0101s restes PRE LCI, sp\u012bd\u012bgi melnas"},"content":{"rendered":"<ul>\n<li class=\"ai-optimize-32 ai-optimize-introduction\">BMW G01 G02 dubult\u0101s restes PRE LCI, sp\u012bd\u012bgi melnas.<\/li>\n<\/ul>\n<p class=\"ai-optimize-26\"><strong>Komplekt\u0101 ietilpst:<\/strong><\/p>\n<ul>\n<li class=\"ai-optimize-25\">2 gab. dubult\u0101s meln\u0101s restes (kreis\u0101 un lab\u0101 puse).<\/li>\n<\/ul>\n<p class=\"ai-optimize-35\"><strong>Kr\u0101sa:<\/strong><\/p>\n<ul>\n<li class=\"ai-optimize-35\">Melna, glanc\u0113ta (Black gloss)<\/li>\n<\/ul>\n<p class=\"ai-optimize-36\"><strong>\u012apa\u0161\u012bbas:<\/strong><\/p>\n<ul>\n<li class=\"ai-optimize-29\">Dubult\u0101s restes izgatavotas no iztur\u012bga ABS plastmasas.<\/li>\n<li class=\"ai-optimize-30\">Iztur\u012bgi, augstas kvalit\u0101tes stiprin\u0101jumi<\/li>\n<li class=\"ai-optimize-31\">Restes ar augstas kvalit\u0101tes kr\u0101sojumu, kas saglab\u0101s sp\u012bdumu un kalpos ilgu laiku.<\/li>\n<li class=\"ai-optimize-32\">Viegli uzst\u0101d\u0101ms, stiprin\u0101jumi atbilst ori\u0123in\u0101laj\u0101m viet\u0101m.<\/li>\n<li class=\"ai-optimize-31\">\u0160\u012bs dubult\u0101s meln\u0101s restes ir piem\u0113rotas visiem BMW G01 G02 PRE LCI bamperiem (standarta, M Sport).<\/li>\n<\/ul>\n<p class=\"ai-optimize-38\"><strong>Piem\u0113rot\u012bba:<\/strong><\/p>\n<ul>\n<li class=\"ai-optimize-31\"><strong>BMW G01 X3 s\u0113rija PRE LCI<\/strong>, 2017-2021.<\/li>\n<li class=\"ai-optimize-27\"><strong>BMW G02 X4 s\u0113rija PRE LCI,<\/strong> 2017-2021.<\/li>\n<\/ul>\n<p class=\"ai-optimize-41\">Atjaunojiet automobi\u013ca izskatu un pie\u0161\u0137iriet agres\u012bvu un modernu stilu.<\/p>\n<p class=\"ai-optimize-42\">Erformance.eu elektroniskaj\u0101 veikal\u0101 atrad\u012bsiet pla\u0161u pre\u010du kl\u0101stu savam <a href=\"https:\/\/erformance.eu\/lv\/produkta-kategorija\/bmw\/x3-serija\/g01\/\">BMW G01 G02 PRE LCI \u2013 LCI<\/a> automobilim. No maz\u0101kajiem aksesu\u0101riem l\u012bdz pla\u0161am t\u016bninga deta\u013cu kl\u0101stam.<\/p>\n<p class=\"ai-optimize-29\">\nPreces atrod\u0101s noliktav\u0101 Lietuv\u0101, t\u0101p\u0113c varam garant\u0113t \u0101tru pieg\u0101di (1\u20132 darba dienas).<\/p>\n","protected":false},"excerpt":{"rendered":"<h5 class=\"ai-optimize-30\">BMW G01 G02 PRE LCI restes<\/h5>\n","protected":false},"featured_media":48906,"comment_status":"open","ping_status":"closed","template":"","meta":[],"product_brand":[],"product_cat":[206,328,334],"product_tag":[],"class_list":{"0":"post-48912","1":"product","2":"type-product","3":"status-publish","4":"has-post-thumbnail","6":"product_cat-bmw","7":"product_cat-g01","8":"product_cat-g02","10":"first","11":"instock","12":"shipping-taxable","13":"purchasable","14":"product-type-simple"},"yoast_head":"<!-- This site is optimized with the Yoast SEO Premium plugin v25.2 (Yoast SEO v27.5) - https:\/\/yoast.com\/product\/yoast-seo-premium-wordpress\/ -->\n<title>BMW G01 G02 dubult\u0101s restes PRE LCI, sp\u012bd\u012bgi melnas - Erformance.eu<\/title>\n<meta name=\"description\" content=\"BMW G01 G02 dubult\u0101s restes PRE LCI, sp\u012bd\u012bgi melnas. Augstas kvalit\u0101tes restes. Piem\u0113rotas X3 un X4 mode\u013ciem no 2017. l\u012bdz 2022. gadam.\" \/>\n<meta name=\"robots\" content=\"index, follow, max-snippet:-1, max-image-preview:large, max-video-preview:-1\" \/>\n<link rel=\"canonical\" href=\"https:\/\/erformance.eu\/lv\/produkts\/bmw-g01-g02-dubultas-restes-pre-lci-spidigi-melnas\/\" \/>\n<meta property=\"og:locale\" content=\"lv_LV\" \/>\n<meta property=\"og:type\" content=\"article\" \/>\n<meta property=\"og:title\" content=\"BMW G01 G02 dubult\u0101s restes PRE LCI, sp\u012bd\u012bgi melnas\" \/>\n<meta property=\"og:description\" content=\"BMW G01 G02 dubult\u0101s restes PRE LCI, sp\u012bd\u012bgi melnas. Augstas kvalit\u0101tes restes. Piem\u0113rotas X3 un X4 mode\u013ciem no 2017. l\u012bdz 2022. gadam.\" \/>\n<meta property=\"og:url\" content=\"https:\/\/erformance.eu\/lv\/produkts\/bmw-g01-g02-dubultas-restes-pre-lci-spidigi-melnas\/\" \/>\n<meta property=\"og:site_name\" content=\"Erformance.eu\" \/>\n<meta property=\"article:modified_time\" content=\"2026-03-26T00:11:42+00:00\" \/>\n<meta property=\"og:image\" content=\"https:\/\/erformance.eu\/wp-content\/uploads\/2025\/08\/bmw-g01-prelci-dvigubos-groteles-juodos-blizgios-1.webp\" \/>\n\t<meta property=\"og:image:width\" content=\"1080\" \/>\n\t<meta property=\"og:image:height\" content=\"1080\" \/>\n\t<meta property=\"og:image:type\" content=\"image\/webp\" \/>\n<meta name=\"twitter:card\" content=\"summary_large_image\" \/>\n<meta name=\"twitter:label1\" content=\"Est. reading time\" \/>\n\t<meta name=\"twitter:data1\" content=\"1 min\u016b\u0161u\" \/>\n<script type=\"application\/ld+json\" class=\"yoast-schema-graph\">{\"@context\":\"https:\\\/\\\/schema.org\",\"@graph\":[{\"@type\":\"WebPage\",\"@id\":\"https:\\\/\\\/erformance.eu\\\/lv\\\/produkts\\\/bmw-g01-g02-dubultas-restes-pre-lci-spidigi-melnas\\\/\",\"url\":\"https:\\\/\\\/erformance.eu\\\/lv\\\/produkts\\\/bmw-g01-g02-dubultas-restes-pre-lci-spidigi-melnas\\\/\",\"name\":\"BMW G01 G02 dubult\u0101s restes PRE LCI, sp\u012bd\u012bgi melnas - Erformance.eu\",\"isPartOf\":{\"@id\":\"https:\\\/\\\/erformance.eu\\\/lv\\\/#website\"},\"primaryImageOfPage\":{\"@id\":\"https:\\\/\\\/erformance.eu\\\/lv\\\/produkts\\\/bmw-g01-g02-dubultas-restes-pre-lci-spidigi-melnas\\\/#primaryimage\"},\"image\":{\"@id\":\"https:\\\/\\\/erformance.eu\\\/lv\\\/produkts\\\/bmw-g01-g02-dubultas-restes-pre-lci-spidigi-melnas\\\/#primaryimage\"},\"thumbnailUrl\":\"https:\\\/\\\/erformance.eu\\\/wp-content\\\/uploads\\\/2025\\\/08\\\/bmw-g01-prelci-dvigubos-groteles-juodos-blizgios-1.webp\",\"datePublished\":\"2025-08-26T22:22:33+00:00\",\"dateModified\":\"2026-03-26T00:11:42+00:00\",\"description\":\"BMW G01 G02 dubult\u0101s restes PRE LCI, sp\u012bd\u012bgi melnas. Augstas kvalit\u0101tes restes. Piem\u0113rotas X3 un X4 mode\u013ciem no 2017. l\u012bdz 2022. gadam.\",\"breadcrumb\":{\"@id\":\"https:\\\/\\\/erformance.eu\\\/lv\\\/produkts\\\/bmw-g01-g02-dubultas-restes-pre-lci-spidigi-melnas\\\/#breadcrumb\"},\"inLanguage\":\"lv-LV\",\"potentialAction\":[{\"@type\":\"ReadAction\",\"target\":[\"https:\\\/\\\/erformance.eu\\\/lv\\\/produkts\\\/bmw-g01-g02-dubultas-restes-pre-lci-spidigi-melnas\\\/\"]}]},{\"@type\":\"ImageObject\",\"inLanguage\":\"lv-LV\",\"@id\":\"https:\\\/\\\/erformance.eu\\\/lv\\\/produkts\\\/bmw-g01-g02-dubultas-restes-pre-lci-spidigi-melnas\\\/#primaryimage\",\"url\":\"https:\\\/\\\/erformance.eu\\\/wp-content\\\/uploads\\\/2025\\\/08\\\/bmw-g01-prelci-dvigubos-groteles-juodos-blizgios-1.webp\",\"contentUrl\":\"https:\\\/\\\/erformance.eu\\\/wp-content\\\/uploads\\\/2025\\\/08\\\/bmw-g01-prelci-dvigubos-groteles-juodos-blizgios-1.webp\",\"width\":1080,\"height\":1080,\"caption\":\"BMW G01 G02 dubult\u0101s restes PRE LCI sp\u012bd\u012bgi melnas \u2013 galven\u0101s\"},{\"@type\":\"BreadcrumbList\",\"@id\":\"https:\\\/\\\/erformance.eu\\\/lv\\\/produkts\\\/bmw-g01-g02-dubultas-restes-pre-lci-spidigi-melnas\\\/#breadcrumb\",\"itemListElement\":[{\"@type\":\"ListItem\",\"position\":1,\"name\":\"Home\",\"item\":\"https:\\\/\\\/erformance.eu\\\/lv\\\/\"},{\"@type\":\"ListItem\",\"position\":2,\"name\":\"Veikals\",\"item\":\"https:\\\/\\\/erformance.eu\\\/lv\\\/veikals\\\/\"},{\"@type\":\"ListItem\",\"position\":3,\"name\":\"BMW G01 G02 dubult\u0101s restes PRE LCI, sp\u012bd\u012bgi melnas\"}]},{\"@type\":\"WebSite\",\"@id\":\"https:\\\/\\\/erformance.eu\\\/lv\\\/#website\",\"url\":\"https:\\\/\\\/erformance.eu\\\/lv\\\/\",\"name\":\"Erformance.eu\",\"description\":\"Automobili\u0173 dali\u0173 parduotuv\u0117\",\"potentialAction\":[{\"@type\":\"SearchAction\",\"target\":{\"@type\":\"EntryPoint\",\"urlTemplate\":\"https:\\\/\\\/erformance.eu\\\/lv\\\/?s={search_term_string}\"},\"query-input\":{\"@type\":\"PropertyValueSpecification\",\"valueRequired\":true,\"valueName\":\"search_term_string\"}}],\"inLanguage\":\"lv-LV\"}]}<\/script>\n<!-- \/ Yoast SEO Premium plugin. -->","yoast_head_json":{"title":"BMW G01 G02 dubult\u0101s restes PRE LCI, sp\u012bd\u012bgi melnas - Erformance.eu","description":"BMW G01 G02 dubult\u0101s restes PRE LCI, sp\u012bd\u012bgi melnas. Augstas kvalit\u0101tes restes. Piem\u0113rotas X3 un X4 mode\u013ciem no 2017. l\u012bdz 2022. gadam.","robots":{"index":"index","follow":"follow","max-snippet":"max-snippet:-1","max-image-preview":"max-image-preview:large","max-video-preview":"max-video-preview:-1"},"canonical":"https:\/\/erformance.eu\/lv\/produkts\/bmw-g01-g02-dubultas-restes-pre-lci-spidigi-melnas\/","og_locale":"lv_LV","og_type":"article","og_title":"BMW G01 G02 dubult\u0101s restes PRE LCI, sp\u012bd\u012bgi melnas","og_description":"BMW G01 G02 dubult\u0101s restes PRE LCI, sp\u012bd\u012bgi melnas. Augstas kvalit\u0101tes restes. Piem\u0113rotas X3 un X4 mode\u013ciem no 2017. l\u012bdz 2022. gadam.","og_url":"https:\/\/erformance.eu\/lv\/produkts\/bmw-g01-g02-dubultas-restes-pre-lci-spidigi-melnas\/","og_site_name":"Erformance.eu","article_modified_time":"2026-03-26T00:11:42+00:00","og_image":[{"width":1080,"height":1080,"url":"https:\/\/erformance.eu\/wp-content\/uploads\/2025\/08\/bmw-g01-prelci-dvigubos-groteles-juodos-blizgios-1.webp","type":"image\/webp"}],"twitter_card":"summary_large_image","twitter_misc":{"Est. reading time":"1 min\u016b\u0161u"},"schema":{"@context":"https:\/\/schema.org","@graph":[{"@type":"WebPage","@id":"https:\/\/erformance.eu\/lv\/produkts\/bmw-g01-g02-dubultas-restes-pre-lci-spidigi-melnas\/","url":"https:\/\/erformance.eu\/lv\/produkts\/bmw-g01-g02-dubultas-restes-pre-lci-spidigi-melnas\/","name":"BMW G01 G02 dubult\u0101s restes PRE LCI, sp\u012bd\u012bgi melnas - Erformance.eu","isPartOf":{"@id":"https:\/\/erformance.eu\/lv\/#website"},"primaryImageOfPage":{"@id":"https:\/\/erformance.eu\/lv\/produkts\/bmw-g01-g02-dubultas-restes-pre-lci-spidigi-melnas\/#primaryimage"},"image":{"@id":"https:\/\/erformance.eu\/lv\/produkts\/bmw-g01-g02-dubultas-restes-pre-lci-spidigi-melnas\/#primaryimage"},"thumbnailUrl":"https:\/\/erformance.eu\/wp-content\/uploads\/2025\/08\/bmw-g01-prelci-dvigubos-groteles-juodos-blizgios-1.webp","datePublished":"2025-08-26T22:22:33+00:00","dateModified":"2026-03-26T00:11:42+00:00","description":"BMW G01 G02 dubult\u0101s restes PRE LCI, sp\u012bd\u012bgi melnas. Augstas kvalit\u0101tes restes. Piem\u0113rotas X3 un X4 mode\u013ciem no 2017. l\u012bdz 2022. gadam.","breadcrumb":{"@id":"https:\/\/erformance.eu\/lv\/produkts\/bmw-g01-g02-dubultas-restes-pre-lci-spidigi-melnas\/#breadcrumb"},"inLanguage":"lv-LV","potentialAction":[{"@type":"ReadAction","target":["https:\/\/erformance.eu\/lv\/produkts\/bmw-g01-g02-dubultas-restes-pre-lci-spidigi-melnas\/"]}]},{"@type":"ImageObject","inLanguage":"lv-LV","@id":"https:\/\/erformance.eu\/lv\/produkts\/bmw-g01-g02-dubultas-restes-pre-lci-spidigi-melnas\/#primaryimage","url":"https:\/\/erformance.eu\/wp-content\/uploads\/2025\/08\/bmw-g01-prelci-dvigubos-groteles-juodos-blizgios-1.webp","contentUrl":"https:\/\/erformance.eu\/wp-content\/uploads\/2025\/08\/bmw-g01-prelci-dvigubos-groteles-juodos-blizgios-1.webp","width":1080,"height":1080,"caption":"BMW G01 G02 dubult\u0101s restes PRE LCI sp\u012bd\u012bgi melnas \u2013 galven\u0101s"},{"@type":"BreadcrumbList","@id":"https:\/\/erformance.eu\/lv\/produkts\/bmw-g01-g02-dubultas-restes-pre-lci-spidigi-melnas\/#breadcrumb","itemListElement":[{"@type":"ListItem","position":1,"name":"Home","item":"https:\/\/erformance.eu\/lv\/"},{"@type":"ListItem","position":2,"name":"Veikals","item":"https:\/\/erformance.eu\/lv\/veikals\/"},{"@type":"ListItem","position":3,"name":"BMW G01 G02 dubult\u0101s restes PRE LCI, sp\u012bd\u012bgi melnas"}]},{"@type":"WebSite","@id":"https:\/\/erformance.eu\/lv\/#website","url":"https:\/\/erformance.eu\/lv\/","name":"Erformance.eu","description":"Automobili\u0173 dali\u0173 parduotuv\u0117","potentialAction":[{"@type":"SearchAction","target":{"@type":"EntryPoint","urlTemplate":"https:\/\/erformance.eu\/lv\/?s={search_term_string}"},"query-input":{"@type":"PropertyValueSpecification","valueRequired":true,"valueName":"search_term_string"}}],"inLanguage":"lv-LV"}]}},"jetpack_sharing_enabled":true,"_links":{"self":[{"href":"https:\/\/erformance.eu\/lv\/wp-json\/wp\/v2\/product\/48912","targetHints":{"allow":["GET"]}}],"collection":[{"href":"https:\/\/erformance.eu\/lv\/wp-json\/wp\/v2\/product"}],"about":[{"href":"https:\/\/erformance.eu\/lv\/wp-json\/wp\/v2\/types\/product"}],"replies":[{"embeddable":true,"href":"https:\/\/erformance.eu\/lv\/wp-json\/wp\/v2\/comments?post=48912"}],"version-history":[{"count":1,"href":"https:\/\/erformance.eu\/lv\/wp-json\/wp\/v2\/product\/48912\/revisions"}],"predecessor-version":[{"id":66167,"href":"https:\/\/erformance.eu\/lv\/wp-json\/wp\/v2\/product\/48912\/revisions\/66167"}],"wp:featuredmedia":[{"embeddable":true,"href":"https:\/\/erformance.eu\/lv\/wp-json\/wp\/v2\/media\/48906"}],"wp:attachment":[{"href":"https:\/\/erformance.eu\/lv\/wp-json\/wp\/v2\/media?parent=48912"}],"wp:term":[{"taxonomy":"product_brand","embeddable":true,"href":"https:\/\/erformance.eu\/lv\/wp-json\/wp\/v2\/product_brand?post=48912"},{"taxonomy":"product_cat","embeddable":true,"href":"https:\/\/erformance.eu\/lv\/wp-json\/wp\/v2\/product_cat?post=48912"},{"taxonomy":"product_tag","embeddable":true,"href":"https:\/\/erformance.eu\/lv\/wp-json\/wp\/v2\/product_tag?post=48912"}],"curies":[{"name":"wp","href":"https:\/\/api.w.org\/{rel}","templated":true}]}}