{"id":56206,"date":"2026-02-16T14:15:10","date_gmt":"2026-02-16T11:15:10","guid":{"rendered":"https:\/\/erformance.eu\/?post_type=product&#038;p=56206"},"modified":"2026-02-16T14:15:11","modified_gmt":"2026-02-16T11:15:11","slug":"seat-toledo-ii-00-04-1-8-t-variklio-bloko-alsuoklio-zarnos-6-vnt-komplektas","status":"publish","type":"product","link":"https:\/\/erformance.eu\/lv\/produkts\/seat-toledo-ii-00-04-1-8-t-variklio-bloko-alsuoklio-zarnos-6-vnt-komplektas\/","title":{"rendered":"Seat Toledo II 00-04 1.8 T variklio bloko alsuoklio \u017earnos (6 vnt.) komplektas"},"content":{"rendered":"<p>Tema: Variklio bloko ventiliacijos \u017earnos:<\/p>\n<p>5 vnt. vamzdeli\u0173 + 1 vnt. vo\u017etuvo<\/p>\n<p>Originalus numeris:<\/p>\n<p>06A103221AH<br \/>\n06A103213AF<br \/>\n06A103213BG<br \/>\n06A103213F<br \/>\n06A103221AB<br \/>\n06A103221AF<br \/>\n06A103221BG<br \/>\n06A103221BH<br \/>\n06A103221BK<br \/>\n035103245A<br \/>\n035103245G<br \/>\n058103247<br \/>\n06A103247<br \/>\n06A 103 221 AH<br \/>\n06A 103 213 AF<br \/>\n06A 103 213 BG<br \/>\n06A 103 213 F<br \/>\n06A 103 221 AB<br \/>\n06A 103 221 AF<br \/>\n06A 103 221 BG<br \/>\n06A 103 221 BH<br \/>\n06A 103 221 BK<br \/>\n035 103 245 A<br \/>\n035 103 245 G<br \/>\n058 103 247<br \/>\n06A 103 247<\/p>\n<p>UWAGA! powy\u017csze numery s\u0105 numerami oryginalnych cz\u0119\u015bci kt\u00f3rych przedmiot z niniejszej oferty jest zamiennikiem. Przed zakupem nale\u017cy je bezwzgl\u0119dnie por\u00f3wna\u0107 z numerem oryginalnej wymienianej cz\u0119\u015bci. Je\u017celi r\u00f3\u017cni\u0105 si\u0119 chocia\u017cby jednym znakiem to ta cz\u0119\u015b\u0107 nie b\u0119dzie pasowa\u0142a lub nie b\u0119dzie dzia\u0142a\u0142a lub nie b\u0119dzie dzia\u0142a\u0142a prawid\u0142owo. W takim wypadku nie nale\u017cy jej kupowa\u0107<br \/>\nSamoch\u00f3d:<br \/>\nAudi A3 (8L1), rok produkcji: 1996-2003<\/p>\n<p>1.8 T (AGU AQA ARZ AUM) 1781ccm 150KM\/110kW 1996\/12-2003\/05<br \/>\n1.8 T (AJQ APP ARY AUQ) 1781ccm 180KM\/132kW 1998\/12-2003\/05<br \/>\n1.8 T quattro (AGU AQA ARX) 1781ccm 150KM\/110kW 1996\/12-2003\/05<br \/>\n1.8 T quattro (AJQ ARY) 1781ccm 180KM\/132kW 1998\/10-2003\/05<\/p>\n<p>Audi TT (8N3), rok produkcji: 1998-2006<\/p>\n<p>1.8 T (AJQ APP ATC AUQ AWP) 1781ccm 180KM\/132kW 1998\/10-2006\/06<br \/>\n1.8 T (AUM) 1781ccm 150KM\/110kW 2002\/09-2006\/06<br \/>\n1.8 T (BVP) 1781ccm 163KM\/120kW 2005\/09-2006\/06<br \/>\n1.8 T (BVR) 1781ccm 190KM\/140kW 2005\/09-2006\/06<br \/>\n1.8 T quattro (AJQ ARY ATC AUQ) 1781ccm 180KM\/132kW 1998\/10-2006\/06<\/p>\n<p>Audi TT Roadster (8N9), rok produkcji: 1999-2006<\/p>\n<p>1.8 T (AJQ APP ATC AUQ AWP) 1781ccm 180KM\/132kW 1999\/10-2006\/06<br \/>\n1.8 T (AUM) 1781ccm 150KM\/110kW 2001\/01-2006\/06<br \/>\n1.8 T (BVP) 1781ccm 163KM\/120kW 2005\/09-2006\/06<br \/>\n1.8 T (BVR) 1781ccm 190KM\/140kW 2005\/09-2006\/06<br \/>\n1.8 T quattro (AJQ ARY AUQ) 1781ccm 180KM\/132kW 2000\/02-2006\/06<br \/>\n1.8 T quattro (BVR) 1781ccm 190KM\/140kW 2005\/09-2006\/06<\/p>\n<p>Seat LEON (1M1), rok produkcji: 1999-2006<\/p>\n<p>1.8 20V T (APP AUQ) 1781ccm 180KM\/132kW 1999\/11-2006\/06<br \/>\n1.8 20V T 4 (AJQ ARY) 1781ccm 180KM\/132kW 1999\/11-2006\/06<\/p>\n<p>Seat TOLEDO II (1M2), rok produkcji: 2000-2004<\/p>\n<p>1.8 20V T (APP ARY AUQ) 1781ccm 180KM\/132kW 2000\/09-2004\/07<\/p>\n<p>Skoda OCTAVIA I (1U2), rok produkcji: 1997-2010<\/p>\n<p>1.8 T (AGU ARX ARZ AUM) 1781ccm 150KM\/110kW 1997\/08-2010\/12<br \/>\n1.8 T 4&#215;4 (ARX) 1781ccm 150KM\/110kW 2001\/05-2006\/05<br \/>\nRS 1.8 T (AUQ) 1781ccm 180KM\/132kW 2001\/05-2006\/01<\/p>\n<p>Skoda OCTAVIA I Combi (1U5), rok produkcji: 1998-2010<\/p>\n<p>1.8 T (AGU ARX ARZ AUM) 1781ccm 150KM\/110kW 1998\/07-2010\/12<br \/>\n1.8 T 4&#215;4 (ARX) 1781ccm 150KM\/110kW 2001\/05-2006\/05<br \/>\nRS 1.8 T (AUQ) 1781ccm 180KM\/132kW 2002\/08-2006\/01<\/p>\n<p>Volkswagen BORA I (1J2), rok produkcji: 2000-2005<\/p>\n<p>1.8 T (AGU ARX AUM AWD AWW) 1781ccm 150KM\/110kW 2000\/05-2005\/05<br \/>\n1.8 T (AUQ AWP) 1781ccm 180KM\/132kW 2002\/03-2005\/05<\/p>\n<p>Volkswagen BORA Variant (1J6), rok produkcji: 2000-2005<\/p>\n<p>1.8 T (AGU ARX AUM AWD AWW) 1781ccm 150KM\/110kW 2000\/05-2005\/05<br \/>\n1.8 T (AUQ AWP) 1781ccm 180KM\/132kW 2002\/05-2005\/05<\/p>\n<p>Volkswagen GOLF IV (1J1), rok produkcji: 1997-2005<\/p>\n<p>1.8 T (AGU AQA ARZ AUM AWD AWW) 1781ccm 150KM\/110kW 1997\/08-2005\/06<br \/>\n1.8 T GTI (AUQ AWP) 1781ccm 180KM\/132kW 2001\/08-2005\/06<\/p>\n<p>Volkswagen GOLF IV Variant (1J5), rok produkcji: 2000-2006<\/p>\n<p>1.8 T (AGU ARZ AUM) 1781ccm 150KM\/110kW 2000\/05-2006\/06<\/p>\n<p>Producent: zamiennik<br \/>\nStan techniczny: przedmiot jest fabrycznie NOWY, nieu\u017cywany, nieuszkodzony i niezniszczony<\/p>\n","protected":false},"excerpt":{"rendered":"<p>1. Tema: Variklio bloko alsuoklio \u017earnos2. Gamintojas: pakeitimas3. Automobilis:* Audi A3 8L 96-03* Audi TT 8N 98-06* Seat Leon 99-06* Seat Toledo II 00-04* \u0160koda Octavia I 97-10* VW Bora 00-05* VW Golf IV 97-064. Variklis: 1.8T<\/p>\n","protected":false},"featured_media":49183,"comment_status":"open","ping_status":"closed","template":"","meta":[],"product_brand":[],"product_cat":[144],"product_tag":[],"class_list":{"0":"post-56206","1":"product","2":"type-product","3":"status-publish","4":"has-post-thumbnail","6":"product_cat-audi","8":"first","9":"instock","10":"shipping-taxable","11":"purchasable","12":"product-type-simple"},"yoast_head":"<!-- This site is optimized with the Yoast SEO Premium plugin v25.2 (Yoast SEO v27.4) - https:\/\/yoast.com\/product\/yoast-seo-premium-wordpress\/ -->\n<title>Seat Toledo II 00-04 1.8 T variklio bloko alsuoklio \u017earnos (6 vnt.) komplektas - Erformance.eu<\/title>\n<meta name=\"robots\" content=\"index, follow, max-snippet:-1, max-image-preview:large, max-video-preview:-1\" \/>\n<link rel=\"canonical\" href=\"https:\/\/erformance.eu\/lv\/produkts\/seat-toledo-ii-00-04-1-8-t-variklio-bloko-alsuoklio-zarnos-6-vnt-komplektas\/\" \/>\n<meta property=\"og:locale\" content=\"lv_LV\" \/>\n<meta property=\"og:type\" content=\"article\" \/>\n<meta property=\"og:title\" content=\"Seat Toledo II 00-04 1.8 T variklio bloko alsuoklio \u017earnos (6 vnt.) komplektas\" \/>\n<meta property=\"og:description\" content=\"1. Tema: Variklio bloko alsuoklio \u017earnos2. Gamintojas: pakeitimas3. Automobilis:* Audi A3 8L 96-03* Audi TT 8N 98-06* Seat Leon 99-06* Seat Toledo II 00-04* \u0160koda Octavia I 97-10* VW Bora 00-05* VW Golf IV 97-064. Variklis: 1.8T\" \/>\n<meta property=\"og:url\" content=\"https:\/\/erformance.eu\/lv\/produkts\/seat-toledo-ii-00-04-1-8-t-variklio-bloko-alsuoklio-zarnos-6-vnt-komplektas\/\" \/>\n<meta property=\"og:site_name\" content=\"Erformance.eu\" \/>\n<meta property=\"article:modified_time\" content=\"2026-02-16T11:15:11+00:00\" \/>\n<meta name=\"twitter:card\" content=\"summary_large_image\" \/>\n<meta name=\"twitter:label1\" content=\"Est. reading time\" \/>\n\t<meta name=\"twitter:data1\" content=\"2 min\u016btes\" \/>\n<script type=\"application\/ld+json\" class=\"yoast-schema-graph\">{\"@context\":\"https:\\\/\\\/schema.org\",\"@graph\":[{\"@type\":\"WebPage\",\"@id\":\"https:\\\/\\\/erformance.eu\\\/lv\\\/produkts\\\/seat-toledo-ii-00-04-1-8-t-variklio-bloko-alsuoklio-zarnos-6-vnt-komplektas\\\/\",\"url\":\"https:\\\/\\\/erformance.eu\\\/lv\\\/produkts\\\/seat-toledo-ii-00-04-1-8-t-variklio-bloko-alsuoklio-zarnos-6-vnt-komplektas\\\/\",\"name\":\"Seat Toledo II 00-04 1.8 T variklio bloko alsuoklio \u017earnos (6 vnt.) komplektas - Erformance.eu\",\"isPartOf\":{\"@id\":\"https:\\\/\\\/erformance.eu\\\/lv\\\/#website\"},\"primaryImageOfPage\":{\"@id\":\"https:\\\/\\\/erformance.eu\\\/lv\\\/produkts\\\/seat-toledo-ii-00-04-1-8-t-variklio-bloko-alsuoklio-zarnos-6-vnt-komplektas\\\/#primaryimage\"},\"image\":{\"@id\":\"https:\\\/\\\/erformance.eu\\\/lv\\\/produkts\\\/seat-toledo-ii-00-04-1-8-t-variklio-bloko-alsuoklio-zarnos-6-vnt-komplektas\\\/#primaryimage\"},\"thumbnailUrl\":\"https:\\\/\\\/erformance.eu\\\/wp-content\\\/uploads\\\/2026\\\/02\\\/pol_pm_Seat-Toledo-II-00-04-1-8-T-przewody-odpowietrzenia-bloku-silnika-odmy-6-szt-KPL-29378_1.jpg\",\"datePublished\":\"2026-02-16T11:15:10+00:00\",\"dateModified\":\"2026-02-16T11:15:11+00:00\",\"breadcrumb\":{\"@id\":\"https:\\\/\\\/erformance.eu\\\/lv\\\/produkts\\\/seat-toledo-ii-00-04-1-8-t-variklio-bloko-alsuoklio-zarnos-6-vnt-komplektas\\\/#breadcrumb\"},\"inLanguage\":\"lv-LV\",\"potentialAction\":[{\"@type\":\"ReadAction\",\"target\":[\"https:\\\/\\\/erformance.eu\\\/lv\\\/produkts\\\/seat-toledo-ii-00-04-1-8-t-variklio-bloko-alsuoklio-zarnos-6-vnt-komplektas\\\/\"]}]},{\"@type\":\"ImageObject\",\"inLanguage\":\"lv-LV\",\"@id\":\"https:\\\/\\\/erformance.eu\\\/lv\\\/produkts\\\/seat-toledo-ii-00-04-1-8-t-variklio-bloko-alsuoklio-zarnos-6-vnt-komplektas\\\/#primaryimage\",\"url\":\"https:\\\/\\\/erformance.eu\\\/wp-content\\\/uploads\\\/2026\\\/02\\\/pol_pm_Seat-Toledo-II-00-04-1-8-T-przewody-odpowietrzenia-bloku-silnika-odmy-6-szt-KPL-29378_1.jpg\",\"contentUrl\":\"https:\\\/\\\/erformance.eu\\\/wp-content\\\/uploads\\\/2026\\\/02\\\/pol_pm_Seat-Toledo-II-00-04-1-8-T-przewody-odpowietrzenia-bloku-silnika-odmy-6-szt-KPL-29378_1.jpg\",\"width\":1200,\"height\":1200},{\"@type\":\"BreadcrumbList\",\"@id\":\"https:\\\/\\\/erformance.eu\\\/lv\\\/produkts\\\/seat-toledo-ii-00-04-1-8-t-variklio-bloko-alsuoklio-zarnos-6-vnt-komplektas\\\/#breadcrumb\",\"itemListElement\":[{\"@type\":\"ListItem\",\"position\":1,\"name\":\"Home\",\"item\":\"https:\\\/\\\/erformance.eu\\\/lv\\\/\"},{\"@type\":\"ListItem\",\"position\":2,\"name\":\"Veikals\",\"item\":\"https:\\\/\\\/erformance.eu\\\/lv\\\/veikals\\\/\"},{\"@type\":\"ListItem\",\"position\":3,\"name\":\"Seat Toledo II 00-04 1.8 T variklio bloko alsuoklio \u017earnos (6 vnt.) komplektas\"}]},{\"@type\":\"WebSite\",\"@id\":\"https:\\\/\\\/erformance.eu\\\/lv\\\/#website\",\"url\":\"https:\\\/\\\/erformance.eu\\\/lv\\\/\",\"name\":\"Erformance.eu\",\"description\":\"Automobili\u0173 dali\u0173 parduotuv\u0117\",\"potentialAction\":[{\"@type\":\"SearchAction\",\"target\":{\"@type\":\"EntryPoint\",\"urlTemplate\":\"https:\\\/\\\/erformance.eu\\\/lv\\\/?s={search_term_string}\"},\"query-input\":{\"@type\":\"PropertyValueSpecification\",\"valueRequired\":true,\"valueName\":\"search_term_string\"}}],\"inLanguage\":\"lv-LV\"}]}<\/script>\n<!-- \/ Yoast SEO Premium plugin. -->","yoast_head_json":{"title":"Seat Toledo II 00-04 1.8 T variklio bloko alsuoklio \u017earnos (6 vnt.) komplektas - Erformance.eu","robots":{"index":"index","follow":"follow","max-snippet":"max-snippet:-1","max-image-preview":"max-image-preview:large","max-video-preview":"max-video-preview:-1"},"canonical":"https:\/\/erformance.eu\/lv\/produkts\/seat-toledo-ii-00-04-1-8-t-variklio-bloko-alsuoklio-zarnos-6-vnt-komplektas\/","og_locale":"lv_LV","og_type":"article","og_title":"Seat Toledo II 00-04 1.8 T variklio bloko alsuoklio \u017earnos (6 vnt.) komplektas","og_description":"1. Tema: Variklio bloko alsuoklio \u017earnos2. Gamintojas: pakeitimas3. Automobilis:* Audi A3 8L 96-03* Audi TT 8N 98-06* Seat Leon 99-06* Seat Toledo II 00-04* \u0160koda Octavia I 97-10* VW Bora 00-05* VW Golf IV 97-064. Variklis: 1.8T","og_url":"https:\/\/erformance.eu\/lv\/produkts\/seat-toledo-ii-00-04-1-8-t-variklio-bloko-alsuoklio-zarnos-6-vnt-komplektas\/","og_site_name":"Erformance.eu","article_modified_time":"2026-02-16T11:15:11+00:00","twitter_card":"summary_large_image","twitter_misc":{"Est. reading time":"2 min\u016btes"},"schema":{"@context":"https:\/\/schema.org","@graph":[{"@type":"WebPage","@id":"https:\/\/erformance.eu\/lv\/produkts\/seat-toledo-ii-00-04-1-8-t-variklio-bloko-alsuoklio-zarnos-6-vnt-komplektas\/","url":"https:\/\/erformance.eu\/lv\/produkts\/seat-toledo-ii-00-04-1-8-t-variklio-bloko-alsuoklio-zarnos-6-vnt-komplektas\/","name":"Seat Toledo II 00-04 1.8 T variklio bloko alsuoklio \u017earnos (6 vnt.) komplektas - Erformance.eu","isPartOf":{"@id":"https:\/\/erformance.eu\/lv\/#website"},"primaryImageOfPage":{"@id":"https:\/\/erformance.eu\/lv\/produkts\/seat-toledo-ii-00-04-1-8-t-variklio-bloko-alsuoklio-zarnos-6-vnt-komplektas\/#primaryimage"},"image":{"@id":"https:\/\/erformance.eu\/lv\/produkts\/seat-toledo-ii-00-04-1-8-t-variklio-bloko-alsuoklio-zarnos-6-vnt-komplektas\/#primaryimage"},"thumbnailUrl":"https:\/\/erformance.eu\/wp-content\/uploads\/2026\/02\/pol_pm_Seat-Toledo-II-00-04-1-8-T-przewody-odpowietrzenia-bloku-silnika-odmy-6-szt-KPL-29378_1.jpg","datePublished":"2026-02-16T11:15:10+00:00","dateModified":"2026-02-16T11:15:11+00:00","breadcrumb":{"@id":"https:\/\/erformance.eu\/lv\/produkts\/seat-toledo-ii-00-04-1-8-t-variklio-bloko-alsuoklio-zarnos-6-vnt-komplektas\/#breadcrumb"},"inLanguage":"lv-LV","potentialAction":[{"@type":"ReadAction","target":["https:\/\/erformance.eu\/lv\/produkts\/seat-toledo-ii-00-04-1-8-t-variklio-bloko-alsuoklio-zarnos-6-vnt-komplektas\/"]}]},{"@type":"ImageObject","inLanguage":"lv-LV","@id":"https:\/\/erformance.eu\/lv\/produkts\/seat-toledo-ii-00-04-1-8-t-variklio-bloko-alsuoklio-zarnos-6-vnt-komplektas\/#primaryimage","url":"https:\/\/erformance.eu\/wp-content\/uploads\/2026\/02\/pol_pm_Seat-Toledo-II-00-04-1-8-T-przewody-odpowietrzenia-bloku-silnika-odmy-6-szt-KPL-29378_1.jpg","contentUrl":"https:\/\/erformance.eu\/wp-content\/uploads\/2026\/02\/pol_pm_Seat-Toledo-II-00-04-1-8-T-przewody-odpowietrzenia-bloku-silnika-odmy-6-szt-KPL-29378_1.jpg","width":1200,"height":1200},{"@type":"BreadcrumbList","@id":"https:\/\/erformance.eu\/lv\/produkts\/seat-toledo-ii-00-04-1-8-t-variklio-bloko-alsuoklio-zarnos-6-vnt-komplektas\/#breadcrumb","itemListElement":[{"@type":"ListItem","position":1,"name":"Home","item":"https:\/\/erformance.eu\/lv\/"},{"@type":"ListItem","position":2,"name":"Veikals","item":"https:\/\/erformance.eu\/lv\/veikals\/"},{"@type":"ListItem","position":3,"name":"Seat Toledo II 00-04 1.8 T variklio bloko alsuoklio \u017earnos (6 vnt.) komplektas"}]},{"@type":"WebSite","@id":"https:\/\/erformance.eu\/lv\/#website","url":"https:\/\/erformance.eu\/lv\/","name":"Erformance.eu","description":"Automobili\u0173 dali\u0173 parduotuv\u0117","potentialAction":[{"@type":"SearchAction","target":{"@type":"EntryPoint","urlTemplate":"https:\/\/erformance.eu\/lv\/?s={search_term_string}"},"query-input":{"@type":"PropertyValueSpecification","valueRequired":true,"valueName":"search_term_string"}}],"inLanguage":"lv-LV"}]}},"jetpack_sharing_enabled":true,"_links":{"self":[{"href":"https:\/\/erformance.eu\/lv\/wp-json\/wp\/v2\/product\/56206","targetHints":{"allow":["GET"]}}],"collection":[{"href":"https:\/\/erformance.eu\/lv\/wp-json\/wp\/v2\/product"}],"about":[{"href":"https:\/\/erformance.eu\/lv\/wp-json\/wp\/v2\/types\/product"}],"replies":[{"embeddable":true,"href":"https:\/\/erformance.eu\/lv\/wp-json\/wp\/v2\/comments?post=56206"}],"version-history":[{"count":1,"href":"https:\/\/erformance.eu\/lv\/wp-json\/wp\/v2\/product\/56206\/revisions"}],"predecessor-version":[{"id":56207,"href":"https:\/\/erformance.eu\/lv\/wp-json\/wp\/v2\/product\/56206\/revisions\/56207"}],"wp:featuredmedia":[{"embeddable":true,"href":"https:\/\/erformance.eu\/lv\/wp-json\/wp\/v2\/media\/49183"}],"wp:attachment":[{"href":"https:\/\/erformance.eu\/lv\/wp-json\/wp\/v2\/media?parent=56206"}],"wp:term":[{"taxonomy":"product_brand","embeddable":true,"href":"https:\/\/erformance.eu\/lv\/wp-json\/wp\/v2\/product_brand?post=56206"},{"taxonomy":"product_cat","embeddable":true,"href":"https:\/\/erformance.eu\/lv\/wp-json\/wp\/v2\/product_cat?post=56206"},{"taxonomy":"product_tag","embeddable":true,"href":"https:\/\/erformance.eu\/lv\/wp-json\/wp\/v2\/product_tag?post=56206"}],"curies":[{"name":"wp","href":"https:\/\/api.w.org\/{rel}","templated":true}]}}