{"id":56214,"date":"2026-02-16T14:15:15","date_gmt":"2026-02-16T11:15:15","guid":{"rendered":"https:\/\/erformance.eu\/?post_type=product&#038;p=56214"},"modified":"2026-03-26T03:03:28","modified_gmt":"2026-03-26T00:03:28","slug":"audi-tt-2-0-tfsi-06-10-turbinos-tarpinio-ausintuvo-zarna","status":"publish","type":"product","link":"https:\/\/erformance.eu\/lv\/produkts\/audi-tt-2-0-tfsi-06-10-turbinos-tarpinio-ausintuvo-zarna\/","title":{"rendered":"Audi TT 2.0 TFSI 06-10 turbinos tarpinio au\u0161intuvo \u017earna"},"content":{"rendered":"<p>Prek\u0117: Turbinos tarpinio au\u0161intuvo \u017earna<br \/>\nOE numeris: 1K0145832B<br \/>\nPASTABA: auk\u0161\u010diau pateikti numeriai yra original\u016bs dali\u0173 numeriai, kuriuos \u0161is pasi\u016blymas pakei\u010dia. Prie\u0161 pirkdami, palyginkite juos su originaliu dalies numeriu. Jei jie skiriasi net vienu simboliu, dalis netiks, neveiks arba veiks netinkamai. Tokiu atveju jos nepirkite.<\/p>\n<p>Automobilis:<\/p>\n<p>\u201eSeat Toledo III\u201c, gamybos metai: 2004\u20132009<\/p>\n<p>1,9 TDI; 1896 ccm &#8211; 105 AG \/ 77 kW; Variklis: BJB, BKC, BLS, BXE<\/p>\n<p>\u201eSeat Leon II\u201c, gamybos metai: 2005\u20132010<\/p>\n<p>1,9 TDI; 1896 ccm &#8211; 105 AG \/ 77 kW; Variklis: BKC, BLS, BXE<\/p>\n<p>\u201eSeat Altea\u201c, modeliai, pagaminti nuo 2004 m.<\/p>\n<p>1,9 TDI; 1896 ccm &#8211; 105 AG \/ 77 kW; Variklis: BJB, BKC, BLS, BXE<br \/>\n2.0 TFSI; 1984 cm\u00b3 \u2013 200 AG \/ 147 kW; Variklis: BWA<\/p>\n<p>\u201eSkoda Octavia\u201c (1Z), pagaminimo metai: 2004\u20132010<\/p>\n<p>1,9 TDI; 1896 ccm &#8211; 105 AG \/ 77 kW; Variklis: BJB, BKC, BLS, BXE<\/p>\n<p>\u201eSkoda Superb II\u201c, gamybos metai: 2008\u20132010<\/p>\n<p>1.9 TDI; 1896 cm\u00b3 \u2013 105 AG \/ 77 kW; Variklis: BLS, BXE<\/p>\n<p>VW Golf V, pagaminimo metai: 2004\u20132008<\/p>\n<p>1,9 TDI; 1896 ccm &#8211; 105 AG \/ 77 kW; Variklis: BKC, BLS, BXE<\/p>\n<p>VW Caddy III, pagaminimo metai: 2004\u20132010<\/p>\n<p>1,9 TDI; 1896 ccm &#8211; 105 AG \/ 77 kW; Variklis: BJB, BLS<\/p>\n<p>VW Jetta III, pagaminimo metai: 2005\u20132010<\/p>\n<p>1,9 TDI; 1896 ccm &#8211; 105 AG \/ 77 kW; Variklis: BKC, BLS, BXE<\/p>\n<p>VW Touran I, pagaminimo metai: 2003\u20132010<\/p>\n<p>1,9 TDI; 1896 ccm &#8211; 105 AG \/ 77 kW; Variklis: BKC, BLS, BXE<\/p>\n<p>Audi A3 (8P), pagaminimo metai: 2004\u20132012<\/p>\n<p>1,9 TDI; 1896 ccm &#8211; 105 AG \/ 77kW; Variklis: BKC, BLS, BXE<br \/>\n2.0 TFSI; 1984 ccm &#8211; 200 AG \/ 147 kW; Variklis: AXX, BWA, CAWB, CCZA<\/p>\n<p>\u201eAudi TT\u201c, gamybos metai: 2006\u20132010<\/p>\n<p>2.0 TFSI; 1984 cm\u00b3 \u2013 200 AG \/ 147 kW; Variklis: BWA<\/p>\n<p>Gamintojas: pakaitalas<br \/>\nTechnin\u0117 b\u016bkl\u0117: prek\u0117 yra visi\u0161kai nauja, nenaudota, nepa\u017eeista ir nesugadinta<br \/>\nD\u0116MESIO!<\/p>\n<p>\u0160iam produktui suteikiame 12 M\u0116NESI\u0172 GARANTIJ\u0104<br \/>\nPrie\u0161 pirkdami atkreipkite d\u0117mes\u012f \u012f prek\u0119, nuotraukoje pa\u017eym\u0117t\u0105 raudona rodykle<\/p>\n","protected":false},"excerpt":{"rendered":"<p>1. Prek\u0117: Turbokompresoriaus tarpinio au\u0161intuvo \u017earna2. Gamintojas: pakeitimas3. Automobilis:* VW Golf V 1.9 TDI 04\u201308* VW Caddy III 1.9 TDI 04-10* VW Jetta III 1.9 TDI 05-10* VW Touran I 1.9 TDI 03-10* Audi A3 8P 1.9 TDI \/ 2.0TFSI 04-12* Audi TT 2.0 TFSI 2006\u20132010 m.<\/p>\n","protected":false},"featured_media":49215,"comment_status":"open","ping_status":"closed","template":"","meta":[],"product_brand":[],"product_cat":[3933,144,3973,4178,401],"product_tag":[],"class_list":{"0":"post-56214","1":"product","2":"type-product","3":"status-publish","4":"has-post-thumbnail","6":"product_cat-audi-tt-8j","7":"product_cat-audi","8":"product_cat-audi-tt-8j-isores-dalys","9":"product_cat-audi-tt-8j-isores-kitos-dalys","10":"product_cat-audi-tt","12":"first","13":"instock","14":"shipping-taxable","15":"purchasable","16":"product-type-simple"},"yoast_head":"<!-- This site is optimized with the Yoast SEO Premium plugin v25.2 (Yoast SEO v27.4) - https:\/\/yoast.com\/product\/yoast-seo-premium-wordpress\/ -->\n<title>Audi TT 2.0 TFSI 06-10 turbinos tarpinio au\u0161intuvo \u017earna - Erformance.eu<\/title>\n<meta name=\"robots\" content=\"index, follow, max-snippet:-1, max-image-preview:large, max-video-preview:-1\" \/>\n<link rel=\"canonical\" href=\"https:\/\/erformance.eu\/lv\/produkts\/audi-tt-2-0-tfsi-06-10-turbinos-tarpinio-ausintuvo-zarna\/\" \/>\n<meta property=\"og:locale\" content=\"lv_LV\" \/>\n<meta property=\"og:type\" content=\"article\" \/>\n<meta property=\"og:title\" content=\"Audi TT 2.0 TFSI 06-10 turbinos tarpinio au\u0161intuvo \u017earna\" \/>\n<meta property=\"og:description\" content=\"1. Prek\u0117: Turbokompresoriaus tarpinio au\u0161intuvo \u017earna2. Gamintojas: pakeitimas3. Automobilis:* VW Golf V 1.9 TDI 04\u201308* VW Caddy III 1.9 TDI 04-10* VW Jetta III 1.9 TDI 05-10* VW Touran I 1.9 TDI 03-10* Audi A3 8P 1.9 TDI \/ 2.0TFSI 04-12* Audi TT 2.0 TFSI 2006\u20132010 m.\" \/>\n<meta property=\"og:url\" content=\"https:\/\/erformance.eu\/lv\/produkts\/audi-tt-2-0-tfsi-06-10-turbinos-tarpinio-ausintuvo-zarna\/\" \/>\n<meta property=\"og:site_name\" content=\"Erformance.eu\" \/>\n<meta property=\"article:modified_time\" content=\"2026-03-26T00:03:28+00:00\" \/>\n<meta property=\"og:image\" content=\"https:\/\/erformance.eu\/wp-content\/uploads\/2026\/02\/pol_pm_Audi-TT-2-0-TFSI-06-10-waz-turbo-intercoolera-12981_1.jpg\" \/>\n\t<meta property=\"og:image:width\" content=\"667\" \/>\n\t<meta property=\"og:image:height\" content=\"500\" \/>\n\t<meta property=\"og:image:type\" content=\"image\/jpeg\" \/>\n<meta name=\"twitter:card\" content=\"summary_large_image\" \/>\n<meta name=\"twitter:label1\" content=\"Est. reading time\" \/>\n\t<meta name=\"twitter:data1\" content=\"1 min\u016b\u0161u\" \/>\n<script type=\"application\/ld+json\" class=\"yoast-schema-graph\">{\"@context\":\"https:\\\/\\\/schema.org\",\"@graph\":[{\"@type\":\"WebPage\",\"@id\":\"https:\\\/\\\/erformance.eu\\\/lv\\\/produkts\\\/audi-tt-2-0-tfsi-06-10-turbinos-tarpinio-ausintuvo-zarna\\\/\",\"url\":\"https:\\\/\\\/erformance.eu\\\/lv\\\/produkts\\\/audi-tt-2-0-tfsi-06-10-turbinos-tarpinio-ausintuvo-zarna\\\/\",\"name\":\"Audi TT 2.0 TFSI 06-10 turbinos tarpinio au\u0161intuvo \u017earna - Erformance.eu\",\"isPartOf\":{\"@id\":\"https:\\\/\\\/erformance.eu\\\/lv\\\/#website\"},\"primaryImageOfPage\":{\"@id\":\"https:\\\/\\\/erformance.eu\\\/lv\\\/produkts\\\/audi-tt-2-0-tfsi-06-10-turbinos-tarpinio-ausintuvo-zarna\\\/#primaryimage\"},\"image\":{\"@id\":\"https:\\\/\\\/erformance.eu\\\/lv\\\/produkts\\\/audi-tt-2-0-tfsi-06-10-turbinos-tarpinio-ausintuvo-zarna\\\/#primaryimage\"},\"thumbnailUrl\":\"https:\\\/\\\/erformance.eu\\\/wp-content\\\/uploads\\\/2026\\\/02\\\/pol_pm_Audi-TT-2-0-TFSI-06-10-waz-turbo-intercoolera-12981_1.jpg\",\"datePublished\":\"2026-02-16T11:15:15+00:00\",\"dateModified\":\"2026-03-26T00:03:28+00:00\",\"breadcrumb\":{\"@id\":\"https:\\\/\\\/erformance.eu\\\/lv\\\/produkts\\\/audi-tt-2-0-tfsi-06-10-turbinos-tarpinio-ausintuvo-zarna\\\/#breadcrumb\"},\"inLanguage\":\"lv-LV\",\"potentialAction\":[{\"@type\":\"ReadAction\",\"target\":[\"https:\\\/\\\/erformance.eu\\\/lv\\\/produkts\\\/audi-tt-2-0-tfsi-06-10-turbinos-tarpinio-ausintuvo-zarna\\\/\"]}]},{\"@type\":\"ImageObject\",\"inLanguage\":\"lv-LV\",\"@id\":\"https:\\\/\\\/erformance.eu\\\/lv\\\/produkts\\\/audi-tt-2-0-tfsi-06-10-turbinos-tarpinio-ausintuvo-zarna\\\/#primaryimage\",\"url\":\"https:\\\/\\\/erformance.eu\\\/wp-content\\\/uploads\\\/2026\\\/02\\\/pol_pm_Audi-TT-2-0-TFSI-06-10-waz-turbo-intercoolera-12981_1.jpg\",\"contentUrl\":\"https:\\\/\\\/erformance.eu\\\/wp-content\\\/uploads\\\/2026\\\/02\\\/pol_pm_Audi-TT-2-0-TFSI-06-10-waz-turbo-intercoolera-12981_1.jpg\",\"width\":667,\"height\":500},{\"@type\":\"BreadcrumbList\",\"@id\":\"https:\\\/\\\/erformance.eu\\\/lv\\\/produkts\\\/audi-tt-2-0-tfsi-06-10-turbinos-tarpinio-ausintuvo-zarna\\\/#breadcrumb\",\"itemListElement\":[{\"@type\":\"ListItem\",\"position\":1,\"name\":\"Home\",\"item\":\"https:\\\/\\\/erformance.eu\\\/lv\\\/\"},{\"@type\":\"ListItem\",\"position\":2,\"name\":\"Veikals\",\"item\":\"https:\\\/\\\/erformance.eu\\\/lv\\\/veikals\\\/\"},{\"@type\":\"ListItem\",\"position\":3,\"name\":\"Audi TT 2.0 TFSI 06-10 turbinos tarpinio au\u0161intuvo \u017earna\"}]},{\"@type\":\"WebSite\",\"@id\":\"https:\\\/\\\/erformance.eu\\\/lv\\\/#website\",\"url\":\"https:\\\/\\\/erformance.eu\\\/lv\\\/\",\"name\":\"Erformance.eu\",\"description\":\"Automobili\u0173 dali\u0173 parduotuv\u0117\",\"potentialAction\":[{\"@type\":\"SearchAction\",\"target\":{\"@type\":\"EntryPoint\",\"urlTemplate\":\"https:\\\/\\\/erformance.eu\\\/lv\\\/?s={search_term_string}\"},\"query-input\":{\"@type\":\"PropertyValueSpecification\",\"valueRequired\":true,\"valueName\":\"search_term_string\"}}],\"inLanguage\":\"lv-LV\"}]}<\/script>\n<!-- \/ Yoast SEO Premium plugin. -->","yoast_head_json":{"title":"Audi TT 2.0 TFSI 06-10 turbinos tarpinio au\u0161intuvo \u017earna - Erformance.eu","robots":{"index":"index","follow":"follow","max-snippet":"max-snippet:-1","max-image-preview":"max-image-preview:large","max-video-preview":"max-video-preview:-1"},"canonical":"https:\/\/erformance.eu\/lv\/produkts\/audi-tt-2-0-tfsi-06-10-turbinos-tarpinio-ausintuvo-zarna\/","og_locale":"lv_LV","og_type":"article","og_title":"Audi TT 2.0 TFSI 06-10 turbinos tarpinio au\u0161intuvo \u017earna","og_description":"1. Prek\u0117: Turbokompresoriaus tarpinio au\u0161intuvo \u017earna2. Gamintojas: pakeitimas3. Automobilis:* VW Golf V 1.9 TDI 04\u201308* VW Caddy III 1.9 TDI 04-10* VW Jetta III 1.9 TDI 05-10* VW Touran I 1.9 TDI 03-10* Audi A3 8P 1.9 TDI \/ 2.0TFSI 04-12* Audi TT 2.0 TFSI 2006\u20132010 m.","og_url":"https:\/\/erformance.eu\/lv\/produkts\/audi-tt-2-0-tfsi-06-10-turbinos-tarpinio-ausintuvo-zarna\/","og_site_name":"Erformance.eu","article_modified_time":"2026-03-26T00:03:28+00:00","og_image":[{"width":667,"height":500,"url":"https:\/\/erformance.eu\/wp-content\/uploads\/2026\/02\/pol_pm_Audi-TT-2-0-TFSI-06-10-waz-turbo-intercoolera-12981_1.jpg","type":"image\/jpeg"}],"twitter_card":"summary_large_image","twitter_misc":{"Est. reading time":"1 min\u016b\u0161u"},"schema":{"@context":"https:\/\/schema.org","@graph":[{"@type":"WebPage","@id":"https:\/\/erformance.eu\/lv\/produkts\/audi-tt-2-0-tfsi-06-10-turbinos-tarpinio-ausintuvo-zarna\/","url":"https:\/\/erformance.eu\/lv\/produkts\/audi-tt-2-0-tfsi-06-10-turbinos-tarpinio-ausintuvo-zarna\/","name":"Audi TT 2.0 TFSI 06-10 turbinos tarpinio au\u0161intuvo \u017earna - Erformance.eu","isPartOf":{"@id":"https:\/\/erformance.eu\/lv\/#website"},"primaryImageOfPage":{"@id":"https:\/\/erformance.eu\/lv\/produkts\/audi-tt-2-0-tfsi-06-10-turbinos-tarpinio-ausintuvo-zarna\/#primaryimage"},"image":{"@id":"https:\/\/erformance.eu\/lv\/produkts\/audi-tt-2-0-tfsi-06-10-turbinos-tarpinio-ausintuvo-zarna\/#primaryimage"},"thumbnailUrl":"https:\/\/erformance.eu\/wp-content\/uploads\/2026\/02\/pol_pm_Audi-TT-2-0-TFSI-06-10-waz-turbo-intercoolera-12981_1.jpg","datePublished":"2026-02-16T11:15:15+00:00","dateModified":"2026-03-26T00:03:28+00:00","breadcrumb":{"@id":"https:\/\/erformance.eu\/lv\/produkts\/audi-tt-2-0-tfsi-06-10-turbinos-tarpinio-ausintuvo-zarna\/#breadcrumb"},"inLanguage":"lv-LV","potentialAction":[{"@type":"ReadAction","target":["https:\/\/erformance.eu\/lv\/produkts\/audi-tt-2-0-tfsi-06-10-turbinos-tarpinio-ausintuvo-zarna\/"]}]},{"@type":"ImageObject","inLanguage":"lv-LV","@id":"https:\/\/erformance.eu\/lv\/produkts\/audi-tt-2-0-tfsi-06-10-turbinos-tarpinio-ausintuvo-zarna\/#primaryimage","url":"https:\/\/erformance.eu\/wp-content\/uploads\/2026\/02\/pol_pm_Audi-TT-2-0-TFSI-06-10-waz-turbo-intercoolera-12981_1.jpg","contentUrl":"https:\/\/erformance.eu\/wp-content\/uploads\/2026\/02\/pol_pm_Audi-TT-2-0-TFSI-06-10-waz-turbo-intercoolera-12981_1.jpg","width":667,"height":500},{"@type":"BreadcrumbList","@id":"https:\/\/erformance.eu\/lv\/produkts\/audi-tt-2-0-tfsi-06-10-turbinos-tarpinio-ausintuvo-zarna\/#breadcrumb","itemListElement":[{"@type":"ListItem","position":1,"name":"Home","item":"https:\/\/erformance.eu\/lv\/"},{"@type":"ListItem","position":2,"name":"Veikals","item":"https:\/\/erformance.eu\/lv\/veikals\/"},{"@type":"ListItem","position":3,"name":"Audi TT 2.0 TFSI 06-10 turbinos tarpinio au\u0161intuvo \u017earna"}]},{"@type":"WebSite","@id":"https:\/\/erformance.eu\/lv\/#website","url":"https:\/\/erformance.eu\/lv\/","name":"Erformance.eu","description":"Automobili\u0173 dali\u0173 parduotuv\u0117","potentialAction":[{"@type":"SearchAction","target":{"@type":"EntryPoint","urlTemplate":"https:\/\/erformance.eu\/lv\/?s={search_term_string}"},"query-input":{"@type":"PropertyValueSpecification","valueRequired":true,"valueName":"search_term_string"}}],"inLanguage":"lv-LV"}]}},"jetpack_sharing_enabled":true,"_links":{"self":[{"href":"https:\/\/erformance.eu\/lv\/wp-json\/wp\/v2\/product\/56214","targetHints":{"allow":["GET"]}}],"collection":[{"href":"https:\/\/erformance.eu\/lv\/wp-json\/wp\/v2\/product"}],"about":[{"href":"https:\/\/erformance.eu\/lv\/wp-json\/wp\/v2\/types\/product"}],"replies":[{"embeddable":true,"href":"https:\/\/erformance.eu\/lv\/wp-json\/wp\/v2\/comments?post=56214"}],"version-history":[{"count":1,"href":"https:\/\/erformance.eu\/lv\/wp-json\/wp\/v2\/product\/56214\/revisions"}],"predecessor-version":[{"id":56215,"href":"https:\/\/erformance.eu\/lv\/wp-json\/wp\/v2\/product\/56214\/revisions\/56215"}],"wp:featuredmedia":[{"embeddable":true,"href":"https:\/\/erformance.eu\/lv\/wp-json\/wp\/v2\/media\/49215"}],"wp:attachment":[{"href":"https:\/\/erformance.eu\/lv\/wp-json\/wp\/v2\/media?parent=56214"}],"wp:term":[{"taxonomy":"product_brand","embeddable":true,"href":"https:\/\/erformance.eu\/lv\/wp-json\/wp\/v2\/product_brand?post=56214"},{"taxonomy":"product_cat","embeddable":true,"href":"https:\/\/erformance.eu\/lv\/wp-json\/wp\/v2\/product_cat?post=56214"},{"taxonomy":"product_tag","embeddable":true,"href":"https:\/\/erformance.eu\/lv\/wp-json\/wp\/v2\/product_tag?post=56214"}],"curies":[{"name":"wp","href":"https:\/\/api.w.org\/{rel}","templated":true}]}}