{"id":56254,"date":"2026-02-16T14:16:09","date_gmt":"2026-02-16T11:16:09","guid":{"rendered":"https:\/\/erformance.eu\/?post_type=product&#038;p=56254"},"modified":"2026-03-26T03:02:38","modified_gmt":"2026-03-26T00:02:38","slug":"audi-tt-8n-98-06-posukiu-ir-zibintu-jungiklis","status":"publish","type":"product","link":"https:\/\/erformance.eu\/lv\/produkts\/audi-tt-8n-98-06-posukiu-ir-zibintu-jungiklis\/","title":{"rendered":"Audi TT 8N 98-06 pos\u016bki\u0173 ir \u017eibint\u0173 jungiklis"},"content":{"rendered":"<p>Prek\u0117: \u0160vies\u0173 ir pos\u016bki\u0173 signal\u0173 jungiklis (vairo svirtis)<br \/>\nOE numeris: 8L0953513J<br \/>\nPASTABA: auk\u0161\u010diau pateikti numeriai yra original\u016bs dali\u0173 numeriai, kuriuos \u0161is pasi\u016blymas pakei\u010dia. Prie\u0161 pirkdami, palyginkite juos su originaliu dalies numeriu. Jei jie skiriasi net vienu simboliu, dalis netiks, neveiks arba veiks netinkamai. Tokiu atveju jos nepirkite.<br \/>\nAutomobilis:<\/p>\n<p>\u201eAudi A2\u201c , gamybos metai: 2000\u20132005<br \/>\n\u201eAudi A3\u201c , gamybos metai: 1996\u20132007<br \/>\nAudi A4 B5 , gamybos metai: 1999\u20132001<br \/>\n\u201eAudi A6 C4\u201c , gamybos metai: 1994\u20131997<br \/>\n\u201eAudi A6 C5\u201c , gamybos metai: 1997\u20132004<br \/>\nAudi TT 8N , gamybos metai: 1998\u20132006<br \/>\n\u201eFord Galaxy\u201c , gamybos metai: 2000\u20132006<br \/>\n\u201eSeat Leon I\u201c , gamybos metai: 1999\u20132005<br \/>\n\u201eSeat Toledo II\u201c , gamybos metai: 1999\u20132004<br \/>\n\u201eSeat Alhambra\u201c , gamybos metai: 1996\u20132010<br \/>\n\u201eSkoda Fabia I\u201c , gamybos metai: 1999\u20132008<br \/>\n\u201eSkoda Octavia I\u201c , gamybos metai: 1996\u20132004<br \/>\nVW Bora , gamybos metai: 1998\u20132005<br \/>\nVW Golf IV , gamybos metai: 1997\u20132003<br \/>\nVW Passat B5 , gamybos metai: 1996\u20132005<br \/>\nVW Sharan , gamybos metai: 2000\u20132010<\/p>\n<p>Gamintojas: pakaitalas<br \/>\nTechnin\u0117 b\u016bkl\u0117: prek\u0117 yra visi\u0161kai nauja, nenaudota, nepa\u017eeista ir nesugadinta<br \/>\nPASTABA: versija su pastovaus grei\u010dio palaikymo sistema<\/p>\n","protected":false},"excerpt":{"rendered":"<p>1. Prek\u0117: \u0160vies\u0173 ir pos\u016bkio signalo jungiklis2. Gamintojas: pakeitimas3. Automobilis:    * Audi A2, A3, A4, A6, TT    * Ford Galaxy    * \u201eSeat Leon\u201c, Toledas, Alhambra    * \u0160koda Fabia, Octavia    * VW Bora, Golf IV, Passat B5, Sharan<\/p>\n","protected":false},"featured_media":49381,"comment_status":"open","ping_status":"closed","template":"","meta":[],"product_brand":[],"product_cat":[3934,144,4651,4013,401],"product_tag":[],"class_list":{"0":"post-56254","1":"product","2":"type-product","3":"status-publish","4":"has-post-thumbnail","6":"product_cat-audi-tt-8n","7":"product_cat-audi","8":"product_cat-audi-tt-8n-rankenos","9":"product_cat-audi-tt-8n-salono-dalys","10":"product_cat-audi-tt","12":"first","13":"instock","14":"shipping-taxable","15":"purchasable","16":"product-type-simple"},"yoast_head":"<!-- This site is optimized with the Yoast SEO Premium plugin v25.2 (Yoast SEO v27.3) - https:\/\/yoast.com\/product\/yoast-seo-premium-wordpress\/ -->\n<title>Audi TT 8N 98-06 pos\u016bki\u0173 ir \u017eibint\u0173 jungiklis - Erformance.eu<\/title>\n<meta name=\"robots\" content=\"index, follow, max-snippet:-1, max-image-preview:large, max-video-preview:-1\" \/>\n<link rel=\"canonical\" href=\"https:\/\/erformance.eu\/lv\/produkts\/audi-tt-8n-98-06-posukiu-ir-zibintu-jungiklis\/\" \/>\n<meta property=\"og:locale\" content=\"lv_LV\" \/>\n<meta property=\"og:type\" content=\"article\" \/>\n<meta property=\"og:title\" content=\"Audi TT 8N 98-06 pos\u016bki\u0173 ir \u017eibint\u0173 jungiklis\" \/>\n<meta property=\"og:description\" content=\"1. Prek\u0117: \u0160vies\u0173 ir pos\u016bkio signalo jungiklis2. Gamintojas: pakeitimas3. Automobilis:  * Audi A2, A3, A4, A6, TT  * Ford Galaxy  * \u201eSeat Leon\u201c, Toledas, Alhambra  * \u0160koda Fabia, Octavia  * VW Bora, Golf IV, Passat B5, Sharan\" \/>\n<meta property=\"og:url\" content=\"https:\/\/erformance.eu\/lv\/produkts\/audi-tt-8n-98-06-posukiu-ir-zibintu-jungiklis\/\" \/>\n<meta property=\"og:site_name\" content=\"Erformance.eu\" \/>\n<meta property=\"article:modified_time\" content=\"2026-03-26T00:02:38+00:00\" \/>\n<meta property=\"og:image\" content=\"https:\/\/erformance.eu\/wp-content\/uploads\/2026\/02\/pol_pm_Audi-TT-8N-98-06-manetka-przelacznik-swiatel-i-kierunkowskazow-3763_1.jpg\" \/>\n\t<meta property=\"og:image:width\" content=\"667\" \/>\n\t<meta property=\"og:image:height\" content=\"500\" \/>\n\t<meta property=\"og:image:type\" content=\"image\/jpeg\" \/>\n<meta name=\"twitter:card\" content=\"summary_large_image\" \/>\n<meta name=\"twitter:label1\" content=\"Est. reading time\" \/>\n\t<meta name=\"twitter:data1\" content=\"1 min\u016b\u0161u\" \/>\n<script type=\"application\/ld+json\" class=\"yoast-schema-graph\">{\"@context\":\"https:\\\/\\\/schema.org\",\"@graph\":[{\"@type\":\"WebPage\",\"@id\":\"https:\\\/\\\/erformance.eu\\\/lv\\\/produkts\\\/audi-tt-8n-98-06-posukiu-ir-zibintu-jungiklis\\\/\",\"url\":\"https:\\\/\\\/erformance.eu\\\/lv\\\/produkts\\\/audi-tt-8n-98-06-posukiu-ir-zibintu-jungiklis\\\/\",\"name\":\"Audi TT 8N 98-06 pos\u016bki\u0173 ir \u017eibint\u0173 jungiklis - Erformance.eu\",\"isPartOf\":{\"@id\":\"https:\\\/\\\/erformance.eu\\\/lv\\\/#website\"},\"primaryImageOfPage\":{\"@id\":\"https:\\\/\\\/erformance.eu\\\/lv\\\/produkts\\\/audi-tt-8n-98-06-posukiu-ir-zibintu-jungiklis\\\/#primaryimage\"},\"image\":{\"@id\":\"https:\\\/\\\/erformance.eu\\\/lv\\\/produkts\\\/audi-tt-8n-98-06-posukiu-ir-zibintu-jungiklis\\\/#primaryimage\"},\"thumbnailUrl\":\"https:\\\/\\\/erformance.eu\\\/wp-content\\\/uploads\\\/2026\\\/02\\\/pol_pm_Audi-TT-8N-98-06-manetka-przelacznik-swiatel-i-kierunkowskazow-3763_1.jpg\",\"datePublished\":\"2026-02-16T11:16:09+00:00\",\"dateModified\":\"2026-03-26T00:02:38+00:00\",\"breadcrumb\":{\"@id\":\"https:\\\/\\\/erformance.eu\\\/lv\\\/produkts\\\/audi-tt-8n-98-06-posukiu-ir-zibintu-jungiklis\\\/#breadcrumb\"},\"inLanguage\":\"lv-LV\",\"potentialAction\":[{\"@type\":\"ReadAction\",\"target\":[\"https:\\\/\\\/erformance.eu\\\/lv\\\/produkts\\\/audi-tt-8n-98-06-posukiu-ir-zibintu-jungiklis\\\/\"]}]},{\"@type\":\"ImageObject\",\"inLanguage\":\"lv-LV\",\"@id\":\"https:\\\/\\\/erformance.eu\\\/lv\\\/produkts\\\/audi-tt-8n-98-06-posukiu-ir-zibintu-jungiklis\\\/#primaryimage\",\"url\":\"https:\\\/\\\/erformance.eu\\\/wp-content\\\/uploads\\\/2026\\\/02\\\/pol_pm_Audi-TT-8N-98-06-manetka-przelacznik-swiatel-i-kierunkowskazow-3763_1.jpg\",\"contentUrl\":\"https:\\\/\\\/erformance.eu\\\/wp-content\\\/uploads\\\/2026\\\/02\\\/pol_pm_Audi-TT-8N-98-06-manetka-przelacznik-swiatel-i-kierunkowskazow-3763_1.jpg\",\"width\":667,\"height\":500},{\"@type\":\"BreadcrumbList\",\"@id\":\"https:\\\/\\\/erformance.eu\\\/lv\\\/produkts\\\/audi-tt-8n-98-06-posukiu-ir-zibintu-jungiklis\\\/#breadcrumb\",\"itemListElement\":[{\"@type\":\"ListItem\",\"position\":1,\"name\":\"Home\",\"item\":\"https:\\\/\\\/erformance.eu\\\/lv\\\/\"},{\"@type\":\"ListItem\",\"position\":2,\"name\":\"Veikals\",\"item\":\"https:\\\/\\\/erformance.eu\\\/lv\\\/veikals\\\/\"},{\"@type\":\"ListItem\",\"position\":3,\"name\":\"Audi TT 8N 98-06 pos\u016bki\u0173 ir \u017eibint\u0173 jungiklis\"}]},{\"@type\":\"WebSite\",\"@id\":\"https:\\\/\\\/erformance.eu\\\/lv\\\/#website\",\"url\":\"https:\\\/\\\/erformance.eu\\\/lv\\\/\",\"name\":\"Erformance.eu\",\"description\":\"Automobili\u0173 dali\u0173 parduotuv\u0117\",\"potentialAction\":[{\"@type\":\"SearchAction\",\"target\":{\"@type\":\"EntryPoint\",\"urlTemplate\":\"https:\\\/\\\/erformance.eu\\\/lv\\\/?s={search_term_string}\"},\"query-input\":{\"@type\":\"PropertyValueSpecification\",\"valueRequired\":true,\"valueName\":\"search_term_string\"}}],\"inLanguage\":\"lv-LV\"}]}<\/script>\n<!-- \/ Yoast SEO Premium plugin. -->","yoast_head_json":{"title":"Audi TT 8N 98-06 pos\u016bki\u0173 ir \u017eibint\u0173 jungiklis - Erformance.eu","robots":{"index":"index","follow":"follow","max-snippet":"max-snippet:-1","max-image-preview":"max-image-preview:large","max-video-preview":"max-video-preview:-1"},"canonical":"https:\/\/erformance.eu\/lv\/produkts\/audi-tt-8n-98-06-posukiu-ir-zibintu-jungiklis\/","og_locale":"lv_LV","og_type":"article","og_title":"Audi TT 8N 98-06 pos\u016bki\u0173 ir \u017eibint\u0173 jungiklis","og_description":"1. Prek\u0117: \u0160vies\u0173 ir pos\u016bkio signalo jungiklis2. Gamintojas: pakeitimas3. Automobilis:  * Audi A2, A3, A4, A6, TT  * Ford Galaxy  * \u201eSeat Leon\u201c, Toledas, Alhambra  * \u0160koda Fabia, Octavia  * VW Bora, Golf IV, Passat B5, Sharan","og_url":"https:\/\/erformance.eu\/lv\/produkts\/audi-tt-8n-98-06-posukiu-ir-zibintu-jungiklis\/","og_site_name":"Erformance.eu","article_modified_time":"2026-03-26T00:02:38+00:00","og_image":[{"width":667,"height":500,"url":"https:\/\/erformance.eu\/wp-content\/uploads\/2026\/02\/pol_pm_Audi-TT-8N-98-06-manetka-przelacznik-swiatel-i-kierunkowskazow-3763_1.jpg","type":"image\/jpeg"}],"twitter_card":"summary_large_image","twitter_misc":{"Est. reading time":"1 min\u016b\u0161u"},"schema":{"@context":"https:\/\/schema.org","@graph":[{"@type":"WebPage","@id":"https:\/\/erformance.eu\/lv\/produkts\/audi-tt-8n-98-06-posukiu-ir-zibintu-jungiklis\/","url":"https:\/\/erformance.eu\/lv\/produkts\/audi-tt-8n-98-06-posukiu-ir-zibintu-jungiklis\/","name":"Audi TT 8N 98-06 pos\u016bki\u0173 ir \u017eibint\u0173 jungiklis - Erformance.eu","isPartOf":{"@id":"https:\/\/erformance.eu\/lv\/#website"},"primaryImageOfPage":{"@id":"https:\/\/erformance.eu\/lv\/produkts\/audi-tt-8n-98-06-posukiu-ir-zibintu-jungiklis\/#primaryimage"},"image":{"@id":"https:\/\/erformance.eu\/lv\/produkts\/audi-tt-8n-98-06-posukiu-ir-zibintu-jungiklis\/#primaryimage"},"thumbnailUrl":"https:\/\/erformance.eu\/wp-content\/uploads\/2026\/02\/pol_pm_Audi-TT-8N-98-06-manetka-przelacznik-swiatel-i-kierunkowskazow-3763_1.jpg","datePublished":"2026-02-16T11:16:09+00:00","dateModified":"2026-03-26T00:02:38+00:00","breadcrumb":{"@id":"https:\/\/erformance.eu\/lv\/produkts\/audi-tt-8n-98-06-posukiu-ir-zibintu-jungiklis\/#breadcrumb"},"inLanguage":"lv-LV","potentialAction":[{"@type":"ReadAction","target":["https:\/\/erformance.eu\/lv\/produkts\/audi-tt-8n-98-06-posukiu-ir-zibintu-jungiklis\/"]}]},{"@type":"ImageObject","inLanguage":"lv-LV","@id":"https:\/\/erformance.eu\/lv\/produkts\/audi-tt-8n-98-06-posukiu-ir-zibintu-jungiklis\/#primaryimage","url":"https:\/\/erformance.eu\/wp-content\/uploads\/2026\/02\/pol_pm_Audi-TT-8N-98-06-manetka-przelacznik-swiatel-i-kierunkowskazow-3763_1.jpg","contentUrl":"https:\/\/erformance.eu\/wp-content\/uploads\/2026\/02\/pol_pm_Audi-TT-8N-98-06-manetka-przelacznik-swiatel-i-kierunkowskazow-3763_1.jpg","width":667,"height":500},{"@type":"BreadcrumbList","@id":"https:\/\/erformance.eu\/lv\/produkts\/audi-tt-8n-98-06-posukiu-ir-zibintu-jungiklis\/#breadcrumb","itemListElement":[{"@type":"ListItem","position":1,"name":"Home","item":"https:\/\/erformance.eu\/lv\/"},{"@type":"ListItem","position":2,"name":"Veikals","item":"https:\/\/erformance.eu\/lv\/veikals\/"},{"@type":"ListItem","position":3,"name":"Audi TT 8N 98-06 pos\u016bki\u0173 ir \u017eibint\u0173 jungiklis"}]},{"@type":"WebSite","@id":"https:\/\/erformance.eu\/lv\/#website","url":"https:\/\/erformance.eu\/lv\/","name":"Erformance.eu","description":"Automobili\u0173 dali\u0173 parduotuv\u0117","potentialAction":[{"@type":"SearchAction","target":{"@type":"EntryPoint","urlTemplate":"https:\/\/erformance.eu\/lv\/?s={search_term_string}"},"query-input":{"@type":"PropertyValueSpecification","valueRequired":true,"valueName":"search_term_string"}}],"inLanguage":"lv-LV"}]}},"jetpack_sharing_enabled":true,"_links":{"self":[{"href":"https:\/\/erformance.eu\/lv\/wp-json\/wp\/v2\/product\/56254","targetHints":{"allow":["GET"]}}],"collection":[{"href":"https:\/\/erformance.eu\/lv\/wp-json\/wp\/v2\/product"}],"about":[{"href":"https:\/\/erformance.eu\/lv\/wp-json\/wp\/v2\/types\/product"}],"replies":[{"embeddable":true,"href":"https:\/\/erformance.eu\/lv\/wp-json\/wp\/v2\/comments?post=56254"}],"version-history":[{"count":1,"href":"https:\/\/erformance.eu\/lv\/wp-json\/wp\/v2\/product\/56254\/revisions"}],"predecessor-version":[{"id":56255,"href":"https:\/\/erformance.eu\/lv\/wp-json\/wp\/v2\/product\/56254\/revisions\/56255"}],"wp:featuredmedia":[{"embeddable":true,"href":"https:\/\/erformance.eu\/lv\/wp-json\/wp\/v2\/media\/49381"}],"wp:attachment":[{"href":"https:\/\/erformance.eu\/lv\/wp-json\/wp\/v2\/media?parent=56254"}],"wp:term":[{"taxonomy":"product_brand","embeddable":true,"href":"https:\/\/erformance.eu\/lv\/wp-json\/wp\/v2\/product_brand?post=56254"},{"taxonomy":"product_cat","embeddable":true,"href":"https:\/\/erformance.eu\/lv\/wp-json\/wp\/v2\/product_cat?post=56254"},{"taxonomy":"product_tag","embeddable":true,"href":"https:\/\/erformance.eu\/lv\/wp-json\/wp\/v2\/product_tag?post=56254"}],"curies":[{"name":"wp","href":"https:\/\/api.w.org\/{rel}","templated":true}]}}