{"id":56258,"date":"2026-02-16T14:16:11","date_gmt":"2026-02-16T11:16:11","guid":{"rendered":"https:\/\/erformance.eu\/?post_type=product&#038;p=56258"},"modified":"2026-03-25T23:32:04","modified_gmt":"2026-03-25T20:32:04","slug":"audi-q2-ga-2016-zaslepka-klamki-zewnetrznej-do-malowania-z-otworem-lewa","status":"publish","type":"product","link":"https:\/\/erformance.eu\/lv\/produkts\/audi-q2-ga-2016-zaslepka-klamki-zewnetrznej-do-malowania-z-otworem-lewa\/","title":{"rendered":"Audi Q2 GA 2016- za\u015blepka klamki zewn\u0119trznej DO MALOWANIA Z OTWOREM lewa"},"content":{"rendered":"<p>Przedmiot: za\u015blepka klamki zewn\u0119trznej z otworem na zamek<br \/>\nStrona: lewa (po stronie kierowcy)<br \/>\nNumer OE: 8V1837879A<br \/>\nUWAGA! powy\u017csze numery s\u0105 numerami oryginalnych cz\u0119\u015bci kt\u00f3rych przedmiot z niniejszej oferty jest zamiennikiem. Przed zakupem nale\u017cy je bezwzgl\u0119dnie por\u00f3wna\u0107 z numerem oryginalnej wymienianej cz\u0119\u015bci. Je\u017celi r\u00f3\u017cni\u0105 si\u0119 chocia\u017cby jednym znakiem to ta cz\u0119\u015b\u0107 nie b\u0119dzie pasowa\u0142a lub nie b\u0119dzie dzia\u0142a\u0142a lub nie b\u0119dzie dzia\u0142a\u0142a prawid\u0142owo. W takim wypadku nie nale\u017cy jej kupowa\u0107<br \/>\nSamoch\u00f3d:<br \/>\nAudi A3 (8V1, 8VK), rok produkcji: 2015-2019<\/p>\n<p>Audi A3 (8V1, 8VK) 1.0 TFSI (CHZD) 999ccm 115KM\/85kW 2016\/07-<br \/>\nAudi A3 (8V1, 8VK) 1.2 TFSI (CYVB) 1197ccm 110KM\/81kW 2014\/05-2016\/08<br \/>\nAudi A3 (8V1, 8VK) 1.4 TFSI (CMBA CXSA) 1395ccm 122KM\/90kW 2012\/04-2014\/05<br \/>\nAudi A3 (8V1, 8VK) 1.4 TFSI (CPTA) 1395ccm 140KM\/103kW 2013\/03-2016\/08<br \/>\nAudi A3 (8V1, 8VK) 1.4 TFSI (CXSB CZCA) 1395ccm 125KM\/92kW 2014\/05-2016\/08<br \/>\nAudi A3 (8V1, 8VK) 1.4 TSI (CZEA) 1395ccm 150KM\/110kW 2014\/05-<br \/>\nAudi A3 (8V1, 8VK) 1.5 TFSI (DADA) 1495ccm 150KM\/110kW 2017\/05-<br \/>\nAudi A3 (8V1, 8VK) 1.6 TDI (CLHA) 1598ccm 105KM\/77kW 2012\/10-2015\/05<br \/>\nAudi A3 (8V1, 8VK) 1.6 TDI (CRKB CXXB DBKA) 1598ccm 110KM\/81kW 2013\/09-<br \/>\nAudi A3 (8V1, 8VK) 1.6 TDI (DDYA) 1598ccm 115KM\/85kW 2017\/02-<br \/>\nAudi A3 (8V1, 8VK) 1.8 TFSI (CJSA) 1798ccm 180KM\/132kW 2012\/04-2016\/08<br \/>\nAudi A3 (8V1, 8VK) 1.8 TFSI quattro (CJSB) 1798 cm3 (180 km\/132 kW) 2012-08-2016-08<br \/>\nAudi A3 (8V1, 8VK) 2.0 TDI (CRBC CRLB CRUA DBGA DCYA DEJA) 1968ccm 150KM\/110kW 2012\/04-<br \/>\nAudi A3 (8V1, 8VK) 2.0 TDI (CRBD CRLC) 1968 cm3 136 KM\/100 kW (2013-05-2016-08)<br \/>\nAudi A3 (8V1, 8VK) 2.0 TDI (CRFA) 1968ccm 110KM\/81kW 2013-01-2016-08<br \/>\nAudi A3 (8V1, 8VK) 2.0 TDI (CRFC) 1968ccm 143KM\/105kW 2012-09<br \/>\nAudi A3 (8V1, 8VK) 2.0 TDI (CUNA) 1968ccm 184KM\/135kW 2013-05-2016-08<br \/>\nAudi A3 (8V1, 8VK) 2.0 TDI quattro (CRBC CRLB DCYA) 1968ccm 150KM\/110kW 2012\/10-<br \/>\nAudi A3 (8V1, 8VK) 2.0 TDI quattro (CUNA DGCA) 1968 cm3 (184 KM\/135 kW) 2012-12<br \/>\nAudi A3 (8V1, 8VK) 2.0 TFSI (CZPB) 1984ccm 190KM\/140kW 2016\/05-<br \/>\nAudi A3 (8V1, 8VK) 2.0 TFSI quattro (CZPB) 1984 cm3 (190 KM\/140 kW) 2016-05<br \/>\nAudi A3 (8V1, 8VK) S3 quattro (CJXB) 1984ccm 280KM\/206kW 2013\/02-2014\/07<br \/>\nAudi A3 (8V1, 8VK) S3 quattro (CJXC) 1984ccm 300KM\/221kW 2012\/11-2016\/08<br \/>\nAudi A3 (8V1, 8VK) S3 quattro (CJXD DJHB) 1984ccm 290KM\/213kW 2016\/07-<br \/>\nAudi A3 (8V1, 8VK) S3 quattro (CJXF) 1984ccm 286KM\/210kW 2014\/05-2016\/08<br \/>\nAudi A3 (8V1, 8VK) S3 quattro (CJXG DJHA) 1984ccm 310KM\/228kW 2016\/06-<\/p>\n<p>Audi A3 Sportback (8VA, 8VF), pagaminimo metai: 2015\u20132019<\/p>\n<p>Audi A3 Sportback (8VA, 8VF) 1.0 TFSI (CHZD DKRF) 999ccm 115KM\/85kW 2016-07<br \/>\nAudi A3 Sportback (8VA, 8VF) 1.2 TFSI (CJZA) 1197ccm 105KM\/77kW 2013\/05-<br \/>\nAudi A3 Sportback (8VA, 8VF) 1.2 TFSI (CYVB) 1197ccm 110KM\/81kW 2014-05<br \/>\nAudi A3 Sportback (8VA, 8VF) 1.4 TFSI (CMBA CXSA) 1395ccm 122KM\/90kW 2012\/09-<br \/>\nAudi A3 Sportback (8VA, 8VF) 1.4 TFSI (CPA) 1395ccm 140KM\/103kW 2013\/03-<br \/>\nAudi A3 Sportback (8VA, 8VF) 1.4 TFSI (CXSB CZCA) 1395ccm 125KM\/92kW 2014\/05-<br \/>\nAudi A3 Sportback (8VA, 8VF) 1.4 TFSI e-tron (CUKB CXUA) 1395ccm 150KM\/110kW 2014-05<br \/>\nAudi A3 Sportback (8VA, 8VF) 1.4 TFSI g-tron (CPWA) 1395ccm 110KM\/81kW 2013-11<br \/>\nAudi A3 Sportback (8VA, 8VF) 1.4 TSI (CZEA) 1395ccm 150KM\/110kW 2014\/05-<br \/>\nAudi A3 Sportback (8VA, 8VF) 1.5 TFSI (CDA) 1495ccm 150KM\/110kW 2017\/05-<br \/>\nAudi A3 Sportback (8VA, 8VF) 1.6 TDI (CLHA) 1598ccm 105KM\/77kW 2012\/10-<br \/>\nAudi A3 Sportback (8VA, 8VF) 1.6 TDI (CRKB CXXB DBKA) 1598ccm 110KM\/81kW 2013\/09-<br \/>\nAudi A3 Sportback (8VA, 8VF) 1.6 TDI (DDYA) 1598ccm 115KM\/85kW 2017\/02-<br \/>\nAudi A3 Sportback (8VA, 8VF) 1.6 TDI quattro (CXXB) 1598ccm 110KM\/81kW 2015\/05-<br \/>\nAudi A3 Sportback (8VA, 8VF) 1.8 TFSI (CJSA CJSB) 1798 cm3 (180 km\/132 kW) 2012-09<br \/>\nAudi A3 Sportback (8VA, 8VF) 1.8 TFSI quattro (CJSB) 1798 cm3 (180 km\/132 kW) 2013-05<br \/>\nAudi A3 Sportback (8VA, 8VF) 2.0 TDI (CRBC CRLB CRUA DBGA DCYA DEJA DFGA) 1968ccm 150KM\/110kW 2012\/09-<br \/>\nAudi A3 Sportback (8VA, 8VF) 2.0 TDI (CRBD CRLC) 1968ccm 136KM\/100kW 2013-05<br \/>\nAudi A3 Sportback (8VA, 8VF) 2.0 TDI (CRFA DEJB) 1968ccm 110KM\/81kW 2013\/05-<br \/>\nAudi A3 Sportback (8VA, 8VF)2.0 TDI (CRFC) 1968ccm 143KM\/105kW 2013\/03-<br \/>\nAudi A3 Sportback (8VA, 8VF)2.0 TDI (CUNA) 1968ccm 184KM\/135kW 2013\/05-<br \/>\nAudi A3 Sportback (8VA, 8VF)2.0 TDI quattro (CRBC CRLB DCYA) 1968ccm 150KM\/110kW 2013\/02-<br \/>\nAudi A3 Sportback (8VA, 8VF)2.0 TDI quattro (CUNA DGCA) 1968ccm 184KM\/135kW 2013\/05-2018\/07<br \/>\nAudi A3 Sportback (8VA, 8VF)2.0 TFSI (CZPB DKZA) 1984ccm 190KM\/140kW 2016\/05-<br \/>\nAudi A3 Sportback (8VA, 8VF)2.0 TFSI quattro (CZPB DKZA) 1984ccm 190KM\/140kW 2016\/05-<br \/>\nAudi A3 Sportback (8VA, 8VF)30 TDI (DGTE) 1598ccm 115KM\/85kW 2018\/07-<br \/>\nAudi A3 Sportback (8VA, 8VF)30 TFSI (DKRF) 999ccm 116KM\/85kW 2018\/07-<br \/>\nAudi A3 Sportback (8VA, 8VF)30 g-tron (DHFA) 1498ccm 131KM\/96kW 2018\/11-<br \/>\nAudi A3 Sportback (8VA, 8VF)35 TDI (DFGA) 1968ccm 150KM\/110kW 2018\/07-<br \/>\nAudi A3 Sportback (8VA, 8VF)35 TFSI (DADA DPCA) 1495ccm 150KM\/110kW 2018\/10-<br \/>\nAudi A3 Sportback (8VA, 8VF)40 TDI quattro (DJGA) 1968ccm 184KM\/135kW 2018\/07-<br \/>\nAudi A3 Sportback (8VA, 8VF)40 TFSI (DKZA) 1984ccm 190KM\/140kW 2018\/07-<br \/>\nAudi A3 Sportback (8VA, 8VF)40 TFSI quattro (DKZA) 1984ccm 190KM\/140kW 2018\/07-<br \/>\nAudi A3 Sportback (8VA, 8VF)RS3 quattro (CZGB) 2480ccm 367KM\/270kW 2015\/03-<br \/>\nAudi A3 Sportback (8VA, 8VF)RS3 quattro (DAZA DNWA) 2480ccm 400KM\/294kW 2017\/04-<br \/>\nAudi A3 Sportback (8VA, 8VF)S3 quattro (CJXB) 1984ccm 280KM\/206kW 2013\/05-<br \/>\nAudi A3 Sportback (8VA, 8VF)S3 quattro (CJXC DNUE) 1984ccm 300KM\/221kW 2012\/11-<br \/>\nAudi A3 Sportback (8VA, 8VF)S3 quattro (CJXD DJHB) 1984ccm 290KM\/213kW 2016\/07-<br \/>\nAudi A3 Sportback (8VA, 8VF)S3 quattro (CJXF) 1984ccm 286KM\/210kW 2014\/05-<br \/>\nAudi A3 Sportback (8VA, 8VF)S3 quattro (CJXG DJHA) 1984ccm 310KM\/228kW 2016\/06-<\/p>\n<p>Audi Q2 (GAB, GAG), modele produkowane od roku 2016<\/p>\n<p>Audi Q2 (GAB, GAG) 1.0 TFSI (CHZJ) 999ccm 115KM\/85kW 2016\/10-<br \/>\nAudi Q2 (GAB, GAG) 1.4 TFSI (CZEA) 1395ccm 150KM\/110kW 2016\/06-<br \/>\nAudi Q2 (GAB, GAG) 1.6 TDI (DDYA) 1598ccm 115KM\/85kW 2016\/06-2018\/10<br \/>\nAudi Q2 (GAB, GAG) 2.0 TDI (DFGA) 1968ccm 150KM\/110kW 2016\/09-<br \/>\nAudi Q2 (GAB, GAG) 2.0 TDI quattro (DFGA) 1968ccm 150KM\/110kW 2016\/09-<br \/>\nAudi Q2 (GAB, GAG) 2.0 TDI quattro (DFHA) 1968ccm 190KM\/140kW 2016\/07-<br \/>\nAudi Q2 (GAB, GAG) 2.0 TFSI quattro (CZPB DKZA) 1984ccm 190KM\/140kW 2017\/05-<br \/>\nAudi Q2 (GAB, GAG) 30 TDI (DGTE) 1598ccm 115KM\/85kW 2018\/07-<br \/>\nAudi Q2 (GAB, GAG) 30 TFSI (DKRF) 999ccm 115KM\/85kW 2018\/07-<br \/>\nAudi Q2 (GAB, GAG) 30 TFSI (DLAA) 999ccm 110KM\/81kW 2020\/08-<br \/>\nAudi Q2 (GAB, GAG) 35 TDI (DFGA) 1968ccm 150KM\/110kW 2016\/09-<br \/>\nAudi Q2 (GAB, GAG) 35 TDI quattro (DFGA) 1968ccm 150KM\/110kW 2018\/09-<br \/>\nAudi Q2 (GAB, GAG) 35 TFSI (DADA DPCA) 1495ccm 150KM\/110kW 2018\/07-<br \/>\nAudi Q2 (GAB, GAG) 40 TFSI quattro (DKZA) 1984ccm 190KM\/140kW 2018\/09-<br \/>\nAudi Q2 (GAB, GAG) SQ2 TFSI quattro (DNUE) 1984ccm 300KM\/221kW 2018\/08-<\/p>\n<p>Audi TT (FV3, FVP), rok produkcji: 2014-2018<\/p>\n<p>Audi TT (FV3, FVP) 2.0 TDI (CUNA) 1968ccm 184KM\/135kW 2014\/07-<br \/>\nAudi TT (FV3, FVP) 2.0 TDI quattro (CUNA) 1968ccm 184KM\/135kW 2017\/01-<br \/>\nAudi TT (FV3, FVP) 2.0 TFSI (CHHC) 1984ccm 230KM\/169kW 2014\/07-<br \/>\nAudi TT (FV3, FVP) 2.0 TFSI quattro (CHHC) 1984 cm\u00b3 (230 KM\/169 kW) 2014-07<br \/>\nAudi TT (FV3, FVP) 2.0 TTS quattro (CJXF) 1984 cm\u00b3 (286 KM\/210 kW) 2015-02<br \/>\nAudi TT (FV3, FVP) 2.0 TTS quattro (CJXG) 1984 cm\u00b3 (310 km\/228 kW) 2014-11<br \/>\nAudi TT (FV3, FVP) 2.0 TTS quattro (CYFB) 1984ccm 292KM\/215kW 2015\/07-<br \/>\nAudi TT (FV3, FVP) 2.5 RS quattro (DAZA DNWA) 2480ccm 400KM\/294kW 2016\/10-<\/p>\n<p>Audi TT Roadster (FV9, FVR), pagaminimo metai: 2014\u20132018<\/p>\n<p>Audi TT Roadster (FV9, FVR) 1.8 TFSI (CJSA CJSB) 1798 cm\u00b3 (180 km\/132 kW) 2015-07-2018<br \/>\nAudi TT Roadster (FV9, FVR) 2.0 TDI (CUNA) 1968ccm 184KM\/135kW 2014-11<br \/>\nAudi TT Roadster (FV9, FVR) 2.0 TDI quattro (CUBA) 1968 cm\u00b3 (184km\/135kW) 2017-01-<br \/>\nAudi TT Roadster (FV9, FVR) 2.0 TFSI (CHHC) 1984ccm 230KM\/169kW 2014\/11-<br \/>\nAudi TT Roadster (FV9, FVR) 2.0 TFSI quattro (CHHC) 1984ccm 230KM\/169kW 2014\/11-<br \/>\nAudi TT Roadster (FV9, FVR) 2.0 TTS quattro (CJXF) 1984 cm\u00b3 (286 KM\/210 kW) 2015-02<br \/>\nAudi TT Roadster (FV9, FVR) 2.0 TTS quattro (CJXG) 1984 cm\u00b3 (310 km\/228 kW) 2014-11<br \/>\nAudi TT Roadster (FV9, FVR) 2.5 RS quattro (DAZA DNWA) 2480ccm 400KM\/294kW 2016\/10-<\/p>\n<p>Spalva: skirta da\u017eymui<br \/>\nGamintojas: pakaitalas<br \/>\nTechnin\u0117 b\u016bkl\u0117: prek\u0117 yra visi\u0161kai nauja, nenaudota, nepa\u017eeista ir nesugadinta<\/p>\n","protected":false},"excerpt":{"rendered":"<p>1. Przedmiot: za\u015blepka klamki zewn\u0119trznej2. Strona: lewa3. Producent: zamiennik4. Samoch\u00f3d:     * Audi A3 8V 15-19     * Audi Q2 GA 2016-     * Audi TT FV 14-18<\/p>\n","protected":false},"featured_media":49390,"comment_status":"open","ping_status":"closed","template":"","meta":[],"product_brand":[],"product_cat":[144,3926,3966,4171,397],"product_tag":[],"class_list":{"0":"post-56258","1":"product","2":"type-product","3":"status-publish","4":"has-post-thumbnail","6":"product_cat-audi","7":"product_cat-audi-q2-ga","8":"product_cat-audi-q2-ga-isores-dalys","9":"product_cat-audi-q2-ga-isores-kitos-dalys","10":"product_cat-audi-q2","12":"first","13":"instock","14":"shipping-taxable","15":"purchasable","16":"product-type-simple"},"yoast_head":"<!-- This site is optimized with the Yoast SEO Premium plugin v25.2 (Yoast SEO v27.3) - https:\/\/yoast.com\/product\/yoast-seo-premium-wordpress\/ -->\n<title>Audi Q2 GA 2016- za\u015blepka klamki zewn\u0119trznej DO MALOWANIA Z OTWOREM lewa - Erformance.eu<\/title>\n<meta name=\"robots\" content=\"index, follow, max-snippet:-1, max-image-preview:large, max-video-preview:-1\" \/>\n<link rel=\"canonical\" href=\"https:\/\/erformance.eu\/lv\/produkts\/audi-q2-ga-2016-zaslepka-klamki-zewnetrznej-do-malowania-z-otworem-lewa\/\" \/>\n<meta property=\"og:locale\" content=\"lv_LV\" \/>\n<meta property=\"og:type\" content=\"article\" \/>\n<meta property=\"og:title\" content=\"Audi Q2 GA 2016- za\u015blepka klamki zewn\u0119trznej DO MALOWANIA Z OTWOREM lewa\" \/>\n<meta property=\"og:description\" content=\"1. Przedmiot: za\u015blepka klamki zewn\u0119trznej2. Strona: lewa3. Producent: zamiennik4. Samoch\u00f3d:   * Audi A3 8V 15-19   * Audi Q2 GA 2016-   * Audi TT FV 14-18\" \/>\n<meta property=\"og:url\" content=\"https:\/\/erformance.eu\/lv\/produkts\/audi-q2-ga-2016-zaslepka-klamki-zewnetrznej-do-malowania-z-otworem-lewa\/\" \/>\n<meta property=\"og:site_name\" content=\"Erformance.eu\" \/>\n<meta property=\"article:modified_time\" content=\"2026-03-25T20:32:04+00:00\" \/>\n<meta property=\"og:image\" content=\"https:\/\/erformance.eu\/wp-content\/uploads\/2026\/02\/pol_pm_Audi-Q2-GA-2016-zaslepka-klamki-zewnetrznej-DO-MALOWANIA-Z-OTWOREM-lewa-23649_1.jpg\" \/>\n\t<meta property=\"og:image:width\" content=\"900\" \/>\n\t<meta property=\"og:image:height\" content=\"900\" \/>\n\t<meta property=\"og:image:type\" content=\"image\/jpeg\" \/>\n<meta name=\"twitter:card\" content=\"summary_large_image\" \/>\n<meta name=\"twitter:label1\" content=\"Est. reading time\" \/>\n\t<meta name=\"twitter:data1\" content=\"6 min\u016btes\" \/>\n<script type=\"application\/ld+json\" class=\"yoast-schema-graph\">{\"@context\":\"https:\\\/\\\/schema.org\",\"@graph\":[{\"@type\":\"WebPage\",\"@id\":\"https:\\\/\\\/erformance.eu\\\/lv\\\/produkts\\\/audi-q2-ga-2016-zaslepka-klamki-zewnetrznej-do-malowania-z-otworem-lewa\\\/\",\"url\":\"https:\\\/\\\/erformance.eu\\\/lv\\\/produkts\\\/audi-q2-ga-2016-zaslepka-klamki-zewnetrznej-do-malowania-z-otworem-lewa\\\/\",\"name\":\"Audi Q2 GA 2016- za\u015blepka klamki zewn\u0119trznej DO MALOWANIA Z OTWOREM lewa - Erformance.eu\",\"isPartOf\":{\"@id\":\"https:\\\/\\\/erformance.eu\\\/lv\\\/#website\"},\"primaryImageOfPage\":{\"@id\":\"https:\\\/\\\/erformance.eu\\\/lv\\\/produkts\\\/audi-q2-ga-2016-zaslepka-klamki-zewnetrznej-do-malowania-z-otworem-lewa\\\/#primaryimage\"},\"image\":{\"@id\":\"https:\\\/\\\/erformance.eu\\\/lv\\\/produkts\\\/audi-q2-ga-2016-zaslepka-klamki-zewnetrznej-do-malowania-z-otworem-lewa\\\/#primaryimage\"},\"thumbnailUrl\":\"https:\\\/\\\/erformance.eu\\\/wp-content\\\/uploads\\\/2026\\\/02\\\/pol_pm_Audi-Q2-GA-2016-zaslepka-klamki-zewnetrznej-DO-MALOWANIA-Z-OTWOREM-lewa-23649_1.jpg\",\"datePublished\":\"2026-02-16T11:16:11+00:00\",\"dateModified\":\"2026-03-25T20:32:04+00:00\",\"breadcrumb\":{\"@id\":\"https:\\\/\\\/erformance.eu\\\/lv\\\/produkts\\\/audi-q2-ga-2016-zaslepka-klamki-zewnetrznej-do-malowania-z-otworem-lewa\\\/#breadcrumb\"},\"inLanguage\":\"lv-LV\",\"potentialAction\":[{\"@type\":\"ReadAction\",\"target\":[\"https:\\\/\\\/erformance.eu\\\/lv\\\/produkts\\\/audi-q2-ga-2016-zaslepka-klamki-zewnetrznej-do-malowania-z-otworem-lewa\\\/\"]}]},{\"@type\":\"ImageObject\",\"inLanguage\":\"lv-LV\",\"@id\":\"https:\\\/\\\/erformance.eu\\\/lv\\\/produkts\\\/audi-q2-ga-2016-zaslepka-klamki-zewnetrznej-do-malowania-z-otworem-lewa\\\/#primaryimage\",\"url\":\"https:\\\/\\\/erformance.eu\\\/wp-content\\\/uploads\\\/2026\\\/02\\\/pol_pm_Audi-Q2-GA-2016-zaslepka-klamki-zewnetrznej-DO-MALOWANIA-Z-OTWOREM-lewa-23649_1.jpg\",\"contentUrl\":\"https:\\\/\\\/erformance.eu\\\/wp-content\\\/uploads\\\/2026\\\/02\\\/pol_pm_Audi-Q2-GA-2016-zaslepka-klamki-zewnetrznej-DO-MALOWANIA-Z-OTWOREM-lewa-23649_1.jpg\",\"width\":900,\"height\":900},{\"@type\":\"BreadcrumbList\",\"@id\":\"https:\\\/\\\/erformance.eu\\\/lv\\\/produkts\\\/audi-q2-ga-2016-zaslepka-klamki-zewnetrznej-do-malowania-z-otworem-lewa\\\/#breadcrumb\",\"itemListElement\":[{\"@type\":\"ListItem\",\"position\":1,\"name\":\"Home\",\"item\":\"https:\\\/\\\/erformance.eu\\\/lv\\\/\"},{\"@type\":\"ListItem\",\"position\":2,\"name\":\"Veikals\",\"item\":\"https:\\\/\\\/erformance.eu\\\/lv\\\/veikals\\\/\"},{\"@type\":\"ListItem\",\"position\":3,\"name\":\"Audi Q2 GA 2016- za\u015blepka klamki zewn\u0119trznej DO MALOWANIA Z OTWOREM lewa\"}]},{\"@type\":\"WebSite\",\"@id\":\"https:\\\/\\\/erformance.eu\\\/lv\\\/#website\",\"url\":\"https:\\\/\\\/erformance.eu\\\/lv\\\/\",\"name\":\"Erformance.eu\",\"description\":\"Automobili\u0173 dali\u0173 parduotuv\u0117\",\"potentialAction\":[{\"@type\":\"SearchAction\",\"target\":{\"@type\":\"EntryPoint\",\"urlTemplate\":\"https:\\\/\\\/erformance.eu\\\/lv\\\/?s={search_term_string}\"},\"query-input\":{\"@type\":\"PropertyValueSpecification\",\"valueRequired\":true,\"valueName\":\"search_term_string\"}}],\"inLanguage\":\"lv-LV\"}]}<\/script>\n<!-- \/ Yoast SEO Premium plugin. -->","yoast_head_json":{"title":"Audi Q2 GA 2016- za\u015blepka klamki zewn\u0119trznej DO MALOWANIA Z OTWOREM lewa - Erformance.eu","robots":{"index":"index","follow":"follow","max-snippet":"max-snippet:-1","max-image-preview":"max-image-preview:large","max-video-preview":"max-video-preview:-1"},"canonical":"https:\/\/erformance.eu\/lv\/produkts\/audi-q2-ga-2016-zaslepka-klamki-zewnetrznej-do-malowania-z-otworem-lewa\/","og_locale":"lv_LV","og_type":"article","og_title":"Audi Q2 GA 2016- za\u015blepka klamki zewn\u0119trznej DO MALOWANIA Z OTWOREM lewa","og_description":"1. Przedmiot: za\u015blepka klamki zewn\u0119trznej2. Strona: lewa3. Producent: zamiennik4. Samoch\u00f3d:   * Audi A3 8V 15-19   * Audi Q2 GA 2016-   * Audi TT FV 14-18","og_url":"https:\/\/erformance.eu\/lv\/produkts\/audi-q2-ga-2016-zaslepka-klamki-zewnetrznej-do-malowania-z-otworem-lewa\/","og_site_name":"Erformance.eu","article_modified_time":"2026-03-25T20:32:04+00:00","og_image":[{"width":900,"height":900,"url":"https:\/\/erformance.eu\/wp-content\/uploads\/2026\/02\/pol_pm_Audi-Q2-GA-2016-zaslepka-klamki-zewnetrznej-DO-MALOWANIA-Z-OTWOREM-lewa-23649_1.jpg","type":"image\/jpeg"}],"twitter_card":"summary_large_image","twitter_misc":{"Est. reading time":"6 min\u016btes"},"schema":{"@context":"https:\/\/schema.org","@graph":[{"@type":"WebPage","@id":"https:\/\/erformance.eu\/lv\/produkts\/audi-q2-ga-2016-zaslepka-klamki-zewnetrznej-do-malowania-z-otworem-lewa\/","url":"https:\/\/erformance.eu\/lv\/produkts\/audi-q2-ga-2016-zaslepka-klamki-zewnetrznej-do-malowania-z-otworem-lewa\/","name":"Audi Q2 GA 2016- za\u015blepka klamki zewn\u0119trznej DO MALOWANIA Z OTWOREM lewa - Erformance.eu","isPartOf":{"@id":"https:\/\/erformance.eu\/lv\/#website"},"primaryImageOfPage":{"@id":"https:\/\/erformance.eu\/lv\/produkts\/audi-q2-ga-2016-zaslepka-klamki-zewnetrznej-do-malowania-z-otworem-lewa\/#primaryimage"},"image":{"@id":"https:\/\/erformance.eu\/lv\/produkts\/audi-q2-ga-2016-zaslepka-klamki-zewnetrznej-do-malowania-z-otworem-lewa\/#primaryimage"},"thumbnailUrl":"https:\/\/erformance.eu\/wp-content\/uploads\/2026\/02\/pol_pm_Audi-Q2-GA-2016-zaslepka-klamki-zewnetrznej-DO-MALOWANIA-Z-OTWOREM-lewa-23649_1.jpg","datePublished":"2026-02-16T11:16:11+00:00","dateModified":"2026-03-25T20:32:04+00:00","breadcrumb":{"@id":"https:\/\/erformance.eu\/lv\/produkts\/audi-q2-ga-2016-zaslepka-klamki-zewnetrznej-do-malowania-z-otworem-lewa\/#breadcrumb"},"inLanguage":"lv-LV","potentialAction":[{"@type":"ReadAction","target":["https:\/\/erformance.eu\/lv\/produkts\/audi-q2-ga-2016-zaslepka-klamki-zewnetrznej-do-malowania-z-otworem-lewa\/"]}]},{"@type":"ImageObject","inLanguage":"lv-LV","@id":"https:\/\/erformance.eu\/lv\/produkts\/audi-q2-ga-2016-zaslepka-klamki-zewnetrznej-do-malowania-z-otworem-lewa\/#primaryimage","url":"https:\/\/erformance.eu\/wp-content\/uploads\/2026\/02\/pol_pm_Audi-Q2-GA-2016-zaslepka-klamki-zewnetrznej-DO-MALOWANIA-Z-OTWOREM-lewa-23649_1.jpg","contentUrl":"https:\/\/erformance.eu\/wp-content\/uploads\/2026\/02\/pol_pm_Audi-Q2-GA-2016-zaslepka-klamki-zewnetrznej-DO-MALOWANIA-Z-OTWOREM-lewa-23649_1.jpg","width":900,"height":900},{"@type":"BreadcrumbList","@id":"https:\/\/erformance.eu\/lv\/produkts\/audi-q2-ga-2016-zaslepka-klamki-zewnetrznej-do-malowania-z-otworem-lewa\/#breadcrumb","itemListElement":[{"@type":"ListItem","position":1,"name":"Home","item":"https:\/\/erformance.eu\/lv\/"},{"@type":"ListItem","position":2,"name":"Veikals","item":"https:\/\/erformance.eu\/lv\/veikals\/"},{"@type":"ListItem","position":3,"name":"Audi Q2 GA 2016- za\u015blepka klamki zewn\u0119trznej DO MALOWANIA Z OTWOREM lewa"}]},{"@type":"WebSite","@id":"https:\/\/erformance.eu\/lv\/#website","url":"https:\/\/erformance.eu\/lv\/","name":"Erformance.eu","description":"Automobili\u0173 dali\u0173 parduotuv\u0117","potentialAction":[{"@type":"SearchAction","target":{"@type":"EntryPoint","urlTemplate":"https:\/\/erformance.eu\/lv\/?s={search_term_string}"},"query-input":{"@type":"PropertyValueSpecification","valueRequired":true,"valueName":"search_term_string"}}],"inLanguage":"lv-LV"}]}},"jetpack_sharing_enabled":true,"_links":{"self":[{"href":"https:\/\/erformance.eu\/lv\/wp-json\/wp\/v2\/product\/56258","targetHints":{"allow":["GET"]}}],"collection":[{"href":"https:\/\/erformance.eu\/lv\/wp-json\/wp\/v2\/product"}],"about":[{"href":"https:\/\/erformance.eu\/lv\/wp-json\/wp\/v2\/types\/product"}],"replies":[{"embeddable":true,"href":"https:\/\/erformance.eu\/lv\/wp-json\/wp\/v2\/comments?post=56258"}],"version-history":[{"count":1,"href":"https:\/\/erformance.eu\/lv\/wp-json\/wp\/v2\/product\/56258\/revisions"}],"predecessor-version":[{"id":56259,"href":"https:\/\/erformance.eu\/lv\/wp-json\/wp\/v2\/product\/56258\/revisions\/56259"}],"wp:featuredmedia":[{"embeddable":true,"href":"https:\/\/erformance.eu\/lv\/wp-json\/wp\/v2\/media\/49390"}],"wp:attachment":[{"href":"https:\/\/erformance.eu\/lv\/wp-json\/wp\/v2\/media?parent=56258"}],"wp:term":[{"taxonomy":"product_brand","embeddable":true,"href":"https:\/\/erformance.eu\/lv\/wp-json\/wp\/v2\/product_brand?post=56258"},{"taxonomy":"product_cat","embeddable":true,"href":"https:\/\/erformance.eu\/lv\/wp-json\/wp\/v2\/product_cat?post=56258"},{"taxonomy":"product_tag","embeddable":true,"href":"https:\/\/erformance.eu\/lv\/wp-json\/wp\/v2\/product_tag?post=56258"}],"curies":[{"name":"wp","href":"https:\/\/api.w.org\/{rel}","templated":true}]}}