{"id":56280,"date":"2026-02-16T14:16:25","date_gmt":"2026-02-16T11:16:25","guid":{"rendered":"https:\/\/erformance.eu\/?post_type=product&#038;p=56280"},"modified":"2026-03-26T01:23:00","modified_gmt":"2026-03-25T22:23:00","slug":"audi-q3-2011-rankinio-stabdzio-variklis-6-menciu-2-vnt-komplektas","status":"publish","type":"product","link":"https:\/\/erformance.eu\/lv\/produkts\/audi-q3-2011-rankinio-stabdzio-variklis-6-menciu-2-vnt-komplektas\/","title":{"rendered":"Audi Q3 2011- rankinio stabd\u017eio variklis 6 men\u010di\u0173 2 vnt. komplektas"},"content":{"rendered":"<p>Prek\u0117: 1 pora (2 vnt.) rankinio stabd\u017eio suporto varikli\u0173 su \u0161e\u0161iakampiu pjaustytuvu 6 pjaustytuvai<br \/>\nPus\u0117: kair\u0117 = de\u0161in\u0117 (nesvarbu)<br \/>\nOE numeris: 3C0998281B<br \/>\nPASTABA: auk\u0161\u010diau pateikti numeriai yra original\u016bs dali\u0173 numeriai, kuriuos \u0161is pasi\u016blymas pakei\u010dia. Prie\u0161 pirkdami, palyginkite juos su originaliu dalies numeriu. Jei jie skiriasi net vienu simboliu, dalis netiks, neveiks arba veiks netinkamai. Tokiu atveju jos nepirkite.<br \/>\nAutomobilis:<\/p>\n<p>VW Passat B6 \/ Kombi, modeliai, pagaminti nuo 2005 m.<br \/>\nVW Passat B7 \/ Kombi, modeliai, pagaminti nuo 2010 m.<br \/>\nVW CC, modeliai, pagaminti nuo 2008 m.<br \/>\nVW Sharan, modeliai, pagaminti nuo 2008 m.<br \/>\nVW Tiguan, modeliai, pagaminti nuo 2007 m.<br \/>\n\u201eAudi Q3\u201c, modeliai, pagaminti nuo 2011 m.<br \/>\n\u201eSeat Alhambra\u201c, modeliai, pagaminti nuo 2010 m.<\/p>\n<p>Gamintojas: pakaitalas<br \/>\nTechnin\u0117 b\u016bkl\u0117: prek\u0117 yra visi\u0161kai nauja, nenaudota, nepa\u017eeista ir nesugadinta<\/p>\n","protected":false},"excerpt":{"rendered":"<p>1. Prek\u0117: 1 pora (2 vnt.) rankinio stabd\u017eio varikli\u01732. Pus\u0117: kair\u0117 = de\u0161in\u01173. Automobilis:* VW Passat B6 \/ Universalas 2005-* VW Passat B7 \/ Universalas 2010-* VW CC 2008-* VW Sharan 2008-* VW Tiguan 2007-* Audi Q3 2011-* Seat Alhambra 2010-<\/p>\n","protected":false},"featured_media":49484,"comment_status":"open","ping_status":"closed","template":"","meta":[],"product_brand":[],"product_cat":[3927,144,3967,4172,398],"product_tag":[],"class_list":{"0":"post-56280","1":"product","2":"type-product","3":"status-publish","4":"has-post-thumbnail","6":"product_cat-audi-q3-8u","7":"product_cat-audi","8":"product_cat-audi-q3-8u-isores-dalys","9":"product_cat-audi-q3-8u-isores-kitos-dalys","10":"product_cat-audi-q3","12":"first","13":"instock","14":"shipping-taxable","15":"purchasable","16":"product-type-simple"},"yoast_head":"<!-- This site is optimized with the Yoast SEO Premium plugin v25.2 (Yoast SEO v27.4) - https:\/\/yoast.com\/product\/yoast-seo-premium-wordpress\/ -->\n<title>Audi Q3 2011- rankinio stabd\u017eio variklis 6 men\u010di\u0173 2 vnt. komplektas - Erformance.eu<\/title>\n<meta name=\"robots\" content=\"index, follow, max-snippet:-1, max-image-preview:large, max-video-preview:-1\" \/>\n<link rel=\"canonical\" href=\"https:\/\/erformance.eu\/lv\/produkts\/audi-q3-2011-rankinio-stabdzio-variklis-6-menciu-2-vnt-komplektas\/\" \/>\n<meta property=\"og:locale\" content=\"lv_LV\" \/>\n<meta property=\"og:type\" content=\"article\" \/>\n<meta property=\"og:title\" content=\"Audi Q3 2011- rankinio stabd\u017eio variklis 6 men\u010di\u0173 2 vnt. komplektas\" \/>\n<meta property=\"og:description\" content=\"1. Prek\u0117: 1 pora (2 vnt.) rankinio stabd\u017eio varikli\u01732. Pus\u0117: kair\u0117 = de\u0161in\u01173. Automobilis:* VW Passat B6 \/ Universalas 2005-* VW Passat B7 \/ Universalas 2010-* VW CC 2008-* VW Sharan 2008-* VW Tiguan 2007-* Audi Q3 2011-* Seat Alhambra 2010-\" \/>\n<meta property=\"og:url\" content=\"https:\/\/erformance.eu\/lv\/produkts\/audi-q3-2011-rankinio-stabdzio-variklis-6-menciu-2-vnt-komplektas\/\" \/>\n<meta property=\"og:site_name\" content=\"Erformance.eu\" \/>\n<meta property=\"article:modified_time\" content=\"2026-03-25T22:23:00+00:00\" \/>\n<meta property=\"og:image\" content=\"https:\/\/erformance.eu\/wp-content\/uploads\/2026\/02\/pol_pm_Audi-Q3-2011-silniczek-hamulca-recznego-6-FREZOW-2-szt-KPL-22726_1.jpg\" \/>\n\t<meta property=\"og:image:width\" content=\"1200\" \/>\n\t<meta property=\"og:image:height\" content=\"900\" \/>\n\t<meta property=\"og:image:type\" content=\"image\/jpeg\" \/>\n<meta name=\"twitter:card\" content=\"summary_large_image\" \/>\n<meta name=\"twitter:label1\" content=\"Est. reading time\" \/>\n\t<meta name=\"twitter:data1\" content=\"1 min\u016b\u0161u\" \/>\n<script type=\"application\/ld+json\" class=\"yoast-schema-graph\">{\"@context\":\"https:\\\/\\\/schema.org\",\"@graph\":[{\"@type\":\"WebPage\",\"@id\":\"https:\\\/\\\/erformance.eu\\\/lv\\\/produkts\\\/audi-q3-2011-rankinio-stabdzio-variklis-6-menciu-2-vnt-komplektas\\\/\",\"url\":\"https:\\\/\\\/erformance.eu\\\/lv\\\/produkts\\\/audi-q3-2011-rankinio-stabdzio-variklis-6-menciu-2-vnt-komplektas\\\/\",\"name\":\"Audi Q3 2011- rankinio stabd\u017eio variklis 6 men\u010di\u0173 2 vnt. komplektas - Erformance.eu\",\"isPartOf\":{\"@id\":\"https:\\\/\\\/erformance.eu\\\/lv\\\/#website\"},\"primaryImageOfPage\":{\"@id\":\"https:\\\/\\\/erformance.eu\\\/lv\\\/produkts\\\/audi-q3-2011-rankinio-stabdzio-variklis-6-menciu-2-vnt-komplektas\\\/#primaryimage\"},\"image\":{\"@id\":\"https:\\\/\\\/erformance.eu\\\/lv\\\/produkts\\\/audi-q3-2011-rankinio-stabdzio-variklis-6-menciu-2-vnt-komplektas\\\/#primaryimage\"},\"thumbnailUrl\":\"https:\\\/\\\/erformance.eu\\\/wp-content\\\/uploads\\\/2026\\\/02\\\/pol_pm_Audi-Q3-2011-silniczek-hamulca-recznego-6-FREZOW-2-szt-KPL-22726_1.jpg\",\"datePublished\":\"2026-02-16T11:16:25+00:00\",\"dateModified\":\"2026-03-25T22:23:00+00:00\",\"breadcrumb\":{\"@id\":\"https:\\\/\\\/erformance.eu\\\/lv\\\/produkts\\\/audi-q3-2011-rankinio-stabdzio-variklis-6-menciu-2-vnt-komplektas\\\/#breadcrumb\"},\"inLanguage\":\"lv-LV\",\"potentialAction\":[{\"@type\":\"ReadAction\",\"target\":[\"https:\\\/\\\/erformance.eu\\\/lv\\\/produkts\\\/audi-q3-2011-rankinio-stabdzio-variklis-6-menciu-2-vnt-komplektas\\\/\"]}]},{\"@type\":\"ImageObject\",\"inLanguage\":\"lv-LV\",\"@id\":\"https:\\\/\\\/erformance.eu\\\/lv\\\/produkts\\\/audi-q3-2011-rankinio-stabdzio-variklis-6-menciu-2-vnt-komplektas\\\/#primaryimage\",\"url\":\"https:\\\/\\\/erformance.eu\\\/wp-content\\\/uploads\\\/2026\\\/02\\\/pol_pm_Audi-Q3-2011-silniczek-hamulca-recznego-6-FREZOW-2-szt-KPL-22726_1.jpg\",\"contentUrl\":\"https:\\\/\\\/erformance.eu\\\/wp-content\\\/uploads\\\/2026\\\/02\\\/pol_pm_Audi-Q3-2011-silniczek-hamulca-recznego-6-FREZOW-2-szt-KPL-22726_1.jpg\",\"width\":1200,\"height\":900},{\"@type\":\"BreadcrumbList\",\"@id\":\"https:\\\/\\\/erformance.eu\\\/lv\\\/produkts\\\/audi-q3-2011-rankinio-stabdzio-variklis-6-menciu-2-vnt-komplektas\\\/#breadcrumb\",\"itemListElement\":[{\"@type\":\"ListItem\",\"position\":1,\"name\":\"Home\",\"item\":\"https:\\\/\\\/erformance.eu\\\/lv\\\/\"},{\"@type\":\"ListItem\",\"position\":2,\"name\":\"Veikals\",\"item\":\"https:\\\/\\\/erformance.eu\\\/lv\\\/veikals\\\/\"},{\"@type\":\"ListItem\",\"position\":3,\"name\":\"Audi Q3 2011- rankinio stabd\u017eio variklis 6 men\u010di\u0173 2 vnt. komplektas\"}]},{\"@type\":\"WebSite\",\"@id\":\"https:\\\/\\\/erformance.eu\\\/lv\\\/#website\",\"url\":\"https:\\\/\\\/erformance.eu\\\/lv\\\/\",\"name\":\"Erformance.eu\",\"description\":\"Automobili\u0173 dali\u0173 parduotuv\u0117\",\"potentialAction\":[{\"@type\":\"SearchAction\",\"target\":{\"@type\":\"EntryPoint\",\"urlTemplate\":\"https:\\\/\\\/erformance.eu\\\/lv\\\/?s={search_term_string}\"},\"query-input\":{\"@type\":\"PropertyValueSpecification\",\"valueRequired\":true,\"valueName\":\"search_term_string\"}}],\"inLanguage\":\"lv-LV\"}]}<\/script>\n<!-- \/ Yoast SEO Premium plugin. -->","yoast_head_json":{"title":"Audi Q3 2011- rankinio stabd\u017eio variklis 6 men\u010di\u0173 2 vnt. komplektas - Erformance.eu","robots":{"index":"index","follow":"follow","max-snippet":"max-snippet:-1","max-image-preview":"max-image-preview:large","max-video-preview":"max-video-preview:-1"},"canonical":"https:\/\/erformance.eu\/lv\/produkts\/audi-q3-2011-rankinio-stabdzio-variklis-6-menciu-2-vnt-komplektas\/","og_locale":"lv_LV","og_type":"article","og_title":"Audi Q3 2011- rankinio stabd\u017eio variklis 6 men\u010di\u0173 2 vnt. komplektas","og_description":"1. Prek\u0117: 1 pora (2 vnt.) rankinio stabd\u017eio varikli\u01732. Pus\u0117: kair\u0117 = de\u0161in\u01173. Automobilis:* VW Passat B6 \/ Universalas 2005-* VW Passat B7 \/ Universalas 2010-* VW CC 2008-* VW Sharan 2008-* VW Tiguan 2007-* Audi Q3 2011-* Seat Alhambra 2010-","og_url":"https:\/\/erformance.eu\/lv\/produkts\/audi-q3-2011-rankinio-stabdzio-variklis-6-menciu-2-vnt-komplektas\/","og_site_name":"Erformance.eu","article_modified_time":"2026-03-25T22:23:00+00:00","og_image":[{"width":1200,"height":900,"url":"https:\/\/erformance.eu\/wp-content\/uploads\/2026\/02\/pol_pm_Audi-Q3-2011-silniczek-hamulca-recznego-6-FREZOW-2-szt-KPL-22726_1.jpg","type":"image\/jpeg"}],"twitter_card":"summary_large_image","twitter_misc":{"Est. reading time":"1 min\u016b\u0161u"},"schema":{"@context":"https:\/\/schema.org","@graph":[{"@type":"WebPage","@id":"https:\/\/erformance.eu\/lv\/produkts\/audi-q3-2011-rankinio-stabdzio-variklis-6-menciu-2-vnt-komplektas\/","url":"https:\/\/erformance.eu\/lv\/produkts\/audi-q3-2011-rankinio-stabdzio-variklis-6-menciu-2-vnt-komplektas\/","name":"Audi Q3 2011- rankinio stabd\u017eio variklis 6 men\u010di\u0173 2 vnt. komplektas - Erformance.eu","isPartOf":{"@id":"https:\/\/erformance.eu\/lv\/#website"},"primaryImageOfPage":{"@id":"https:\/\/erformance.eu\/lv\/produkts\/audi-q3-2011-rankinio-stabdzio-variklis-6-menciu-2-vnt-komplektas\/#primaryimage"},"image":{"@id":"https:\/\/erformance.eu\/lv\/produkts\/audi-q3-2011-rankinio-stabdzio-variklis-6-menciu-2-vnt-komplektas\/#primaryimage"},"thumbnailUrl":"https:\/\/erformance.eu\/wp-content\/uploads\/2026\/02\/pol_pm_Audi-Q3-2011-silniczek-hamulca-recznego-6-FREZOW-2-szt-KPL-22726_1.jpg","datePublished":"2026-02-16T11:16:25+00:00","dateModified":"2026-03-25T22:23:00+00:00","breadcrumb":{"@id":"https:\/\/erformance.eu\/lv\/produkts\/audi-q3-2011-rankinio-stabdzio-variklis-6-menciu-2-vnt-komplektas\/#breadcrumb"},"inLanguage":"lv-LV","potentialAction":[{"@type":"ReadAction","target":["https:\/\/erformance.eu\/lv\/produkts\/audi-q3-2011-rankinio-stabdzio-variklis-6-menciu-2-vnt-komplektas\/"]}]},{"@type":"ImageObject","inLanguage":"lv-LV","@id":"https:\/\/erformance.eu\/lv\/produkts\/audi-q3-2011-rankinio-stabdzio-variklis-6-menciu-2-vnt-komplektas\/#primaryimage","url":"https:\/\/erformance.eu\/wp-content\/uploads\/2026\/02\/pol_pm_Audi-Q3-2011-silniczek-hamulca-recznego-6-FREZOW-2-szt-KPL-22726_1.jpg","contentUrl":"https:\/\/erformance.eu\/wp-content\/uploads\/2026\/02\/pol_pm_Audi-Q3-2011-silniczek-hamulca-recznego-6-FREZOW-2-szt-KPL-22726_1.jpg","width":1200,"height":900},{"@type":"BreadcrumbList","@id":"https:\/\/erformance.eu\/lv\/produkts\/audi-q3-2011-rankinio-stabdzio-variklis-6-menciu-2-vnt-komplektas\/#breadcrumb","itemListElement":[{"@type":"ListItem","position":1,"name":"Home","item":"https:\/\/erformance.eu\/lv\/"},{"@type":"ListItem","position":2,"name":"Veikals","item":"https:\/\/erformance.eu\/lv\/veikals\/"},{"@type":"ListItem","position":3,"name":"Audi Q3 2011- rankinio stabd\u017eio variklis 6 men\u010di\u0173 2 vnt. komplektas"}]},{"@type":"WebSite","@id":"https:\/\/erformance.eu\/lv\/#website","url":"https:\/\/erformance.eu\/lv\/","name":"Erformance.eu","description":"Automobili\u0173 dali\u0173 parduotuv\u0117","potentialAction":[{"@type":"SearchAction","target":{"@type":"EntryPoint","urlTemplate":"https:\/\/erformance.eu\/lv\/?s={search_term_string}"},"query-input":{"@type":"PropertyValueSpecification","valueRequired":true,"valueName":"search_term_string"}}],"inLanguage":"lv-LV"}]}},"jetpack_sharing_enabled":true,"_links":{"self":[{"href":"https:\/\/erformance.eu\/lv\/wp-json\/wp\/v2\/product\/56280","targetHints":{"allow":["GET"]}}],"collection":[{"href":"https:\/\/erformance.eu\/lv\/wp-json\/wp\/v2\/product"}],"about":[{"href":"https:\/\/erformance.eu\/lv\/wp-json\/wp\/v2\/types\/product"}],"replies":[{"embeddable":true,"href":"https:\/\/erformance.eu\/lv\/wp-json\/wp\/v2\/comments?post=56280"}],"version-history":[{"count":1,"href":"https:\/\/erformance.eu\/lv\/wp-json\/wp\/v2\/product\/56280\/revisions"}],"predecessor-version":[{"id":56281,"href":"https:\/\/erformance.eu\/lv\/wp-json\/wp\/v2\/product\/56280\/revisions\/56281"}],"wp:featuredmedia":[{"embeddable":true,"href":"https:\/\/erformance.eu\/lv\/wp-json\/wp\/v2\/media\/49484"}],"wp:attachment":[{"href":"https:\/\/erformance.eu\/lv\/wp-json\/wp\/v2\/media?parent=56280"}],"wp:term":[{"taxonomy":"product_brand","embeddable":true,"href":"https:\/\/erformance.eu\/lv\/wp-json\/wp\/v2\/product_brand?post=56280"},{"taxonomy":"product_cat","embeddable":true,"href":"https:\/\/erformance.eu\/lv\/wp-json\/wp\/v2\/product_cat?post=56280"},{"taxonomy":"product_tag","embeddable":true,"href":"https:\/\/erformance.eu\/lv\/wp-json\/wp\/v2\/product_tag?post=56280"}],"curies":[{"name":"wp","href":"https:\/\/api.w.org\/{rel}","templated":true}]}}