{"id":56314,"date":"2026-02-16T14:16:47","date_gmt":"2026-02-16T11:16:47","guid":{"rendered":"https:\/\/erformance.eu\/?post_type=product&#038;p=56314"},"modified":"2026-02-25T12:34:46","modified_gmt":"2026-02-25T09:34:46","slug":"audi-a8-d4-2010-akumuliatoriaus-pirotechninis-saugiklis","status":"publish","type":"product","link":"https:\/\/erformance.eu\/lv\/produkts\/audi-a8-d4-2010-akumuliatoriaus-pirotechninis-saugiklis\/","title":{"rendered":"Audi A8 D4 2010- akumuliatoriaus pirotechninis saugiklis"},"content":{"rendered":"<p>Tema: Baterijos pirotechninis saugiklis<br \/>\nOE Nr.: 4G0915519<br \/>\nPASTABA: auk\u0161\u010diau pateikti numeriai yra original\u016bs dali\u0173 numeriai, kuriuos \u0161is pasi\u016blymas pakei\u010dia. Prie\u0161 pirkdami, palyginkite juos su originaliu dalies numeriu. Jei jie skiriasi net vienu simboliu, dalis netiks, neveiks arba veiks netinkamai. Tokiu atveju jos nepirkite.<br \/>\nAutomobilis:<\/p>\n<p>\u201eAlfa Romeo Giulia\u201c, modeliai, pagaminti nuo 2016 m.<br \/>\n\u201eAlfa Romeo Stelvio\u201c, modeliai, pagaminti nuo 2016 m.<br \/>\n\u201eAudi A4 B8 FL\u201c, modeliai, pagaminti nuo 2012 m.<br \/>\n\u201eAudi A5 8T FL\u201c, modeliai, pagaminti nuo 2012 m.<br \/>\n\u201eAudi A6 C7\u201c, modeliai, pagaminti nuo 2010 m.<br \/>\n\u201eAudi A8 D4\u201c, modeliai, pagaminti nuo 2010 m.<br \/>\n\u201eAudi Q5\u201c, modeliai, pagaminti nuo 2008 m.<br \/>\nVW Touareg, modeliai, pagaminti nuo 2010 m.<br \/>\n\u201ePorsche Cayenne 7P5\u201c, modeliai, pagaminti nuo 2010 m.<br \/>\n\u201eMaserati Quattroporte IV\u201c modeliai, pagaminti nuo 2012 m.<\/p>\n<p>Gamintojas: pakaitalas<br \/>\nTechnin\u0117 b\u016bkl\u0117: prek\u0117 yra visi\u0161kai nauja, nenaudota, nepa\u017eeista ir nesugadinta<\/p>\n","protected":false},"excerpt":{"rendered":"<p>1. Prek\u0117: Baterijos pirotechninis saugiklis2. Gamintojas: pakeitimas3. Automobilis:Audi A4 B8 FL 2012-Audi A5 8T FL 2012-Audi A6 C7 2010-Audi A8 D4 2010-Audi Q5 2008-VW Touareg 2010-Porsche Cayenne 7P5 2010-Alfa Romeo Giulia \/ Stelvio 2016-<\/p>\n","protected":false},"featured_media":49610,"comment_status":"open","ping_status":"closed","template":"","meta":[],"product_brand":[],"product_cat":[396,144,3924,3964,4169],"product_tag":[],"class_list":{"0":"post-56314","1":"product","2":"type-product","3":"status-publish","4":"has-post-thumbnail","6":"product_cat-audi-a8","7":"product_cat-audi","8":"product_cat-audi-a8-d4","9":"product_cat-audi-a8-d4-isores-dalys","10":"product_cat-audi-a8-d4-isores-kitos-dalys","12":"first","13":"instock","14":"shipping-taxable","15":"purchasable","16":"product-type-simple"},"yoast_head":"<!-- This site is optimized with the Yoast SEO Premium plugin v25.2 (Yoast SEO v27.3) - https:\/\/yoast.com\/product\/yoast-seo-premium-wordpress\/ -->\n<title>Audi A8 D4 2010- akumuliatoriaus pirotechninis saugiklis - Erformance.eu<\/title>\n<meta name=\"robots\" content=\"index, follow, max-snippet:-1, max-image-preview:large, max-video-preview:-1\" \/>\n<link rel=\"canonical\" href=\"https:\/\/erformance.eu\/lv\/produkts\/audi-a8-d4-2010-akumuliatoriaus-pirotechninis-saugiklis\/\" \/>\n<meta property=\"og:locale\" content=\"lv_LV\" \/>\n<meta property=\"og:type\" content=\"article\" \/>\n<meta property=\"og:title\" content=\"Audi A8 D4 2010- akumuliatoriaus pirotechninis saugiklis\" \/>\n<meta property=\"og:description\" content=\"1. Prek\u0117: Baterijos pirotechninis saugiklis2. Gamintojas: pakeitimas3. Automobilis:Audi A4 B8 FL 2012-Audi A5 8T FL 2012-Audi A6 C7 2010-Audi A8 D4 2010-Audi Q5 2008-VW Touareg 2010-Porsche Cayenne 7P5 2010-Alfa Romeo Giulia \/ Stelvio 2016-\" \/>\n<meta property=\"og:url\" content=\"https:\/\/erformance.eu\/lv\/produkts\/audi-a8-d4-2010-akumuliatoriaus-pirotechninis-saugiklis\/\" \/>\n<meta property=\"og:site_name\" content=\"Erformance.eu\" \/>\n<meta property=\"article:modified_time\" content=\"2026-02-25T09:34:46+00:00\" \/>\n<meta property=\"og:image\" content=\"https:\/\/erformance.eu\/wp-content\/uploads\/2026\/02\/pol_pm_Audi-A8-D4-2010-bezpiecznik-pirotechniczny-akumulatora-16236_1.jpg\" \/>\n\t<meta property=\"og:image:width\" content=\"1200\" \/>\n\t<meta property=\"og:image:height\" content=\"900\" \/>\n\t<meta property=\"og:image:type\" content=\"image\/jpeg\" \/>\n<meta name=\"twitter:card\" content=\"summary_large_image\" \/>\n<meta name=\"twitter:label1\" content=\"Est. reading time\" \/>\n\t<meta name=\"twitter:data1\" content=\"1 min\u016b\u0161u\" \/>\n<script type=\"application\/ld+json\" class=\"yoast-schema-graph\">{\"@context\":\"https:\\\/\\\/schema.org\",\"@graph\":[{\"@type\":\"WebPage\",\"@id\":\"https:\\\/\\\/erformance.eu\\\/lv\\\/produkts\\\/audi-a8-d4-2010-akumuliatoriaus-pirotechninis-saugiklis\\\/\",\"url\":\"https:\\\/\\\/erformance.eu\\\/lv\\\/produkts\\\/audi-a8-d4-2010-akumuliatoriaus-pirotechninis-saugiklis\\\/\",\"name\":\"Audi A8 D4 2010- akumuliatoriaus pirotechninis saugiklis - Erformance.eu\",\"isPartOf\":{\"@id\":\"https:\\\/\\\/erformance.eu\\\/lv\\\/#website\"},\"primaryImageOfPage\":{\"@id\":\"https:\\\/\\\/erformance.eu\\\/lv\\\/produkts\\\/audi-a8-d4-2010-akumuliatoriaus-pirotechninis-saugiklis\\\/#primaryimage\"},\"image\":{\"@id\":\"https:\\\/\\\/erformance.eu\\\/lv\\\/produkts\\\/audi-a8-d4-2010-akumuliatoriaus-pirotechninis-saugiklis\\\/#primaryimage\"},\"thumbnailUrl\":\"https:\\\/\\\/erformance.eu\\\/wp-content\\\/uploads\\\/2026\\\/02\\\/pol_pm_Audi-A8-D4-2010-bezpiecznik-pirotechniczny-akumulatora-16236_1.jpg\",\"datePublished\":\"2026-02-16T11:16:47+00:00\",\"dateModified\":\"2026-02-25T09:34:46+00:00\",\"breadcrumb\":{\"@id\":\"https:\\\/\\\/erformance.eu\\\/lv\\\/produkts\\\/audi-a8-d4-2010-akumuliatoriaus-pirotechninis-saugiklis\\\/#breadcrumb\"},\"inLanguage\":\"lv-LV\",\"potentialAction\":[{\"@type\":\"ReadAction\",\"target\":[\"https:\\\/\\\/erformance.eu\\\/lv\\\/produkts\\\/audi-a8-d4-2010-akumuliatoriaus-pirotechninis-saugiklis\\\/\"]}]},{\"@type\":\"ImageObject\",\"inLanguage\":\"lv-LV\",\"@id\":\"https:\\\/\\\/erformance.eu\\\/lv\\\/produkts\\\/audi-a8-d4-2010-akumuliatoriaus-pirotechninis-saugiklis\\\/#primaryimage\",\"url\":\"https:\\\/\\\/erformance.eu\\\/wp-content\\\/uploads\\\/2026\\\/02\\\/pol_pm_Audi-A8-D4-2010-bezpiecznik-pirotechniczny-akumulatora-16236_1.jpg\",\"contentUrl\":\"https:\\\/\\\/erformance.eu\\\/wp-content\\\/uploads\\\/2026\\\/02\\\/pol_pm_Audi-A8-D4-2010-bezpiecznik-pirotechniczny-akumulatora-16236_1.jpg\",\"width\":1200,\"height\":900},{\"@type\":\"BreadcrumbList\",\"@id\":\"https:\\\/\\\/erformance.eu\\\/lv\\\/produkts\\\/audi-a8-d4-2010-akumuliatoriaus-pirotechninis-saugiklis\\\/#breadcrumb\",\"itemListElement\":[{\"@type\":\"ListItem\",\"position\":1,\"name\":\"Home\",\"item\":\"https:\\\/\\\/erformance.eu\\\/lv\\\/\"},{\"@type\":\"ListItem\",\"position\":2,\"name\":\"Veikals\",\"item\":\"https:\\\/\\\/erformance.eu\\\/lv\\\/veikals\\\/\"},{\"@type\":\"ListItem\",\"position\":3,\"name\":\"Audi A8 D4 2010- akumuliatoriaus pirotechninis saugiklis\"}]},{\"@type\":\"WebSite\",\"@id\":\"https:\\\/\\\/erformance.eu\\\/lv\\\/#website\",\"url\":\"https:\\\/\\\/erformance.eu\\\/lv\\\/\",\"name\":\"Erformance.eu\",\"description\":\"Automobili\u0173 dali\u0173 parduotuv\u0117\",\"potentialAction\":[{\"@type\":\"SearchAction\",\"target\":{\"@type\":\"EntryPoint\",\"urlTemplate\":\"https:\\\/\\\/erformance.eu\\\/lv\\\/?s={search_term_string}\"},\"query-input\":{\"@type\":\"PropertyValueSpecification\",\"valueRequired\":true,\"valueName\":\"search_term_string\"}}],\"inLanguage\":\"lv-LV\"}]}<\/script>\n<!-- \/ Yoast SEO Premium plugin. -->","yoast_head_json":{"title":"Audi A8 D4 2010- akumuliatoriaus pirotechninis saugiklis - Erformance.eu","robots":{"index":"index","follow":"follow","max-snippet":"max-snippet:-1","max-image-preview":"max-image-preview:large","max-video-preview":"max-video-preview:-1"},"canonical":"https:\/\/erformance.eu\/lv\/produkts\/audi-a8-d4-2010-akumuliatoriaus-pirotechninis-saugiklis\/","og_locale":"lv_LV","og_type":"article","og_title":"Audi A8 D4 2010- akumuliatoriaus pirotechninis saugiklis","og_description":"1. Prek\u0117: Baterijos pirotechninis saugiklis2. Gamintojas: pakeitimas3. Automobilis:Audi A4 B8 FL 2012-Audi A5 8T FL 2012-Audi A6 C7 2010-Audi A8 D4 2010-Audi Q5 2008-VW Touareg 2010-Porsche Cayenne 7P5 2010-Alfa Romeo Giulia \/ Stelvio 2016-","og_url":"https:\/\/erformance.eu\/lv\/produkts\/audi-a8-d4-2010-akumuliatoriaus-pirotechninis-saugiklis\/","og_site_name":"Erformance.eu","article_modified_time":"2026-02-25T09:34:46+00:00","og_image":[{"width":1200,"height":900,"url":"https:\/\/erformance.eu\/wp-content\/uploads\/2026\/02\/pol_pm_Audi-A8-D4-2010-bezpiecznik-pirotechniczny-akumulatora-16236_1.jpg","type":"image\/jpeg"}],"twitter_card":"summary_large_image","twitter_misc":{"Est. reading time":"1 min\u016b\u0161u"},"schema":{"@context":"https:\/\/schema.org","@graph":[{"@type":"WebPage","@id":"https:\/\/erformance.eu\/lv\/produkts\/audi-a8-d4-2010-akumuliatoriaus-pirotechninis-saugiklis\/","url":"https:\/\/erformance.eu\/lv\/produkts\/audi-a8-d4-2010-akumuliatoriaus-pirotechninis-saugiklis\/","name":"Audi A8 D4 2010- akumuliatoriaus pirotechninis saugiklis - Erformance.eu","isPartOf":{"@id":"https:\/\/erformance.eu\/lv\/#website"},"primaryImageOfPage":{"@id":"https:\/\/erformance.eu\/lv\/produkts\/audi-a8-d4-2010-akumuliatoriaus-pirotechninis-saugiklis\/#primaryimage"},"image":{"@id":"https:\/\/erformance.eu\/lv\/produkts\/audi-a8-d4-2010-akumuliatoriaus-pirotechninis-saugiklis\/#primaryimage"},"thumbnailUrl":"https:\/\/erformance.eu\/wp-content\/uploads\/2026\/02\/pol_pm_Audi-A8-D4-2010-bezpiecznik-pirotechniczny-akumulatora-16236_1.jpg","datePublished":"2026-02-16T11:16:47+00:00","dateModified":"2026-02-25T09:34:46+00:00","breadcrumb":{"@id":"https:\/\/erformance.eu\/lv\/produkts\/audi-a8-d4-2010-akumuliatoriaus-pirotechninis-saugiklis\/#breadcrumb"},"inLanguage":"lv-LV","potentialAction":[{"@type":"ReadAction","target":["https:\/\/erformance.eu\/lv\/produkts\/audi-a8-d4-2010-akumuliatoriaus-pirotechninis-saugiklis\/"]}]},{"@type":"ImageObject","inLanguage":"lv-LV","@id":"https:\/\/erformance.eu\/lv\/produkts\/audi-a8-d4-2010-akumuliatoriaus-pirotechninis-saugiklis\/#primaryimage","url":"https:\/\/erformance.eu\/wp-content\/uploads\/2026\/02\/pol_pm_Audi-A8-D4-2010-bezpiecznik-pirotechniczny-akumulatora-16236_1.jpg","contentUrl":"https:\/\/erformance.eu\/wp-content\/uploads\/2026\/02\/pol_pm_Audi-A8-D4-2010-bezpiecznik-pirotechniczny-akumulatora-16236_1.jpg","width":1200,"height":900},{"@type":"BreadcrumbList","@id":"https:\/\/erformance.eu\/lv\/produkts\/audi-a8-d4-2010-akumuliatoriaus-pirotechninis-saugiklis\/#breadcrumb","itemListElement":[{"@type":"ListItem","position":1,"name":"Home","item":"https:\/\/erformance.eu\/lv\/"},{"@type":"ListItem","position":2,"name":"Veikals","item":"https:\/\/erformance.eu\/lv\/veikals\/"},{"@type":"ListItem","position":3,"name":"Audi A8 D4 2010- akumuliatoriaus pirotechninis saugiklis"}]},{"@type":"WebSite","@id":"https:\/\/erformance.eu\/lv\/#website","url":"https:\/\/erformance.eu\/lv\/","name":"Erformance.eu","description":"Automobili\u0173 dali\u0173 parduotuv\u0117","potentialAction":[{"@type":"SearchAction","target":{"@type":"EntryPoint","urlTemplate":"https:\/\/erformance.eu\/lv\/?s={search_term_string}"},"query-input":{"@type":"PropertyValueSpecification","valueRequired":true,"valueName":"search_term_string"}}],"inLanguage":"lv-LV"}]}},"jetpack_sharing_enabled":true,"_links":{"self":[{"href":"https:\/\/erformance.eu\/lv\/wp-json\/wp\/v2\/product\/56314","targetHints":{"allow":["GET"]}}],"collection":[{"href":"https:\/\/erformance.eu\/lv\/wp-json\/wp\/v2\/product"}],"about":[{"href":"https:\/\/erformance.eu\/lv\/wp-json\/wp\/v2\/types\/product"}],"replies":[{"embeddable":true,"href":"https:\/\/erformance.eu\/lv\/wp-json\/wp\/v2\/comments?post=56314"}],"version-history":[{"count":1,"href":"https:\/\/erformance.eu\/lv\/wp-json\/wp\/v2\/product\/56314\/revisions"}],"predecessor-version":[{"id":56315,"href":"https:\/\/erformance.eu\/lv\/wp-json\/wp\/v2\/product\/56314\/revisions\/56315"}],"wp:featuredmedia":[{"embeddable":true,"href":"https:\/\/erformance.eu\/lv\/wp-json\/wp\/v2\/media\/49610"}],"wp:attachment":[{"href":"https:\/\/erformance.eu\/lv\/wp-json\/wp\/v2\/media?parent=56314"}],"wp:term":[{"taxonomy":"product_brand","embeddable":true,"href":"https:\/\/erformance.eu\/lv\/wp-json\/wp\/v2\/product_brand?post=56314"},{"taxonomy":"product_cat","embeddable":true,"href":"https:\/\/erformance.eu\/lv\/wp-json\/wp\/v2\/product_cat?post=56314"},{"taxonomy":"product_tag","embeddable":true,"href":"https:\/\/erformance.eu\/lv\/wp-json\/wp\/v2\/product_tag?post=56314"}],"curies":[{"name":"wp","href":"https:\/\/api.w.org\/{rel}","templated":true}]}}