{"id":56408,"date":"2026-02-16T14:17:47","date_gmt":"2026-02-16T11:17:47","guid":{"rendered":"https:\/\/erformance.eu\/?post_type=product&#038;p=56408"},"modified":"2026-03-25T23:27:10","modified_gmt":"2026-03-25T20:27:10","slug":"audi-a8-4e-03-10-galiniu-kairiu-duru-centrinis-uzraktas","status":"publish","type":"product","link":"https:\/\/erformance.eu\/lv\/produkts\/audi-a8-4e-03-10-galiniu-kairiu-duru-centrinis-uzraktas\/","title":{"rendered":"Audi A8 4E 03-10 galini\u0173 kairi\u0173 dur\u0173 centrinis u\u017eraktas"},"content":{"rendered":"<p>Prek\u0117: Galini\u0173 dur\u0173 centrinio u\u017erakto pavara<br \/>\nPus\u0117: Kair\u0117 (vairuotojo pus\u0117)<br \/>\nOriginalus numeris:<\/p>\n<p>8E0839015AA<br \/>\n4F1839015E<br \/>\n4F1839015F<\/p>\n<p>PASTABA: auk\u0161\u010diau pateikti numeriai yra original\u016bs dali\u0173 numeriai, kuriuos \u0161is pasi\u016blymas pakei\u010dia. Prie\u0161 pirkdami, palyginkite juos su originaliu dalies numeriu. Jei jie skiriasi net vienu simboliu, dalis netiks, neveiks arba veiks netinkamai. Tokiu atveju jos nepirkite.<br \/>\nKai\u0161\u010di\u0173 skai\u010dius: 8<br \/>\nAutomobilis:<\/p>\n<p>\u201eAudi A3 8P\u201c, gamybos metai: 2003\u20132013<br \/>\nAudi A4 B7, gamybos metai: 2004-2008<br \/>\nAudi A6 C6, gamybos metai: 2004-2011<br \/>\nAudi A8 4E, gamybos metai: 2003-2010<br \/>\n\u201eAudi R8\u201c, gamybos metai: 2007\u20132015<br \/>\n\u201eSeat Exeo\u201c \/ \u201eExeo ST\u201c, modeliai, pagaminti nuo 2008 m.<\/p>\n<p>Gamintojas: pakaitalas<br \/>\nTechnin\u0117 b\u016bkl\u0117: prek\u0117 yra visi\u0161kai nauja, nenaudota, nepa\u017eeista ir nesugadinta<\/p>\n","protected":false},"excerpt":{"rendered":"<p>1. Prek\u0117: Galini\u0173 dur\u0173 centrinis u\u017eraktas2. Pus\u0117: kair\u01173. Gamintojas: pakeitimas4. Automobilis:     * Audi A3 8P 03-13     * Audi A4 B7 04-08     * Audi A6 C6 04\u201311     * Audi A8 4E 03-10     * Audi R8 07\u201315     * Seat Exeo \/ Exeo ST 2008-<\/p>\n","protected":false},"featured_media":50027,"comment_status":"open","ping_status":"closed","template":"","meta":[],"product_brand":[],"product_cat":[396,144,3923,3963,4168,4363],"product_tag":[],"class_list":{"0":"post-56408","1":"product","2":"type-product","3":"status-publish","4":"has-post-thumbnail","6":"product_cat-audi-a8","7":"product_cat-audi","8":"product_cat-audi-a8-d3","9":"product_cat-audi-a8-d3-isores-dalys","10":"product_cat-audi-a8-d3-isores-kitos-dalys","11":"product_cat-audi-a8-d3-mechanizmai-valytuvai","13":"first","14":"instock","15":"shipping-taxable","16":"purchasable","17":"product-type-simple"},"yoast_head":"<!-- This site is optimized with the Yoast SEO Premium plugin v25.2 (Yoast SEO v27.3) - https:\/\/yoast.com\/product\/yoast-seo-premium-wordpress\/ -->\n<title>Audi A8 4E 03-10 galini\u0173 kairi\u0173 dur\u0173 centrinis u\u017eraktas - Erformance.eu<\/title>\n<meta name=\"robots\" content=\"index, follow, max-snippet:-1, max-image-preview:large, max-video-preview:-1\" \/>\n<link rel=\"canonical\" href=\"https:\/\/erformance.eu\/lv\/produkts\/audi-a8-4e-03-10-galiniu-kairiu-duru-centrinis-uzraktas\/\" \/>\n<meta property=\"og:locale\" content=\"lv_LV\" \/>\n<meta property=\"og:type\" content=\"article\" \/>\n<meta property=\"og:title\" content=\"Audi A8 4E 03-10 galini\u0173 kairi\u0173 dur\u0173 centrinis u\u017eraktas\" \/>\n<meta property=\"og:description\" content=\"1. Prek\u0117: Galini\u0173 dur\u0173 centrinis u\u017eraktas2. Pus\u0117: kair\u01173. Gamintojas: pakeitimas4. Automobilis:   * Audi A3 8P 03-13   * Audi A4 B7 04-08   * Audi A6 C6 04\u201311   * Audi A8 4E 03-10   * Audi R8 07\u201315   * Seat Exeo \/ Exeo ST 2008-\" \/>\n<meta property=\"og:url\" content=\"https:\/\/erformance.eu\/lv\/produkts\/audi-a8-4e-03-10-galiniu-kairiu-duru-centrinis-uzraktas\/\" \/>\n<meta property=\"og:site_name\" content=\"Erformance.eu\" \/>\n<meta property=\"article:modified_time\" content=\"2026-03-25T20:27:10+00:00\" \/>\n<meta property=\"og:image\" content=\"https:\/\/erformance.eu\/wp-content\/uploads\/2026\/02\/pol_pm_Audi-A8-4E-03-10-zamek-centralny-drzwi-tylnych-lewy-14561_1.jpg\" \/>\n\t<meta property=\"og:image:width\" content=\"667\" \/>\n\t<meta property=\"og:image:height\" content=\"500\" \/>\n\t<meta property=\"og:image:type\" content=\"image\/jpeg\" \/>\n<meta name=\"twitter:card\" content=\"summary_large_image\" \/>\n<meta name=\"twitter:label1\" content=\"Est. reading time\" \/>\n\t<meta name=\"twitter:data1\" content=\"1 min\u016b\u0161u\" \/>\n<script type=\"application\/ld+json\" class=\"yoast-schema-graph\">{\"@context\":\"https:\\\/\\\/schema.org\",\"@graph\":[{\"@type\":\"WebPage\",\"@id\":\"https:\\\/\\\/erformance.eu\\\/lv\\\/produkts\\\/audi-a8-4e-03-10-galiniu-kairiu-duru-centrinis-uzraktas\\\/\",\"url\":\"https:\\\/\\\/erformance.eu\\\/lv\\\/produkts\\\/audi-a8-4e-03-10-galiniu-kairiu-duru-centrinis-uzraktas\\\/\",\"name\":\"Audi A8 4E 03-10 galini\u0173 kairi\u0173 dur\u0173 centrinis u\u017eraktas - Erformance.eu\",\"isPartOf\":{\"@id\":\"https:\\\/\\\/erformance.eu\\\/lv\\\/#website\"},\"primaryImageOfPage\":{\"@id\":\"https:\\\/\\\/erformance.eu\\\/lv\\\/produkts\\\/audi-a8-4e-03-10-galiniu-kairiu-duru-centrinis-uzraktas\\\/#primaryimage\"},\"image\":{\"@id\":\"https:\\\/\\\/erformance.eu\\\/lv\\\/produkts\\\/audi-a8-4e-03-10-galiniu-kairiu-duru-centrinis-uzraktas\\\/#primaryimage\"},\"thumbnailUrl\":\"https:\\\/\\\/erformance.eu\\\/wp-content\\\/uploads\\\/2026\\\/02\\\/pol_pm_Audi-A8-4E-03-10-zamek-centralny-drzwi-tylnych-lewy-14561_1.jpg\",\"datePublished\":\"2026-02-16T11:17:47+00:00\",\"dateModified\":\"2026-03-25T20:27:10+00:00\",\"breadcrumb\":{\"@id\":\"https:\\\/\\\/erformance.eu\\\/lv\\\/produkts\\\/audi-a8-4e-03-10-galiniu-kairiu-duru-centrinis-uzraktas\\\/#breadcrumb\"},\"inLanguage\":\"lv-LV\",\"potentialAction\":[{\"@type\":\"ReadAction\",\"target\":[\"https:\\\/\\\/erformance.eu\\\/lv\\\/produkts\\\/audi-a8-4e-03-10-galiniu-kairiu-duru-centrinis-uzraktas\\\/\"]}]},{\"@type\":\"ImageObject\",\"inLanguage\":\"lv-LV\",\"@id\":\"https:\\\/\\\/erformance.eu\\\/lv\\\/produkts\\\/audi-a8-4e-03-10-galiniu-kairiu-duru-centrinis-uzraktas\\\/#primaryimage\",\"url\":\"https:\\\/\\\/erformance.eu\\\/wp-content\\\/uploads\\\/2026\\\/02\\\/pol_pm_Audi-A8-4E-03-10-zamek-centralny-drzwi-tylnych-lewy-14561_1.jpg\",\"contentUrl\":\"https:\\\/\\\/erformance.eu\\\/wp-content\\\/uploads\\\/2026\\\/02\\\/pol_pm_Audi-A8-4E-03-10-zamek-centralny-drzwi-tylnych-lewy-14561_1.jpg\",\"width\":667,\"height\":500},{\"@type\":\"BreadcrumbList\",\"@id\":\"https:\\\/\\\/erformance.eu\\\/lv\\\/produkts\\\/audi-a8-4e-03-10-galiniu-kairiu-duru-centrinis-uzraktas\\\/#breadcrumb\",\"itemListElement\":[{\"@type\":\"ListItem\",\"position\":1,\"name\":\"Home\",\"item\":\"https:\\\/\\\/erformance.eu\\\/lv\\\/\"},{\"@type\":\"ListItem\",\"position\":2,\"name\":\"Veikals\",\"item\":\"https:\\\/\\\/erformance.eu\\\/lv\\\/veikals\\\/\"},{\"@type\":\"ListItem\",\"position\":3,\"name\":\"Audi A8 4E 03-10 galini\u0173 kairi\u0173 dur\u0173 centrinis u\u017eraktas\"}]},{\"@type\":\"WebSite\",\"@id\":\"https:\\\/\\\/erformance.eu\\\/lv\\\/#website\",\"url\":\"https:\\\/\\\/erformance.eu\\\/lv\\\/\",\"name\":\"Erformance.eu\",\"description\":\"Automobili\u0173 dali\u0173 parduotuv\u0117\",\"potentialAction\":[{\"@type\":\"SearchAction\",\"target\":{\"@type\":\"EntryPoint\",\"urlTemplate\":\"https:\\\/\\\/erformance.eu\\\/lv\\\/?s={search_term_string}\"},\"query-input\":{\"@type\":\"PropertyValueSpecification\",\"valueRequired\":true,\"valueName\":\"search_term_string\"}}],\"inLanguage\":\"lv-LV\"}]}<\/script>\n<!-- \/ Yoast SEO Premium plugin. -->","yoast_head_json":{"title":"Audi A8 4E 03-10 galini\u0173 kairi\u0173 dur\u0173 centrinis u\u017eraktas - Erformance.eu","robots":{"index":"index","follow":"follow","max-snippet":"max-snippet:-1","max-image-preview":"max-image-preview:large","max-video-preview":"max-video-preview:-1"},"canonical":"https:\/\/erformance.eu\/lv\/produkts\/audi-a8-4e-03-10-galiniu-kairiu-duru-centrinis-uzraktas\/","og_locale":"lv_LV","og_type":"article","og_title":"Audi A8 4E 03-10 galini\u0173 kairi\u0173 dur\u0173 centrinis u\u017eraktas","og_description":"1. Prek\u0117: Galini\u0173 dur\u0173 centrinis u\u017eraktas2. Pus\u0117: kair\u01173. Gamintojas: pakeitimas4. Automobilis:   * Audi A3 8P 03-13   * Audi A4 B7 04-08   * Audi A6 C6 04\u201311   * Audi A8 4E 03-10   * Audi R8 07\u201315   * Seat Exeo \/ Exeo ST 2008-","og_url":"https:\/\/erformance.eu\/lv\/produkts\/audi-a8-4e-03-10-galiniu-kairiu-duru-centrinis-uzraktas\/","og_site_name":"Erformance.eu","article_modified_time":"2026-03-25T20:27:10+00:00","og_image":[{"width":667,"height":500,"url":"https:\/\/erformance.eu\/wp-content\/uploads\/2026\/02\/pol_pm_Audi-A8-4E-03-10-zamek-centralny-drzwi-tylnych-lewy-14561_1.jpg","type":"image\/jpeg"}],"twitter_card":"summary_large_image","twitter_misc":{"Est. reading time":"1 min\u016b\u0161u"},"schema":{"@context":"https:\/\/schema.org","@graph":[{"@type":"WebPage","@id":"https:\/\/erformance.eu\/lv\/produkts\/audi-a8-4e-03-10-galiniu-kairiu-duru-centrinis-uzraktas\/","url":"https:\/\/erformance.eu\/lv\/produkts\/audi-a8-4e-03-10-galiniu-kairiu-duru-centrinis-uzraktas\/","name":"Audi A8 4E 03-10 galini\u0173 kairi\u0173 dur\u0173 centrinis u\u017eraktas - Erformance.eu","isPartOf":{"@id":"https:\/\/erformance.eu\/lv\/#website"},"primaryImageOfPage":{"@id":"https:\/\/erformance.eu\/lv\/produkts\/audi-a8-4e-03-10-galiniu-kairiu-duru-centrinis-uzraktas\/#primaryimage"},"image":{"@id":"https:\/\/erformance.eu\/lv\/produkts\/audi-a8-4e-03-10-galiniu-kairiu-duru-centrinis-uzraktas\/#primaryimage"},"thumbnailUrl":"https:\/\/erformance.eu\/wp-content\/uploads\/2026\/02\/pol_pm_Audi-A8-4E-03-10-zamek-centralny-drzwi-tylnych-lewy-14561_1.jpg","datePublished":"2026-02-16T11:17:47+00:00","dateModified":"2026-03-25T20:27:10+00:00","breadcrumb":{"@id":"https:\/\/erformance.eu\/lv\/produkts\/audi-a8-4e-03-10-galiniu-kairiu-duru-centrinis-uzraktas\/#breadcrumb"},"inLanguage":"lv-LV","potentialAction":[{"@type":"ReadAction","target":["https:\/\/erformance.eu\/lv\/produkts\/audi-a8-4e-03-10-galiniu-kairiu-duru-centrinis-uzraktas\/"]}]},{"@type":"ImageObject","inLanguage":"lv-LV","@id":"https:\/\/erformance.eu\/lv\/produkts\/audi-a8-4e-03-10-galiniu-kairiu-duru-centrinis-uzraktas\/#primaryimage","url":"https:\/\/erformance.eu\/wp-content\/uploads\/2026\/02\/pol_pm_Audi-A8-4E-03-10-zamek-centralny-drzwi-tylnych-lewy-14561_1.jpg","contentUrl":"https:\/\/erformance.eu\/wp-content\/uploads\/2026\/02\/pol_pm_Audi-A8-4E-03-10-zamek-centralny-drzwi-tylnych-lewy-14561_1.jpg","width":667,"height":500},{"@type":"BreadcrumbList","@id":"https:\/\/erformance.eu\/lv\/produkts\/audi-a8-4e-03-10-galiniu-kairiu-duru-centrinis-uzraktas\/#breadcrumb","itemListElement":[{"@type":"ListItem","position":1,"name":"Home","item":"https:\/\/erformance.eu\/lv\/"},{"@type":"ListItem","position":2,"name":"Veikals","item":"https:\/\/erformance.eu\/lv\/veikals\/"},{"@type":"ListItem","position":3,"name":"Audi A8 4E 03-10 galini\u0173 kairi\u0173 dur\u0173 centrinis u\u017eraktas"}]},{"@type":"WebSite","@id":"https:\/\/erformance.eu\/lv\/#website","url":"https:\/\/erformance.eu\/lv\/","name":"Erformance.eu","description":"Automobili\u0173 dali\u0173 parduotuv\u0117","potentialAction":[{"@type":"SearchAction","target":{"@type":"EntryPoint","urlTemplate":"https:\/\/erformance.eu\/lv\/?s={search_term_string}"},"query-input":{"@type":"PropertyValueSpecification","valueRequired":true,"valueName":"search_term_string"}}],"inLanguage":"lv-LV"}]}},"jetpack_sharing_enabled":true,"_links":{"self":[{"href":"https:\/\/erformance.eu\/lv\/wp-json\/wp\/v2\/product\/56408","targetHints":{"allow":["GET"]}}],"collection":[{"href":"https:\/\/erformance.eu\/lv\/wp-json\/wp\/v2\/product"}],"about":[{"href":"https:\/\/erformance.eu\/lv\/wp-json\/wp\/v2\/types\/product"}],"replies":[{"embeddable":true,"href":"https:\/\/erformance.eu\/lv\/wp-json\/wp\/v2\/comments?post=56408"}],"version-history":[{"count":1,"href":"https:\/\/erformance.eu\/lv\/wp-json\/wp\/v2\/product\/56408\/revisions"}],"predecessor-version":[{"id":56409,"href":"https:\/\/erformance.eu\/lv\/wp-json\/wp\/v2\/product\/56408\/revisions\/56409"}],"wp:featuredmedia":[{"embeddable":true,"href":"https:\/\/erformance.eu\/lv\/wp-json\/wp\/v2\/media\/50027"}],"wp:attachment":[{"href":"https:\/\/erformance.eu\/lv\/wp-json\/wp\/v2\/media?parent=56408"}],"wp:term":[{"taxonomy":"product_brand","embeddable":true,"href":"https:\/\/erformance.eu\/lv\/wp-json\/wp\/v2\/product_brand?post=56408"},{"taxonomy":"product_cat","embeddable":true,"href":"https:\/\/erformance.eu\/lv\/wp-json\/wp\/v2\/product_cat?post=56408"},{"taxonomy":"product_tag","embeddable":true,"href":"https:\/\/erformance.eu\/lv\/wp-json\/wp\/v2\/product_tag?post=56408"}],"curies":[{"name":"wp","href":"https:\/\/api.w.org\/{rel}","templated":true}]}}