{"id":56452,"date":"2026-02-16T14:18:12","date_gmt":"2026-02-16T11:18:12","guid":{"rendered":"https:\/\/erformance.eu\/?post_type=product&#038;p=56452"},"modified":"2026-03-26T01:48:25","modified_gmt":"2026-03-25T22:48:25","slug":"audi-q5-8r-08-17-oro-isleidimo-anga-priekine","status":"publish","type":"product","link":"https:\/\/erformance.eu\/lv\/produkts\/audi-q5-8r-08-17-oro-isleidimo-anga-priekine\/","title":{"rendered":"Audi Q5 8R 08-17 Oro i\u0161leidimo anga (priekin\u0117)"},"content":{"rendered":"<p>Prek\u0117: Priekin\u0117 oro ventiliacijos anga CENTRE<br \/>\nOriginalus numeris: 8R1820951<br \/>\nPASTABA: auk\u0161\u010diau pateikti numeriai yra original\u016bs dali\u0173 numeriai, kuriuos \u0161is pasi\u016blymas pakei\u010dia. Prie\u0161 pirkdami, palyginkite juos su originaliu dalies numeriu. Jei jie skiriasi net vienu simboliu, dalis netiks, neveiks arba veiks netinkamai. Tokiu atveju jos nepirkite.<br \/>\nAutomobilis: Audi Q5 (8RB)<br \/>\nPagaminimo metai: 2008\u20132017<br \/>\nSpalva: juoda + sidabrin\u0117 (matinis chromas)<br \/>\nGamintojas: pakaitalas<br \/>\nTechnin\u0117 b\u016bkl\u0117: prek\u0117 yra visi\u0161kai nauja, nenaudota, nepa\u017eeista ir nesugadinta<\/p>\n","protected":false},"excerpt":{"rendered":"<p>1. Prek\u0117: Priekin\u0117 centrin\u0117 oro ventiliacijos anga2. Gamintojas: pakeitimas3. Automobilis: Audi Q5 8R4. Pagaminimo metai: 2008\u20132017<\/p>\n","protected":false},"featured_media":50221,"comment_status":"open","ping_status":"closed","template":"","meta":[],"product_brand":[],"product_cat":[3928,144,4723,399,4007],"product_tag":[],"class_list":{"0":"post-56452","1":"product","2":"type-product","3":"status-publish","4":"has-post-thumbnail","6":"product_cat-audi-q5-8r","7":"product_cat-audi","8":"product_cat-audi-q5-8r-salono-groteles","9":"product_cat-audi-q5","10":"product_cat-audi-q5-8r-salono-dalys","12":"first","13":"instock","14":"shipping-taxable","15":"purchasable","16":"product-type-simple"},"yoast_head":"<!-- This site is optimized with the Yoast SEO Premium plugin v25.2 (Yoast SEO v27.3) - https:\/\/yoast.com\/product\/yoast-seo-premium-wordpress\/ -->\n<title>Audi Q5 8R 08-17 Oro i\u0161leidimo anga (priekin\u0117) - Erformance.eu<\/title>\n<meta name=\"robots\" content=\"index, follow, max-snippet:-1, max-image-preview:large, max-video-preview:-1\" \/>\n<link rel=\"canonical\" href=\"https:\/\/erformance.eu\/lv\/produkts\/audi-q5-8r-08-17-oro-isleidimo-anga-priekine\/\" \/>\n<meta property=\"og:locale\" content=\"lv_LV\" \/>\n<meta property=\"og:type\" content=\"article\" \/>\n<meta property=\"og:title\" content=\"Audi Q5 8R 08-17 Oro i\u0161leidimo anga (priekin\u0117)\" \/>\n<meta property=\"og:description\" content=\"1. Prek\u0117: Priekin\u0117 centrin\u0117 oro ventiliacijos anga2. Gamintojas: pakeitimas3. Automobilis: Audi Q5 8R4. Pagaminimo metai: 2008\u20132017\" \/>\n<meta property=\"og:url\" content=\"https:\/\/erformance.eu\/lv\/produkts\/audi-q5-8r-08-17-oro-isleidimo-anga-priekine\/\" \/>\n<meta property=\"og:site_name\" content=\"Erformance.eu\" \/>\n<meta property=\"article:modified_time\" content=\"2026-03-25T22:48:25+00:00\" \/>\n<meta property=\"og:image\" content=\"https:\/\/erformance.eu\/wp-content\/uploads\/2026\/02\/pol_pm_Audi-Q5-8R-08-17-kratka-nawiewu-powietrza-PRZOD-SRODEK-35329_1.jpg\" \/>\n\t<meta property=\"og:image:width\" content=\"1200\" \/>\n\t<meta property=\"og:image:height\" content=\"1200\" \/>\n\t<meta property=\"og:image:type\" content=\"image\/jpeg\" \/>\n<meta name=\"twitter:card\" content=\"summary_large_image\" \/>\n<script type=\"application\/ld+json\" class=\"yoast-schema-graph\">{\"@context\":\"https:\\\/\\\/schema.org\",\"@graph\":[{\"@type\":\"WebPage\",\"@id\":\"https:\\\/\\\/erformance.eu\\\/lv\\\/produkts\\\/audi-q5-8r-08-17-oro-isleidimo-anga-priekine\\\/\",\"url\":\"https:\\\/\\\/erformance.eu\\\/lv\\\/produkts\\\/audi-q5-8r-08-17-oro-isleidimo-anga-priekine\\\/\",\"name\":\"Audi Q5 8R 08-17 Oro i\u0161leidimo anga (priekin\u0117) - Erformance.eu\",\"isPartOf\":{\"@id\":\"https:\\\/\\\/erformance.eu\\\/lv\\\/#website\"},\"primaryImageOfPage\":{\"@id\":\"https:\\\/\\\/erformance.eu\\\/lv\\\/produkts\\\/audi-q5-8r-08-17-oro-isleidimo-anga-priekine\\\/#primaryimage\"},\"image\":{\"@id\":\"https:\\\/\\\/erformance.eu\\\/lv\\\/produkts\\\/audi-q5-8r-08-17-oro-isleidimo-anga-priekine\\\/#primaryimage\"},\"thumbnailUrl\":\"https:\\\/\\\/erformance.eu\\\/wp-content\\\/uploads\\\/2026\\\/02\\\/pol_pm_Audi-Q5-8R-08-17-kratka-nawiewu-powietrza-PRZOD-SRODEK-35329_1.jpg\",\"datePublished\":\"2026-02-16T11:18:12+00:00\",\"dateModified\":\"2026-03-25T22:48:25+00:00\",\"breadcrumb\":{\"@id\":\"https:\\\/\\\/erformance.eu\\\/lv\\\/produkts\\\/audi-q5-8r-08-17-oro-isleidimo-anga-priekine\\\/#breadcrumb\"},\"inLanguage\":\"lv-LV\",\"potentialAction\":[{\"@type\":\"ReadAction\",\"target\":[\"https:\\\/\\\/erformance.eu\\\/lv\\\/produkts\\\/audi-q5-8r-08-17-oro-isleidimo-anga-priekine\\\/\"]}]},{\"@type\":\"ImageObject\",\"inLanguage\":\"lv-LV\",\"@id\":\"https:\\\/\\\/erformance.eu\\\/lv\\\/produkts\\\/audi-q5-8r-08-17-oro-isleidimo-anga-priekine\\\/#primaryimage\",\"url\":\"https:\\\/\\\/erformance.eu\\\/wp-content\\\/uploads\\\/2026\\\/02\\\/pol_pm_Audi-Q5-8R-08-17-kratka-nawiewu-powietrza-PRZOD-SRODEK-35329_1.jpg\",\"contentUrl\":\"https:\\\/\\\/erformance.eu\\\/wp-content\\\/uploads\\\/2026\\\/02\\\/pol_pm_Audi-Q5-8R-08-17-kratka-nawiewu-powietrza-PRZOD-SRODEK-35329_1.jpg\",\"width\":1200,\"height\":1200},{\"@type\":\"BreadcrumbList\",\"@id\":\"https:\\\/\\\/erformance.eu\\\/lv\\\/produkts\\\/audi-q5-8r-08-17-oro-isleidimo-anga-priekine\\\/#breadcrumb\",\"itemListElement\":[{\"@type\":\"ListItem\",\"position\":1,\"name\":\"Home\",\"item\":\"https:\\\/\\\/erformance.eu\\\/lv\\\/\"},{\"@type\":\"ListItem\",\"position\":2,\"name\":\"Veikals\",\"item\":\"https:\\\/\\\/erformance.eu\\\/lv\\\/veikals\\\/\"},{\"@type\":\"ListItem\",\"position\":3,\"name\":\"Audi Q5 8R 08-17 Oro i\u0161leidimo anga (priekin\u0117)\"}]},{\"@type\":\"WebSite\",\"@id\":\"https:\\\/\\\/erformance.eu\\\/lv\\\/#website\",\"url\":\"https:\\\/\\\/erformance.eu\\\/lv\\\/\",\"name\":\"Erformance.eu\",\"description\":\"Automobili\u0173 dali\u0173 parduotuv\u0117\",\"potentialAction\":[{\"@type\":\"SearchAction\",\"target\":{\"@type\":\"EntryPoint\",\"urlTemplate\":\"https:\\\/\\\/erformance.eu\\\/lv\\\/?s={search_term_string}\"},\"query-input\":{\"@type\":\"PropertyValueSpecification\",\"valueRequired\":true,\"valueName\":\"search_term_string\"}}],\"inLanguage\":\"lv-LV\"}]}<\/script>\n<!-- \/ Yoast SEO Premium plugin. -->","yoast_head_json":{"title":"Audi Q5 8R 08-17 Oro i\u0161leidimo anga (priekin\u0117) - Erformance.eu","robots":{"index":"index","follow":"follow","max-snippet":"max-snippet:-1","max-image-preview":"max-image-preview:large","max-video-preview":"max-video-preview:-1"},"canonical":"https:\/\/erformance.eu\/lv\/produkts\/audi-q5-8r-08-17-oro-isleidimo-anga-priekine\/","og_locale":"lv_LV","og_type":"article","og_title":"Audi Q5 8R 08-17 Oro i\u0161leidimo anga (priekin\u0117)","og_description":"1. Prek\u0117: Priekin\u0117 centrin\u0117 oro ventiliacijos anga2. Gamintojas: pakeitimas3. Automobilis: Audi Q5 8R4. Pagaminimo metai: 2008\u20132017","og_url":"https:\/\/erformance.eu\/lv\/produkts\/audi-q5-8r-08-17-oro-isleidimo-anga-priekine\/","og_site_name":"Erformance.eu","article_modified_time":"2026-03-25T22:48:25+00:00","og_image":[{"width":1200,"height":1200,"url":"https:\/\/erformance.eu\/wp-content\/uploads\/2026\/02\/pol_pm_Audi-Q5-8R-08-17-kratka-nawiewu-powietrza-PRZOD-SRODEK-35329_1.jpg","type":"image\/jpeg"}],"twitter_card":"summary_large_image","schema":{"@context":"https:\/\/schema.org","@graph":[{"@type":"WebPage","@id":"https:\/\/erformance.eu\/lv\/produkts\/audi-q5-8r-08-17-oro-isleidimo-anga-priekine\/","url":"https:\/\/erformance.eu\/lv\/produkts\/audi-q5-8r-08-17-oro-isleidimo-anga-priekine\/","name":"Audi Q5 8R 08-17 Oro i\u0161leidimo anga (priekin\u0117) - Erformance.eu","isPartOf":{"@id":"https:\/\/erformance.eu\/lv\/#website"},"primaryImageOfPage":{"@id":"https:\/\/erformance.eu\/lv\/produkts\/audi-q5-8r-08-17-oro-isleidimo-anga-priekine\/#primaryimage"},"image":{"@id":"https:\/\/erformance.eu\/lv\/produkts\/audi-q5-8r-08-17-oro-isleidimo-anga-priekine\/#primaryimage"},"thumbnailUrl":"https:\/\/erformance.eu\/wp-content\/uploads\/2026\/02\/pol_pm_Audi-Q5-8R-08-17-kratka-nawiewu-powietrza-PRZOD-SRODEK-35329_1.jpg","datePublished":"2026-02-16T11:18:12+00:00","dateModified":"2026-03-25T22:48:25+00:00","breadcrumb":{"@id":"https:\/\/erformance.eu\/lv\/produkts\/audi-q5-8r-08-17-oro-isleidimo-anga-priekine\/#breadcrumb"},"inLanguage":"lv-LV","potentialAction":[{"@type":"ReadAction","target":["https:\/\/erformance.eu\/lv\/produkts\/audi-q5-8r-08-17-oro-isleidimo-anga-priekine\/"]}]},{"@type":"ImageObject","inLanguage":"lv-LV","@id":"https:\/\/erformance.eu\/lv\/produkts\/audi-q5-8r-08-17-oro-isleidimo-anga-priekine\/#primaryimage","url":"https:\/\/erformance.eu\/wp-content\/uploads\/2026\/02\/pol_pm_Audi-Q5-8R-08-17-kratka-nawiewu-powietrza-PRZOD-SRODEK-35329_1.jpg","contentUrl":"https:\/\/erformance.eu\/wp-content\/uploads\/2026\/02\/pol_pm_Audi-Q5-8R-08-17-kratka-nawiewu-powietrza-PRZOD-SRODEK-35329_1.jpg","width":1200,"height":1200},{"@type":"BreadcrumbList","@id":"https:\/\/erformance.eu\/lv\/produkts\/audi-q5-8r-08-17-oro-isleidimo-anga-priekine\/#breadcrumb","itemListElement":[{"@type":"ListItem","position":1,"name":"Home","item":"https:\/\/erformance.eu\/lv\/"},{"@type":"ListItem","position":2,"name":"Veikals","item":"https:\/\/erformance.eu\/lv\/veikals\/"},{"@type":"ListItem","position":3,"name":"Audi Q5 8R 08-17 Oro i\u0161leidimo anga (priekin\u0117)"}]},{"@type":"WebSite","@id":"https:\/\/erformance.eu\/lv\/#website","url":"https:\/\/erformance.eu\/lv\/","name":"Erformance.eu","description":"Automobili\u0173 dali\u0173 parduotuv\u0117","potentialAction":[{"@type":"SearchAction","target":{"@type":"EntryPoint","urlTemplate":"https:\/\/erformance.eu\/lv\/?s={search_term_string}"},"query-input":{"@type":"PropertyValueSpecification","valueRequired":true,"valueName":"search_term_string"}}],"inLanguage":"lv-LV"}]}},"jetpack_sharing_enabled":true,"_links":{"self":[{"href":"https:\/\/erformance.eu\/lv\/wp-json\/wp\/v2\/product\/56452","targetHints":{"allow":["GET"]}}],"collection":[{"href":"https:\/\/erformance.eu\/lv\/wp-json\/wp\/v2\/product"}],"about":[{"href":"https:\/\/erformance.eu\/lv\/wp-json\/wp\/v2\/types\/product"}],"replies":[{"embeddable":true,"href":"https:\/\/erformance.eu\/lv\/wp-json\/wp\/v2\/comments?post=56452"}],"version-history":[{"count":1,"href":"https:\/\/erformance.eu\/lv\/wp-json\/wp\/v2\/product\/56452\/revisions"}],"predecessor-version":[{"id":56453,"href":"https:\/\/erformance.eu\/lv\/wp-json\/wp\/v2\/product\/56452\/revisions\/56453"}],"wp:featuredmedia":[{"embeddable":true,"href":"https:\/\/erformance.eu\/lv\/wp-json\/wp\/v2\/media\/50221"}],"wp:attachment":[{"href":"https:\/\/erformance.eu\/lv\/wp-json\/wp\/v2\/media?parent=56452"}],"wp:term":[{"taxonomy":"product_brand","embeddable":true,"href":"https:\/\/erformance.eu\/lv\/wp-json\/wp\/v2\/product_brand?post=56452"},{"taxonomy":"product_cat","embeddable":true,"href":"https:\/\/erformance.eu\/lv\/wp-json\/wp\/v2\/product_cat?post=56452"},{"taxonomy":"product_tag","embeddable":true,"href":"https:\/\/erformance.eu\/lv\/wp-json\/wp\/v2\/product_tag?post=56452"}],"curies":[{"name":"wp","href":"https:\/\/api.w.org\/{rel}","templated":true}]}}