{"id":56474,"date":"2026-02-16T14:18:24","date_gmt":"2026-02-16T11:18:24","guid":{"rendered":"https:\/\/erformance.eu\/?post_type=product&#038;p=56474"},"modified":"2026-03-12T19:00:35","modified_gmt":"2026-03-12T16:00:35","slug":"audi-a4-b8-a5-8t-tt-fv-zibinto-dangtelis-kaire-desine","status":"publish","type":"product","link":"https:\/\/erformance.eu\/lv\/produkts\/audi-a4-b8-a5-8t-tt-fv-zibinto-dangtelis-kaire-desine\/","title":{"rendered":"Audi A4 B8 A5 8T TT FV \u017eibinto dangtelis (kair\u0117 = de\u0161in\u0117)"},"content":{"rendered":"<p>Prek\u0117: priekinis \u017eibintas, priekinio \u017eibinto dangtelis<br \/>\nPus\u0117: kair\u0117 = de\u0161in\u0117 (nesvarbu)<br \/>\nOriginalus numeris:<\/p>\n<p>8T0941607B<br \/>\n8T0941607 B<br \/>\n8T0 941 607 B<\/p>\n<p>PASTABA: auk\u0161\u010diau pateikti numeriai yra original\u016bs dali\u0173 numeriai, kuriuos \u0161is pasi\u016blymas pakei\u010dia. Prie\u0161 pirkdami, palyginkite juos su originaliu dalies numeriu. Jei jie skiriasi net vienu simboliu, dalis netiks, neveiks arba veiks netinkamai. Tokiu atveju jos nepirkite.<br \/>\nAutomobilis:<\/p>\n<p>\u201eAlfa Romeo Giulia\u201c, modeliai, pagaminti nuo 2015 m.<br \/>\n\u201eAlfa Romeo Stelvio\u201c, modeliai, pagaminti nuo 2016 m.<br \/>\nAudi A4 \/ RS4 \/ A4 Allroad B8, gamybos metai: 2013-2016<br \/>\n\u201eAudi A5 \/ RS5 8T\u201c, pagaminimo metai: 2010\u20132017<br \/>\n\u201eAudi TT FV\u201c, modeliai, pagaminti nuo 2015 m.<br \/>\n\u201eCitroen C4\u201c, gamybos metai: 2010\u20132015<br \/>\n\u201eCitroen DS3\u201c, modeliai, pagaminti nuo 2010 m.<br \/>\n\u201eCitroen DS4\u201c, modeliai, pagaminti nuo 2011 m.<br \/>\n\u201eCitroen Jumper\u201c, gamybos metai: 2014\u20132017<br \/>\n\u201eCitroen Nemo\u201c, modeliai, pagaminti nuo 2008 m.<br \/>\nFiat Bravo II, gamybos metai: 2007\u20132014<br \/>\n\u201eFiat Doblo\u201c, modeliai, pagaminti nuo 2010 m.<br \/>\nFiat Ducato, gamybos metai: 2014-2017<br \/>\n\u201eFiat Fiorino\u201c, modeliai, pagaminti nuo 2007 m.<br \/>\n\u201eFiat Qubo\u201c, modeliai, pagaminti nuo 2008 m.<br \/>\n\u201eLancia Ypsilon\u201c, modeliai, gaminami nuo 2011 m.<br \/>\n\u201eOpel Combo II\u201c, modeliai, pagaminti nuo 2001 m.<br \/>\n\u201ePeugeot 308\u201c, gamybos metai: 2008\u20132014<br \/>\n\u201ePeugeot Boxer\u201c, pagaminimo metai: 2014\u20132017<br \/>\n\u201ePeugeot RCZ\u201c, modeliai, pagaminti nuo 2010 m.<br \/>\n\u201eRenault Fluence\u201c, modeliai, pagaminti nuo 2010 m.<\/p>\n<p>Matmenys:<\/p>\n<p>i\u0161orinis skersmuo &#8211; 106 mm<br \/>\nvidinis skersmuo &#8211; 99 mm<\/p>\n<p>Gamintojas: pakaitalas<br \/>\nTechnin\u0117 b\u016bkl\u0117: prek\u0117 yra visi\u0161kai nauja, nenaudota, nepa\u017eeista ir nesugadinta<br \/>\nPastaba: prie\u0161 pirkdami, palyginkite prek\u0117s matmenis su originalios prek\u0117s matmenimis, nes gal\u0117jo b\u016bti sumontuoti skirting\u0173 tip\u0173 gaminiai ir \u012fsigyta prek\u0117 netiks.<\/p>\n","protected":false},"excerpt":{"rendered":"<p>1. Prek\u0117: priekinis \u017eibintas, priekinio \u017eibinto dangtelis2. Pus\u0117: kair\u0117 = de\u0161in\u01173. Gamintojas: pakeitimas4. Automobilis:* Audi A4 B8 13-16* Audi A5 8T 10-17* Audi TT FV 2015-<\/p>\n","protected":false},"featured_media":50319,"comment_status":"open","ping_status":"closed","template":"","meta":[],"product_brand":[],"product_cat":[390,391,144,3911,3913,3951,3953,4273,4275],"product_tag":[],"class_list":{"0":"post-56474","1":"product","2":"type-product","3":"status-publish","4":"has-post-thumbnail","6":"product_cat-audi-a4","7":"product_cat-audi-a5","8":"product_cat-audi","9":"product_cat-audi-a4-b8","10":"product_cat-audi-a5-b8-8t","11":"product_cat-audi-a4-b8-isores-dalys","12":"product_cat-audi-a5-b8-8t-isores-dalys","13":"product_cat-audi-a4-b8-zibintai-apsvietimas","14":"product_cat-audi-a5-b8-8t-zibintai-apsvietimas","16":"first","17":"instock","18":"shipping-taxable","19":"purchasable","20":"product-type-simple"},"yoast_head":"<!-- This site is optimized with the Yoast SEO Premium plugin v25.2 (Yoast SEO v27.3) - https:\/\/yoast.com\/product\/yoast-seo-premium-wordpress\/ -->\n<title>Audi A4 B8 A5 8T TT FV \u017eibinto dangtelis (kair\u0117 = de\u0161in\u0117) - Erformance.eu<\/title>\n<meta name=\"robots\" content=\"index, follow, max-snippet:-1, max-image-preview:large, max-video-preview:-1\" \/>\n<link rel=\"canonical\" href=\"https:\/\/erformance.eu\/lv\/produkts\/audi-a4-b8-a5-8t-tt-fv-zibinto-dangtelis-kaire-desine\/\" \/>\n<meta property=\"og:locale\" content=\"lv_LV\" \/>\n<meta property=\"og:type\" content=\"article\" \/>\n<meta property=\"og:title\" content=\"Audi A4 B8 A5 8T TT FV \u017eibinto dangtelis (kair\u0117 = de\u0161in\u0117)\" \/>\n<meta property=\"og:description\" content=\"1. Prek\u0117: priekinis \u017eibintas, priekinio \u017eibinto dangtelis2. Pus\u0117: kair\u0117 = de\u0161in\u01173. Gamintojas: pakeitimas4. Automobilis:* Audi A4 B8 13-16* Audi A5 8T 10-17* Audi TT FV 2015-\" \/>\n<meta property=\"og:url\" content=\"https:\/\/erformance.eu\/lv\/produkts\/audi-a4-b8-a5-8t-tt-fv-zibinto-dangtelis-kaire-desine\/\" \/>\n<meta property=\"og:site_name\" content=\"Erformance.eu\" \/>\n<meta property=\"article:modified_time\" content=\"2026-03-12T16:00:35+00:00\" \/>\n<meta property=\"og:image\" content=\"https:\/\/erformance.eu\/wp-content\/uploads\/2026\/02\/pol_pm_Audi-A4-B8-A5-8T-TT-FV-zaslepka-reflektora-lampy-przedniej-lewa-prawa-30462_1.jpg\" \/>\n\t<meta property=\"og:image:width\" content=\"1200\" \/>\n\t<meta property=\"og:image:height\" content=\"1200\" \/>\n\t<meta property=\"og:image:type\" content=\"image\/jpeg\" \/>\n<meta name=\"twitter:card\" content=\"summary_large_image\" \/>\n<meta name=\"twitter:label1\" content=\"Est. reading time\" \/>\n\t<meta name=\"twitter:data1\" content=\"1 min\u016b\u0161u\" \/>\n<script type=\"application\/ld+json\" class=\"yoast-schema-graph\">{\"@context\":\"https:\\\/\\\/schema.org\",\"@graph\":[{\"@type\":\"WebPage\",\"@id\":\"https:\\\/\\\/erformance.eu\\\/lv\\\/produkts\\\/audi-a4-b8-a5-8t-tt-fv-zibinto-dangtelis-kaire-desine\\\/\",\"url\":\"https:\\\/\\\/erformance.eu\\\/lv\\\/produkts\\\/audi-a4-b8-a5-8t-tt-fv-zibinto-dangtelis-kaire-desine\\\/\",\"name\":\"Audi A4 B8 A5 8T TT FV \u017eibinto dangtelis (kair\u0117 = de\u0161in\u0117) - Erformance.eu\",\"isPartOf\":{\"@id\":\"https:\\\/\\\/erformance.eu\\\/lv\\\/#website\"},\"primaryImageOfPage\":{\"@id\":\"https:\\\/\\\/erformance.eu\\\/lv\\\/produkts\\\/audi-a4-b8-a5-8t-tt-fv-zibinto-dangtelis-kaire-desine\\\/#primaryimage\"},\"image\":{\"@id\":\"https:\\\/\\\/erformance.eu\\\/lv\\\/produkts\\\/audi-a4-b8-a5-8t-tt-fv-zibinto-dangtelis-kaire-desine\\\/#primaryimage\"},\"thumbnailUrl\":\"https:\\\/\\\/erformance.eu\\\/wp-content\\\/uploads\\\/2026\\\/02\\\/pol_pm_Audi-A4-B8-A5-8T-TT-FV-zaslepka-reflektora-lampy-przedniej-lewa-prawa-30462_1.jpg\",\"datePublished\":\"2026-02-16T11:18:24+00:00\",\"dateModified\":\"2026-03-12T16:00:35+00:00\",\"breadcrumb\":{\"@id\":\"https:\\\/\\\/erformance.eu\\\/lv\\\/produkts\\\/audi-a4-b8-a5-8t-tt-fv-zibinto-dangtelis-kaire-desine\\\/#breadcrumb\"},\"inLanguage\":\"lv-LV\",\"potentialAction\":[{\"@type\":\"ReadAction\",\"target\":[\"https:\\\/\\\/erformance.eu\\\/lv\\\/produkts\\\/audi-a4-b8-a5-8t-tt-fv-zibinto-dangtelis-kaire-desine\\\/\"]}]},{\"@type\":\"ImageObject\",\"inLanguage\":\"lv-LV\",\"@id\":\"https:\\\/\\\/erformance.eu\\\/lv\\\/produkts\\\/audi-a4-b8-a5-8t-tt-fv-zibinto-dangtelis-kaire-desine\\\/#primaryimage\",\"url\":\"https:\\\/\\\/erformance.eu\\\/wp-content\\\/uploads\\\/2026\\\/02\\\/pol_pm_Audi-A4-B8-A5-8T-TT-FV-zaslepka-reflektora-lampy-przedniej-lewa-prawa-30462_1.jpg\",\"contentUrl\":\"https:\\\/\\\/erformance.eu\\\/wp-content\\\/uploads\\\/2026\\\/02\\\/pol_pm_Audi-A4-B8-A5-8T-TT-FV-zaslepka-reflektora-lampy-przedniej-lewa-prawa-30462_1.jpg\",\"width\":1200,\"height\":1200},{\"@type\":\"BreadcrumbList\",\"@id\":\"https:\\\/\\\/erformance.eu\\\/lv\\\/produkts\\\/audi-a4-b8-a5-8t-tt-fv-zibinto-dangtelis-kaire-desine\\\/#breadcrumb\",\"itemListElement\":[{\"@type\":\"ListItem\",\"position\":1,\"name\":\"Home\",\"item\":\"https:\\\/\\\/erformance.eu\\\/lv\\\/\"},{\"@type\":\"ListItem\",\"position\":2,\"name\":\"Veikals\",\"item\":\"https:\\\/\\\/erformance.eu\\\/lv\\\/veikals\\\/\"},{\"@type\":\"ListItem\",\"position\":3,\"name\":\"Audi A4 B8 A5 8T TT FV \u017eibinto dangtelis (kair\u0117 = de\u0161in\u0117)\"}]},{\"@type\":\"WebSite\",\"@id\":\"https:\\\/\\\/erformance.eu\\\/lv\\\/#website\",\"url\":\"https:\\\/\\\/erformance.eu\\\/lv\\\/\",\"name\":\"Erformance.eu\",\"description\":\"Automobili\u0173 dali\u0173 parduotuv\u0117\",\"potentialAction\":[{\"@type\":\"SearchAction\",\"target\":{\"@type\":\"EntryPoint\",\"urlTemplate\":\"https:\\\/\\\/erformance.eu\\\/lv\\\/?s={search_term_string}\"},\"query-input\":{\"@type\":\"PropertyValueSpecification\",\"valueRequired\":true,\"valueName\":\"search_term_string\"}}],\"inLanguage\":\"lv-LV\"}]}<\/script>\n<!-- \/ Yoast SEO Premium plugin. -->","yoast_head_json":{"title":"Audi A4 B8 A5 8T TT FV \u017eibinto dangtelis (kair\u0117 = de\u0161in\u0117) - Erformance.eu","robots":{"index":"index","follow":"follow","max-snippet":"max-snippet:-1","max-image-preview":"max-image-preview:large","max-video-preview":"max-video-preview:-1"},"canonical":"https:\/\/erformance.eu\/lv\/produkts\/audi-a4-b8-a5-8t-tt-fv-zibinto-dangtelis-kaire-desine\/","og_locale":"lv_LV","og_type":"article","og_title":"Audi A4 B8 A5 8T TT FV \u017eibinto dangtelis (kair\u0117 = de\u0161in\u0117)","og_description":"1. Prek\u0117: priekinis \u017eibintas, priekinio \u017eibinto dangtelis2. Pus\u0117: kair\u0117 = de\u0161in\u01173. Gamintojas: pakeitimas4. Automobilis:* Audi A4 B8 13-16* Audi A5 8T 10-17* Audi TT FV 2015-","og_url":"https:\/\/erformance.eu\/lv\/produkts\/audi-a4-b8-a5-8t-tt-fv-zibinto-dangtelis-kaire-desine\/","og_site_name":"Erformance.eu","article_modified_time":"2026-03-12T16:00:35+00:00","og_image":[{"width":1200,"height":1200,"url":"https:\/\/erformance.eu\/wp-content\/uploads\/2026\/02\/pol_pm_Audi-A4-B8-A5-8T-TT-FV-zaslepka-reflektora-lampy-przedniej-lewa-prawa-30462_1.jpg","type":"image\/jpeg"}],"twitter_card":"summary_large_image","twitter_misc":{"Est. reading time":"1 min\u016b\u0161u"},"schema":{"@context":"https:\/\/schema.org","@graph":[{"@type":"WebPage","@id":"https:\/\/erformance.eu\/lv\/produkts\/audi-a4-b8-a5-8t-tt-fv-zibinto-dangtelis-kaire-desine\/","url":"https:\/\/erformance.eu\/lv\/produkts\/audi-a4-b8-a5-8t-tt-fv-zibinto-dangtelis-kaire-desine\/","name":"Audi A4 B8 A5 8T TT FV \u017eibinto dangtelis (kair\u0117 = de\u0161in\u0117) - Erformance.eu","isPartOf":{"@id":"https:\/\/erformance.eu\/lv\/#website"},"primaryImageOfPage":{"@id":"https:\/\/erformance.eu\/lv\/produkts\/audi-a4-b8-a5-8t-tt-fv-zibinto-dangtelis-kaire-desine\/#primaryimage"},"image":{"@id":"https:\/\/erformance.eu\/lv\/produkts\/audi-a4-b8-a5-8t-tt-fv-zibinto-dangtelis-kaire-desine\/#primaryimage"},"thumbnailUrl":"https:\/\/erformance.eu\/wp-content\/uploads\/2026\/02\/pol_pm_Audi-A4-B8-A5-8T-TT-FV-zaslepka-reflektora-lampy-przedniej-lewa-prawa-30462_1.jpg","datePublished":"2026-02-16T11:18:24+00:00","dateModified":"2026-03-12T16:00:35+00:00","breadcrumb":{"@id":"https:\/\/erformance.eu\/lv\/produkts\/audi-a4-b8-a5-8t-tt-fv-zibinto-dangtelis-kaire-desine\/#breadcrumb"},"inLanguage":"lv-LV","potentialAction":[{"@type":"ReadAction","target":["https:\/\/erformance.eu\/lv\/produkts\/audi-a4-b8-a5-8t-tt-fv-zibinto-dangtelis-kaire-desine\/"]}]},{"@type":"ImageObject","inLanguage":"lv-LV","@id":"https:\/\/erformance.eu\/lv\/produkts\/audi-a4-b8-a5-8t-tt-fv-zibinto-dangtelis-kaire-desine\/#primaryimage","url":"https:\/\/erformance.eu\/wp-content\/uploads\/2026\/02\/pol_pm_Audi-A4-B8-A5-8T-TT-FV-zaslepka-reflektora-lampy-przedniej-lewa-prawa-30462_1.jpg","contentUrl":"https:\/\/erformance.eu\/wp-content\/uploads\/2026\/02\/pol_pm_Audi-A4-B8-A5-8T-TT-FV-zaslepka-reflektora-lampy-przedniej-lewa-prawa-30462_1.jpg","width":1200,"height":1200},{"@type":"BreadcrumbList","@id":"https:\/\/erformance.eu\/lv\/produkts\/audi-a4-b8-a5-8t-tt-fv-zibinto-dangtelis-kaire-desine\/#breadcrumb","itemListElement":[{"@type":"ListItem","position":1,"name":"Home","item":"https:\/\/erformance.eu\/lv\/"},{"@type":"ListItem","position":2,"name":"Veikals","item":"https:\/\/erformance.eu\/lv\/veikals\/"},{"@type":"ListItem","position":3,"name":"Audi A4 B8 A5 8T TT FV \u017eibinto dangtelis (kair\u0117 = de\u0161in\u0117)"}]},{"@type":"WebSite","@id":"https:\/\/erformance.eu\/lv\/#website","url":"https:\/\/erformance.eu\/lv\/","name":"Erformance.eu","description":"Automobili\u0173 dali\u0173 parduotuv\u0117","potentialAction":[{"@type":"SearchAction","target":{"@type":"EntryPoint","urlTemplate":"https:\/\/erformance.eu\/lv\/?s={search_term_string}"},"query-input":{"@type":"PropertyValueSpecification","valueRequired":true,"valueName":"search_term_string"}}],"inLanguage":"lv-LV"}]}},"jetpack_sharing_enabled":true,"_links":{"self":[{"href":"https:\/\/erformance.eu\/lv\/wp-json\/wp\/v2\/product\/56474","targetHints":{"allow":["GET"]}}],"collection":[{"href":"https:\/\/erformance.eu\/lv\/wp-json\/wp\/v2\/product"}],"about":[{"href":"https:\/\/erformance.eu\/lv\/wp-json\/wp\/v2\/types\/product"}],"replies":[{"embeddable":true,"href":"https:\/\/erformance.eu\/lv\/wp-json\/wp\/v2\/comments?post=56474"}],"version-history":[{"count":1,"href":"https:\/\/erformance.eu\/lv\/wp-json\/wp\/v2\/product\/56474\/revisions"}],"predecessor-version":[{"id":56475,"href":"https:\/\/erformance.eu\/lv\/wp-json\/wp\/v2\/product\/56474\/revisions\/56475"}],"wp:featuredmedia":[{"embeddable":true,"href":"https:\/\/erformance.eu\/lv\/wp-json\/wp\/v2\/media\/50319"}],"wp:attachment":[{"href":"https:\/\/erformance.eu\/lv\/wp-json\/wp\/v2\/media?parent=56474"}],"wp:term":[{"taxonomy":"product_brand","embeddable":true,"href":"https:\/\/erformance.eu\/lv\/wp-json\/wp\/v2\/product_brand?post=56474"},{"taxonomy":"product_cat","embeddable":true,"href":"https:\/\/erformance.eu\/lv\/wp-json\/wp\/v2\/product_cat?post=56474"},{"taxonomy":"product_tag","embeddable":true,"href":"https:\/\/erformance.eu\/lv\/wp-json\/wp\/v2\/product_tag?post=56474"}],"curies":[{"name":"wp","href":"https:\/\/api.w.org\/{rel}","templated":true}]}}