{"id":56482,"date":"2026-02-16T14:18:28","date_gmt":"2026-02-16T11:18:28","guid":{"rendered":"https:\/\/erformance.eu\/?post_type=product&#038;p=56482"},"modified":"2026-03-26T02:38:56","modified_gmt":"2026-03-25T23:38:56","slug":"audi-q7-4lb-06-15-sviesu-jungiklis","status":"publish","type":"product","link":"https:\/\/erformance.eu\/lv\/produkts\/audi-q7-4lb-06-15-sviesu-jungiklis\/","title":{"rendered":"Audi Q7 (4LB) 06-15 \u0161vies\u0173 jungiklis"},"content":{"rendered":"<p>Prek\u0117: \u0161viesos jungiklis<br \/>\nOriginalus numeris:<\/p>\n<p>4F1941531D<\/p>\n<p>PASTABA: auk\u0161\u010diau pateikti numeriai yra original\u016bs dali\u0173 numeriai, kuriuos \u0161is pasi\u016blymas pakei\u010dia. Prie\u0161 pirkdami, palyginkite juos su originaliu dalies numeriu. Jei jie skiriasi net vienu simboliu, dalis netiks, neveiks arba veiks netinkamai. Tokiu atveju jos nepirkite.<br \/>\nAutomobilis:<\/p>\n<p>Audi A6 Allroad C6 (4FH) gamybos metai: 2006\u20132011<br \/>\nAudi A6 C6 (4F2) gamybos metai: 2004-2011<br \/>\nAudi A6 C6 Avant (4F5) gamybos metai: 2004-2011<br \/>\n\u201eAudi Q7\u201c (4LB) gamybos metai: 2006\u20132015<\/p>\n<p>Kai\u0161\u010di\u0173 skai\u010dius: 8<br \/>\nFoninio ap\u0161vietimo spalva: raudona<br \/>\nVersija su automatiniu \u0161viesos \u012fjungimu<br \/>\nGamintojas: pakaitalas<br \/>\nTechnin\u0117 b\u016bkl\u0117: prek\u0117 yra visi\u0161kai nauja, nenaudota, nepa\u017eeista ir nesugadinta<\/p>\n","protected":false},"excerpt":{"rendered":"<p>1. Prek\u0117: \u0161viesos jungiklis2. Gamintojas: pakeitimas3. Automobilis:Audi A6 C6 04-11Audi Q7 (4LB) 06-15<\/p>\n","protected":false},"featured_media":50338,"comment_status":"open","ping_status":"closed","template":"","meta":[],"product_brand":[],"product_cat":[3930,144,4686,400,4647,4009],"product_tag":[],"class_list":{"0":"post-56482","1":"product","2":"type-product","3":"status-publish","4":"has-post-thumbnail","6":"product_cat-audi-q7-4l","7":"product_cat-audi","8":"product_cat-audi-q7-4l-mygtukai-mechanizmai","9":"product_cat-audi-q7","10":"product_cat-audi-q7-4l-rankenos","11":"product_cat-audi-q7-4l-salono-dalys","13":"first","14":"instock","15":"shipping-taxable","16":"purchasable","17":"product-type-simple"},"yoast_head":"<!-- This site is optimized with the Yoast SEO Premium plugin v25.2 (Yoast SEO v27.3) - https:\/\/yoast.com\/product\/yoast-seo-premium-wordpress\/ -->\n<title>Audi Q7 (4LB) 06-15 \u0161vies\u0173 jungiklis - Erformance.eu<\/title>\n<meta name=\"robots\" content=\"index, follow, max-snippet:-1, max-image-preview:large, max-video-preview:-1\" \/>\n<link rel=\"canonical\" href=\"https:\/\/erformance.eu\/lv\/produkts\/audi-q7-4lb-06-15-sviesu-jungiklis\/\" \/>\n<meta property=\"og:locale\" content=\"lv_LV\" \/>\n<meta property=\"og:type\" content=\"article\" \/>\n<meta property=\"og:title\" content=\"Audi Q7 (4LB) 06-15 \u0161vies\u0173 jungiklis\" \/>\n<meta property=\"og:description\" content=\"1. Prek\u0117: \u0161viesos jungiklis2. Gamintojas: pakeitimas3. Automobilis:Audi A6 C6 04-11Audi Q7 (4LB) 06-15\" \/>\n<meta property=\"og:url\" content=\"https:\/\/erformance.eu\/lv\/produkts\/audi-q7-4lb-06-15-sviesu-jungiklis\/\" \/>\n<meta property=\"og:site_name\" content=\"Erformance.eu\" \/>\n<meta property=\"article:modified_time\" content=\"2026-03-25T23:38:56+00:00\" \/>\n<meta property=\"og:image\" content=\"https:\/\/erformance.eu\/wp-content\/uploads\/2026\/02\/pol_pm_Audi-Q7-4LB-06-15-wlacznik-swiatel-36163_1.jpg\" \/>\n\t<meta property=\"og:image:width\" content=\"1200\" \/>\n\t<meta property=\"og:image:height\" content=\"1200\" \/>\n\t<meta property=\"og:image:type\" content=\"image\/jpeg\" \/>\n<meta name=\"twitter:card\" content=\"summary_large_image\" \/>\n<meta name=\"twitter:label1\" content=\"Est. reading time\" \/>\n\t<meta name=\"twitter:data1\" content=\"1 min\u016b\u0161u\" \/>\n<script type=\"application\/ld+json\" class=\"yoast-schema-graph\">{\"@context\":\"https:\\\/\\\/schema.org\",\"@graph\":[{\"@type\":\"WebPage\",\"@id\":\"https:\\\/\\\/erformance.eu\\\/lv\\\/produkts\\\/audi-q7-4lb-06-15-sviesu-jungiklis\\\/\",\"url\":\"https:\\\/\\\/erformance.eu\\\/lv\\\/produkts\\\/audi-q7-4lb-06-15-sviesu-jungiklis\\\/\",\"name\":\"Audi Q7 (4LB) 06-15 \u0161vies\u0173 jungiklis - Erformance.eu\",\"isPartOf\":{\"@id\":\"https:\\\/\\\/erformance.eu\\\/lv\\\/#website\"},\"primaryImageOfPage\":{\"@id\":\"https:\\\/\\\/erformance.eu\\\/lv\\\/produkts\\\/audi-q7-4lb-06-15-sviesu-jungiklis\\\/#primaryimage\"},\"image\":{\"@id\":\"https:\\\/\\\/erformance.eu\\\/lv\\\/produkts\\\/audi-q7-4lb-06-15-sviesu-jungiklis\\\/#primaryimage\"},\"thumbnailUrl\":\"https:\\\/\\\/erformance.eu\\\/wp-content\\\/uploads\\\/2026\\\/02\\\/pol_pm_Audi-Q7-4LB-06-15-wlacznik-swiatel-36163_1.jpg\",\"datePublished\":\"2026-02-16T11:18:28+00:00\",\"dateModified\":\"2026-03-25T23:38:56+00:00\",\"breadcrumb\":{\"@id\":\"https:\\\/\\\/erformance.eu\\\/lv\\\/produkts\\\/audi-q7-4lb-06-15-sviesu-jungiklis\\\/#breadcrumb\"},\"inLanguage\":\"lv-LV\",\"potentialAction\":[{\"@type\":\"ReadAction\",\"target\":[\"https:\\\/\\\/erformance.eu\\\/lv\\\/produkts\\\/audi-q7-4lb-06-15-sviesu-jungiklis\\\/\"]}]},{\"@type\":\"ImageObject\",\"inLanguage\":\"lv-LV\",\"@id\":\"https:\\\/\\\/erformance.eu\\\/lv\\\/produkts\\\/audi-q7-4lb-06-15-sviesu-jungiklis\\\/#primaryimage\",\"url\":\"https:\\\/\\\/erformance.eu\\\/wp-content\\\/uploads\\\/2026\\\/02\\\/pol_pm_Audi-Q7-4LB-06-15-wlacznik-swiatel-36163_1.jpg\",\"contentUrl\":\"https:\\\/\\\/erformance.eu\\\/wp-content\\\/uploads\\\/2026\\\/02\\\/pol_pm_Audi-Q7-4LB-06-15-wlacznik-swiatel-36163_1.jpg\",\"width\":1200,\"height\":1200},{\"@type\":\"BreadcrumbList\",\"@id\":\"https:\\\/\\\/erformance.eu\\\/lv\\\/produkts\\\/audi-q7-4lb-06-15-sviesu-jungiklis\\\/#breadcrumb\",\"itemListElement\":[{\"@type\":\"ListItem\",\"position\":1,\"name\":\"Home\",\"item\":\"https:\\\/\\\/erformance.eu\\\/lv\\\/\"},{\"@type\":\"ListItem\",\"position\":2,\"name\":\"Veikals\",\"item\":\"https:\\\/\\\/erformance.eu\\\/lv\\\/veikals\\\/\"},{\"@type\":\"ListItem\",\"position\":3,\"name\":\"Audi Q7 (4LB) 06-15 \u0161vies\u0173 jungiklis\"}]},{\"@type\":\"WebSite\",\"@id\":\"https:\\\/\\\/erformance.eu\\\/lv\\\/#website\",\"url\":\"https:\\\/\\\/erformance.eu\\\/lv\\\/\",\"name\":\"Erformance.eu\",\"description\":\"Automobili\u0173 dali\u0173 parduotuv\u0117\",\"potentialAction\":[{\"@type\":\"SearchAction\",\"target\":{\"@type\":\"EntryPoint\",\"urlTemplate\":\"https:\\\/\\\/erformance.eu\\\/lv\\\/?s={search_term_string}\"},\"query-input\":{\"@type\":\"PropertyValueSpecification\",\"valueRequired\":true,\"valueName\":\"search_term_string\"}}],\"inLanguage\":\"lv-LV\"}]}<\/script>\n<!-- \/ Yoast SEO Premium plugin. -->","yoast_head_json":{"title":"Audi Q7 (4LB) 06-15 \u0161vies\u0173 jungiklis - Erformance.eu","robots":{"index":"index","follow":"follow","max-snippet":"max-snippet:-1","max-image-preview":"max-image-preview:large","max-video-preview":"max-video-preview:-1"},"canonical":"https:\/\/erformance.eu\/lv\/produkts\/audi-q7-4lb-06-15-sviesu-jungiklis\/","og_locale":"lv_LV","og_type":"article","og_title":"Audi Q7 (4LB) 06-15 \u0161vies\u0173 jungiklis","og_description":"1. Prek\u0117: \u0161viesos jungiklis2. Gamintojas: pakeitimas3. Automobilis:Audi A6 C6 04-11Audi Q7 (4LB) 06-15","og_url":"https:\/\/erformance.eu\/lv\/produkts\/audi-q7-4lb-06-15-sviesu-jungiklis\/","og_site_name":"Erformance.eu","article_modified_time":"2026-03-25T23:38:56+00:00","og_image":[{"width":1200,"height":1200,"url":"https:\/\/erformance.eu\/wp-content\/uploads\/2026\/02\/pol_pm_Audi-Q7-4LB-06-15-wlacznik-swiatel-36163_1.jpg","type":"image\/jpeg"}],"twitter_card":"summary_large_image","twitter_misc":{"Est. reading time":"1 min\u016b\u0161u"},"schema":{"@context":"https:\/\/schema.org","@graph":[{"@type":"WebPage","@id":"https:\/\/erformance.eu\/lv\/produkts\/audi-q7-4lb-06-15-sviesu-jungiklis\/","url":"https:\/\/erformance.eu\/lv\/produkts\/audi-q7-4lb-06-15-sviesu-jungiklis\/","name":"Audi Q7 (4LB) 06-15 \u0161vies\u0173 jungiklis - Erformance.eu","isPartOf":{"@id":"https:\/\/erformance.eu\/lv\/#website"},"primaryImageOfPage":{"@id":"https:\/\/erformance.eu\/lv\/produkts\/audi-q7-4lb-06-15-sviesu-jungiklis\/#primaryimage"},"image":{"@id":"https:\/\/erformance.eu\/lv\/produkts\/audi-q7-4lb-06-15-sviesu-jungiklis\/#primaryimage"},"thumbnailUrl":"https:\/\/erformance.eu\/wp-content\/uploads\/2026\/02\/pol_pm_Audi-Q7-4LB-06-15-wlacznik-swiatel-36163_1.jpg","datePublished":"2026-02-16T11:18:28+00:00","dateModified":"2026-03-25T23:38:56+00:00","breadcrumb":{"@id":"https:\/\/erformance.eu\/lv\/produkts\/audi-q7-4lb-06-15-sviesu-jungiklis\/#breadcrumb"},"inLanguage":"lv-LV","potentialAction":[{"@type":"ReadAction","target":["https:\/\/erformance.eu\/lv\/produkts\/audi-q7-4lb-06-15-sviesu-jungiklis\/"]}]},{"@type":"ImageObject","inLanguage":"lv-LV","@id":"https:\/\/erformance.eu\/lv\/produkts\/audi-q7-4lb-06-15-sviesu-jungiklis\/#primaryimage","url":"https:\/\/erformance.eu\/wp-content\/uploads\/2026\/02\/pol_pm_Audi-Q7-4LB-06-15-wlacznik-swiatel-36163_1.jpg","contentUrl":"https:\/\/erformance.eu\/wp-content\/uploads\/2026\/02\/pol_pm_Audi-Q7-4LB-06-15-wlacznik-swiatel-36163_1.jpg","width":1200,"height":1200},{"@type":"BreadcrumbList","@id":"https:\/\/erformance.eu\/lv\/produkts\/audi-q7-4lb-06-15-sviesu-jungiklis\/#breadcrumb","itemListElement":[{"@type":"ListItem","position":1,"name":"Home","item":"https:\/\/erformance.eu\/lv\/"},{"@type":"ListItem","position":2,"name":"Veikals","item":"https:\/\/erformance.eu\/lv\/veikals\/"},{"@type":"ListItem","position":3,"name":"Audi Q7 (4LB) 06-15 \u0161vies\u0173 jungiklis"}]},{"@type":"WebSite","@id":"https:\/\/erformance.eu\/lv\/#website","url":"https:\/\/erformance.eu\/lv\/","name":"Erformance.eu","description":"Automobili\u0173 dali\u0173 parduotuv\u0117","potentialAction":[{"@type":"SearchAction","target":{"@type":"EntryPoint","urlTemplate":"https:\/\/erformance.eu\/lv\/?s={search_term_string}"},"query-input":{"@type":"PropertyValueSpecification","valueRequired":true,"valueName":"search_term_string"}}],"inLanguage":"lv-LV"}]}},"jetpack_sharing_enabled":true,"_links":{"self":[{"href":"https:\/\/erformance.eu\/lv\/wp-json\/wp\/v2\/product\/56482","targetHints":{"allow":["GET"]}}],"collection":[{"href":"https:\/\/erformance.eu\/lv\/wp-json\/wp\/v2\/product"}],"about":[{"href":"https:\/\/erformance.eu\/lv\/wp-json\/wp\/v2\/types\/product"}],"replies":[{"embeddable":true,"href":"https:\/\/erformance.eu\/lv\/wp-json\/wp\/v2\/comments?post=56482"}],"version-history":[{"count":1,"href":"https:\/\/erformance.eu\/lv\/wp-json\/wp\/v2\/product\/56482\/revisions"}],"predecessor-version":[{"id":56483,"href":"https:\/\/erformance.eu\/lv\/wp-json\/wp\/v2\/product\/56482\/revisions\/56483"}],"wp:featuredmedia":[{"embeddable":true,"href":"https:\/\/erformance.eu\/lv\/wp-json\/wp\/v2\/media\/50338"}],"wp:attachment":[{"href":"https:\/\/erformance.eu\/lv\/wp-json\/wp\/v2\/media?parent=56482"}],"wp:term":[{"taxonomy":"product_brand","embeddable":true,"href":"https:\/\/erformance.eu\/lv\/wp-json\/wp\/v2\/product_brand?post=56482"},{"taxonomy":"product_cat","embeddable":true,"href":"https:\/\/erformance.eu\/lv\/wp-json\/wp\/v2\/product_cat?post=56482"},{"taxonomy":"product_tag","embeddable":true,"href":"https:\/\/erformance.eu\/lv\/wp-json\/wp\/v2\/product_tag?post=56482"}],"curies":[{"name":"wp","href":"https:\/\/api.w.org\/{rel}","templated":true}]}}