{"id":56530,"date":"2026-02-16T14:19:01","date_gmt":"2026-02-16T11:19:01","guid":{"rendered":"https:\/\/erformance.eu\/?post_type=product&#038;p=56530"},"modified":"2026-03-25T21:33:12","modified_gmt":"2026-03-25T18:33:12","slug":"audi-a6-c7-11-14-su-halogeninemis-grotelemis-priekiniame-bamperyje-juodos-chromo-desines-puses","status":"publish","type":"product","link":"https:\/\/erformance.eu\/lv\/produkts\/audi-a6-c7-11-14-su-halogeninemis-grotelemis-priekiniame-bamperyje-juodos-chromo-desines-puses\/","title":{"rendered":"Audi A6 C7 11-14 SU HALOGENIN\u0116MIS GROTEL\u0116MIS priekiniame bamperyje JUODOS + CHROMO de\u0161in\u0117s pus\u0117s"},"content":{"rendered":"<p>Prek\u0117: priekinio bamperio grotel\u0117s<br \/>\nPus\u0117: De\u0161in\u0117 (keleivio pus\u0117)<br \/>\nOE numeris: 4G0807682B \/ 4GD807682B<br \/>\nPASTABA: auk\u0161\u010diau pateikti numeriai yra original\u016bs dali\u0173 numeriai, kuriuos \u0161is pasi\u016blymas pakei\u010dia. Prie\u0161 pirkdami, palyginkite juos su originaliu dalies numeriu. Jei jie skiriasi net vienu simboliu, dalis netiks, neveiks arba veiks netinkamai. Tokiu atveju jos nepirkite.<br \/>\nAutomobilis: Audi A6 C7<br \/>\nPagaminimo metai: 2011\u20132014<br \/>\nSpalva: juodos grotel\u0117s su chromo elementais<br \/>\nGamintojas: pakaitalas<br \/>\nTechnin\u0117 b\u016bkl\u0117: prek\u0117 yra visi\u0161kai nauja, nenaudota, nepa\u017eeista ir nesugadinta<br \/>\nD\u0116MESIO! Versija, kuri nebuvo pasteb\u0117ta<br \/>\nPASTABA: Netinka S-LINE versijai.<\/p>\n","protected":false},"excerpt":{"rendered":"<p>1. Prek\u0117: Priekinio bamperio grotel\u0117s2. Pus\u0117: de\u0161in\u01173. Spalva: juoda + chromas4. Gamintojas: pakeitimas5. Automobilis: Audi A6 C76. Pagaminimo metai: 2011\u20132014<\/p>\n","protected":false},"featured_media":50551,"comment_status":"open","ping_status":"closed","template":"","meta":[],"product_brand":[],"product_cat":[394,144,4085,3919,4124,3958,4280],"product_tag":[],"class_list":{"0":"post-56530","1":"product","2":"type-product","3":"status-publish","4":"has-post-thumbnail","6":"product_cat-audi-a6","7":"product_cat-audi","8":"product_cat-audi-a6-c7-bamperiai-ju-dalys","9":"product_cat-audi-a6-c7","10":"product_cat-audi-a6-c7-isores-groteles","11":"product_cat-audi-a6-c7-isores-dalys","12":"product_cat-audi-a6-c7-zibintai-apsvietimas","14":"first","15":"instock","16":"shipping-taxable","17":"purchasable","18":"product-type-simple"},"yoast_head":"<!-- This site is optimized with the Yoast SEO Premium plugin v25.2 (Yoast SEO v27.3) - https:\/\/yoast.com\/product\/yoast-seo-premium-wordpress\/ -->\n<title>Audi A6 C7 11-14 SU HALOGENIN\u0116MIS GROTEL\u0116MIS priekiniame bamperyje JUODOS + CHROMO de\u0161in\u0117s pus\u0117s - Erformance.eu<\/title>\n<meta name=\"robots\" content=\"index, follow, max-snippet:-1, max-image-preview:large, max-video-preview:-1\" \/>\n<link rel=\"canonical\" href=\"https:\/\/erformance.eu\/lv\/produkts\/audi-a6-c7-11-14-su-halogeninemis-grotelemis-priekiniame-bamperyje-juodos-chromo-desines-puses\/\" \/>\n<meta property=\"og:locale\" content=\"lv_LV\" \/>\n<meta property=\"og:type\" content=\"article\" \/>\n<meta property=\"og:title\" content=\"Audi A6 C7 11-14 SU HALOGENIN\u0116MIS GROTEL\u0116MIS priekiniame bamperyje JUODOS + CHROMO de\u0161in\u0117s pus\u0117s\" \/>\n<meta property=\"og:description\" content=\"1. Prek\u0117: Priekinio bamperio grotel\u0117s2. Pus\u0117: de\u0161in\u01173. Spalva: juoda + chromas4. Gamintojas: pakeitimas5. Automobilis: Audi A6 C76. Pagaminimo metai: 2011\u20132014\" \/>\n<meta property=\"og:url\" content=\"https:\/\/erformance.eu\/lv\/produkts\/audi-a6-c7-11-14-su-halogeninemis-grotelemis-priekiniame-bamperyje-juodos-chromo-desines-puses\/\" \/>\n<meta property=\"og:site_name\" content=\"Erformance.eu\" \/>\n<meta property=\"article:modified_time\" content=\"2026-03-25T18:33:12+00:00\" \/>\n<meta property=\"og:image\" content=\"https:\/\/erformance.eu\/wp-content\/uploads\/2026\/02\/pol_pm_Audi-A6-C7-11-14-Z-HALOGENAMI-atrapka-kratka-w-zderzak-przedni-CZARNA-CHROM-prawa-22275_1.jpg\" \/>\n\t<meta property=\"og:image:width\" content=\"1200\" \/>\n\t<meta property=\"og:image:height\" content=\"900\" \/>\n\t<meta property=\"og:image:type\" content=\"image\/jpeg\" \/>\n<meta name=\"twitter:card\" content=\"summary_large_image\" \/>\n<script type=\"application\/ld+json\" class=\"yoast-schema-graph\">{\"@context\":\"https:\\\/\\\/schema.org\",\"@graph\":[{\"@type\":\"WebPage\",\"@id\":\"https:\\\/\\\/erformance.eu\\\/lv\\\/produkts\\\/audi-a6-c7-11-14-su-halogeninemis-grotelemis-priekiniame-bamperyje-juodos-chromo-desines-puses\\\/\",\"url\":\"https:\\\/\\\/erformance.eu\\\/lv\\\/produkts\\\/audi-a6-c7-11-14-su-halogeninemis-grotelemis-priekiniame-bamperyje-juodos-chromo-desines-puses\\\/\",\"name\":\"Audi A6 C7 11-14 SU HALOGENIN\u0116MIS GROTEL\u0116MIS priekiniame bamperyje JUODOS + CHROMO de\u0161in\u0117s pus\u0117s - Erformance.eu\",\"isPartOf\":{\"@id\":\"https:\\\/\\\/erformance.eu\\\/lv\\\/#website\"},\"primaryImageOfPage\":{\"@id\":\"https:\\\/\\\/erformance.eu\\\/lv\\\/produkts\\\/audi-a6-c7-11-14-su-halogeninemis-grotelemis-priekiniame-bamperyje-juodos-chromo-desines-puses\\\/#primaryimage\"},\"image\":{\"@id\":\"https:\\\/\\\/erformance.eu\\\/lv\\\/produkts\\\/audi-a6-c7-11-14-su-halogeninemis-grotelemis-priekiniame-bamperyje-juodos-chromo-desines-puses\\\/#primaryimage\"},\"thumbnailUrl\":\"https:\\\/\\\/erformance.eu\\\/wp-content\\\/uploads\\\/2026\\\/02\\\/pol_pm_Audi-A6-C7-11-14-Z-HALOGENAMI-atrapka-kratka-w-zderzak-przedni-CZARNA-CHROM-prawa-22275_1.jpg\",\"datePublished\":\"2026-02-16T11:19:01+00:00\",\"dateModified\":\"2026-03-25T18:33:12+00:00\",\"breadcrumb\":{\"@id\":\"https:\\\/\\\/erformance.eu\\\/lv\\\/produkts\\\/audi-a6-c7-11-14-su-halogeninemis-grotelemis-priekiniame-bamperyje-juodos-chromo-desines-puses\\\/#breadcrumb\"},\"inLanguage\":\"lv-LV\",\"potentialAction\":[{\"@type\":\"ReadAction\",\"target\":[\"https:\\\/\\\/erformance.eu\\\/lv\\\/produkts\\\/audi-a6-c7-11-14-su-halogeninemis-grotelemis-priekiniame-bamperyje-juodos-chromo-desines-puses\\\/\"]}]},{\"@type\":\"ImageObject\",\"inLanguage\":\"lv-LV\",\"@id\":\"https:\\\/\\\/erformance.eu\\\/lv\\\/produkts\\\/audi-a6-c7-11-14-su-halogeninemis-grotelemis-priekiniame-bamperyje-juodos-chromo-desines-puses\\\/#primaryimage\",\"url\":\"https:\\\/\\\/erformance.eu\\\/wp-content\\\/uploads\\\/2026\\\/02\\\/pol_pm_Audi-A6-C7-11-14-Z-HALOGENAMI-atrapka-kratka-w-zderzak-przedni-CZARNA-CHROM-prawa-22275_1.jpg\",\"contentUrl\":\"https:\\\/\\\/erformance.eu\\\/wp-content\\\/uploads\\\/2026\\\/02\\\/pol_pm_Audi-A6-C7-11-14-Z-HALOGENAMI-atrapka-kratka-w-zderzak-przedni-CZARNA-CHROM-prawa-22275_1.jpg\",\"width\":1200,\"height\":900},{\"@type\":\"BreadcrumbList\",\"@id\":\"https:\\\/\\\/erformance.eu\\\/lv\\\/produkts\\\/audi-a6-c7-11-14-su-halogeninemis-grotelemis-priekiniame-bamperyje-juodos-chromo-desines-puses\\\/#breadcrumb\",\"itemListElement\":[{\"@type\":\"ListItem\",\"position\":1,\"name\":\"Home\",\"item\":\"https:\\\/\\\/erformance.eu\\\/lv\\\/\"},{\"@type\":\"ListItem\",\"position\":2,\"name\":\"Veikals\",\"item\":\"https:\\\/\\\/erformance.eu\\\/lv\\\/veikals\\\/\"},{\"@type\":\"ListItem\",\"position\":3,\"name\":\"Audi A6 C7 11-14 SU HALOGENIN\u0116MIS GROTEL\u0116MIS priekiniame bamperyje JUODOS + CHROMO de\u0161in\u0117s pus\u0117s\"}]},{\"@type\":\"WebSite\",\"@id\":\"https:\\\/\\\/erformance.eu\\\/lv\\\/#website\",\"url\":\"https:\\\/\\\/erformance.eu\\\/lv\\\/\",\"name\":\"Erformance.eu\",\"description\":\"Automobili\u0173 dali\u0173 parduotuv\u0117\",\"potentialAction\":[{\"@type\":\"SearchAction\",\"target\":{\"@type\":\"EntryPoint\",\"urlTemplate\":\"https:\\\/\\\/erformance.eu\\\/lv\\\/?s={search_term_string}\"},\"query-input\":{\"@type\":\"PropertyValueSpecification\",\"valueRequired\":true,\"valueName\":\"search_term_string\"}}],\"inLanguage\":\"lv-LV\"}]}<\/script>\n<!-- \/ Yoast SEO Premium plugin. -->","yoast_head_json":{"title":"Audi A6 C7 11-14 SU HALOGENIN\u0116MIS GROTEL\u0116MIS priekiniame bamperyje JUODOS + CHROMO de\u0161in\u0117s pus\u0117s - Erformance.eu","robots":{"index":"index","follow":"follow","max-snippet":"max-snippet:-1","max-image-preview":"max-image-preview:large","max-video-preview":"max-video-preview:-1"},"canonical":"https:\/\/erformance.eu\/lv\/produkts\/audi-a6-c7-11-14-su-halogeninemis-grotelemis-priekiniame-bamperyje-juodos-chromo-desines-puses\/","og_locale":"lv_LV","og_type":"article","og_title":"Audi A6 C7 11-14 SU HALOGENIN\u0116MIS GROTEL\u0116MIS priekiniame bamperyje JUODOS + CHROMO de\u0161in\u0117s pus\u0117s","og_description":"1. Prek\u0117: Priekinio bamperio grotel\u0117s2. Pus\u0117: de\u0161in\u01173. Spalva: juoda + chromas4. Gamintojas: pakeitimas5. Automobilis: Audi A6 C76. Pagaminimo metai: 2011\u20132014","og_url":"https:\/\/erformance.eu\/lv\/produkts\/audi-a6-c7-11-14-su-halogeninemis-grotelemis-priekiniame-bamperyje-juodos-chromo-desines-puses\/","og_site_name":"Erformance.eu","article_modified_time":"2026-03-25T18:33:12+00:00","og_image":[{"width":1200,"height":900,"url":"https:\/\/erformance.eu\/wp-content\/uploads\/2026\/02\/pol_pm_Audi-A6-C7-11-14-Z-HALOGENAMI-atrapka-kratka-w-zderzak-przedni-CZARNA-CHROM-prawa-22275_1.jpg","type":"image\/jpeg"}],"twitter_card":"summary_large_image","schema":{"@context":"https:\/\/schema.org","@graph":[{"@type":"WebPage","@id":"https:\/\/erformance.eu\/lv\/produkts\/audi-a6-c7-11-14-su-halogeninemis-grotelemis-priekiniame-bamperyje-juodos-chromo-desines-puses\/","url":"https:\/\/erformance.eu\/lv\/produkts\/audi-a6-c7-11-14-su-halogeninemis-grotelemis-priekiniame-bamperyje-juodos-chromo-desines-puses\/","name":"Audi A6 C7 11-14 SU HALOGENIN\u0116MIS GROTEL\u0116MIS priekiniame bamperyje JUODOS + CHROMO de\u0161in\u0117s pus\u0117s - Erformance.eu","isPartOf":{"@id":"https:\/\/erformance.eu\/lv\/#website"},"primaryImageOfPage":{"@id":"https:\/\/erformance.eu\/lv\/produkts\/audi-a6-c7-11-14-su-halogeninemis-grotelemis-priekiniame-bamperyje-juodos-chromo-desines-puses\/#primaryimage"},"image":{"@id":"https:\/\/erformance.eu\/lv\/produkts\/audi-a6-c7-11-14-su-halogeninemis-grotelemis-priekiniame-bamperyje-juodos-chromo-desines-puses\/#primaryimage"},"thumbnailUrl":"https:\/\/erformance.eu\/wp-content\/uploads\/2026\/02\/pol_pm_Audi-A6-C7-11-14-Z-HALOGENAMI-atrapka-kratka-w-zderzak-przedni-CZARNA-CHROM-prawa-22275_1.jpg","datePublished":"2026-02-16T11:19:01+00:00","dateModified":"2026-03-25T18:33:12+00:00","breadcrumb":{"@id":"https:\/\/erformance.eu\/lv\/produkts\/audi-a6-c7-11-14-su-halogeninemis-grotelemis-priekiniame-bamperyje-juodos-chromo-desines-puses\/#breadcrumb"},"inLanguage":"lv-LV","potentialAction":[{"@type":"ReadAction","target":["https:\/\/erformance.eu\/lv\/produkts\/audi-a6-c7-11-14-su-halogeninemis-grotelemis-priekiniame-bamperyje-juodos-chromo-desines-puses\/"]}]},{"@type":"ImageObject","inLanguage":"lv-LV","@id":"https:\/\/erformance.eu\/lv\/produkts\/audi-a6-c7-11-14-su-halogeninemis-grotelemis-priekiniame-bamperyje-juodos-chromo-desines-puses\/#primaryimage","url":"https:\/\/erformance.eu\/wp-content\/uploads\/2026\/02\/pol_pm_Audi-A6-C7-11-14-Z-HALOGENAMI-atrapka-kratka-w-zderzak-przedni-CZARNA-CHROM-prawa-22275_1.jpg","contentUrl":"https:\/\/erformance.eu\/wp-content\/uploads\/2026\/02\/pol_pm_Audi-A6-C7-11-14-Z-HALOGENAMI-atrapka-kratka-w-zderzak-przedni-CZARNA-CHROM-prawa-22275_1.jpg","width":1200,"height":900},{"@type":"BreadcrumbList","@id":"https:\/\/erformance.eu\/lv\/produkts\/audi-a6-c7-11-14-su-halogeninemis-grotelemis-priekiniame-bamperyje-juodos-chromo-desines-puses\/#breadcrumb","itemListElement":[{"@type":"ListItem","position":1,"name":"Home","item":"https:\/\/erformance.eu\/lv\/"},{"@type":"ListItem","position":2,"name":"Veikals","item":"https:\/\/erformance.eu\/lv\/veikals\/"},{"@type":"ListItem","position":3,"name":"Audi A6 C7 11-14 SU HALOGENIN\u0116MIS GROTEL\u0116MIS priekiniame bamperyje JUODOS + CHROMO de\u0161in\u0117s pus\u0117s"}]},{"@type":"WebSite","@id":"https:\/\/erformance.eu\/lv\/#website","url":"https:\/\/erformance.eu\/lv\/","name":"Erformance.eu","description":"Automobili\u0173 dali\u0173 parduotuv\u0117","potentialAction":[{"@type":"SearchAction","target":{"@type":"EntryPoint","urlTemplate":"https:\/\/erformance.eu\/lv\/?s={search_term_string}"},"query-input":{"@type":"PropertyValueSpecification","valueRequired":true,"valueName":"search_term_string"}}],"inLanguage":"lv-LV"}]}},"jetpack_sharing_enabled":true,"_links":{"self":[{"href":"https:\/\/erformance.eu\/lv\/wp-json\/wp\/v2\/product\/56530","targetHints":{"allow":["GET"]}}],"collection":[{"href":"https:\/\/erformance.eu\/lv\/wp-json\/wp\/v2\/product"}],"about":[{"href":"https:\/\/erformance.eu\/lv\/wp-json\/wp\/v2\/types\/product"}],"replies":[{"embeddable":true,"href":"https:\/\/erformance.eu\/lv\/wp-json\/wp\/v2\/comments?post=56530"}],"version-history":[{"count":1,"href":"https:\/\/erformance.eu\/lv\/wp-json\/wp\/v2\/product\/56530\/revisions"}],"predecessor-version":[{"id":56531,"href":"https:\/\/erformance.eu\/lv\/wp-json\/wp\/v2\/product\/56530\/revisions\/56531"}],"wp:featuredmedia":[{"embeddable":true,"href":"https:\/\/erformance.eu\/lv\/wp-json\/wp\/v2\/media\/50551"}],"wp:attachment":[{"href":"https:\/\/erformance.eu\/lv\/wp-json\/wp\/v2\/media?parent=56530"}],"wp:term":[{"taxonomy":"product_brand","embeddable":true,"href":"https:\/\/erformance.eu\/lv\/wp-json\/wp\/v2\/product_brand?post=56530"},{"taxonomy":"product_cat","embeddable":true,"href":"https:\/\/erformance.eu\/lv\/wp-json\/wp\/v2\/product_cat?post=56530"},{"taxonomy":"product_tag","embeddable":true,"href":"https:\/\/erformance.eu\/lv\/wp-json\/wp\/v2\/product_tag?post=56530"}],"curies":[{"name":"wp","href":"https:\/\/api.w.org\/{rel}","templated":true}]}}