{"id":56534,"date":"2026-02-16T14:19:03","date_gmt":"2026-02-16T11:19:03","guid":{"rendered":"https:\/\/erformance.eu\/?post_type=product&#038;p=56534"},"modified":"2026-03-26T01:45:03","modified_gmt":"2026-03-25T22:45:03","slug":"audi-q5-08-12-kairysis-halogeninis","status":"publish","type":"product","link":"https:\/\/erformance.eu\/lv\/produkts\/audi-q5-08-12-kairysis-halogeninis\/","title":{"rendered":"Audi Q5 08-12 kairysis halogeninis"},"content":{"rendered":"<p>Tema: halogenas<br \/>\nPus\u0117: Kair\u0117 (vairuotojo pus\u0117)<br \/>\nAutomobilis:<\/p>\n<p>\u201eAudi A4 B8\u201c sedanas, pagaminimo metai: 2007\u20132011<br \/>\n\u201eAudi A4 B8 Allroad\u201c, pagaminimo metai: 2011\u20132015<br \/>\n\u201eAudi A5 8T\u201c, modeliai, pagaminti nuo 2007 m.<br \/>\n\u201eAudi A6 C6 S-Line\u201c, gamybos metai: 2008\u20132011<br \/>\n\u201eAudi Q5\u201c, gamybos metai: 2008\u20132012<br \/>\n\u201eAudi Q5\u201c sedanas, pagaminimo metai: 2012\u20132016<br \/>\n\u201eSeat Exeo\u201c, gamybos metai: 2008\u20132013<br \/>\nVW Passat CC, modeliai, pagaminti nuo 2008 m.<\/p>\n<p>Lemput\u0117: H11 (pridedama)<br \/>\nHomologacija: turi<br \/>\nGamintojas: pakaitalas<br \/>\nTechnin\u0117 b\u016bkl\u0117: prek\u0117 yra visi\u0161kai nauja, nenaudota, nepa\u017eeista ir nesugadinta<br \/>\nPASTABA: Tai VALEO tipo lemput\u0117, t. y. pakaitalas, tinkantis tik tiems modeliams, kuriuose i\u0161 prad\u017ei\u0173 buvo sumontuotos VALEO halogenin\u0117s lemput\u0117s.<\/p>\n","protected":false},"excerpt":{"rendered":"<p>1. Prek\u0117: halogenin\u01172. Pus\u0117: kair\u01173. Gamintojas: pakeitimas4. Automobilis:* Audi A4 B8 sedanas 2007\u20132011 m.* Audi A4 B8 Allroad 2011-2015* Audi A5 8T 2007-* Audi A6 C6 S-Line 2008\u20132011 m.* Audi Q5 08\u201312* Audi Q5 sedanas 12\u201316* Seat Exeo 08-13* VW Passat CC 2008-<\/p>\n","protected":false},"featured_media":50567,"comment_status":"open","ping_status":"closed","template":"","meta":[],"product_brand":[],"product_cat":[3928,144,3968,399,4290],"product_tag":[],"class_list":{"0":"post-56534","1":"product","2":"type-product","3":"status-publish","4":"has-post-thumbnail","6":"product_cat-audi-q5-8r","7":"product_cat-audi","8":"product_cat-audi-q5-8r-isores-dalys","9":"product_cat-audi-q5","10":"product_cat-audi-q5-8r-zibintai-apsvietimas","12":"first","13":"instock","14":"shipping-taxable","15":"purchasable","16":"product-type-simple"},"yoast_head":"<!-- This site is optimized with the Yoast SEO Premium plugin v25.2 (Yoast SEO v27.3) - https:\/\/yoast.com\/product\/yoast-seo-premium-wordpress\/ -->\n<title>Audi Q5 08-12 kairysis halogeninis - Erformance.eu<\/title>\n<meta name=\"robots\" content=\"index, follow, max-snippet:-1, max-image-preview:large, max-video-preview:-1\" \/>\n<link rel=\"canonical\" href=\"https:\/\/erformance.eu\/lv\/produkts\/audi-q5-08-12-kairysis-halogeninis\/\" \/>\n<meta property=\"og:locale\" content=\"lv_LV\" \/>\n<meta property=\"og:type\" content=\"article\" \/>\n<meta property=\"og:title\" content=\"Audi Q5 08-12 kairysis halogeninis\" \/>\n<meta property=\"og:description\" content=\"1. Prek\u0117: halogenin\u01172. Pus\u0117: kair\u01173. Gamintojas: pakeitimas4. Automobilis:* Audi A4 B8 sedanas 2007\u20132011 m.* Audi A4 B8 Allroad 2011-2015* Audi A5 8T 2007-* Audi A6 C6 S-Line 2008\u20132011 m.* Audi Q5 08\u201312* Audi Q5 sedanas 12\u201316* Seat Exeo 08-13* VW Passat CC 2008-\" \/>\n<meta property=\"og:url\" content=\"https:\/\/erformance.eu\/lv\/produkts\/audi-q5-08-12-kairysis-halogeninis\/\" \/>\n<meta property=\"og:site_name\" content=\"Erformance.eu\" \/>\n<meta property=\"article:modified_time\" content=\"2026-03-25T22:45:03+00:00\" \/>\n<meta property=\"og:image\" content=\"https:\/\/erformance.eu\/wp-content\/uploads\/2026\/02\/pol_pm_Audi-Q5-08-12-halogen-lewy-18731_1.jpg\" \/>\n\t<meta property=\"og:image:width\" content=\"1200\" \/>\n\t<meta property=\"og:image:height\" content=\"900\" \/>\n\t<meta property=\"og:image:type\" content=\"image\/jpeg\" \/>\n<meta name=\"twitter:card\" content=\"summary_large_image\" \/>\n<script type=\"application\/ld+json\" class=\"yoast-schema-graph\">{\"@context\":\"https:\\\/\\\/schema.org\",\"@graph\":[{\"@type\":\"WebPage\",\"@id\":\"https:\\\/\\\/erformance.eu\\\/lv\\\/produkts\\\/audi-q5-08-12-kairysis-halogeninis\\\/\",\"url\":\"https:\\\/\\\/erformance.eu\\\/lv\\\/produkts\\\/audi-q5-08-12-kairysis-halogeninis\\\/\",\"name\":\"Audi Q5 08-12 kairysis halogeninis - Erformance.eu\",\"isPartOf\":{\"@id\":\"https:\\\/\\\/erformance.eu\\\/lv\\\/#website\"},\"primaryImageOfPage\":{\"@id\":\"https:\\\/\\\/erformance.eu\\\/lv\\\/produkts\\\/audi-q5-08-12-kairysis-halogeninis\\\/#primaryimage\"},\"image\":{\"@id\":\"https:\\\/\\\/erformance.eu\\\/lv\\\/produkts\\\/audi-q5-08-12-kairysis-halogeninis\\\/#primaryimage\"},\"thumbnailUrl\":\"https:\\\/\\\/erformance.eu\\\/wp-content\\\/uploads\\\/2026\\\/02\\\/pol_pm_Audi-Q5-08-12-halogen-lewy-18731_1.jpg\",\"datePublished\":\"2026-02-16T11:19:03+00:00\",\"dateModified\":\"2026-03-25T22:45:03+00:00\",\"breadcrumb\":{\"@id\":\"https:\\\/\\\/erformance.eu\\\/lv\\\/produkts\\\/audi-q5-08-12-kairysis-halogeninis\\\/#breadcrumb\"},\"inLanguage\":\"lv-LV\",\"potentialAction\":[{\"@type\":\"ReadAction\",\"target\":[\"https:\\\/\\\/erformance.eu\\\/lv\\\/produkts\\\/audi-q5-08-12-kairysis-halogeninis\\\/\"]}]},{\"@type\":\"ImageObject\",\"inLanguage\":\"lv-LV\",\"@id\":\"https:\\\/\\\/erformance.eu\\\/lv\\\/produkts\\\/audi-q5-08-12-kairysis-halogeninis\\\/#primaryimage\",\"url\":\"https:\\\/\\\/erformance.eu\\\/wp-content\\\/uploads\\\/2026\\\/02\\\/pol_pm_Audi-Q5-08-12-halogen-lewy-18731_1.jpg\",\"contentUrl\":\"https:\\\/\\\/erformance.eu\\\/wp-content\\\/uploads\\\/2026\\\/02\\\/pol_pm_Audi-Q5-08-12-halogen-lewy-18731_1.jpg\",\"width\":1200,\"height\":900},{\"@type\":\"BreadcrumbList\",\"@id\":\"https:\\\/\\\/erformance.eu\\\/lv\\\/produkts\\\/audi-q5-08-12-kairysis-halogeninis\\\/#breadcrumb\",\"itemListElement\":[{\"@type\":\"ListItem\",\"position\":1,\"name\":\"Home\",\"item\":\"https:\\\/\\\/erformance.eu\\\/lv\\\/\"},{\"@type\":\"ListItem\",\"position\":2,\"name\":\"Veikals\",\"item\":\"https:\\\/\\\/erformance.eu\\\/lv\\\/veikals\\\/\"},{\"@type\":\"ListItem\",\"position\":3,\"name\":\"Audi Q5 08-12 kairysis halogeninis\"}]},{\"@type\":\"WebSite\",\"@id\":\"https:\\\/\\\/erformance.eu\\\/lv\\\/#website\",\"url\":\"https:\\\/\\\/erformance.eu\\\/lv\\\/\",\"name\":\"Erformance.eu\",\"description\":\"Automobili\u0173 dali\u0173 parduotuv\u0117\",\"potentialAction\":[{\"@type\":\"SearchAction\",\"target\":{\"@type\":\"EntryPoint\",\"urlTemplate\":\"https:\\\/\\\/erformance.eu\\\/lv\\\/?s={search_term_string}\"},\"query-input\":{\"@type\":\"PropertyValueSpecification\",\"valueRequired\":true,\"valueName\":\"search_term_string\"}}],\"inLanguage\":\"lv-LV\"}]}<\/script>\n<!-- \/ Yoast SEO Premium plugin. -->","yoast_head_json":{"title":"Audi Q5 08-12 kairysis halogeninis - Erformance.eu","robots":{"index":"index","follow":"follow","max-snippet":"max-snippet:-1","max-image-preview":"max-image-preview:large","max-video-preview":"max-video-preview:-1"},"canonical":"https:\/\/erformance.eu\/lv\/produkts\/audi-q5-08-12-kairysis-halogeninis\/","og_locale":"lv_LV","og_type":"article","og_title":"Audi Q5 08-12 kairysis halogeninis","og_description":"1. Prek\u0117: halogenin\u01172. Pus\u0117: kair\u01173. Gamintojas: pakeitimas4. Automobilis:* Audi A4 B8 sedanas 2007\u20132011 m.* Audi A4 B8 Allroad 2011-2015* Audi A5 8T 2007-* Audi A6 C6 S-Line 2008\u20132011 m.* Audi Q5 08\u201312* Audi Q5 sedanas 12\u201316* Seat Exeo 08-13* VW Passat CC 2008-","og_url":"https:\/\/erformance.eu\/lv\/produkts\/audi-q5-08-12-kairysis-halogeninis\/","og_site_name":"Erformance.eu","article_modified_time":"2026-03-25T22:45:03+00:00","og_image":[{"width":1200,"height":900,"url":"https:\/\/erformance.eu\/wp-content\/uploads\/2026\/02\/pol_pm_Audi-Q5-08-12-halogen-lewy-18731_1.jpg","type":"image\/jpeg"}],"twitter_card":"summary_large_image","schema":{"@context":"https:\/\/schema.org","@graph":[{"@type":"WebPage","@id":"https:\/\/erformance.eu\/lv\/produkts\/audi-q5-08-12-kairysis-halogeninis\/","url":"https:\/\/erformance.eu\/lv\/produkts\/audi-q5-08-12-kairysis-halogeninis\/","name":"Audi Q5 08-12 kairysis halogeninis - Erformance.eu","isPartOf":{"@id":"https:\/\/erformance.eu\/lv\/#website"},"primaryImageOfPage":{"@id":"https:\/\/erformance.eu\/lv\/produkts\/audi-q5-08-12-kairysis-halogeninis\/#primaryimage"},"image":{"@id":"https:\/\/erformance.eu\/lv\/produkts\/audi-q5-08-12-kairysis-halogeninis\/#primaryimage"},"thumbnailUrl":"https:\/\/erformance.eu\/wp-content\/uploads\/2026\/02\/pol_pm_Audi-Q5-08-12-halogen-lewy-18731_1.jpg","datePublished":"2026-02-16T11:19:03+00:00","dateModified":"2026-03-25T22:45:03+00:00","breadcrumb":{"@id":"https:\/\/erformance.eu\/lv\/produkts\/audi-q5-08-12-kairysis-halogeninis\/#breadcrumb"},"inLanguage":"lv-LV","potentialAction":[{"@type":"ReadAction","target":["https:\/\/erformance.eu\/lv\/produkts\/audi-q5-08-12-kairysis-halogeninis\/"]}]},{"@type":"ImageObject","inLanguage":"lv-LV","@id":"https:\/\/erformance.eu\/lv\/produkts\/audi-q5-08-12-kairysis-halogeninis\/#primaryimage","url":"https:\/\/erformance.eu\/wp-content\/uploads\/2026\/02\/pol_pm_Audi-Q5-08-12-halogen-lewy-18731_1.jpg","contentUrl":"https:\/\/erformance.eu\/wp-content\/uploads\/2026\/02\/pol_pm_Audi-Q5-08-12-halogen-lewy-18731_1.jpg","width":1200,"height":900},{"@type":"BreadcrumbList","@id":"https:\/\/erformance.eu\/lv\/produkts\/audi-q5-08-12-kairysis-halogeninis\/#breadcrumb","itemListElement":[{"@type":"ListItem","position":1,"name":"Home","item":"https:\/\/erformance.eu\/lv\/"},{"@type":"ListItem","position":2,"name":"Veikals","item":"https:\/\/erformance.eu\/lv\/veikals\/"},{"@type":"ListItem","position":3,"name":"Audi Q5 08-12 kairysis halogeninis"}]},{"@type":"WebSite","@id":"https:\/\/erformance.eu\/lv\/#website","url":"https:\/\/erformance.eu\/lv\/","name":"Erformance.eu","description":"Automobili\u0173 dali\u0173 parduotuv\u0117","potentialAction":[{"@type":"SearchAction","target":{"@type":"EntryPoint","urlTemplate":"https:\/\/erformance.eu\/lv\/?s={search_term_string}"},"query-input":{"@type":"PropertyValueSpecification","valueRequired":true,"valueName":"search_term_string"}}],"inLanguage":"lv-LV"}]}},"jetpack_sharing_enabled":true,"_links":{"self":[{"href":"https:\/\/erformance.eu\/lv\/wp-json\/wp\/v2\/product\/56534","targetHints":{"allow":["GET"]}}],"collection":[{"href":"https:\/\/erformance.eu\/lv\/wp-json\/wp\/v2\/product"}],"about":[{"href":"https:\/\/erformance.eu\/lv\/wp-json\/wp\/v2\/types\/product"}],"replies":[{"embeddable":true,"href":"https:\/\/erformance.eu\/lv\/wp-json\/wp\/v2\/comments?post=56534"}],"version-history":[{"count":1,"href":"https:\/\/erformance.eu\/lv\/wp-json\/wp\/v2\/product\/56534\/revisions"}],"predecessor-version":[{"id":56535,"href":"https:\/\/erformance.eu\/lv\/wp-json\/wp\/v2\/product\/56534\/revisions\/56535"}],"wp:featuredmedia":[{"embeddable":true,"href":"https:\/\/erformance.eu\/lv\/wp-json\/wp\/v2\/media\/50567"}],"wp:attachment":[{"href":"https:\/\/erformance.eu\/lv\/wp-json\/wp\/v2\/media?parent=56534"}],"wp:term":[{"taxonomy":"product_brand","embeddable":true,"href":"https:\/\/erformance.eu\/lv\/wp-json\/wp\/v2\/product_brand?post=56534"},{"taxonomy":"product_cat","embeddable":true,"href":"https:\/\/erformance.eu\/lv\/wp-json\/wp\/v2\/product_cat?post=56534"},{"taxonomy":"product_tag","embeddable":true,"href":"https:\/\/erformance.eu\/lv\/wp-json\/wp\/v2\/product_tag?post=56534"}],"curies":[{"name":"wp","href":"https:\/\/api.w.org\/{rel}","templated":true}]}}