{"id":56536,"date":"2026-02-16T14:19:05","date_gmt":"2026-02-16T11:19:05","guid":{"rendered":"https:\/\/erformance.eu\/?post_type=product&#038;p=56536"},"modified":"2026-02-16T14:19:05","modified_gmt":"2026-02-16T11:19:05","slug":"smart-forfour-454-04-06-galinio-valytuvo-variklis","status":"publish","type":"product","link":"https:\/\/erformance.eu\/lv\/produkts\/smart-forfour-454-04-06-galinio-valytuvo-variklis\/","title":{"rendered":"\u201eSmart Forfour\u201c (454) 04\u201306 galinio valytuvo variklis"},"content":{"rendered":"<p>Prek\u0117: Galinio valytuvo variklis<br \/>\nOriginalus numeris:<\/p>\n<p>A4548200208<br \/>\n4548200208<\/p>\n<p>PASTABA: auk\u0161\u010diau pateikti numeriai yra original\u016bs dali\u0173 numeriai, kuriuos \u0161is pasi\u016blymas pakei\u010dia. Prie\u0161 pirkdami, palyginkite juos su originaliu dalies numeriu. Jei jie skiriasi net vienu simboliu, dalis netiks, neveiks arba veiks netinkamai. Tokiu atveju jos nepirkite.<br \/>\nAutomobilis:<br \/>\n\u201eSmart FORFOUR\u201c (454), pagaminimo metai: 2004\u20132006<\/p>\n<p>Smart FORFOUR (454) 1.1 (454.030) (M 134.910) 1124ccm 75KM\/55kW 2004\/01-2006\/06<br \/>\nSmart FORFOUR (454) 1.1 (454.033) (M 134.911) 1124ccm 64KM\/47kW 2005\/02-2006\/06<br \/>\nSmart FORFOUR (454) 1.3 (454.031) (M 135.930) 1332ccm 95KM\/70kW 2004\/01-2006\/06<br \/>\nSmart FORFOUR (454) 1.5 (454.032) (M 135.950) 1499ccm 109KM\/80kW 2004\/01-2006\/06<br \/>\nSmart FORFOUR (454) 1.5 (454.032) (M 135.950) 1499ccm 122KM\/90kW 2004\/01-2006\/06<br \/>\nSmart FORFOUR (454) 1.5 BRABUS (454.034) (M 122.950) 1468ccm 177KM\/130kW 2005\/05-2006\/06<br \/>\nSmart FORFOUR (454) 1.5 CDI (454.000) (OM 639.939) 1493ccm 68KM\/50kW 2004\/09-2006\/06<br \/>\nSmart FORFOUR (454) 1.5 CDI (454.001) (OM 639.939) 1493ccm 95KM\/70kW 2004\/09-2006\/06<\/p>\n<p>Kontakt\u0173 skai\u010dius: 3 kontaktai<br \/>\nGamintojas: pakaitalas<br \/>\nTechnin\u0117 b\u016bkl\u0117: prek\u0117 yra visi\u0161kai nauja, nenaudota, nepa\u017eeista ir nesugadinta<br \/>\nPastaba: Kair\u0117je\/de\u0161in\u0117je pus\u0117je vairuotoms transporto priemon\u0117ms.<\/p>\n","protected":false},"excerpt":{"rendered":"<p>1. Prek\u0117: Galinio valytuvo variklis2. Gamintojas: pakeitimas3. Automobilis: \u201eSmart Forfour\u201c (454)4. Pagaminimo metai: 2004\u20132006<\/p>\n","protected":false},"featured_media":50579,"comment_status":"open","ping_status":"closed","template":"","meta":[],"product_brand":[],"product_cat":[144],"product_tag":[],"class_list":{"0":"post-56536","1":"product","2":"type-product","3":"status-publish","4":"has-post-thumbnail","6":"product_cat-audi","8":"first","9":"instock","10":"shipping-taxable","11":"purchasable","12":"product-type-simple"},"yoast_head":"<!-- This site is optimized with the Yoast SEO Premium plugin v25.2 (Yoast SEO v27.4) - https:\/\/yoast.com\/product\/yoast-seo-premium-wordpress\/ -->\n<title>\u201eSmart Forfour\u201c (454) 04\u201306 galinio valytuvo variklis - Erformance.eu<\/title>\n<meta name=\"robots\" content=\"index, follow, max-snippet:-1, max-image-preview:large, max-video-preview:-1\" \/>\n<link rel=\"canonical\" href=\"https:\/\/erformance.eu\/lv\/produkts\/smart-forfour-454-04-06-galinio-valytuvo-variklis\/\" \/>\n<meta property=\"og:locale\" content=\"lv_LV\" \/>\n<meta property=\"og:type\" content=\"article\" \/>\n<meta property=\"og:title\" content=\"\u201eSmart Forfour\u201c (454) 04\u201306 galinio valytuvo variklis\" \/>\n<meta property=\"og:description\" content=\"1. Prek\u0117: Galinio valytuvo variklis2. Gamintojas: pakeitimas3. Automobilis: \u201eSmart Forfour\u201c (454)4. Pagaminimo metai: 2004\u20132006\" \/>\n<meta property=\"og:url\" content=\"https:\/\/erformance.eu\/lv\/produkts\/smart-forfour-454-04-06-galinio-valytuvo-variklis\/\" \/>\n<meta property=\"og:site_name\" content=\"Erformance.eu\" \/>\n<meta name=\"twitter:card\" content=\"summary_large_image\" \/>\n<meta name=\"twitter:label1\" content=\"Est. reading time\" \/>\n\t<meta name=\"twitter:data1\" content=\"1 min\u016b\u0161u\" \/>\n<script type=\"application\/ld+json\" class=\"yoast-schema-graph\">{\"@context\":\"https:\\\/\\\/schema.org\",\"@graph\":[{\"@type\":\"WebPage\",\"@id\":\"https:\\\/\\\/erformance.eu\\\/lv\\\/produkts\\\/smart-forfour-454-04-06-galinio-valytuvo-variklis\\\/\",\"url\":\"https:\\\/\\\/erformance.eu\\\/lv\\\/produkts\\\/smart-forfour-454-04-06-galinio-valytuvo-variklis\\\/\",\"name\":\"\u201eSmart Forfour\u201c (454) 04\u201306 galinio valytuvo variklis - Erformance.eu\",\"isPartOf\":{\"@id\":\"https:\\\/\\\/erformance.eu\\\/lv\\\/#website\"},\"primaryImageOfPage\":{\"@id\":\"https:\\\/\\\/erformance.eu\\\/lv\\\/produkts\\\/smart-forfour-454-04-06-galinio-valytuvo-variklis\\\/#primaryimage\"},\"image\":{\"@id\":\"https:\\\/\\\/erformance.eu\\\/lv\\\/produkts\\\/smart-forfour-454-04-06-galinio-valytuvo-variklis\\\/#primaryimage\"},\"thumbnailUrl\":\"https:\\\/\\\/erformance.eu\\\/wp-content\\\/uploads\\\/2026\\\/02\\\/pol_pm_Smart-Forfour-454-04-06-silniczek-wycieraczki-tylnej-22889_1.jpg\",\"datePublished\":\"2026-02-16T11:19:05+00:00\",\"breadcrumb\":{\"@id\":\"https:\\\/\\\/erformance.eu\\\/lv\\\/produkts\\\/smart-forfour-454-04-06-galinio-valytuvo-variklis\\\/#breadcrumb\"},\"inLanguage\":\"lv-LV\",\"potentialAction\":[{\"@type\":\"ReadAction\",\"target\":[\"https:\\\/\\\/erformance.eu\\\/lv\\\/produkts\\\/smart-forfour-454-04-06-galinio-valytuvo-variklis\\\/\"]}]},{\"@type\":\"ImageObject\",\"inLanguage\":\"lv-LV\",\"@id\":\"https:\\\/\\\/erformance.eu\\\/lv\\\/produkts\\\/smart-forfour-454-04-06-galinio-valytuvo-variklis\\\/#primaryimage\",\"url\":\"https:\\\/\\\/erformance.eu\\\/wp-content\\\/uploads\\\/2026\\\/02\\\/pol_pm_Smart-Forfour-454-04-06-silniczek-wycieraczki-tylnej-22889_1.jpg\",\"contentUrl\":\"https:\\\/\\\/erformance.eu\\\/wp-content\\\/uploads\\\/2026\\\/02\\\/pol_pm_Smart-Forfour-454-04-06-silniczek-wycieraczki-tylnej-22889_1.jpg\",\"width\":1200,\"height\":900},{\"@type\":\"BreadcrumbList\",\"@id\":\"https:\\\/\\\/erformance.eu\\\/lv\\\/produkts\\\/smart-forfour-454-04-06-galinio-valytuvo-variklis\\\/#breadcrumb\",\"itemListElement\":[{\"@type\":\"ListItem\",\"position\":1,\"name\":\"Home\",\"item\":\"https:\\\/\\\/erformance.eu\\\/lv\\\/\"},{\"@type\":\"ListItem\",\"position\":2,\"name\":\"Veikals\",\"item\":\"https:\\\/\\\/erformance.eu\\\/lv\\\/veikals\\\/\"},{\"@type\":\"ListItem\",\"position\":3,\"name\":\"\u201eSmart Forfour\u201c (454) 04\u201306 galinio valytuvo variklis\"}]},{\"@type\":\"WebSite\",\"@id\":\"https:\\\/\\\/erformance.eu\\\/lv\\\/#website\",\"url\":\"https:\\\/\\\/erformance.eu\\\/lv\\\/\",\"name\":\"Erformance.eu\",\"description\":\"Automobili\u0173 dali\u0173 parduotuv\u0117\",\"potentialAction\":[{\"@type\":\"SearchAction\",\"target\":{\"@type\":\"EntryPoint\",\"urlTemplate\":\"https:\\\/\\\/erformance.eu\\\/lv\\\/?s={search_term_string}\"},\"query-input\":{\"@type\":\"PropertyValueSpecification\",\"valueRequired\":true,\"valueName\":\"search_term_string\"}}],\"inLanguage\":\"lv-LV\"}]}<\/script>\n<!-- \/ Yoast SEO Premium plugin. -->","yoast_head_json":{"title":"\u201eSmart Forfour\u201c (454) 04\u201306 galinio valytuvo variklis - Erformance.eu","robots":{"index":"index","follow":"follow","max-snippet":"max-snippet:-1","max-image-preview":"max-image-preview:large","max-video-preview":"max-video-preview:-1"},"canonical":"https:\/\/erformance.eu\/lv\/produkts\/smart-forfour-454-04-06-galinio-valytuvo-variklis\/","og_locale":"lv_LV","og_type":"article","og_title":"\u201eSmart Forfour\u201c (454) 04\u201306 galinio valytuvo variklis","og_description":"1. Prek\u0117: Galinio valytuvo variklis2. Gamintojas: pakeitimas3. Automobilis: \u201eSmart Forfour\u201c (454)4. Pagaminimo metai: 2004\u20132006","og_url":"https:\/\/erformance.eu\/lv\/produkts\/smart-forfour-454-04-06-galinio-valytuvo-variklis\/","og_site_name":"Erformance.eu","twitter_card":"summary_large_image","twitter_misc":{"Est. reading time":"1 min\u016b\u0161u"},"schema":{"@context":"https:\/\/schema.org","@graph":[{"@type":"WebPage","@id":"https:\/\/erformance.eu\/lv\/produkts\/smart-forfour-454-04-06-galinio-valytuvo-variklis\/","url":"https:\/\/erformance.eu\/lv\/produkts\/smart-forfour-454-04-06-galinio-valytuvo-variklis\/","name":"\u201eSmart Forfour\u201c (454) 04\u201306 galinio valytuvo variklis - Erformance.eu","isPartOf":{"@id":"https:\/\/erformance.eu\/lv\/#website"},"primaryImageOfPage":{"@id":"https:\/\/erformance.eu\/lv\/produkts\/smart-forfour-454-04-06-galinio-valytuvo-variklis\/#primaryimage"},"image":{"@id":"https:\/\/erformance.eu\/lv\/produkts\/smart-forfour-454-04-06-galinio-valytuvo-variklis\/#primaryimage"},"thumbnailUrl":"https:\/\/erformance.eu\/wp-content\/uploads\/2026\/02\/pol_pm_Smart-Forfour-454-04-06-silniczek-wycieraczki-tylnej-22889_1.jpg","datePublished":"2026-02-16T11:19:05+00:00","breadcrumb":{"@id":"https:\/\/erformance.eu\/lv\/produkts\/smart-forfour-454-04-06-galinio-valytuvo-variklis\/#breadcrumb"},"inLanguage":"lv-LV","potentialAction":[{"@type":"ReadAction","target":["https:\/\/erformance.eu\/lv\/produkts\/smart-forfour-454-04-06-galinio-valytuvo-variklis\/"]}]},{"@type":"ImageObject","inLanguage":"lv-LV","@id":"https:\/\/erformance.eu\/lv\/produkts\/smart-forfour-454-04-06-galinio-valytuvo-variklis\/#primaryimage","url":"https:\/\/erformance.eu\/wp-content\/uploads\/2026\/02\/pol_pm_Smart-Forfour-454-04-06-silniczek-wycieraczki-tylnej-22889_1.jpg","contentUrl":"https:\/\/erformance.eu\/wp-content\/uploads\/2026\/02\/pol_pm_Smart-Forfour-454-04-06-silniczek-wycieraczki-tylnej-22889_1.jpg","width":1200,"height":900},{"@type":"BreadcrumbList","@id":"https:\/\/erformance.eu\/lv\/produkts\/smart-forfour-454-04-06-galinio-valytuvo-variklis\/#breadcrumb","itemListElement":[{"@type":"ListItem","position":1,"name":"Home","item":"https:\/\/erformance.eu\/lv\/"},{"@type":"ListItem","position":2,"name":"Veikals","item":"https:\/\/erformance.eu\/lv\/veikals\/"},{"@type":"ListItem","position":3,"name":"\u201eSmart Forfour\u201c (454) 04\u201306 galinio valytuvo variklis"}]},{"@type":"WebSite","@id":"https:\/\/erformance.eu\/lv\/#website","url":"https:\/\/erformance.eu\/lv\/","name":"Erformance.eu","description":"Automobili\u0173 dali\u0173 parduotuv\u0117","potentialAction":[{"@type":"SearchAction","target":{"@type":"EntryPoint","urlTemplate":"https:\/\/erformance.eu\/lv\/?s={search_term_string}"},"query-input":{"@type":"PropertyValueSpecification","valueRequired":true,"valueName":"search_term_string"}}],"inLanguage":"lv-LV"}]}},"jetpack_sharing_enabled":true,"_links":{"self":[{"href":"https:\/\/erformance.eu\/lv\/wp-json\/wp\/v2\/product\/56536","targetHints":{"allow":["GET"]}}],"collection":[{"href":"https:\/\/erformance.eu\/lv\/wp-json\/wp\/v2\/product"}],"about":[{"href":"https:\/\/erformance.eu\/lv\/wp-json\/wp\/v2\/types\/product"}],"replies":[{"embeddable":true,"href":"https:\/\/erformance.eu\/lv\/wp-json\/wp\/v2\/comments?post=56536"}],"version-history":[{"count":1,"href":"https:\/\/erformance.eu\/lv\/wp-json\/wp\/v2\/product\/56536\/revisions"}],"predecessor-version":[{"id":56537,"href":"https:\/\/erformance.eu\/lv\/wp-json\/wp\/v2\/product\/56536\/revisions\/56537"}],"wp:featuredmedia":[{"embeddable":true,"href":"https:\/\/erformance.eu\/lv\/wp-json\/wp\/v2\/media\/50579"}],"wp:attachment":[{"href":"https:\/\/erformance.eu\/lv\/wp-json\/wp\/v2\/media?parent=56536"}],"wp:term":[{"taxonomy":"product_brand","embeddable":true,"href":"https:\/\/erformance.eu\/lv\/wp-json\/wp\/v2\/product_brand?post=56536"},{"taxonomy":"product_cat","embeddable":true,"href":"https:\/\/erformance.eu\/lv\/wp-json\/wp\/v2\/product_cat?post=56536"},{"taxonomy":"product_tag","embeddable":true,"href":"https:\/\/erformance.eu\/lv\/wp-json\/wp\/v2\/product_tag?post=56536"}],"curies":[{"name":"wp","href":"https:\/\/api.w.org\/{rel}","templated":true}]}}