{"id":56540,"date":"2026-02-16T14:19:07","date_gmt":"2026-02-16T11:19:07","guid":{"rendered":"https:\/\/erformance.eu\/?post_type=product&#038;p=56540"},"modified":"2026-04-08T01:00:33","modified_gmt":"2026-04-07T22:00:33","slug":"audi-a1-10-18-a3-96-13-tt-98-14-pavaru-perjungimo-troso-jungtis","status":"publish","type":"product","link":"https:\/\/erformance.eu\/lv\/produkts\/audi-a1-10-18-a3-96-13-tt-98-14-pavaru-perjungimo-troso-jungtis\/","title":{"rendered":"Audi A1 10-18 A3 96-13 TT 98-14 pavar\u0173 perjungimo troso jungtis"},"content":{"rendered":"<p>Prek\u0117: Pavar\u0173 perjungimo troso jungtis<br \/>\nOriginalus numeris:<\/p>\n<p>1J0711761C<\/p>\n<p>PASTABA: auk\u0161\u010diau pateikti numeriai yra original\u016bs dali\u0173 numeriai, kuriuos \u0161is pasi\u016blymas pakei\u010dia. Prie\u0161 pirkdami, palyginkite juos su originaliu dalies numeriu. Jei jie skiriasi net vienu simboliu, dalis netiks, neveiks arba veiks netinkamai. Tokiu atveju jos nepirkite.<br \/>\nAutomobilis:<\/p>\n<p>\u201eAudi A1\u201c (8X1, 8XK) gamybos metai: 2010\u20132018<br \/>\n\u201eAudi A1 Sportback\u201c (8XA, 8XF) gamybos metai: 2011\u20132018<br \/>\nAudi A3 (8L1) gamybos metai: 1996\u20132003<br \/>\nAudi A3 (8P1) gamybos metai: 2003\u20132012<br \/>\n\u201eAudi A3 Sportback\u201c (8PA) gamybos metai: 2004\u20132013<br \/>\nAudi TT (8J3) gamybos metai: 2006\u20132014<br \/>\nAudi TT (8N3) gamybos metai: 1998\u20132006<br \/>\nAudi TT Roadster (8J9) gamybos metai: 2007\u20132010<br \/>\nAudi TT Roadster (8N9) gamybos metai: 1999\u20132006<br \/>\nSeat ALHAMBRA (7V8, 7V9) gamybos metai: 1997\u20132010<br \/>\n\u201eSeat ALTEA\u201c (5P1) , modeliai, pagaminti nuo: 2005 m.<br \/>\n\u201eSeat ALTEA XL\u201c (5P5, 5P8) , modeliai, pagaminti nuo: 2006 m.<br \/>\nSeat AROSA (6H1) gamybos metai: 1997\u20132004<br \/>\n\u201eSeat CORDOBA\u201c (6L2) gamybos metai: 2002\u20132009<br \/>\nSeat IBIZA III (6L1) gamybos metai: 2002\u20132009<br \/>\nSeat IBIZA IV (6J5, 6P1) gamybos metai: 2008\u20132015<br \/>\nSeat IBIZA IV SC (6J1, 6P5) gamybos metai: 2008-2016<br \/>\nSeat IBIZA IV ST (6J8, 6P8) gamybos metai: 2010-2015<br \/>\n\u201eSeat LEON\u201c (1M1) gamybos metai: 1999\u20132006<br \/>\nSeat LEON (1P1) gamybos metai: 2005\u20132012<br \/>\nSeat TOLEDO II (1M2) gamybos metai: 1998\u20132006<br \/>\nSeat TOLEDO III (5P2) gamybos metai: 2004-2009<br \/>\nSeat TOLEDO IV (KG3) gamybos metai: 2012-2019<br \/>\n\u0160koda FABIA I (6Y2) gamybos metai: 1999\u20132008<br \/>\n\u201eSkoda FABIA I Combi\u201c (6Y5) gamybos metai: 2001\u20132007<br \/>\nSkoda FABIA I Praktik (6Y5) gamybos metai: 2001-2003<br \/>\n\u201eSkoda FABIA I\u201c sedano (6Y3) gamybos metai: 1999\u20132007<br \/>\n\u0160koda OCTAVIA I (1U2) gamybos metai: 1999\u20132010<br \/>\n\u0160koda OCTAVIA II (1Z3) gamybos metai: 2004\u20132013<br \/>\n\u201eSkoda OCTAVIA II Combi\u201c (1Z5) gamybos metai: 2004\u20132013<br \/>\n\u201eSkoda SUPERB II\u201c (3T4) gamybos metai: 2008\u20132015<br \/>\n\u201eSkoda SUPERB II\u201c universalas (3T5) pagaminimo metai: 2009\u20132015<br \/>\nSkoda YETI (5L) gamybos metai: 2009-2017<br \/>\nVolkswagen BEETLE (5C1, 5C2) gamybos metai: 2011\u20132019<br \/>\nVolkswagen BEETLE kabrioletas (5C7, 5C8) pagaminimo metai: 2011\u20132016<br \/>\nVolkswagen BORA I (1J2) gamybos metai: 1998\u20132005<br \/>\nVolkswagen BORA Variant (1J6) gamybos metai: 1999\u20132005<br \/>\nVolkswagen CADDY II vienat\u016bris (9K9B) gamybos metai: 1995\u20132004<br \/>\nVolkswagen CADDY III furgono\/vienbu\u010dio (2KA, 2KH, 2CA, 2CH) gamybos metai: 2004-2015<br \/>\nVolkswagen CADDY III universalas (2KB, 2KJ, 2CB, 2CJ) 1.2 TSI gamybos metai: 2010-2015<br \/>\nVolkswagen CADDY III universalas (2KB, 2KJ, 2CB, 2CJ) 1.4 gamybos metai: 2004-2010<br \/>\nVolkswagen CADDY III universalas (2KB, 2KJ, 2CB, 2CJ) 1.6 gamybos metai: 2004\u20132015<br \/>\nVolkswagen CADDY III universalas (2KB, 2KJ, 2CB, 2CJ) 1.6 BiFuel gamybos metai: 2011-2015<br \/>\nVolkswagen CADDY III universalas (2KB, 2KJ, 2CB, 2CJ) 1.6 TDI gamybos metai: 2010-2015<br \/>\nVolkswagen CADDY III universalas (2KB, 2KJ, 2CB, 2CJ) 1.9 TDI gamybos metai: 2005-2010<br \/>\nVolkswagen CADDY III kombi (2KB, 2KJ, 2CB, 2CJ) 1.9 TDI 4m rok produkcji: 2008-2010<br \/>\nVolkswagen CADDY III kombi (2KB, 2KJ, 2CB, 2CJ) 2.0 EcoFuel rok produkcji: 2006-2015<br \/>\nVolkswagen CADDY III kombi (2KB, 2KJ, 2CB, 2CJ) 2.0 SDI rok produkcji: 2004-2010<br \/>\nVolkswagen CADDY III kombi (2KB, 2KJ, 2CB, 2CJ) 2.0 TDI rok produkcji: 2007-2015<br \/>\nVolkswagen CADDY III kombi (2KB, 2KJ, 2CB, 2CJ) 2.0 TDI 16V rok produkcji: 2010-2015<br \/>\nVolkswagen CADDY III kombi (2KB, 2KJ, 2CB, 2CJ) 2.0 TDI 4m rok produkcji: 2010-2015<br \/>\nVolkswagen CC B7 (358) rok produkcji: 2011-2016<br \/>\nVolkswagen EOS (1F7, 1F8) rok produkcji: 2006-2015<br \/>\nVolkswagen GOLF IV (1J1) rok produkcji: 1998-2005<br \/>\nVolkswagen GOLF IV Variant (1J5) rok produkcji: 1999-2006<br \/>\nVolkswagen GOLF PLUS V (5M1, 521) rok produkcji: 2005-2013<br \/>\nVolkswagen GOLF V (1K1) rok produkcji: 2003-2009<br \/>\nVolkswagen GOLF V Variant (1K5) rok produkcji: 2007-2009<br \/>\nVolkswagen GOLF VI (5K1) rok produkcji: 2008-2012<br \/>\nVolkswagen GOLF VI Variant (AJ5) rok produkcji: 2009-2013<br \/>\nVolkswagen JETTA III (1K2) rok produkcji: 2004-2010<br \/>\nVolkswagen NEW BEETLE (9C1, 1C1) rok produkcji: 1999-2010<br \/>\nVolkswagen PASSAT B6 (3C2) rok produkcji: 2005-2010<br \/>\nVolkswagen PASSAT B6 Variant (3C5) rok produkcji: 2005-2010<br \/>\nVolkswagen PASSAT B7 (362) rok produkcji: 2010-2014<br \/>\nVolkswagen PASSAT B7 Variant (365) rok produkcji: 2010-2015<br \/>\nVolkswagen PASSAT CC B6 (357) rok produkcji: 2008-2012<br \/>\nVolkswagen POLO (9N_) rok produkcji: 2001-2009<br \/>\nVolkswagen POLO IV sedan (9N4) rok produkcji: 2003-2010<br \/>\nVolkswagen POLO V (6R1, 6C1) rok produkcji: 2009-2014<br \/>\nVolkswagen SCIROCCO III (137, 138) rok produkcji: 2008-2017<br \/>\nVolkswagen SHARAN (7M8, 7M9, 7M6) rok produkcji: 1995-2010<br \/>\nVolkswagen TIGUAN (5N_) rok produkcji: 2007-2018<br \/>\nVolkswagen TOURAN (1T1, 1T2) rok produkcji: 2003-2010<br \/>\nVolkswagen TOURAN (1T3) rok produkcji: 2010-2015<br \/>\nVolkswagen VW CADDY III kombi (2KB, 2KJ, 2CB, 2CJ) 1.9 TDI rok produkcji: 2004-2010<\/p>\n<p>\u015arednica otworu monta\u017cowego: 8mm<br \/>\nProducent: zamiennik<br \/>\nStan techniczny: przedmiot jest fabrycznie NOWY, nieu\u017cywany, nieuszkodzony i niezniszczony<br \/>\nUwaga! dla aut z manualn\u0105 skrzyni\u0105 bieg\u00f3w<\/p>\n","protected":false},"excerpt":{"rendered":"<p>1. Prek\u0117: Pavar\u0173 perjungimo troso jungtis2. Gamintojas: pakeitimas3. Automobilis:Audi A1 10-18Audi A3 96-13Audi TT 98-14<\/p>\n","protected":false},"featured_media":50603,"comment_status":"open","ping_status":"closed","template":"","meta":[],"product_brand":[],"product_cat":[3933,3905,3934,3906,3902,392,186,144,4779,4806,4807,4775,4778,4662,4689,4690,4658,4661,4012,4013,3981,3984,3985,401],"product_tag":[],"class_list":{"0":"post-56540","1":"product","2":"type-product","3":"status-publish","4":"has-post-thumbnail","6":"product_cat-audi-tt-8j","7":"product_cat-audi-a3-8l","8":"product_cat-audi-tt-8n","9":"product_cat-audi-a3-8p","10":"product_cat-audi-a1-8x","11":"product_cat-audi-a1","12":"product_cat-a3","13":"product_cat-audi","14":"product_cat-audi-a3-8p-salono-kitos-dalys","15":"product_cat-audi-tt-8j-salono-kitos-dalys","16":"product_cat-audi-tt-8n-salono-kitos-dalys","17":"product_cat-audi-a1-8x-salono-kitos-dalys","18":"product_cat-audi-a3-8l-salono-kitos-dalys","19":"product_cat-audi-a3-8p-mygtukai-mechanizmai","20":"product_cat-audi-tt-8j-mygtukai-mechanizmai","21":"product_cat-audi-tt-8n-mygtukai-mechanizmai","22":"product_cat-audi-a1-8x-mygtukai-mechanizmai","23":"product_cat-audi-a3-8l-mygtukai-mechanizmai","24":"product_cat-audi-tt-8j-salono-dalys","25":"product_cat-audi-tt-8n-salono-dalys","26":"product_cat-audi-a1-8x-salono-dalys","27":"product_cat-audi-a3-8l-salono-dalys","28":"product_cat-audi-a3-8p-salono-dalys","29":"product_cat-audi-tt","31":"first","32":"instock","33":"shipping-taxable","34":"purchasable","35":"product-type-simple"},"yoast_head":"<!-- This site is optimized with the Yoast SEO Premium plugin v25.2 (Yoast SEO v27.4) - https:\/\/yoast.com\/product\/yoast-seo-premium-wordpress\/ -->\n<title>Audi A1 10-18 A3 96-13 TT 98-14 pavar\u0173 perjungimo troso jungtis - Erformance.eu<\/title>\n<meta name=\"robots\" content=\"index, follow, max-snippet:-1, max-image-preview:large, max-video-preview:-1\" \/>\n<link rel=\"canonical\" href=\"https:\/\/erformance.eu\/lv\/produkts\/audi-a1-10-18-a3-96-13-tt-98-14-pavaru-perjungimo-troso-jungtis\/\" \/>\n<meta property=\"og:locale\" content=\"lv_LV\" \/>\n<meta property=\"og:type\" content=\"article\" \/>\n<meta property=\"og:title\" content=\"Audi A1 10-18 A3 96-13 TT 98-14 pavar\u0173 perjungimo troso jungtis\" \/>\n<meta property=\"og:description\" content=\"1. Prek\u0117: Pavar\u0173 perjungimo troso jungtis2. Gamintojas: pakeitimas3. Automobilis:Audi A1 10-18Audi A3 96-13Audi TT 98-14\" \/>\n<meta property=\"og:url\" content=\"https:\/\/erformance.eu\/lv\/produkts\/audi-a1-10-18-a3-96-13-tt-98-14-pavaru-perjungimo-troso-jungtis\/\" \/>\n<meta property=\"og:site_name\" content=\"Erformance.eu\" \/>\n<meta property=\"article:modified_time\" content=\"2026-04-07T22:00:33+00:00\" \/>\n<meta property=\"og:image\" content=\"https:\/\/erformance.eu\/wp-content\/uploads\/2026\/02\/pol_pm_Audi-A1-10-18-A3-96-13-TT-98-14-lacznik-linki-zmiany-biegow-36547_1.jpg\" \/>\n\t<meta property=\"og:image:width\" content=\"1200\" \/>\n\t<meta property=\"og:image:height\" content=\"1200\" \/>\n\t<meta property=\"og:image:type\" content=\"image\/jpeg\" \/>\n<meta name=\"twitter:card\" content=\"summary_large_image\" \/>\n<meta name=\"twitter:label1\" content=\"Est. reading time\" \/>\n\t<meta name=\"twitter:data1\" content=\"5 min\u016btes\" \/>\n<script type=\"application\/ld+json\" class=\"yoast-schema-graph\">{\"@context\":\"https:\\\/\\\/schema.org\",\"@graph\":[{\"@type\":\"WebPage\",\"@id\":\"https:\\\/\\\/erformance.eu\\\/lv\\\/produkts\\\/audi-a1-10-18-a3-96-13-tt-98-14-pavaru-perjungimo-troso-jungtis\\\/\",\"url\":\"https:\\\/\\\/erformance.eu\\\/lv\\\/produkts\\\/audi-a1-10-18-a3-96-13-tt-98-14-pavaru-perjungimo-troso-jungtis\\\/\",\"name\":\"Audi A1 10-18 A3 96-13 TT 98-14 pavar\u0173 perjungimo troso jungtis - Erformance.eu\",\"isPartOf\":{\"@id\":\"https:\\\/\\\/erformance.eu\\\/lv\\\/#website\"},\"primaryImageOfPage\":{\"@id\":\"https:\\\/\\\/erformance.eu\\\/lv\\\/produkts\\\/audi-a1-10-18-a3-96-13-tt-98-14-pavaru-perjungimo-troso-jungtis\\\/#primaryimage\"},\"image\":{\"@id\":\"https:\\\/\\\/erformance.eu\\\/lv\\\/produkts\\\/audi-a1-10-18-a3-96-13-tt-98-14-pavaru-perjungimo-troso-jungtis\\\/#primaryimage\"},\"thumbnailUrl\":\"https:\\\/\\\/erformance.eu\\\/wp-content\\\/uploads\\\/2026\\\/02\\\/pol_pm_Audi-A1-10-18-A3-96-13-TT-98-14-lacznik-linki-zmiany-biegow-36547_1.jpg\",\"datePublished\":\"2026-02-16T11:19:07+00:00\",\"dateModified\":\"2026-04-07T22:00:33+00:00\",\"breadcrumb\":{\"@id\":\"https:\\\/\\\/erformance.eu\\\/lv\\\/produkts\\\/audi-a1-10-18-a3-96-13-tt-98-14-pavaru-perjungimo-troso-jungtis\\\/#breadcrumb\"},\"inLanguage\":\"lv-LV\",\"potentialAction\":[{\"@type\":\"ReadAction\",\"target\":[\"https:\\\/\\\/erformance.eu\\\/lv\\\/produkts\\\/audi-a1-10-18-a3-96-13-tt-98-14-pavaru-perjungimo-troso-jungtis\\\/\"]}]},{\"@type\":\"ImageObject\",\"inLanguage\":\"lv-LV\",\"@id\":\"https:\\\/\\\/erformance.eu\\\/lv\\\/produkts\\\/audi-a1-10-18-a3-96-13-tt-98-14-pavaru-perjungimo-troso-jungtis\\\/#primaryimage\",\"url\":\"https:\\\/\\\/erformance.eu\\\/wp-content\\\/uploads\\\/2026\\\/02\\\/pol_pm_Audi-A1-10-18-A3-96-13-TT-98-14-lacznik-linki-zmiany-biegow-36547_1.jpg\",\"contentUrl\":\"https:\\\/\\\/erformance.eu\\\/wp-content\\\/uploads\\\/2026\\\/02\\\/pol_pm_Audi-A1-10-18-A3-96-13-TT-98-14-lacznik-linki-zmiany-biegow-36547_1.jpg\",\"width\":1200,\"height\":1200},{\"@type\":\"BreadcrumbList\",\"@id\":\"https:\\\/\\\/erformance.eu\\\/lv\\\/produkts\\\/audi-a1-10-18-a3-96-13-tt-98-14-pavaru-perjungimo-troso-jungtis\\\/#breadcrumb\",\"itemListElement\":[{\"@type\":\"ListItem\",\"position\":1,\"name\":\"Home\",\"item\":\"https:\\\/\\\/erformance.eu\\\/lv\\\/\"},{\"@type\":\"ListItem\",\"position\":2,\"name\":\"Veikals\",\"item\":\"https:\\\/\\\/erformance.eu\\\/lv\\\/veikals\\\/\"},{\"@type\":\"ListItem\",\"position\":3,\"name\":\"Audi A1 10-18 A3 96-13 TT 98-14 pavar\u0173 perjungimo troso jungtis\"}]},{\"@type\":\"WebSite\",\"@id\":\"https:\\\/\\\/erformance.eu\\\/lv\\\/#website\",\"url\":\"https:\\\/\\\/erformance.eu\\\/lv\\\/\",\"name\":\"Erformance.eu\",\"description\":\"Automobili\u0173 dali\u0173 parduotuv\u0117\",\"potentialAction\":[{\"@type\":\"SearchAction\",\"target\":{\"@type\":\"EntryPoint\",\"urlTemplate\":\"https:\\\/\\\/erformance.eu\\\/lv\\\/?s={search_term_string}\"},\"query-input\":{\"@type\":\"PropertyValueSpecification\",\"valueRequired\":true,\"valueName\":\"search_term_string\"}}],\"inLanguage\":\"lv-LV\"}]}<\/script>\n<!-- \/ Yoast SEO Premium plugin. -->","yoast_head_json":{"title":"Audi A1 10-18 A3 96-13 TT 98-14 pavar\u0173 perjungimo troso jungtis - Erformance.eu","robots":{"index":"index","follow":"follow","max-snippet":"max-snippet:-1","max-image-preview":"max-image-preview:large","max-video-preview":"max-video-preview:-1"},"canonical":"https:\/\/erformance.eu\/lv\/produkts\/audi-a1-10-18-a3-96-13-tt-98-14-pavaru-perjungimo-troso-jungtis\/","og_locale":"lv_LV","og_type":"article","og_title":"Audi A1 10-18 A3 96-13 TT 98-14 pavar\u0173 perjungimo troso jungtis","og_description":"1. Prek\u0117: Pavar\u0173 perjungimo troso jungtis2. Gamintojas: pakeitimas3. Automobilis:Audi A1 10-18Audi A3 96-13Audi TT 98-14","og_url":"https:\/\/erformance.eu\/lv\/produkts\/audi-a1-10-18-a3-96-13-tt-98-14-pavaru-perjungimo-troso-jungtis\/","og_site_name":"Erformance.eu","article_modified_time":"2026-04-07T22:00:33+00:00","og_image":[{"width":1200,"height":1200,"url":"https:\/\/erformance.eu\/wp-content\/uploads\/2026\/02\/pol_pm_Audi-A1-10-18-A3-96-13-TT-98-14-lacznik-linki-zmiany-biegow-36547_1.jpg","type":"image\/jpeg"}],"twitter_card":"summary_large_image","twitter_misc":{"Est. reading time":"5 min\u016btes"},"schema":{"@context":"https:\/\/schema.org","@graph":[{"@type":"WebPage","@id":"https:\/\/erformance.eu\/lv\/produkts\/audi-a1-10-18-a3-96-13-tt-98-14-pavaru-perjungimo-troso-jungtis\/","url":"https:\/\/erformance.eu\/lv\/produkts\/audi-a1-10-18-a3-96-13-tt-98-14-pavaru-perjungimo-troso-jungtis\/","name":"Audi A1 10-18 A3 96-13 TT 98-14 pavar\u0173 perjungimo troso jungtis - Erformance.eu","isPartOf":{"@id":"https:\/\/erformance.eu\/lv\/#website"},"primaryImageOfPage":{"@id":"https:\/\/erformance.eu\/lv\/produkts\/audi-a1-10-18-a3-96-13-tt-98-14-pavaru-perjungimo-troso-jungtis\/#primaryimage"},"image":{"@id":"https:\/\/erformance.eu\/lv\/produkts\/audi-a1-10-18-a3-96-13-tt-98-14-pavaru-perjungimo-troso-jungtis\/#primaryimage"},"thumbnailUrl":"https:\/\/erformance.eu\/wp-content\/uploads\/2026\/02\/pol_pm_Audi-A1-10-18-A3-96-13-TT-98-14-lacznik-linki-zmiany-biegow-36547_1.jpg","datePublished":"2026-02-16T11:19:07+00:00","dateModified":"2026-04-07T22:00:33+00:00","breadcrumb":{"@id":"https:\/\/erformance.eu\/lv\/produkts\/audi-a1-10-18-a3-96-13-tt-98-14-pavaru-perjungimo-troso-jungtis\/#breadcrumb"},"inLanguage":"lv-LV","potentialAction":[{"@type":"ReadAction","target":["https:\/\/erformance.eu\/lv\/produkts\/audi-a1-10-18-a3-96-13-tt-98-14-pavaru-perjungimo-troso-jungtis\/"]}]},{"@type":"ImageObject","inLanguage":"lv-LV","@id":"https:\/\/erformance.eu\/lv\/produkts\/audi-a1-10-18-a3-96-13-tt-98-14-pavaru-perjungimo-troso-jungtis\/#primaryimage","url":"https:\/\/erformance.eu\/wp-content\/uploads\/2026\/02\/pol_pm_Audi-A1-10-18-A3-96-13-TT-98-14-lacznik-linki-zmiany-biegow-36547_1.jpg","contentUrl":"https:\/\/erformance.eu\/wp-content\/uploads\/2026\/02\/pol_pm_Audi-A1-10-18-A3-96-13-TT-98-14-lacznik-linki-zmiany-biegow-36547_1.jpg","width":1200,"height":1200},{"@type":"BreadcrumbList","@id":"https:\/\/erformance.eu\/lv\/produkts\/audi-a1-10-18-a3-96-13-tt-98-14-pavaru-perjungimo-troso-jungtis\/#breadcrumb","itemListElement":[{"@type":"ListItem","position":1,"name":"Home","item":"https:\/\/erformance.eu\/lv\/"},{"@type":"ListItem","position":2,"name":"Veikals","item":"https:\/\/erformance.eu\/lv\/veikals\/"},{"@type":"ListItem","position":3,"name":"Audi A1 10-18 A3 96-13 TT 98-14 pavar\u0173 perjungimo troso jungtis"}]},{"@type":"WebSite","@id":"https:\/\/erformance.eu\/lv\/#website","url":"https:\/\/erformance.eu\/lv\/","name":"Erformance.eu","description":"Automobili\u0173 dali\u0173 parduotuv\u0117","potentialAction":[{"@type":"SearchAction","target":{"@type":"EntryPoint","urlTemplate":"https:\/\/erformance.eu\/lv\/?s={search_term_string}"},"query-input":{"@type":"PropertyValueSpecification","valueRequired":true,"valueName":"search_term_string"}}],"inLanguage":"lv-LV"}]}},"jetpack_sharing_enabled":true,"_links":{"self":[{"href":"https:\/\/erformance.eu\/lv\/wp-json\/wp\/v2\/product\/56540","targetHints":{"allow":["GET"]}}],"collection":[{"href":"https:\/\/erformance.eu\/lv\/wp-json\/wp\/v2\/product"}],"about":[{"href":"https:\/\/erformance.eu\/lv\/wp-json\/wp\/v2\/types\/product"}],"replies":[{"embeddable":true,"href":"https:\/\/erformance.eu\/lv\/wp-json\/wp\/v2\/comments?post=56540"}],"version-history":[{"count":2,"href":"https:\/\/erformance.eu\/lv\/wp-json\/wp\/v2\/product\/56540\/revisions"}],"predecessor-version":[{"id":66484,"href":"https:\/\/erformance.eu\/lv\/wp-json\/wp\/v2\/product\/56540\/revisions\/66484"}],"wp:featuredmedia":[{"embeddable":true,"href":"https:\/\/erformance.eu\/lv\/wp-json\/wp\/v2\/media\/50603"}],"wp:attachment":[{"href":"https:\/\/erformance.eu\/lv\/wp-json\/wp\/v2\/media?parent=56540"}],"wp:term":[{"taxonomy":"product_brand","embeddable":true,"href":"https:\/\/erformance.eu\/lv\/wp-json\/wp\/v2\/product_brand?post=56540"},{"taxonomy":"product_cat","embeddable":true,"href":"https:\/\/erformance.eu\/lv\/wp-json\/wp\/v2\/product_cat?post=56540"},{"taxonomy":"product_tag","embeddable":true,"href":"https:\/\/erformance.eu\/lv\/wp-json\/wp\/v2\/product_tag?post=56540"}],"curies":[{"name":"wp","href":"https:\/\/api.w.org\/{rel}","templated":true}]}}