{"id":56552,"date":"2026-02-16T14:19:14","date_gmt":"2026-02-16T11:19:14","guid":{"rendered":"https:\/\/erformance.eu\/?post_type=product&#038;p=56552"},"modified":"2026-03-26T01:44:38","modified_gmt":"2026-03-25T22:44:38","slug":"audi-q5-2008-5-begiu-svirtis","status":"publish","type":"product","link":"https:\/\/erformance.eu\/lv\/produkts\/audi-q5-2008-5-begiu-svirtis\/","title":{"rendered":"Audi Q5 2008- 5 b\u0117gi\u0173 svirtis"},"content":{"rendered":"<p>Przedmiot: ga\u0142ka zmiany bieg\u00f3w<br \/>\nSamoch\u00f3d:<\/p>\n<p>Audi A3 8L, rok produkcji: 1996-2003<br \/>\nAudi A3 8P, rok produkcji: 2003-2012<br \/>\nAudi A4 B6, rok produkcji: 2000-2004<br \/>\nAudi A4 B7, rok produkcji: 2004-2007<br \/>\nAudi A4 B8, modele produkowane od roku 2008<br \/>\nAudi A5, modele produkowane od roku 2007<br \/>\nAudi A6 C6, rok produkcji: 2004-2008<br \/>\nAudi Q5, modele produkowane od roku 2008<\/p>\n<p>Kolor: czarna ga\u0142ka z dodatkami w kolorze satyna (matowy chrom). Nak\u0142adka w kolorze czarnym b\u0142yszcz\u0105cym i bia\u0142ym schematem 5+R<br \/>\nProducent: zamiennik<br \/>\nTechnin\u0117 b\u016bkl\u0117: prek\u0117 yra visi\u0161kai nauja, nenaudota, nepa\u017eeista ir nesugadinta<br \/>\nPastaba: ranken\u0117l\u0117s tvirtinimo angos skersmuo yra 12 mm.<\/p>\n","protected":false},"excerpt":{"rendered":"<p>1. Przedmiot: ga\u0142ka zmiany bieg\u00f3w2. Producent: zamiennik3. Samoch\u00f3d:    * Audi A3 8L 96-03    * Audi A3 8P 03-12    * Audi A4 B6 00-04    * Audi A4 B7 04-07    * Audi A4 B8 2008-    * Audi A5 2007-    * Audi A6 C6 04-08    * Audi Q5 2008-<\/p>\n","protected":false},"featured_media":50659,"comment_status":"open","ping_status":"closed","template":"","meta":[],"product_brand":[],"product_cat":[3928,144,4606,399,4007],"product_tag":[],"class_list":{"0":"post-56552","1":"product","2":"type-product","3":"status-publish","4":"has-post-thumbnail","6":"product_cat-audi-q5-8r","7":"product_cat-audi","8":"product_cat-audi-q5-8r-pavaru-svirtys","9":"product_cat-audi-q5","10":"product_cat-audi-q5-8r-salono-dalys","12":"first","13":"instock","14":"shipping-taxable","15":"purchasable","16":"product-type-simple"},"yoast_head":"<!-- This site is optimized with the Yoast SEO Premium plugin v25.2 (Yoast SEO v27.3) - https:\/\/yoast.com\/product\/yoast-seo-premium-wordpress\/ -->\n<title>Audi Q5 2008- 5 b\u0117gi\u0173 svirtis - Erformance.eu<\/title>\n<meta name=\"robots\" content=\"index, follow, max-snippet:-1, max-image-preview:large, max-video-preview:-1\" \/>\n<link rel=\"canonical\" href=\"https:\/\/erformance.eu\/lv\/produkts\/audi-q5-2008-5-begiu-svirtis\/\" \/>\n<meta property=\"og:locale\" content=\"lv_LV\" \/>\n<meta property=\"og:type\" content=\"article\" \/>\n<meta property=\"og:title\" content=\"Audi Q5 2008- 5 b\u0117gi\u0173 svirtis\" \/>\n<meta property=\"og:description\" content=\"1. Przedmiot: ga\u0142ka zmiany bieg\u00f3w2. Producent: zamiennik3. Samoch\u00f3d:  * Audi A3 8L 96-03  * Audi A3 8P 03-12  * Audi A4 B6 00-04  * Audi A4 B7 04-07  * Audi A4 B8 2008-  * Audi A5 2007-  * Audi A6 C6 04-08  * Audi Q5 2008-\" \/>\n<meta property=\"og:url\" content=\"https:\/\/erformance.eu\/lv\/produkts\/audi-q5-2008-5-begiu-svirtis\/\" \/>\n<meta property=\"og:site_name\" content=\"Erformance.eu\" \/>\n<meta property=\"article:modified_time\" content=\"2026-03-25T22:44:38+00:00\" \/>\n<meta property=\"og:image\" content=\"https:\/\/erformance.eu\/wp-content\/uploads\/2026\/02\/pol_pm_Audi-Q5-2008-galka-zmiany-biegow-CZARNA-CHROM-5-BIEGOW-16169_1.jpg\" \/>\n\t<meta property=\"og:image:width\" content=\"1200\" \/>\n\t<meta property=\"og:image:height\" content=\"900\" \/>\n\t<meta property=\"og:image:type\" content=\"image\/jpeg\" \/>\n<meta name=\"twitter:card\" content=\"summary_large_image\" \/>\n<meta name=\"twitter:label1\" content=\"Est. reading time\" \/>\n\t<meta name=\"twitter:data1\" content=\"1 min\u016b\u0161u\" \/>\n<script type=\"application\/ld+json\" class=\"yoast-schema-graph\">{\"@context\":\"https:\\\/\\\/schema.org\",\"@graph\":[{\"@type\":\"WebPage\",\"@id\":\"https:\\\/\\\/erformance.eu\\\/lv\\\/produkts\\\/audi-q5-2008-5-begiu-svirtis\\\/\",\"url\":\"https:\\\/\\\/erformance.eu\\\/lv\\\/produkts\\\/audi-q5-2008-5-begiu-svirtis\\\/\",\"name\":\"Audi Q5 2008- 5 b\u0117gi\u0173 svirtis - Erformance.eu\",\"isPartOf\":{\"@id\":\"https:\\\/\\\/erformance.eu\\\/lv\\\/#website\"},\"primaryImageOfPage\":{\"@id\":\"https:\\\/\\\/erformance.eu\\\/lv\\\/produkts\\\/audi-q5-2008-5-begiu-svirtis\\\/#primaryimage\"},\"image\":{\"@id\":\"https:\\\/\\\/erformance.eu\\\/lv\\\/produkts\\\/audi-q5-2008-5-begiu-svirtis\\\/#primaryimage\"},\"thumbnailUrl\":\"https:\\\/\\\/erformance.eu\\\/wp-content\\\/uploads\\\/2026\\\/02\\\/pol_pm_Audi-Q5-2008-galka-zmiany-biegow-CZARNA-CHROM-5-BIEGOW-16169_1.jpg\",\"datePublished\":\"2026-02-16T11:19:14+00:00\",\"dateModified\":\"2026-03-25T22:44:38+00:00\",\"breadcrumb\":{\"@id\":\"https:\\\/\\\/erformance.eu\\\/lv\\\/produkts\\\/audi-q5-2008-5-begiu-svirtis\\\/#breadcrumb\"},\"inLanguage\":\"lv-LV\",\"potentialAction\":[{\"@type\":\"ReadAction\",\"target\":[\"https:\\\/\\\/erformance.eu\\\/lv\\\/produkts\\\/audi-q5-2008-5-begiu-svirtis\\\/\"]}]},{\"@type\":\"ImageObject\",\"inLanguage\":\"lv-LV\",\"@id\":\"https:\\\/\\\/erformance.eu\\\/lv\\\/produkts\\\/audi-q5-2008-5-begiu-svirtis\\\/#primaryimage\",\"url\":\"https:\\\/\\\/erformance.eu\\\/wp-content\\\/uploads\\\/2026\\\/02\\\/pol_pm_Audi-Q5-2008-galka-zmiany-biegow-CZARNA-CHROM-5-BIEGOW-16169_1.jpg\",\"contentUrl\":\"https:\\\/\\\/erformance.eu\\\/wp-content\\\/uploads\\\/2026\\\/02\\\/pol_pm_Audi-Q5-2008-galka-zmiany-biegow-CZARNA-CHROM-5-BIEGOW-16169_1.jpg\",\"width\":1200,\"height\":900},{\"@type\":\"BreadcrumbList\",\"@id\":\"https:\\\/\\\/erformance.eu\\\/lv\\\/produkts\\\/audi-q5-2008-5-begiu-svirtis\\\/#breadcrumb\",\"itemListElement\":[{\"@type\":\"ListItem\",\"position\":1,\"name\":\"Home\",\"item\":\"https:\\\/\\\/erformance.eu\\\/lv\\\/\"},{\"@type\":\"ListItem\",\"position\":2,\"name\":\"Veikals\",\"item\":\"https:\\\/\\\/erformance.eu\\\/lv\\\/veikals\\\/\"},{\"@type\":\"ListItem\",\"position\":3,\"name\":\"Audi Q5 2008- 5 b\u0117gi\u0173 svirtis\"}]},{\"@type\":\"WebSite\",\"@id\":\"https:\\\/\\\/erformance.eu\\\/lv\\\/#website\",\"url\":\"https:\\\/\\\/erformance.eu\\\/lv\\\/\",\"name\":\"Erformance.eu\",\"description\":\"Automobili\u0173 dali\u0173 parduotuv\u0117\",\"potentialAction\":[{\"@type\":\"SearchAction\",\"target\":{\"@type\":\"EntryPoint\",\"urlTemplate\":\"https:\\\/\\\/erformance.eu\\\/lv\\\/?s={search_term_string}\"},\"query-input\":{\"@type\":\"PropertyValueSpecification\",\"valueRequired\":true,\"valueName\":\"search_term_string\"}}],\"inLanguage\":\"lv-LV\"}]}<\/script>\n<!-- \/ Yoast SEO Premium plugin. -->","yoast_head_json":{"title":"Audi Q5 2008- 5 b\u0117gi\u0173 svirtis - Erformance.eu","robots":{"index":"index","follow":"follow","max-snippet":"max-snippet:-1","max-image-preview":"max-image-preview:large","max-video-preview":"max-video-preview:-1"},"canonical":"https:\/\/erformance.eu\/lv\/produkts\/audi-q5-2008-5-begiu-svirtis\/","og_locale":"lv_LV","og_type":"article","og_title":"Audi Q5 2008- 5 b\u0117gi\u0173 svirtis","og_description":"1. Przedmiot: ga\u0142ka zmiany bieg\u00f3w2. Producent: zamiennik3. Samoch\u00f3d:  * Audi A3 8L 96-03  * Audi A3 8P 03-12  * Audi A4 B6 00-04  * Audi A4 B7 04-07  * Audi A4 B8 2008-  * Audi A5 2007-  * Audi A6 C6 04-08  * Audi Q5 2008-","og_url":"https:\/\/erformance.eu\/lv\/produkts\/audi-q5-2008-5-begiu-svirtis\/","og_site_name":"Erformance.eu","article_modified_time":"2026-03-25T22:44:38+00:00","og_image":[{"width":1200,"height":900,"url":"https:\/\/erformance.eu\/wp-content\/uploads\/2026\/02\/pol_pm_Audi-Q5-2008-galka-zmiany-biegow-CZARNA-CHROM-5-BIEGOW-16169_1.jpg","type":"image\/jpeg"}],"twitter_card":"summary_large_image","twitter_misc":{"Est. reading time":"1 min\u016b\u0161u"},"schema":{"@context":"https:\/\/schema.org","@graph":[{"@type":"WebPage","@id":"https:\/\/erformance.eu\/lv\/produkts\/audi-q5-2008-5-begiu-svirtis\/","url":"https:\/\/erformance.eu\/lv\/produkts\/audi-q5-2008-5-begiu-svirtis\/","name":"Audi Q5 2008- 5 b\u0117gi\u0173 svirtis - Erformance.eu","isPartOf":{"@id":"https:\/\/erformance.eu\/lv\/#website"},"primaryImageOfPage":{"@id":"https:\/\/erformance.eu\/lv\/produkts\/audi-q5-2008-5-begiu-svirtis\/#primaryimage"},"image":{"@id":"https:\/\/erformance.eu\/lv\/produkts\/audi-q5-2008-5-begiu-svirtis\/#primaryimage"},"thumbnailUrl":"https:\/\/erformance.eu\/wp-content\/uploads\/2026\/02\/pol_pm_Audi-Q5-2008-galka-zmiany-biegow-CZARNA-CHROM-5-BIEGOW-16169_1.jpg","datePublished":"2026-02-16T11:19:14+00:00","dateModified":"2026-03-25T22:44:38+00:00","breadcrumb":{"@id":"https:\/\/erformance.eu\/lv\/produkts\/audi-q5-2008-5-begiu-svirtis\/#breadcrumb"},"inLanguage":"lv-LV","potentialAction":[{"@type":"ReadAction","target":["https:\/\/erformance.eu\/lv\/produkts\/audi-q5-2008-5-begiu-svirtis\/"]}]},{"@type":"ImageObject","inLanguage":"lv-LV","@id":"https:\/\/erformance.eu\/lv\/produkts\/audi-q5-2008-5-begiu-svirtis\/#primaryimage","url":"https:\/\/erformance.eu\/wp-content\/uploads\/2026\/02\/pol_pm_Audi-Q5-2008-galka-zmiany-biegow-CZARNA-CHROM-5-BIEGOW-16169_1.jpg","contentUrl":"https:\/\/erformance.eu\/wp-content\/uploads\/2026\/02\/pol_pm_Audi-Q5-2008-galka-zmiany-biegow-CZARNA-CHROM-5-BIEGOW-16169_1.jpg","width":1200,"height":900},{"@type":"BreadcrumbList","@id":"https:\/\/erformance.eu\/lv\/produkts\/audi-q5-2008-5-begiu-svirtis\/#breadcrumb","itemListElement":[{"@type":"ListItem","position":1,"name":"Home","item":"https:\/\/erformance.eu\/lv\/"},{"@type":"ListItem","position":2,"name":"Veikals","item":"https:\/\/erformance.eu\/lv\/veikals\/"},{"@type":"ListItem","position":3,"name":"Audi Q5 2008- 5 b\u0117gi\u0173 svirtis"}]},{"@type":"WebSite","@id":"https:\/\/erformance.eu\/lv\/#website","url":"https:\/\/erformance.eu\/lv\/","name":"Erformance.eu","description":"Automobili\u0173 dali\u0173 parduotuv\u0117","potentialAction":[{"@type":"SearchAction","target":{"@type":"EntryPoint","urlTemplate":"https:\/\/erformance.eu\/lv\/?s={search_term_string}"},"query-input":{"@type":"PropertyValueSpecification","valueRequired":true,"valueName":"search_term_string"}}],"inLanguage":"lv-LV"}]}},"jetpack_sharing_enabled":true,"_links":{"self":[{"href":"https:\/\/erformance.eu\/lv\/wp-json\/wp\/v2\/product\/56552","targetHints":{"allow":["GET"]}}],"collection":[{"href":"https:\/\/erformance.eu\/lv\/wp-json\/wp\/v2\/product"}],"about":[{"href":"https:\/\/erformance.eu\/lv\/wp-json\/wp\/v2\/types\/product"}],"replies":[{"embeddable":true,"href":"https:\/\/erformance.eu\/lv\/wp-json\/wp\/v2\/comments?post=56552"}],"version-history":[{"count":2,"href":"https:\/\/erformance.eu\/lv\/wp-json\/wp\/v2\/product\/56552\/revisions"}],"predecessor-version":[{"id":66134,"href":"https:\/\/erformance.eu\/lv\/wp-json\/wp\/v2\/product\/56552\/revisions\/66134"}],"wp:featuredmedia":[{"embeddable":true,"href":"https:\/\/erformance.eu\/lv\/wp-json\/wp\/v2\/media\/50659"}],"wp:attachment":[{"href":"https:\/\/erformance.eu\/lv\/wp-json\/wp\/v2\/media?parent=56552"}],"wp:term":[{"taxonomy":"product_brand","embeddable":true,"href":"https:\/\/erformance.eu\/lv\/wp-json\/wp\/v2\/product_brand?post=56552"},{"taxonomy":"product_cat","embeddable":true,"href":"https:\/\/erformance.eu\/lv\/wp-json\/wp\/v2\/product_cat?post=56552"},{"taxonomy":"product_tag","embeddable":true,"href":"https:\/\/erformance.eu\/lv\/wp-json\/wp\/v2\/product_tag?post=56552"}],"curies":[{"name":"wp","href":"https:\/\/api.w.org\/{rel}","templated":true}]}}