{"id":56640,"date":"2026-02-16T14:20:06","date_gmt":"2026-02-16T11:20:06","guid":{"rendered":"https:\/\/erformance.eu\/?post_type=product&#038;p=56640"},"modified":"2026-03-26T02:35:15","modified_gmt":"2026-03-25T23:35:15","slug":"audi-q7-4m-15-19-groteles-priekiniame-bamperyje-juoda-sidabrine-desineje","status":"publish","type":"product","link":"https:\/\/erformance.eu\/lv\/produkts\/audi-q7-4m-15-19-groteles-priekiniame-bamperyje-juoda-sidabrine-desineje\/","title":{"rendered":"Audi Q7 4M 15-19 grotel\u0117s priekiniame bamperyje JUODA + SIDABRIN\u0116 de\u0161in\u0117je"},"content":{"rendered":"<p>Prek\u0117: priekinio bamperio grotel\u0117s<br \/>\nPus\u0117: De\u0161in\u0117 (keleivio pus\u0117)<br \/>\nOriginalus numeris:<\/p>\n<p>4M0807682T<br \/>\n4M0807682 T<br \/>\n4M0 807 682T<br \/>\n4M0 807 682 T<br \/>\n4M0807682R<br \/>\n4M0807682 R<br \/>\n4M0 807 682R<br \/>\n4M0 807 682 R<br \/>\n4M0807682Q<br \/>\n4M0807682 Q<br \/>\n4M0 807 682Q<br \/>\n4M0 807 682 Q<br \/>\n4M0807152B<br \/>\n4M0807152 B<br \/>\n4M0 807 152B<br \/>\n4M0 807 152 B<\/p>\n<p>PASTABA: auk\u0161\u010diau pateikti numeriai yra original\u016bs dali\u0173 numeriai, kuriuos \u0161is pasi\u016blymas pakei\u010dia. Prie\u0161 pirkdami, palyginkite juos su originaliu dalies numeriu. Jei jie skiriasi net vienu simboliu, dalis netiks, neveiks arba veiks netinkamai. Tokiu atveju jos nepirkite.<br \/>\nAutomobilis:<\/p>\n<p>Audi Q7 (4MB, 4MG)<br \/>\nAudi Q7 furgonas (4MB, 4MG)<\/p>\n<p>Pagaminimo metai: 2015\u20132019<br \/>\nSpalva: juodos grotel\u0117s + SIDABRIN\u0116S (matinio chromo) juostel\u0117s<br \/>\nGamintojas: pakaitalas<br \/>\nTechnin\u0117 b\u016bkl\u0117: prek\u0117 yra visi\u0161kai nauja, nenaudota, nepa\u017eeista ir nesugadinta<br \/>\nPastaba: Jame yra skyl\u0117 parkavimo jutikliui.<\/p>\n","protected":false},"excerpt":{"rendered":"<p>1. Prek\u0117: Priekinio bamperio grotel\u0117s2. Pus\u0117: de\u0161in\u01173. Spalva: juoda + sidabrin\u01174. Gamintojas: pakeitimas5. Automobilis: Audi Q7 4M6. Pagaminimo metai: 2015\u20132019<\/p>\n","protected":false},"featured_media":51068,"comment_status":"open","ping_status":"closed","template":"","meta":[],"product_brand":[],"product_cat":[3931,144,4098,4137,3971,400],"product_tag":[],"class_list":{"0":"post-56640","1":"product","2":"type-product","3":"status-publish","4":"has-post-thumbnail","6":"product_cat-audi-q7-4m","7":"product_cat-audi","8":"product_cat-audi-q7-4m-bamperiai-ju-dalys","9":"product_cat-audi-q7-4m-isores-groteles","10":"product_cat-audi-q7-4m-isores-dalys","11":"product_cat-audi-q7","13":"first","14":"instock","15":"shipping-taxable","16":"purchasable","17":"product-type-simple"},"yoast_head":"<!-- This site is optimized with the Yoast SEO Premium plugin v25.2 (Yoast SEO v27.3) - https:\/\/yoast.com\/product\/yoast-seo-premium-wordpress\/ -->\n<title>Audi Q7 4M 15-19 grotel\u0117s priekiniame bamperyje JUODA + SIDABRIN\u0116 de\u0161in\u0117je - Erformance.eu<\/title>\n<meta name=\"robots\" content=\"index, follow, max-snippet:-1, max-image-preview:large, max-video-preview:-1\" \/>\n<link rel=\"canonical\" href=\"https:\/\/erformance.eu\/lv\/produkts\/audi-q7-4m-15-19-groteles-priekiniame-bamperyje-juoda-sidabrine-desineje\/\" \/>\n<meta property=\"og:locale\" content=\"lv_LV\" \/>\n<meta property=\"og:type\" content=\"article\" \/>\n<meta property=\"og:title\" content=\"Audi Q7 4M 15-19 grotel\u0117s priekiniame bamperyje JUODA + SIDABRIN\u0116 de\u0161in\u0117je\" \/>\n<meta property=\"og:description\" content=\"1. Prek\u0117: Priekinio bamperio grotel\u0117s2. Pus\u0117: de\u0161in\u01173. Spalva: juoda + sidabrin\u01174. Gamintojas: pakeitimas5. Automobilis: Audi Q7 4M6. Pagaminimo metai: 2015\u20132019\" \/>\n<meta property=\"og:url\" content=\"https:\/\/erformance.eu\/lv\/produkts\/audi-q7-4m-15-19-groteles-priekiniame-bamperyje-juoda-sidabrine-desineje\/\" \/>\n<meta property=\"og:site_name\" content=\"Erformance.eu\" \/>\n<meta property=\"article:modified_time\" content=\"2026-03-25T23:35:15+00:00\" \/>\n<meta property=\"og:image\" content=\"https:\/\/erformance.eu\/wp-content\/uploads\/2026\/02\/pol_pm_Audi-Q7-4M-15-19-atrapka-kratka-w-zderzak-przedni-CZARNA-SILVER-prawa-35144_1.jpg\" \/>\n\t<meta property=\"og:image:width\" content=\"1200\" \/>\n\t<meta property=\"og:image:height\" content=\"1200\" \/>\n\t<meta property=\"og:image:type\" content=\"image\/jpeg\" \/>\n<meta name=\"twitter:card\" content=\"summary_large_image\" \/>\n<meta name=\"twitter:label1\" content=\"Est. reading time\" \/>\n\t<meta name=\"twitter:data1\" content=\"1 min\u016b\u0161u\" \/>\n<script type=\"application\/ld+json\" class=\"yoast-schema-graph\">{\"@context\":\"https:\\\/\\\/schema.org\",\"@graph\":[{\"@type\":\"WebPage\",\"@id\":\"https:\\\/\\\/erformance.eu\\\/lv\\\/produkts\\\/audi-q7-4m-15-19-groteles-priekiniame-bamperyje-juoda-sidabrine-desineje\\\/\",\"url\":\"https:\\\/\\\/erformance.eu\\\/lv\\\/produkts\\\/audi-q7-4m-15-19-groteles-priekiniame-bamperyje-juoda-sidabrine-desineje\\\/\",\"name\":\"Audi Q7 4M 15-19 grotel\u0117s priekiniame bamperyje JUODA + SIDABRIN\u0116 de\u0161in\u0117je - Erformance.eu\",\"isPartOf\":{\"@id\":\"https:\\\/\\\/erformance.eu\\\/lv\\\/#website\"},\"primaryImageOfPage\":{\"@id\":\"https:\\\/\\\/erformance.eu\\\/lv\\\/produkts\\\/audi-q7-4m-15-19-groteles-priekiniame-bamperyje-juoda-sidabrine-desineje\\\/#primaryimage\"},\"image\":{\"@id\":\"https:\\\/\\\/erformance.eu\\\/lv\\\/produkts\\\/audi-q7-4m-15-19-groteles-priekiniame-bamperyje-juoda-sidabrine-desineje\\\/#primaryimage\"},\"thumbnailUrl\":\"https:\\\/\\\/erformance.eu\\\/wp-content\\\/uploads\\\/2026\\\/02\\\/pol_pm_Audi-Q7-4M-15-19-atrapka-kratka-w-zderzak-przedni-CZARNA-SILVER-prawa-35144_1.jpg\",\"datePublished\":\"2026-02-16T11:20:06+00:00\",\"dateModified\":\"2026-03-25T23:35:15+00:00\",\"breadcrumb\":{\"@id\":\"https:\\\/\\\/erformance.eu\\\/lv\\\/produkts\\\/audi-q7-4m-15-19-groteles-priekiniame-bamperyje-juoda-sidabrine-desineje\\\/#breadcrumb\"},\"inLanguage\":\"lv-LV\",\"potentialAction\":[{\"@type\":\"ReadAction\",\"target\":[\"https:\\\/\\\/erformance.eu\\\/lv\\\/produkts\\\/audi-q7-4m-15-19-groteles-priekiniame-bamperyje-juoda-sidabrine-desineje\\\/\"]}]},{\"@type\":\"ImageObject\",\"inLanguage\":\"lv-LV\",\"@id\":\"https:\\\/\\\/erformance.eu\\\/lv\\\/produkts\\\/audi-q7-4m-15-19-groteles-priekiniame-bamperyje-juoda-sidabrine-desineje\\\/#primaryimage\",\"url\":\"https:\\\/\\\/erformance.eu\\\/wp-content\\\/uploads\\\/2026\\\/02\\\/pol_pm_Audi-Q7-4M-15-19-atrapka-kratka-w-zderzak-przedni-CZARNA-SILVER-prawa-35144_1.jpg\",\"contentUrl\":\"https:\\\/\\\/erformance.eu\\\/wp-content\\\/uploads\\\/2026\\\/02\\\/pol_pm_Audi-Q7-4M-15-19-atrapka-kratka-w-zderzak-przedni-CZARNA-SILVER-prawa-35144_1.jpg\",\"width\":1200,\"height\":1200},{\"@type\":\"BreadcrumbList\",\"@id\":\"https:\\\/\\\/erformance.eu\\\/lv\\\/produkts\\\/audi-q7-4m-15-19-groteles-priekiniame-bamperyje-juoda-sidabrine-desineje\\\/#breadcrumb\",\"itemListElement\":[{\"@type\":\"ListItem\",\"position\":1,\"name\":\"Home\",\"item\":\"https:\\\/\\\/erformance.eu\\\/lv\\\/\"},{\"@type\":\"ListItem\",\"position\":2,\"name\":\"Veikals\",\"item\":\"https:\\\/\\\/erformance.eu\\\/lv\\\/veikals\\\/\"},{\"@type\":\"ListItem\",\"position\":3,\"name\":\"Audi Q7 4M 15-19 grotel\u0117s priekiniame bamperyje JUODA + SIDABRIN\u0116 de\u0161in\u0117je\"}]},{\"@type\":\"WebSite\",\"@id\":\"https:\\\/\\\/erformance.eu\\\/lv\\\/#website\",\"url\":\"https:\\\/\\\/erformance.eu\\\/lv\\\/\",\"name\":\"Erformance.eu\",\"description\":\"Automobili\u0173 dali\u0173 parduotuv\u0117\",\"potentialAction\":[{\"@type\":\"SearchAction\",\"target\":{\"@type\":\"EntryPoint\",\"urlTemplate\":\"https:\\\/\\\/erformance.eu\\\/lv\\\/?s={search_term_string}\"},\"query-input\":{\"@type\":\"PropertyValueSpecification\",\"valueRequired\":true,\"valueName\":\"search_term_string\"}}],\"inLanguage\":\"lv-LV\"}]}<\/script>\n<!-- \/ Yoast SEO Premium plugin. -->","yoast_head_json":{"title":"Audi Q7 4M 15-19 grotel\u0117s priekiniame bamperyje JUODA + SIDABRIN\u0116 de\u0161in\u0117je - Erformance.eu","robots":{"index":"index","follow":"follow","max-snippet":"max-snippet:-1","max-image-preview":"max-image-preview:large","max-video-preview":"max-video-preview:-1"},"canonical":"https:\/\/erformance.eu\/lv\/produkts\/audi-q7-4m-15-19-groteles-priekiniame-bamperyje-juoda-sidabrine-desineje\/","og_locale":"lv_LV","og_type":"article","og_title":"Audi Q7 4M 15-19 grotel\u0117s priekiniame bamperyje JUODA + SIDABRIN\u0116 de\u0161in\u0117je","og_description":"1. Prek\u0117: Priekinio bamperio grotel\u0117s2. Pus\u0117: de\u0161in\u01173. Spalva: juoda + sidabrin\u01174. Gamintojas: pakeitimas5. Automobilis: Audi Q7 4M6. Pagaminimo metai: 2015\u20132019","og_url":"https:\/\/erformance.eu\/lv\/produkts\/audi-q7-4m-15-19-groteles-priekiniame-bamperyje-juoda-sidabrine-desineje\/","og_site_name":"Erformance.eu","article_modified_time":"2026-03-25T23:35:15+00:00","og_image":[{"width":1200,"height":1200,"url":"https:\/\/erformance.eu\/wp-content\/uploads\/2026\/02\/pol_pm_Audi-Q7-4M-15-19-atrapka-kratka-w-zderzak-przedni-CZARNA-SILVER-prawa-35144_1.jpg","type":"image\/jpeg"}],"twitter_card":"summary_large_image","twitter_misc":{"Est. reading time":"1 min\u016b\u0161u"},"schema":{"@context":"https:\/\/schema.org","@graph":[{"@type":"WebPage","@id":"https:\/\/erformance.eu\/lv\/produkts\/audi-q7-4m-15-19-groteles-priekiniame-bamperyje-juoda-sidabrine-desineje\/","url":"https:\/\/erformance.eu\/lv\/produkts\/audi-q7-4m-15-19-groteles-priekiniame-bamperyje-juoda-sidabrine-desineje\/","name":"Audi Q7 4M 15-19 grotel\u0117s priekiniame bamperyje JUODA + SIDABRIN\u0116 de\u0161in\u0117je - Erformance.eu","isPartOf":{"@id":"https:\/\/erformance.eu\/lv\/#website"},"primaryImageOfPage":{"@id":"https:\/\/erformance.eu\/lv\/produkts\/audi-q7-4m-15-19-groteles-priekiniame-bamperyje-juoda-sidabrine-desineje\/#primaryimage"},"image":{"@id":"https:\/\/erformance.eu\/lv\/produkts\/audi-q7-4m-15-19-groteles-priekiniame-bamperyje-juoda-sidabrine-desineje\/#primaryimage"},"thumbnailUrl":"https:\/\/erformance.eu\/wp-content\/uploads\/2026\/02\/pol_pm_Audi-Q7-4M-15-19-atrapka-kratka-w-zderzak-przedni-CZARNA-SILVER-prawa-35144_1.jpg","datePublished":"2026-02-16T11:20:06+00:00","dateModified":"2026-03-25T23:35:15+00:00","breadcrumb":{"@id":"https:\/\/erformance.eu\/lv\/produkts\/audi-q7-4m-15-19-groteles-priekiniame-bamperyje-juoda-sidabrine-desineje\/#breadcrumb"},"inLanguage":"lv-LV","potentialAction":[{"@type":"ReadAction","target":["https:\/\/erformance.eu\/lv\/produkts\/audi-q7-4m-15-19-groteles-priekiniame-bamperyje-juoda-sidabrine-desineje\/"]}]},{"@type":"ImageObject","inLanguage":"lv-LV","@id":"https:\/\/erformance.eu\/lv\/produkts\/audi-q7-4m-15-19-groteles-priekiniame-bamperyje-juoda-sidabrine-desineje\/#primaryimage","url":"https:\/\/erformance.eu\/wp-content\/uploads\/2026\/02\/pol_pm_Audi-Q7-4M-15-19-atrapka-kratka-w-zderzak-przedni-CZARNA-SILVER-prawa-35144_1.jpg","contentUrl":"https:\/\/erformance.eu\/wp-content\/uploads\/2026\/02\/pol_pm_Audi-Q7-4M-15-19-atrapka-kratka-w-zderzak-przedni-CZARNA-SILVER-prawa-35144_1.jpg","width":1200,"height":1200},{"@type":"BreadcrumbList","@id":"https:\/\/erformance.eu\/lv\/produkts\/audi-q7-4m-15-19-groteles-priekiniame-bamperyje-juoda-sidabrine-desineje\/#breadcrumb","itemListElement":[{"@type":"ListItem","position":1,"name":"Home","item":"https:\/\/erformance.eu\/lv\/"},{"@type":"ListItem","position":2,"name":"Veikals","item":"https:\/\/erformance.eu\/lv\/veikals\/"},{"@type":"ListItem","position":3,"name":"Audi Q7 4M 15-19 grotel\u0117s priekiniame bamperyje JUODA + SIDABRIN\u0116 de\u0161in\u0117je"}]},{"@type":"WebSite","@id":"https:\/\/erformance.eu\/lv\/#website","url":"https:\/\/erformance.eu\/lv\/","name":"Erformance.eu","description":"Automobili\u0173 dali\u0173 parduotuv\u0117","potentialAction":[{"@type":"SearchAction","target":{"@type":"EntryPoint","urlTemplate":"https:\/\/erformance.eu\/lv\/?s={search_term_string}"},"query-input":{"@type":"PropertyValueSpecification","valueRequired":true,"valueName":"search_term_string"}}],"inLanguage":"lv-LV"}]}},"jetpack_sharing_enabled":true,"_links":{"self":[{"href":"https:\/\/erformance.eu\/lv\/wp-json\/wp\/v2\/product\/56640","targetHints":{"allow":["GET"]}}],"collection":[{"href":"https:\/\/erformance.eu\/lv\/wp-json\/wp\/v2\/product"}],"about":[{"href":"https:\/\/erformance.eu\/lv\/wp-json\/wp\/v2\/types\/product"}],"replies":[{"embeddable":true,"href":"https:\/\/erformance.eu\/lv\/wp-json\/wp\/v2\/comments?post=56640"}],"version-history":[{"count":1,"href":"https:\/\/erformance.eu\/lv\/wp-json\/wp\/v2\/product\/56640\/revisions"}],"predecessor-version":[{"id":56641,"href":"https:\/\/erformance.eu\/lv\/wp-json\/wp\/v2\/product\/56640\/revisions\/56641"}],"wp:featuredmedia":[{"embeddable":true,"href":"https:\/\/erformance.eu\/lv\/wp-json\/wp\/v2\/media\/51068"}],"wp:attachment":[{"href":"https:\/\/erformance.eu\/lv\/wp-json\/wp\/v2\/media?parent=56640"}],"wp:term":[{"taxonomy":"product_brand","embeddable":true,"href":"https:\/\/erformance.eu\/lv\/wp-json\/wp\/v2\/product_brand?post=56640"},{"taxonomy":"product_cat","embeddable":true,"href":"https:\/\/erformance.eu\/lv\/wp-json\/wp\/v2\/product_cat?post=56640"},{"taxonomy":"product_tag","embeddable":true,"href":"https:\/\/erformance.eu\/lv\/wp-json\/wp\/v2\/product_tag?post=56640"}],"curies":[{"name":"wp","href":"https:\/\/api.w.org\/{rel}","templated":true}]}}