{"id":56664,"date":"2026-02-16T14:20:20","date_gmt":"2026-02-16T11:20:20","guid":{"rendered":"https:\/\/erformance.eu\/?post_type=product&#038;p=56664"},"modified":"2026-03-26T01:43:01","modified_gmt":"2026-03-25T22:43:01","slug":"audi-q5-2008-elektrinio-lango-valdymo-jungiklis","status":"publish","type":"product","link":"https:\/\/erformance.eu\/lv\/produkts\/audi-q5-2008-elektrinio-lango-valdymo-jungiklis\/","title":{"rendered":"Audi Q5 2008- elektrinio lango valdymo jungiklis"},"content":{"rendered":"<p>Tema: Elektrinio lango valdymo jungiklis<br \/>\nOriginalus numeris:<\/p>\n<p>8K0959855<br \/>\n8K0959855A<br \/>\n8K0959855B<\/p>\n<p>PASTABA: auk\u0161\u010diau pateikti numeriai yra original\u016bs dali\u0173 numeriai, kuriuos \u0161is pasi\u016blymas pakei\u010dia. Prie\u0161 pirkdami, palyginkite juos su originaliu dalies numeriu. Jei jie skiriasi net vienu simboliu, dalis netiks, neveiks arba veiks netinkamai. Tokiu atveju jos nepirkite.<br \/>\nAutomobilis:<br \/>\nAudi A4 (8K2, B8):<\/p>\n<p>1.8 TFSI, 1798, CABB, CDHB, 2007\/11\u20132012\/03<br \/>\n1.8 TFSI, 1798, CABA, CDHA, 2008-01-2015-2012<br \/>\n1.8 TFSI quattro, 1798, CDHB, 2008\/09 &#8211; 2012\/03<br \/>\n2.0 TDI, 1968 m., CAGB, CJCB, CSUB, 2007\/11\u20132015\/12<br \/>\n2.0 TDI, 1968 m., CAGA, CMEA, CJCA, CMFA, 2007\/11\u20132015\/12<br \/>\n2.0 TDI quattro, 1968 m., CAHA, 2008-01-2012-03<br \/>\n2.0 TDI, 1968 m., CAHA, 2008-01-2012-03<br \/>\n2.0 TDI, 1968 m., CAGC, CJCC, 2008\/06\u20132015\/12<br \/>\n2.0 TDI, 1968 m., CAHB, CGLD, CNHC, 2008\/08\u20132015\/12<br \/>\n2.0 TDI quattro, 1968 m., CAGA, CJCA, 2008.11\u20132015.12<br \/>\n2.0 TFSI, 1984 m., CDNC, CAEB, 2008\/06\u20132013\/05<br \/>\n2.0 TFSI quattro, 1984 m., CDNC, CAEB, CPMA, 2008\/06\u20132015\/12<br \/>\n2.0 TFSI, 1984 m., CDNB, CAEA, CFKA, 2008-06\u20132015-12<br \/>\n2.0 TFSI \u201eFlexible Fuel Quattro\u201c, 1984 m., CFKA, 2009\/11\u20132015\/12<br \/>\n2.0 TFSI variklis su lanks\u010diu kuru, 1984 m., CFKA, 2009\/11\u20132015\/12<br \/>\n2.7 TDI, 2698, CAMA, CGKA, 2007-11-2012-03<br \/>\n2.7 TDI, 2698, CAMB, CGKB, 2007\/11 &#8211; 2012\/03<br \/>\n3.0 TDI quattro, 2967, CAPA, CCWA, CCLA, 2007\/11\u20132012\/03<br \/>\n3.0 TDI quattro, 2967, CCWB, 2008\/06 &#8211; 2010\/05<br \/>\nS4 quattro, 2995, CAKA, CCBA, CGXC, CTUB, CGWC, CREC, 2008\/11\u20132015\/12<br \/>\n3.2 FSI quattro, 3197, CALA, 2007\/11\u20132012\/03<br \/>\n3.2 FSI, 3197, CALA, 2008\/09\u20132012\/03<\/p>\n<p>Audi A4 Avant (8K5, B8):<\/p>\n<p>1.8 TFSI, 1798, CABB, CDHB, 2007\/11\u20132012\/03<br \/>\n1.8 TFSI, 1798, CDHA, 2008\/04 &#8211; 2015\/12<br \/>\n1.8 TFSI quattro, 1798, CDHB, 2008\/09 &#8211; 2012\/03<br \/>\n2.0 TDI, 1968 m., CAHA, 2008-04-2012-03<br \/>\n2.0 TDI, 1968 m., CAGB, CJCB, CSUB, 2008\/04\u20132015\/12<br \/>\n2.0 TDI, 1968 m., CAGA, CMEA, CJCA, CMFA, 2008-04\u20132015-2012<br \/>\n2.0 TDI quattro, 1968 m., CAGA, CJCA, 2008-04-2015-2012<br \/>\n2.0 TDI, 1968 m., CAGC, CJCC, 2008\/06\u20132015\/12<br \/>\n2.0 TDI quattro, 1968 m., CAHA, 2008-08-2012-03<br \/>\n2.0 TDI, 1968 m., CAHB, CGLD, CNHC, 2008\/08\u20132015\/12<br \/>\n2.0 TFSI, 1984 m., CDNC, CAEB, 2008\/06\u20132013\/05<br \/>\n2.0 TFSI quattro, 1984 m., CDNC, CAEB, 2008\/06\u20132015\/12<br \/>\n2.0 TFSI, 1984 m., CDNB, CAEA, CFKA, 2008-06\u20132015-12<br \/>\n2.0 TFSI variklis su lanks\u010diu kuru, 1984 m., CFKA, 2009\/11\u20132015\/12<br \/>\n2.0 TFSI \u201eFlexible Fuel Quattro\u201c, 1984 m., CFKA, 2009\/11\u20132015\/12<br \/>\n2.7 TDI, 2698, CAMA, CGKA, 2008-04-2012-03<br \/>\n2.7 TDI, 2698, CAMB, CGKB, 2008\/06 &#8211; 2012\/03<br \/>\n3.0 TDI quattro, 2967, CAPA, CCWA, CCLA, 2008-04-2012-03<br \/>\n3.0 TDI quattro, 2967, CCWB, 2008\/06 &#8211; 2010\/05<br \/>\nS4 quattro, 2995, CAKA, CCBA, CGXC, CTUB, CGWC, CREC, 2008\/11\u20132015\/12<br \/>\n3.2 FSI quattro, 3197, CALA, 2008-04-2012-03<br \/>\n3.2 FSI, 3197, CALA, 2008\/09\u20132012\/03<\/p>\n<p>A5 (8T3):<\/p>\n<p>1.8 TFSI, 1798, CABD, CJEB, 2007\/10\u20132017\/01<br \/>\n1.8 TFSI, 1798, CDHB, 2009\/05 &#8211; 2011\/09<br \/>\n2.0 TDI, 1968 m., CAHA, 2008-08-2012-03<br \/>\n2.0 TDI quattro, 1968 m., CAHA, 2008-08-2012-03<br \/>\n2.0 TDI, 1968 m., CAHB, CGLD, CNHC, 2008\/08\u20132017\/01<br \/>\n2.0 TFSI, 1984 m., CDNC, 2008\/06\u20132013\/11<br \/>\n2.0 TFSI quattro, 1984 m., CDNC, CAEB, 2008\/06\u20132017\/01<br \/>\n2.0 TFSI, 1984 m., CDNB, 2008\/11\u20132012\/03<br \/>\n2.7 TDI, 2698, CAMA, CGKA, 2007-06-2012-03<br \/>\n2.7 TDI, 2698, CAMB, CGKB, 2007\/09 &#8211; 2012\/03<br \/>\n3.0 TDI quattro, 2967, CAPA, CCWA, 2007\/06\u20132012\/03<br \/>\n3.0 TDI quattro, 2967, CCWB, 2008\/03 &#8211; 2010\/05<br \/>\n3.2 FSI, 3197, CALA, 2007\/06 &#8211; 2012\/03<br \/>\n3.2 FSI quattro, 3197, CALA, 2007-06-2012-03<\/p>\n<p>Audi A5 Sportback (8TA):<\/p>\n<p>1.8 TFSI, 1798, CDHB, 2009\/11 &#8211; 2011\/09<br \/>\n2.0 TDI quattro, 1968 m., CAHA, 2009-09-2012-03<br \/>\n2.0 TDI, 1968 m., CAHA, 2009-09-2012-03<br \/>\n2.0 TDI, 1968 m., CAGA, CMEA, CJCA, CMFA, 2009\/09\u20132017\/01<br \/>\n2.0 TDI, 1968 m., CAHB, CGLD, CNHC, 2009\/09\u20132017\/01<br \/>\n2.0 TDI, 1968 m., CAGB, CJCB, CSUB, 2009\/09\u20132017\/01<br \/>\n2.0 TFSI, 1984 m., CDNC, 2009\/09\u20132013\/11<br \/>\n2.0 TFSI, 1984 m., CDNB, 2009\/09\u20132014\/06<br \/>\n2.0 TFSI quattro, 1984 m., CDNC, CAEB, 2009\/09\u20132017\/01<br \/>\n2.7 TDI, 2698, CAMA, CGKA, 2009-09-2012-03<br \/>\n2.7 TDI, 2698, CAMB, CGKB, 2009\/09 &#8211; 2017\/01<br \/>\n3.0 TDI quattro, 2967, CAPA, CCWA, 2009\/09\u20132012\/03<br \/>\nS5 quattro, 2995, CAKA, CGXC, CTUB, CGWC, CREC, CTDA, 2010-01-2017-01<br \/>\n3.2 FSI quattro, 3197, CALA, 2009\/09\u20132012\/03<\/p>\n<p>Audi Q5 (8RB):<\/p>\n<p>2.0 TDI quattro, 1968 m., CAHB, CGLA, CGLD, CNHC, 2008 m. \u2013<br \/>\n2.0 TDI quattro, 1968 m., CAHA, CGLB, CMGA, 2008.11 m.<br \/>\n2.0 TDI quattro, 1968, CAGB, CJCB, CSUB, 2009.08 &#8211;<br \/>\n2.0 TDI quattro, 1968 m., CAGA, CJCA, 2009\/08 \u2013<br \/>\n2.0 TDI, 1968 m., CJCA, 2010 m. lapkri\u010dio\u2013<br \/>\n2.0 TDI, 1968 m., CJCB, CSUB, 2010 m. \u2013<br \/>\n2.0 TFSI quattro, 1984, CDNC, CAEB, CPMA, 2008.11 &#8211;<br \/>\n2.0 TFSI quattro, 1984, CDNB, CNCB, 2009.08 &#8211;<br \/>\n2.0 TFSI hybrid quattro, 1984, CHJA, 2011.06 &#8211;<br \/>\n3.0 TDI quattro, 2967, CCWA, CPNB, 2008.11 &#8211;<br \/>\n3.0 TDI quattro, 2967, CCWB, 2008.11 &#8211;<br \/>\n3.2 FSI quattro, 3197, CALB, 2008.11 &#8211;<\/p>\n<p>Kolor: czarny + matowy chrom<br \/>\nProducent: zamiennik<br \/>\nStan techniczny: przedmiot jest fabrycznie NOWY, nieu\u017cywany, nieuszkodzony i niezniszczony<\/p>\n","protected":false},"excerpt":{"rendered":"<p>1. Prek\u0117: Elektrini\u0173 lang\u0173 valdymo jungiklis2. Gamintojas: pakeitimas3. Automobilis:     * Audi A4 B8 \/ Avant 07-15     * Audi A5 07\u201317     * Audi Q5 2008-<\/p>\n","protected":false},"featured_media":51164,"comment_status":"open","ping_status":"closed","template":"","meta":[],"product_brand":[],"product_cat":[3928,144,4684,399,4007],"product_tag":[],"class_list":{"0":"post-56664","1":"product","2":"type-product","3":"status-publish","4":"has-post-thumbnail","6":"product_cat-audi-q5-8r","7":"product_cat-audi","8":"product_cat-audi-q5-8r-mygtukai-mechanizmai","9":"product_cat-audi-q5","10":"product_cat-audi-q5-8r-salono-dalys","12":"first","13":"instock","14":"shipping-taxable","15":"purchasable","16":"product-type-simple"},"yoast_head":"<!-- This site is optimized with the Yoast SEO Premium plugin v25.2 (Yoast SEO v27.3) - https:\/\/yoast.com\/product\/yoast-seo-premium-wordpress\/ -->\n<title>Audi Q5 2008- elektrinio lango valdymo jungiklis - Erformance.eu<\/title>\n<meta name=\"robots\" content=\"index, follow, max-snippet:-1, max-image-preview:large, max-video-preview:-1\" \/>\n<link rel=\"canonical\" href=\"https:\/\/erformance.eu\/lv\/produkts\/audi-q5-2008-elektrinio-lango-valdymo-jungiklis\/\" \/>\n<meta property=\"og:locale\" content=\"lv_LV\" \/>\n<meta property=\"og:type\" content=\"article\" \/>\n<meta property=\"og:title\" content=\"Audi Q5 2008- elektrinio lango valdymo jungiklis\" \/>\n<meta property=\"og:description\" content=\"1. Prek\u0117: Elektrini\u0173 lang\u0173 valdymo jungiklis2. Gamintojas: pakeitimas3. Automobilis:   * Audi A4 B8 \/ Avant 07-15   * Audi A5 07\u201317   * Audi Q5 2008-\" \/>\n<meta property=\"og:url\" content=\"https:\/\/erformance.eu\/lv\/produkts\/audi-q5-2008-elektrinio-lango-valdymo-jungiklis\/\" \/>\n<meta property=\"og:site_name\" content=\"Erformance.eu\" \/>\n<meta property=\"article:modified_time\" content=\"2026-03-25T22:43:01+00:00\" \/>\n<meta property=\"og:image\" content=\"https:\/\/erformance.eu\/wp-content\/uploads\/2026\/02\/pol_pm_Audi-Q5-2008-przelacznik-sterowania-szyb-elektrycznych-16645_1.jpg\" \/>\n\t<meta property=\"og:image:width\" content=\"1200\" \/>\n\t<meta property=\"og:image:height\" content=\"900\" \/>\n\t<meta property=\"og:image:type\" content=\"image\/jpeg\" \/>\n<meta name=\"twitter:card\" content=\"summary_large_image\" \/>\n<meta name=\"twitter:label1\" content=\"Est. reading time\" \/>\n\t<meta name=\"twitter:data1\" content=\"3 min\u016btes\" \/>\n<script type=\"application\/ld+json\" class=\"yoast-schema-graph\">{\"@context\":\"https:\\\/\\\/schema.org\",\"@graph\":[{\"@type\":\"WebPage\",\"@id\":\"https:\\\/\\\/erformance.eu\\\/lv\\\/produkts\\\/audi-q5-2008-elektrinio-lango-valdymo-jungiklis\\\/\",\"url\":\"https:\\\/\\\/erformance.eu\\\/lv\\\/produkts\\\/audi-q5-2008-elektrinio-lango-valdymo-jungiklis\\\/\",\"name\":\"Audi Q5 2008- elektrinio lango valdymo jungiklis - Erformance.eu\",\"isPartOf\":{\"@id\":\"https:\\\/\\\/erformance.eu\\\/lv\\\/#website\"},\"primaryImageOfPage\":{\"@id\":\"https:\\\/\\\/erformance.eu\\\/lv\\\/produkts\\\/audi-q5-2008-elektrinio-lango-valdymo-jungiklis\\\/#primaryimage\"},\"image\":{\"@id\":\"https:\\\/\\\/erformance.eu\\\/lv\\\/produkts\\\/audi-q5-2008-elektrinio-lango-valdymo-jungiklis\\\/#primaryimage\"},\"thumbnailUrl\":\"https:\\\/\\\/erformance.eu\\\/wp-content\\\/uploads\\\/2026\\\/02\\\/pol_pm_Audi-Q5-2008-przelacznik-sterowania-szyb-elektrycznych-16645_1.jpg\",\"datePublished\":\"2026-02-16T11:20:20+00:00\",\"dateModified\":\"2026-03-25T22:43:01+00:00\",\"breadcrumb\":{\"@id\":\"https:\\\/\\\/erformance.eu\\\/lv\\\/produkts\\\/audi-q5-2008-elektrinio-lango-valdymo-jungiklis\\\/#breadcrumb\"},\"inLanguage\":\"lv-LV\",\"potentialAction\":[{\"@type\":\"ReadAction\",\"target\":[\"https:\\\/\\\/erformance.eu\\\/lv\\\/produkts\\\/audi-q5-2008-elektrinio-lango-valdymo-jungiklis\\\/\"]}]},{\"@type\":\"ImageObject\",\"inLanguage\":\"lv-LV\",\"@id\":\"https:\\\/\\\/erformance.eu\\\/lv\\\/produkts\\\/audi-q5-2008-elektrinio-lango-valdymo-jungiklis\\\/#primaryimage\",\"url\":\"https:\\\/\\\/erformance.eu\\\/wp-content\\\/uploads\\\/2026\\\/02\\\/pol_pm_Audi-Q5-2008-przelacznik-sterowania-szyb-elektrycznych-16645_1.jpg\",\"contentUrl\":\"https:\\\/\\\/erformance.eu\\\/wp-content\\\/uploads\\\/2026\\\/02\\\/pol_pm_Audi-Q5-2008-przelacznik-sterowania-szyb-elektrycznych-16645_1.jpg\",\"width\":1200,\"height\":900},{\"@type\":\"BreadcrumbList\",\"@id\":\"https:\\\/\\\/erformance.eu\\\/lv\\\/produkts\\\/audi-q5-2008-elektrinio-lango-valdymo-jungiklis\\\/#breadcrumb\",\"itemListElement\":[{\"@type\":\"ListItem\",\"position\":1,\"name\":\"Home\",\"item\":\"https:\\\/\\\/erformance.eu\\\/lv\\\/\"},{\"@type\":\"ListItem\",\"position\":2,\"name\":\"Veikals\",\"item\":\"https:\\\/\\\/erformance.eu\\\/lv\\\/veikals\\\/\"},{\"@type\":\"ListItem\",\"position\":3,\"name\":\"Audi Q5 2008- elektrinio lango valdymo jungiklis\"}]},{\"@type\":\"WebSite\",\"@id\":\"https:\\\/\\\/erformance.eu\\\/lv\\\/#website\",\"url\":\"https:\\\/\\\/erformance.eu\\\/lv\\\/\",\"name\":\"Erformance.eu\",\"description\":\"Automobili\u0173 dali\u0173 parduotuv\u0117\",\"potentialAction\":[{\"@type\":\"SearchAction\",\"target\":{\"@type\":\"EntryPoint\",\"urlTemplate\":\"https:\\\/\\\/erformance.eu\\\/lv\\\/?s={search_term_string}\"},\"query-input\":{\"@type\":\"PropertyValueSpecification\",\"valueRequired\":true,\"valueName\":\"search_term_string\"}}],\"inLanguage\":\"lv-LV\"}]}<\/script>\n<!-- \/ Yoast SEO Premium plugin. -->","yoast_head_json":{"title":"Audi Q5 2008- elektrinio lango valdymo jungiklis - Erformance.eu","robots":{"index":"index","follow":"follow","max-snippet":"max-snippet:-1","max-image-preview":"max-image-preview:large","max-video-preview":"max-video-preview:-1"},"canonical":"https:\/\/erformance.eu\/lv\/produkts\/audi-q5-2008-elektrinio-lango-valdymo-jungiklis\/","og_locale":"lv_LV","og_type":"article","og_title":"Audi Q5 2008- elektrinio lango valdymo jungiklis","og_description":"1. Prek\u0117: Elektrini\u0173 lang\u0173 valdymo jungiklis2. Gamintojas: pakeitimas3. Automobilis:   * Audi A4 B8 \/ Avant 07-15   * Audi A5 07\u201317   * Audi Q5 2008-","og_url":"https:\/\/erformance.eu\/lv\/produkts\/audi-q5-2008-elektrinio-lango-valdymo-jungiklis\/","og_site_name":"Erformance.eu","article_modified_time":"2026-03-25T22:43:01+00:00","og_image":[{"width":1200,"height":900,"url":"https:\/\/erformance.eu\/wp-content\/uploads\/2026\/02\/pol_pm_Audi-Q5-2008-przelacznik-sterowania-szyb-elektrycznych-16645_1.jpg","type":"image\/jpeg"}],"twitter_card":"summary_large_image","twitter_misc":{"Est. reading time":"3 min\u016btes"},"schema":{"@context":"https:\/\/schema.org","@graph":[{"@type":"WebPage","@id":"https:\/\/erformance.eu\/lv\/produkts\/audi-q5-2008-elektrinio-lango-valdymo-jungiklis\/","url":"https:\/\/erformance.eu\/lv\/produkts\/audi-q5-2008-elektrinio-lango-valdymo-jungiklis\/","name":"Audi Q5 2008- elektrinio lango valdymo jungiklis - Erformance.eu","isPartOf":{"@id":"https:\/\/erformance.eu\/lv\/#website"},"primaryImageOfPage":{"@id":"https:\/\/erformance.eu\/lv\/produkts\/audi-q5-2008-elektrinio-lango-valdymo-jungiklis\/#primaryimage"},"image":{"@id":"https:\/\/erformance.eu\/lv\/produkts\/audi-q5-2008-elektrinio-lango-valdymo-jungiklis\/#primaryimage"},"thumbnailUrl":"https:\/\/erformance.eu\/wp-content\/uploads\/2026\/02\/pol_pm_Audi-Q5-2008-przelacznik-sterowania-szyb-elektrycznych-16645_1.jpg","datePublished":"2026-02-16T11:20:20+00:00","dateModified":"2026-03-25T22:43:01+00:00","breadcrumb":{"@id":"https:\/\/erformance.eu\/lv\/produkts\/audi-q5-2008-elektrinio-lango-valdymo-jungiklis\/#breadcrumb"},"inLanguage":"lv-LV","potentialAction":[{"@type":"ReadAction","target":["https:\/\/erformance.eu\/lv\/produkts\/audi-q5-2008-elektrinio-lango-valdymo-jungiklis\/"]}]},{"@type":"ImageObject","inLanguage":"lv-LV","@id":"https:\/\/erformance.eu\/lv\/produkts\/audi-q5-2008-elektrinio-lango-valdymo-jungiklis\/#primaryimage","url":"https:\/\/erformance.eu\/wp-content\/uploads\/2026\/02\/pol_pm_Audi-Q5-2008-przelacznik-sterowania-szyb-elektrycznych-16645_1.jpg","contentUrl":"https:\/\/erformance.eu\/wp-content\/uploads\/2026\/02\/pol_pm_Audi-Q5-2008-przelacznik-sterowania-szyb-elektrycznych-16645_1.jpg","width":1200,"height":900},{"@type":"BreadcrumbList","@id":"https:\/\/erformance.eu\/lv\/produkts\/audi-q5-2008-elektrinio-lango-valdymo-jungiklis\/#breadcrumb","itemListElement":[{"@type":"ListItem","position":1,"name":"Home","item":"https:\/\/erformance.eu\/lv\/"},{"@type":"ListItem","position":2,"name":"Veikals","item":"https:\/\/erformance.eu\/lv\/veikals\/"},{"@type":"ListItem","position":3,"name":"Audi Q5 2008- elektrinio lango valdymo jungiklis"}]},{"@type":"WebSite","@id":"https:\/\/erformance.eu\/lv\/#website","url":"https:\/\/erformance.eu\/lv\/","name":"Erformance.eu","description":"Automobili\u0173 dali\u0173 parduotuv\u0117","potentialAction":[{"@type":"SearchAction","target":{"@type":"EntryPoint","urlTemplate":"https:\/\/erformance.eu\/lv\/?s={search_term_string}"},"query-input":{"@type":"PropertyValueSpecification","valueRequired":true,"valueName":"search_term_string"}}],"inLanguage":"lv-LV"}]}},"jetpack_sharing_enabled":true,"_links":{"self":[{"href":"https:\/\/erformance.eu\/lv\/wp-json\/wp\/v2\/product\/56664","targetHints":{"allow":["GET"]}}],"collection":[{"href":"https:\/\/erformance.eu\/lv\/wp-json\/wp\/v2\/product"}],"about":[{"href":"https:\/\/erformance.eu\/lv\/wp-json\/wp\/v2\/types\/product"}],"replies":[{"embeddable":true,"href":"https:\/\/erformance.eu\/lv\/wp-json\/wp\/v2\/comments?post=56664"}],"version-history":[{"count":1,"href":"https:\/\/erformance.eu\/lv\/wp-json\/wp\/v2\/product\/56664\/revisions"}],"predecessor-version":[{"id":56665,"href":"https:\/\/erformance.eu\/lv\/wp-json\/wp\/v2\/product\/56664\/revisions\/56665"}],"wp:featuredmedia":[{"embeddable":true,"href":"https:\/\/erformance.eu\/lv\/wp-json\/wp\/v2\/media\/51164"}],"wp:attachment":[{"href":"https:\/\/erformance.eu\/lv\/wp-json\/wp\/v2\/media?parent=56664"}],"wp:term":[{"taxonomy":"product_brand","embeddable":true,"href":"https:\/\/erformance.eu\/lv\/wp-json\/wp\/v2\/product_brand?post=56664"},{"taxonomy":"product_cat","embeddable":true,"href":"https:\/\/erformance.eu\/lv\/wp-json\/wp\/v2\/product_cat?post=56664"},{"taxonomy":"product_tag","embeddable":true,"href":"https:\/\/erformance.eu\/lv\/wp-json\/wp\/v2\/product_tag?post=56664"}],"curies":[{"name":"wp","href":"https:\/\/api.w.org\/{rel}","templated":true}]}}