{"id":56788,"date":"2026-02-16T14:22:00","date_gmt":"2026-02-16T11:22:00","guid":{"rendered":"https:\/\/erformance.eu\/?post_type=product&#038;p=56788"},"modified":"2026-03-26T02:57:52","modified_gmt":"2026-03-25T23:57:52","slug":"audi-tt-98-06-juoda-isorine-duru-rankena-su-skyle-priekine-kaire","status":"publish","type":"product","link":"https:\/\/erformance.eu\/lv\/produkts\/audi-tt-98-06-juoda-isorine-duru-rankena-su-skyle-priekine-kaire\/","title":{"rendered":"Audi TT 98-06 JUODA i\u0161orin\u0117 dur\u0173 rankena su skyle priekin\u0117 kair\u0117"},"content":{"rendered":"<p>Prek\u0117: i\u0161orin\u0117 dur\u0173 rankena priekin\u0117ms durims<br \/>\nPus\u0117: Kair\u0117 (vairuotojo pus\u0117)<br \/>\nOriginalus numeris:<\/p>\n<p>3B0837207F+3B4839879<br \/>\n3B0837205<br \/>\n3B0837205C<br \/>\n3B0837205F<br \/>\n3B0837205G<br \/>\n3B0837207<br \/>\n3B0837207C<br \/>\n3B0837207F<br \/>\n3B0837207G<br \/>\n3B4839879<br \/>\n3B0837205GGRU+3B483987<br \/>\n3B0837205GGRU+3B083787<br \/>\n3B0837207GGRU+3B483987<br \/>\n3B0837207GGRU+3B083787<\/p>\n<p>PASTABA: auk\u0161\u010diau pateikti numeriai yra original\u016bs dali\u0173 numeriai, kuriuos \u0161is pasi\u016blymas pakei\u010dia. Prie\u0161 pirkdami, palyginkite juos su originaliu dalies numeriu. Jei jie skiriasi net vienu simboliu, dalis netiks, neveiks arba veiks netinkamai. Tokiu atveju jos nepirkite.<br \/>\nAutomobilis:<\/p>\n<p>Audi A2 (8Z0), gamybos metai: 2000\u20132005<br \/>\nAudi TT (8N3), gamybos metai: 1998\u20132006<br \/>\nAudi TT Roadster (8N9), rok produkcji: 1999-2006<br \/>\nSeat Altea (5P1), modele produkowane od roku 2004<br \/>\nSeat Altea XL (5P5, 5P8), modele produkowane od roku 2006<br \/>\nSeat Arosa (6H), rok produkcji: 1997-2004<br \/>\nSeat Cordoba (6L2), rok produkcji: 2002-2009<br \/>\nSeat Ibiza III (6L1), rok produkcji: 2002-2009<br \/>\nSeat Leon I (1M1), rok produkcji: 1999-2006<br \/>\nSeat Leon II (1P1), rok produkcji: 2005-2012<br \/>\nSeat Toledo II, rok produkcji: 1998-2006<br \/>\nSeat Toledo III (5P2), rok produkcji: 2004-2009<br \/>\nSkoda Fabia I (6Y2), rok produkcji: 1999-2008<br \/>\nSkoda Fabia I Combi (6Y5), rok produkcji: 2001-2007<br \/>\nSkoda Fabia Praktik (6Y5), rok produkcji: 2000-2007<br \/>\nSkoda Fabia I sedan (6Y3), rok produkcji: 1999-2007<br \/>\nSkoda Fabia II, rok produkcji: 2006-2014<br \/>\nSkoda Fabia II Combi (545), rok produkcji: 2007-2014<br \/>\nSkoda Fabia III (NJ3), modele produkowane od roku 2014<br \/>\nSkoda Fabia III kombi (NJ5), modele produkowane od roku 2014<br \/>\nSkoda Octavia I (1U2), rok produkcji: 1996-2010<br \/>\nSkoda Octavia I Combi (1U5), rok produkcji: 1998-2010<br \/>\nSkoda Octavia II (1Z3), rok produkcji: 2004-2013<br \/>\nSkoda Octavia II Combi (1Z5), rok produkcji: 2004-2013<br \/>\nSkoda Superb I (3U4), rok produkcji: 2001-2008<br \/>\nVW Golf V (1K1), rok produkcji: 2003-2009<br \/>\nVW Golf V Variant (1K5), rok produkcji: 2007-2009<br \/>\nVW Lupo (6X1, 6E1), rok produkcji: 1998-2005<br \/>\nVW Polo IV (9N_), rok produkcji: 2001-2009<br \/>\nVW Polo sedan (9A4, 9A2, 9N2, 9A6), modele produkowane od roku 2002<\/p>\n<p>Kolor: czarny<br \/>\nZamek \/ kluczyki: nie ma w komplecie<br \/>\nProducent: zamiennik<br \/>\nStan techniczny: przedmiot jest fabrycznie NOWY, nieu\u017cywany, nieuszkodzony i niezniszczony<br \/>\nUwaga! posiada otw\u00f3r na wk\u0142adk\u0119 zamka<\/p>\n","protected":false},"excerpt":{"rendered":"<p>1. Prek\u0117: Priekini\u0173 dureli\u0173 i\u0161orin\u0117 rankena2. Pus\u0117: kair\u01173. Gamintojas: pakeitimas4. Automobilis:     * Audi A2 00-05     * Audi TT 98-06<\/p>\n","protected":false},"featured_media":51658,"comment_status":"open","ping_status":"closed","template":"","meta":[],"product_brand":[],"product_cat":[3934,144,3974,4179,401],"product_tag":[],"class_list":{"0":"post-56788","1":"product","2":"type-product","3":"status-publish","4":"has-post-thumbnail","6":"product_cat-audi-tt-8n","7":"product_cat-audi","8":"product_cat-audi-tt-8n-isores-dalys","9":"product_cat-audi-tt-8n-isores-kitos-dalys","10":"product_cat-audi-tt","12":"first","13":"instock","14":"shipping-taxable","15":"purchasable","16":"product-type-simple"},"yoast_head":"<!-- This site is optimized with the Yoast SEO Premium plugin v25.2 (Yoast SEO v27.5) - https:\/\/yoast.com\/product\/yoast-seo-premium-wordpress\/ -->\n<title>Audi TT 98-06 JUODA i\u0161orin\u0117 dur\u0173 rankena su skyle priekin\u0117 kair\u0117 - Erformance.eu<\/title>\n<meta name=\"robots\" content=\"index, follow, max-snippet:-1, max-image-preview:large, max-video-preview:-1\" \/>\n<link rel=\"canonical\" href=\"https:\/\/erformance.eu\/lv\/produkts\/audi-tt-98-06-juoda-isorine-duru-rankena-su-skyle-priekine-kaire\/\" \/>\n<meta property=\"og:locale\" content=\"lv_LV\" \/>\n<meta property=\"og:type\" content=\"article\" \/>\n<meta property=\"og:title\" content=\"Audi TT 98-06 JUODA i\u0161orin\u0117 dur\u0173 rankena su skyle priekin\u0117 kair\u0117\" \/>\n<meta property=\"og:description\" content=\"1. Prek\u0117: Priekini\u0173 dureli\u0173 i\u0161orin\u0117 rankena2. Pus\u0117: kair\u01173. Gamintojas: pakeitimas4. Automobilis:   * Audi A2 00-05   * Audi TT 98-06\" \/>\n<meta property=\"og:url\" content=\"https:\/\/erformance.eu\/lv\/produkts\/audi-tt-98-06-juoda-isorine-duru-rankena-su-skyle-priekine-kaire\/\" \/>\n<meta property=\"og:site_name\" content=\"Erformance.eu\" \/>\n<meta property=\"article:modified_time\" content=\"2026-03-25T23:57:52+00:00\" \/>\n<meta property=\"og:image\" content=\"https:\/\/erformance.eu\/wp-content\/uploads\/2026\/02\/pol_pm_Audi-TT-98-06-klamka-zewnetrzna-CZARNA-Z-OTWOREM-przednia-lewa-19695_1.jpg\" \/>\n\t<meta property=\"og:image:width\" content=\"1200\" \/>\n\t<meta property=\"og:image:height\" content=\"900\" \/>\n\t<meta property=\"og:image:type\" content=\"image\/jpeg\" \/>\n<meta name=\"twitter:card\" content=\"summary_large_image\" \/>\n<meta name=\"twitter:label1\" content=\"Est. reading time\" \/>\n\t<meta name=\"twitter:data1\" content=\"2 min\u016btes\" \/>\n<script type=\"application\/ld+json\" class=\"yoast-schema-graph\">{\"@context\":\"https:\\\/\\\/schema.org\",\"@graph\":[{\"@type\":\"WebPage\",\"@id\":\"https:\\\/\\\/erformance.eu\\\/lv\\\/produkts\\\/audi-tt-98-06-juoda-isorine-duru-rankena-su-skyle-priekine-kaire\\\/\",\"url\":\"https:\\\/\\\/erformance.eu\\\/lv\\\/produkts\\\/audi-tt-98-06-juoda-isorine-duru-rankena-su-skyle-priekine-kaire\\\/\",\"name\":\"Audi TT 98-06 JUODA i\u0161orin\u0117 dur\u0173 rankena su skyle priekin\u0117 kair\u0117 - Erformance.eu\",\"isPartOf\":{\"@id\":\"https:\\\/\\\/erformance.eu\\\/lv\\\/#website\"},\"primaryImageOfPage\":{\"@id\":\"https:\\\/\\\/erformance.eu\\\/lv\\\/produkts\\\/audi-tt-98-06-juoda-isorine-duru-rankena-su-skyle-priekine-kaire\\\/#primaryimage\"},\"image\":{\"@id\":\"https:\\\/\\\/erformance.eu\\\/lv\\\/produkts\\\/audi-tt-98-06-juoda-isorine-duru-rankena-su-skyle-priekine-kaire\\\/#primaryimage\"},\"thumbnailUrl\":\"https:\\\/\\\/erformance.eu\\\/wp-content\\\/uploads\\\/2026\\\/02\\\/pol_pm_Audi-TT-98-06-klamka-zewnetrzna-CZARNA-Z-OTWOREM-przednia-lewa-19695_1.jpg\",\"datePublished\":\"2026-02-16T11:22:00+00:00\",\"dateModified\":\"2026-03-25T23:57:52+00:00\",\"breadcrumb\":{\"@id\":\"https:\\\/\\\/erformance.eu\\\/lv\\\/produkts\\\/audi-tt-98-06-juoda-isorine-duru-rankena-su-skyle-priekine-kaire\\\/#breadcrumb\"},\"inLanguage\":\"lv-LV\",\"potentialAction\":[{\"@type\":\"ReadAction\",\"target\":[\"https:\\\/\\\/erformance.eu\\\/lv\\\/produkts\\\/audi-tt-98-06-juoda-isorine-duru-rankena-su-skyle-priekine-kaire\\\/\"]}]},{\"@type\":\"ImageObject\",\"inLanguage\":\"lv-LV\",\"@id\":\"https:\\\/\\\/erformance.eu\\\/lv\\\/produkts\\\/audi-tt-98-06-juoda-isorine-duru-rankena-su-skyle-priekine-kaire\\\/#primaryimage\",\"url\":\"https:\\\/\\\/erformance.eu\\\/wp-content\\\/uploads\\\/2026\\\/02\\\/pol_pm_Audi-TT-98-06-klamka-zewnetrzna-CZARNA-Z-OTWOREM-przednia-lewa-19695_1.jpg\",\"contentUrl\":\"https:\\\/\\\/erformance.eu\\\/wp-content\\\/uploads\\\/2026\\\/02\\\/pol_pm_Audi-TT-98-06-klamka-zewnetrzna-CZARNA-Z-OTWOREM-przednia-lewa-19695_1.jpg\",\"width\":1200,\"height\":900},{\"@type\":\"BreadcrumbList\",\"@id\":\"https:\\\/\\\/erformance.eu\\\/lv\\\/produkts\\\/audi-tt-98-06-juoda-isorine-duru-rankena-su-skyle-priekine-kaire\\\/#breadcrumb\",\"itemListElement\":[{\"@type\":\"ListItem\",\"position\":1,\"name\":\"Home\",\"item\":\"https:\\\/\\\/erformance.eu\\\/lv\\\/\"},{\"@type\":\"ListItem\",\"position\":2,\"name\":\"Veikals\",\"item\":\"https:\\\/\\\/erformance.eu\\\/lv\\\/veikals\\\/\"},{\"@type\":\"ListItem\",\"position\":3,\"name\":\"Audi TT 98-06 JUODA i\u0161orin\u0117 dur\u0173 rankena su skyle priekin\u0117 kair\u0117\"}]},{\"@type\":\"WebSite\",\"@id\":\"https:\\\/\\\/erformance.eu\\\/lv\\\/#website\",\"url\":\"https:\\\/\\\/erformance.eu\\\/lv\\\/\",\"name\":\"Erformance.eu\",\"description\":\"Automobili\u0173 dali\u0173 parduotuv\u0117\",\"potentialAction\":[{\"@type\":\"SearchAction\",\"target\":{\"@type\":\"EntryPoint\",\"urlTemplate\":\"https:\\\/\\\/erformance.eu\\\/lv\\\/?s={search_term_string}\"},\"query-input\":{\"@type\":\"PropertyValueSpecification\",\"valueRequired\":true,\"valueName\":\"search_term_string\"}}],\"inLanguage\":\"lv-LV\"}]}<\/script>\n<!-- \/ Yoast SEO Premium plugin. -->","yoast_head_json":{"title":"Audi TT 98-06 JUODA i\u0161orin\u0117 dur\u0173 rankena su skyle priekin\u0117 kair\u0117 - Erformance.eu","robots":{"index":"index","follow":"follow","max-snippet":"max-snippet:-1","max-image-preview":"max-image-preview:large","max-video-preview":"max-video-preview:-1"},"canonical":"https:\/\/erformance.eu\/lv\/produkts\/audi-tt-98-06-juoda-isorine-duru-rankena-su-skyle-priekine-kaire\/","og_locale":"lv_LV","og_type":"article","og_title":"Audi TT 98-06 JUODA i\u0161orin\u0117 dur\u0173 rankena su skyle priekin\u0117 kair\u0117","og_description":"1. Prek\u0117: Priekini\u0173 dureli\u0173 i\u0161orin\u0117 rankena2. Pus\u0117: kair\u01173. Gamintojas: pakeitimas4. Automobilis:   * Audi A2 00-05   * Audi TT 98-06","og_url":"https:\/\/erformance.eu\/lv\/produkts\/audi-tt-98-06-juoda-isorine-duru-rankena-su-skyle-priekine-kaire\/","og_site_name":"Erformance.eu","article_modified_time":"2026-03-25T23:57:52+00:00","og_image":[{"width":1200,"height":900,"url":"https:\/\/erformance.eu\/wp-content\/uploads\/2026\/02\/pol_pm_Audi-TT-98-06-klamka-zewnetrzna-CZARNA-Z-OTWOREM-przednia-lewa-19695_1.jpg","type":"image\/jpeg"}],"twitter_card":"summary_large_image","twitter_misc":{"Est. reading time":"2 min\u016btes"},"schema":{"@context":"https:\/\/schema.org","@graph":[{"@type":"WebPage","@id":"https:\/\/erformance.eu\/lv\/produkts\/audi-tt-98-06-juoda-isorine-duru-rankena-su-skyle-priekine-kaire\/","url":"https:\/\/erformance.eu\/lv\/produkts\/audi-tt-98-06-juoda-isorine-duru-rankena-su-skyle-priekine-kaire\/","name":"Audi TT 98-06 JUODA i\u0161orin\u0117 dur\u0173 rankena su skyle priekin\u0117 kair\u0117 - Erformance.eu","isPartOf":{"@id":"https:\/\/erformance.eu\/lv\/#website"},"primaryImageOfPage":{"@id":"https:\/\/erformance.eu\/lv\/produkts\/audi-tt-98-06-juoda-isorine-duru-rankena-su-skyle-priekine-kaire\/#primaryimage"},"image":{"@id":"https:\/\/erformance.eu\/lv\/produkts\/audi-tt-98-06-juoda-isorine-duru-rankena-su-skyle-priekine-kaire\/#primaryimage"},"thumbnailUrl":"https:\/\/erformance.eu\/wp-content\/uploads\/2026\/02\/pol_pm_Audi-TT-98-06-klamka-zewnetrzna-CZARNA-Z-OTWOREM-przednia-lewa-19695_1.jpg","datePublished":"2026-02-16T11:22:00+00:00","dateModified":"2026-03-25T23:57:52+00:00","breadcrumb":{"@id":"https:\/\/erformance.eu\/lv\/produkts\/audi-tt-98-06-juoda-isorine-duru-rankena-su-skyle-priekine-kaire\/#breadcrumb"},"inLanguage":"lv-LV","potentialAction":[{"@type":"ReadAction","target":["https:\/\/erformance.eu\/lv\/produkts\/audi-tt-98-06-juoda-isorine-duru-rankena-su-skyle-priekine-kaire\/"]}]},{"@type":"ImageObject","inLanguage":"lv-LV","@id":"https:\/\/erformance.eu\/lv\/produkts\/audi-tt-98-06-juoda-isorine-duru-rankena-su-skyle-priekine-kaire\/#primaryimage","url":"https:\/\/erformance.eu\/wp-content\/uploads\/2026\/02\/pol_pm_Audi-TT-98-06-klamka-zewnetrzna-CZARNA-Z-OTWOREM-przednia-lewa-19695_1.jpg","contentUrl":"https:\/\/erformance.eu\/wp-content\/uploads\/2026\/02\/pol_pm_Audi-TT-98-06-klamka-zewnetrzna-CZARNA-Z-OTWOREM-przednia-lewa-19695_1.jpg","width":1200,"height":900},{"@type":"BreadcrumbList","@id":"https:\/\/erformance.eu\/lv\/produkts\/audi-tt-98-06-juoda-isorine-duru-rankena-su-skyle-priekine-kaire\/#breadcrumb","itemListElement":[{"@type":"ListItem","position":1,"name":"Home","item":"https:\/\/erformance.eu\/lv\/"},{"@type":"ListItem","position":2,"name":"Veikals","item":"https:\/\/erformance.eu\/lv\/veikals\/"},{"@type":"ListItem","position":3,"name":"Audi TT 98-06 JUODA i\u0161orin\u0117 dur\u0173 rankena su skyle priekin\u0117 kair\u0117"}]},{"@type":"WebSite","@id":"https:\/\/erformance.eu\/lv\/#website","url":"https:\/\/erformance.eu\/lv\/","name":"Erformance.eu","description":"Automobili\u0173 dali\u0173 parduotuv\u0117","potentialAction":[{"@type":"SearchAction","target":{"@type":"EntryPoint","urlTemplate":"https:\/\/erformance.eu\/lv\/?s={search_term_string}"},"query-input":{"@type":"PropertyValueSpecification","valueRequired":true,"valueName":"search_term_string"}}],"inLanguage":"lv-LV"}]}},"jetpack_sharing_enabled":true,"_links":{"self":[{"href":"https:\/\/erformance.eu\/lv\/wp-json\/wp\/v2\/product\/56788","targetHints":{"allow":["GET"]}}],"collection":[{"href":"https:\/\/erformance.eu\/lv\/wp-json\/wp\/v2\/product"}],"about":[{"href":"https:\/\/erformance.eu\/lv\/wp-json\/wp\/v2\/types\/product"}],"replies":[{"embeddable":true,"href":"https:\/\/erformance.eu\/lv\/wp-json\/wp\/v2\/comments?post=56788"}],"version-history":[{"count":1,"href":"https:\/\/erformance.eu\/lv\/wp-json\/wp\/v2\/product\/56788\/revisions"}],"predecessor-version":[{"id":56789,"href":"https:\/\/erformance.eu\/lv\/wp-json\/wp\/v2\/product\/56788\/revisions\/56789"}],"wp:featuredmedia":[{"embeddable":true,"href":"https:\/\/erformance.eu\/lv\/wp-json\/wp\/v2\/media\/51658"}],"wp:attachment":[{"href":"https:\/\/erformance.eu\/lv\/wp-json\/wp\/v2\/media?parent=56788"}],"wp:term":[{"taxonomy":"product_brand","embeddable":true,"href":"https:\/\/erformance.eu\/lv\/wp-json\/wp\/v2\/product_brand?post=56788"},{"taxonomy":"product_cat","embeddable":true,"href":"https:\/\/erformance.eu\/lv\/wp-json\/wp\/v2\/product_cat?post=56788"},{"taxonomy":"product_tag","embeddable":true,"href":"https:\/\/erformance.eu\/lv\/wp-json\/wp\/v2\/product_tag?post=56788"}],"curies":[{"name":"wp","href":"https:\/\/api.w.org\/{rel}","templated":true}]}}