{"id":56794,"date":"2026-02-16T14:22:02","date_gmt":"2026-02-16T11:22:02","guid":{"rendered":"https:\/\/erformance.eu\/?post_type=product&#038;p=56794"},"modified":"2026-03-12T14:22:47","modified_gmt":"2026-03-12T11:22:47","slug":"audi-a6-c5-kombi-98-04-galinio-valytuvo-svirtis-sluotele","status":"publish","type":"product","link":"https:\/\/erformance.eu\/lv\/produkts\/audi-a6-c5-kombi-98-04-galinio-valytuvo-svirtis-sluotele\/","title":{"rendered":"Audi A6 C5 KOMBI 98-04 galinio valytuvo svirtis + \u0161luotel\u0117"},"content":{"rendered":"<p>Prek\u0117: Galinio valytuvo \u0161luotel\u0117 + svirtis<br \/>\nAutomobilis:<br \/>\nAudi A3 (8L1), gamybos metai: 1996\u20132003<\/p>\n<p>Audi A3 (8L1) 1.6 (AEH AKL APF) 1595ccm 101KM\/74kW 1996\/09-2003\/05<br \/>\nAudi A3 (8L1) 1.6 (AVU BFQ) 1595ccm 102KM\/75kW 2000\/08-2003\/05<br \/>\nAudi A3 (8L1) 1.8 (AGN APG) 1781ccm 125KM\/92kW 1996\/09-2003\/05<br \/>\nAudi A3 (8L1) 1.8 T (AGU AQA ARZ AUM) 1781 cm\u00b3 (150 km\/110 kW) 1996-12-2003<br \/>\nAudi A3 (8L1) 1.8 T (AJQ APP ARY AUQ) 1781ccm 180KM\/132kW 1998\/12-2003\/05<br \/>\nAudi A3 (8L1) 1.8 T quattro (AGU AQA ARX) 1781 cm\u00b3 (150 km\/110 kW) 1996-12-2003<br \/>\nAudi A3 (8L1) 1.8 T quattro (AJQ ARY) 1781 cm\u00b3 (180 km\/132 kW) 1998-10 &#8211; 2003-05<br \/>\nAudi A3 (8L1) 1.9 TDI (AGR ALH) 1896ccm 90KM\/66kW 1996\/09-2001\/07<br \/>\nAudi A3 (8L1) 1.9 TDI (AHF ASV) 1896ccm 110KM\/81kW 1997\/08-2001\/07<br \/>\nAudi A3 (8L1) 1.9 TDI (ASZ) 1896ccm 130KM\/96kW 2000\/08-2003\/05<br \/>\nAudi A3 (8L1) 1.9 TDI (ATD AXR) 1896ccm 100km\/74kW 2000\/10-2003\/05<br \/>\nAudi A3 (8L1) 1.9 TDI quattro (ASZ) 1896ccm 130KM\/96kW 2000\/08-2003\/05<br \/>\nAudi A3 (8L1) S3 quattro (AMK APY AUL) 1781ccm 210KM\/154kW 1999\/03-2002\/04<br \/>\nAudi A3 (8L1) S3 quattro (BAM) 1781ccm 224km\/165kW 2001\/10-2003\/05<\/p>\n<p>Audi A4 Avant (8D5, B5), pagaminimo metai: 1994\u20132001<\/p>\n<p>Audi A4 Avant (8D5, B5) 1.6 (ADP AHL ANA ARM) 1595ccm 100km\/74kW 1994\/11-2001\/09<br \/>\nAudi A4 Avant (8D5, B5) 1.6 (ALZ) 1595ccm 102KM\/75kW 2000\/07-2001\/09<br \/>\nAudi A4 Avant (8D5, B5) 1.8 (ADR APT ARG AVV) 1781ccm 125kM\/92kW 1996\/02-2001\/09<br \/>\nAudi A4 Avant (8D5, B5) 1.8 T (AEB ANB APU ARK AWT) 1781 cm3 (150 km\/110 kW) 1996-03-2001-09<br \/>\nAudi A4 Avant (8D5, B5) 1.8 T (AJL) 1781 cm\u00b3 (180 km\/132 kW) 1997-12-2001<br \/>\nAudi A4 Avant (8D5, B5) 1.8 T quattro (AEB ANB APU ARK ATW AWT) 1781 cm3 (150 km\/110 kW) 1996-01-2001-09<br \/>\nAudi A4 Avant (8D5, B5) 1.8 T quattro (AJL) 1781 cm\u00b3 (180 km\/132 kW) 1997-12-2001<br \/>\nAudi A4 Avant (8D5, B5) 1.8 quattro (ADR APT ARG) 1781 cm3 (125 km\/92 kW) 1996-01-2001-09<br \/>\nAudi A4 Avant (8D5, B5) 1.9 DUO (AHU) 1896ccm 90KM\/66kW 1998\/03-2001\/09<br \/>\nAudi A4 Avant (8D5, B5) 1.9 TDI (1Z AHH AHU) 1896ccm 90KM\/66kW 1996\/02-2001\/09<br \/>\nAudi A4 Avant (8D5, B5) 1.9 TDI (AFF) 1896ccm 75KM\/55kW 1996\/03-2001\/09<br \/>\nAudi A4 Avant (8D5, B5) 1.9 TDI (AFN AVG) 1896ccm 110KM\/81kW 1996\/02-2001\/09<br \/>\nAudi A4 Avant (8D5, B5) 1.9 TDI (AJM ATJ) 1896ccm 115KM\/85kW 2000\/03-2001\/09<br \/>\nAudi A4 Avant (8D5, B5) 1.9 TDI quattro (AFN AVG) 1896ccm 110KM\/81kW 1996\/09-2001\/09<br \/>\nAudi A4 Avant (8D5, B5) 1.9 TDI quattro (ATJ) 1896ccm 115KM\/85kW 2000\/03-2001\/09<br \/>\nAudi A4 Avant (8D5, B5) 2.4 (AGA ALF AML APS ARJ) 2393 cm3 (165 km\/121 kW) 1997\/03\/2001\/09<br \/>\nAudi A4 Avant (8D5, B5) 2.4 (AJG AMM APZ) 2393ccm 163KM\/120kW 1997\/08-2001\/09<br \/>\nAudi A4 Avant (8D5, B5) 2.4 quattro (AGA ALF AML APS ARJ) 2393 cm3 (165 km\/121 kW) 1997-03 &#8211; 2001-09<br \/>\nAudi A4 Avant (8D5, B5) 2.4 quattro (AJG APZ) 2393ccm 163KM\/120kW 1997\/08-2001\/09<br \/>\nAudi A4 Avant (8D5, B5) 2.5 TDI (AFB AKN) 1997-09-2001-09 2496ccm 150km\/110kW<br \/>\nAudi A4 Avant (8D5, B5) 2.5 TDI quattro (AFB AKN) 110 kW (2001.09.15.)<br \/>\nAudi A4 Avant (8D5, B5) 2.6 (ABC) 1996-02-2001-09 150 KM\/110 kW<br \/>\nAudi A4 Avant (8D5, B5) 2.6 quattro (ABC) 2598 cm\u00b3 (150 km\/110 kW) 1996-01-2001-09<br \/>\nAudi A4 Avant (8D5, B5) 2.8 (AAH) 2771ccm 174KM\/128kW 1996\/03-1996\/09<br \/>\nAudi A4 Avant (8D5, B5) 2.8 (ACK AHA ALG APR AQD) 2771ccm 193kM\/142kW 1996\/10-2001\/09<br \/>\nAudi A4 Avant (8D5, B5) 2.8 quattro (AAH) 2771ccm 174KM\/128kW 1996\/01-1996\/09<br \/>\nAudi A4 Avant (8D5, B5) 2.8 quattro (ACK AHA ALG AMX APR AQD ATQ) 2771ccm 193KM\/142kW 1996\/10-2001\/09<br \/>\nAudi A4 Avant (8D5, B5) RS4 quattro (ASJ AZR) 2671ccm 380KM\/280kW 2000\/05-2001\/09<br \/>\nAudi A4 Avant (8D5, B5) S4 quattro (AGB AZB) 2671ccm 265KM\/195kW 1997\/09-2001\/09<\/p>\n<p>Audi A6 Avant (4B5, C5), rok produkcji: 1997-2005<\/p>\n<p>Audi A6 Avant (4B5, C5) 1.8 (AJP AQE ARH) 1781ccm 125KM\/92kW 1997\/12-2005\/01<br \/>\nAudi A6 Avant (4B5, C5) 1.8 T (AEB ANB APU ARK AWT) 1781ccm 150KM\/110kW 1997\/12-2005\/01<br \/>\nAudi A6 Avant (4B5, C5) 1.8 T (AJL) 1781ccm 180KM\/132kW 1999\/04-2005\/01<br \/>\nAudi A6 Avant (4B5, C5) 1.8 T quattro (AEB ANB APU ARK AWT) 1781ccm 150KM\/110kW 1997\/12-2005\/01<br \/>\nAudi A6 Avant (4B5, C5) 1.8 T quattro (AJL) 1781ccm 180KM\/132kW 1997\/12-2005\/01<br \/>\nAudi A6 Avant (4B5, C5) 1.9 TDI (AFN AVG) 1896ccm 110KM\/81kW 1998\/02-2001\/04<br \/>\nAudi A6 Avant (4B5, C5) 1.9 TDI (AJM) 1896ccm 115KM\/85kW 2000\/07-2005\/01<br \/>\nAudi A6 Avant (4B5, C5) 1.9 TDI (AVF AWX) 1896ccm 130KM\/96kW 2001\/08-2005\/01<br \/>\nAudi A6 Avant (4B5, C5) 2.0 (ALT) 1984ccm 130KM\/96kW 2001\/08-2005\/01<br \/>\nAudi A6 Avant (4B5, C5) 2.4 (AGA ALF AML APS ARJ) 2393ccm 165KM\/121kW 1997\/12-2005\/01<br \/>\nAudi A6 Avant (4B5, C5) 2.4 (AJG AMM APZ) 2393ccm 163KM\/120kW 1997\/12-2005\/01<br \/>\nAudi A6 Avant (4B5, C5) 2.4 (ALW ARN ASM) 2393ccm 136KM\/100kW 1998\/07-2005\/01<br \/>\nAudi A6 Avant (4B5, C5) 2.4 (APC) 2393ccm 156KM\/115kW 1997\/12-2005\/01<br \/>\nAudi A6 Avant (4B5, C5) 2.4 (BDV) 2393ccm 170KM\/125kW 2001\/08-2005\/01<br \/>\nAudi A6 Avant (4B5, C5) 2.4 quattro (AGA ALF AML APS ARJ) 2393ccm 165KM\/121kW 1997\/12-2005\/01<br \/>\nAudi A6 Avant (4B5, C5) 2.4 quattro (AJG APZ) 2393ccm 163KM\/120kW 1997\/12-2005\/01<br \/>\nAudi A6 Avant (4B5, C5) 2.4 quattro (APC) 2393ccm 156KM\/115kW 1998\/08-2001\/05<br \/>\nAudi A6 Avant (4B5, C5) 2.4 quattro (BDV) 2393ccm 170KM\/125kW 2001\/08-2005\/01<br \/>\nAudi A6 Avant (4B5, C5) 2.5 TDI (AFB AKN) 2496ccm 150KM\/110kW 1997\/12-2005\/01<br \/>\nAudi A6 Avant (4B5, C5) 2.5 TDI (AKE BAU BDH) 2496ccm 180KM\/132kW 2000\/02-2005\/01<br \/>\nAudi A6 Avant (4B5, C5) 2.5 TDI (AYM) 2496ccm 155KM\/114kW 2001\/08-2005\/01<br \/>\nAudi A6 Avant (4B5, C5) 2.5 TDI (BCZ BDG BFC) 2496ccm 163KM\/120kW 2002\/07-2005\/01<br \/>\nAudi A6 Avant (4B5, C5) 2.5 TDI quattro (AFB AKN) 2496ccm 150KM\/110kW 1997\/12-2005\/01<br \/>\nAudi A6 Avant (4B5, C5) 2.5 TDI quattro (AKE BAU BDH) 2496ccm 180KM\/132kW 2000\/02-2005\/01<br \/>\nAudi A6 Avant (4B5, C5) 2.7 T (AJK) 2671ccm 230KM\/169kW 1999\/02-2005\/01<br \/>\nAudi A6 Avant (4B5, C5) 2.7 T quattro (AJK AZA) 2671ccm 230KM\/169kW 1997\/12-2005\/01<br \/>\nAudi A6 Avant (4B5, C5) 2.7 T quattro (ARE BES) 2671ccm 250KM\/184kW 2001\/08-2005\/01<br \/>\nAudi A6 Avant (4B5, C5) 2.8 (ACK ALG AMX APR AQD) 2771ccm 193KM\/142kW 1997\/12-2005\/01<br \/>\nAudi A6 Avant (4B5, C5) 2.8 (AGE) 2771ccm 180KM\/132kW 1997\/12-2000\/05<br \/>\nAudi A6 Avant (4B5, C5) 2.8 (ATX) 2771ccm 190KM\/140kW 1999\/07-2005\/01<br \/>\nAudi A6 Avant (4B5, C5) 2.8 quattro (ACK ALG AMX APR AQD ATQ) 2771ccm 193KM\/142kW 1997\/12-2005\/01<br \/>\nAudi A6 Avant (4B5, C5) 3.0 (ASN) 2976ccm 220KM\/162kW 2001\/08-2005\/01<br \/>\nAudi A6 Avant (4B5, C5) 3.0 quattro (CB5) 2976 cm\u00b3 (220 km\/162 kW) 2001-08-2005<br \/>\nAudi A6 Avant (4B5, C5) 3.7 (AQG) 3697ccm 260KM\/191kW 1999\/03-2005\/01<br \/>\nAudi A6 Avant (4B5, C5) 3.7 quattro (AQG) 3697ccm 260km\/191kW 1999\/03-2005\/01<br \/>\nAudi A6 Avant (4B5, C5) 4.2 quattro (ARS ASG) 4172ccm 299KM\/220kW 1998\/11-2005\/01<br \/>\nAudi A6 Avant (4B5, C5) RS6 plus quattro (BRV) 4172ccm 480KM\/353kW 2004\/04-2005\/01<br \/>\nAudi A6 Avant (4B5, C5) RS6 quattro (BCY) 4172ccm 450KM\/331kW 2002\/07-2005\/01<br \/>\nAudi A6 Avant (4B5, C5) S6 quattro (ANK AQJ BBD) 4172ccm 340KM\/250kW 1999\/09-2005\/01<\/p>\n<p>Valytuvo \u0161luotel\u0117s ilgis: 345 mm<br \/>\nTvirtinimo tipas: k\u016bgis<br \/>\nGamintojas: pakaitalas<br \/>\nTechnin\u0117 b\u016bkl\u0117: prek\u0117 yra visi\u0161kai nauja, nenaudota, nepa\u017eeista ir nesugadinta<\/p>\n","protected":false},"excerpt":{"rendered":"<p>1. Prek\u0117: Galinio valytuvo \u0161luotel\u0117 + svirtis2. Gamintojas: pakeitimas3. Automobilis:     * Audi A3 8L 96-03     * Audi A4 B5 UNIVERSALAS 94-01     * Audi A6 C5 UNIVERSALAS 98-04<\/p>\n","protected":false},"featured_media":51679,"comment_status":"open","ping_status":"closed","template":"","meta":[],"product_brand":[],"product_cat":[394,144,3917,3956,4356],"product_tag":[],"class_list":{"0":"post-56794","1":"product","2":"type-product","3":"status-publish","4":"has-post-thumbnail","6":"product_cat-audi-a6","7":"product_cat-audi","8":"product_cat-audi-a6-c5","9":"product_cat-audi-a6-c5-isores-dalys","10":"product_cat-audi-a6-c5-mechanizmai-valytuvai","12":"first","13":"instock","14":"shipping-taxable","15":"purchasable","16":"product-type-simple"},"yoast_head":"<!-- This site is optimized with the Yoast SEO Premium plugin v25.2 (Yoast SEO v27.4) - https:\/\/yoast.com\/product\/yoast-seo-premium-wordpress\/ -->\n<title>Audi A6 C5 KOMBI 98-04 galinio valytuvo svirtis + \u0161luotel\u0117 - Erformance.eu<\/title>\n<meta name=\"robots\" content=\"index, follow, max-snippet:-1, max-image-preview:large, max-video-preview:-1\" \/>\n<link rel=\"canonical\" href=\"https:\/\/erformance.eu\/lv\/produkts\/audi-a6-c5-kombi-98-04-galinio-valytuvo-svirtis-sluotele\/\" \/>\n<meta property=\"og:locale\" content=\"lv_LV\" \/>\n<meta property=\"og:type\" content=\"article\" \/>\n<meta property=\"og:title\" content=\"Audi A6 C5 KOMBI 98-04 galinio valytuvo svirtis + \u0161luotel\u0117\" \/>\n<meta property=\"og:description\" content=\"1. Prek\u0117: Galinio valytuvo \u0161luotel\u0117 + svirtis2. Gamintojas: pakeitimas3. Automobilis:   * Audi A3 8L 96-03   * Audi A4 B5 UNIVERSALAS 94-01   * Audi A6 C5 UNIVERSALAS 98-04\" \/>\n<meta property=\"og:url\" content=\"https:\/\/erformance.eu\/lv\/produkts\/audi-a6-c5-kombi-98-04-galinio-valytuvo-svirtis-sluotele\/\" \/>\n<meta property=\"og:site_name\" content=\"Erformance.eu\" \/>\n<meta property=\"article:modified_time\" content=\"2026-03-12T11:22:47+00:00\" \/>\n<meta property=\"og:image\" content=\"https:\/\/erformance.eu\/wp-content\/uploads\/2026\/02\/pol_pm_Audi-A6-C5-KOMBI-98-04-wycieraczka-tylna-ramie-pioro-4161_1.jpg\" \/>\n\t<meta property=\"og:image:width\" content=\"1200\" \/>\n\t<meta property=\"og:image:height\" content=\"900\" \/>\n\t<meta property=\"og:image:type\" content=\"image\/jpeg\" \/>\n<meta name=\"twitter:card\" content=\"summary_large_image\" \/>\n<meta name=\"twitter:label1\" content=\"Est. reading time\" \/>\n\t<meta name=\"twitter:data1\" content=\"5 min\u016btes\" \/>\n<script type=\"application\/ld+json\" class=\"yoast-schema-graph\">{\"@context\":\"https:\\\/\\\/schema.org\",\"@graph\":[{\"@type\":\"WebPage\",\"@id\":\"https:\\\/\\\/erformance.eu\\\/lv\\\/produkts\\\/audi-a6-c5-kombi-98-04-galinio-valytuvo-svirtis-sluotele\\\/\",\"url\":\"https:\\\/\\\/erformance.eu\\\/lv\\\/produkts\\\/audi-a6-c5-kombi-98-04-galinio-valytuvo-svirtis-sluotele\\\/\",\"name\":\"Audi A6 C5 KOMBI 98-04 galinio valytuvo svirtis + \u0161luotel\u0117 - Erformance.eu\",\"isPartOf\":{\"@id\":\"https:\\\/\\\/erformance.eu\\\/lv\\\/#website\"},\"primaryImageOfPage\":{\"@id\":\"https:\\\/\\\/erformance.eu\\\/lv\\\/produkts\\\/audi-a6-c5-kombi-98-04-galinio-valytuvo-svirtis-sluotele\\\/#primaryimage\"},\"image\":{\"@id\":\"https:\\\/\\\/erformance.eu\\\/lv\\\/produkts\\\/audi-a6-c5-kombi-98-04-galinio-valytuvo-svirtis-sluotele\\\/#primaryimage\"},\"thumbnailUrl\":\"https:\\\/\\\/erformance.eu\\\/wp-content\\\/uploads\\\/2026\\\/02\\\/pol_pm_Audi-A6-C5-KOMBI-98-04-wycieraczka-tylna-ramie-pioro-4161_1.jpg\",\"datePublished\":\"2026-02-16T11:22:02+00:00\",\"dateModified\":\"2026-03-12T11:22:47+00:00\",\"breadcrumb\":{\"@id\":\"https:\\\/\\\/erformance.eu\\\/lv\\\/produkts\\\/audi-a6-c5-kombi-98-04-galinio-valytuvo-svirtis-sluotele\\\/#breadcrumb\"},\"inLanguage\":\"lv-LV\",\"potentialAction\":[{\"@type\":\"ReadAction\",\"target\":[\"https:\\\/\\\/erformance.eu\\\/lv\\\/produkts\\\/audi-a6-c5-kombi-98-04-galinio-valytuvo-svirtis-sluotele\\\/\"]}]},{\"@type\":\"ImageObject\",\"inLanguage\":\"lv-LV\",\"@id\":\"https:\\\/\\\/erformance.eu\\\/lv\\\/produkts\\\/audi-a6-c5-kombi-98-04-galinio-valytuvo-svirtis-sluotele\\\/#primaryimage\",\"url\":\"https:\\\/\\\/erformance.eu\\\/wp-content\\\/uploads\\\/2026\\\/02\\\/pol_pm_Audi-A6-C5-KOMBI-98-04-wycieraczka-tylna-ramie-pioro-4161_1.jpg\",\"contentUrl\":\"https:\\\/\\\/erformance.eu\\\/wp-content\\\/uploads\\\/2026\\\/02\\\/pol_pm_Audi-A6-C5-KOMBI-98-04-wycieraczka-tylna-ramie-pioro-4161_1.jpg\",\"width\":1200,\"height\":900},{\"@type\":\"BreadcrumbList\",\"@id\":\"https:\\\/\\\/erformance.eu\\\/lv\\\/produkts\\\/audi-a6-c5-kombi-98-04-galinio-valytuvo-svirtis-sluotele\\\/#breadcrumb\",\"itemListElement\":[{\"@type\":\"ListItem\",\"position\":1,\"name\":\"Home\",\"item\":\"https:\\\/\\\/erformance.eu\\\/lv\\\/\"},{\"@type\":\"ListItem\",\"position\":2,\"name\":\"Veikals\",\"item\":\"https:\\\/\\\/erformance.eu\\\/lv\\\/veikals\\\/\"},{\"@type\":\"ListItem\",\"position\":3,\"name\":\"Audi A6 C5 KOMBI 98-04 galinio valytuvo svirtis + \u0161luotel\u0117\"}]},{\"@type\":\"WebSite\",\"@id\":\"https:\\\/\\\/erformance.eu\\\/lv\\\/#website\",\"url\":\"https:\\\/\\\/erformance.eu\\\/lv\\\/\",\"name\":\"Erformance.eu\",\"description\":\"Automobili\u0173 dali\u0173 parduotuv\u0117\",\"potentialAction\":[{\"@type\":\"SearchAction\",\"target\":{\"@type\":\"EntryPoint\",\"urlTemplate\":\"https:\\\/\\\/erformance.eu\\\/lv\\\/?s={search_term_string}\"},\"query-input\":{\"@type\":\"PropertyValueSpecification\",\"valueRequired\":true,\"valueName\":\"search_term_string\"}}],\"inLanguage\":\"lv-LV\"}]}<\/script>\n<!-- \/ Yoast SEO Premium plugin. -->","yoast_head_json":{"title":"Audi A6 C5 KOMBI 98-04 galinio valytuvo svirtis + \u0161luotel\u0117 - Erformance.eu","robots":{"index":"index","follow":"follow","max-snippet":"max-snippet:-1","max-image-preview":"max-image-preview:large","max-video-preview":"max-video-preview:-1"},"canonical":"https:\/\/erformance.eu\/lv\/produkts\/audi-a6-c5-kombi-98-04-galinio-valytuvo-svirtis-sluotele\/","og_locale":"lv_LV","og_type":"article","og_title":"Audi A6 C5 KOMBI 98-04 galinio valytuvo svirtis + \u0161luotel\u0117","og_description":"1. Prek\u0117: Galinio valytuvo \u0161luotel\u0117 + svirtis2. Gamintojas: pakeitimas3. Automobilis:   * Audi A3 8L 96-03   * Audi A4 B5 UNIVERSALAS 94-01   * Audi A6 C5 UNIVERSALAS 98-04","og_url":"https:\/\/erformance.eu\/lv\/produkts\/audi-a6-c5-kombi-98-04-galinio-valytuvo-svirtis-sluotele\/","og_site_name":"Erformance.eu","article_modified_time":"2026-03-12T11:22:47+00:00","og_image":[{"width":1200,"height":900,"url":"https:\/\/erformance.eu\/wp-content\/uploads\/2026\/02\/pol_pm_Audi-A6-C5-KOMBI-98-04-wycieraczka-tylna-ramie-pioro-4161_1.jpg","type":"image\/jpeg"}],"twitter_card":"summary_large_image","twitter_misc":{"Est. reading time":"5 min\u016btes"},"schema":{"@context":"https:\/\/schema.org","@graph":[{"@type":"WebPage","@id":"https:\/\/erformance.eu\/lv\/produkts\/audi-a6-c5-kombi-98-04-galinio-valytuvo-svirtis-sluotele\/","url":"https:\/\/erformance.eu\/lv\/produkts\/audi-a6-c5-kombi-98-04-galinio-valytuvo-svirtis-sluotele\/","name":"Audi A6 C5 KOMBI 98-04 galinio valytuvo svirtis + \u0161luotel\u0117 - Erformance.eu","isPartOf":{"@id":"https:\/\/erformance.eu\/lv\/#website"},"primaryImageOfPage":{"@id":"https:\/\/erformance.eu\/lv\/produkts\/audi-a6-c5-kombi-98-04-galinio-valytuvo-svirtis-sluotele\/#primaryimage"},"image":{"@id":"https:\/\/erformance.eu\/lv\/produkts\/audi-a6-c5-kombi-98-04-galinio-valytuvo-svirtis-sluotele\/#primaryimage"},"thumbnailUrl":"https:\/\/erformance.eu\/wp-content\/uploads\/2026\/02\/pol_pm_Audi-A6-C5-KOMBI-98-04-wycieraczka-tylna-ramie-pioro-4161_1.jpg","datePublished":"2026-02-16T11:22:02+00:00","dateModified":"2026-03-12T11:22:47+00:00","breadcrumb":{"@id":"https:\/\/erformance.eu\/lv\/produkts\/audi-a6-c5-kombi-98-04-galinio-valytuvo-svirtis-sluotele\/#breadcrumb"},"inLanguage":"lv-LV","potentialAction":[{"@type":"ReadAction","target":["https:\/\/erformance.eu\/lv\/produkts\/audi-a6-c5-kombi-98-04-galinio-valytuvo-svirtis-sluotele\/"]}]},{"@type":"ImageObject","inLanguage":"lv-LV","@id":"https:\/\/erformance.eu\/lv\/produkts\/audi-a6-c5-kombi-98-04-galinio-valytuvo-svirtis-sluotele\/#primaryimage","url":"https:\/\/erformance.eu\/wp-content\/uploads\/2026\/02\/pol_pm_Audi-A6-C5-KOMBI-98-04-wycieraczka-tylna-ramie-pioro-4161_1.jpg","contentUrl":"https:\/\/erformance.eu\/wp-content\/uploads\/2026\/02\/pol_pm_Audi-A6-C5-KOMBI-98-04-wycieraczka-tylna-ramie-pioro-4161_1.jpg","width":1200,"height":900},{"@type":"BreadcrumbList","@id":"https:\/\/erformance.eu\/lv\/produkts\/audi-a6-c5-kombi-98-04-galinio-valytuvo-svirtis-sluotele\/#breadcrumb","itemListElement":[{"@type":"ListItem","position":1,"name":"Home","item":"https:\/\/erformance.eu\/lv\/"},{"@type":"ListItem","position":2,"name":"Veikals","item":"https:\/\/erformance.eu\/lv\/veikals\/"},{"@type":"ListItem","position":3,"name":"Audi A6 C5 KOMBI 98-04 galinio valytuvo svirtis + \u0161luotel\u0117"}]},{"@type":"WebSite","@id":"https:\/\/erformance.eu\/lv\/#website","url":"https:\/\/erformance.eu\/lv\/","name":"Erformance.eu","description":"Automobili\u0173 dali\u0173 parduotuv\u0117","potentialAction":[{"@type":"SearchAction","target":{"@type":"EntryPoint","urlTemplate":"https:\/\/erformance.eu\/lv\/?s={search_term_string}"},"query-input":{"@type":"PropertyValueSpecification","valueRequired":true,"valueName":"search_term_string"}}],"inLanguage":"lv-LV"}]}},"jetpack_sharing_enabled":true,"_links":{"self":[{"href":"https:\/\/erformance.eu\/lv\/wp-json\/wp\/v2\/product\/56794","targetHints":{"allow":["GET"]}}],"collection":[{"href":"https:\/\/erformance.eu\/lv\/wp-json\/wp\/v2\/product"}],"about":[{"href":"https:\/\/erformance.eu\/lv\/wp-json\/wp\/v2\/types\/product"}],"replies":[{"embeddable":true,"href":"https:\/\/erformance.eu\/lv\/wp-json\/wp\/v2\/comments?post=56794"}],"version-history":[{"count":1,"href":"https:\/\/erformance.eu\/lv\/wp-json\/wp\/v2\/product\/56794\/revisions"}],"predecessor-version":[{"id":56795,"href":"https:\/\/erformance.eu\/lv\/wp-json\/wp\/v2\/product\/56794\/revisions\/56795"}],"wp:featuredmedia":[{"embeddable":true,"href":"https:\/\/erformance.eu\/lv\/wp-json\/wp\/v2\/media\/51679"}],"wp:attachment":[{"href":"https:\/\/erformance.eu\/lv\/wp-json\/wp\/v2\/media?parent=56794"}],"wp:term":[{"taxonomy":"product_brand","embeddable":true,"href":"https:\/\/erformance.eu\/lv\/wp-json\/wp\/v2\/product_brand?post=56794"},{"taxonomy":"product_cat","embeddable":true,"href":"https:\/\/erformance.eu\/lv\/wp-json\/wp\/v2\/product_cat?post=56794"},{"taxonomy":"product_tag","embeddable":true,"href":"https:\/\/erformance.eu\/lv\/wp-json\/wp\/v2\/product_tag?post=56794"}],"curies":[{"name":"wp","href":"https:\/\/api.w.org\/{rel}","templated":true}]}}