{"id":56830,"date":"2026-02-16T14:22:25","date_gmt":"2026-02-16T11:22:25","guid":{"rendered":"https:\/\/erformance.eu\/?post_type=product&#038;p=56830"},"modified":"2026-03-26T01:38:52","modified_gmt":"2026-03-25T22:38:52","slug":"audi-q5-fy-s-line-fl-2020-apatines-groteles-priekiniame-bamperyje-viduryje-juodos","status":"publish","type":"product","link":"https:\/\/erformance.eu\/lv\/produkts\/audi-q5-fy-s-line-fl-2020-apatines-groteles-priekiniame-bamperyje-viduryje-juodos\/","title":{"rendered":"Audi Q5 FY S-LINE FL 2020- apatin\u0117s grotel\u0117s priekiniame bamperyje, viduryje, JUODOS"},"content":{"rendered":"<p>Prek\u0117: apatin\u0117s priekinio bamperio grotel\u0117s, vidurin\u0117s<br \/>\nOriginalus numeris:<\/p>\n<p>80D807647G<br \/>\n80D807647 G<br \/>\n80D 807 647G<br \/>\n80D 807 647 G<br \/>\n80D807647H<br \/>\n80D807647 H<br \/>\n80D 807 647H<br \/>\n80D 807 647 H<br \/>\n80A807647G9B9<br \/>\n80A807647 G9B9<br \/>\n80A807647G 9B9<br \/>\n80A 807 647G9B9<br \/>\n80A 807 647 G9B9<br \/>\n80A 807 647G 9B9<br \/>\n80A 807 647 G 9B9<\/p>\n<p>PASTABA: auk\u0161\u010diau pateikti numeriai yra original\u016bs dali\u0173 numeriai, kuriuos \u0161is pasi\u016blymas pakei\u010dia. Prie\u0161 pirkdami, palyginkite juos su originaliu dalies numeriu. Jei jie skiriasi net vienu simboliu, dalis netiks, neveiks arba veiks netinkamai. Tokiu atveju jos nepirkite.<br \/>\nAutomobilis: Audi Q5 (FYB, FYG) FL (facelift)<br \/>\nPagaminimo metai: modeliai, pagaminti nuo 2020 m.<br \/>\n\u012erangos versija: S-LINE<br \/>\nSpalva: juoda<br \/>\nGamintojas: pakaitalas<br \/>\nTechnin\u0117 b\u016bkl\u0117: prek\u0117 yra visi\u0161kai nauja, nenaudota, nepa\u017eeista ir nesugadinta<br \/>\nD\u0117mesio!<\/p>\n<p>tinka TIK S LINE bamperiui<br \/>\nNETINKA modeliams prie\u0161 atnaujinim\u0105<\/p>\n","protected":false},"excerpt":{"rendered":"<p>1. Prek\u0117: Priekinio bamperio apatin\u0117s grotel\u0117s, vidurin\u0117s2. Gamintojas: pakeitimas3. Spalva: juoda4. Automobilis: Audi Q5 FY S-LINE FL5. Pagaminimo metai: 2020-<\/p>\n","protected":false},"featured_media":51816,"comment_status":"open","ping_status":"closed","template":"","meta":[],"product_brand":[],"product_cat":[144,4096,3929,4135,3969,399],"product_tag":[],"class_list":{"0":"post-56830","1":"product","2":"type-product","3":"status-publish","4":"has-post-thumbnail","6":"product_cat-audi","7":"product_cat-audi-q5-fy-bamperiai-ju-dalys","8":"product_cat-audi-q5-fy","9":"product_cat-audi-q5-fy-isores-groteles","10":"product_cat-audi-q5-fy-isores-dalys","11":"product_cat-audi-q5","13":"first","14":"instock","15":"shipping-taxable","16":"purchasable","17":"product-type-simple"},"yoast_head":"<!-- This site is optimized with the Yoast SEO Premium plugin v25.2 (Yoast SEO v27.3) - https:\/\/yoast.com\/product\/yoast-seo-premium-wordpress\/ -->\n<title>Audi Q5 FY S-LINE FL 2020- apatin\u0117s grotel\u0117s priekiniame bamperyje, viduryje, JUODOS - Erformance.eu<\/title>\n<meta name=\"robots\" content=\"index, follow, max-snippet:-1, max-image-preview:large, max-video-preview:-1\" \/>\n<link rel=\"canonical\" href=\"https:\/\/erformance.eu\/lv\/produkts\/audi-q5-fy-s-line-fl-2020-apatines-groteles-priekiniame-bamperyje-viduryje-juodos\/\" \/>\n<meta property=\"og:locale\" content=\"lv_LV\" \/>\n<meta property=\"og:type\" content=\"article\" \/>\n<meta property=\"og:title\" content=\"Audi Q5 FY S-LINE FL 2020- apatin\u0117s grotel\u0117s priekiniame bamperyje, viduryje, JUODOS\" \/>\n<meta property=\"og:description\" content=\"1. Prek\u0117: Priekinio bamperio apatin\u0117s grotel\u0117s, vidurin\u0117s2. Gamintojas: pakeitimas3. Spalva: juoda4. Automobilis: Audi Q5 FY S-LINE FL5. Pagaminimo metai: 2020-\" \/>\n<meta property=\"og:url\" content=\"https:\/\/erformance.eu\/lv\/produkts\/audi-q5-fy-s-line-fl-2020-apatines-groteles-priekiniame-bamperyje-viduryje-juodos\/\" \/>\n<meta property=\"og:site_name\" content=\"Erformance.eu\" \/>\n<meta property=\"article:modified_time\" content=\"2026-03-25T22:38:52+00:00\" \/>\n<meta property=\"og:image\" content=\"https:\/\/erformance.eu\/wp-content\/uploads\/2026\/02\/pol_pm_Audi-Q5-FY-S-LINE-FL-2020-atrapa-kratka-dolna-w-zderzak-przedni-srodkowa-CZARNA-35175_1.jpg\" \/>\n\t<meta property=\"og:image:width\" content=\"1200\" \/>\n\t<meta property=\"og:image:height\" content=\"1200\" \/>\n\t<meta property=\"og:image:type\" content=\"image\/jpeg\" \/>\n<meta name=\"twitter:card\" content=\"summary_large_image\" \/>\n<meta name=\"twitter:label1\" content=\"Est. reading time\" \/>\n\t<meta name=\"twitter:data1\" content=\"1 min\u016b\u0161u\" \/>\n<script type=\"application\/ld+json\" class=\"yoast-schema-graph\">{\"@context\":\"https:\\\/\\\/schema.org\",\"@graph\":[{\"@type\":\"WebPage\",\"@id\":\"https:\\\/\\\/erformance.eu\\\/lv\\\/produkts\\\/audi-q5-fy-s-line-fl-2020-apatines-groteles-priekiniame-bamperyje-viduryje-juodos\\\/\",\"url\":\"https:\\\/\\\/erformance.eu\\\/lv\\\/produkts\\\/audi-q5-fy-s-line-fl-2020-apatines-groteles-priekiniame-bamperyje-viduryje-juodos\\\/\",\"name\":\"Audi Q5 FY S-LINE FL 2020- apatin\u0117s grotel\u0117s priekiniame bamperyje, viduryje, JUODOS - Erformance.eu\",\"isPartOf\":{\"@id\":\"https:\\\/\\\/erformance.eu\\\/lv\\\/#website\"},\"primaryImageOfPage\":{\"@id\":\"https:\\\/\\\/erformance.eu\\\/lv\\\/produkts\\\/audi-q5-fy-s-line-fl-2020-apatines-groteles-priekiniame-bamperyje-viduryje-juodos\\\/#primaryimage\"},\"image\":{\"@id\":\"https:\\\/\\\/erformance.eu\\\/lv\\\/produkts\\\/audi-q5-fy-s-line-fl-2020-apatines-groteles-priekiniame-bamperyje-viduryje-juodos\\\/#primaryimage\"},\"thumbnailUrl\":\"https:\\\/\\\/erformance.eu\\\/wp-content\\\/uploads\\\/2026\\\/02\\\/pol_pm_Audi-Q5-FY-S-LINE-FL-2020-atrapa-kratka-dolna-w-zderzak-przedni-srodkowa-CZARNA-35175_1.jpg\",\"datePublished\":\"2026-02-16T11:22:25+00:00\",\"dateModified\":\"2026-03-25T22:38:52+00:00\",\"breadcrumb\":{\"@id\":\"https:\\\/\\\/erformance.eu\\\/lv\\\/produkts\\\/audi-q5-fy-s-line-fl-2020-apatines-groteles-priekiniame-bamperyje-viduryje-juodos\\\/#breadcrumb\"},\"inLanguage\":\"lv-LV\",\"potentialAction\":[{\"@type\":\"ReadAction\",\"target\":[\"https:\\\/\\\/erformance.eu\\\/lv\\\/produkts\\\/audi-q5-fy-s-line-fl-2020-apatines-groteles-priekiniame-bamperyje-viduryje-juodos\\\/\"]}]},{\"@type\":\"ImageObject\",\"inLanguage\":\"lv-LV\",\"@id\":\"https:\\\/\\\/erformance.eu\\\/lv\\\/produkts\\\/audi-q5-fy-s-line-fl-2020-apatines-groteles-priekiniame-bamperyje-viduryje-juodos\\\/#primaryimage\",\"url\":\"https:\\\/\\\/erformance.eu\\\/wp-content\\\/uploads\\\/2026\\\/02\\\/pol_pm_Audi-Q5-FY-S-LINE-FL-2020-atrapa-kratka-dolna-w-zderzak-przedni-srodkowa-CZARNA-35175_1.jpg\",\"contentUrl\":\"https:\\\/\\\/erformance.eu\\\/wp-content\\\/uploads\\\/2026\\\/02\\\/pol_pm_Audi-Q5-FY-S-LINE-FL-2020-atrapa-kratka-dolna-w-zderzak-przedni-srodkowa-CZARNA-35175_1.jpg\",\"width\":1200,\"height\":1200},{\"@type\":\"BreadcrumbList\",\"@id\":\"https:\\\/\\\/erformance.eu\\\/lv\\\/produkts\\\/audi-q5-fy-s-line-fl-2020-apatines-groteles-priekiniame-bamperyje-viduryje-juodos\\\/#breadcrumb\",\"itemListElement\":[{\"@type\":\"ListItem\",\"position\":1,\"name\":\"Home\",\"item\":\"https:\\\/\\\/erformance.eu\\\/lv\\\/\"},{\"@type\":\"ListItem\",\"position\":2,\"name\":\"Veikals\",\"item\":\"https:\\\/\\\/erformance.eu\\\/lv\\\/veikals\\\/\"},{\"@type\":\"ListItem\",\"position\":3,\"name\":\"Audi Q5 FY S-LINE FL 2020- apatin\u0117s grotel\u0117s priekiniame bamperyje, viduryje, JUODOS\"}]},{\"@type\":\"WebSite\",\"@id\":\"https:\\\/\\\/erformance.eu\\\/lv\\\/#website\",\"url\":\"https:\\\/\\\/erformance.eu\\\/lv\\\/\",\"name\":\"Erformance.eu\",\"description\":\"Automobili\u0173 dali\u0173 parduotuv\u0117\",\"potentialAction\":[{\"@type\":\"SearchAction\",\"target\":{\"@type\":\"EntryPoint\",\"urlTemplate\":\"https:\\\/\\\/erformance.eu\\\/lv\\\/?s={search_term_string}\"},\"query-input\":{\"@type\":\"PropertyValueSpecification\",\"valueRequired\":true,\"valueName\":\"search_term_string\"}}],\"inLanguage\":\"lv-LV\"}]}<\/script>\n<!-- \/ Yoast SEO Premium plugin. -->","yoast_head_json":{"title":"Audi Q5 FY S-LINE FL 2020- apatin\u0117s grotel\u0117s priekiniame bamperyje, viduryje, JUODOS - Erformance.eu","robots":{"index":"index","follow":"follow","max-snippet":"max-snippet:-1","max-image-preview":"max-image-preview:large","max-video-preview":"max-video-preview:-1"},"canonical":"https:\/\/erformance.eu\/lv\/produkts\/audi-q5-fy-s-line-fl-2020-apatines-groteles-priekiniame-bamperyje-viduryje-juodos\/","og_locale":"lv_LV","og_type":"article","og_title":"Audi Q5 FY S-LINE FL 2020- apatin\u0117s grotel\u0117s priekiniame bamperyje, viduryje, JUODOS","og_description":"1. Prek\u0117: Priekinio bamperio apatin\u0117s grotel\u0117s, vidurin\u0117s2. Gamintojas: pakeitimas3. Spalva: juoda4. Automobilis: Audi Q5 FY S-LINE FL5. Pagaminimo metai: 2020-","og_url":"https:\/\/erformance.eu\/lv\/produkts\/audi-q5-fy-s-line-fl-2020-apatines-groteles-priekiniame-bamperyje-viduryje-juodos\/","og_site_name":"Erformance.eu","article_modified_time":"2026-03-25T22:38:52+00:00","og_image":[{"width":1200,"height":1200,"url":"https:\/\/erformance.eu\/wp-content\/uploads\/2026\/02\/pol_pm_Audi-Q5-FY-S-LINE-FL-2020-atrapa-kratka-dolna-w-zderzak-przedni-srodkowa-CZARNA-35175_1.jpg","type":"image\/jpeg"}],"twitter_card":"summary_large_image","twitter_misc":{"Est. reading time":"1 min\u016b\u0161u"},"schema":{"@context":"https:\/\/schema.org","@graph":[{"@type":"WebPage","@id":"https:\/\/erformance.eu\/lv\/produkts\/audi-q5-fy-s-line-fl-2020-apatines-groteles-priekiniame-bamperyje-viduryje-juodos\/","url":"https:\/\/erformance.eu\/lv\/produkts\/audi-q5-fy-s-line-fl-2020-apatines-groteles-priekiniame-bamperyje-viduryje-juodos\/","name":"Audi Q5 FY S-LINE FL 2020- apatin\u0117s grotel\u0117s priekiniame bamperyje, viduryje, JUODOS - Erformance.eu","isPartOf":{"@id":"https:\/\/erformance.eu\/lv\/#website"},"primaryImageOfPage":{"@id":"https:\/\/erformance.eu\/lv\/produkts\/audi-q5-fy-s-line-fl-2020-apatines-groteles-priekiniame-bamperyje-viduryje-juodos\/#primaryimage"},"image":{"@id":"https:\/\/erformance.eu\/lv\/produkts\/audi-q5-fy-s-line-fl-2020-apatines-groteles-priekiniame-bamperyje-viduryje-juodos\/#primaryimage"},"thumbnailUrl":"https:\/\/erformance.eu\/wp-content\/uploads\/2026\/02\/pol_pm_Audi-Q5-FY-S-LINE-FL-2020-atrapa-kratka-dolna-w-zderzak-przedni-srodkowa-CZARNA-35175_1.jpg","datePublished":"2026-02-16T11:22:25+00:00","dateModified":"2026-03-25T22:38:52+00:00","breadcrumb":{"@id":"https:\/\/erformance.eu\/lv\/produkts\/audi-q5-fy-s-line-fl-2020-apatines-groteles-priekiniame-bamperyje-viduryje-juodos\/#breadcrumb"},"inLanguage":"lv-LV","potentialAction":[{"@type":"ReadAction","target":["https:\/\/erformance.eu\/lv\/produkts\/audi-q5-fy-s-line-fl-2020-apatines-groteles-priekiniame-bamperyje-viduryje-juodos\/"]}]},{"@type":"ImageObject","inLanguage":"lv-LV","@id":"https:\/\/erformance.eu\/lv\/produkts\/audi-q5-fy-s-line-fl-2020-apatines-groteles-priekiniame-bamperyje-viduryje-juodos\/#primaryimage","url":"https:\/\/erformance.eu\/wp-content\/uploads\/2026\/02\/pol_pm_Audi-Q5-FY-S-LINE-FL-2020-atrapa-kratka-dolna-w-zderzak-przedni-srodkowa-CZARNA-35175_1.jpg","contentUrl":"https:\/\/erformance.eu\/wp-content\/uploads\/2026\/02\/pol_pm_Audi-Q5-FY-S-LINE-FL-2020-atrapa-kratka-dolna-w-zderzak-przedni-srodkowa-CZARNA-35175_1.jpg","width":1200,"height":1200},{"@type":"BreadcrumbList","@id":"https:\/\/erformance.eu\/lv\/produkts\/audi-q5-fy-s-line-fl-2020-apatines-groteles-priekiniame-bamperyje-viduryje-juodos\/#breadcrumb","itemListElement":[{"@type":"ListItem","position":1,"name":"Home","item":"https:\/\/erformance.eu\/lv\/"},{"@type":"ListItem","position":2,"name":"Veikals","item":"https:\/\/erformance.eu\/lv\/veikals\/"},{"@type":"ListItem","position":3,"name":"Audi Q5 FY S-LINE FL 2020- apatin\u0117s grotel\u0117s priekiniame bamperyje, viduryje, JUODOS"}]},{"@type":"WebSite","@id":"https:\/\/erformance.eu\/lv\/#website","url":"https:\/\/erformance.eu\/lv\/","name":"Erformance.eu","description":"Automobili\u0173 dali\u0173 parduotuv\u0117","potentialAction":[{"@type":"SearchAction","target":{"@type":"EntryPoint","urlTemplate":"https:\/\/erformance.eu\/lv\/?s={search_term_string}"},"query-input":{"@type":"PropertyValueSpecification","valueRequired":true,"valueName":"search_term_string"}}],"inLanguage":"lv-LV"}]}},"jetpack_sharing_enabled":true,"_links":{"self":[{"href":"https:\/\/erformance.eu\/lv\/wp-json\/wp\/v2\/product\/56830","targetHints":{"allow":["GET"]}}],"collection":[{"href":"https:\/\/erformance.eu\/lv\/wp-json\/wp\/v2\/product"}],"about":[{"href":"https:\/\/erformance.eu\/lv\/wp-json\/wp\/v2\/types\/product"}],"replies":[{"embeddable":true,"href":"https:\/\/erformance.eu\/lv\/wp-json\/wp\/v2\/comments?post=56830"}],"version-history":[{"count":1,"href":"https:\/\/erformance.eu\/lv\/wp-json\/wp\/v2\/product\/56830\/revisions"}],"predecessor-version":[{"id":56831,"href":"https:\/\/erformance.eu\/lv\/wp-json\/wp\/v2\/product\/56830\/revisions\/56831"}],"wp:featuredmedia":[{"embeddable":true,"href":"https:\/\/erformance.eu\/lv\/wp-json\/wp\/v2\/media\/51816"}],"wp:attachment":[{"href":"https:\/\/erformance.eu\/lv\/wp-json\/wp\/v2\/media?parent=56830"}],"wp:term":[{"taxonomy":"product_brand","embeddable":true,"href":"https:\/\/erformance.eu\/lv\/wp-json\/wp\/v2\/product_brand?post=56830"},{"taxonomy":"product_cat","embeddable":true,"href":"https:\/\/erformance.eu\/lv\/wp-json\/wp\/v2\/product_cat?post=56830"},{"taxonomy":"product_tag","embeddable":true,"href":"https:\/\/erformance.eu\/lv\/wp-json\/wp\/v2\/product_tag?post=56830"}],"curies":[{"name":"wp","href":"https:\/\/api.w.org\/{rel}","templated":true}]}}